{"id":11288,"date":"2024-04-16T15:31:07","date_gmt":"2024-04-16T14:31:07","guid":{"rendered":"https:\/\/canaryvip.com\/?post_type=product&#038;p=11288"},"modified":"2026-04-09T12:33:18","modified_gmt":"2026-04-09T11:33:18","slug":"helicopter-tour-tenerife","status":"publish","type":"product","link":"https:\/\/canaryvip.com\/fi\/shop\/helicopter-tour-tenerife\/","title":{"rendered":"Helikopterikierros Teneriffalla"},"content":{"rendered":"<h2><strong>Helikopterikierrokset Teneriffalla - kohoa maisemien yl\u00e4puolelle<\/strong><\/h2>\n<p>L\u00e4hde upealle lentomatkalle meid\u00e4n lentomatkallamme <strong>Helikopterikierros Teneriffalla<\/strong>. Lenn\u00e4t sitten yksin, perheen kanssa tai teet muistoja yst\u00e4vien kanssa, n\u00e4m\u00e4 matkat tarjoavat ainutlaatuisen n\u00e4kym\u00e4n saaren maisemiin taivaalta k\u00e4sin. Nopeista maisemamatkoista laajoihin tutkimusretkiin jokainen lento on seikkailu, jota ei kannata j\u00e4tt\u00e4\u00e4 v\u00e4liin.<\/p>\n<h3><strong>\ud83d\ude80 Aloita lentoseikkailusi Teneriffalla<\/strong><\/h3>\n<ul>\n<li><strong>Aloita:<\/strong> Kokouspaikkamme sijaitsee k\u00e4tev\u00e4sti Adejessa, jonne on helppo tulla kaikille vieraillemme. Saapuessasi k\u00e4yd\u00e4\u00e4n l\u00e4pi lyhyt mutta perusteellinen perehdytys, jotta olet valmis lentoa varten. Muistathan ottaa mukaan voimassa olevan henkil\u00f6llisyystodistuksen.<\/li>\n<li><strong>Kiertuevaihtoehdot:<\/strong> CanaryVIP tarjoaa erilaisia helikopterikierroksia, jotka alkavat vain 98 eurosta henkil\u00f6\u00e4 kohti. Jokainen lento on suunniteltu tarjoamaan unohtumaton ilmakuva Teneriffasta ilman piilokustannuksia.<\/li>\n<li><strong>Mieleenpainuvat lis\u00e4osat:<\/strong> Paranna kokemustasi valitsemalla valokuvauspaketti, jonka hinta on alkaen 35 euroa, ja ikuista kohtaamasi upeat maisemat. Tarjoamme my\u00f6s mielell\u00e4mme lis\u00e4mukavuustoimenpiteit\u00e4 plus-kokoisille vieraillemme.<\/li>\n<\/ul>\n<h3><strong>Tutustu Teneriffan upeisiin maisemiin ylh\u00e4\u00e4lt\u00e4 k\u00e4sin<\/strong><\/h3>\n<ul>\n<li><strong>Valitse n\u00e4kym\u00e4si:<\/strong> Helikopterikierrosten valikoimaan kuuluu kaikkea 20 kilometrin pituisesta rannikkolennosta aina 120 kilometrin pituiseen seikkailuun majesteettisen luonnonpuiston ymp\u00e4rill\u00e4. <a href=\"https:\/\/www.google.com\/maps\/place\/Acantilados+de+Los+Gigantes,+Santa+Cruz+de+Tenerife\/@28.244027,-16.8456497,15z\/data=!3m1!4b1!4m6!3m5!1s0xc6a8c153fdc6811:0xa0340f674cf6610!8m2!3d28.2408828!4d-16.8377834!16s%2Fm%2F026dqlb?entry=ttu\" target=\"_blank\" rel=\"noopener\">Los Gigantes<\/a> ja <a href=\"https:\/\/canaryvip.com\/fi\/discover-the-teide-the-ultimate-guide-iconic-volcano\/\">El Teide.<\/a> L\u00f6yd\u00e4 t\u00e4ydellinen kierros kiinnostuksesi ja aikataulusi mukaan.<\/li>\n<li><strong>L\u00e4ht\u00f6tiedot:<\/strong> Kaikki retket l\u00e4htev\u00e4t aamulla (klo 10.00-11.00) optimaalisten valo-olosuhteiden hy\u00f6dynt\u00e4miseksi, jolloin n\u00e4kyvyys Teneriffan vaihtelevassa maastossa on paras mahdollinen.<\/li>\n<li><strong>Yksityinen ja r\u00e4\u00e4t\u00e4l\u00f6ity:<\/strong> Etsitk\u00f6 henkil\u00f6kohtaisempaa kokemusta? Tarjoamme yksityisi\u00e4 kierroksia, jotka voidaan r\u00e4\u00e4t\u00e4l\u00f6id\u00e4 vastaamaan juuri sinun toiveitasi ja tarpeitasi.<\/li>\n<\/ul>\n<h3><strong>\ud83c\udf1f Mit\u00e4 odottaa helikopterikierroksella?<\/strong><\/h3>\n<ul>\n<li><strong>Turvallisuus etusijalla:<\/strong> Turvallisuutesi on meille t\u00e4rkeint\u00e4. Noudatamme tiukkoja turvallisuusk\u00e4yt\u00e4nt\u00f6j\u00e4, kuten kattavia lentoa edelt\u00e4vi\u00e4 tiedotustilaisuuksia ja huolellisia varusteiden tarkastuksia, jotta voimme taata turvallisen ja nautinnollisen kokemuksen.<\/li>\n<li><strong>Ei kielimuuria:<\/strong> Lenn\u00e4 luottavaisin mielin, sill\u00e4 ammattitaitoiset lent\u00e4j\u00e4mme selostavat lentoa sek\u00e4 englanniksi ett\u00e4 espanjaksi, mik\u00e4 tekee matkastasi sek\u00e4 informatiivisen ett\u00e4 mukaansatempaavan.<\/li>\n<li><strong>Kokeneet lent\u00e4j\u00e4t:<\/strong> Lent\u00e4j\u00e4mme eiv\u00e4t ole ainoastaan korkeimpien standardien mukaisesti koulutettuja, vaan heill\u00e4 on my\u00f6s laaja paikallistuntemus, joka rikastuttaa lentokokemustasi.<\/li>\n<\/ul>\n<h3>\ud83d\udcc5 <strong>Varaa Teneriffan helikopterikierros nyt<\/strong><\/h3>\n<p>\u00c4l\u00e4 missaa t\u00e4t\u00e4 ainutlaatuista tilaisuutta n\u00e4hd\u00e4 Teneriffa taivaan parhailta paikoilta. Osoitteessa <strong>CanaryVIP<\/strong>, sinulle taataan henke\u00e4salpaavat n\u00e4kym\u00e4t ja unohtumaton kokemus. Varaa paikkasi yhdelle eksklusiivisista helikopterikierroksistamme jo t\u00e4n\u00e4\u00e4n ja n\u00e4e saari sellaisena kuin et ole koskaan ennen n\u00e4hnyt sit\u00e4.<\/p>\n<h3>\u2705 <strong>Mit\u00e4 helikopterikierrokseen sis\u00e4ltyy?<\/strong><\/h3>\n<ul>\n<li>Tarjolla on julkisia ja yksityisi\u00e4 kierroksia, jotka r\u00e4\u00e4t\u00e4l\u00f6id\u00e4\u00e4n mieltymystesi mukaan.<\/li>\n<li>Monipuoliset matkan pituudet, jotka on suunniteltu eri makuun ja eri aikoina k\u00e4ytett\u00e4viss\u00e4 oleviin varusteisiin.<\/li>\n<li>Kaikki tarvittavat turvavarusteet, jotka takaavat mukavan ja turvallisen lennon.<\/li>\n<\/ul>\n<h3><strong>\u2696\ufe0f Varaus ja joustavat peruutusehdot<\/strong><\/h3>\n<ul>\n<li style=\"text-align: left;\"><strong>Suunnittele matkasi:<\/strong> Varaa paikkasi etuk\u00e4teen varmistaaksesi paikkasi.<\/li>\n<li><strong>Joustavat peruutukset:<\/strong> El\u00e4m\u00e4 on arvaamatonta - ymm\u00e4rr\u00e4mme sen. Siksi voit peruuttaa varauksesi enint\u00e4\u00e4n 7 p\u00e4iv\u00e4\u00e4 etuk\u00e4teen ja saada t\u00e4yden hyvityksen.<\/li>\n<li><strong>Saavutettavuus ja mukavuus:<\/strong> Kierroksemme on suunniteltu siten, ett\u00e4 ne ovat monenlaisten vieraiden ulottuvilla. Kysy varausta tehdess\u00e4si mahdollisista erityistarpeista tai painorajoituksista.<\/li>\n<\/ul>\n<h3>\u2753 <strong>Usein kysyttyj\u00e4 kysymyksi\u00e4 helikopterikierroksistamme<\/strong><\/h3>\n<ul>\n<li><strong>Mit\u00e4 helikopterikierrokseen sis\u00e4ltyy?<\/strong> Jokainen lentopaketti sis\u00e4lt\u00e4\u00e4 helikopterikierroksen, lent\u00e4j\u00e4n selostuksen (saatavilla englanniksi ja espanjaksi) ja kaikki tarvittavat turvavarusteet. Valinnaisia valokuva- ja videopaketteja on saatavilla kokemuksenne tallentamiseksi.<\/li>\n<li><strong>Mit\u00e4 minun pit\u00e4isi ottaa mukaan helikopterikierrokselle?<\/strong> Suosittelemme k\u00e4ytt\u00e4m\u00e4\u00e4n mukavia, lentop\u00e4iv\u00e4n s\u00e4\u00e4h\u00e4n sopivia vaatteita, suljettuja kenki\u00e4 ja aurinkolaseja. \u00c4l\u00e4 unohda kameraa tai \u00e4lypuhelinta, jotta voit ottaa kuvia upeista n\u00e4kymist\u00e4!<\/li>\n<li><strong>Onko ik\u00e4- tai painorajoituksia?<\/strong> Helikopterikierroksemme sopivat kaikenik\u00e4isille. Turvallisuussyist\u00e4 painoraja on 110 kiloa matkustajaa kohti. Jos matkustaja ylitt\u00e4\u00e4 t\u00e4m\u00e4n painon, h\u00e4n voi joutua varaamaan lis\u00e4paikan.<\/li>\n<li><strong>Voinko pyyt\u00e4\u00e4 tietty\u00e4 reitti\u00e4 tai muokata retke\u00e4?<\/strong> Kyll\u00e4, tarjoamme r\u00e4\u00e4t\u00e4l\u00f6ityj\u00e4 matkoja, joilla voit valita haluamasi n\u00e4ht\u00e4vyydet. Ota meihin yhteytt\u00e4, niin keskustelemme mieltymyksist\u00e4si, ja teemme parhaamme, jotta voimme vastata toiveisiisi.<\/li>\n<li><strong>Mit\u00e4 tapahtuu, jos s\u00e4\u00e4 on huono retkip\u00e4iv\u00e4n\u00e4?<\/strong> Turvallisuus on etusijalla. Jos s\u00e4\u00e4olosuhteet ovat huonot, retki\u00e4 voidaan siirt\u00e4\u00e4 tai ne voidaan peruuttaa. Jos peruutamme retken, saat t\u00e4yden hyvityksen tai voit varata retken toiselle p\u00e4iv\u00e4lle.<\/li>\n<li><strong>Kuinka turvallisia helikopterikierrokset ovat?<\/strong> Turvallisuus on ensiarvoisen t\u00e4rke\u00e4\u00e4 <strong>CanaryVIP.<\/strong> Lent\u00e4j\u00e4t ovat korkeasti koulutettuja, ja helikoptereita huolletaan tiukkojen viranomaisstandardien mukaisesti. Ennen jokaista lentoa pid\u00e4mme kattavan turvallisuuskoulutuksen.<\/li>\n<\/ul>\n<h4><strong>\ud83c\udf1e Oletko valmis nousemaan?<\/strong><\/h4>\n<p>Koe \u00e4\u00e4rimm\u00e4inen seikkailu <strong>CanaryVIP:n<\/strong> helikopterikierrokset. Meill\u00e4 on t\u00e4ydellinen lento odottamassa sinua, halusitpa sitten kuvata rannikoita, tutkia vuoriston\u00e4kymi\u00e4 tai etsi\u00e4 ainutlaatuista tapaa juhlistaa erityist\u00e4 tilaisuutta.<\/p>\n<p>Varaa matkasi jo t\u00e4n\u00e4\u00e4n ja nouse taivaalle nauttimaan unohtumattomasta kokemuksesta Teneriffalla.<\/p>","protected":false},"excerpt":{"rendered":"<p>\ud83d\udd0d <strong>Helikopterikierros Teneriffalla:<br \/>\n<\/strong>\u2705 Turvallinen maksu.<br \/>\n\ud83d\udc65 Enint\u00e4\u00e4n 4 vierasta per lento.<br \/>\n\ud83d\ude80 8-50 min lennot.<br \/>\n\ud83c\udfde\ufe0f Fly Over Beaches &amp; Volcanoes.<br \/>\n\ud83d\udd59 L\u00e4hd\u00f6t klo 10-11.<br \/>\n\ud83d\udcc5 Lentoja saatavilla p\u00e4ivitt\u00e4in.<br \/>\n\ud83e\udd47 Yksityislentovaihtoehdot.<br \/>\n\ud83e\udd11 Kilpailukykyinen hinnoittelu.<br \/>\n\ud83d\udc6a Sopii perheille ja ryhmille.<br \/>\n\ud83d\udd01 7 p\u00e4iv\u00e4n peruutusehdot.<br \/>\n\ud83c\udf0d Englanninkielinen ja espanjankielinen opas.<br \/>\n\ud83c\udf1f Varaa ajoissa ja s\u00e4\u00e4st\u00e4!<br \/>\n\ud83d\udccd Lift Off from <a href=\"https:\/\/maps.app.goo.gl\/JeZ8mY9P1jTF557e8\">Adeje<\/a>.<\/p>","protected":false},"featured_media":11296,"comment_status":"open","ping_status":"closed","template":"","meta":{"_acf_changed":false},"product_brand":[],"product_cat":[82],"product_tag":[],"class_list":{"0":"post-11288","1":"product","2":"type-product","3":"status-publish","4":"has-post-thumbnail","6":"product_cat-fun-activities","7":"wcpa_has_options","9":"first","10":"instock","11":"virtual","12":"purchasable","13":"product-type-simple"},"acf":[],"wcpa_form_fields":{"wcpaData":{"product":{"product_price":110,"price_html":"From&nbsp;<span class=\"woocommerce-Price-amount amount\"><bdi>110,00&nbsp;<span class=\"woocommerce-Price-currencySymbol\">&euro;<\/span><\/bdi><\/span>","original_product_price":110,"price_including_tax":110,"price_excluding_tax":110,"product_id":{"parent":11288,"variation":false},"is_variable":false,"stock_status":"instock","stock_quantity":null,"parent_sku":"CV11288","product_attributes":[],"custom_fields":[],"is_taxable":false,"product_name":"Helicopter Tour Tenerife","hasImage":false},"fields":{"sec_06627d7baa7f97":{"extra":{"key":"sec_06627d7baa7f97","section_id":"sec_06627d7baa7f97","name":"Default","status":1,"cl_rule":"show","enableCl":false,"relations":[],"toggle":true,"title_tag":"h3","show_title":false,"showPrice":"default","form_id":11343,"form_rules":{"exclude_from_discount":true,"fee_label":"Fee","disp_hide_options_price":true,"disp_show_section_price":false,"disp_show_field_price":true,"layout_option":"standard","pric_use_as_fee":false,"process_fee_as":"woo_fee"},"layout_option":"standard"},"fields":[[{"label":"\ud83d\udcc5 Date","active":true,"required":true,"elementId":"date_76627d7baa7fb8","picker_type":"custom","picker_mode":"single","placeholder":"","description":"","tooltip":"","name":"date_76627d7baa7fb8","label_position":"default","desc_position":"default","enablePrice":false,"className":"","enableCl":false,"relations":[{"operator":"and","rules":[{"operator":"AND","rules":{"cl_field":"radio-group_106627d7baa7fc7","cl_relation":"is","cl_val":"3 Hour Trip"}}]}],"date_pic_inline":true,"date_pic_inline_hide":true,"min_date":{"type":"days","val":"1"},"max_date":{"type":"days","val":"365"},"date_pic_conf":{"disabledWeeks":[0],"disabledDates":["2024-05-23 to 2024-06-02","2025-03-18 to 2025-03-20","2025-09-17 to 2025-09-19"]},"price":"","cl_rule":"show","col":6,"type":"date","error":false,"enableDesign":false,"LabelColor":"","date_conf_custom":{"minDate":"let d = new Date();\nd.setHours(0, 0, 0, 0);\nif (new Date().getHours() >= 17) {\n  d.setDate(d.getDate() + 2);\n} else {\n  d.setDate(d.getDate() + 1);\n}\nreturn d;"},"isWeightTemplate":false,"isTemplate":false,"min_quantity":"1","quantity_decimal":false,"quantity_step":"1","quantity_label":"Quantity","repeater_field_label":"{field_label}","repeater_bind":"","gt_translate_keys":["label","placeholder","description","tooltip","repeater_field_label","quantity_label"],"price_dependency":false,"cl_dependency":["textarea_5613841028"],"value":""}]]},"sec_h20481d279":{"extra":{"key":"sec_h20481d279","section_id":"sec_h20481d279","name":"DESDE 1 DE MAYO 2026","status":1,"cl_rule":"show","enableCl":false,"relations":[{"operator":false,"rules":[{"operator":"AND","rules":{"cl_field":"date_76627d7baa7fb8","cl_relation":"is_greater_or_equal","cl_val":"2026-05-01"}}]}],"toggle":true,"title_tag":"h3","show_title":false,"showPrice":"default","repeater_section_field_label":"{field_label}","repeater_section_label":"{section_name}","repeater_bind":"","form_id":11343,"form_rules":{"exclude_from_discount":true,"fee_label":"Fee","disp_hide_options_price":true,"disp_show_section_price":false,"disp_show_field_price":true,"layout_option":"standard","pric_use_as_fee":false,"process_fee_as":"woo_fee"},"layout_option":"standard"},"fields":[[{"label":"\u231b\ufe0f Trip Duration","active":true,"required":true,"elementId":"radio-group-0408498022","description":"","name":"radio-group-0408498022","label_position":"default","desc_position":"default","enablePrice":false,"className":"","enableCl":false,"relations":[{"operator":false,"rules":[{"operator":"AND","rules":{"cl_field":"","cl_relation":"","cl_val":""}}]}],"enableDesign":false,"checkUi":"toggle","layOut":"","options_description":true,"show_selected_option":false,"other":false,"scrollBar":false,"values":[{"label":"Souther Coasts - 20km (110\u20ac)","value":"Souther Coasts","selected":false,"tempId":"aco_32","description":"Explore top sights in just 8 minutes, including El Puertito de Arme\u00f1ime, La Caleta, Puerto Col\u00f3n, Playa de las Am\u00e9ricas, and Playa de los Cristianos. Experience vibrant marinas, serene beaches, and stunning views.","gt_translate_keys":["label","description"]},{"label":"Beaches and Ravines - 30km (159\u20ac)","value":"Beaches and Ravines","selected":false,"tempId":"aco_33","description":"Embark on a 12-minute journey to discover La Caleta, Puerto Col\u00f3n, Playa de las Am\u00e9ricas, Playa de los Cristianos, thrilling water parks, Roque del Conde, Los Dedos de Ifonche, and Barranco del Agua. Enjoy a mix of beaches, natural landmarks, and adventure spots.","gt_translate_keys":["label","description"]},{"label":"Los Gigantes - 50km (295\u20ac)","value":"Los Gigantes","selected":false,"tempId":"aco_838","description":"In 20 minutes, explore a range of attractions from Golf Costa Adeje to La Caleta, Playa San Juan, Alcal\u00e1, and Port of Santiago. Continue to Los Gigantes, Tamaimo, and enjoy spectacular views of the Teide volcano before concluding with a scenic coastal return.","gt_translate_keys":["label","description"]},{"label":"Lower Island - 85km (430\u20ac)","value":"Lower Island","selected":false,"tempId":"aco_1271","description":"Over a 30-minute helicopter tour, soar above beautiful spots such as Golf Costa Adeje, La Caleta, and Playa San Juan, continue over Alcal\u00e1 and Puerto Santiago, and admire the majestic cliffs at Los Gigantes. Fly through Santiago del Teide, Buenavista del Norte, and Garachico to view Chinyero Volcano, concluding with a scenic flight through the lush Corona Forestal.","gt_translate_keys":["label","description"]},{"label":"Teide Luxury - 120km (545\u20ac)","value":"Teide Luxury","selected":false,"tempId":"aco_1668","description":"Enjoy a 45-minute helicopter tour featuring iconic destinations like Golf Costa Adeje, La Caleta, and San Juan. Fly over Alcal\u00e1 Beach and Puerto Santiago, then on to Santiago del Teide. Take in stunning views of Teno before heading to Buenavista del Norte and Garachico. Conclude your aerial adventure with a return flight through the verdant Corona Forestal.","gt_translate_keys":["label","description"]}],"price":"","cl_rule":"show","col":6,"type":"radio-group","isWeightTemplate":false,"error":false,"isTemplate":false,"min_quantity":"1","quantity_decimal":false,"quantity_step":"1","quantity_label":"Quantity","repeater_field_label":"{field_label}","repeater_bind":"","gt_translate_keys":["label","description","repeater_field_label","quantity_label"],"price_dependency":false,"cl_dependency":["radio-group-0408498034","radio-group-0408498035","radio-group-0408498046","radio-group-0408498057","radio-group-0408498058"],"value":""}],[{"elementId":"separator-0408498023","separatorType":"blank","className":"","height":"10","enableCl":false,"relations":false,"cl_rule":"show","col":6,"type":"separator","gt_translate_keys":[],"price_dependency":false,"cl_dependency":false,"value":""}],[{"label":"","active":true,"required":true,"elementId":"radio-group-0408498034","name":"radio-group-0408498034","label_position":"default","desc_position":"default","enablePrice":true,"className":"","enableCl":true,"relations":[{"operator":false,"rules":[{"operator":"AND","rules":{"cl_field":"radio-group-0408498022","cl_relation":"is","cl_val":"Souther Coasts"}}]}],"enable_quantity":true,"quantity_label":"","min_quantity":"0","checkUi":"button","layOut":"","options_tooltip":true,"options_description":true,"values":[{"label":"\ud83d\udc64 People (110\u20ac)","value":"People (98\u20ac)","selected":true,"tempId":"aco_32","tooltip":"","description":"","gt_translate_keys":["label","tooltip","description"]}],"priceOptions":"fixed_for_all","pricingType":"fixed","price":"110","cl_rule":"show","col":6,"type":"radio-group","isWeightTemplate":false,"error":false,"isTemplate":false,"quantity_decimal":false,"quantity_step":"1","repeater_field_label":"{field_label}","repeater_bind":"","gt_translate_keys":["label","repeater_field_label","quantity_label"],"price_dependency":false,"cl_dependency":false,"value":""}],[{"label":"","active":true,"required":true,"elementId":"radio-group-0408498035","name":"radio-group-0408498035","label_position":"default","desc_position":"default","enablePrice":true,"className":"","enableCl":true,"relations":[{"operator":false,"rules":[{"operator":"AND","rules":{"cl_field":"radio-group-0408498022","cl_relation":"is","cl_val":"Beaches and Ravines"}}]}],"enable_quantity":true,"quantity_label":"","min_quantity":"0","checkUi":"button","layOut":"","options_tooltip":true,"options_description":true,"values":[{"label":"\ud83d\udc64 People (159\u20ac)","value":"People (145\u20ac)","selected":true,"tempId":"aco_32","tooltip":"","description":"","gt_translate_keys":["label","tooltip","description"]}],"priceOptions":"fixed_for_all","pricingType":"fixed","price":"159","cl_rule":"show","col":6,"type":"radio-group","isWeightTemplate":false,"error":false,"isTemplate":false,"quantity_decimal":false,"quantity_step":"1","repeater_field_label":"{field_label}","repeater_bind":"","gt_translate_keys":["label","repeater_field_label","quantity_label"],"price_dependency":false,"cl_dependency":false,"value":""}],[{"label":"","active":true,"required":true,"elementId":"radio-group-0408498046","name":"radio-group-0408498046","label_position":"default","desc_position":"default","enablePrice":true,"className":"","enableCl":true,"relations":[{"operator":false,"rules":[{"operator":"AND","rules":{"cl_field":"radio-group-0408498022","cl_relation":"is","cl_val":"Los Gigantes"}}]}],"enable_quantity":true,"quantity_label":"","min_quantity":"0","checkUi":"button","layOut":"","options_tooltip":true,"options_description":true,"values":[{"label":"\ud83d\udc64 People (295\u20ac)","value":"People (279\u20ac)","selected":true,"tempId":"aco_32","tooltip":"","description":"","gt_translate_keys":["label","tooltip","description"]}],"priceOptions":"fixed_for_all","pricingType":"fixed","price":"295","cl_rule":"show","col":6,"type":"radio-group","isWeightTemplate":false,"error":false,"isTemplate":false,"quantity_decimal":false,"quantity_step":"1","repeater_field_label":"{field_label}","repeater_bind":"","gt_translate_keys":["label","repeater_field_label","quantity_label"],"price_dependency":false,"cl_dependency":false,"value":""}],[{"label":"","active":true,"required":true,"elementId":"radio-group-0408498057","name":"radio-group-0408498057","label_position":"default","desc_position":"default","enablePrice":true,"className":"","enableCl":true,"relations":[{"operator":false,"rules":[{"operator":"AND","rules":{"cl_field":"radio-group-0408498022","cl_relation":"is","cl_val":"Lower Island"}}]}],"enable_quantity":true,"quantity_label":"","min_quantity":"0","checkUi":"button","layOut":"","options_tooltip":true,"options_description":true,"values":[{"label":"\ud83d\udc64 People (430\u20ac)","value":"People (390\u20ac)","selected":true,"tempId":"aco_32","tooltip":"","description":"","gt_translate_keys":["label","tooltip","description"]}],"priceOptions":"fixed_for_all","pricingType":"fixed","price":"430","cl_rule":"show","col":6,"type":"radio-group","isWeightTemplate":false,"error":false,"isTemplate":false,"quantity_decimal":false,"quantity_step":"1","repeater_field_label":"{field_label}","repeater_bind":"","gt_translate_keys":["label","repeater_field_label","quantity_label"],"price_dependency":false,"cl_dependency":false,"value":""}],[{"label":"","active":true,"required":true,"elementId":"radio-group-0408498058","name":"radio-group-0408498058","label_position":"default","desc_position":"default","enablePrice":true,"className":"","enableCl":true,"relations":[{"operator":false,"rules":[{"operator":"AND","rules":{"cl_field":"radio-group-0408498022","cl_relation":"is","cl_val":"Teide Luxury"}}]}],"enable_quantity":true,"quantity_label":"","min_quantity":"0","checkUi":"button","layOut":"","options_tooltip":true,"options_description":true,"values":[{"label":"\ud83d\udc64 People (545\u20ac)","value":"People (495\u20ac)","selected":true,"tempId":"aco_32","tooltip":"","description":"","gt_translate_keys":["label","tooltip","description"]}],"priceOptions":"fixed_for_all","pricingType":"fixed","price":"545","cl_rule":"show","col":6,"type":"radio-group","isWeightTemplate":false,"error":false,"isTemplate":false,"quantity_decimal":false,"quantity_step":"1","repeater_field_label":"{field_label}","repeater_bind":"","gt_translate_keys":["label","repeater_field_label","quantity_label"],"price_dependency":false,"cl_dependency":false,"value":""}]]},"sec_26627d7baa803f":{"extra":{"key":"sec_26627d7baa803f","section_id":"sec_26627d7baa803f","name":"Departure","status":1,"cl_rule":"show","enableCl":false,"relations":[],"toggle":true,"title_tag":"h4","show_title":false,"showPrice":"default","form_id":11343,"form_rules":{"exclude_from_discount":true,"fee_label":"Fee","disp_hide_options_price":true,"disp_show_section_price":false,"disp_show_field_price":true,"layout_option":"standard","pric_use_as_fee":false,"process_fee_as":"woo_fee"},"layout_option":"standard"},"fields":[[{"active":true,"col":6,"relations":false,"cl_rule":"show","enableCl":false,"price":"","enablePrice":false,"className":"","label_position":"default","desc_position":"default","type":"separator","required":false,"elementId":"separator_106627d7baa8049","label":"Separator Field","height":"5","separatorType":"blank","error":false,"gt_translate_keys":["label"],"price_dependency":false,"cl_dependency":false,"value":""}],[{"active":true,"col":6,"relations":[{"operator":false,"rules":[{"operator":"AND","rules":{"cl_field":"radio-group_106627d7baa7fc7","cl_relation":"is","cl_val":"3 Hour Trip"}}]}],"cl_rule":"show","enableCl":false,"price":"","enablePrice":false,"className":"","label_position":"default","desc_position":"default","type":"select","required":false,"elementId":"select_96627d7baa8052","label":"\u23f0 Departure Time","name":"select_96627d7baa8052","values":[{"label":"Morning","value":"Morning","selected":false,"tempId":"aco_1074","gt_translate_keys":["label"]}],"dropdown_type":"basic","error":false,"placeholder":"","gt_translate_keys":["label","placeholder"],"price_dependency":false,"cl_dependency":false,"value":""}],[{"active":true,"col":6,"relations":false,"cl_rule":"show","enableCl":false,"price":"","enablePrice":false,"className":"","label_position":"default","desc_position":"default","type":"separator","required":false,"elementId":"separator_7627431357","label":"Separator Field","height":"2","separatorType":"blank","error":false,"gt_translate_keys":["label"],"price_dependency":false,"cl_dependency":false,"value":""}],[{"active":true,"col":6,"relations":[{"operator":false,"rules":[{"operator":"AND","rules":{"cl_field":"date_76627d7baa7fb8","cl_relation":"is_not_empty","cl_val":""}}]}],"cl_rule":"show","enableCl":true,"price":"","enablePrice":false,"className":"","label_position":"default","desc_position":"default","type":"textarea","required":true,"elementId":"textarea_5613841028","label":"\ud83d\ude4b\ud83c\udffd\u200d\u2642\ufe0f Weight","name":"textarea_5613841028","value":"","rows":2,"error":false,"description":"Passenger weight is required. The maximum allowed per person is 110 kg. If a passenger weighs more than 110 kg, a surcharge equivalent to half of an additional ticket will apply.","placeholder":"For example:\n90kg\n77kg","isWeightTemplate":false,"isTemplate":false,"min_quantity":"1","quantity_decimal":false,"quantity_step":"1","quantity_label":"Quantity","repeater_field_label":"{field_label}","repeater_bind":"","gt_translate_keys":["label","placeholder","description","value","repeater_field_label","quantity_label"],"price_dependency":false,"cl_dependency":false}]]}},"config":{"price_override":"always","enable_recaptcha":false,"bind_quantity":false,"quantity_bind_formula":false,"disp_summ_show_option_price":true,"disp_summ_show_product_price":false,"disp_summ_show_total_price":true,"disp_summ_show_fee":true,"disp_summ_show_discount":true,"summary_title":"","options_total_label":"Options Price","total_label":"Total Amount","options_product_label":"Product Price","fee_label":"Fee","discount_label":"Discount","has_price":true,"has_quantity_formula":false},"mc_unit":1,"tax_rate":1,"tax_rate_real":1,"discount":{"percentage":0,"fixed":0},"design":{"conf":{"LabelPosition":"above","DescPosition":"above","UploadField":"custom_1","QuantityFieldStyle":"custom_1"},"css":{"LeftLabelWidth":"120px"}},"formulas":[],"lookuptables":[],"clones":false,"cartKey":false}},"_links":{"self":[{"href":"https:\/\/canaryvip.com\/fi\/wp-json\/wp\/v2\/product\/11288","targetHints":{"allow":["GET"]}}],"collection":[{"href":"https:\/\/canaryvip.com\/fi\/wp-json\/wp\/v2\/product"}],"about":[{"href":"https:\/\/canaryvip.com\/fi\/wp-json\/wp\/v2\/types\/product"}],"replies":[{"embeddable":true,"href":"https:\/\/canaryvip.com\/fi\/wp-json\/wp\/v2\/comments?post=11288"}],"wp:featuredmedia":[{"embeddable":true,"href":"https:\/\/canaryvip.com\/fi\/wp-json\/wp\/v2\/media\/11296"}],"wp:attachment":[{"href":"https:\/\/canaryvip.com\/fi\/wp-json\/wp\/v2\/media?parent=11288"}],"wp:term":[{"taxonomy":"product_brand","embeddable":true,"href":"https:\/\/canaryvip.com\/fi\/wp-json\/wp\/v2\/product_brand?post=11288"},{"taxonomy":"product_cat","embeddable":true,"href":"https:\/\/canaryvip.com\/fi\/wp-json\/wp\/v2\/product_cat?post=11288"},{"taxonomy":"product_tag","embeddable":true,"href":"https:\/\/canaryvip.com\/fi\/wp-json\/wp\/v2\/product_tag?post=11288"}],"curies":[{"name":"wp","href":"https:\/\/api.w.org\/{rel}","templated":true}]}}