{"id":11268,"date":"2024-04-14T23:59:56","date_gmt":"2024-04-14T22:59:56","guid":{"rendered":"https:\/\/canaryvip.com\/?post_type=product&#038;p=11268"},"modified":"2025-12-02T11:33:37","modified_gmt":"2025-12-02T11:33:37","slug":"rent-a-boat-compass-160e-without-license","status":"publish","type":"product","link":"https:\/\/canaryvip.com\/fi\/shop\/rent-a-boat-compass-160e-without-license\/","title":{"rendered":"Vuokraa vene Compass 160e ilman lisenssi\u00e4"},"content":{"rendered":"<h2>\ud83d\udea4 Vuokraa Compass 160e ilman lisenssi\u00e4 osoitteessa CanaryVIP<\/h2>\n<p><strong>Ohjaa omaa kurssiasi CanaryVIP:n avulla:<\/strong> Compass 160e on ketter\u00e4 moottorivene, joka sopii erinomaisesti niille, jotka haluavat vuokrata veneen Teneriffalta ja nauttia itseohjautuvuuden vapaudesta.<\/p>\n<p>T\u00e4m\u00e4 vuonna 2023 saatavilla oleva ja 5 metrin pituinen vene, johon ei tarvita lisenssi\u00e4, on ihanteellinen kaikille, jotka haluavat tutustua Teneriffan rannikon kauneuteen Teneriffan itseohjautuvan veneenvuokrauspalvelumme avulla.<\/p>\n<p>L\u00e4ht\u00f6 ikonisesta <a href=\"https:\/\/maps.app.goo.gl\/F7XZ1rpbWXBTYFND9\" target=\"_blank\" rel=\"noopener\">Los Gigantes<\/a>, jossa <strong>Compass 160e<\/strong> tarjoaa ainutlaatuisen mahdollisuuden l\u00f6yt\u00e4\u00e4 syrj\u00e4isi\u00e4 paikkoja, paistatella auringossa tai nauttia piknikist\u00e4 veden \u00e4\u00e4rell\u00e4 Atlantin kristallinkirkkaiden aaltojen ymp\u00e4r\u00f6im\u00e4n\u00e4.<\/p>\n<p><strong>K\u00e4tevyyden ja luotettavuuden k\u00e4sity\u00f6:<\/strong>\u00a0Compass 160e on rakennettu helppok\u00e4ytt\u00f6iseksi, ja siin\u00e4 on 15 hv:n moottori, joka takaa tasaisen purjehduksen. T\u00e4h\u00e4n veneeseen mahtuu jopa 6 matkustajaa, ja se sopii t\u00e4ydellisesti niille, jotka haluavat vuokrata veneen Teneriffalta puolen p\u00e4iv\u00e4n vuokrausta tai koko p\u00e4iv\u00e4n seikkailuja varten.<\/p>\n<h3>\ud83d\udea4 Compass 160e Teneriffa: Tenerife: Sinun matkasi, sinun k\u00e4skysi<\/h3>\n<ul>\n<li><strong>Kompakti muotoilu:<\/strong> Ohjaa upouutta 2023 Compass 160e -mallia, joka on tunnettu tyylikk\u00e4\u00e4st\u00e4 ulkon\u00e4\u00f6st\u00e4\u00e4n ja mukavasta navigoinnistaan.<\/li>\n<li><strong>Upeat maisemat:<\/strong> Purjehdi Teneriffan kuuluisien Masca- ja Los Gigantes -kallioiden l\u00e4hell\u00e4 ja nauti ymp\u00e4rill\u00e4si el\u00e4v\u00e4st\u00e4 meriel\u00e4m\u00e4st\u00e4.<\/li>\n<li><strong>Yksityiset sukellukset:<\/strong> Pudota ankkuri piilotettuihin poukamiin, jotka ovat ihanteellisia uintiin, snorklaukseen tai auringonottoon.<\/li>\n<li><strong>V\u00e4lipaloja merell\u00e4:<\/strong> Vapaus tuoda ja nauttia omia ruokia aluksella parantaa t\u00e4t\u00e4 henkil\u00f6kohtaista itseohjautuvaa Teneriffan veneenvuokrauskokemusta.<\/li>\n<li><strong>Vaivaton k\u00e4sittely:<\/strong> K\u00e4ytt\u00e4j\u00e4yst\u00e4v\u00e4llisen rakenteensa ja vakaiden matkustusominaisuuksiensa ansiosta Compass 160e mahdollistaa veneilyn kaikille.<\/li>\n<\/ul>\n<h3>\u2728 Compass 160e -vuokrauksen t\u00e4rkeimm\u00e4t tiedot<\/h3>\n<p><strong>Mukautettu mieltymyksiesi mukaan:<\/strong> Compass 160e sopii t\u00e4ydellisesti pariskunnan retriittiin tai ryhm\u00e4retkelle, ja se on valmis mihin tahansa tapahtumaan, sill\u00e4 siihen mahtuu jopa 6 henkil\u00f6\u00e4. Mukana on kattavat ohjeet, joilla varmistetaan turvallinen ja miellytt\u00e4v\u00e4 kokemus vesill\u00e4.<\/p>\n<p><strong>Monipuolinen valinta kaikille:<\/strong> Ihanteellinen perheille, yst\u00e4ville tai yksin matkustaville, Compass 160e ilman ajokorttia antaa sinulle mahdollisuuden kokea itsen\u00e4isyyden ja maisemallisen ylellisyyden yhdistelm\u00e4n Teneriffan rannikon maisemissa.<\/p>\n<h3>\ud83d\udea4 Valmistautuminen Compass 160e -retkelle<\/h3>\n<p>Valmistaudu unohtumattomaan p\u00e4iv\u00e4\u00e4n merell\u00e4 v\u00e4ltt\u00e4m\u00e4tt\u00f6mill\u00e4 tarvikkeilla, kuten uimahousuilla ja aurinkovoiteella. Meilt\u00e4 saat kaikki tarvittavat navigointiv\u00e4lineet, joten voit keskitty\u00e4 vain l\u00f6yt\u00e4misen iloon.<\/p>\n<p>\u00c4l\u00e4 unohda kameraa, jotta voit tallentaa henke\u00e4salpaavat n\u00e4kym\u00e4t Teneriffan rannoille ja veden alla kukoistavaan vesiel\u00e4m\u00e4\u00e4n.<\/p>\n<h3>\ud83d\ude99 L\u00e4ht\u00f6paikka ja pys\u00e4k\u00f6inti<\/h3>\n<p><strong>Aloita osoitteesta <a href=\"https:\/\/maps.app.goo.gl\/F7XZ1rpbWXBTYFND9\" target=\"_blank\" rel=\"noopener\">Los Gigantes<\/a>:<\/strong> Meriseikkailusi alkaa <strong>Puerto de Los Gigantes.<\/strong> Satamassa on runsaasti pys\u00e4k\u00f6intitilaa, joten p\u00e4iv\u00e4si on helppo aloittaa. Saavu hieman aikaisemmin, jotta voit aloittaa matkasi ilman kiirett\u00e4.<\/p>\n<h3>\ud83d\udea4 Tutki my\u00f6s: Vuokraa Saxdor 200 lisenssill\u00e4<\/h3>\n<p>Niille, jotka etsiv\u00e4t ylellisyyden ja suorituskyvyn yhdistelm\u00e4\u00e4, kannattaa harkita meid\u00e4n <strong><a href=\"https:\/\/canaryvip.com\/fi\/shop\/rent-boat-saxdor-200-with-license\/\">Saxdor 200 lisenssill\u00e4.<\/a><\/strong> T\u00e4m\u00e4 hienostunut vaihtoehto on t\u00e4ydellinen niille, jotka haluavat ottaa ruoriinsa ja nauttia veneilyn ensiluokkaisesta kokemuksesta, jossa on hieman enemm\u00e4n tehoa ja tyyli\u00e4.<\/p>\n<p>Samasta maineikkaasta Los Gigantesista l\u00e4htev\u00e4 Saxdor 200 tarjoaa huippuluokan meriseikkailun 115 hv:n moottorilla ja kapasiteetilla, johon mahtuu jopa 6 vierasta. Koe aaltojen halki leikkaamisen j\u00e4nnitys ja nauti samalla Saxdor 200 -veneemme ylellisist\u00e4 mukavuuksista ja viimeisint\u00e4 tekniikkaa edustavasta muotoilusta.<\/p>\n<h3>\ud83c\udf1f CanaryVIP:n lupaus teille<\/h3>\n<p>Me CanaryVIP:ss\u00e4 asetamme tyytyv\u00e4isyytesi etusijalle. Nauti mukautuvista peruutusehdoista, jotka tarjoavat turvaa, kun varaatte <strong>Compass 160e vuokraus.<\/strong> Olemme sitoutuneet tarjoamaan erinomaista palvelua keskittyen turvallisuuteen ja haluun parantaa kokemustasi Teneriffan majesteettisilla vesill\u00e4.<\/p>\n<p>L\u00e4hde seikkailemaan <strong>Compass 160e ilman lisenssi\u00e4,<\/strong>\u00a0Teneriffan upeilla merill\u00e4 risteilem\u00e4ll\u00e4 ja tutustumalla rannikon piilotettuihin jalokiviin. <strong>Los Gigantes.<\/strong><\/p>\n<p>Varaa jo t\u00e4n\u00e4\u00e4n eksklusiivinen meriseikkailu, jossa yhdistyv\u00e4t riippumattomuus, mukavuus ja Kanariansaarten koskematon kauneus. Varaa nyt ja luo pysyvi\u00e4 muistoja merell\u00e4!<\/p>","protected":false},"excerpt":{"rendered":"<p><strong>\ud83d\udd0d Vuokraa vene kohokohtia:<\/strong><br \/>\n\u2705 Turvallinen maksu.<br \/>\n\ud83e\udeaa Ilman venelupaa.<br \/>\n\ud83d\udee5\ufe0f 5m pitk\u00e4 vene.<br \/>\n\u23f3 P\u00e4ivitt\u00e4inen vuokraus 2-8h.<br \/>\n\ud83d\udd59 Mukautettavat l\u00e4ht\u00f6ajat.<br \/>\n\ud83d\udc65 Enint\u00e4\u00e4n 6 vierasta.<br \/>\n\ud83e\udd3f Snorkkelivarusteet tarjotaan.<br \/>\n\ud83e\udd11 Paras hinta taattu.<br \/>\n\ud83d\udc6a Alennukset aktivoitu.<br \/>\n\ud83d\udd01 Enint\u00e4\u00e4n 4 p\u00e4iv\u00e4n peruutus.<br \/>\n\ud83c\udf0d Monikielinen tuki.<br \/>\n\ud83c\udf1f Varaa ajoissa ja s\u00e4\u00e4st\u00e4!<br \/>\n\ud83d\udccd L\u00e4ht\u00f6\u00a0<a href=\"https:\/\/maps.app.goo.gl\/F7XZ1rpbWXBTYFND9\">Los Gigantes<\/a>.<\/p>","protected":false},"featured_media":11269,"comment_status":"open","ping_status":"closed","template":"","meta":{"_acf_changed":false},"product_brand":[],"product_cat":[130],"product_tag":[],"class_list":{"0":"post-11268","1":"product","2":"type-product","3":"status-publish","4":"has-post-thumbnail","6":"product_cat-self-drive-boat-hire","7":"wcpa_has_options","9":"first","10":"instock","11":"virtual","12":"purchasable","13":"product-type-simple"},"acf":[],"wcpa_form_fields":{"wcpaData":{"product":{"product_price":220,"price_html":"From&nbsp;<span class=\"woocommerce-Price-amount amount\"><bdi>220,00&nbsp;<span class=\"woocommerce-Price-currencySymbol\">&euro;<\/span><\/bdi><\/span>","original_product_price":220,"price_including_tax":220,"price_excluding_tax":220,"product_id":{"parent":11268,"variation":false},"is_variable":false,"stock_status":"instock","stock_quantity":null,"parent_sku":"CV11268","product_attributes":[],"custom_fields":[],"is_taxable":false,"product_name":"Rent Boat Compass 160e Without License","hasImage":false},"fields":{"sec_7692ecea7b7938":{"extra":{"key":"sec_7692ecea7b7938","section_id":"sec_7692ecea7b7938","name":"Default","status":1,"cl_rule":"show","enableCl":false,"relations":[],"toggle":true,"title_tag":"h3","show_title":false,"showPrice":"default","form_id":16318,"form_rules":{"exclude_from_discount":true,"fee_label":"Fee","disp_hide_options_price":true,"disp_show_section_price":false,"disp_show_field_price":true,"layout_option":"standard","pric_use_as_fee":false,"process_fee_as":"woo_fee"},"layout_option":"standard"},"fields":[[{"label":"\ud83d\udcc5 Date","active":true,"required":true,"elementId":"date_9692ecea7b7958","picker_type":"custom","picker_mode":"single","placeholder":"","description":"","tooltip":"","name":"date_9692ecea7b7958","label_position":"default","desc_position":"default","enablePrice":false,"className":"","enableCl":false,"relations":[{"operator":"and","rules":[{"operator":"AND","rules":{"cl_field":"radio-group_565c78ffa81208","cl_relation":"is","cl_val":"3 Hour Trip"}}]}],"date_pic_inline":true,"date_pic_inline_hide":true,"min_date":{"type":"days","val":"0"},"max_date":{"type":"days","val":"365"},"date_pic_conf":{"disabledWeeks":[],"disabledDates":[]},"price":"","cl_rule":"show","col":6,"type":"date","error":false,"enableDesign":false,"LabelColor":"","isWeightTemplate":false,"isTemplate":false,"min_quantity":"1","quantity_decimal":false,"quantity_step":"1","quantity_label":"Quantity","repeater_field_label":"{field_label}","repeater_bind":"","gt_translate_keys":["label","placeholder","description","tooltip","repeater_field_label","quantity_label"],"price_dependency":false,"cl_dependency":false,"value":""}],[{"active":true,"col":6,"relations":false,"cl_rule":"show","enableCl":false,"price":"","enablePrice":true,"className":"","label_position":"default","desc_position":"default","type":"select","required":true,"elementId":"select_10692ecea7b7973","label":"\u23f3 Trip Duration","name":"select_10692ecea7b7973","values":[{"label":"2 Hours (220\u20ac)","value":"2","selected":false,"tempId":"aco_85","price":"220","gt_translate_keys":["label"]},{"label":"3 Hours (250\u20ac)","value":"3","selected":false,"tempId":"aco_556","price":"250","gt_translate_keys":["label"]},{"label":"4 Hours (310\u20ac)","value":"4","selected":false,"tempId":"aco_605","price":"310","gt_translate_keys":["label"]},{"label":"5 Hours (370\u20ac)","value":"5","selected":false,"tempId":"aco_724","price":"370","gt_translate_keys":["label"]},{"label":"6 Hours (430\u20ac)","value":"6","selected":false,"tempId":"aco_401","price":"430","gt_translate_keys":["label"]}],"dropdown_type":"basic","error":false,"placeholder":"Select Trip Duration","priceOptions":"different_for_all","pricingType":"fixed","is_show_price":false,"isWeightTemplate":false,"isTemplate":false,"min_quantity":"1","quantity_decimal":false,"quantity_step":"1","quantity_label":"Quantity","repeater_field_label":"{field_label}","repeater_bind":"","gt_translate_keys":["label","placeholder","repeater_field_label","quantity_label"],"price_dependency":false,"cl_dependency":false,"value":""}],[{"active":true,"col":6,"relations":[{"operator":false,"rules":[{"operator":"AND","rules":{"cl_field":"radio-group_565c78ffa81208","cl_relation":"is","cl_val":"3 Hour Trip"}}]}],"cl_rule":"show","enableCl":false,"price":"","enablePrice":false,"className":"","label_position":"default","desc_position":"default","type":"select","required":false,"elementId":"select_4692ecea7b79b3","label":"\u23f0 Departure Time","name":"select_4692ecea7b79b3","values":[{"label":"10:00","value":"10:00","selected":false,"tempId":"aco_1472","gt_translate_keys":["label"]},{"label":"13:00","value":"13:00","selected":false,"tempId":"aco_1500","gt_translate_keys":["label"]},{"label":"14:00","value":"14:00","selected":false,"tempId":"aco_1510","gt_translate_keys":["label"]},{"label":"15:00","value":"15:00","selected":false,"tempId":"aco_1520","gt_translate_keys":["label"]}],"dropdown_type":"basic","error":false,"placeholder":"Whichever Time is Best","isWeightTemplate":false,"isTemplate":false,"min_quantity":"1","quantity_decimal":false,"quantity_step":"1","quantity_label":"Quantity","repeater_field_label":"{field_label}","repeater_bind":"","gt_translate_keys":["label","placeholder","repeater_field_label","quantity_label"],"price_dependency":false,"cl_dependency":false,"value":""}],[{"elementId":"separator_3692ecea7b79bd","separatorType":"blank","className":"","height":"1","enableCl":false,"relations":false,"cl_rule":"show","col":6,"type":"separator","gt_translate_keys":[],"price_dependency":false,"cl_dependency":false,"value":""}],[{"label":"\u2705 Number of People","active":true,"required":true,"elementId":"select_8692ecea7b79c7","dropdown_type":"basic","placeholder":"Select Number of People","name":"select_8692ecea7b79c7","label_position":"default","desc_position":"default","enablePrice":false,"className":"","enableCl":false,"relations":[{"operator":false,"rules":[{"operator":"AND","rules":{"cl_field":"radio-group_565c78ffa81208","cl_relation":"is","cl_val":"3 Hour Trip"}}]}],"values":[{"label":"1 person","value":"1","selected":false,"tempId":"aco_1471","gt_translate_keys":["label"]},{"label":"2 people","value":"2","selected":false,"tempId":"aco_1472","gt_translate_keys":["label"]},{"label":"3 people","value":"3","selected":false,"tempId":"aco_1500","gt_translate_keys":["label"]},{"label":"4 people","value":"4","selected":false,"tempId":"aco_1510","gt_translate_keys":["label"]},{"label":"5 people","value":"5","selected":false,"tempId":"aco_1520","gt_translate_keys":["label"]},{"label":"6 people","value":"6","selected":false,"tempId":"aco_2006","gt_translate_keys":["label"]}],"price":"","cl_rule":"show","col":6,"type":"select","error":false,"isWeightTemplate":false,"isTemplate":false,"min_quantity":"1","quantity_decimal":false,"quantity_step":"1","quantity_label":"Quantity","repeater_field_label":"{field_label}","repeater_bind":"","gt_translate_keys":["label","placeholder","repeater_field_label","quantity_label"],"price_dependency":false,"cl_dependency":false,"value":""}]]}},"config":{"price_override":"always","enable_recaptcha":false,"bind_quantity":false,"quantity_bind_formula":false,"disp_summ_show_option_price":true,"disp_summ_show_product_price":false,"disp_summ_show_total_price":true,"disp_summ_show_fee":true,"disp_summ_show_discount":true,"summary_title":"","options_total_label":"Options Price","total_label":"Total Amount","options_product_label":"Product Price","fee_label":"Fee","discount_label":"Discount","has_price":true,"has_quantity_formula":false},"mc_unit":1,"tax_rate":1,"tax_rate_real":1,"discount":{"percentage":0,"fixed":0},"design":{"conf":{"LabelPosition":"above","DescPosition":"above","UploadField":"custom_1","QuantityFieldStyle":"custom_1"},"css":{"LeftLabelWidth":"120px"}},"formulas":{"fmla_1708364241278155361":"(({field.select_10692ecea7b7973.value}>=6)?(130):(({field.select_10692ecea7b7973.value}>=5)?(110):(({field.select_10692ecea7b7973.value}>=4)?(90):(({field.select_10692ecea7b7973.value}>=3)?(70):(({field.select_10692ecea7b7973.value}>=2)?(60):(0))))))","fmla_172299064258378161":"(({field.select_10692ecea7b7973.value}>=6)?(330):(({field.select_10692ecea7b7973.value}>=5)?(280):(({field.select_10692ecea7b7973.value}>=4)?(230):(({field.select_10692ecea7b7973.value}>=3)?(180):(({field.select_10692ecea7b7973.value}>=2)?(120):(0))))))"},"lookuptables":[],"clones":false,"cartKey":false}},"_links":{"self":[{"href":"https:\/\/canaryvip.com\/fi\/wp-json\/wp\/v2\/product\/11268","targetHints":{"allow":["GET"]}}],"collection":[{"href":"https:\/\/canaryvip.com\/fi\/wp-json\/wp\/v2\/product"}],"about":[{"href":"https:\/\/canaryvip.com\/fi\/wp-json\/wp\/v2\/types\/product"}],"replies":[{"embeddable":true,"href":"https:\/\/canaryvip.com\/fi\/wp-json\/wp\/v2\/comments?post=11268"}],"wp:featuredmedia":[{"embeddable":true,"href":"https:\/\/canaryvip.com\/fi\/wp-json\/wp\/v2\/media\/11269"}],"wp:attachment":[{"href":"https:\/\/canaryvip.com\/fi\/wp-json\/wp\/v2\/media?parent=11268"}],"wp:term":[{"taxonomy":"product_brand","embeddable":true,"href":"https:\/\/canaryvip.com\/fi\/wp-json\/wp\/v2\/product_brand?post=11268"},{"taxonomy":"product_cat","embeddable":true,"href":"https:\/\/canaryvip.com\/fi\/wp-json\/wp\/v2\/product_cat?post=11268"},{"taxonomy":"product_tag","embeddable":true,"href":"https:\/\/canaryvip.com\/fi\/wp-json\/wp\/v2\/product_tag?post=11268"}],"curies":[{"name":"wp","href":"https:\/\/api.w.org\/{rel}","templated":true}]}}