{"id":11261,"date":"2024-04-14T23:07:38","date_gmt":"2024-04-14T22:07:38","guid":{"rendered":"https:\/\/canaryvip.com\/?post_type=product&#038;p=11261"},"modified":"2025-06-29T14:59:11","modified_gmt":"2025-06-29T13:59:11","slug":"gladiux-show-tenerife","status":"publish","type":"product","link":"https:\/\/canaryvip.com\/fi\/shop\/gladiux-show-tenerife\/","title":{"rendered":"Gladiux Show Teneriffalla"},"content":{"rendered":"<h2>\ud83d\udee1\ufe0f Koe antiikin Rooman j\u00e4nnitys: Gladiux Show Teneriffalla<\/h2>\n<p>L\u00e4hde j\u00e4nnitt\u00e4v\u00e4lle matkalle takaisin antiikin Roomaan Gladiux Show'ssa majesteettisessa <strong>Gladiux Xanadu Teneriffalla.<\/strong> T\u00e4m\u00e4 esitys sopii t\u00e4ydellisesti historian yst\u00e4ville ja niille, jotka etsiv\u00e4t ainutlaatuista viihdett\u00e4, sill\u00e4 siin\u00e4 yhdistyv\u00e4t gladiaattoritaistelujen j\u00e4nnitys ja keskiaikaisen musiikin ja tanssin eleganssi.<\/p>\n<h3>\ud83c\udfdf\ufe0f Roomalaisen urhoollisuuden y\u00f6: matkareitti ja kohokohdat<\/h3>\n<ul>\n<li><strong>Aikataulu:<\/strong> Liity seuraamme keskiviikkoisin klo 21:00 adrenaliinipitoiseen n\u00e4yt\u00f6kseen tai lauantaisin klo 19:30 suosituimpaan juhlaan, johon kuuluu runsas grilliruoka.<\/li>\n<li><strong>Sijainti:<\/strong> Vain 20 minuutin p\u00e4\u00e4ss\u00e4 Costa Adejesta sijaitseva Gladiux Xanadu tarjoaa vieh\u00e4tt\u00e4v\u00e4t puitteet, jotka viev\u00e4t sinut suoraan gladiaattorien ja roomalaisten vaunujen aikaan.<\/li>\n<li><strong>Keitti\u00f6:<\/strong> Nauti lauantaisin grilliruokaillallisesta tai keskiviikkoisin \u00e0 la carte -ruokailusta. T\u00e4ydenn\u00e4 ateriaasi valikoimalla sangriaa, viini\u00e4 ja virvoitusjuomia.<\/li>\n<\/ul>\n<h3>\ud83c\udf9f\ufe0f R\u00e4\u00e4t\u00e4l\u00f6i gladiaattorikokemuksesi.<\/h3>\n<ul>\n<li><strong>Liput:<\/strong> Uppoudu Gladiux Xanadun j\u00e4nnitt\u00e4v\u00e4\u00e4n ilmapiiriin joustavilla lippuvaihtoehdoillamme, jotka on suunniteltu erilaisiin mieltymyksiin ja ryhm\u00e4kokoihin sopiviksi.<\/li>\n<li><strong>Ryhm\u00e4varaukset:<\/strong> Sopii erinomaisesti yritystapahtumiin, yksityistilaisuuksiin, syntym\u00e4p\u00e4iviin ja muihin tilaisuuksiin. R\u00e4\u00e4t\u00e4l\u00f6i tapahtumasi temaattisilla gladiaattoripuvuilla, mukaansatempaavilla esityksill\u00e4 ja r\u00e4\u00e4t\u00e4l\u00f6idyill\u00e4 viihdepaketeilla. K\u00e4y osoitteessa CanaryVIP <a href=\"https:\/\/canaryvip.com\/fi\/contact\/\">yhteystietosivu<\/a> saadaksesi yksityiskohtaisia tietoja ja suunnitellaksesi unohtumattoman kokemuksen, joka on r\u00e4\u00e4t\u00e4l\u00f6ity juuri sinun tarpeisiisi.<\/li>\n<\/ul>\n<h3>\ud83d\udde1\ufe0f Sukella areenalle<\/h3>\n<ul>\n<li><strong>Taistelut:<\/strong> Todista j\u00e4nnitt\u00e4vi\u00e4 gladiaattoritaisteluita, jotka taitavien ratsumiesten suorittamina on suunniteltu esittelem\u00e4\u00e4n roomalaisen taistelun loistoa turvallisuutta vaarantamatta.<\/li>\n<li><strong>Interaktiivinen viihde:<\/strong> Tunne antiikin Rooman pulssi, kun kannatat suosikkigladiaattoriasi ter\u00e4ksen ja hurraa-huudon keskell\u00e4.<\/li>\n<\/ul>\n<h3>\ud83c\udf89 Tapahtumien is\u00e4nn\u00f6inti Gladiux Xanadussa<\/h3>\n<ul>\n<li><strong>Yksityistilaisuudet:<\/strong> Gladiux Xanadu ei ole vain n\u00e4ytt\u00e4v\u00e4 esityspaikka, vaan se on my\u00f6s k\u00e4ytett\u00e4viss\u00e4 yksityisiin varauksiin. Se sopii ihanteellisesti teemajuhliin, joissa on gladiaattoripuvut ja tarpeidenne mukaan r\u00e4\u00e4t\u00e4l\u00f6ityj\u00e4 esityksi\u00e4.<\/li>\n<\/ul>\n<h3>\ud83c\udf56 Juhli kuin roomalainen<\/h3>\n<p><strong>Valikkovaihtoehdot:<\/strong> Hemmottele itse\u00e4si lauantai-illan grilliruokavalioillamme tai valitse kasvisruokavaihtoehtoistamme ja gluteenittomista vaihtoehdoistamme min\u00e4 tahansa iltana. Nauti perinteisi\u00e4 roomalaisia ruokia yhdistettyn\u00e4 paikallisiin herkkuihin.<\/p>\n<p><strong>LOUNAS:<\/strong><\/p>\n<ul>\n<li><strong>Tervetuloa:<\/strong> Lasi Cavaa<\/li>\n<li><strong>Aloittaja:<\/strong> Leip\u00e4\u00e4 ja voita<\/li>\n<li><strong>Erikoisuus:<\/strong>\n<ul>\n<li><strong>Ensimm\u00e4inen kurssi:<\/strong> Vihanneskeitto<\/li>\n<li><strong>Toinen kurssi:<\/strong> Liha grilli grilli: Tomaatti- ja juustosalaatti, ranskalaiset perunalastut, Xanad\u00fa kanarialainen mojo.<\/li>\n<\/ul>\n<\/li>\n<li><strong>J\u00e4lkiruoka:<\/strong> Tyypillinen kanarialainen vaniljakastike ja kerma<\/li>\n<li><strong>Juomat:<\/strong> Viini\u00e4, sangriaa, virvokkeita, olutta ja vett\u00e4.<\/li>\n<\/ul>\n<p><strong>Valinnainen:<\/strong> Kasvisruokavalio \/ gluteeniton menu<\/p>\n<h3>\u2696\ufe0f Varaus- ja peruutusehdot<\/h3>\n<ul>\n<li><strong>Ennakkovaraus:<\/strong> Varmistakaa paikkanne ajoissa <strong>CanaryVIP<\/strong> nauttia kilpailukykyisist\u00e4 hinnoista ja varmistaa, ett\u00e4 vierailu sujuu suunnitellusti.<\/li>\n<li><strong>Joustavat peruutukset:<\/strong> Yksitt\u00e4isten varausten peruutukset ovat ilmaisia enint\u00e4\u00e4n 24 tuntia ennen varattua istuntoa, ja ryhmille on tarjolla pidennetyt peruutusmahdollisuudet. Tarkista yksityiskohtaiset ryhm\u00e4varausten peruutusk\u00e4yt\u00e4nt\u00f6mme verkkosivuiltamme.<\/li>\n<\/ul>\n<h3>\ud83d\ude97 Suunnittele vierailusi<\/h3>\n<ul>\n<li><strong>Sijainti P\u00e4\u00e4sy:<\/strong> Gladiux Xanaduun p\u00e4\u00e4see helposti ilmaisella pys\u00e4k\u00f6intipaikalla tai valinnaisella kuljetuspalvelulla, joka on saatavilla nimellist\u00e4 maksua vastaan Teneriffan etel\u00e4osasta.<\/li>\n<li><strong>Tapahtumaillat:<\/strong> Gladiux-n\u00e4yt\u00f6ksi\u00e4 on tarjolla joka keskiviikko ja lauantai, ja muina p\u00e4ivin\u00e4 paikan p\u00e4\u00e4ll\u00e4 voi nauttia rennosta ruokailusta tai ratsastuskokemuksista.<\/li>\n<\/ul>\n<h3>\ud83c\udf1f Astu historian areenalle<\/h3>\n<p>\u00c4l\u00e4 missaa t\u00e4t\u00e4 ainutlaatuista tilaisuutta kokea historiallisen draaman ja roomalaisen spektaakkelin ilta Gladiux Show Teneriffalla.<\/p>\n<p>Varaa paikkasi jo t\u00e4n\u00e4\u00e4n ja anna muinaisten gladiaattoreiden ja keskiaikaisten juhlien loiston rikastuttaa matkaseikkailuasi. Varaa nyt ja varmista unohtumaton ilta t\u00e4ynn\u00e4 historiaa, spektaakkelia ja kulinaarisia nautintoja! \ud83c\udff0\ud83c\udf57<\/p>","protected":false},"excerpt":{"rendered":"<p>\ud83d\udd0d <strong>Gladiux Show Highlights:<\/strong><br \/>\n\u2705 Turvallinen maksu.<br \/>\n\ud83d\udd25 J\u00e4nnitt\u00e4v\u00e4t gladiaattoritaistelut.<br \/>\n\ud83d\udcc5 Keskiviikkoisin ja lauantaisin.<br \/>\n\u23f0 N\u00e4yt\u00e4: 19:30 - 21:00.<br \/>\n\ud83c\udf56 Grillattu illallinen sis\u00e4ltyy hintaan.<br \/>\n\ud83c\udf77 Sangria, viini ja virvoitusjuomat.<br \/>\n\ud83c\udf0d N\u00e4ytt\u00e4\u00e4 englanniksi.<br \/>\n\ud83d\ude97 Ilmainen pys\u00e4k\u00f6inti ja valinnainen kuljetus.<br \/>\n\ud83e\udd11 Paras hinta taattu.<br \/>\n\ud83d\udc65 Ryhm\u00e4alennukset saatavilla.<br \/>\n\ud83d\udd04 Ilmainen peruutus enint\u00e4\u00e4n 24h.<br \/>\n\ud83c\udf1f Varaa aikaisin, suosittu tapahtuma!<br \/>\n\ud83c\udfdb\ufe0f Tapahtumapaikka osoitteessa <a href=\"https:\/\/maps.app.goo.gl\/R9fiHWAcP4tLy9Mu9\">Xanadu<\/a>, Teneriffa.<\/p>","protected":false},"featured_media":11279,"comment_status":"open","ping_status":"closed","template":"","meta":{"_acf_changed":false},"product_brand":[],"product_cat":[59],"product_tag":[],"class_list":{"0":"post-11261","1":"product","2":"type-product","3":"status-publish","4":"has-post-thumbnail","6":"product_cat-evening-shows","7":"wcpa_has_options","9":"first","10":"instock","11":"virtual","12":"purchasable","13":"product-type-simple"},"acf":[],"wcpa_form_fields":{"wcpaData":{"product":{"product_price":35,"price_html":"From&nbsp;<span class=\"woocommerce-Price-amount amount\"><bdi>35,00&nbsp;<span class=\"woocommerce-Price-currencySymbol\">&euro;<\/span><\/bdi><\/span>","original_product_price":35,"price_including_tax":35,"price_excluding_tax":35,"product_id":{"parent":11261,"variation":false},"is_variable":false,"stock_status":"instock","stock_quantity":null,"parent_sku":"CV11261","product_attributes":[],"custom_fields":[],"is_taxable":false,"product_name":"Gladiux Show Tenerife","hasImage":false},"fields":{"sec_h102qb2r1b7":{"extra":{"key":"sec_h102qb2r1b7","section_id":"sec_h102qb2r1b7","name":"Calendar","status":1,"cl_rule":"show","enableCl":false,"relations":[],"toggle":true,"title_tag":"h4","show_title":false,"showPrice":"default","form_id":11474,"form_rules":{"exclude_from_discount":true,"fee_label":"Fee","disp_hide_options_price":true,"disp_show_section_price":false,"disp_show_field_price":true,"layout_option":"standard","pric_use_as_fee":false,"process_fee_as":"woo_fee"},"layout_option":"standard"},"fields":[[{"active":true,"col":6,"relations":false,"cl_rule":"show","enableCl":false,"price":"","enablePrice":false,"className":"","label_position":"default","desc_position":"default","type":"content","required":false,"elementId":"content_8084577962","label":"","name":"content_8084577962","contentType":"rich","value":"<p><strong>Show not available at this moment.<\/strong><\/p>","error":false,"enableDesign":true,"DescColor":"#ff0700","gt_translate_keys":["label","value"],"price_dependency":false,"cl_dependency":false}],[{"label":"\ud83d\udcc5 Date","active":true,"required":true,"elementId":"date_96641647ba4193","picker_type":"custom","picker_mode":"single","placeholder":"","description":"","tooltip":"","name":"date_96641647ba4193","label_position":"default","desc_position":"default","enablePrice":false,"className":"","enableCl":false,"relations":[{"operator":"and","rules":[{"operator":"AND","rules":{"cl_field":"radio-group_96641647ba41a2","cl_relation":"is_not_empty","cl_val":"3 Hour Trip"}}]}],"date_pic_inline":true,"date_pic_inline_hide":true,"min_date":{"type":"days","val":"3"},"max_date":{"type":"days","val":"365"},"date_pic_conf":{"disabledWeeks":[0,1,2,3,4,5,6]},"price":"","cl_rule":"show","col":6,"type":"date","error":false,"enableDesign":false,"LabelColor":"","gt_translate_keys":["label","placeholder","description","tooltip"],"price_dependency":false,"cl_dependency":[false,false],"value":""}]]},"sec_106641647ba41a3":{"extra":{"key":"sec_106641647ba41a3","section_id":"sec_106641647ba41a3","name":"Regular","status":1,"cl_rule":"show","enableCl":true,"relations":[{"operator":false,"rules":[{"operator":"AND","rules":{"cl_field":"date_96641647ba4193","cl_relation":"is_not_empty","cl_val":""}}]}],"toggle":true,"title_tag":"h4","show_title":false,"showPrice":"default","form_id":11474,"form_rules":{"exclude_from_discount":true,"fee_label":"Fee","disp_hide_options_price":true,"disp_show_section_price":false,"disp_show_field_price":true,"layout_option":"standard","pric_use_as_fee":false,"process_fee_as":"woo_fee"},"layout_option":"standard"},"fields":[[{"active":true,"col":6,"relations":false,"cl_rule":"show","enableCl":false,"price":"","enablePrice":false,"className":"","label_position":"default","desc_position":"default","type":"separator","required":false,"elementId":"separator_76641647ba41af","label":"Separator Field","height":"1","separatorType":"blank","error":false,"gt_translate_keys":["label"],"price_dependency":false,"cl_dependency":false,"value":""}],[{"active":true,"col":6,"relations":false,"cl_rule":"show","enableCl":false,"price":"","enablePrice":false,"className":"","label_position":"default","desc_position":"default","type":"content","required":false,"elementId":"content_76641647ba41c3","label":"People","name":"content_76641647ba41c3","contentType":"plain","value":"","error":false,"show_in_checkout":true,"inline":false,"gt_translate_keys":["label","value"],"price_dependency":false,"cl_dependency":false}],[{"active":true,"col":6,"relations":[{"operator":false,"rules":[{"operator":"AND","rules":{"cl_field":"","cl_relation":"","cl_val":""}}]}],"cl_rule":"show","enableCl":true,"price":"45","enablePrice":true,"className":"","label_position":"default","desc_position":"default","type":"radio-group","required":false,"elementId":"radio-group_66641647ba41cd","label":"","name":"radio-group_66641647ba41cd","values":[{"label":"\ud83d\udc64 Adult (45\u20ac)","value":"Adult (45\u20ac)","selected":true,"tempId":"aco_32","tooltip":"+13 Years","description":"","gt_translate_keys":["label","tooltip","description"]}],"layOut":"","error":false,"checkUi":"button","priceOptions":"fixed_for_all","pricingType":"fixed","enable_quantity":true,"quantity_label":"","min_quantity":"0","options_tooltip":true,"options_description":true,"is_show_price":true,"gt_translate_keys":["label","quantity_label"],"price_dependency":["content_3820311617","content-5561342072","content-5624102109"],"cl_dependency":false,"value":""}],[{"label":"","active":true,"required":false,"elementId":"radio-group_46641647ba41d8","name":"radio-group_46641647ba41d8","label_position":"default","desc_position":"default","enablePrice":true,"className":"","enableCl":true,"relations":[{"operator":false,"rules":[{"operator":"AND","rules":{"cl_field":"","cl_relation":"","cl_val":""}}]}],"enable_quantity":true,"quantity_label":"","min_quantity":"0","checkUi":"button","layOut":"","options_tooltip":true,"options_description":true,"values":[{"label":"\ud83d\udc66 Child (22,50\u20ac)","value":"Child (22,50\u20ac)","selected":true,"tempId":"aco_32","tooltip":"4-12 Years","description":"","gt_translate_keys":["label","tooltip","description"]}],"priceOptions":"fixed_for_all","pricingType":"fixed","price":"22.50","cl_rule":"show","col":6,"type":"radio-group","error":false,"is_show_price":true,"gt_translate_keys":["label","quantity_label"],"price_dependency":["content_3820311617","content-5561342072","content-5624102109"],"cl_dependency":false,"value":""}],[{"label":"","active":true,"required":false,"elementId":"radio-group-1941437839","name":"radio-group-1941437839","label_position":"default","desc_position":"default","enablePrice":true,"className":"","enableCl":true,"relations":[{"operator":false,"rules":[{"operator":"AND","rules":{"cl_field":"","cl_relation":"","cl_val":""}}]}],"enable_quantity":true,"quantity_label":"","min_quantity":"0","checkUi":"button","layOut":"","options_tooltip":true,"options_description":true,"values":[{"label":"\ud83d\udc76 Toddle (Free)","value":"Toddle (Free)","selected":true,"tempId":"aco_32","tooltip":"0-3 Years","description":"","gt_translate_keys":["label","tooltip","description"]}],"priceOptions":"fixed_for_all","pricingType":"fixed","price":"0","cl_rule":"show","col":6,"type":"radio-group","error":false,"is_show_price":true,"gt_translate_keys":["label","quantity_label"],"price_dependency":false,"cl_dependency":false,"value":""}],[{"elementId":"separator_96641647ba41b9","separatorType":"fill","className":"","height":"6","enableCl":false,"relations":false,"cl_rule":"show","col":6,"type":"separator","error":false,"separatorColor":"#66a6b6","gt_translate_keys":[],"price_dependency":false,"cl_dependency":false,"value":""}],[{"active":true,"col":6,"relations":false,"cl_rule":"show","enableCl":false,"price":"({field.radio-group_66641647ba41cd.price}*0.3)+({field.radio-group_46641647ba41d8.price}*0.3)","enablePrice":true,"className":"","label_position":"default","desc_position":"default","type":"content","required":false,"elementId":"content_3820311617","label":"Deposit Now","name":"content_3820311617","contentType":"plain","value":"","error":false,"inline":true,"show_in_checkout":true,"subtype":"div","enableDesign":true,"LabelSize":"14px","pricingType":"custom","isTemplate":false,"gt_translate_keys":["label","value"],"price_dependency":false,"cl_dependency":false}],[{"contentType":"plain","active":true,"label":"Payment at Arrival","elementId":"content-5561342072","value":"","inline":true,"show_in_checkout":true,"name":"content-5561342072","enablePrice":true,"className":"","subtype":"div","enableCl":false,"relations":false,"enableDesign":true,"LabelSize":"14px","pricingType":"custom","isTemplate":false,"price":"({field.radio-group_66641647ba41cd.price}*0.7)+({field.radio-group_46641647ba41d8.price}*0.7)","cl_rule":"show","col":6,"type":"content","error":false,"is_show_price":true,"gt_translate_keys":["label","value"],"price_dependency":false,"cl_dependency":false}],[{"contentType":"plain","active":true,"label":"Total Amount","elementId":"content-5624102109","value":"","inline":true,"show_in_checkout":true,"name":"content-5624102109","enablePrice":true,"className":"","subtype":"div","enableCl":false,"relations":false,"enableDesign":true,"LabelSize":"14px","pricingType":"custom","isTemplate":false,"price":"({field.radio-group_66641647ba41cd.price})+({field.radio-group_46641647ba41d8.price})","is_show_price":true,"cl_rule":"show","col":6,"type":"content","error":false,"gt_translate_keys":["label","value"],"price_dependency":false,"cl_dependency":false}]]},"sec_26641647ba4202":{"extra":{"key":"sec_26641647ba4202","section_id":"sec_26641647ba4202","name":"Shuttle Service?","status":1,"cl_rule":"show","enableCl":true,"relations":[{"operator":false,"rules":[{"operator":"AND","rules":{"cl_field":"date_96641647ba4193","cl_relation":"is_not_empty","cl_val":""}}]}],"toggle":true,"title_tag":"h4","show_title":false,"showPrice":"default","form_id":11474,"form_rules":{"exclude_from_discount":true,"fee_label":"Fee","disp_hide_options_price":true,"disp_show_section_price":false,"disp_show_field_price":true,"layout_option":"standard","pric_use_as_fee":false,"process_fee_as":"woo_fee"},"layout_option":"standard"},"fields":[[{"active":true,"col":6,"relations":false,"cl_rule":"show","enableCl":false,"price":"","enablePrice":false,"className":"","label_position":"default","desc_position":"below","type":"checkbox","required":false,"elementId":"checkbox_16641647ba420b","label":"Bus Transfer? (15\u20ac)","name":"checkbox_16641647ba420b","value":"","check_value":"Yes","checkUi":"toggle","error":false,"description":"Pick-up from your hotel in south Tenerife. PAID AT ARRIVAL.","gt_translate_keys":["label","description","value","check_value"],"price_dependency":false,"cl_dependency":["content_106641647ba4214","radio-group_06641647ba421f","radio-group-1726047280","text_16641647ba4231"]}],[{"active":true,"col":6,"relations":false,"cl_rule":"show","enableCl":false,"price":"","enablePrice":false,"className":"","label_position":"default","desc_position":"default","type":"separator","required":false,"elementId":"separator_9863862717","label":"Separator Field","height":"5","separatorType":"blank","error":false,"gt_translate_keys":["label"],"price_dependency":false,"cl_dependency":false,"value":""}],[{"contentType":"plain","active":true,"label":"People for Bus Transfer (Paid at Arrival)","elementId":"content_106641647ba4214","value":"","inline":false,"show_in_checkout":true,"name":"content_106641647ba4214","enablePrice":false,"className":"","enableCl":true,"relations":[{"operator":false,"rules":[{"operator":"AND","rules":{"cl_field":"checkbox_16641647ba420b","cl_relation":"is","cl_val":true}}]}],"price":"","cl_rule":"show","col":6,"type":"content","error":false,"gt_translate_keys":["label","value"],"price_dependency":false,"cl_dependency":false}],[{"label":"","active":true,"required":false,"elementId":"radio-group_06641647ba421f","name":"radio-group_06641647ba421f","label_position":"default","desc_position":"default","enablePrice":true,"className":"","enableCl":true,"relations":[{"operator":false,"rules":[{"operator":"AND","rules":{"cl_field":"checkbox_16641647ba420b","cl_relation":"is","cl_val":true}}]}],"enable_quantity":true,"quantity_label":"","min_quantity":"0","checkUi":"button","layOut":"","options_tooltip":true,"values":[{"label":"\ud83d\udc64 Transport (15\u20ac)","value":"Transport (15\u20ac)","selected":true,"tempId":"aco_32","tooltip":"+4 Years","gt_translate_keys":["label","tooltip"]}],"priceOptions":"fixed_for_all","pricingType":"fixed","price":"15","cl_rule":"show","col":6,"type":"radio-group","error":false,"is_show_price":true,"gt_translate_keys":["label","quantity_label"],"price_dependency":false,"cl_dependency":false,"value":""}],[{"label":"","active":true,"required":false,"elementId":"radio-group-1726047280","name":"radio-group-1726047280","label_position":"default","desc_position":"default","enablePrice":true,"className":"","enableCl":true,"relations":[{"operator":false,"rules":[{"operator":"AND","rules":{"cl_field":"checkbox_16641647ba420b","cl_relation":"is","cl_val":true}}]}],"enable_quantity":true,"quantity_label":"","min_quantity":"0","checkUi":"button","layOut":"","options_tooltip":true,"values":[{"label":"\ud83d\udc76 Toddler Transport (Free)","value":"Toddler Transport (Free)","selected":true,"tempId":"aco_32","tooltip":"0-3 Years","gt_translate_keys":["label","tooltip"]}],"priceOptions":"fixed_for_all","pricingType":"fixed","price":"0","cl_rule":"show","col":6,"type":"radio-group","error":false,"gt_translate_keys":["label","quantity_label"],"price_dependency":false,"cl_dependency":false,"value":""}],[{"active":true,"col":6,"relations":[{"operator":false,"rules":[{"operator":"AND","rules":{"cl_field":"checkbox_16641647ba420b","cl_relation":"is","cl_val":true}}]}],"cl_rule":"show","enableCl":true,"price":"","enablePrice":false,"className":"","label_position":"default","desc_position":"default","type":"text","subtype":"text","required":false,"elementId":"text_16641647ba4231","label":"\ud83d\ude8c Pickup Location","name":"text_16641647ba4231","value":"","error":false,"description":"Pick-up service in Tenerife South. Simply provide your address or hotel name.","gt_translate_keys":["label","description","value"],"price_dependency":false,"cl_dependency":false}]]}},"config":{"price_override":"always","enable_recaptcha":false,"bind_quantity":false,"quantity_bind_formula":false,"disp_summ_show_option_price":false,"disp_summ_show_product_price":false,"disp_summ_show_total_price":false,"disp_summ_show_fee":false,"disp_summ_show_discount":false,"summary_title":"","options_total_label":"Options Price","total_label":"Total Amount","options_product_label":"Product Price","fee_label":"Fee","discount_label":"Discount","has_price":true,"has_quantity_formula":false},"mc_unit":1,"tax_rate":1,"tax_rate_real":1,"discount":{"percentage":0,"fixed":0},"design":{"conf":{"LabelPosition":"above","DescPosition":"above","UploadField":"custom_1","QuantityFieldStyle":"custom_1"},"css":{"LeftLabelWidth":"120px"}},"formulas":[],"lookuptables":[],"clones":false,"cartKey":false}},"_links":{"self":[{"href":"https:\/\/canaryvip.com\/fi\/wp-json\/wp\/v2\/product\/11261","targetHints":{"allow":["GET"]}}],"collection":[{"href":"https:\/\/canaryvip.com\/fi\/wp-json\/wp\/v2\/product"}],"about":[{"href":"https:\/\/canaryvip.com\/fi\/wp-json\/wp\/v2\/types\/product"}],"replies":[{"embeddable":true,"href":"https:\/\/canaryvip.com\/fi\/wp-json\/wp\/v2\/comments?post=11261"}],"wp:featuredmedia":[{"embeddable":true,"href":"https:\/\/canaryvip.com\/fi\/wp-json\/wp\/v2\/media\/11279"}],"wp:attachment":[{"href":"https:\/\/canaryvip.com\/fi\/wp-json\/wp\/v2\/media?parent=11261"}],"wp:term":[{"taxonomy":"product_brand","embeddable":true,"href":"https:\/\/canaryvip.com\/fi\/wp-json\/wp\/v2\/product_brand?post=11261"},{"taxonomy":"product_cat","embeddable":true,"href":"https:\/\/canaryvip.com\/fi\/wp-json\/wp\/v2\/product_cat?post=11261"},{"taxonomy":"product_tag","embeddable":true,"href":"https:\/\/canaryvip.com\/fi\/wp-json\/wp\/v2\/product_tag?post=11261"}],"curies":[{"name":"wp","href":"https:\/\/api.w.org\/{rel}","templated":true}]}}