{"id":11181,"date":"2024-04-11T19:47:34","date_gmt":"2024-04-11T18:47:34","guid":{"rendered":"https:\/\/canaryvip.com\/?post_type=product&#038;p=11181"},"modified":"2026-03-06T15:02:30","modified_gmt":"2026-03-06T15:02:30","slug":"la-gomera-jeep-safari-from-tenerife","status":"publish","type":"product","link":"https:\/\/canaryvip.com\/fi\/shop\/la-gomera-jeep-safari-from-tenerife\/","title":{"rendered":"La Gomera jeeppisafari Teneriffalta k\u00e4sin"},"content":{"rendered":"<h2>Aloita <strong>La Gomera jeeppisafarikierros Teneriffalta k\u00e4sin<\/strong><\/h2>\n<p>Tule mukaan j\u00e4nnitt\u00e4v\u00e4\u00e4n <strong>Jeeppisafari La Gomeralle,<\/strong> ainutlaatuinen helmi Kanariansaarten joukossa. Koe intiimi ryhm\u00e4kokemus pienryhm\u00e4retkill\u00e4mme, jotka ovat ihanteellisia perheille tai yst\u00e4ville ja joihin mahtuu enint\u00e4\u00e4n 8 matkustajaa jeeppi\u00e4 kohti.<\/p>\n<p>Sukella lumoavaan maailmaan matkalla Atlantin yli Teneriffalta San Sebasti\u00e1n de La Gomeran rannoille. Mukavat lauttamme kuljettavat sinut saumattomasti ja valmistavat sinut seikkailuun, jossa yhdistyv\u00e4t luonnonkauneus ja kulttuuriperint\u00f6.<\/p>\n<p><strong>\u26a0\ufe0f <span style=\"text-decoration: underline;\">T\u00c4RKE\u00c4 ILMOITUS:<\/span><\/strong> Muistathan pit\u00e4\u00e4 voimassa olevan passin mukanasi matkap\u00e4iv\u00e4n\u00e4. Ilman voimassa olevaa passia et p\u00e4\u00e4se La Gomeran lautalle, eik\u00e4 matkan hinnan palautus ole mahdollista. Varmista, ett\u00e4 passisi on valmiina, jotta voit nauttia ikimuistoisesta matkasta, joka on t\u00e4ynn\u00e4 La Gomeran luonnonkauneutta.<\/p>\n<h3><strong>La Gomeran kiertomatkan kohokohdat:<\/strong><\/h3>\n<ul>\n<li>\ud83c\udf3f <strong>Garajonayn kansallispuisto:<\/strong> Tutustu t\u00e4m\u00e4n Unescon maailmanperint\u00f6kohteen ikivanhoihin laakeripuumetsiin ja vehre\u00e4\u00e4n ymp\u00e4rist\u00f6\u00f6n. Se on luonnonyst\u00e4vien paratiisi ja luonnon monimuotoisuuden spektaakkeli.<\/li>\n<li>\ud83c\udfde\ufe0f <strong>Hermigua:<\/strong> Tunnettu vehreist\u00e4 palmuviljelmist\u00e4\u00e4n ja Kanariansaarten guarapo-mehun tuotannosta. Tutustu siihen, miksi Hermigua on kuuluisa korkeasta el\u00e4m\u00e4nlaadustaan ja maisemallisesta kauneudestaan.<\/li>\n<li>\ud83c\udf74 <strong>Aito paikallinen keitti\u00f6:<\/strong> Herkuttele perinteisill\u00e4 Kanariansaarten ruokalajeilla paikallisessa ravintolassa, jossa voit maistella makuja, jotka tekev\u00e4t La Gomeran keitti\u00f6st\u00e4 unohtumattoman.<\/li>\n<li>\ud83c\udf0a <strong>San Sebasti\u00e1n de La Gomera:<\/strong> Kuljeskele saaren p\u00e4\u00e4kaupungin v\u00e4rikk\u00e4ill\u00e4 kaduilla, ihaile sen arkkitehtonista kauneutta ja nauti vapaa-ajasta, jonka aikana voit tutustua kaupunkiin omatoimisesti.<\/li>\n<li>\ud83c\udf04 <strong>Agulo:<\/strong> Kulje t\u00e4m\u00e4n vieh\u00e4tt\u00e4v\u00e4n kyl\u00e4n l\u00e4pi, joka on tunnettu kapeista mukulakivikaduistaan ja henke\u00e4salpaavista n\u00e4kymist\u00e4 Atlantille.<\/li>\n<li>\ud83c\udfd6\ufe0f <strong>Laguna Grande:<\/strong> Merkitt\u00e4v\u00e4 ja rauhallinen paikka, joka sopii t\u00e4ydellisesti mietiskelyyn Garajonayn alueella. Sen ainutlaatuinen ymp\u00e4rist\u00f6 tekee siit\u00e4 kiertomatkamme t\u00e4rke\u00e4n pys\u00e4hdyspaikan.<\/li>\n<\/ul>\n<h3><strong>Mit\u00e4 La Gomera Jeep Safari Tour sis\u00e4lt\u00e4\u00e4:<\/strong><\/h3>\n<ul>\n<li>\ud83d\ude90 <strong>Edestakainen kuljetus:<\/strong> Tarjoamme k\u00e4tev\u00e4n nouto- ja palautuspalvelun majoituspaikastasi tai l\u00e4heisest\u00e4 paikasta joko Puerto de la Cruzissa tai Playa de las Am\u00e9ricasissa.<\/li>\n<li>\u26f4\ufe0f <strong>Lauttakuljetukset:<\/strong> Nauti sujuvista lauttamatkoista La Gomeralle ja La Gomeralta, mik\u00e4 takaa mukavan matkan Atlantin yli.<\/li>\n<li>\ud83c\udf7d\ufe0f <strong>Lounas ja paikallisia maistiaisia:<\/strong> Majoitukseen sis\u00e4ltyy herkullinen ateria, joka antaa sinulle maistiaisia paikallisista kulinaarisista herkuista.<\/li>\n<li>\ud83d\udde3\ufe0f <strong>Monikielinen tuki:<\/strong> Kierroksemme ovat saatavilla useilla kielill\u00e4, kuten espanjaksi, englanniksi, saksaksi, ranskaksi, italiaksi, hollanniksi ja puolaksi, jotta voimme palvella erilaisia vieraita.<\/li>\n<\/ul>\n<h3><b>Varausk\u00e4yt\u00e4nt\u00f6 &amp; joustavuus<\/b><\/h3>\n<p><span style=\"font-weight: 400;\">\ud83d\udd01 <\/span><b>Ilmainen peruutus enint\u00e4\u00e4n 48 tuntia:<\/b><span style=\"font-weight: 400;\"> Suunnitelmat voivat muuttua. Voit peruuttaa tai muuttaa varaustasi enint\u00e4\u00e4n seuraaviin p\u00e4iv\u00e4m\u00e4\u00e4riin asti <\/span><b>48 tuntia ennen toimintaa<\/b><span style=\"font-weight: 400;\"> ja saat t\u00e4yden hyvityksen.<\/span><\/p>\n<p><span style=\"font-weight: 400;\">\ud83d\udeab <\/span><b>No-Show-k\u00e4yt\u00e4nt\u00f6:<\/b><span style=\"font-weight: 400;\"> Jos et osallistu aktiviteettiin tai saavut liian my\u00f6h\u00e4\u00e4n osallistuaksesi, varaus katsotaan hyl\u00e4tyksi. <\/span><b>no-show ja ei palauteta.<\/b><span style=\"font-weight: 400;\">.<\/span><\/p>\n<p><span style=\"font-weight: 400;\">\ud83c\udf0a <\/span><b>S\u00e4\u00e4olosuhteet:<\/b><span style=\"font-weight: 400;\"> Jos retki ei voi toteutua vaarallisten s\u00e4\u00e4olosuhteiden vuoksi, sinulla on mahdollisuus valita seuraavat vaihtoehdot <\/span><b>siirt\u00e4\u00e4 aikataulusi toiselle p\u00e4iv\u00e4lle tai saada t\u00e4yden hyvityksen.<\/b><span style=\"font-weight: 400;\">.<\/span><\/p>\n<h4><strong>Varaa jeeppisafariseikkailusi La Gomeralle jo t\u00e4n\u00e4\u00e4n!<\/strong><\/h4>\n<p>\u00c4l\u00e4 missaa t\u00e4t\u00e4 ainutlaatuista tilaisuutta tutustua upeisiin maisemiin ja kulttuuriseen rikkauteen. <a href=\"https:\/\/www.google.com\/maps\/place\/La+Gomera\/@28.1188754,-17.3060924,12z\/data=!3m1!4b1!4m6!3m5!1s0xc6ae33697cbc54d:0x59c58fe23f47d04e!8m2!3d28.1033035!4d-17.2193578!16zL20vMDFnNG1q?entry=ttu\" target=\"_blank\" rel=\"noopener\">La Gomera<\/a> kanssa <a href=\"https:\/\/canaryvip.com\/fi\/\">CanaryVIP.<\/a><\/p>\n<p>Garajonayn taianomaisista metsist\u00e4 Agulon vieh\u00e4tt\u00e4ville kaduille ja muualle, l\u00e4hde matkalle, joka on t\u00e4ynn\u00e4 l\u00f6yt\u00f6j\u00e4 ja seikkailuja. Varaa paikkasi nyt ja koe La Gomeran parhaat puolet!<\/p>","protected":false},"excerpt":{"rendered":"<p>\ud83d\udd0d <strong>Kierroksen kohokohdat:<\/strong><br \/>\n\u2705 Turvallinen maksu.<br \/>\n\ud83c\uddee\ud83c\udde8 Tutustu La Gomeran saareen.<br \/>\n\ud83c\udf33 Vieraile Garajonayn puistossa.<br \/>\n\ud83d\udde3\ufe0f Suora vihellysesitys.<br \/>\n\ud83c\udf7d\ufe0f Kanarialainen lounas sis\u00e4ltyy hintaan.<br \/>\n\ud83d\udcc5 Maanantaista lauantaihin.<br \/>\n\u23f0 Kesto Noin 9h.<br \/>\n\ud83d\ude8c Hotellin nouto ja j\u00e4tt\u00e4minen.<br \/>\n\ud83d\udd04 48hr ilmainen peruutus.<br \/>\n\ud83c\udf0d Opas omalla kielell\u00e4si.<br \/>\n\ud83e\udd11 Paras hinta taattu.<br \/>\n\ud83c\udf1f Varaa nyt ja s\u00e4\u00e4st\u00e4!<\/p>","protected":false},"featured_media":11183,"comment_status":"open","ping_status":"closed","template":"","meta":{"_acf_changed":false},"product_brand":[],"product_cat":[67],"product_tag":[],"class_list":{"0":"post-11181","1":"product","2":"type-product","3":"status-publish","4":"has-post-thumbnail","6":"product_cat-jeep-tours","7":"wcpa_has_options","9":"first","10":"instock","11":"virtual","12":"purchasable","13":"product-type-simple"},"acf":[],"wcpa_form_fields":{"wcpaData":{"product":{"product_price":145,"price_html":"From&nbsp;<span class=\"woocommerce-Price-amount amount\"><bdi>145,00&nbsp;<span class=\"woocommerce-Price-currencySymbol\">&euro;<\/span><\/bdi><\/span>","original_product_price":145,"price_including_tax":145,"price_excluding_tax":145,"product_id":{"parent":11181,"variation":false},"is_variable":false,"stock_status":"instock","stock_quantity":null,"parent_sku":"CV11181","product_attributes":[],"custom_fields":[],"is_taxable":false,"product_name":"La Gomera Jeep Safari from Tenerife","hasImage":false},"fields":{"sec_36619078bba64e":{"extra":{"key":"sec_36619078bba64e","section_id":"sec_36619078bba64e","name":"Tickets","status":1,"cl_rule":"show","enableCl":false,"relations":[{"operator":false,"rules":[{"operator":"AND","rules":{"cl_field":"radio-group_665df45fcbc30b","cl_relation":"is","cl_val":"Siam Park Regular Tickets"}}]}],"toggle":true,"title_tag":"h4","show_title":false,"showPrice":"default","form_id":11188,"form_rules":{"exclude_from_discount":true,"fee_label":"Fee","disp_hide_options_price":true,"disp_show_section_price":false,"disp_show_field_price":true,"layout_option":"standard","pric_use_as_fee":false,"process_fee_as":"woo_fee"},"layout_option":"standard"},"fields":[[{"active":true,"col":6,"relations":false,"cl_rule":"show","enableCl":false,"price":"","enablePrice":false,"className":"","label_position":"default","desc_position":"default","type":"select","required":true,"elementId":"select_06619078bba6b6","label":"\ud83c\udf0e Language","name":"select_06619078bba6b6","values":[{"label":"English","value":"English","selected":false,"tempId":"aco_1213","gt_translate_keys":["label"]},{"label":"Dutch","value":"Dutch","selected":false,"tempId":"aco_693","gt_translate_keys":["label"]},{"label":"German","value":"German","selected":false,"tempId":"aco_1567","gt_translate_keys":["label"]},{"label":"French","value":"French","selected":false,"tempId":"aco_1215","gt_translate_keys":["label"]},{"label":"Polish","value":"Polish","selected":false,"tempId":"aco_1212","gt_translate_keys":["label"]},{"label":"Italian","value":"Italian","selected":false,"tempId":"aco_611","gt_translate_keys":["label"]},{"label":"Spanish","value":"Spanish","selected":false,"tempId":"aco_1214","gt_translate_keys":["label"]}],"dropdown_type":"basic","error":false,"placeholder":"None","gt_translate_keys":["label","placeholder"],"price_dependency":false,"cl_dependency":["date_86619078bba66f","date_86619078bba66f","date_86619078bba66f","date-8573541398","date-8573541398","date-0948401647","date-1264231762"],"value":""}],[{"label":"\ud83d\udcc5 Date","active":true,"required":true,"elementId":"date_86619078bba66f","picker_type":"custom","picker_mode":"single","placeholder":"","description":"","tooltip":"","name":"date_86619078bba66f","label_position":"default","desc_position":"default","enablePrice":false,"className":"","enableCl":true,"relations":[{"operator":"and","rules":[{"operator":"or","rules":{"cl_field":"select_06619078bba6b6","cl_relation":"is","cl_val":"Dutch"}},{"operator":"or","rules":{"cl_field":"select_06619078bba6b6","cl_relation":"is","cl_val":"German"}},{"operator":"AND","rules":{"cl_field":"select_06619078bba6b6","cl_relation":"is","cl_val":"French"}}]}],"date_pic_inline":true,"date_pic_inline_hide":true,"min_date":{"type":"days","val":"3"},"max_date":{"type":"days","val":"365"},"date_pic_conf":{"disabledWeeks":[0,6]},"price":"","cl_rule":"show","col":6,"type":"date","error":false,"enableDesign":false,"LabelColor":"","isWeightTemplate":false,"isTemplate":false,"min_quantity":"1","quantity_decimal":false,"quantity_step":"1","quantity_label":"Quantity","repeater_field_label":"{field_label}","repeater_bind":"","gt_translate_keys":["label","placeholder","description","tooltip","repeater_field_label","quantity_label"],"price_dependency":false,"cl_dependency":false,"value":""}],[{"label":"\ud83d\udcc5 Date","active":true,"required":true,"elementId":"date-8573541398","picker_type":"custom","picker_mode":"single","placeholder":"","description":"","tooltip":"","name":"date-8573541398","label_position":"default","desc_position":"default","enablePrice":false,"className":"","enableCl":true,"relations":[{"operator":"and","rules":[{"operator":"or","rules":{"cl_field":"select_06619078bba6b6","cl_relation":"is","cl_val":"English"}},{"operator":false,"rules":{"cl_field":"select_06619078bba6b6","cl_relation":"is","cl_val":"Spanish"}}]}],"enableDesign":false,"LabelColor":"","date_pic_inline":true,"date_pic_inline_hide":true,"min_date":{"type":"days","val":"3"},"max_date":{"type":"days","val":"365"},"date_pic_conf":{"disabledWeeks":[0,2,3,6,4]},"price":"","cl_rule":"show","col":6,"type":"date","error":false,"isWeightTemplate":false,"isTemplate":false,"min_quantity":"1","quantity_decimal":false,"quantity_step":"1","quantity_label":"Quantity","repeater_field_label":"{field_label}","repeater_bind":"","gt_translate_keys":["label","placeholder","description","tooltip","repeater_field_label","quantity_label"],"price_dependency":false,"cl_dependency":false,"value":""}],[{"label":"\ud83d\udcc5 Date","active":true,"required":true,"elementId":"date-0948401647","picker_type":"custom","picker_mode":"single","placeholder":"","description":"","tooltip":"","name":"date-0948401647","label_position":"default","desc_position":"default","enablePrice":false,"className":"","enableCl":true,"relations":[{"operator":"and","rules":[{"operator":false,"rules":{"cl_field":"select_06619078bba6b6","cl_relation":"is","cl_val":"Polish"}}]}],"enableDesign":false,"LabelColor":"","date_pic_inline":true,"date_pic_inline_hide":true,"min_date":{"type":"days","val":"3"},"max_date":{"type":"days","val":"365"},"date_pic_conf":{"disabledWeeks":[0,2,4,5]},"price":"","cl_rule":"show","col":6,"type":"date","error":false,"isWeightTemplate":false,"isTemplate":false,"min_quantity":"1","quantity_decimal":false,"quantity_step":"1","quantity_label":"Quantity","repeater_field_label":"{field_label}","repeater_bind":"","gt_translate_keys":["label","placeholder","description","tooltip","repeater_field_label","quantity_label"],"price_dependency":false,"cl_dependency":false,"value":""}],[{"label":"\ud83d\udcc5 Date","active":true,"required":true,"elementId":"date-1264231762","picker_type":"custom","picker_mode":"single","placeholder":"","description":"","tooltip":"","name":"date-1264231762","label_position":"default","desc_position":"default","enablePrice":false,"className":"","enableCl":true,"relations":[{"operator":"and","rules":[{"operator":false,"rules":{"cl_field":"select_06619078bba6b6","cl_relation":"is","cl_val":"Italian"}}]}],"enableDesign":false,"LabelColor":"","date_pic_inline":true,"date_pic_inline_hide":true,"min_date":{"type":"days","val":"3"},"max_date":{"type":"days","val":"365"},"date_pic_conf":{"disabledWeeks":[0,1,2,3,5,6]},"price":"","cl_rule":"show","col":6,"type":"date","error":false,"isWeightTemplate":false,"isTemplate":false,"min_quantity":"1","quantity_decimal":false,"quantity_step":"1","quantity_label":"Quantity","repeater_field_label":"{field_label}","repeater_bind":"","gt_translate_keys":["label","placeholder","description","tooltip","repeater_field_label","quantity_label"],"price_dependency":false,"cl_dependency":false,"value":""}],[{"elementId":"separator_76619078bba67e","separatorType":"blank","className":"","height":"10","enableCl":false,"relations":false,"cl_rule":"show","col":6,"type":"separator","gt_translate_keys":[],"price_dependency":false,"cl_dependency":false,"value":""}],[{"active":true,"col":6,"relations":false,"cl_rule":"show","enableCl":false,"price":"","enablePrice":false,"className":"","label_position":"default","desc_position":"default","type":"content","required":false,"elementId":"content_106619078bba68a","label":"People","name":"content_106619078bba68a","contentType":"plain","value":"","error":false,"show_in_checkout":true,"inline":false,"gt_translate_keys":["label","value"],"price_dependency":false,"cl_dependency":false}],[{"active":true,"col":6,"relations":[{"operator":false,"rules":[{"operator":"AND","rules":{"cl_field":"","cl_relation":"","cl_val":""}}]}],"cl_rule":"show","enableCl":true,"price":"145","enablePrice":true,"className":"","label_position":"default","desc_position":"default","type":"radio-group","required":false,"elementId":"radio-group_96619078bba696","label":"","name":"radio-group_96619078bba696","values":[{"label":"\ud83d\udc64 Adult (145\u20ac)","value":"Adult","selected":true,"tempId":"aco_32","tooltip":"+12 Years","description":"","gt_translate_keys":["label","tooltip","description"]}],"layOut":"","error":false,"checkUi":"button","priceOptions":"fixed_for_all","pricingType":"fixed","enable_quantity":true,"quantity_label":"","min_quantity":"0","options_tooltip":true,"options_description":true,"gt_translate_keys":["label","quantity_label"],"price_dependency":false,"cl_dependency":false,"value":""}],[{"label":"","active":true,"required":false,"elementId":"radio-group_56619078bba6a2","name":"radio-group_56619078bba6a2","label_position":"default","desc_position":"default","enablePrice":true,"className":"","enableCl":false,"relations":false,"enable_quantity":true,"quantity_label":"","min_quantity":"0","checkUi":"button","layOut":"","values":[{"label":"\ud83d\udc66 Child (118\u20ac)","value":"Child","selected":true,"tempId":"aco_32","tooltip":"3-11 Years","description":"","gt_translate_keys":["label","tooltip","description"]}],"priceOptions":"fixed_for_all","pricingType":"fixed","price":"118","cl_rule":"show","col":6,"type":"radio-group","error":false,"options_tooltip":true,"options_description":true,"gt_translate_keys":["label","quantity_label"],"price_dependency":false,"cl_dependency":false,"value":""}],[{"label":"","active":true,"required":false,"elementId":"radio-group_96619078bba6ad","name":"radio-group_96619078bba6ad","label_position":"default","desc_position":"default","enablePrice":true,"className":"","enableCl":false,"relations":false,"enable_quantity":true,"quantity_label":"","min_quantity":"0","checkUi":"button","layOut":"","options_tooltip":true,"options_description":true,"values":[{"label":"\ud83d\udc76 Toddler (6,25\u20ac)","value":"Toddler","selected":true,"tempId":"aco_32","tooltip":"0-2 Years","description":"","gt_translate_keys":["label","tooltip","description"]}],"priceOptions":"fixed_for_all","pricingType":"fixed","price":"6,25","cl_rule":"show","col":6,"type":"radio-group","error":false,"gt_translate_keys":["label","quantity_label"],"price_dependency":false,"cl_dependency":false,"value":""}],[{"active":true,"col":6,"relations":false,"cl_rule":"show","enableCl":false,"price":"","enablePrice":false,"className":"","label_position":"default","desc_position":"default","type":"separator","required":false,"elementId":"separator_86619078bba6c1","label":"Separator Field","height":"7","separatorType":"blank","error":false,"gt_translate_keys":["label"],"price_dependency":false,"cl_dependency":false,"value":""}],[{"active":true,"col":6,"relations":false,"cl_rule":"show","enableCl":false,"price":"","enablePrice":false,"className":"","label_position":"default","desc_position":"default","type":"text","subtype":"text","required":true,"elementId":"text_76619078bba6ca","label":"\ud83d\ude8c Pickup Location","name":"text_76619078bba6ca","value":"","description":"Free pick-up service in Tenerife South. Simply provide your address or hotel name.","error":false,"isWeightTemplate":false,"isTemplate":false,"min_quantity":"1","quantity_decimal":false,"quantity_step":"1","quantity_label":"Quantity","repeater_field_label":"{field_label}","repeater_bind":"","gt_translate_keys":["label","description","value","repeater_field_label","quantity_label"],"price_dependency":false,"cl_dependency":false}]]}},"config":{"price_override":"always","enable_recaptcha":false,"bind_quantity":false,"quantity_bind_formula":false,"disp_summ_show_option_price":true,"disp_summ_show_product_price":false,"disp_summ_show_total_price":true,"disp_summ_show_fee":true,"disp_summ_show_discount":true,"summary_title":"","options_total_label":"Options Price","total_label":"Total Amount","options_product_label":"Product Price","fee_label":"Fee","discount_label":"Discount","has_price":true,"has_quantity_formula":false},"mc_unit":1,"tax_rate":1,"tax_rate_real":1,"discount":{"percentage":0,"fixed":0},"design":{"conf":{"LabelPosition":"above","DescPosition":"above","UploadField":"custom_1","QuantityFieldStyle":"custom_1"},"css":{"LeftLabelWidth":"120px"}},"formulas":[],"lookuptables":[],"clones":false,"cartKey":false}},"_links":{"self":[{"href":"https:\/\/canaryvip.com\/fi\/wp-json\/wp\/v2\/product\/11181","targetHints":{"allow":["GET"]}}],"collection":[{"href":"https:\/\/canaryvip.com\/fi\/wp-json\/wp\/v2\/product"}],"about":[{"href":"https:\/\/canaryvip.com\/fi\/wp-json\/wp\/v2\/types\/product"}],"replies":[{"embeddable":true,"href":"https:\/\/canaryvip.com\/fi\/wp-json\/wp\/v2\/comments?post=11181"}],"wp:featuredmedia":[{"embeddable":true,"href":"https:\/\/canaryvip.com\/fi\/wp-json\/wp\/v2\/media\/11183"}],"wp:attachment":[{"href":"https:\/\/canaryvip.com\/fi\/wp-json\/wp\/v2\/media?parent=11181"}],"wp:term":[{"taxonomy":"product_brand","embeddable":true,"href":"https:\/\/canaryvip.com\/fi\/wp-json\/wp\/v2\/product_brand?post=11181"},{"taxonomy":"product_cat","embeddable":true,"href":"https:\/\/canaryvip.com\/fi\/wp-json\/wp\/v2\/product_cat?post=11181"},{"taxonomy":"product_tag","embeddable":true,"href":"https:\/\/canaryvip.com\/fi\/wp-json\/wp\/v2\/product_tag?post=11181"}],"curies":[{"name":"wp","href":"https:\/\/api.w.org\/{rel}","templated":true}]}}