{"id":11043,"date":"2024-04-11T00:15:30","date_gmt":"2024-04-10T23:15:30","guid":{"rendered":"https:\/\/canaryvip.com\/?post_type=product&#038;p=11043"},"modified":"2025-08-09T12:45:04","modified_gmt":"2025-08-09T11:45:04","slug":"jeep-teide-masca-guided-tour","status":"publish","type":"product","link":"https:\/\/canaryvip.com\/fi\/shop\/jeep-teide-masca-guided-tour\/","title":{"rendered":"Teide &amp; Masca jeeppisafari Teneriffalla"},"content":{"rendered":"<h2>\ud83c\udf1f L\u00f6yd\u00e4 <strong>Teide ja Masca jeeppiopastetulla retkell\u00e4mme<\/strong> \ud83d\ude99<\/h2>\n<p>L\u00e4hde mukaan kiehtovalle matkalle CanaryVIP:n kanssa, kun viemme sinut eksklusiiviselle tutkimusmatkalle Teneriffan upeimpiin maisemiin ja vieh\u00e4tt\u00e4viin kyliin Teide &amp; Masca -jeeppikierroksellamme. T\u00e4m\u00e4 seikkailu sopii erinomaisesti perheille, yksityishenkil\u00f6ille tai pienille ryhmille, ja se takaa intiimin ja unohtumattoman kokemuksen enint\u00e4\u00e4n 8 henkil\u00f6lle jeeppi\u00e4 kohden.<\/p>\n<p>Sukella syvemm\u00e4lle Teneriffan syd\u00e4meen ja tutustu sen upeaan luonnonkauneuteen ja rikkaaseen kulttuuriperint\u00f6\u00f6n kokeneiden ja monikielisten kuljettajiemme opastamana vankkojen, maastokelpoisten 4\u00d74-jeeppejemme mukavuudesta.<\/p>\n<h3><strong>Laajennetun seikkailun kohokohdat: Teide &amp; Masca<\/strong><\/h3>\n<ul>\n<li>\ud83c\udf0b <strong>Pico Viejo<\/strong>: Koe Pico Viejon kunnioitusta her\u00e4tt\u00e4v\u00e4 kauneus. T\u00e4m\u00e4 800 metri\u00e4 halkaisijaltaan oleva moniv\u00e4rinen kraatteri on tunnettu silmiinpist\u00e4v\u00e4st\u00e4, moniv\u00e4risest\u00e4 kraatteristaan, ja se on n\u00e4ht\u00e4vyys, joka tarjoaa vertaansa vailla olevia n\u00e4kymi\u00e4 ja eloisan n\u00e4ytteen luonnon taiteellisuudesta.<\/li>\n<li>\ud83c\udfdc\ufe0f <strong>Roques de Garc\u00eda<\/strong>: Ihaile Roques de Garc\u00edaa, joka on Teiden kansallispuiston yl\u00e4puolella kohoava kalliomuodostelma. N\u00e4m\u00e4 erikoiset rakenteet, jotka on muodostettu eri materiaalien kerroksista, kuuluvat retken ainutlaatuisimpiin n\u00e4ht\u00e4vyyksiin.<\/li>\n<li>\ud83c\udf04 <strong>Aripe ja Chirche<\/strong>: Kuljeskele Aripen ja Chirchen vieh\u00e4tt\u00e4vill\u00e4 kaduilla, joiden alkuper\u00e4inen arkkitehtuuri on per\u00e4isin 1700- ja 1800-luvuilta. Koe aitoa Teneriffan maaseutuel\u00e4m\u00e4\u00e4 luonnon ja rauhallisuuden ymp\u00e4r\u00f6im\u00e4n\u00e4.<\/li>\n<li>\ud83c\udfde\ufe0f <strong>Teiden kansallispuisto<\/strong>: Tutustu Unescon maailmanperint\u00f6luetteloon kuuluvaan Teiden kansallispuistoon, joka on majesteettisen Teide-vuoren hallitsema luonnon ihmemaa. Sen monipuoliset v\u00e4rit, villiel\u00e4imet ja surrealistiset maisemat tekev\u00e4t puistosta retkemme keskipisteen.<\/li>\n<li>\ud83c\udf32 <strong>Vilaflor<\/strong>: Vieraile Vilaflorissa, joka sijaitsee m\u00e4ntyjen keskell\u00e4 l\u00e4hell\u00e4 tulivuoren huippua. Tutustu rauhallisuuteen, jota t\u00e4llaisella korkeudella asuminen tuo tullessaan, ja nauti puhtaasta ilmasta ja upeista n\u00e4kymist\u00e4 kansallispuistoon.<\/li>\n<li>\ud83c\udfde\ufe0f <strong>Masca<\/strong>: Masca, yksi Teneriffan vieh\u00e4tt\u00e4vimmist\u00e4 kylist\u00e4, on Kanarian luonnon arkkitehtuurin ruumiillistuma. Kierroksemme antaa sinulle omakohtaisen kokemuksen t\u00e4st\u00e4 vieh\u00e4tt\u00e4v\u00e4st\u00e4 paikasta.<\/li>\n<\/ul>\n<h3><strong>Parannettu kiertueen yksityiskohdat:<\/strong><\/h3>\n<ul>\n<li>\ud83d\ude99 <strong>Ajoneuvot ja liikenne:<\/strong> Kulkekaa karuilla maastoilla nelivetoisilla jeepeill\u00e4mme, jotka takaavat mukavan ja j\u00e4nnitt\u00e4v\u00e4n seikkailun. Saarten v\u00e4lisi\u00e4 matkoja sis\u00e4lt\u00e4vill\u00e4 matkoilla lauttakuljetukset sis\u00e4ltyv\u00e4t hintaan, mik\u00e4 tarjoaa saumattoman kokemuksen.<\/li>\n<li>\ud83d\udc65 <strong>Pienryhm\u00e4takuu:<\/strong> Nauti yksil\u00f6llisemm\u00e4st\u00e4 seikkailusta pieniss\u00e4 ryhmiss\u00e4, joissa on enint\u00e4\u00e4n 8 matkustajaa jeeppi\u00e4 kohden, kuljettaja mukaan lukien, osana saattueeseen kuuluvaa ryhm\u00e4\u00e4.<\/li>\n<li>\ud83d\udd12 <strong>Yksityinen vaihtoehto saatavilla:<\/strong> Jos haluat eksklusiivisen kokemuksen, valitse VIP- tai yksityinen kiertueemme, jolloin voit valita matkaseurueesi.<\/li>\n<li>\ud83d\udd01 <strong>Osallistava liikenne:<\/strong> Tarjoamme k\u00e4tev\u00e4n nouto- ja palautuspalvelun majapaikastasi tai l\u00e4hist\u00f6lt\u00e4, joten kokemuksesi on vaivaton alusta loppuun.<\/li>\n<\/ul>\n<h3><strong>Kattavat tiedot kiertueesta:<\/strong><\/h3>\n<ul>\n<li>\ud83d\udd58 <strong>Kesto ja aikataulut:<\/strong> Kierros kest\u00e4\u00e4 noin 7 tuntia, ja se kest\u00e4\u00e4 klo 09:00-04:00, joten voit uppoutua t\u00e4ysin Teneriffan kauneuteen.<\/li>\n<li>\ud83d\uddd3\ufe0f <strong>K\u00e4ytett\u00e4viss\u00e4 olevat p\u00e4iv\u00e4t:<\/strong> L\u00e4hde t\u00e4lle seikkailulle maanantaista lauantaihin, ja tarjoamme joustavia vaihtoehtoja aikataulusi mukaan.<\/li>\n<li>\ud83c\udf0d <strong>Tarjotut kielet:<\/strong> Kierroksia j\u00e4rjestet\u00e4\u00e4n useilla kielill\u00e4, kuten espanjaksi, englanniksi, saksaksi, ranskaksi, italiaksi, hollanniksi ja puolaksi, ja ne palvelevat maailmanlaajuista yleis\u00f6\u00e4.<\/li>\n<\/ul>\n<h3><strong>P\u00e4ivitetyt varaus- ja peruutusehdot:<\/strong><\/h3>\n<ul>\n<li>\ud83d\udd04 <strong>Joustavat peruutukset:<\/strong> Ymm\u00e4rr\u00e4mme, ett\u00e4 suunnitelmat voivat muuttua, ja siksi tarjoamme mahdollisuuden peruuttaa tai siirt\u00e4\u00e4 retkesi jopa 24 tuntia etuk\u00e4teen, jotta voit olla mahdollisimman huoletta.<\/li>\n<li>\u26c5 <strong>S\u00e4\u00e4takuu:<\/strong> Jos ep\u00e4suotuisat s\u00e4\u00e4olosuhteet edellytt\u00e4v\u00e4t matkan peruuttamista, voit siirt\u00e4\u00e4 aikataulusi tai saada t\u00e4yden hyvityksen, mik\u00e4 takaa huolettoman varauskokemuksen.<\/li>\n<li>\ud83d\udce9 <strong>Helppo yhteydenotto:<\/strong> Jos sinulla on kysytt\u00e4v\u00e4\u00e4 tai muutoksia, yksinkertaisesti <a href=\"https:\/\/canaryvip.com\/fi\/contact\/\">ota yhteytt\u00e4<\/a>, ja me varmistamme, ett\u00e4 tarpeesi t\u00e4yttyv\u00e4t.<\/li>\n<\/ul>\n<h4><strong>Varaa Teneriffan jeeppiseikkailusi nyt!<\/strong><\/h4>\n<p>\u00c4l\u00e4 missaa t\u00e4t\u00e4 ainutlaatuista tilaisuutta tutustua Teneriffan loistoon CanaryVIP:n kanssa. Tulivuoriper\u00e4isest\u00e4 majesteetillisesta <a href=\"https:\/\/canaryvip.com\/fi\/discover-the-teide-the-ultimate-guide-iconic-volcano\/\">Teiden kansallispuisto<\/a> Mascan historialliseen vieh\u00e4tykseen ja sen j\u00e4lkeen, l\u00e4hde matkalle, joka on t\u00e4ynn\u00e4 kauneutta, seikkailuja ja tarinoita, jotka odottavat l\u00f6yt\u00e4j\u00e4\u00e4ns\u00e4.<\/p>","protected":false},"excerpt":{"rendered":"<p><strong>\ud83d\udd0d Kierroksen kohokohdat:<\/strong><br \/>\n\u2705 Turvallinen maksu.<br \/>\n\ud83d\uddfb Vieraile Teiden kansallispuistossa.<br \/>\n\ud83d\udee4\ufe0f Vieraile Mascan kyl\u00e4ss\u00e4.<br \/>\n\u23f0 Kesto Noin 7h.<br \/>\n\ud83d\udcc5 Maanantaista lauantaihin.<br \/>\n\ud83d\ude8c Hotellin nouto ja j\u00e4tt\u00e4minen.<br \/>\n\ud83d\udd04 24h ilmainen peruutus.<br \/>\n\ud83e\udd11 Paras hinta taattu.<br \/>\n\ud83c\udf81 Ryhm\u00e4alennukset saatavilla.<br \/>\n\ud83c\udf0d Tuki useilla kielill\u00e4.<br \/>\n\ud83c\udf1f Varaa nyt ja s\u00e4\u00e4st\u00e4!<\/p>","protected":false},"featured_media":11145,"comment_status":"open","ping_status":"closed","template":"","meta":{"_acf_changed":false},"product_brand":[],"product_cat":[67],"product_tag":[],"class_list":{"0":"post-11043","1":"product","2":"type-product","3":"status-publish","4":"has-post-thumbnail","6":"product_cat-jeep-tours","7":"wcpa_has_options","9":"first","10":"instock","11":"virtual","12":"purchasable","13":"product-type-simple"},"acf":[],"wcpa_form_fields":{"wcpaData":{"product":{"product_price":66,"price_html":"From&nbsp;<span class=\"woocommerce-Price-amount amount\"><bdi>66,00&nbsp;<span class=\"woocommerce-Price-currencySymbol\">&euro;<\/span><\/bdi><\/span>","original_product_price":66,"price_including_tax":66,"price_excluding_tax":66,"product_id":{"parent":11043,"variation":false},"is_variable":false,"stock_status":"instock","stock_quantity":null,"parent_sku":"CV11043","product_attributes":[],"custom_fields":[],"is_taxable":false,"product_name":"Teide & Masca Jeep Safari Tenerife","hasImage":false},"fields":{"sec_2661916538e0c2":{"extra":{"key":"sec_2661916538e0c2","section_id":"sec_2661916538e0c2","name":"Tickets","status":1,"cl_rule":"show","enableCl":false,"relations":[{"operator":false,"rules":[{"operator":"AND","rules":{"cl_field":"radio-group_665df45fcbc30b","cl_relation":"is","cl_val":"Siam Park Regular Tickets"}}]}],"toggle":true,"title_tag":"h4","show_title":false,"showPrice":"default","form_id":11191,"form_rules":{"exclude_from_discount":true,"fee_label":"Fee","disp_hide_options_price":true,"disp_show_section_price":false,"disp_show_field_price":true,"layout_option":"standard","pric_use_as_fee":false,"process_fee_as":"woo_fee"},"layout_option":"standard"},"fields":[[{"active":true,"col":6,"relations":false,"cl_rule":"show","enableCl":false,"price":"","enablePrice":false,"className":"","label_position":"default","desc_position":"default","type":"select","required":true,"elementId":"select_9661916538e0e4","label":"\ud83c\udf0e Language","name":"select_9661916538e0e4","values":[{"label":"English","value":"English","selected":false,"tempId":"aco_1213","gt_translate_keys":["label"]},{"label":"Dutch","value":"Dutch","selected":false,"tempId":"aco_693","gt_translate_keys":["label"]},{"label":"German","value":"German","selected":false,"tempId":"aco_1567","gt_translate_keys":["label"]},{"label":"French","value":"French","selected":false,"tempId":"aco_1215","gt_translate_keys":["label"]},{"label":"Polish","value":"Polish","selected":false,"tempId":"aco_1212","gt_translate_keys":["label"]},{"label":"Italian","value":"Italian","selected":false,"tempId":"aco_611","gt_translate_keys":["label"]},{"label":"Spanish","value":"Spanish","selected":false,"tempId":"aco_1214","gt_translate_keys":["label"]}],"dropdown_type":"basic","error":false,"placeholder":"Select Language","gt_translate_keys":["label","placeholder"],"price_dependency":false,"cl_dependency":["date_8661916538e0f2","date_8661916538e0f2","date_8661916538e0f2","date_8661916538e0f2","date_6661916538e0fc","date_1661916538e106","date_8661916538e10f","radio-group_10661916538e130","radio-group-3329476112","radio-group_2661916538e13c","radio-group-3332331927","radio-group_6661916538e147"],"value":""}],[{"label":"\ud83d\udcc5 Date","active":true,"required":true,"elementId":"date_8661916538e0f2","picker_type":"custom","picker_mode":"single","placeholder":"","description":"","tooltip":"","name":"date_8661916538e0f2","label_position":"default","desc_position":"default","enablePrice":false,"className":"","enableCl":true,"relations":[{"operator":"and","rules":[{"operator":"or","rules":{"cl_field":"select_9661916538e0e4","cl_relation":"is","cl_val":"Dutch"}},{"operator":"or","rules":{"cl_field":"select_9661916538e0e4","cl_relation":"is","cl_val":"German"}},{"operator":"or","rules":{"cl_field":"select_9661916538e0e4","cl_relation":"is","cl_val":"French"}},{"operator":"AND","rules":{"cl_field":"select_9661916538e0e4","cl_relation":"is","cl_val":"English"}}]}],"date_pic_inline":true,"date_pic_inline_hide":true,"min_date":{"type":"days","val":"4"},"max_date":{"type":"days","val":"80"},"date_pic_conf":{"disabledWeeks":[0],"disabledDates":["2025-04-11"]},"price":"","cl_rule":"show","col":6,"type":"date","error":false,"enableDesign":false,"LabelColor":"","isWeightTemplate":false,"isTemplate":false,"min_quantity":"1","quantity_decimal":false,"quantity_step":"1","quantity_label":"Quantity","repeater_field_label":"{field_label}","repeater_bind":"","gt_translate_keys":["label","placeholder","description","tooltip","repeater_field_label","quantity_label"],"price_dependency":false,"cl_dependency":false,"value":""}],[{"label":"\ud83d\udcc5 Date","active":true,"required":true,"elementId":"date_6661916538e0fc","picker_type":"custom","picker_mode":"single","placeholder":"","description":"","tooltip":"","name":"date_6661916538e0fc","label_position":"default","desc_position":"default","enablePrice":false,"className":"","enableCl":true,"relations":[{"operator":"and","rules":[{"operator":false,"rules":{"cl_field":"select_9661916538e0e4","cl_relation":"is","cl_val":"Spanish"}}]}],"enableDesign":false,"LabelColor":"","date_pic_inline":true,"date_pic_inline_hide":true,"min_date":{"type":"days","val":"4"},"max_date":{"type":"days","val":"365"},"date_pic_conf":{"disabledWeeks":[0,1,3,5,6]},"price":"","cl_rule":"show","col":6,"type":"date","error":false,"isWeightTemplate":false,"isTemplate":false,"min_quantity":"1","quantity_decimal":false,"quantity_step":"1","quantity_label":"Quantity","repeater_field_label":"{field_label}","repeater_bind":"","gt_translate_keys":["label","placeholder","description","tooltip","repeater_field_label","quantity_label"],"price_dependency":false,"cl_dependency":false,"value":""}],[{"label":"\ud83d\udcc5 Date","active":true,"required":true,"elementId":"date_1661916538e106","picker_type":"custom","picker_mode":"single","placeholder":"","description":"","tooltip":"","name":"date_1661916538e106","label_position":"default","desc_position":"default","enablePrice":false,"className":"","enableCl":true,"relations":[{"operator":"and","rules":[{"operator":false,"rules":{"cl_field":"select_9661916538e0e4","cl_relation":"is","cl_val":"Polish"}}]}],"enableDesign":false,"LabelColor":"","date_pic_inline":true,"date_pic_inline_hide":true,"min_date":{"type":"days","val":"4"},"max_date":{"type":"days","val":"365"},"date_pic_conf":{"disabledWeeks":[0,1,3,4,5,6]},"price":"","cl_rule":"show","col":6,"type":"date","error":false,"isWeightTemplate":false,"isTemplate":false,"min_quantity":"1","quantity_decimal":false,"quantity_step":"1","quantity_label":"Quantity","repeater_field_label":"{field_label}","repeater_bind":"","gt_translate_keys":["label","placeholder","description","tooltip","repeater_field_label","quantity_label"],"price_dependency":false,"cl_dependency":false,"value":""}],[{"label":"\ud83d\udcc5 Date","active":true,"required":true,"elementId":"date_8661916538e10f","picker_type":"custom","picker_mode":"single","placeholder":"","description":"","tooltip":"","name":"date_8661916538e10f","label_position":"default","desc_position":"default","enablePrice":false,"className":"","enableCl":true,"relations":[{"operator":"and","rules":[{"operator":false,"rules":{"cl_field":"select_9661916538e0e4","cl_relation":"is","cl_val":"Italian"}}]}],"enableDesign":false,"LabelColor":"","date_pic_inline":true,"date_pic_inline_hide":true,"min_date":{"type":"days","val":"4"},"max_date":{"type":"days","val":"365"},"date_pic_conf":{"disabledWeeks":[0,1,2,5,4]},"price":"","cl_rule":"show","col":6,"type":"date","error":false,"isWeightTemplate":false,"isTemplate":false,"min_quantity":"1","quantity_decimal":false,"quantity_step":"1","quantity_label":"Quantity","repeater_field_label":"{field_label}","repeater_bind":"","gt_translate_keys":["label","placeholder","description","tooltip","repeater_field_label","quantity_label"],"price_dependency":false,"cl_dependency":false,"value":""}],[{"elementId":"separator_7661916538e11a","separatorType":"blank","className":"","height":"10","enableCl":false,"relations":false,"cl_rule":"show","col":6,"type":"separator","gt_translate_keys":[],"price_dependency":false,"cl_dependency":false,"value":""}],[{"active":true,"col":6,"relations":[{"operator":false,"rules":[{"operator":"AND","rules":{"cl_field":"select_9661916538e0e4","cl_relation":"is_not","cl_val":"Polish"}}]}],"cl_rule":"show","enableCl":true,"price":"66","enablePrice":true,"className":"","label_position":"default","desc_position":"default","type":"radio-group","required":false,"elementId":"radio-group_10661916538e130","label":"","name":"radio-group_10661916538e130","values":[{"label":"\ud83d\udc64 Adult (66\u20ac)","value":"Adult","selected":true,"tempId":"aco_32","tooltip":"+12 Years","description":"","gt_translate_keys":["label","tooltip","description"]}],"layOut":"","error":false,"checkUi":"button","priceOptions":"fixed_for_all","pricingType":"fixed","enable_quantity":true,"quantity_label":"","min_quantity":"0","options_tooltip":true,"options_description":true,"gt_translate_keys":["label","quantity_label"],"price_dependency":false,"cl_dependency":false,"value":""}],[{"label":"","active":true,"required":false,"elementId":"radio-group-3329476112","name":"radio-group-3329476112","label_position":"default","desc_position":"default","enablePrice":true,"className":"","enableCl":true,"relations":[{"operator":false,"rules":[{"operator":"AND","rules":{"cl_field":"select_9661916538e0e4","cl_relation":"is","cl_val":"Polish"}}]}],"enable_quantity":true,"quantity_label":"","min_quantity":"0","checkUi":"button","layOut":"","options_tooltip":true,"options_description":true,"values":[{"label":"\ud83d\udc64 Adult (70\u20ac)","value":"Adult","selected":true,"tempId":"aco_32","tooltip":"+12 Years","description":"","gt_translate_keys":["label","tooltip","description"]}],"priceOptions":"fixed_for_all","pricingType":"fixed","price":"70","cl_rule":"show","col":6,"type":"radio-group","error":false,"gt_translate_keys":["label","quantity_label"],"price_dependency":false,"cl_dependency":false,"value":""}],[{"label":"","active":true,"required":false,"elementId":"radio-group_2661916538e13c","name":"radio-group_2661916538e13c","label_position":"default","desc_position":"default","enablePrice":true,"className":"","enableCl":true,"relations":[{"operator":false,"rules":[{"operator":"AND","rules":{"cl_field":"select_9661916538e0e4","cl_relation":"is_not","cl_val":"Polish"}}]}],"enable_quantity":true,"quantity_label":"","min_quantity":"0","checkUi":"button","layOut":"","values":[{"label":"\ud83d\udc66 Child (52\u20ac)","value":"Child","selected":true,"tempId":"aco_32","tooltip":"3-11 Years","description":"","gt_translate_keys":["label","tooltip","description"]}],"priceOptions":"fixed_for_all","pricingType":"fixed","price":"52","cl_rule":"show","col":6,"type":"radio-group","error":false,"options_tooltip":true,"options_description":true,"gt_translate_keys":["label","quantity_label"],"price_dependency":false,"cl_dependency":false,"value":""}],[{"label":"","active":true,"required":false,"elementId":"radio-group-3332331927","name":"radio-group-3332331927","label_position":"default","desc_position":"default","enablePrice":true,"className":"","enableCl":true,"relations":[{"operator":false,"rules":[{"operator":"AND","rules":{"cl_field":"select_9661916538e0e4","cl_relation":"is","cl_val":"Polish"}}]}],"enable_quantity":true,"quantity_label":"","min_quantity":"0","checkUi":"button","layOut":"","options_tooltip":true,"options_description":true,"values":[{"label":"\ud83d\udc66 Child (55\u20ac)","value":"Child","selected":true,"tempId":"aco_32","tooltip":"3-11 Years","description":"","gt_translate_keys":["label","tooltip","description"]}],"priceOptions":"fixed_for_all","pricingType":"fixed","price":"55","cl_rule":"show","col":6,"type":"radio-group","error":false,"gt_translate_keys":["label","quantity_label"],"price_dependency":false,"cl_dependency":false,"value":""}],[{"label":"","active":true,"required":false,"elementId":"radio-group_6661916538e147","name":"radio-group_6661916538e147","label_position":"default","desc_position":"default","enablePrice":true,"className":"","enableCl":true,"relations":[{"operator":false,"rules":[{"operator":"AND","rules":{"cl_field":"select_9661916538e0e4","cl_relation":"is_not_empty","cl_val":""}}]}],"enable_quantity":true,"quantity_label":"","min_quantity":"0","checkUi":"button","layOut":"","options_tooltip":true,"options_description":true,"values":[{"label":"\ud83d\udc76 Toddler (Free)","value":"Toddler","selected":true,"tempId":"aco_32","tooltip":"0-2 Years","description":"","gt_translate_keys":["label","tooltip","description"]}],"priceOptions":"fixed_for_all","pricingType":"fixed","price":"0","cl_rule":"show","col":6,"type":"radio-group","error":false,"gt_translate_keys":["label","quantity_label"],"price_dependency":false,"cl_dependency":false,"value":""}],[{"active":true,"col":6,"relations":false,"cl_rule":"show","enableCl":false,"price":"","enablePrice":false,"className":"","label_position":"default","desc_position":"default","type":"separator","required":false,"elementId":"separator_6661916538e151","label":"Separator Field","height":"7","separatorType":"blank","error":false,"gt_translate_keys":["label"],"price_dependency":false,"cl_dependency":false,"value":""}],[{"active":true,"col":6,"relations":false,"cl_rule":"show","enableCl":false,"price":"","enablePrice":false,"className":"","label_position":"default","desc_position":"default","type":"text","subtype":"text","required":false,"elementId":"text_4661916538e15b","label":"\ud83d\ude8c Pickup Location","name":"text_4661916538e15b","value":"","description":"Free pick-up service in Tenerife South. Simply provide your address or hotel name.","error":false,"gt_translate_keys":["label","description","value"],"price_dependency":false,"cl_dependency":false}]]}},"config":{"price_override":"always","enable_recaptcha":false,"bind_quantity":false,"quantity_bind_formula":false,"disp_summ_show_option_price":true,"disp_summ_show_product_price":false,"disp_summ_show_total_price":true,"disp_summ_show_fee":true,"disp_summ_show_discount":true,"summary_title":"","options_total_label":"Options Price","total_label":"Total Amount","options_product_label":"Product Price","fee_label":"Fee","discount_label":"Discount","has_price":true,"has_quantity_formula":false},"mc_unit":1,"tax_rate":1,"tax_rate_real":1,"discount":{"percentage":0,"fixed":0},"design":{"conf":{"LabelPosition":"above","DescPosition":"above","UploadField":"custom_1","QuantityFieldStyle":"custom_1"},"css":{"LeftLabelWidth":"120px"}},"formulas":[],"lookuptables":[],"clones":false,"cartKey":false}},"_links":{"self":[{"href":"https:\/\/canaryvip.com\/fi\/wp-json\/wp\/v2\/product\/11043","targetHints":{"allow":["GET"]}}],"collection":[{"href":"https:\/\/canaryvip.com\/fi\/wp-json\/wp\/v2\/product"}],"about":[{"href":"https:\/\/canaryvip.com\/fi\/wp-json\/wp\/v2\/types\/product"}],"replies":[{"embeddable":true,"href":"https:\/\/canaryvip.com\/fi\/wp-json\/wp\/v2\/comments?post=11043"}],"wp:featuredmedia":[{"embeddable":true,"href":"https:\/\/canaryvip.com\/fi\/wp-json\/wp\/v2\/media\/11145"}],"wp:attachment":[{"href":"https:\/\/canaryvip.com\/fi\/wp-json\/wp\/v2\/media?parent=11043"}],"wp:term":[{"taxonomy":"product_brand","embeddable":true,"href":"https:\/\/canaryvip.com\/fi\/wp-json\/wp\/v2\/product_brand?post=11043"},{"taxonomy":"product_cat","embeddable":true,"href":"https:\/\/canaryvip.com\/fi\/wp-json\/wp\/v2\/product_cat?post=11043"},{"taxonomy":"product_tag","embeddable":true,"href":"https:\/\/canaryvip.com\/fi\/wp-json\/wp\/v2\/product_tag?post=11043"}],"curies":[{"name":"wp","href":"https:\/\/api.w.org\/{rel}","templated":true}]}}