{"id":10904,"date":"2024-04-08T11:19:03","date_gmt":"2024-04-08T10:19:03","guid":{"rendered":"https:\/\/canaryvip.com\/?post_type=product&#038;p=10904"},"modified":"2025-06-28T21:05:29","modified_gmt":"2025-06-28T20:05:29","slug":"rent-boat-saxdor-200-with-license","status":"publish","type":"product","link":"https:\/\/canaryvip.com\/fi\/shop\/rent-boat-saxdor-200-with-license\/","title":{"rendered":"Vuokraa vene Saxdor 200 lisenssill\u00e4 Teneriffa"},"content":{"rendered":"<h2>\ud83d\udea4 Vuokraa Saxdor 200 lisenssill\u00e4 osoitteessa CanaryVIP<\/h2>\n<p><strong>Ota ruori haltuun meriseikkailussasi CanaryVIP:n kanssa:<\/strong> Hallitse omaa p\u00e4iv\u00e4\u00e4si merell\u00e4 Saxdor 200:lla, hienolla avoveneell\u00e4, jossa yhdistyv\u00e4t moderni muotoilu ja koko p\u00e4iv\u00e4n kest\u00e4v\u00e4 purjehduskyky.<\/p>\n<p>Vuonna 2023 syntynyt ja tyylik\u00e4s 6 metrin pituinen alus on t\u00e4ydellinen niille, jotka haluavat navigoida Teneriffan vesill\u00e4 tyylill\u00e4 ja helposti.<br \/>\nPurjehdus vieh\u00e4tt\u00e4v\u00e4st\u00e4 <a href=\"https:\/\/maps.app.goo.gl\/F7XZ1rpbWXBTYFND9\" target=\"_blank\" rel=\"noopener\">Los Gigantes,<\/a> ... <strong>Saxdor 200 lisenssin kanssa<\/strong>\u00a0tarjoaa eksklusiivisen mahdollisuuden tutustua piilotettuihin lahtiin, nauttia auringosta kannella tai nauttia lounasta laivalla Atlantin taivaansinisen syleilyn keskell\u00e4.<\/p>\n<p><strong>Tyylik\u00e4s ja suorituskykyinen alus:<\/strong>\u00a0Saxdor 200 on suunniteltu huippuosaamiseen, ja siin\u00e4 on 115 hv:n moottori, joka liukuu vedess\u00e4 tarkasti. Veneeseen mahtuu 6 matkustajaa ja sen polttoaines\u00e4ili\u00f6 on valmiina seikkailuun, ja se on porttisi Teneriffan etel\u00e4osan aarteisiin.<\/p>\n<h3>\ud83d\udea4 Saxdor 200 Teneriffa: Tenife: Sinun p\u00e4iv\u00e4si, sinun tapasi<\/h3>\n<ul>\n<li><strong>Hienostunut muotoilu:<\/strong> Nauti ylellisyydest\u00e4, kun ohjaat tyylikk\u00e4\u00e4st\u00e4 ulkon\u00e4\u00f6st\u00e4\u00e4n ja mukavista istuimista tunnettua 2023 Saxdor 200 -alusta.<\/li>\n<li><strong>Unohtumattomat n\u00e4kym\u00e4t:<\/strong> Suunnista kohti Mascan ja Los Gigantesin kuuluisia kallioita, joilla merenel\u00e4v\u00e4t viihtyv\u00e4t luonnollisessa elinymp\u00e4rist\u00f6ss\u00e4\u00e4n.<\/li>\n<li><strong>Erist\u00e4ytyneet uinnit:<\/strong> Ankkuroi rauhallisiin lahtiin, jotka sopivat t\u00e4ydellisesti uintiin, snorklaukseen tai vain auringossa paistatteluun.<\/li>\n<li><strong>Nautinnot laivalla:<\/strong> Vuokraukseen sis\u00e4ltyy vapaus nauttia aterioita veden \u00e4\u00e4rell\u00e4, mik\u00e4 parantaa kokemusta kulinaaristen herkkujen avulla.<\/li>\n<li><strong>Saumaton purjehdus:<\/strong> Tehokkaan moottorinsa ja k\u00e4ytt\u00e4j\u00e4yst\u00e4v\u00e4llisen k\u00e4sittelyns\u00e4 ansiosta Saxdor 200 takaa sujuvan matkan aaltojen yli.<\/li>\n<\/ul>\n<h3>\u2728 Saxdor 200 -vuokrauksen yksityiskohdat<\/h3>\n<p><strong>Sinulle r\u00e4\u00e4t\u00e4l\u00f6ity kokemus:<\/strong> Halusitpa sitten intiimin p\u00e4iv\u00e4retken kahdelle tai vilkkaan retken yst\u00e4vien kanssa, Saxdor 200 -aluksemme, johon mahtuu jopa 6 vierasta, on varustettu kaikkiin tilanteisiin. Jokaiseen vuokraukseen sis\u00e4ltyy kattava opastus, joka takaa, ett\u00e4 merell\u00e4 viett\u00e4m\u00e4si aika on sek\u00e4 turvallista ett\u00e4 nautinnollista.<\/p>\n<p><strong>Vuokraus, joka palvelee kaikkia:<\/strong> T\u00e4ydellinen perheille, ryhmille tai yksitt\u00e4isille seikkailijoille, Saxdor 200 lisenssill\u00e4 lupaa ylellisyyden ja seikkailun vertaansa vailla olevan yhdistelm\u00e4n, jota Teneriffan rannikon upeat maisemat t\u00e4ydent\u00e4v\u00e4t.<\/p>\n<h3>\ud83d\udea4 Valmistautuminen Saxdor 200 -matkaasi varten<\/h3>\n<p>Varustaudu poikkeukselliseen p\u00e4iv\u00e4\u00e4n vesill\u00e4 v\u00e4ltt\u00e4m\u00e4tt\u00f6mill\u00e4 tarvikkeilla, kuten uimahousuilla ja aurinkovoiteella. Tarjoamme kaikki tarvittavat navigointiv\u00e4lineet, joten voit keskitty\u00e4 purjehduksen tutkimiseen ja iloon.<\/p>\n<p>Varmista, ett\u00e4 kamerasi on k\u00e4den ulottuvilla, jotta voit vangita Teneriffan rantojen kauneuden ja aaltojen alla tanssivan meriel\u00e4m\u00e4n. CanaryVIP:n kanssa jokainen hetki Saxdor 200 -aluksella on suunniteltu ikimuistoiseksi.<\/p>\n<h3>\ud83d\ude99 Laivaanl\u00e4ht\u00f6paikka ja pys\u00e4k\u00f6intipaikka<\/h3>\n<p><strong>L\u00e4hde liikkeelle <a href=\"https:\/\/maps.app.goo.gl\/F7XZ1rpbWXBTYFND9\" target=\"_blank\" rel=\"noopener\">Los Gigantes<\/a>:<\/strong> Meriseikkailusi alkaa <strong>Puerto de Los Gigantes.<\/strong> K\u00e4tev\u00e4 pys\u00e4k\u00f6inti satamassa mahdollistaa stressitt\u00f6m\u00e4n alun retkellesi. Suosittelemme saapumaan hieman etuajassa sujuvan l\u00e4hd\u00f6n varmistamiseksi.<\/p>\n<h3>\ud83d\udea4 Saatavana my\u00f6s: Vuokraa Compass 160e ilman lisenssi\u00e4<\/h3>\n<p>Niille, jotka haluavat vapaamman purjehduskokemuksen, me tarjoamme my\u00f6s<strong> <a href=\"https:\/\/canaryvip.com\/fi\/shop\/rent-boat-compass-160e-without-license\/\">Compass 160e,<\/a><\/strong> saatavilla vuokrata veneen ilman lisenssi\u00e4. T\u00e4m\u00e4 vaihtoehto sopii t\u00e4ydellisesti seikkailijoille, jotka haluavat ohjata omaa kurssiaan Teneriffan kauniilla vesill\u00e4.<\/p>\n<p>L\u00e4hde samasta k\u00e4tev\u00e4st\u00e4 paikasta Puerto de Los Gigantesista ja l\u00f6yd\u00e4 meren vapaus ilman veneilylupaa. Halusitpa sitten tutkia syrj\u00e4isi\u00e4 poukamia tai vain nauttia avomerest\u00e4 omaan tahtiin, Compass 160e on luotettava ja tyylik\u00e4s valinta.<\/p>\n<h3>\ud83c\udf1f CanaryVIP:n sitoutuminen sinuun<\/h3>\n<p>CanaryVIP:ss\u00e4 tyytyv\u00e4isyytesi on meille ensiarvoisen t\u00e4rke\u00e4\u00e4. Nauti joustavista peruutusehdoista, jotka takaavat mielenrauhan, kun varaat Saxdor 200 -vuokrauksen. Olemme omistautuneet tarjoamaan poikkeuksellisen kokemuksen, jota korostaa huolellinen turvallisuus ja intohimo jakaa Teneriffan merien loistoa.<\/p>\n<p>L\u00e4hde l\u00f6yt\u00f6retkelle yhdess\u00e4 <strong>Saxdor 200 lisenssin kanssa,<\/strong>\u00a0Teneriffan majesteettisilla vesill\u00e4 navigoiminen ja piilotettujen helmien l\u00f6yt\u00e4minen Teneriffan rannikolla. <strong>Los Gigantes.<\/strong><\/p>\n<p>Varaa nyt eksklusiivinen meriseikkailu, jossa yhdistyv\u00e4t vapaus, ylellisyys ja Kanariansaarten luonnonkauneus.<\/p>","protected":false},"excerpt":{"rendered":"<p><strong>\ud83d\udd0d No Worries Charter:<\/strong><br \/>\n\u2705 Turvallinen maksu.<br \/>\n\ud83e\udeaa Tarvitaan venelupa.<br \/>\n\ud83d\udee5\ufe0f 6m pitk\u00e4 vene.<br \/>\n\u23f3 P\u00e4ivitt\u00e4inen vuokraus 3-8h.<br \/>\n\ud83d\udd59 Mukautettavat l\u00e4ht\u00f6ajat.<br \/>\n\ud83d\udc65 Enint\u00e4\u00e4n 6 vierasta.<br \/>\n\ud83e\udd3f Snorkkelivarusteet tarjotaan.<br \/>\n\ud83e\udd11 Paras hinta taattu.<br \/>\n\ud83d\udc6a Alennukset aktivoitu.<br \/>\n\ud83d\udd01 Enint\u00e4\u00e4n 4 p\u00e4iv\u00e4n peruutus.<br \/>\n\ud83c\udf0d Monikielinen miehist\u00f6.<br \/>\n\ud83c\udf1f Varaa ajoissa ja s\u00e4\u00e4st\u00e4!<br \/>\n\ud83d\udccd L\u00e4ht\u00f6\u00a0<a href=\"https:\/\/maps.app.goo.gl\/F7XZ1rpbWXBTYFND9\">Los Gigantes<\/a>.<\/p>","protected":false},"featured_media":11029,"comment_status":"open","ping_status":"closed","template":"","meta":{"_acf_changed":false},"product_brand":[],"product_cat":[130],"product_tag":[],"class_list":{"0":"post-10904","1":"product","2":"type-product","3":"status-publish","4":"has-post-thumbnail","6":"product_cat-self-drive-boat-hire","7":"wcpa_has_options","9":"first","10":"instock","11":"virtual","12":"purchasable","13":"product-type-simple"},"acf":[],"wcpa_form_fields":{"wcpaData":{"product":{"product_price":300,"price_html":"From&nbsp;<span class=\"woocommerce-Price-amount amount\"><bdi>300,00&nbsp;<span class=\"woocommerce-Price-currencySymbol\">&euro;<\/span><\/bdi><\/span>","original_product_price":300,"price_including_tax":300,"price_excluding_tax":300,"product_id":{"parent":10904,"variation":false},"is_variable":false,"stock_status":"instock","stock_quantity":null,"parent_sku":"CV10904","product_attributes":[],"custom_fields":[],"is_taxable":false,"product_name":"Rent Boat Saxdor 200 with License Tenerife","hasImage":false},"fields":{"sec_4668282996d361":{"extra":{"key":"sec_4668282996d361","section_id":"sec_4668282996d361","name":"Contact us","status":1,"cl_rule":"show","enableCl":false,"relations":[],"toggle":true,"title_tag":"h3","show_title":false,"showPrice":"default","form_id":12153,"form_rules":{"exclude_from_discount":true,"fee_label":"Fee","disp_hide_options_price":true,"disp_show_section_price":false,"disp_show_field_price":true,"layout_option":"standard","pric_use_as_fee":false,"process_fee_as":"woo_fee"},"layout_option":"standard"},"fields":[[{"active":true,"col":6,"relations":false,"cl_rule":"show","enableCl":false,"price":"","enablePrice":false,"className":"","label_position":"default","desc_position":"default","type":"content","required":false,"elementId":"content_8291538701","label":"","name":"content_8291538701","contentType":"rich","value":"<p><a href=\"https:\/\/api.whatsapp.com\/send\/?phone=34629670312&amp;text&amp;type=phone_number&amp;app_absent=0\" target=\"_blank\"><strong>Contact us on WhatsApp<\/strong><\/a><strong> to get a personalized price for this activity\/excursion\/rental.<\/strong><\/p>","error":false,"subtype":"div","gt_translate_keys":["label","value"],"price_dependency":false,"cl_dependency":false}]]}},"config":{"price_override":"","enable_recaptcha":false,"bind_quantity":false,"quantity_bind_formula":false,"disp_summ_show_option_price":true,"disp_summ_show_product_price":true,"disp_summ_show_total_price":true,"disp_summ_show_fee":true,"disp_summ_show_discount":true,"summary_title":"","options_total_label":"Options Price","total_label":"Total","options_product_label":"Product Price","fee_label":"Fee","discount_label":"Discount","has_price":true,"has_quantity_formula":false},"mc_unit":1,"tax_rate":1,"tax_rate_real":1,"discount":{"percentage":0,"fixed":0},"design":{"conf":{"LabelPosition":"above","DescPosition":"above","UploadField":"custom_1","QuantityFieldStyle":"custom_1"},"css":{"LeftLabelWidth":"120px"}},"formulas":[],"lookuptables":[],"clones":false,"cartKey":false}},"_links":{"self":[{"href":"https:\/\/canaryvip.com\/fi\/wp-json\/wp\/v2\/product\/10904","targetHints":{"allow":["GET"]}}],"collection":[{"href":"https:\/\/canaryvip.com\/fi\/wp-json\/wp\/v2\/product"}],"about":[{"href":"https:\/\/canaryvip.com\/fi\/wp-json\/wp\/v2\/types\/product"}],"replies":[{"embeddable":true,"href":"https:\/\/canaryvip.com\/fi\/wp-json\/wp\/v2\/comments?post=10904"}],"wp:featuredmedia":[{"embeddable":true,"href":"https:\/\/canaryvip.com\/fi\/wp-json\/wp\/v2\/media\/11029"}],"wp:attachment":[{"href":"https:\/\/canaryvip.com\/fi\/wp-json\/wp\/v2\/media?parent=10904"}],"wp:term":[{"taxonomy":"product_brand","embeddable":true,"href":"https:\/\/canaryvip.com\/fi\/wp-json\/wp\/v2\/product_brand?post=10904"},{"taxonomy":"product_cat","embeddable":true,"href":"https:\/\/canaryvip.com\/fi\/wp-json\/wp\/v2\/product_cat?post=10904"},{"taxonomy":"product_tag","embeddable":true,"href":"https:\/\/canaryvip.com\/fi\/wp-json\/wp\/v2\/product_tag?post=10904"}],"curies":[{"name":"wp","href":"https:\/\/api.w.org\/{rel}","templated":true}]}}