{"id":10467,"date":"2024-03-22T01:33:12","date_gmt":"2024-03-22T01:33:12","guid":{"rendered":"https:\/\/canaryvip.com\/?post_type=product&#038;p=10467"},"modified":"2026-03-06T18:09:54","modified_gmt":"2026-03-06T18:09:54","slug":"viking-boat-tour-tenerife","status":"publish","type":"product","link":"https:\/\/canaryvip.com\/fi\/shop\/viking-boat-tour-tenerife\/","title":{"rendered":"Viikinkiveneen kierros Teneriffalla"},"content":{"rendered":"<h2>\u2693 Viking Boat Tour Teneriffalla: Ragnarok<\/h2>\n<p>On vain yksi <strong>Viikinkilaiva<\/strong> purjehtii Teneriffan vesill\u00e4, ja sen nimi on <strong>Ragnarok<\/strong>. T\u00e4m\u00e4 t\u00e4ysin teemoitettu norjalainen alus l\u00e4htee p\u00e4ivitt\u00e4in Los Cristianosista ja k\u00e4\u00e4ntyy klassisen <strong>veneretki Los Cristianos<\/strong> joksikin aivan muuksi: <strong>valaiden katselu Teneriffalla<\/strong> Viikinkien historiaan, el\u00e4v\u00e4\u00e4n viihteeseen ja Atlantin valtameren n\u00e4kymiin k\u00e4\u00e4ritty seikkailu.<\/p>\n<p>Jos olet jo tutkinut Peter Panin tai Shogunin kaltaisia vaihtoehtoja. <strong>laivamatkat,<\/strong> Ragnarok erottuu muista. Miehist\u00f6 pukeutuu aitoon viikinkiaikaiseen asuun, tunnelma laivalla vie sinut takaisin norjalaisten merenkulkijoiden aikakauteen, ja reitti on rakennettu parhaan <strong>delfiinien katselu Teneriffalla<\/strong> ja <strong>valaiden katselu<\/strong> paikkoja lounaisrannikolla.<\/p>\n<h3>\ud83d\udc0b Valas- ja delfiinikatselu viikinkilaivalla<\/h3>\n<p>The <strong>Viikinkiveneen kierros Teneriffalla<\/strong> toimii <strong>2 tai 3 tunnin matka<\/strong> Los Cristianosin satamasta valaiden elinalueita seuraten, joilla luotsivalaita ja pullonokkadelfiinej\u00e4 tavataan ymp\u00e4ri vuoden. T\u00e4m\u00e4 ei ole vain yksi <strong>venekierros Teneriffalla<\/strong> kiertoajelu: Ragnarokin reitti on suunniteltu siten, ett\u00e4 sinulla on mahdollisimman hyv\u00e4t mahdollisuudet p\u00e4\u00e4st\u00e4 l\u00e4helle meriel\u00e4imi\u00e4 samalla, kun nautit kannella t\u00e4ydest\u00e4 viikinkikokemuksesta.<\/p>\n<p>Sopii kaikenik\u00e4isille. Matkustitpa sitten perheen\u00e4, pariskuntana tai kaveriporukalla, t\u00e4ss\u00e4 <strong>vene retki Teneriffa<\/strong> tarjoaa yhdistelm\u00e4n villiel\u00e4imi\u00e4, historiaa ja viihdett\u00e4, joka pit\u00e4\u00e4 kaikki mukana l\u00e4hd\u00f6st\u00e4 paluuseen.<\/p>\n<h3>\ud83d\udee1\ufe0f Ragnarokin kyydiss\u00e4: Mik\u00e4 sinua odottaa?<\/h3>\n<p>Ragnarok on paljon muutakin kuin n\u00e4k\u00f6alatasanne. Aluksella on t\u00e4ysi baari ja ravintolapalvelu, jossa on juomia, v\u00e4lipaloja ja herkkuja tarjolla koko matkan ajan. Mukavat istumapaikat ovat levitt\u00e4ytyneet eri puolille laivaa, joten voit l\u00f6yt\u00e4\u00e4 itsellesi sopivan paikan. Puhtaat wc-tilat ja esteett\u00f6m\u00e4t tilat ovat aina k\u00e4ytett\u00e4viss\u00e4. Monikielinen miehist\u00f6 auttaa sinua kaikessa, mit\u00e4 tarvitset matkan aikana.<\/p>\n<p>Perusasioiden lis\u00e4ksi viikinkien henki her\u00e4\u00e4 henkiin juuri t\u00e4ss\u00e4. Odotettavissa on teeman mukaisia esityksi\u00e4, vuorovaikutteisia pelej\u00e4 ja mahdollisuus tutustua aitoihin viikinkivarusteisiin. T\u00e4m\u00e4 on sellaista <strong>venekierros Teneriffalla<\/strong> jossa et vain katsele merta vaan el\u00e4t kokemusta.<\/p>\n<p>Turvallisuus on etusijalla jokaisessa l\u00e4hd\u00f6ss\u00e4, ja meill\u00e4 on t\u00e4ydet varusteet ja protokollat k\u00e4yt\u00f6ss\u00e4, jotta voit keskitty\u00e4 nauttimaan kyydist\u00e4.<\/p>\n<h3>\ud83d\udccd Kokoontumispaikka: Puerto de Los Cristianos<\/h3>\n<p>Sinun <strong>veneretki Los Cristianos<\/strong> alkaa osoitteesta <strong>ZONA EXCURSIONES A<\/strong> vuonna <a href=\"https:\/\/maps.app.goo.gl\/23UxnivzFPMsN4zi6\" target=\"_blank\" rel=\"noopener\">Puerto de Los Cristianos<\/a>.<\/p>\n<p>Saavu paikalle <strong>10-20 minuuttia ennen l\u00e4ht\u00f6\u00e4<\/strong> sujuvan l\u00e4ht\u00f6selvityksen ja lennolle nousun varmistamiseksi.<\/p>\n<p>Maksullinen julkinen pys\u00e4k\u00f6intialue on aivan sataman vieress\u00e4.<\/p>\n<h3>\ud83d\udcb0 Kirja CanaryVIP:n kanssa<\/h3>\n<p>CanaryVIP on yksi Kanariansaarten luotetuimmista matkanj\u00e4rjest\u00e4jist\u00e4, ja me tuemme t\u00e4t\u00e4 mainetta todellisella arvolla jokaisella matkalla. <strong>venekierros Teneriffalla<\/strong> varaus:<\/p>\n<ul>\n<li><strong>Parhaan hinnan takuu:<\/strong> Tarjoamme kilpailukykyisimm\u00e4t hinnat t\u00e4lle Teneriffan viikinkiveneajelulle.<\/li>\n<li><strong>Ilmainen peruutus enint\u00e4\u00e4n 24h ennen:<\/strong> Peruuta viimeist\u00e4\u00e4n 24 tuntia ennen aikataulun mukaista l\u00e4ht\u00f6\u00e4, niin saat t\u00e4yden hyvityksen. 24 tunnin sis\u00e4ll\u00e4 tapahtuvia peruutuksia tai peruutuksia ei palauteta.<\/li>\n<li><strong>S\u00e4\u00e4n varalta:<\/strong> Jos olosuhteet eiv\u00e4t ole oikeat, meill\u00e4 on varasuunnitelmat kokemuksesi suojaamiseksi.<\/li>\n<\/ul>\n<p>Johtavana toimijana <strong><a href=\"https:\/\/canaryvip.com\/fi\/tenerife\/boat-excursions\/\">Teneriffan veneretket<\/a>,<\/strong> CanaryVIP on paikka, josta matkustajat varaavat, kun he haluavat rehellisen hinnoittelun, luotettavan palvelun ja unohtumattomia kokemuksia vesill\u00e4.<\/p>\n<h3>\ud83c\udf0a Valmiina nousemaan kyytiin?<\/h3>\n<p>Ragnarok odottaa Los Cristianosin satamassa. Olipa se sitten <strong>valaiden katselu Teneriffalla<\/strong> kokemus, kokemus <strong>delfiinien katselu<\/strong> kohtaamisia tai j\u00e4nnityst\u00e4 purjehtimalla Teneriffan ainoalla aidolla viikinkilaivalla, t\u00e4m\u00e4 on yksi <strong>veneretki Los Cristianos<\/strong> et unohda.<\/p>\n<p>Varaa nyt ja l\u00e4hde seikkailuun, jossa Teneriffan Atlantin vesien luonnonihmeet yhdistyv\u00e4t norjalaisten tutkimusmatkailijoiden legendaariseen henkeen.<\/p>","protected":false},"excerpt":{"rendered":"<p><strong>\ud83d\udd0d Viikinkiveneen kierros:<\/strong><br \/>\n\u2705 Turvallinen maksu.<br \/>\n\ud83d\udc0b Valas- ja delfiinikatselu.<br \/>\n\ud83d\ude80 2h ja 3h matkat.<br \/>\n\u2694\ufe0f Viking Crew.<br \/>\n\ud83d\udee1\ufe0f Kokeile Viking Gearia.<br \/>\n\ud83d\udcc5 ti, to, pe, la ja su.<br \/>\n\u23f0 L\u00e4hd\u00f6t klo 11:00 ja 13:30.<br \/>\n\ud83e\udd11 Paras hinta taattu.<br \/>\n\ud83d\udd01 Enint\u00e4\u00e4n 48h Peruuttaminen.<br \/>\n\ud83c\udf0d Monikielinen miehist\u00f6.<br \/>\n\ud83c\udf1f Varaa nyt ja s\u00e4\u00e4st\u00e4!<br \/>\n\ud83d\udccd L\u00e4ht\u00f6 <a href=\"https:\/\/maps.app.goo.gl\/23UxnivzFPMsN4zi6\" target=\"_blank\" rel=\"noopener\">Los Cristianos<\/a>.<\/p>","protected":false},"featured_media":10714,"comment_status":"open","ping_status":"closed","template":"","meta":{"_acf_changed":false},"product_brand":[],"product_cat":[46],"product_tag":[],"class_list":{"0":"post-10467","1":"product","2":"type-product","3":"status-publish","4":"has-post-thumbnail","6":"product_cat-boat-excursions","7":"wcpa_has_options","9":"first","10":"instock","11":"sale","12":"virtual","13":"purchasable","14":"product-type-simple"},"acf":[],"wcpa_form_fields":{"wcpaData":{"product":{"product_price":25,"price_html":"From&nbsp;<del aria-hidden=\"true\"><span class=\"woocommerce-Price-amount amount\"><bdi>30,00&nbsp;<span class=\"woocommerce-Price-currencySymbol\">&euro;<\/span><\/bdi><\/span><\/del> <span class=\"screen-reader-text\">Alkuper\u00e4inen hinta oli: 30,00&nbsp;&euro;.<\/span><ins aria-hidden=\"true\"><span class=\"woocommerce-Price-amount amount\"><bdi>25,00&nbsp;<span class=\"woocommerce-Price-currencySymbol\">&euro;<\/span><\/bdi><\/span><\/ins><span class=\"screen-reader-text\">Nykyinen hinta on: 25,00&nbsp;&euro;.<\/span>","original_product_price":30,"price_including_tax":25,"price_excluding_tax":25,"product_id":{"parent":10467,"variation":false},"is_variable":false,"stock_status":"instock","stock_quantity":null,"parent_sku":"CV10467","product_attributes":[],"custom_fields":[],"is_taxable":false,"product_name":"Viking Boat Tour Tenerife","hasImage":false},"fields":{"sec_86634d72f6ab5d":{"extra":{"key":"sec_86634d72f6ab5d","section_id":"sec_86634d72f6ab5d","name":"Default","status":1,"cl_rule":"show","enableCl":false,"relations":[],"toggle":true,"title_tag":"h3","show_title":false,"showPrice":"default","form_id":11373,"form_rules":{"exclude_from_discount":true,"fee_label":"Fee","disp_hide_options_price":true,"disp_show_section_price":false,"disp_show_field_price":true,"layout_option":"standard","pric_use_as_fee":false,"process_fee_as":"woo_fee"},"layout_option":"standard"},"fields":[[{"active":true,"col":6,"relations":[{"operator":false,"rules":[{"operator":"AND","rules":{"cl_field":"","cl_relation":"","cl_val":""}}]}],"cl_rule":"show","enableCl":false,"price":"","enablePrice":false,"className":"","label_position":"default","desc_position":"default","type":"radio-group","required":true,"elementId":"radio-group_86634d72f6ab7f","label":"\u231b\ufe0f Trip Duration","name":"radio-group_86634d72f6ab7f","values":[{"label":"2 Hour Trip (25\u20ac)","value":"2 Hour Trip","selected":false,"tempId":"aco_32","description":"Viking cruise with entertainment, games, and whale\/dolphin sightings.","tooltip":"","gt_translate_keys":["label","tooltip","description"]},{"label":"3 Hour Trip (38\u20ac)","value":"3 Hour Trip","selected":false,"tempId":"aco_33","description":"Extended Viking cruise with a viking live show and snorkeling. Whale\/dolphin sightings.","tooltip":"","gt_translate_keys":["label","tooltip","description"]}],"layOut":"","error":false,"checkUi":"toggle","enableDesign":false,"scrollBar":false,"description":"","other":false,"options_description":true,"show_selected_option":false,"options_tooltip":true,"gt_translate_keys":["label","description"],"price_dependency":false,"cl_dependency":[false,false],"value":""}]]},"sec_06634d72f6ab80":{"extra":{"key":"sec_06634d72f6ab80","section_id":"sec_06634d72f6ab80","name":"2H Trip","status":1,"cl_rule":"show","enableCl":true,"relations":[{"operator":false,"rules":[{"operator":"AND","rules":{"cl_field":"radio-group_86634d72f6ab7f","cl_relation":"is","cl_val":"2 Hour Trip"}}]}],"toggle":true,"title_tag":"h4","show_title":false,"showPrice":"default","form_id":11373,"form_rules":{"exclude_from_discount":true,"fee_label":"Fee","disp_hide_options_price":true,"disp_show_section_price":false,"disp_show_field_price":true,"layout_option":"standard","pric_use_as_fee":false,"process_fee_as":"woo_fee"},"layout_option":"standard"},"fields":[[{"label":"\ud83d\udcc5 Date","active":true,"required":true,"elementId":"date_106634d72f6ab8d","picker_type":"custom","picker_mode":"single","placeholder":"","description":"","tooltip":"","name":"date_106634d72f6ab8d","label_position":"default","desc_position":"default","enablePrice":false,"className":"","enableCl":false,"relations":[{"operator":"and","rules":[{"operator":"AND","rules":{"cl_field":"radio-group_86634d72f6ab7f","cl_relation":"is","cl_val":"4.5 Hour Trip from North Tenerife"}}]}],"date_pic_inline":true,"date_pic_inline_hide":true,"min_date":{"type":"days","val":"1"},"max_date":{"type":"days","val":"130"},"date_pic_conf":{"disabledWeeks":[],"disabledDates":["2026-02-22 to 2026-03-01"]},"price":"","cl_rule":"show","col":6,"type":"date","error":false,"isWeightTemplate":false,"isTemplate":false,"min_quantity":"1","quantity_decimal":false,"quantity_step":"1","quantity_label":"Quantity","repeater_field_label":"{field_label}","repeater_bind":"","gt_translate_keys":["label","placeholder","description","tooltip","repeater_field_label","quantity_label"],"price_dependency":false,"cl_dependency":["select_36634d72f6ab98","select-0607912373","select-3976579874","select-2509731365"],"value":""}],[{"label":"\u23f0 Departure","active":true,"required":true,"elementId":"select_36634d72f6ab98","dropdown_type":"basic","name":"select_36634d72f6ab98","label_position":"default","desc_position":"default","enablePrice":false,"className":"","enableCl":true,"relations":[{"operator":false,"rules":[{"operator":"AND","rules":{"cl_field":"date_106634d72f6ab8d","cl_relation":"week_day_is","cl_val":[1,0]}}]}],"values":[{"label":"10:30","value":"10:30","selected":false,"tempId":"aco_1097","gt_translate_keys":["label"]},{"label":"12:30","value":"12:30","selected":false,"tempId":"aco_1098","gt_translate_keys":["label"]},{"label":"14:30","value":"14:30","selected":false,"tempId":"aco_1099","gt_translate_keys":["label"]}],"price":"","cl_rule":"show","col":6,"type":"select","error":false,"placeholder":"Select Departure Time","isWeightTemplate":false,"isTemplate":false,"min_quantity":"1","quantity_decimal":false,"quantity_step":"1","quantity_label":"Quantity","repeater_field_label":"{field_label}","repeater_bind":"","gt_translate_keys":["label","placeholder","repeater_field_label","quantity_label"],"price_dependency":false,"cl_dependency":false,"value":""}],[{"label":"\u23f0 Departure","active":true,"required":true,"elementId":"select-0607912373","dropdown_type":"basic","placeholder":"Select Departure Time","name":"select-0607912373","label_position":"default","desc_position":"default","enablePrice":false,"className":"","enableCl":true,"relations":[{"operator":false,"rules":[{"operator":"AND","rules":{"cl_field":"date_106634d72f6ab8d","cl_relation":"week_day_is","cl_val":[2,4]}}]}],"values":[{"label":"11:00","value":"11:00","selected":false,"tempId":"aco_1097","gt_translate_keys":["label"]},{"label":"16:00","value":"16:00","selected":false,"tempId":"aco_401","gt_translate_keys":["label"]}],"price":"","cl_rule":"show","col":6,"type":"select","error":false,"isWeightTemplate":false,"isTemplate":false,"min_quantity":"1","quantity_decimal":false,"quantity_step":"1","quantity_label":"Quantity","repeater_field_label":"{field_label}","repeater_bind":"","gt_translate_keys":["label","placeholder","repeater_field_label","quantity_label"],"price_dependency":false,"cl_dependency":false,"value":""}],[{"label":"\u23f0 Departure","active":true,"required":true,"elementId":"select-3976579874","dropdown_type":"basic","placeholder":"Select Departure Time","name":"select-3976579874","label_position":"default","desc_position":"default","enablePrice":false,"className":"","enableCl":true,"relations":[{"operator":false,"rules":[{"operator":"AND","rules":{"cl_field":"date_106634d72f6ab8d","cl_relation":"week_day_is","cl_val":[3,5]}}]}],"values":[{"label":"11:00","value":"11:00","selected":false,"tempId":"aco_1097","gt_translate_keys":["label"]},{"label":"13:00","value":"13:00","selected":false,"tempId":"aco_655","gt_translate_keys":["label"]},{"label":"15:00","value":"15:00","selected":false,"tempId":"aco_719","gt_translate_keys":["label"]}],"price":"","cl_rule":"show","col":6,"type":"select","error":false,"isWeightTemplate":false,"isTemplate":false,"min_quantity":"1","quantity_decimal":false,"quantity_step":"1","quantity_label":"Quantity","repeater_field_label":"{field_label}","repeater_bind":"","gt_translate_keys":["label","placeholder","repeater_field_label","quantity_label"],"price_dependency":false,"cl_dependency":false,"value":""}],[{"label":"\u23f0 Departure","active":true,"required":true,"elementId":"select-2509731365","dropdown_type":"basic","placeholder":"Select Departure Time","name":"select-2509731365","label_position":"default","desc_position":"default","enablePrice":false,"className":"","enableCl":true,"relations":[{"operator":false,"rules":[{"operator":"AND","rules":{"cl_field":"date_106634d72f6ab8d","cl_relation":"week_day_is","cl_val":[6]}}]}],"values":[{"label":"11:00","value":"11:00","selected":true,"tempId":"aco_1097","gt_translate_keys":["label"]}],"price":"","cl_rule":"show","col":6,"type":"select","error":false,"isWeightTemplate":false,"isTemplate":false,"min_quantity":"1","quantity_decimal":false,"quantity_step":"1","quantity_label":"Quantity","repeater_field_label":"{field_label}","repeater_bind":"","gt_translate_keys":["label","placeholder","repeater_field_label","quantity_label"],"price_dependency":false,"cl_dependency":false,"value":""}],[{"elementId":"separator_86634d72f6aba3","separatorType":"blank","className":"","height":"10","enableCl":false,"relations":false,"cl_rule":"show","col":6,"type":"separator","gt_translate_keys":[],"price_dependency":false,"cl_dependency":false,"value":""}],[{"contentType":"plain","active":true,"label":"People","elementId":"content_106634d72f6abb5","value":"","inline":false,"show_in_checkout":true,"name":"content_106634d72f6abb5","enablePrice":false,"className":"","enableCl":false,"relations":false,"price":"","cl_rule":"show","col":6,"type":"content","gt_translate_keys":["label","value"],"price_dependency":false,"cl_dependency":false}],[{"label":"","active":true,"required":false,"elementId":"radio-group_76634d72f6abc0","name":"radio-group_76634d72f6abc0","label_position":"default","desc_position":"default","enablePrice":true,"className":"","enableCl":true,"relations":[{"operator":false,"rules":[{"operator":"AND","rules":{"cl_field":"","cl_relation":"","cl_val":""}}]}],"enable_quantity":true,"quantity_label":"","min_quantity":"0","checkUi":"button","layOut":"","options_tooltip":true,"values":[{"label":"\ud83d\udc64 Adult (25\u20ac)","value":"Adult 2H","selected":true,"tempId":"aco_32","tooltip":"+12 Years","gt_translate_keys":["label","tooltip"]}],"priceOptions":"fixed_for_all","pricingType":"fixed","price":"25","cl_rule":"show","col":6,"type":"radio-group","error":false,"gt_translate_keys":["label","quantity_label"],"price_dependency":false,"cl_dependency":false,"value":""}],[{"label":"","active":true,"required":false,"elementId":"radio-group_06634d72f6abca","name":"radio-group_06634d72f6abca","label_position":"default","desc_position":"default","enablePrice":true,"className":"","enableCl":false,"relations":false,"enable_quantity":true,"quantity_label":"","min_quantity":"0","checkUi":"button","layOut":"","options_tooltip":true,"values":[{"label":"\ud83d\udc66 Child (20\u20ac)","value":"Child 2H","selected":true,"tempId":"aco_32","tooltip":"4-11 Years","gt_translate_keys":["label","tooltip"]}],"priceOptions":"fixed_for_all","pricingType":"fixed","price":"20","cl_rule":"show","col":6,"type":"radio-group","error":false,"gt_translate_keys":["label","quantity_label"],"price_dependency":false,"cl_dependency":false,"value":""}],[{"label":"","active":true,"required":false,"elementId":"radio-group_16634d72f6abd4","name":"radio-group_16634d72f6abd4","label_position":"default","desc_position":"default","enablePrice":true,"className":"","enableCl":false,"relations":false,"enable_quantity":true,"quantity_label":"","min_quantity":"0","checkUi":"button","layOut":"","options_tooltip":true,"values":[{"label":"\ud83d\udc76 Infant (5\u20ac)","value":"Infant","selected":true,"tempId":"aco_32","tooltip":"0-3 Years","gt_translate_keys":["label","tooltip"]}],"priceOptions":"fixed_for_all","pricingType":"fixed","price":"5","cl_rule":"show","col":6,"type":"radio-group","error":false,"gt_translate_keys":["label","quantity_label"],"price_dependency":false,"cl_dependency":false,"value":""}]]},"sec_he22042k0":{"extra":{"key":"sec_he22042k0","section_id":"sec_he22042k0","name":"3H Trip","status":1,"cl_rule":"show","enableCl":true,"relations":[{"operator":false,"rules":[{"operator":"AND","rules":{"cl_field":"radio-group_86634d72f6ab7f","cl_relation":"is","cl_val":"3 Hour Trip"}}]}],"toggle":true,"title_tag":"h4","show_title":false,"showPrice":"default","form_id":11373,"form_rules":{"exclude_from_discount":true,"fee_label":"Fee","disp_hide_options_price":true,"disp_show_section_price":false,"disp_show_field_price":true,"layout_option":"standard","pric_use_as_fee":false,"process_fee_as":"woo_fee"},"layout_option":"standard"},"fields":[[{"label":"\ud83d\udcc5 Date","active":true,"required":true,"elementId":"date-0004920609","picker_type":"custom","picker_mode":"single","placeholder":"","description":"","tooltip":"","name":"date-0004920609","label_position":"default","desc_position":"default","enablePrice":false,"className":"","enableCl":false,"relations":[{"operator":"and","rules":[{"operator":"AND","rules":{"cl_field":"radio-group_86634d72f6ab7f","cl_relation":"is","cl_val":"4.5 Hour Trip from North Tenerife"}}]}],"date_pic_inline":true,"date_pic_inline_hide":true,"min_date":{"type":"days","val":"1"},"max_date":{"type":"days","val":"130"},"date_pic_conf":{"disabledWeeks":[0,1,3,5],"disabledDates":["2026-02-24 to 2026-03-01"]},"price":"","cl_rule":"show","col":6,"type":"date","error":false,"isWeightTemplate":false,"isTemplate":false,"min_quantity":"1","quantity_decimal":false,"quantity_step":"1","quantity_label":"Quantity","repeater_field_label":"{field_label}","repeater_bind":"","gt_translate_keys":["label","placeholder","description","tooltip","repeater_field_label","quantity_label"],"price_dependency":false,"cl_dependency":false,"value":""}],[{"label":"\u23f0 Departure","active":true,"required":true,"elementId":"select-0004920610","dropdown_type":"basic","placeholder":"Select Departure Time","name":"select-0004920610","label_position":"default","desc_position":"default","enablePrice":false,"className":"","enableCl":false,"relations":[{"operator":false,"rules":[{"operator":"AND","rules":{"cl_field":"date_106634d72f6ab8d","cl_relation":"week_day_is","cl_val":[2,3,4,5,6]}}]}],"values":[{"label":"13:00","value":"13:00","selected":true,"tempId":"aco_1097","gt_translate_keys":["label"]}],"price":"","cl_rule":"show","col":6,"type":"select","error":false,"isWeightTemplate":false,"isTemplate":false,"min_quantity":"1","quantity_decimal":false,"quantity_step":"1","quantity_label":"Quantity","repeater_field_label":"{field_label}","repeater_bind":"","gt_translate_keys":["label","placeholder","repeater_field_label","quantity_label"],"price_dependency":false,"cl_dependency":false,"value":""}],[{"elementId":"separator-0004921614","separatorType":"blank","className":"","height":"10","enableCl":false,"relations":false,"cl_rule":"show","col":6,"type":"separator","gt_translate_keys":[],"price_dependency":false,"cl_dependency":false,"value":""}],[{"contentType":"plain","active":true,"label":"People","elementId":"content-0004921615","value":"","inline":false,"show_in_checkout":true,"name":"content-0004921615","enablePrice":false,"className":"","enableCl":false,"relations":false,"price":"","cl_rule":"show","col":6,"type":"content","gt_translate_keys":["label","value"],"price_dependency":false,"cl_dependency":false}],[{"label":"","active":true,"required":false,"elementId":"radio-group-0004921616","name":"radio-group-0004921616","label_position":"default","desc_position":"default","enablePrice":true,"className":"","enableCl":false,"relations":[{"operator":false,"rules":[{"operator":"AND","rules":{"cl_field":"","cl_relation":"","cl_val":""}}]}],"enable_quantity":true,"quantity_label":"","min_quantity":"0","checkUi":"button","layOut":"","options_tooltip":true,"values":[{"label":"\ud83d\udc64 Adult (38\u20ac)","value":"Adult 3H","selected":true,"tempId":"aco_32","tooltip":"+12 Years","gt_translate_keys":["label","tooltip"]}],"priceOptions":"fixed_for_all","pricingType":"fixed","price":"38","cl_rule":"show","col":6,"type":"radio-group","error":false,"gt_translate_keys":["label","quantity_label"],"price_dependency":false,"cl_dependency":false,"value":""}],[{"label":"","active":true,"required":false,"elementId":"radio-group-0004921617","name":"radio-group-0004921617","label_position":"default","desc_position":"default","enablePrice":true,"className":"","enableCl":false,"relations":false,"enable_quantity":true,"quantity_label":"","min_quantity":"0","checkUi":"button","layOut":"","options_tooltip":true,"values":[{"label":"\ud83d\udc66 Child (25\u20ac)","value":"Child 3H","selected":true,"tempId":"aco_32","tooltip":"4-11 Years","gt_translate_keys":["label","tooltip"]}],"priceOptions":"fixed_for_all","pricingType":"fixed","price":"25","cl_rule":"show","col":6,"type":"radio-group","error":false,"gt_translate_keys":["label","quantity_label"],"price_dependency":false,"cl_dependency":false,"value":""}],[{"label":"","active":true,"required":false,"elementId":"radio-group-0004921618","name":"radio-group-0004921618","label_position":"default","desc_position":"default","enablePrice":true,"className":"","enableCl":false,"relations":false,"enable_quantity":true,"quantity_label":"","min_quantity":"0","checkUi":"button","layOut":"","options_tooltip":true,"values":[{"label":"\ud83d\udc76 Infant (5\u20ac)","value":"Infant","selected":true,"tempId":"aco_32","tooltip":"0-3 Years","gt_translate_keys":["label","tooltip"]}],"priceOptions":"fixed_for_all","pricingType":"fixed","price":"5","cl_rule":"show","col":6,"type":"radio-group","error":false,"gt_translate_keys":["label","quantity_label"],"price_dependency":false,"cl_dependency":false,"value":""}]]}},"config":{"price_override":"always","enable_recaptcha":false,"bind_quantity":false,"quantity_bind_formula":false,"disp_summ_show_option_price":true,"disp_summ_show_product_price":false,"disp_summ_show_total_price":true,"disp_summ_show_fee":true,"disp_summ_show_discount":true,"summary_title":"","options_total_label":"Options Price","total_label":"Total Amount","options_product_label":"Product Price","fee_label":"Fee","discount_label":"Discount","has_price":true,"has_quantity_formula":false},"mc_unit":1,"tax_rate":1,"tax_rate_real":1,"discount":{"percentage":0,"fixed":0},"design":{"conf":{"LabelPosition":"above","DescPosition":"above","UploadField":"custom_1","QuantityFieldStyle":"custom_1"},"css":{"LeftLabelWidth":"120px"}},"formulas":[],"lookuptables":[],"clones":false,"cartKey":false}},"_links":{"self":[{"href":"https:\/\/canaryvip.com\/fi\/wp-json\/wp\/v2\/product\/10467","targetHints":{"allow":["GET"]}}],"collection":[{"href":"https:\/\/canaryvip.com\/fi\/wp-json\/wp\/v2\/product"}],"about":[{"href":"https:\/\/canaryvip.com\/fi\/wp-json\/wp\/v2\/types\/product"}],"replies":[{"embeddable":true,"href":"https:\/\/canaryvip.com\/fi\/wp-json\/wp\/v2\/comments?post=10467"}],"wp:featuredmedia":[{"embeddable":true,"href":"https:\/\/canaryvip.com\/fi\/wp-json\/wp\/v2\/media\/10714"}],"wp:attachment":[{"href":"https:\/\/canaryvip.com\/fi\/wp-json\/wp\/v2\/media?parent=10467"}],"wp:term":[{"taxonomy":"product_brand","embeddable":true,"href":"https:\/\/canaryvip.com\/fi\/wp-json\/wp\/v2\/product_brand?post=10467"},{"taxonomy":"product_cat","embeddable":true,"href":"https:\/\/canaryvip.com\/fi\/wp-json\/wp\/v2\/product_cat?post=10467"},{"taxonomy":"product_tag","embeddable":true,"href":"https:\/\/canaryvip.com\/fi\/wp-json\/wp\/v2\/product_tag?post=10467"}],"curies":[{"name":"wp","href":"https:\/\/api.w.org\/{rel}","templated":true}]}}