{"id":10465,"date":"2024-03-22T00:31:19","date_gmt":"2024-03-22T00:31:19","guid":{"rendered":"https:\/\/canaryvip.com\/?post_type=product&#038;p=10465"},"modified":"2025-08-09T12:48:53","modified_gmt":"2025-08-09T11:48:53","slug":"kayaking-tenerife","status":"publish","type":"product","link":"https:\/\/canaryvip.com\/fi\/shop\/kayaking-tenerife\/","title":{"rendered":"Melonta kilpikonnien kanssa Teneriffalla"},"content":{"rendered":"<h2><strong>\ud83d\udea3 Melonta Teneriffalla - Melo l\u00e4pi paratiisin<\/strong><\/h2>\n<p>Tutustu Teneriffan seesteisten vesien kauneuteen vertaansa vailla olevalla <strong>Melontaseikkailut.<\/strong>\u00a0. Tunne meress\u00e4 viipyilemisen ilo, jossa aktiivisen urheilun j\u00e4nnitys sekoittuu luonnon rauhoittavaan syleilyyn. Meid\u00e4n <strong>melonta Teneriffalla<\/strong> matkat, todistaja <a href=\"https:\/\/canaryvip.com\/fi\/tenerife\/boat-excursions\/\"><strong>delfiinihavainnot<\/strong><\/a> ja <strong>snorklaa kilpikonnien kanssa<\/strong> kunnioittavalla, ei-tunkeutuvalla tavalla ja tarjoaa ihanteellisen turvapaikan luonnon yst\u00e4ville.<\/p>\n<h3><strong>\u23f1\ufe0f Meren tutkimusretki Teneriffalla melonnan parissa<\/strong><\/h3>\n<ul>\n<li><strong>Seikkailu:<\/strong> K\u00e4ynnist\u00e4 <strong>melonta Teneriffalla<\/strong> matka Los Cristianosin rannoilta, jossa yhdistyv\u00e4t vesiliikunta ja avomeren vieh\u00e4tysvoima. Retkill\u00e4mme on luvassa voimakasta melontaa ja henkil\u00f6kohtaisia kohtaamisia Teneriffan vilkkaan meriel\u00e4m\u00e4n kanssa.<\/li>\n<li><strong>Ominaisuudet:<\/strong> Vaikka villiel\u00e4inhavainnot voivat vaihdella, meid\u00e4n omistautumisemme tarjota poikkeuksellinen <strong>melonta Teneriffalla<\/strong> kokemus pysyy vakiona.<\/li>\n<li><strong>Lis\u00e4tyt edut:<\/strong> Melonnan j\u00e4nnityksen lis\u00e4ksi voit my\u00f6s snorklata Palm Marin kristallinkirkkaissa vesiss\u00e4, jotka ovat merikilpikonnien ja lukuisten meriel\u00e4inlajien turvapaikka. T\u00e4m\u00e4 rikastuttaa seikkailuasi ja helpottaa l\u00e4heisi\u00e4 kohtaamisia meren ihmeiden kanssa.<\/li>\n<\/ul>\n<h3><strong>\ud83c\udf0a Meriel\u00e4m\u00e4n kohtaaminen Teneriffalla melonnan aikana<\/strong><\/h3>\n<ul>\n<li><strong>Kokemus:<\/strong> Meloa Teneriffan rauhallisilla vesill\u00e4 meid\u00e4n <strong>melontaretket<\/strong> mahdollisuus tarkkailla delfiinej\u00e4 niiden luonnollisessa ymp\u00e4rist\u00f6ss\u00e4. Vaikka emme salli delfiinien kanssa uimista, retkemme her\u00e4tt\u00e4v\u00e4t kunnioitusta ja kunnioitusta n\u00e4it\u00e4 upeita olentoja kohtaan.<\/li>\n<li><strong>Kohokohdat:<\/strong> Snorklausp\u00e4tk\u00e4 tarjoaa sukelluksen vedenalaiseen maailmaan, jossa on suuri todenn\u00e4k\u00f6isyys uida kilpikonnien ja rauskujen vieress\u00e4 ja esitell\u00e4 Teneriffan meriel\u00e4m\u00e4n upeutta ja monimuotoisuutta.<\/li>\n<li><strong>Mukavuus:<\/strong> Valitse stressit\u00f6n noutopalvelumme pient\u00e4 lis\u00e4maksua vastaan, joka takaa sujuvan alun matkallesi. <strong>melonta Teneriffalla<\/strong> seikkailu. Asetamme mukavuutesi etusijalle ja varmistamme, ett\u00e4 matkasi jokainen osa on saumaton.<\/li>\n<\/ul>\n<h3>\ud83c\udf1f Olennaiset tiedot Teneriffan melontakokemusta varten<\/h3>\n<ul>\n<li><strong>Turvallisuuden varmistaminen<\/strong>: Every <strong>melonta Teneriffalla<\/strong> kiertueen taustalla on sitoutumisemme turvallisuuteen. Pid\u00e4mme yksityiskohtaisen turvallisuuskoulutuksen ennen jokaista matkaa ja varustamme kaikki osallistujat v\u00e4ltt\u00e4m\u00e4tt\u00f6mill\u00e4 varusteilla, kuten pelastusliiveill\u00e4 ja snorkkelisarjoilla, jotta seikkailu olisi turvallinen ja nautinnollinen.<\/li>\n<li><strong>Monikieliset oppaat<\/strong>: Ammattitaitoiset oppaamme osaavat englantia ja espanjaa, ja he antavat henkil\u00f6kohtaisia ja informatiivisia kommentteja koko matkan ajan. <strong>melonta Teneriffalla<\/strong> retki. T\u00e4m\u00e4 takaa kansainv\u00e4lisille seikkailijoille viihtyis\u00e4n ilmapiirin, joka tekee matkan jokaisesta hetkest\u00e4 sek\u00e4 kiinnostavan ett\u00e4 opettavaisen.<\/li>\n<li><strong>Asiantuntijaopetus<\/strong>: Ennen <strong>melonta Teneriffalla<\/strong> kokemusta, tiimimme antaa asiantuntijavinkkej\u00e4 melontatekniikoista ja turvallisuusk\u00e4yt\u00e4nn\u00f6ist\u00e4. Olitpa sitten aloittelija tai aiempaa kokemusta omaava, opastuksemme pyrkii lis\u00e4\u00e4m\u00e4\u00e4n itseluottamustasi ja nautintoa vesill\u00e4.<\/li>\n<\/ul>\n<h3>\ud83d\udcc5 <strong>Varmista kajakkiseikkailusi Teneriffalla ja varaa nyt<\/strong><\/h3>\n<p>Meid\u00e4n <strong>Teneriffan melontaretket<\/strong> ovat harkitusti kuratoituja, jotta voit sukeltaa saaren luonnonihmeisiin ja saada aikaan ainutlaatuisen kokemuksen, joka yhdist\u00e4\u00e4 sinut l\u00e4heisesti mereen.<br \/>\nPaikat t\u00e4yttyv\u00e4t nopeasti, joten suosittelemme varaamaan paikat ajoissa. Valitse <strong>CanaryVIP<\/strong> jotta varausprosessi sujuisi ongelmitta ja varmistaisit paikkasi t\u00e4ss\u00e4 vesiparatiisissa.<\/p>\n<h3>\u2705 <strong>Mit\u00e4 sis\u00e4ltyy Teneriffan melontaretkeen?<\/strong><\/h3>\n<ul>\n<li>Valinnainen nouto- ja j\u00e4tt\u00f6palvelu nimellist\u00e4 maksua vastaan, mik\u00e4 lis\u00e4\u00e4 seikkailusi mukavuutta.<\/li>\n<li>Kokeneiden ohjaajien johtama opastettu retki, jossa yhdistyv\u00e4t melonta- ja snorklausretket.<\/li>\n<li>Noin 1,5 tuntia melontaa, jota t\u00e4ydent\u00e4\u00e4 30 minuutin snorklaussessio vedenalaiseen maailmaan tutustumiseksi.<\/li>\n<li>Lokerot, joissa voit s\u00e4ilytt\u00e4\u00e4 tavaroitasi turvallisesti, kun nautit vesiel\u00e4myksist\u00e4.<\/li>\n<li>Monikielinen opas takaa selke\u00e4n viestinn\u00e4n ja rikkaan kokemuksen.<\/li>\n<\/ul>\n<h3><strong>\u2696\ufe0f Kajakkimelonnan varaus- ja peruutusehdot Teneriffalla:<\/strong><\/h3>\n<ul>\n<li><strong>Suunnittele etuk\u00e4teen:<\/strong> Varaa aikaisin varmistaaksesi paikkasi ja nauti erikoisalennuksesta CanaryVIP:n kautta. Muista, ett\u00e4 melontaseikkailuilla, erityisesti niill\u00e4, jotka tarjoavat kohtaamisia villiel\u00e4inten kanssa, on suuri kysynt\u00e4.<\/li>\n<li><strong>Joustavat peruutukset:<\/strong> El\u00e4m\u00e4 voi olla arvaamatonta. Peruuta viimeist\u00e4\u00e4n 24 tuntia ennen matkaa ja saat t\u00e4yden hyvityksen. Stressitt\u00f6m\u00e4n kokemuksen takaamiseksi ymm\u00e4rr\u00e4mme, ett\u00e4 joustavuus on tarpeen.<\/li>\n<li><strong>Osallistujavaatimukset:<\/strong> Sopii henkil\u00f6ille, jotka ovat kohtuullisen hyv\u00e4kuntoisia ja viihtyv\u00e4t vedess\u00e4. Aiempaa kokemusta melonnasta ei tarvita, mutta osallistujien tulisi osata uida snorklausta varten.<\/li>\n<\/ul>\n<h3><strong>\ud83c\udf92 Valmistautuminen melontaseikkailuun:<\/strong><\/h3>\n<ul>\n<li><strong>Mit\u00e4 ottaa mukaan:<\/strong> Mukavuus on seikkailun kannalta ratkaisevan t\u00e4rke\u00e4\u00e4. Pukeudu uimapukuun m\u00e4rk\u00e4puvun alle viile\u00e4mpin\u00e4 p\u00e4ivin\u00e4. Vaikka varvassandaaleja ei suositella, tukevat keng\u00e4t ovat matkalla v\u00e4ltt\u00e4m\u00e4tt\u00f6m\u00e4t. Muista pakata mukaan aurinkovoidetta, hattu p\u00e4iv\u00e4retki\u00e4 varten ja pyyhe snorklauksen j\u00e4lkeist\u00e4 aikaa varten.<\/li>\n<li><strong>Valokuvamuistoja:<\/strong> Vaikka emme tarjoa valokuvauspalvelua, voit ottaa kamerasi tai puhelimesi mukaan vangitakseen henke\u00e4salpaavat n\u00e4kym\u00e4t. Huomioithan, ett\u00e4 n\u00e4iden esineiden kuljettaminen tapahtuu omalla vastuullasi.<\/li>\n<li><strong>Terveys ja turvallisuus:<\/strong> Kaikkien osallistujien turvallisuuden ja tyytyv\u00e4isyyden takaamiseksi aktiviteettia ei suositella henkil\u00f6ille, jotka ovat raskaana yli 5 kuukautta. On eritt\u00e4in t\u00e4rke\u00e4\u00e4, ett\u00e4 kaikilla melojilla on perusuimataito, erityisesti retken snorklausosuutta varten.<\/li>\n<\/ul>\n<h3>\u2753 <strong>Usein kysytyt kysymykset: Kajakointi kyselyihin vastataan<\/strong><\/h3>\n<ul>\n<li><strong>Tarvitsenko aiempaa kokemusta melonnasta?<\/strong> Ei suinkaan, oppaamme opastavat sinut tarvittaviin melonnan perustekniikoihin. Ole vain mukavasti vedess\u00e4 ja valmiina mielenkiintoiseen p\u00e4iv\u00e4\u00e4n.<\/li>\n<li><strong>Mit\u00e4 minun pit\u00e4isi pukea p\u00e4\u00e4lleni?<\/strong> Uimapuvun ja aurinkovoiteen lis\u00e4ksi on suositeltavaa k\u00e4ytt\u00e4\u00e4 m\u00e4rk\u00e4pukua viile\u00e4mpin\u00e4 p\u00e4ivin\u00e4. Tarjoamme kaikki tarvittavat turvallisuus- ja snorklausv\u00e4lineet.<\/li>\n<li><strong>Onko ik\u00e4rajoituksia?<\/strong> Melojien on oltava v\u00e4hint\u00e4\u00e4n 6-vuotiaita. 6-11-vuotiaiden lasten on oltava aikuisen seurassa.<\/li>\n<li><strong>Voinko vaihtaa kajakkia?<\/strong> Voit toki valita, haluatko meloa yksin, parin kanssa tai kolmen hengen ryhm\u00e4ss\u00e4, mik\u00e4 ei vaikuta hintaan.<\/li>\n<\/ul>\n<h4><strong>\ud83c\udf1e Oletko valmis syleilem\u00e4\u00e4n merta?<\/strong><\/h4>\n<p>Sukella unohtumattomaan melontakokemukseen Teneriffan rannikolla. Navigoitpa sitten Los Cristianosin vesill\u00e4, ihailitpa sitten <strong>delfiinej\u00e4,<\/strong>\u00a0tai <strong>snorklausta kilpikonnien kanssa,<\/strong>\u00a0seikkailusi kanssa <strong>CanaryVIP<\/strong> lupaa olla sekoitus kauneutta, riemua ja pysyvi\u00e4 muistoja.<br \/>\nVaraa paikkasi jo t\u00e4n\u00e4\u00e4n ja valmistaudu h\u00e4mm\u00e4stym\u00e4\u00e4n meren ihmeist\u00e4! \ud83d\udea3\u200d\u2640\ufe0f\ud83d\udc2c\ud83d\udc22<\/p>\n<p>Jos haluatte vertaansa vailla olevan seikkailun Teneriffan koskemattomilla vesill\u00e4, varmistakaa melontaretkenne varaus meilt\u00e4 jo t\u00e4n\u00e4\u00e4n!<\/p>","protected":false},"excerpt":{"rendered":"<p><strong>\ud83d\udd0d Melonta Teneriffalla:<\/strong><br \/>\n\u2705 Turvallinen maksu.<br \/>\n\ud83d\udc0b Delfiini- ja kilpikonnahavainnot.<br \/>\n\ud83d\ude80 2h seikkailuja.<br \/>\n\ud83e\udd3f Snorkkelivarusteet tarjotaan.<br \/>\n\ud83d\udd59 Useita l\u00e4ht\u00f6aikoja.<br \/>\n\ud83d\udcc5 Saatavilla joka p\u00e4iv\u00e4.<br \/>\n\ud83e\udd11 Paras hinta taattu.<br \/>\n\ud83d\ude8d Valinnainen kuljetuspalvelu.<br \/>\n\ud83d\udc6a Perhe- ja ryhm\u00e4alennukset.<br \/>\n\ud83d\udd01 24h peruutusehdot.<br \/>\n\ud83c\udf0d Englanninkieliset ja espanjankieliset oppaat.<br \/>\n\ud83c\udf1f Varaa ajoissa ja s\u00e4\u00e4st\u00e4.<br \/>\n\ud83d\udccd L\u00e4ht\u00f6 <a href=\"https:\/\/maps.app.goo.gl\/g9c9rZaJv7igjr3t8\">Los Cristianos<\/a>.<\/p>","protected":false},"featured_media":10794,"comment_status":"open","ping_status":"closed","template":"","meta":{"_acf_changed":false},"product_brand":[],"product_cat":[53],"product_tag":[],"class_list":{"0":"post-10465","1":"product","2":"type-product","3":"status-publish","4":"has-post-thumbnail","6":"product_cat-water-sports","7":"wcpa_has_options","9":"first","10":"instock","11":"sale","12":"virtual","13":"purchasable","14":"product-type-simple"},"acf":[],"wcpa_form_fields":{"wcpaData":{"product":{"product_price":35,"price_html":"From&nbsp;<del aria-hidden=\"true\"><span class=\"woocommerce-Price-amount amount\"><bdi>45,00&nbsp;<span class=\"woocommerce-Price-currencySymbol\">&euro;<\/span><\/bdi><\/span><\/del> <span class=\"screen-reader-text\">Alkuper\u00e4inen hinta oli: 45,00&nbsp;&euro;.<\/span><ins aria-hidden=\"true\"><span class=\"woocommerce-Price-amount amount\"><bdi>35,00&nbsp;<span class=\"woocommerce-Price-currencySymbol\">&euro;<\/span><\/bdi><\/span><\/ins><span class=\"screen-reader-text\">Nykyinen hinta on: 35,00&nbsp;&euro;.<\/span>","original_product_price":45,"price_including_tax":35,"price_excluding_tax":35,"product_id":{"parent":10465,"variation":false},"is_variable":false,"stock_status":"instock","stock_quantity":null,"parent_sku":"CV10465","product_attributes":[],"custom_fields":[],"is_taxable":false,"product_name":"Kayaking with Turtles Tenerife","hasImage":false},"fields":{"sec_1066337d57eb5e3":{"extra":{"key":"sec_1066337d57eb5e3","section_id":"sec_1066337d57eb5e3","name":"Default","status":1,"cl_rule":"show","enableCl":false,"relations":[],"toggle":true,"title_tag":"h3","show_title":false,"showPrice":"default","form_id":11372,"form_rules":{"exclude_from_discount":true,"fee_label":"Fee","disp_hide_options_price":true,"disp_show_section_price":false,"disp_show_field_price":true,"layout_option":"standard","pric_use_as_fee":false,"process_fee_as":"woo_fee"},"layout_option":"standard"},"fields":[[{"label":"\ud83d\udcc5 Date","active":true,"required":true,"elementId":"date_666337d57eb607","picker_type":"custom","picker_mode":"single","placeholder":"","description":"","tooltip":"","name":"date_666337d57eb607","label_position":"default","desc_position":"default","enablePrice":false,"className":"","enableCl":false,"relations":[{"operator":"and","rules":[{"operator":"AND","rules":{"cl_field":"radio-group_5661bc90f5e8f5","cl_relation":"is_not_empty","cl_val":"3 Hour Trip"}}]}],"date_pic_inline":true,"date_pic_inline_hide":true,"min_date":{"type":"days","val":"0"},"max_date":{"type":"days","val":"365"},"date_pic_conf":{"disabledWeeks":[]},"price":"","cl_rule":"show","col":6,"type":"date","error":false,"enableDesign":false,"LabelColor":"","gt_translate_keys":["label","placeholder","description","tooltip"],"price_dependency":false,"cl_dependency":false,"value":""}],[{"active":true,"col":6,"relations":false,"cl_rule":"show","enableCl":false,"price":"","enablePrice":false,"className":"","label_position":"default","desc_position":"default","type":"select","required":true,"elementId":"select_566337d57eb62f","label":"\u23f0 Departure Time","name":"select_566337d57eb62f","values":[{"label":"Whichever Time is Best","value":"Whichever Time is Best","selected":false,"tempId":"aco_312","gt_translate_keys":["label"]},{"label":"10:00","value":"10:00","selected":false,"tempId":"aco_313","gt_translate_keys":["label"]},{"label":"12:30 (12:30 PM)","value":"12:30","selected":false,"tempId":"aco_314","gt_translate_keys":["label"]},{"label":"14:00 (2:00 PM)","value":"14:00","selected":false,"tempId":"aco_711","gt_translate_keys":["label"]}],"dropdown_type":"basic","error":false,"multiple":false,"placeholder":"None","gt_translate_keys":["label","placeholder"],"price_dependency":false,"cl_dependency":false,"value":""}],[{"active":true,"col":6,"relations":false,"cl_rule":"show","enableCl":false,"price":"","enablePrice":false,"className":"","label_position":"default","desc_position":"default","type":"content","required":false,"elementId":"content_1042762875","label":"","name":"content_1042762875","contentType":"rich","value":"<p>\ud83c\udf9f\ufe0f <strong>Reservation<\/strong>: Pay only a deposit now to reserve; the rest is due on the day of the activity upon arrival.<\/p>","show_in_checkout":true,"error":false,"gt_translate_keys":["label","value"],"price_dependency":false,"cl_dependency":false}],[{"active":true,"col":6,"relations":[{"operator":false,"rules":[{"operator":"AND","rules":{"cl_field":"","cl_relation":"","cl_val":""}}]}],"cl_rule":"show","enableCl":true,"price":"35","enablePrice":true,"className":"","label_position":"default","desc_position":"default","type":"radio-group","required":false,"elementId":"radio-group_166337d57eb617","label":"","name":"radio-group_166337d57eb617","values":[{"label":"\ud83d\udc64 Adult (35\u20ac)","value":"Adult","selected":true,"tempId":"aco_32","tooltip":"+11 Years","description":"","gt_translate_keys":["label","tooltip","description"]}],"layOut":"","error":false,"checkUi":"button","priceOptions":"fixed_for_all","pricingType":"fixed","enable_quantity":true,"quantity_label":"","min_quantity":"0","options_tooltip":true,"options_description":true,"is_show_price":true,"gt_translate_keys":["label","quantity_label"],"price_dependency":false,"cl_dependency":false,"value":""}],[{"label":"","active":true,"required":false,"elementId":"radio-group_166337d57eb624","name":"radio-group_166337d57eb624","label_position":"default","desc_position":"default","enablePrice":true,"className":"","enableCl":true,"relations":[{"operator":false,"rules":[{"operator":"AND","rules":{"cl_field":"","cl_relation":"","cl_val":""}}]}],"enable_quantity":true,"quantity_label":"","min_quantity":"0","checkUi":"button","layOut":"","options_tooltip":true,"options_description":true,"values":[{"label":"\ud83d\udc66 Child (20\u20ac)","value":"Child","selected":true,"tempId":"aco_32","tooltip":"6-10 Years","description":"","gt_translate_keys":["label","tooltip","description"]}],"priceOptions":"fixed_for_all","pricingType":"fixed","price":"20","cl_rule":"show","col":6,"type":"radio-group","error":false,"is_show_price":true,"gt_translate_keys":["label","quantity_label"],"price_dependency":false,"cl_dependency":false,"value":""}],[{"active":true,"col":6,"relations":false,"cl_rule":"show","enableCl":false,"price":"","enablePrice":false,"className":"","label_position":"default","desc_position":"default","type":"separator","required":false,"elementId":"separator_9019492152","label":"Separator Field","height":"6","separatorType":"fill","error":false,"separatorColor":"#66a6b6","gt_translate_keys":["label"],"price_dependency":false,"cl_dependency":false,"value":""}],[{"active":true,"col":6,"relations":false,"cl_rule":"show","enableCl":false,"price":"({field.radio-group_166337d57eb617.quantity}*10)+({field.radio-group_166337d57eb624.quantity}*7.50)","enablePrice":true,"className":"","label_position":"default","desc_position":"default","type":"content","required":false,"elementId":"content_8712621725","label":"Deposit Now","name":"content_8712621725","contentType":"plain","value":"","error":false,"pricingType":"custom","isTemplate":false,"is_show_price":false,"show_in_checkout":true,"enableDesign":true,"LabelSize":"14px","inline":true,"gt_translate_keys":["label","value"],"price_dependency":["content-8850121983"],"cl_dependency":false}],[{"contentType":"plain","active":true,"label":"Payment at Arrival","elementId":"content-8797651822","value":"","name":"content-8797651822","enablePrice":true,"className":"","enableCl":false,"relations":false,"price":"({field.radio-group_166337d57eb617.quantity}*25)+({field.radio-group_166337d57eb624.quantity}*12.50)","cl_rule":"show","col":6,"type":"content","error":false,"is_show_price":true,"pricingType":"custom","isTemplate":false,"show_in_checkout":true,"enableDesign":true,"LabelSize":"14px","inline":true,"gt_translate_keys":["label","value"],"price_dependency":["content-8850121983"],"cl_dependency":false}],[{"contentType":"plain","active":true,"label":"Total Amount","elementId":"content-8850121983","value":"","name":"content-8850121983","enablePrice":true,"className":"","enableCl":false,"relations":false,"price":"{field.content_8712621725.price}+{field.content-8797651822.price}","cl_rule":"show","col":6,"type":"content","error":false,"is_show_price":true,"pricingType":"custom","isTemplate":false,"show_in_checkout":true,"enableDesign":true,"LabelSize":"14px","inline":true,"gt_translate_keys":["label","value"],"price_dependency":false,"cl_dependency":false}]]},"sec_he1t7j115":{"extra":{"key":"sec_he1t7j115","section_id":"sec_he1t7j115","name":"Pickup","status":1,"cl_rule":"show","enableCl":false,"relations":[],"toggle":true,"title_tag":"h4","show_title":false,"showPrice":"default","form_id":11372,"form_rules":{"exclude_from_discount":true,"fee_label":"Fee","disp_hide_options_price":true,"disp_show_section_price":false,"disp_show_field_price":true,"layout_option":"standard","pric_use_as_fee":false,"process_fee_as":"woo_fee"},"layout_option":"standard"},"fields":[[{"active":true,"col":6,"relations":false,"cl_rule":"show","enableCl":false,"price":"","enablePrice":false,"className":"","label_position":"default","desc_position":"default","type":"text","subtype":"text","required":false,"elementId":"text_0736264724","label":"\ud83d\ude8c Pickup Location","name":"text_0736264724","value":"","error":false,"description":"Pick-up service in Tenerife South available for an extra 2\u20ac per person, to be paid on arrival. Please provide your address or hotel name to book the shuttle service; if not needed, leave it blank. | For Callao Salvaje and Palm-Mar, the extra cost is 4\u20ac per person | El M\u00e9dano: 15\u20ac per car | Golf del Sur: 10\u20ac per car.","gt_translate_keys":["label","description","value"],"price_dependency":false,"cl_dependency":false}]]}},"config":{"price_override":"always","enable_recaptcha":false,"bind_quantity":false,"quantity_bind_formula":false,"disp_summ_show_option_price":true,"disp_summ_show_product_price":false,"disp_summ_show_total_price":false,"disp_summ_show_fee":true,"disp_summ_show_discount":true,"summary_title":"","options_total_label":"Options Price","total_label":"Total Amount","options_product_label":"Product Price","fee_label":"Fee","discount_label":"Discount","has_price":true,"has_quantity_formula":false},"mc_unit":1,"tax_rate":1,"tax_rate_real":1,"discount":{"percentage":0,"fixed":0},"design":{"conf":{"LabelPosition":"above","DescPosition":"above","UploadField":"custom_1","QuantityFieldStyle":"custom_1"},"css":{"LeftLabelWidth":"120px"}},"formulas":[],"lookuptables":[],"clones":false,"cartKey":false}},"_links":{"self":[{"href":"https:\/\/canaryvip.com\/fi\/wp-json\/wp\/v2\/product\/10465","targetHints":{"allow":["GET"]}}],"collection":[{"href":"https:\/\/canaryvip.com\/fi\/wp-json\/wp\/v2\/product"}],"about":[{"href":"https:\/\/canaryvip.com\/fi\/wp-json\/wp\/v2\/types\/product"}],"replies":[{"embeddable":true,"href":"https:\/\/canaryvip.com\/fi\/wp-json\/wp\/v2\/comments?post=10465"}],"wp:featuredmedia":[{"embeddable":true,"href":"https:\/\/canaryvip.com\/fi\/wp-json\/wp\/v2\/media\/10794"}],"wp:attachment":[{"href":"https:\/\/canaryvip.com\/fi\/wp-json\/wp\/v2\/media?parent=10465"}],"wp:term":[{"taxonomy":"product_brand","embeddable":true,"href":"https:\/\/canaryvip.com\/fi\/wp-json\/wp\/v2\/product_brand?post=10465"},{"taxonomy":"product_cat","embeddable":true,"href":"https:\/\/canaryvip.com\/fi\/wp-json\/wp\/v2\/product_cat?post=10465"},{"taxonomy":"product_tag","embeddable":true,"href":"https:\/\/canaryvip.com\/fi\/wp-json\/wp\/v2\/product_tag?post=10465"}],"curies":[{"name":"wp","href":"https:\/\/api.w.org\/{rel}","templated":true}]}}