{"id":10186,"date":"2024-03-28T05:27:33","date_gmt":"2024-03-28T05:27:33","guid":{"rendered":"https:\/\/canaryvip.com\/?post_type=product&#038;p=10186"},"modified":"2025-06-28T23:11:45","modified_gmt":"2025-06-28T22:11:45","slug":"rent-a-car-tenerife","status":"publish","type":"product","link":"https:\/\/canaryvip.com\/fi\/shop\/rent-a-car-tenerife\/","title":{"rendered":"Autonvuokraus Teneriffa"},"content":{"rendered":"<h2>\ud83d\ude99 Tutustu Teneriffaan Premier-autovuokraamomme kanssa<\/h2>\n<p>Koe \u00e4\u00e4rimm\u00e4inen vapaus tutustua Teneriffan henke\u00e4salpaaviin maisemiin omaan tahtiin. Meid\u00e4n <strong>Autonvuokraus Teneriffa<\/strong> palvelu <strong>CanaryVIP<\/strong> tarjoaa vertaansa vailla olevaa mukavuutta ja joustavuutta saarimatkallesi. Vuodesta auringonottoon koskemattomilla rannoilla vaellukseen majesteettisen <a href=\"https:\/\/canaryvip.com\/fi\/discover-the-teide-the-ultimate-guide-iconic-volcano\/\">Teiden kansallispuisto,<\/a>\u00a0ja l\u00f6yt\u00e4\u00e4 saaren piilotettuja helmi\u00e4, monipuolinen laivastomme on lippusi unohtumattomaan seikkailuun.<\/p>\n<h3>\u2b50\ufe0f Miksi valita Rent a Car Teneriffa?<\/h3>\n<p>Valitsemalla <strong>vuokrata auton Teneriffalla<\/strong> CanaryVIP:n kanssa tarkoittaa, ett\u00e4 annat itsellesi vapauden lahjan. Sinua ei en\u00e4\u00e4 sido julkisen liikenteen rajoitukset tai j\u00e4rjestettyjen matkojen j\u00e4yk\u00e4t aikataulut, vaan sinulla on vapaus tutustua t\u00e4h\u00e4n upeaan saareen omaan tahtiisi ja omien kiinnostuksenkohteidesi mukaan.<\/p>\n<ul>\n<li><strong>Joustavuus:<\/strong> Meid\u00e4n <strong>autonvuokrauspalvelu Teneriffalla<\/strong> antaa sinulle mahdollisuuden suunnitella matkasuunnitelmasi. Auringonnoususta auringonlaskuun sin\u00e4 p\u00e4\u00e4t\u00e4t, mit\u00e4 haluat n\u00e4hd\u00e4 ja milloin.<\/li>\n<li><strong>Lajike:<\/strong> Kalustomme on monipuolinen, ja se vastaa kaikkiin mieltymyksiin ja tarpeisiin. Etsitp\u00e4 sitten pienikokoista autoa kaupunkiretkille tai tilavaa katumaasturia karuihin maastoseikkailuihin vuonna <strong>Teneriffan etel\u00e4osa,<\/strong>\u00a0me huolehdimme sinusta.<\/li>\n<li><strong>Kilpailukykyinen hinnoittelu:<\/strong> Pyrimme edullisuuteen laadusta tinkim\u00e4tt\u00e4. Meid\u00e4n <strong>autonvuokraus<\/strong> Teneriffan vaihtoehdot on hinnoiteltu siten, ett\u00e4 saat parhaan mahdollisen vastineen, mik\u00e4 takaa budjettiyst\u00e4v\u00e4llisen tutustumisen saarelle.<\/li>\n<li><strong>Mukavuus:<\/strong> Noutakaa vuokra-autonne seuraavista keskeisist\u00e4 paikoista <strong><a href=\"https:\/\/maps.app.goo.gl\/YAWX2KPn75tN8YMUA\" target=\"_blank\" rel=\"noopener\">Teneriffan etel\u00e4inen lentoasema<\/a>.<\/strong>\u00a0Seikkailusi Teneriffalla alkaa heti laskeutumisestasi l\u00e4htien.<\/li>\n<\/ul>\n<h4>\ud83c\udf0d Tutustu Teneriffaan kuten koskaan ennen<\/h4>\n<p>Teneriffan vieh\u00e4tysvoima ei ole vain sen kuuluisissa rannoissa ja turistikohteissa vaan my\u00f6s sen v\u00e4hemm\u00e4n tunnetuissa paikoissa. Osoitteessa <strong>autonvuokraus Teneriffalla,<\/strong>\u00a0olet varustautunut tutustumaan saaren rikkaaseen historiaan, elinvoimaiseen kulttuuriin ja upeaan luonnonkauneuteen. Aja vieh\u00e4tt\u00e4vien kylien l\u00e4pi, vieraile paikallisilla markkinoilla ja l\u00f6yd\u00e4 oma pala paratiisia syrj\u00e4isilt\u00e4 rannoilta.<\/p>\n<h4>\ud83d\udd0d L\u00f6yd\u00e4 enemm\u00e4n autonvuokrauksella Teneriffalla<\/h4>\n<p>Joka k\u00e4\u00e4nteess\u00e4 Teneriffalla on uusi l\u00f6yt\u00f6, ja Teneriffan <strong>CanaryVIP:n autonvuokraus Teneriffalla,<\/strong>\u00a0olet vapaa jahtaamaan jokaista auringonlaskua, kiipe\u00e4m\u00e4\u00e4n joka vuorelle ja nauttimaan jokaisesta n\u00e4kym\u00e4st\u00e4. Mene opaskirjoja pidemm\u00e4lle ja tee matkastasi henkil\u00f6kohtaisten kokemusten ja unohtumattomien muistojen antologia.<\/p>\n<h4>\u2705 Varaaminen helppoa<\/h4>\n<p>Varausprosessimme on suoraviivainen ja k\u00e4ytt\u00e4j\u00e4yst\u00e4v\u00e4llinen. Valitse haluamasi ajoneuvo, valitse vuokra-aika ja lis\u00e4\u00e4 tarvitsemasi lis\u00e4varusteet muutamalla klikkauksella. Tavoitteenamme on tehd\u00e4 <strong>autonvuokraus Teneriffa<\/strong> kokemuksen mahdollisimman sujuvaksi ja vaivattomaksi.<\/p>\n<h4>\ud83d\udee1\ufe0f Turvallisuus ja mukavuus<\/h4>\n<p>Turvallisuutesi ja mukavuutesi ovat ensisijaisen t\u00e4rkeit\u00e4. Jokainen autokalustomme ajoneuvo huolletaan huolellisesti, jotta se t\u00e4ytt\u00e4isi korkeimmat turvallisuus- ja suorituskykyvaatimukset. Kun valitset <strong>autonvuokraus Teneriffan etel\u00e4osassa,<\/strong>\u00a0voit olla varma, ett\u00e4 mukavuudestasi ja hyvinvoinnistasi pidet\u00e4\u00e4n huolta.<\/p>\n<h4>\ud83c\udf31 Kest\u00e4v\u00e4 matkailu<\/h4>\n<p>Olemme sitoutuneet ymp\u00e4rist\u00f6yst\u00e4v\u00e4llisiin matkustusaloitteisiin. Ajoneuvovalikoimaamme kuuluu ymp\u00e4rist\u00f6\u00e4 s\u00e4\u00e4st\u00e4vi\u00e4 vaihtoehtoja, joiden avulla voit tutustua Teneriffan luonnonkauneuteen ja samalla minimoida hiilijalanj\u00e4lkesi.<\/p>\n<h4>\ud83d\udd11 Avaa Teneriffan parhaat puolet<\/h4>\n<p>Teneriffa on loputtoman seikkailun ja kauneuden saari, jonka auringonpaisteiset rannikot ulottuvat aina Teiden mystisiin korkeuksiin. Meid\u00e4n <strong>autonvuokrauspalvelut,<\/strong>\u00a0T\u00e4m\u00e4n lumoavan saaren jokainen nurkka on ulottuvillasi. <strong>Vuokraa auto Teneriffa<\/strong> ja l\u00e4hte\u00e4 l\u00f6yt\u00f6retkelle ja ihmettelyyn.<\/p>\n<h3>\ud83d\udcd6 Kuinka varata autonvuokraus<\/h3>\n<p>Getting your <strong>vuokrata auton Teneriffalla<\/strong> on vain muutaman klikkauksen p\u00e4\u00e4ss\u00e4. Intuitiivinen online-varausj\u00e4rjestelm\u00e4mme on suunniteltu mukavuuttasi varten, ja sen avulla voit valita autosi, asettaa vuokra-ajan ja hallita varaustasi helposti. Vahvistus on nopea, joten olet valmis tutustumaan heti saapuessasi.<\/p>\n<h4>\ud83d\ude80 Seikkailusi odottaa sinua<\/h4>\n<p>Seikkailu Teneriffalla ei ole vain matkakohteita, vaan my\u00f6s niiden v\u00e4lisi\u00e4 matkoja. Jokainen reitti, jonka valitset <strong>vuokra-auto Teneriffalla<\/strong> paljastuu jotain uutta - piilotettu poukama, henke\u00e4salpaava n\u00e4k\u00f6alapaikka tai paikallinen ruokapaikka, jossa on makuja, joita et ole koskaan ennen maistanut. CanaryVIP:n avulla saaren parhaiten varjellut salaisuudet ovat helposti saatavilla, mik\u00e4 tekee matkastasi el\u00e4mysten aarteenmets\u00e4styksen.<\/p>\n<h4>\u23f3 Jokainen hetki on t\u00e4rke\u00e4<\/h4>\n<p>Kun olet <strong>vuokrata auton Teneriffalla,<\/strong>\u00a0et vain s\u00e4\u00e4st\u00e4 aikaa, vaan teet lomasi jokaisesta hetkest\u00e4 t\u00e4rke\u00e4n. Aja Los Gigantesin upeille kallioille katsomaan auringonlaskua tai etsi rauhaa Anagan maaseutupuiston rauhallisilta poluilta. Voit viett\u00e4\u00e4 aikasi Teneriffalla haluamallasi tavalla, ilman aikataulutettujen kiertoajelujen ja julkisten kulkuneuvojen rajoitteita.<\/p>\n<h4>\ud83e\uddf3 R\u00e4\u00e4t\u00e4l\u00f6ity tarpeittesi mukaan<\/h4>\n<p>Ymm\u00e4rt\u00e4en, ett\u00e4 jokaisella matkustajalla on yksil\u00f6lliset tarpeet, meid\u00e4n <strong>autonvuokraus Teneriffa<\/strong> palvelut tarjoavat laajan valikoiman vaihtoehtoja, jotka sopivat kaikkiin mieltymyksiin ja vaatimuksiin. Ylellisist\u00e4 avoautoista, joissa voit tuntea merituulen, perheyst\u00e4v\u00e4llisiin tila-autoihin, jotka on varustettu mukavuutta varten, <strong>CanaryVIP<\/strong> varmistaa, ett\u00e4 ajoneuvosi vastaa haluamaasi matkaa.<\/p>\n<h3>\ud83c\udf1f Sitoutuminen huippuosaamiseen<\/h3>\n<p>Osoitteessa <strong>CanaryVIP<\/strong>, huippuosaaminen on kaiken toimintamme ytimess\u00e4. Ajoneuvojemme laadusta asiakaspalveluumme, pyrimme ylitt\u00e4m\u00e4\u00e4n odotuksesi. Tiimimme on aina valmis tarjoamaan suosituksia, auttamaan reittien kanssa tai antamaan mit\u00e4 tahansa tukea, jota tarvitset matkasi aikana. <strong>autonvuokraus Teneriffa<\/strong> kokemus. Emme ole pelkk\u00e4 palvelu, vaan matkakumppanisi Teneriffalla.<\/p>\n<h4>\ud83d\udddd\ufe0f Tartu tilaisuuteen<\/h4>\n<p>Teneriffan kauneus ei odota ket\u00e4\u00e4n, ja CanaryVIP:n avulla mahdollisuus tutustua t\u00e4h\u00e4n paratiisisaareen ei ole koskaan ollut helpompi. \u00c4l\u00e4 anna tilaisuuden luoda oma seikkailusi livahtaa k\u00e4sist\u00e4si. <strong>Vuokraa auto Teneriffa<\/strong> jo t\u00e4n\u00e4\u00e4n ja ota lomasi hallintaasi ja j\u00e4rjest\u00e4 itsellesi matka, joka on yht\u00e4 ainutlaatuinen kuin sin\u00e4 olet.<\/p>\n<h4>\u2764\ufe0f Varaa unelmiesi ajo t\u00e4n\u00e4\u00e4n<\/h4>\n<p>Oletko valmis tutkimaan Teneriffaa omilla ehdoillasi?<\/p>\n<p>K\u00e4y osoitteessa <strong>CanaryVIP<\/strong> nyt varataksesi t\u00e4ydellisen autonvuokrauksen. Muutamalla klikkauksella p\u00e4\u00e4set unohtumattomalle matkalle, joka on t\u00e4ynn\u00e4 l\u00f6yt\u00f6j\u00e4, vapautta ja tutkimisen iloa.<\/p>\n<p>Seikkailusi odottaa CanaryVIP:n Teneriffan autonvuokrauspalvelun avulla - varaa nyt ja avaa Teneriffan taika.<\/p>","protected":false},"excerpt":{"rendered":"<p><strong>\ud83d\udd0d Rent a Car Teneriffa:<\/strong><br \/>\n\u2705 Turvallinen maksu.<br \/>\n\ud83d\ude99 Useita autovaihtoehtoja.<br \/>\n\ud83d\ude80 1-30 p\u00e4iv\u00e4\u00e4.<br \/>\n\u2705 Vakuutus sis\u00e4ltyy.<br \/>\n\ud83c\udfc1 Rajoittamattomat kilometrit.<br \/>\n\ud83d\udc64 +25 vuotta voi ajaa.<br \/>\n\ud83e\udd11 Paras hinta taattu.<br \/>\n\ud83d\ude8d Ilmainen toimitus hotelliisi.<br \/>\n\u2708\ufe0f Lentokentt\u00e4toimitus ja -nouto.<br \/>\n\ud83d\udc6a Alennukset aktivoitu.<br \/>\n\ud83c\udf1f Varaa nyt ja s\u00e4\u00e4st\u00e4!<\/p>","protected":false},"featured_media":10916,"comment_status":"open","ping_status":"closed","template":"","meta":{"_acf_changed":false},"product_brand":[],"product_cat":[83],"product_tag":[],"class_list":{"0":"post-10186","1":"product","2":"type-product","3":"status-publish","4":"has-post-thumbnail","6":"product_cat-rentals","7":"wcpa_has_options","9":"first","10":"instock","11":"virtual","12":"purchasable","13":"product-type-simple"},"acf":[],"wcpa_form_fields":{"wcpaData":{"product":{"product_price":50,"price_html":"From&nbsp;<span class=\"woocommerce-Price-amount amount\"><bdi>50,00&nbsp;<span class=\"woocommerce-Price-currencySymbol\">&euro;<\/span><\/bdi><\/span>","original_product_price":50,"price_including_tax":50,"price_excluding_tax":50,"product_id":{"parent":10186,"variation":false},"is_variable":false,"stock_status":"instock","stock_quantity":null,"parent_sku":"CV10186","product_attributes":[],"custom_fields":[],"is_taxable":false,"product_name":"Rent a Car Tenerife","hasImage":false},"fields":{"sec_4668282996d361":{"extra":{"key":"sec_4668282996d361","section_id":"sec_4668282996d361","name":"Contact us","status":1,"cl_rule":"show","enableCl":false,"relations":[],"toggle":true,"title_tag":"h3","show_title":false,"showPrice":"default","form_id":12153,"form_rules":{"exclude_from_discount":true,"fee_label":"Fee","disp_hide_options_price":true,"disp_show_section_price":false,"disp_show_field_price":true,"layout_option":"standard","pric_use_as_fee":false,"process_fee_as":"woo_fee"},"layout_option":"standard"},"fields":[[{"active":true,"col":6,"relations":false,"cl_rule":"show","enableCl":false,"price":"","enablePrice":false,"className":"","label_position":"default","desc_position":"default","type":"content","required":false,"elementId":"content_8291538701","label":"","name":"content_8291538701","contentType":"rich","value":"<p><a href=\"https:\/\/api.whatsapp.com\/send\/?phone=34629670312&amp;text&amp;type=phone_number&amp;app_absent=0\" target=\"_blank\"><strong>Contact us on WhatsApp<\/strong><\/a><strong> to get a personalized price for this activity\/excursion\/rental.<\/strong><\/p>","error":false,"subtype":"div","gt_translate_keys":["label","value"],"price_dependency":false,"cl_dependency":false}]]},"sec_16644ac1d03e64":{"extra":{"key":"sec_16644ac1d03e64","section_id":"sec_16644ac1d03e64","name":"Default","status":1,"cl_rule":"show","enableCl":false,"relations":[],"toggle":true,"title_tag":"h3","show_title":false,"showPrice":"default","form_id":11506,"form_rules":{"exclude_from_discount":true,"fee_label":"Fee","disp_hide_options_price":true,"disp_show_section_price":false,"disp_show_field_price":true,"layout_option":"standard","pric_use_as_fee":false,"process_fee_as":"woo_fee"},"layout_option":"standard"},"fields":[]}},"config":{"price_override":"","enable_recaptcha":false,"bind_quantity":false,"quantity_bind_formula":false,"disp_summ_show_option_price":true,"disp_summ_show_product_price":true,"disp_summ_show_total_price":true,"disp_summ_show_fee":true,"disp_summ_show_discount":true,"summary_title":"","options_total_label":"Options Price","total_label":"Total","options_product_label":"Product Price","fee_label":"Fee","discount_label":"Discount","has_price":true,"has_quantity_formula":false},"mc_unit":1,"tax_rate":1,"tax_rate_real":1,"discount":{"percentage":0,"fixed":0},"design":{"conf":{"LabelPosition":"above","DescPosition":"above","UploadField":"custom_1","QuantityFieldStyle":"custom_1"},"css":{"LeftLabelWidth":"120px"}},"formulas":[],"lookuptables":[],"clones":false,"cartKey":false}},"_links":{"self":[{"href":"https:\/\/canaryvip.com\/fi\/wp-json\/wp\/v2\/product\/10186","targetHints":{"allow":["GET"]}}],"collection":[{"href":"https:\/\/canaryvip.com\/fi\/wp-json\/wp\/v2\/product"}],"about":[{"href":"https:\/\/canaryvip.com\/fi\/wp-json\/wp\/v2\/types\/product"}],"replies":[{"embeddable":true,"href":"https:\/\/canaryvip.com\/fi\/wp-json\/wp\/v2\/comments?post=10186"}],"wp:featuredmedia":[{"embeddable":true,"href":"https:\/\/canaryvip.com\/fi\/wp-json\/wp\/v2\/media\/10916"}],"wp:attachment":[{"href":"https:\/\/canaryvip.com\/fi\/wp-json\/wp\/v2\/media?parent=10186"}],"wp:term":[{"taxonomy":"product_brand","embeddable":true,"href":"https:\/\/canaryvip.com\/fi\/wp-json\/wp\/v2\/product_brand?post=10186"},{"taxonomy":"product_cat","embeddable":true,"href":"https:\/\/canaryvip.com\/fi\/wp-json\/wp\/v2\/product_cat?post=10186"},{"taxonomy":"product_tag","embeddable":true,"href":"https:\/\/canaryvip.com\/fi\/wp-json\/wp\/v2\/product_tag?post=10186"}],"curies":[{"name":"wp","href":"https:\/\/api.w.org\/{rel}","templated":true}]}}