{"id":10109,"date":"2024-02-25T19:09:18","date_gmt":"2024-02-25T19:09:18","guid":{"rendered":"https:\/\/canaryvip.com\/?post_type=product&#038;p=10109"},"modified":"2025-11-25T16:28:10","modified_gmt":"2025-11-25T16:28:10","slug":"gulliver-private-yacht-charter-tenerife","status":"publish","type":"product","link":"https:\/\/canaryvip.com\/fi\/shop\/gulliver-private-yacht-charter-tenerife\/","title":{"rendered":"Gulliver: Gulliver: Yacht Hire Tenerife"},"content":{"rendered":"<h2><strong>\ud83d\udee5\ufe0f Gulliver Yacht = Unohtumattomia hetki\u00e4<\/strong><\/h2>\n<p>Astu merellisten nautintojen maailmaan Gulliver Yachtilla, Teneriffan ensimm\u00e4isell\u00e4 perheyst\u00e4v\u00e4llisell\u00e4 jahdilla, joka on suunniteltu tarjoamaan saumaton sekoitus j\u00e4nnityst\u00e4, vapaa-aikaa ja ikimuistoisia kokemuksia. T\u00e4m\u00e4 20-metrinen jalokivi luo pohjan vertaansa vailla olevalle meriseikkailulle, joka sopii erinomaisesti perheille ja ryhmille, jotka etsiv\u00e4t eksklusiivista palaa valtameriparatiisia.<\/p>\n<h3>\u2b50\ufe0f <strong>Rajaton ilo ja mukavuus aluksella<\/strong><\/h3>\n<p><span style=\"text-decoration: underline;\"><strong>Tutustu Gulliverin poikkeuksellisiin ominaisuuksiin:<\/strong><\/span><\/p>\n<ul>\n<li>Tilava kansi, joka on suunniteltu perheen t\u00e4ydellist\u00e4 nautintoa varten.<\/li>\n<li>Kutsuvat aurinkotyynyt, joilla voit nauttia auringonpaisteesta mukavasti.<\/li>\n<li>Virkist\u00e4vi\u00e4 vesileluja, kuten puhallettava liukum\u00e4ki, melontalaudat ja vedenalaiset skootterit kaikenik\u00e4isille.<\/li>\n<li>Ylellisi\u00e4 ruokailuvaihtoehtoja, jotka t\u00e4ytt\u00e4v\u00e4t erilaiset ruokavaliotarpeet, mukaan lukien gluteenittomat vaihtoehdot.<\/li>\n<li>Rajoittamattomat virvokkeet: virvoitusjuomia, viini\u00e4, olutta, Sangriaa ja Cavaa, jotka kohottavat meri- ja lomamatkaasi.<\/li>\n<\/ul>\n<h4>\ud83d\udea4 <strong>L\u00e4hde l\u00f6yt\u00f6retkelle<\/strong><\/h4>\n<p>Seikkailusi alkaa <a href=\"https:\/\/www.google.com\/maps\/place\/Puerto+Col%C3%B3n\/@28.078002,-16.7394902,17z\/data=!3m2!4b1!5s0xc6a97433884bdf9:0x76d293b7b99db23a!4m6!3m5!1s0xc6a9743509c9ebf:0xd62345524f768247!8m2!3d28.078002!4d-16.7369153!16s%2Fg%2F11c6cqryw_?entry=ttu\" target=\"_blank\" rel=\"noopener\">Puerto Col\u00f3n<\/a>, Costa Adejen vilkkaan meriel\u00e4m\u00e4n ytimess\u00e4, jossa Gulliver odottaa, ett\u00e4 p\u00e4\u00e4set mukaan intiimille matkalle, joka on rajoitettu 12 vieraaseen. T\u00e4m\u00e4 takaa henkil\u00f6kohtaisen ja eksklusiivisen kokemuksen, purjehditpa sitten muutaman tunnin ajan tai l\u00e4hdit suurelle tutkimusmatkalle.<\/p>\n<h4>\ud83c\udf0a <strong>Osallistu vertaansa vailla olevaan merenkulkuun<\/strong><\/h4>\n<p>Heti kun astut Gulliverin kyytiin, seikkailu kutsuu. Teneriffan lumoavista vesist\u00e4 tulee leikkikentt\u00e4si, joka tarjoaa rajattomat mahdollisuudet hauskanpitoon ja l\u00f6yt\u00e4miseen. Sukella meren virkist\u00e4v\u00e4\u00e4n syleilyyn, ratsasta aalloilla melontalaudalla tai tutki vedenalaista maailmaa huippuluokan snorklauslaitteillamme. Jokainen aktiviteetti on suunniteltu tekem\u00e4\u00e4n meriseikkailustasi todella unohtumattoman, ja se kutsuu sinut luomaan muistoja, jotka s\u00e4ilyv\u00e4t koko el\u00e4m\u00e4si ajan.<\/p>\n<h4>\ud83d\udc2c <strong>Korkeatasoista eleganssia poikkeuksellisen edullisesti<\/strong><\/h4>\n<p>CanaryVIP nostaa <a href=\"https:\/\/canaryvip.com\/fi\/tenerife\/boat-hire-tenerife\/?swcfpc=1\">purjeveneen vuokraus<\/a> kokemusta Gulliverilla, jossa yhdistyv\u00e4t ylellinen ylellisyys ja ly\u00f6m\u00e4t\u00f6n arvo. Tutustu seikkailuun, jossa kohtuuhintaisuus kohtaa hienostuneisuuden ja kilpailukykyiset hinnat, jotka sis\u00e4lt\u00e4v\u00e4t kaikki mukavuudet ja palvelut, jotka ovat v\u00e4ltt\u00e4m\u00e4tt\u00f6mi\u00e4 merkitt\u00e4v\u00e4lle merimatkalle.<\/p>\n<h3>\ud83d\udd52 <strong>Valitse seikkailusi: Pitk\u00e4\u00e4n oleskeluun<\/strong><\/h3>\n<ul>\n<li><b>3,5 tunnin charter: <\/b>Etsitk\u00f6 hauskaa ja helppoa tapaa nauttia merest\u00e4? T\u00e4m\u00e4 3,5 tunnin yksityinen tilauspurjehdus sopii erinomaisesti perheille tai ryhmille, jotka haluavat tutustua Teneriffan upeaan rannikkoon rennosti. Uikaa, snorklailkaa ja nauttikaa merituulesta samalla, kun k\u00e4yt\u00e4tte vesiliukum\u00e4ke\u00e4, joka on sek\u00e4 lasten ett\u00e4 aikuisten suosikki!<\/li>\n<li><b>5 tunnin charter: <\/b><span style=\"font-weight: 400;\">Tarvitsetko enemm\u00e4n aikaa tutkimiseen? Viiden tunnin charter tarjoaa t\u00e4ydellisen tasapainon seikkailun ja rentoutumisen v\u00e4lill\u00e4. Risteilette rannikkoa pitkin, ankkuroidutte piilotettuihin lahtiin ja nautitte uimisesta, snorklauksesta ja auringonotosta. Vesiliukum\u00e4ki on tietysti aina valmiina ylim\u00e4\u00e4r\u00e4iseen hauskanpitoon vesill\u00e4. Ihanteellinen niille, jotka haluavat ottaa asiat omaan tahtiinsa.<\/span><\/li>\n<li><b>7-tunnin charter - Matka Los Gigantesiin: <\/b><span style=\"font-weight: 400;\">Jos haluat viett\u00e4\u00e4 todella unohtumattoman p\u00e4iv\u00e4n merell\u00e4, 7-tuntinen tilausaluksemme vie sinut aina Los Gigantesin dramaattisille kallioille - yhdelle Teneriffan ikonisimmista luonnonihmeist\u00e4. Matkan varrella sinulla on runsaasti aikaa uida, snorklata ja nauttia t\u00e4m\u00e4n henke\u00e4salpaavan matkan jokaisesta kulmasta. Laivalla oleva vesiliukum\u00e4ki tuo mukanaan leikkimielisen lis\u00e4n, joten se on hitti ryhmille, perheille tai pariskunnille, jotka haluavat kokea Teneriffan aivan uudesta n\u00e4k\u00f6kulmasta.<\/span><\/li>\n<\/ul>\n<h3>\u2705 <strong>Kaikki mit\u00e4 tarvitset t\u00e4ydelliseen p\u00e4iv\u00e4\u00e4n merell\u00e4<\/strong><\/h3>\n<ul>\n<li>Ilmaisia herkkupaloja ja rajattomasti juomia kaikenik\u00e4isille.<\/li>\n<li>Kokenut, monikielinen miehist\u00f6, joka on valmis huolehtimaan kaikista tarpeistasi, mukaan lukien oma tarjoilija ja kapteeni.<\/li>\n<li>T\u00e4ydelliset snorklausv\u00e4lineet vedenalaisia seikkailuja varten.<\/li>\n<li>VIP-kohtelu, jossa on mukavat istuimet ja runsaasti tilaa jokaiselle vieraalle.<\/li>\n<\/ul>\n<h3>\ud83d\udccd <strong>Laiva l\u00e4htee Puerto Col\u00f3nista: Col\u00f3n: Portti seikkailuun<\/strong><\/h3>\n<p>Puerto Col\u00f3n sijaitsee portilla 3 Costa Adejen vilkkaassa syd\u00e4mess\u00e4, ja se on t\u00e4ydellinen l\u00e4ht\u00f6paikka Gulliver Yacht -kokemukselle. Saavu vain 15 minuuttia ennen aikataulun mukaista l\u00e4ht\u00f6\u00e4si, jotta seikkailusi alkaa sujuvasti, ja satamassa on k\u00e4tev\u00e4 pys\u00e4k\u00f6intialue, jonne p\u00e4\u00e4set helposti.<\/p>\n<h4>\ud83d\udcdc <strong>Vaivaton varaus ja selke\u00e4t s\u00e4\u00e4nn\u00f6t takaavat mielenrauhan<\/strong><\/h4>\n<p>Gulliver Yacht -seikkailun aloittaminen on suunniteltu mahdollisimman saumattomaksi aina varauksen tekohetkest\u00e4 siihen asti, kun astut alukselle. CanaryVIP asettaa mukavuutesi ja turvallisuutesi etusijalle ja huolehtii siit\u00e4, ett\u00e4 matkasi kaikki osa-alueet hoidetaan selke\u00e4sti ja huolellisesti.<\/p>\n<ul>\n<li><strong>S\u00e4\u00e4takuu<\/strong>: Valvomme meri\u00e4, jotta purjehdus olisi sujuvaa. Jos olosuhteet ovat ep\u00e4suotuisat, voit valita joko uuden aikataulun tai t\u00e4yden hyvityksen, jolloin turvallisuutesi ja tyytyv\u00e4isyytesi on etusijalla.<\/li>\n<li><strong>Joustava peruutus<\/strong>: Suunnitelmat muuttuvat, ja me ymm\u00e4rr\u00e4mme. Peruuta viimeist\u00e4\u00e4n 5 p\u00e4iv\u00e4\u00e4 ennen matkaa ja saat t\u00e4yden hyvityksen. Alle 5 p\u00e4iv\u00e4n varoitusajalla tai jos et saavu paikalle, emme valitettavasti voi hyvitt\u00e4\u00e4 maksua. Huomioithan, ett\u00e4 maksujen k\u00e4sittelymaksuja, jotka vastaavat 3% kokonaismaksusta, ei palauteta miss\u00e4\u00e4n tapauksessa.<\/li>\n<li><strong>Easy Access -liput<\/strong>: Pid\u00e4 maihinnousukortti k\u00e4tev\u00e4sti puhelimessa tai tulostettuna. Digitaaliset lippumme varmistavat, ett\u00e4 olet valmis l\u00e4htem\u00e4\u00e4n matkaan ilman vaivaa.<\/li>\n<li><strong>Kattava hoito<\/strong>: Jos tunnet olosi huonoksi tai p\u00e4\u00e4t\u00e4t lopettaa matkasi ennenaikaisesti, tiimimme on valmiina auttamaan sinua, vaikka hyvityksi\u00e4 ei voida my\u00f6nt\u00e4\u00e4 t\u00e4llaisissa tapauksissa.<\/li>\n<li><strong>Maksujen joustavuus<\/strong>: Valitse sinulle sopiva maksutapa.<\/li>\n<\/ul>\n<p><strong>\ud83c\udf0a\ud83c\udf1f\ud83d\udee5\ufe0f Varaa Gulliver-jahti CanaryVIP:lt\u00e4 jo t\u00e4n\u00e4\u00e4n ja avaa ovi unohtumattomiin merihetkiin.<\/strong><\/p>","protected":false},"excerpt":{"rendered":"<p><strong>\ud83d\udd0d Gulliver Charter:<\/strong><br \/>\n\u2705 Turvallinen maksu.<br \/>\n\ud83d\udd10 Yksityiskierroksia saatavilla.<br \/>\n<span>\ud83d\udc65 Jaetut matkat saatavilla.<\/span><br \/>\n\ud83d\udee5\ufe0f 20m Yacht Comfort.<br \/>\n\u23f3 P\u00e4ivitt\u00e4iset kierrokset 3-9h.<br \/>\n\ud83d\udd59 Mukautettavat l\u00e4ht\u00f6ajat.<br \/>\n\ud83c\udf74 Ateriat ja juomat sis\u00e4ltyv\u00e4t hintaan.<br \/>\n\ud83d\udc65 Enint\u00e4\u00e4n 12 vierasta.<br \/>\n\ud83e\udd29 Hauskat puhallettavat.<br \/>\n\ud83d\udef6 Mukana kajakit.<br \/>\n\ud83d\udeb2 Merivesipy\u00f6r\u00e4t.<br \/>\n\ud83d\udedd Ultimate Water Slide.<br \/>\n\ud83c\udfc4\u200d\u2640\ufe0f Melontalaudat mukana.<br \/>\n\ud83e\udd3f Snorkkelivarusteet tarjotaan.<br \/>\n\ud83d\udd0a Toista musiikkia.<br \/>\n\ud83e\udd11 Paras hinta taattu.<br \/>\n\ud83d\udc6a Alennukset aktivoitu.<br \/>\n\ud83d\udd01 Enint\u00e4\u00e4n 5 p\u00e4iv\u00e4n peruutus.<br \/>\n\ud83c\udf0d Monikielinen miehist\u00f6.<br \/>\n\ud83c\udf1f Varaa ajoissa ja s\u00e4\u00e4st\u00e4!<br \/>\n\ud83d\udccd L\u00e4ht\u00f6\u00a0<a href=\"https:\/\/maps.app.goo.gl\/ocJuu7A8R1JWjPbS9\">Puerto Colon<\/a>.<\/p>","protected":false},"featured_media":10114,"comment_status":"open","ping_status":"closed","template":"","meta":{"_acf_changed":false},"product_brand":[],"product_cat":[47],"product_tag":[],"class_list":{"0":"post-10109","1":"product","2":"type-product","3":"status-publish","4":"has-post-thumbnail","6":"product_cat-boat-hire-tenerife","7":"wcpa_has_options","9":"first","10":"instock","11":"sale","12":"virtual","13":"purchasable","14":"product-type-simple"},"acf":[],"wcpa_form_fields":{"wcpaData":{"product":{"product_price":895,"price_html":"From&nbsp;<del aria-hidden=\"true\"><span class=\"woocommerce-Price-amount amount\"><bdi>950,00&nbsp;<span class=\"woocommerce-Price-currencySymbol\">&euro;<\/span><\/bdi><\/span><\/del> <span class=\"screen-reader-text\">Alkuper\u00e4inen hinta oli: 950,00&nbsp;&euro;.<\/span><ins aria-hidden=\"true\"><span class=\"woocommerce-Price-amount amount\"><bdi>895,00&nbsp;<span class=\"woocommerce-Price-currencySymbol\">&euro;<\/span><\/bdi><\/span><\/ins><span class=\"screen-reader-text\">Nykyinen hinta on: 895,00&nbsp;&euro;.<\/span>","original_product_price":950,"price_including_tax":895,"price_excluding_tax":895,"product_id":{"parent":10109,"variation":false},"is_variable":false,"stock_status":"instock","stock_quantity":null,"parent_sku":"CV10109","product_attributes":[],"custom_fields":[],"is_taxable":false,"product_name":"Gulliver: Yacht Hire Tenerife","hasImage":false},"fields":{"sec_96638f078b8951":{"extra":{"key":"sec_96638f078b8951","section_id":"sec_96638f078b8951","name":"Default","status":1,"cl_rule":"show","enableCl":false,"relations":[],"toggle":true,"title_tag":"h3","show_title":false,"showPrice":"default","form_id":11398,"form_rules":{"exclude_from_discount":true,"fee_label":"Fee","disp_hide_options_price":true,"disp_show_section_price":false,"disp_show_field_price":true,"layout_option":"standard","pric_use_as_fee":false,"process_fee_as":"woo_fee"},"layout_option":"standard"},"fields":[[{"label":"\ud83d\udcc5 Date","active":true,"required":true,"elementId":"date_106638f078b8973","picker_type":"custom","picker_mode":"single","placeholder":"","description":"","tooltip":"","name":"date_106638f078b8973","label_position":"default","desc_position":"default","enablePrice":false,"className":"","enableCl":false,"relations":[{"operator":"and","rules":[{"operator":"AND","rules":{"cl_field":"radio-group_565c78ffa81208","cl_relation":"is","cl_val":"3 Hour Trip"}}]}],"date_pic_inline":true,"date_pic_inline_hide":true,"min_date":{"type":"days","val":"1"},"max_date":{"type":"days","val":"365"},"date_pic_conf":{"disabledWeeks":[],"disabledDates":["2024-06-30","2024-07-25","2024-11-28 to 2024-12-04","2025-03-29"]},"price":"","cl_rule":"show","col":6,"type":"date","error":false,"enableDesign":false,"LabelColor":"","gt_translate_keys":["label","placeholder","description","tooltip"],"price_dependency":false,"cl_dependency":false,"value":""}],[{"elementId":"separator_66638f078b898d","separatorType":"blank","className":"","height":"3","enableCl":false,"relations":false,"cl_rule":"show","col":6,"type":"separator","error":false,"gt_translate_keys":[],"price_dependency":false,"cl_dependency":false,"value":""}],[{"active":true,"col":6,"relations":false,"cl_rule":"show","enableCl":false,"price":"","enablePrice":true,"className":"","label_position":"default","desc_position":"default","type":"select","required":true,"elementId":"select_96638f078b8998","label":"\u23f3 Trip Duration","name":"select_96638f078b8998","values":[{"label":"3.5 Hours (895\u20ac)","value":"3","selected":false,"tempId":"aco_556","price":"895","gt_translate_keys":["label"]},{"label":"5 Hours (1.200\u20ac)","value":"5","selected":false,"tempId":"aco_141","price":"1200","gt_translate_keys":["label"]},{"label":"7 Hours (1.750\u20ac)","value":"7","selected":false,"tempId":"aco_151","price":"1750","gt_translate_keys":["label"]}],"dropdown_type":"basic","error":false,"placeholder":"Select Trip Duration","priceOptions":"different_for_all","pricingType":"fixed","is_show_price":false,"gt_translate_keys":["label","placeholder"],"price_dependency":false,"cl_dependency":false,"value":""}],[{"active":true,"col":6,"relations":false,"cl_rule":"show","enableCl":false,"price":"","enablePrice":true,"className":"","label_position":"default","desc_position":"default","type":"select","required":false,"elementId":"select_0041641856","label":"\ud83d\udca6 Add jet-skis?","name":"select_0041641856","values":[{"label":"2 JetSkis for 1 Hour (500\u20ac)","value":"2 x JetSki for 1 Hour","selected":false,"tempId":"aco_2502","price":"500","gt_translate_keys":["label"]},{"label":"1 JetSki for 2 Hours (500\u20ac)","value":"1 x JetSki for 2 Hours","selected":false,"tempId":"aco_2503","price":"500","gt_translate_keys":["label"]},{"label":"2 JetSkis for 2 Hours (800\u20ac)","value":"2 x JetSki for 2 Hours","selected":false,"tempId":"aco_2927","price":"800","gt_translate_keys":["label"]}],"dropdown_type":"basic","error":false,"description":"Private JetSki tour from the boat with a JetSki instructor.","placeholder":"None","priceOptions":"different_for_all","pricingType":"fixed","is_show_price":false,"isWeightTemplate":false,"isTemplate":false,"min_quantity":"1","quantity_decimal":false,"quantity_step":"1","quantity_label":"Quantity","repeater_field_label":"{field_label}","repeater_bind":"","gt_translate_keys":["label","placeholder","description","repeater_field_label","quantity_label"],"price_dependency":false,"cl_dependency":false,"value":""}],[{"elementId":"separator_16638f078b89f1","separatorType":"blank","className":"","height":"1","enableCl":false,"relations":false,"cl_rule":"show","col":6,"type":"separator","error":false,"gt_translate_keys":[],"price_dependency":false,"cl_dependency":false,"value":""}],[{"active":true,"col":6,"relations":[{"operator":false,"rules":[{"operator":"AND","rules":{"cl_field":"radio-group_565c78ffa81208","cl_relation":"is","cl_val":"3 Hour Trip"}}]}],"cl_rule":"show","enableCl":false,"price":"","enablePrice":false,"className":"","label_position":"default","desc_position":"default","type":"select","required":false,"elementId":"select_76638f078b89d4","label":"\u23f0 Departure Time","name":"select_76638f078b89d4","values":[{"label":"10:00","value":"10:00","selected":false,"tempId":"aco_1472","gt_translate_keys":["label"]},{"label":"14:00 (2:00 PM)","value":"14:00","selected":false,"tempId":"aco_1728","gt_translate_keys":["label"]},{"label":"17:30 (5:30 PM)","value":"17:30","selected":false,"tempId":"aco_28","gt_translate_keys":["label"]}],"dropdown_type":"basic","error":false,"placeholder":"Whichever Time is Best","gt_translate_keys":["label","placeholder"],"price_dependency":false,"cl_dependency":false,"value":""}],[{"elementId":"separator-2954713577","separatorType":"blank","className":"","height":"1","enableCl":false,"relations":false,"cl_rule":"show","col":6,"type":"separator","gt_translate_keys":[],"price_dependency":false,"cl_dependency":false,"value":""}],[{"label":"\u2705 Number of People","active":true,"required":true,"elementId":"select_76638f078b89e7","dropdown_type":"basic","placeholder":"Select Number of People","name":"select_76638f078b89e7","label_position":"default","desc_position":"default","enablePrice":true,"className":"","enableCl":false,"relations":[{"operator":false,"rules":[{"operator":"AND","rules":{"cl_field":"radio-group_565c78ffa81208","cl_relation":"is","cl_val":"3 Hour Trip"}}]}],"values":[{"label":"1 person","value":"1","selected":false,"tempId":"aco_1471","gt_translate_keys":["label"]},{"label":"2 people","value":"2","selected":false,"tempId":"aco_1472","gt_translate_keys":["label"]},{"label":"3 people (+10\u20ac)","value":"3","selected":false,"tempId":"aco_1500","price":"10","gt_translate_keys":["label"]},{"label":"4 people (+20\u20ac)","value":"4","selected":false,"tempId":"aco_1510","price":"20","gt_translate_keys":["label"]},{"label":"5 people (+30\u20ac)","value":"5","selected":false,"tempId":"aco_1520","price":"30","gt_translate_keys":["label"]},{"label":"6 people (+40\u20ac)","value":"6","selected":false,"tempId":"aco_1728","price":"40","gt_translate_keys":["label"]},{"label":"7 people (+50\u20ac)","value":"7","selected":false,"tempId":"aco_1738","price":"50","gt_translate_keys":["label"]},{"label":"8 people (+60\u20ac)","value":"8","selected":false,"tempId":"aco_1748","price":"60","gt_translate_keys":["label"]},{"label":"9 people (+70\u20ac)","value":"9","selected":false,"tempId":"aco_1912","price":"70","gt_translate_keys":["label"]},{"label":"10 people (+80\u20ac)","value":"10","selected":false,"tempId":"aco_1922","price":"80","gt_translate_keys":["label"]},{"label":"11 People (+90\u20ac)","value":"11","selected":false,"tempId":"aco_19","price":"90","gt_translate_keys":["label"]},{"label":"12 People (+100\u20ac)","value":"12","selected":false,"tempId":"aco_29","price":"100","gt_translate_keys":["label"]}],"price":"","cl_rule":"show","col":6,"type":"select","error":false,"priceOptions":"different_for_all","pricingType":"fixed","gt_translate_keys":["label","placeholder"],"price_dependency":false,"cl_dependency":false,"value":""}],[{"elementId":"separator_26638f078b89de","separatorType":"blank","className":"","height":"1","enableCl":false,"relations":false,"cl_rule":"show","col":6,"type":"separator","gt_translate_keys":[],"price_dependency":false,"cl_dependency":false,"value":""}]]}},"config":{"price_override":"always","enable_recaptcha":false,"bind_quantity":false,"quantity_bind_formula":false,"disp_summ_show_option_price":true,"disp_summ_show_product_price":false,"disp_summ_show_total_price":true,"disp_summ_show_fee":true,"disp_summ_show_discount":true,"summary_title":"","options_total_label":"Options Price","total_label":"Total Amount","options_product_label":"Product Price","fee_label":"Fee","discount_label":"Discount","has_price":true,"has_quantity_formula":false},"mc_unit":1,"tax_rate":1,"tax_rate_real":1,"discount":{"percentage":0,"fixed":0},"design":{"conf":{"LabelPosition":"above","DescPosition":"above","UploadField":"custom_1","QuantityFieldStyle":"custom_1"},"css":{"LeftLabelWidth":"120px"}},"formulas":{"fmla_1708360988969136756":"(({field.select_56638eb5b235ae.value}>=3)?(1200):(({field.select_56638eb5b235ae.value}>=2)?(850):(({field.select_56638eb5b235ae.value}>=1)?(540):(0))))","fmla_1708364241278155361":"(({field.select_5841412719.value}>=8)?({field.select_5841412719.price}):(({field.select_5841412719.value}>=5)?({field.select_5841412719.price}):(({field.select_5841412719.value}>=3)?({field.select_5841412719.price}):(0))))"},"lookuptables":[],"clones":false,"cartKey":false}},"_links":{"self":[{"href":"https:\/\/canaryvip.com\/fi\/wp-json\/wp\/v2\/product\/10109","targetHints":{"allow":["GET"]}}],"collection":[{"href":"https:\/\/canaryvip.com\/fi\/wp-json\/wp\/v2\/product"}],"about":[{"href":"https:\/\/canaryvip.com\/fi\/wp-json\/wp\/v2\/types\/product"}],"replies":[{"embeddable":true,"href":"https:\/\/canaryvip.com\/fi\/wp-json\/wp\/v2\/comments?post=10109"}],"wp:featuredmedia":[{"embeddable":true,"href":"https:\/\/canaryvip.com\/fi\/wp-json\/wp\/v2\/media\/10114"}],"wp:attachment":[{"href":"https:\/\/canaryvip.com\/fi\/wp-json\/wp\/v2\/media?parent=10109"}],"wp:term":[{"taxonomy":"product_brand","embeddable":true,"href":"https:\/\/canaryvip.com\/fi\/wp-json\/wp\/v2\/product_brand?post=10109"},{"taxonomy":"product_cat","embeddable":true,"href":"https:\/\/canaryvip.com\/fi\/wp-json\/wp\/v2\/product_cat?post=10109"},{"taxonomy":"product_tag","embeddable":true,"href":"https:\/\/canaryvip.com\/fi\/wp-json\/wp\/v2\/product_tag?post=10109"}],"curies":[{"name":"wp","href":"https:\/\/api.w.org\/{rel}","templated":true}]}}