{"id":9195,"date":"2024-01-28T19:23:23","date_gmt":"2024-01-28T19:23:23","guid":{"rendered":"https:\/\/canaryvip.com\/?page_id=9195"},"modified":"2026-03-04T18:17:48","modified_gmt":"2026-03-04T18:17:48","slug":"collaborate-with-canaryvip","status":"publish","type":"page","link":"https:\/\/canaryvip.com\/fi\/collaborate-with-canaryvip\/","title":{"rendered":"Yhteisty\u00f6kumppani CanaryVIP:n kanssa: tarjoa kokemuksiasi kansainv\u00e4lisille matkailijoille."},"content":{"rendered":"<p>Ryhdy CanaryVIP:n kumppaniksi ja esittele toimintaasi matkailijoille ymp\u00e4ri maailmaa. Alustamme kasvaa jatkuvasti Teneriffalla, Gran Canarialla, Fuerteventuralla, Lanzarotella, La Palmalla ja El Hierrolla, joten etsimme aktiivisesti yhteisty\u00f6t\u00e4 ammattimaisten aktiviteettien tarjoajien ja matkanj\u00e4rjest\u00e4jien kanssa.<\/p>\n<p>Tavoitteenamme on yksinkertainen: yhdist\u00e4\u00e4 laadukkaat paikalliset kokemukset kansainv\u00e4lisiin matkailijoihin, jotka haluavat tutustua Kanariansaarten parhaimpaan tarjontaan.<\/p>\n<h2>Matka- ja aktiviteettitoiminnan harjoittajat<\/h2>\n<p>Jos j\u00e4rjest\u00e4t retki\u00e4, veneretki\u00e4, ulkoilmael\u00e4myksi\u00e4, vesiurheilua, opastettuja el\u00e4myksi\u00e4 tai mit\u00e4 tahansa ainutlaatuista toimintaa Kanariansaarilla, CanaryVIP voi auttaa sinua tavoittamaan suuremman yleis\u00f6n.<\/p>\n<p>Alustamme kautta toimintasi voi saada n\u00e4kyvyytt\u00e4 kansainv\u00e4listen matkailijoiden keskuudessa, jotka etsiv\u00e4t aktiivisesti tekemist\u00e4 Kanariansaarilla oleskelunsa aikana.<\/p>\n<p>Yhteisty\u00f6ss\u00e4 CanaryVIP:n kanssa toimintasi voi hy\u00f6ty\u00e4 seuraavista eduista:<\/p>\n<p>- Lis\u00e4\u00e4ntynyt altistuminen kansainv\u00e4lisille vierailijoille<br \/>\n- Lis\u00e4varaukset online-alustamme kautta<br \/>\n- Edist\u00e4minen digitaalisten markkinointikanaviemme kautta<br \/>\n- Yksinkertainen ja avoin yhteisty\u00f6malli<\/p>\n<p>Ty\u00f6skentelemme huolellisesti valittujen yhteisty\u00f6kumppaneiden kanssa, jotka tarjoavat ammattimaisia, turvallisia ja mieleenpainuvia kokemuksia vierailijoille.<\/p>\n<h2>Yhteisty\u00f6t\u00e4 koskevat vaatimukset<\/h2>\n<p>Varmistaaksemme asiakkaillemme parhaan mahdollisen kokemuksen teemme yhteisty\u00f6t\u00e4 sellaisten toimijoiden kanssa, jotka t\u00e4ytt\u00e4v\u00e4t ammatilliset ja oikeudelliset vaatimukset. T\u00e4h\u00e4n sis\u00e4ltyy asianmukainen toimilupa, vakuutus ja paikallisten s\u00e4\u00e4nn\u00f6sten noudattaminen tarvittaessa.<\/p>\n<p>Arvostamme yhteisty\u00f6kumppaneita, jotka ovat luotettavia, kommunikoivat selke\u00e4sti ja yll\u00e4pit\u00e4v\u00e4t korkeatasoista palvelua vieraille.<\/p>\n<h2>Etsim\u00e4mme aktiviteetit<\/h2>\n<p>Olemme kiinnostuneita yhteisty\u00f6st\u00e4 monenlaisten aktiviteettien tarjoajien kanssa eri puolilla Kanariansaaria, mukaan lukien:<\/p>\n<p>- Veneretket ja yksityiset huvipurjehdukset<br \/>\n- Valaan- ja delfiininbongausretket<br \/>\n- Vesiskootterihiihto ja vesiurheilu<br \/>\n- M\u00f6nkij\u00e4- ja buggy-seikkailut<br \/>\n- Patikointi ja luontoretket<br \/>\n- Kulttuurikokemukset ja opastetut kokemukset<br \/>\n- Sukeltaminen, snorklaaminen ja meriaktiviteetit<\/p>\n<p>Jos tarjoat ainutlaatuisen kokemuksen, josta Kanariansaarten k\u00e4vij\u00e4t nauttisivat, kuulisimme sinusta mielell\u00e4mme.<\/p>\n<h2>Kasvata varauksiasi CanaryVIP:n avulla<\/h2>\n<p>Teht\u00e4v\u00e4mme on tukea paikallisia toimijoita ja samalla helpottaa matkailijoiden mahdollisuuksia l\u00f6yt\u00e4\u00e4 ja varata aitoja kokemuksia Kanariansaarilla.<\/p>\n<p>Jos haluat, ett\u00e4 retkesi tai palvelusi esitell\u00e4\u00e4n CanaryVIP:ss\u00e4, ota yhteytt\u00e4 tiimiimme ja kerro meille lis\u00e4\u00e4 toiminnastasi.<\/p>\n<p><strong>Kiinnostaako yhteisty\u00f6? Ota yhteytt\u00e4 jo t\u00e4n\u00e4\u00e4n, niin katsotaan, miten voimme kasvaa yhdess\u00e4.<\/strong><\/p>","protected":false},"excerpt":{"rendered":"<p>Become a partner of CanaryVIP and showcase your activities to travelers from around the world. As our platform continues to grow across Tenerife, Gran Canaria, Fuerteventura, Lanzarote, La Palma, and El Hierro, we are actively looking to collaborate with professional activity providers and tour operators. Our goal is simple: connect high-quality local experiences with international&#8230;<\/p>","protected":false},"author":1,"featured_media":0,"parent":0,"menu_order":0,"comment_status":"closed","ping_status":"closed","template":"","meta":{"_acf_changed":false,"footnotes":""},"class_list":["post-9195","page","type-page","status-publish","hentry"],"acf":[],"_links":{"self":[{"href":"https:\/\/canaryvip.com\/fi\/wp-json\/wp\/v2\/pages\/9195","targetHints":{"allow":["GET"]}}],"collection":[{"href":"https:\/\/canaryvip.com\/fi\/wp-json\/wp\/v2\/pages"}],"about":[{"href":"https:\/\/canaryvip.com\/fi\/wp-json\/wp\/v2\/types\/page"}],"author":[{"embeddable":true,"href":"https:\/\/canaryvip.com\/fi\/wp-json\/wp\/v2\/users\/1"}],"replies":[{"embeddable":true,"href":"https:\/\/canaryvip.com\/fi\/wp-json\/wp\/v2\/comments?post=9195"}],"version-history":[{"count":8,"href":"https:\/\/canaryvip.com\/fi\/wp-json\/wp\/v2\/pages\/9195\/revisions"}],"predecessor-version":[{"id":16786,"href":"https:\/\/canaryvip.com\/fi\/wp-json\/wp\/v2\/pages\/9195\/revisions\/16786"}],"wp:attachment":[{"href":"https:\/\/canaryvip.com\/fi\/wp-json\/wp\/v2\/media?parent=9195"}],"curies":[{"name":"wp","href":"https:\/\/api.w.org\/{rel}","templated":true}]}}