{"id":9191,"date":"2024-01-28T19:00:41","date_gmt":"2024-01-28T19:00:41","guid":{"rendered":"https:\/\/canaryvip.com\/?page_id=9191"},"modified":"2026-03-07T10:38:22","modified_gmt":"2026-03-07T10:38:22","slug":"privacy-policy","status":"publish","type":"page","link":"https:\/\/canaryvip.com\/fi\/privacy-policy\/","title":{"rendered":"Tietosuojak\u00e4yt\u00e4nt\u00f6"},"content":{"rendered":"<section class=\"l-section wpb_row us_custom_4af741be height_auto\"><div class=\"l-section-h i-cf\"><div class=\"g-cols vc_row via_flex valign_top type_default stacking_default\"><div class=\"vc_col-sm-12 wpb_column vc_column_container\"><div class=\"vc_column-inner us_custom_5cd26a65\"><div class=\"wpb_wrapper\"><div class=\"wpb_text_column\"><div class=\"wpb_wrapper\"><h2>1. Johdanto<\/h2>\n<p>Tervetuloa osoitteeseen CanaryVIP.com. Henkil\u00f6tietojesi ja yksityisyytesi suojaaminen on meille ensisijaisen t\u00e4rke\u00e4\u00e4. T\u00e4ss\u00e4 tietosuojak\u00e4yt\u00e4nn\u00f6ss\u00e4 kuvataan ker\u00e4\u00e4miemme henkil\u00f6tietojen luokat, k\u00e4ytt\u00f6tarkoitukset, miten jaamme ja s\u00e4ilyt\u00e4mme niit\u00e4 sek\u00e4 turvatoimet, joita sovellamme tietojen suojaamiseksi. Kaikki k\u00e4sittelytoimet toteutetaan sovellettavan tietosuojalains\u00e4\u00e4d\u00e4nn\u00f6n, my\u00f6s yleisen tietosuoja-asetuksen (GDPR), mukaisesti.<\/p>\n<h2>2. Rekisterinpit\u00e4j\u00e4<\/h2>\n<p>GDPR:n mukaan henkil\u00f6tietojesi k\u00e4sittelyst\u00e4 vastaava taho on:<\/p>\n<p><img decoding=\"async\" class=\"alignnone wp-image-15255\" src=\"https:\/\/canaryvip.com\/wp-content\/uploads\/2025\/07\/canaryvipcompany.png\" alt=\"CanaryVIP\" width=\"400\" height=\"145\" srcset=\"https:\/\/canaryvip.com\/wp-content\/uploads\/2025\/07\/canaryvipcompany.png 772w, https:\/\/canaryvip.com\/wp-content\/uploads\/2025\/07\/canaryvipcompany-300x109.png 300w, https:\/\/canaryvip.com\/wp-content\/uploads\/2025\/07\/canaryvipcompany-18x7.png 18w, https:\/\/canaryvip.com\/wp-content\/uploads\/2025\/07\/canaryvipcompany-600x218.png 600w\" sizes=\"(max-width: 400px) 100vw, 400px\" title=\"\"><\/p>\n<h2>3. K\u00e4sittelyn oikeusperusta<\/h2>\n<p>Yleisen tietosuoja-asetuksen 6 artiklan mukaisesti CanaryVIP k\u00e4ytt\u00e4\u00e4 seuraavia oikeudellisia perusteita henkil\u00f6tietojen k\u00e4sittelyyn:<\/p>\n<h3>3.1 Sopimuksen t\u00e4ytt\u00e4minen (6 artiklan 1 kohdan b alakohta)<\/h3>\n<p>K\u00e4sittelemme henkil\u00f6tietoja, kun se on tarpeen sopimuksen t\u00e4ytt\u00e4miseksi kanssasi tai toimenpiteiden toteuttamiseksi pyynn\u00f6st\u00e4si ennen sopimuksen tekemist\u00e4. T\u00e4m\u00e4 kattaa:<\/p>\n<ul>\n<li>Varausten k\u00e4sittely ja varausten hallinnointi.<\/li>\n<li>Asiakastuen tarjoaminen varattuihin palveluihin liittyen.<\/li>\n<li>Peruutusten, hyvitysten ja reittimuutosten k\u00e4sittely.<\/li>\n<\/ul>\n<h3>3.2 Suostumus (6 artiklan 1 kohdan a alakohta)<\/h3>\n<p>Jos laki niin vaatii, saamme nimenomaisen suostumuksesi ennen henkil\u00f6tietojen k\u00e4sittely\u00e4. T\u00e4m\u00e4 koskee erityisesti:<\/p>\n<ul>\n<li>mainoss\u00e4hk\u00f6postien, uutiskirjeiden tai markkinointiviestinn\u00e4n l\u00e4hett\u00e4minen.<\/li>\n<li>Lis\u00e4tietojen ker\u00e4\u00e4minen verkkosivustollamme olevien valinnaisten lomakkeiden avulla.<\/li>\n<\/ul>\n<p>Voit peruuttaa suostumuksesi milloin tahansa vaikuttamatta ennen peruuttamista suoritetun k\u00e4sittelyn laillisuuteen.<\/p>\n<h3>3.3 Oikeudellinen velvoite (6 artiklan 1 kohdan c alakohta)<\/h3>\n<p>Voimme k\u00e4sitell\u00e4 henkil\u00f6tietoja CanaryVIP:t\u00e4 sitovien oikeudellisten velvoitteiden noudattamiseksi, mukaan lukien:<\/p>\n<ul>\n<li>Laskutukseen ja liiketoimiin liittyv\u00e4t vero- ja varainhoitos\u00e4\u00e4nn\u00f6kset.<\/li>\n<li>Kuluttajansuojalains\u00e4\u00e4d\u00e4nt\u00f6.<\/li>\n<li>Vastaaminen viranomaisten tai lainvalvontaviranomaisten laillisiin pyynt\u00f6ihin.<\/li>\n<\/ul>\n<h3>3.4 Oikeutettu etu (6.1 artiklan f kohta)<\/h3>\n<p>Voimme k\u00e4sitell\u00e4 tietoja oikeutettujen liiketaloudellisten etujemme perusteella edellytt\u00e4en, ett\u00e4 oikeutesi ja vapautesi eiv\u00e4t syrj\u00e4yt\u00e4 n\u00e4it\u00e4 etuja. Esimerkkej\u00e4 ovat:<\/p>\n<ul>\n<li>Parannamme palveluitamme asiakaspalautteen ja analytiikan avulla.<\/li>\n<li>Petostentorjunta ja kyberturvallisuus.<\/li>\n<li>Yleisiin tiedusteluihin ja asiakaspalvelupyynt\u00f6ihin vastaaminen.<\/li>\n<\/ul>\n<p>Sinulla on oikeus milloin tahansa vastustaa oikeutettuun etuun perustuvaa k\u00e4sittely\u00e4. Voit k\u00e4ytt\u00e4\u00e4 t\u00e4t\u00e4 oikeutta ottamalla meihin yhteytt\u00e4 osoitteessa <strong><a href=\"mailto:info@canaryvip.com\">info@canaryvip.com<\/a><\/strong>.<\/p>\n<hr \/>\n<h2>4. Ker\u00e4\u00e4m\u00e4mme tiedot ja miten k\u00e4yt\u00e4mme niit\u00e4<\/h2>\n<h3>4.1 Henkil\u00f6tietoryhm\u00e4t<\/h3>\n<p>Voimme ker\u00e4t\u00e4 ja k\u00e4sitell\u00e4 seuraavanlaisia henkil\u00f6tietoja:<\/p>\n<ul>\n<li><strong>Identiteettitiedot:<\/strong> Nimi, sukunimi, syntym\u00e4aika.<\/li>\n<li><strong>Yhteystiedot:<\/strong> S\u00e4hk\u00f6postiosoite, puhelinnumero.<\/li>\n<li><strong>Varaustiedot:<\/strong> Retken yksityiskohdat, varaustiedot ja niihin liittyv\u00e4t maksut.<\/li>\n<li><strong>Viestint\u00e4tiedot:<\/strong> S\u00e4hk\u00f6postiviestit, viestit ja asiakaspalveluvuorovaikutustiedot.<\/li>\n<li><strong>Transaktiotiedot:<\/strong> Maksutiedot k\u00e4sitell\u00e4\u00e4n turvallisesti kolmannen osapuolen maksupalvelujen tarjoajien kautta.<\/li>\n<\/ul>\n<h3>4.2 K\u00e4sittelyn tarkoitukset<\/h3>\n<p>K\u00e4yt\u00e4mme ker\u00e4\u00e4mi\u00e4mme henkil\u00f6tietoja seuraaviin tarkoituksiin:<\/p>\n<ul>\n<li>Varausten ja varausten k\u00e4sittely ja hallinnointi.<\/li>\n<li>Asiakastuen tarjoaminen ennen retki\u00e4, niiden aikana ja niiden j\u00e4lkeen.<\/li>\n<li>Palveluun liittyvien viestien l\u00e4hett\u00e4minen (vahvistukset, muistutukset, p\u00e4ivitykset).<\/li>\n<li>Oikeudellisten ja s\u00e4\u00e4ntelyyn liittyvien velvoitteiden t\u00e4ytt\u00e4minen.<\/li>\n<\/ul>\n<hr \/>\n<h2>5. Tietojen jakaminen ja s\u00e4ilytt\u00e4minen<\/h2>\n<h3>5.1 Milloin jaamme tietoja<\/h3>\n<p>Jaamme henkil\u00f6tietoja vain silloin, kun se on ehdottoman v\u00e4ltt\u00e4m\u00e4t\u00f6nt\u00e4, ja aina GDPR:n mukaisesti. Vastaanottajia voivat olla mm:<\/p>\n<ul>\n<li><strong>Maksuprosessorit:<\/strong> Tapahtumien turvallinen k\u00e4sittely. (esim. Stripe, PayPal).<\/li>\n<li><strong>S\u00e4\u00e4ntelyviranomaiset:<\/strong> Kun laki edellytt\u00e4\u00e4 tietojen luovuttamista.<\/li>\n<li><strong>Palveluntarjoajat:<\/strong> Petostentorjunta, turvallisuus ja operatiivinen tuki.<\/li>\n<\/ul>\n<p>Tietoa ev\u00e4steiden ja seurantatekniikoiden avulla jaetuista tiedoista l\u00f6yd\u00e4t osoitteesta <strong><a href=\"https:\/\/canaryvip.com\/fi\/cookie-policy\/\" target=\"_blank\" rel=\"noopener\">Ev\u00e4stek\u00e4yt\u00e4nt\u00f6<\/a><\/strong>.<\/p>\n<h3>5.2 Kansainv\u00e4liset tiedonsiirrot<\/h3>\n<p>Palveluiden tarjoamiseksi CanaryVIP voi jakaa henkil\u00f6tietoja Euroopan talousalueen (ETA) ulkopuolella sijaitsevien kolmansien osapuolten kanssa. Kun n\u00e4in tapahtuu, varmistamme GDPR:n 44-50 artiklan noudattamisen asianmukaisten oikeudellisten suojatoimien avulla:<\/p>\n<ul>\n<li>Tietyt palveluntarjoajat, mukaan lukien <strong>Google, Meta (Facebook ja Instagram) ja TikTok.<\/strong>, joiden kotipaikka on Yhdysvalloissa ja jotka osallistuvat <strong>EU:n ja Yhdysvaltojen v\u00e4linen tietosuojapuite (DPF)<\/strong>.<\/li>\n<li>Palveluntarjoajat, jotka eiv\u00e4t kuulu DPF:n piiriin, kuten esimerkiksi <strong>Stripe ja PayPal<\/strong>, luotamme <strong>Vakiosopimuslausekkeet (SCC)<\/strong> jotka Euroopan komissio on hyv\u00e4ksynyt riitt\u00e4v\u00e4n tietosuojan tason takaamiseksi.<\/li>\n<\/ul>\n<p>Jos sinulla on kysytt\u00e4v\u00e4\u00e4 kansainv\u00e4lisist\u00e4 tiedonsiirroista, ota meihin yhteytt\u00e4 osoitteessa <strong><a href=\"mailto:info@canaryvip.com\">info@canaryvip.com<\/a><\/strong>.<\/p>\n<h3>5.3 Kuinka kauan s\u00e4ilyt\u00e4mme tietojasi<\/h3>\n<ul>\n<li>Henkil\u00f6tietoja s\u00e4ilytet\u00e4\u00e4n vain niin kauan kuin se on tarpeen t\u00e4ss\u00e4 politiikassa kuvattujen tarkoitusten t\u00e4ytt\u00e4miseksi.<\/li>\n<li>Varaustiedot s\u00e4ilytet\u00e4\u00e4n v\u00e4hint\u00e4\u00e4n <strong>5 vuotta<\/strong> lakis\u00e4\u00e4teisten ja verovelvoitteiden noudattaminen.<\/li>\n<li>Voit pyyt\u00e4\u00e4 tietojesi poistamista milloin tahansa, jollei sovellettavista lakis\u00e4\u00e4teisist\u00e4 s\u00e4ilytt\u00e4misvaatimuksista muuta johdu.<\/li>\n<\/ul>\n<hr \/>\n<h2>6. Tietoturva<\/h2>\n<p>K\u00e4yt\u00e4mme teknisi\u00e4 ja organisatorisia toimenpiteit\u00e4 henkil\u00f6tietojen suojaamiseksi luvattomalta k\u00e4yt\u00f6lt\u00e4, katoamiselta, muuttamiselta tai paljastamiselta. N\u00e4ihin toimenpiteisiin kuuluvat:<\/p>\n<ul>\n<li><strong>SSL\/TLS-salaus:<\/strong> Kaikki verkkosivustomme kautta l\u00e4hetetyt tiedot salataan siirron aikana.<\/li>\n<li><strong>Cloudflare-suojaus:<\/strong> K\u00e4yt\u00e4mme Cloudflaren tietoturvapalveluja, mukaan lukien DDoS-puolustus, web-sovelluspalomuuri ja bottien suodatus.<\/li>\n<li><strong>Kulunvalvonta:<\/strong> Arkaluonteisiin tietoihin p\u00e4\u00e4sev\u00e4t k\u00e4siksi vain valtuutetut henkil\u00f6t, joilla on perusteltu tarve.<\/li>\n<li><strong>Tietojen minimointi:<\/strong> Ker\u00e4\u00e4mme ja tallennamme vain ehdottoman v\u00e4ltt\u00e4m\u00e4tt\u00f6m\u00e4t henkil\u00f6tiedot.<\/li>\n<\/ul>\n<hr \/>\n<h2>7. GDPR:n mukaiset oikeutesi<\/h2>\n<p>Yleinen tietosuoja-asetus antaa sinulle seuraavat henkil\u00f6tietojasi koskevat oikeudet:<\/p>\n<ul>\n<li><strong>Oikeus tutustua:<\/strong> Voit pyyt\u00e4\u00e4 vahvistusta siit\u00e4, k\u00e4sittelemmek\u00f6 tietojasi, ja saada siit\u00e4 kopion.<\/li>\n<li><strong>Oikeus tietojen oikaisemiseen:<\/strong> Voit pyyt\u00e4\u00e4 oikaisemaan sinusta hallussamme olevat ep\u00e4tarkat tai puutteelliset tiedot.<\/li>\n<li><strong>Oikeus tietojen poistamiseen:<\/strong> Voit pyyt\u00e4\u00e4 meit\u00e4 poistamaan henkil\u00f6tietosi sovellettavien lakis\u00e4\u00e4teisten s\u00e4ilytt\u00e4misvelvoitteiden mukaisesti.<\/li>\n<li><strong>Oikeus rajoituksiin:<\/strong> Voit pyyt\u00e4\u00e4, ett\u00e4 rajoitamme tietojesi k\u00e4sittely\u00e4 tietyiss\u00e4 olosuhteissa.<\/li>\n<li><strong>Oikeus vastustaa:<\/strong> Voit vastustaa oikeutetun edun perusteella tapahtuvaa k\u00e4sittely\u00e4.<\/li>\n<li><strong>Oikeus tietojen siirrett\u00e4vyyteen:<\/strong> Voit pyyt\u00e4\u00e4 kopion tiedoistasi j\u00e4sennellyss\u00e4, yleisesti k\u00e4ytetyss\u00e4 ja koneellisesti luettavassa muodossa.<\/li>\n<\/ul>\n<p>Jos haluat k\u00e4ytt\u00e4\u00e4 n\u00e4it\u00e4 oikeuksia, ota meihin yhteytt\u00e4 osoitteessa <strong><a href=\"mailto:info@canaryvip.com\">info@canaryvip.com<\/a><\/strong>.<\/p>\n<hr \/>\n<h2>8. Muutokset t\u00e4h\u00e4n k\u00e4yt\u00e4nt\u00f6\u00f6n<\/h2>\n<p>K\u00e4ytt\u00e4m\u00e4ll\u00e4 palveluitamme annat suostumuksesi henkil\u00f6tietojesi ker\u00e4\u00e4miseen ja k\u00e4ytt\u00f6\u00f6n t\u00e4ss\u00e4 k\u00e4yt\u00e4nn\u00f6ss\u00e4mme kuvatulla tavalla.<\/p>\n<p>CanaryVIP pid\u00e4tt\u00e4\u00e4 oikeuden p\u00e4ivitt\u00e4\u00e4 t\u00e4t\u00e4 tietosuojak\u00e4yt\u00e4nt\u00f6\u00e4 milloin tahansa. Kaikki muutokset julkaistaan t\u00e4ll\u00e4 sivulla. Kehotamme sinua tarkistamaan t\u00e4m\u00e4n politiikan s\u00e4\u00e4nn\u00f6llisesti pysy\u00e4ksesi ajan tasalla.<\/p>\n<p><strong>T\u00e4m\u00e4 tietosuojak\u00e4yt\u00e4nt\u00f6 ei kata ev\u00e4steiden tai seurantatekniikoiden k\u00e4ytt\u00f6\u00e4. Tutustu <a href=\"https:\/\/canaryvip.com\/fi\/cookie-policy\/\" target=\"_blank\" rel=\"noopener\">Ev\u00e4stek\u00e4yt\u00e4nt\u00f6<\/a> lis\u00e4tietoja n\u00e4ist\u00e4 aiheista.<\/strong><\/p>\n<hr \/>\n<h2>9. Yhteystiedot<\/h2>\n<p>Jos sinulla on kysytt\u00e4v\u00e4\u00e4 t\u00e4st\u00e4 tietosuojak\u00e4yt\u00e4nn\u00f6st\u00e4 tai siit\u00e4, miten k\u00e4sittelemme henkil\u00f6tietojasi, voit ottaa meihin yhteytt\u00e4 osoitteessa:<\/p>\n<p>\ud83d\udce7 <strong>S\u00e4hk\u00f6posti:<\/strong> <a href=\"mailto:info@canaryvip.com\">info@canaryvip.com<\/a><br \/>\n\ud83c\udf0d <strong>Verkkosivusto:<\/strong> <a href=\"https:\/\/canaryvip.com\/fi\/\" target=\"_blank\" rel=\"noopener\">www.canaryvip.com<\/a><\/p>\n<\/div><\/div><\/div><\/div><\/div><\/div><\/div><\/section>","protected":false},"excerpt":{"rendered":"1. Johdanto Tervetuloa osoitteeseen CanaryVIP.com. Henkil\u00f6tietojesi ja yksityisyytesi suojaaminen on meille ensisijaisen t\u00e4rke\u00e4\u00e4. T\u00e4ss\u00e4 tietosuojak\u00e4yt\u00e4nn\u00f6ss\u00e4 kuvataan ker\u00e4\u00e4miemme henkil\u00f6tietojen luokat, tarkoitukset, joihin k\u00e4yt\u00e4mme niit\u00e4, miten jaamme ja s\u00e4ilyt\u00e4mme niit\u00e4 sek\u00e4 turvatoimet, joita sovellamme tietojen suojaamiseksi. Kaikki k\u00e4sittely...","protected":false},"author":1,"featured_media":0,"parent":0,"menu_order":0,"comment_status":"closed","ping_status":"closed","template":"","meta":{"_acf_changed":false,"footnotes":""},"class_list":["post-9191","page","type-page","status-publish","hentry"],"acf":[],"_links":{"self":[{"href":"https:\/\/canaryvip.com\/fi\/wp-json\/wp\/v2\/pages\/9191","targetHints":{"allow":["GET"]}}],"collection":[{"href":"https:\/\/canaryvip.com\/fi\/wp-json\/wp\/v2\/pages"}],"about":[{"href":"https:\/\/canaryvip.com\/fi\/wp-json\/wp\/v2\/types\/page"}],"author":[{"embeddable":true,"href":"https:\/\/canaryvip.com\/fi\/wp-json\/wp\/v2\/users\/1"}],"replies":[{"embeddable":true,"href":"https:\/\/canaryvip.com\/fi\/wp-json\/wp\/v2\/comments?post=9191"}],"version-history":[{"count":18,"href":"https:\/\/canaryvip.com\/fi\/wp-json\/wp\/v2\/pages\/9191\/revisions"}],"predecessor-version":[{"id":16863,"href":"https:\/\/canaryvip.com\/fi\/wp-json\/wp\/v2\/pages\/9191\/revisions\/16863"}],"wp:attachment":[{"href":"https:\/\/canaryvip.com\/fi\/wp-json\/wp\/v2\/media?parent=9191"}],"curies":[{"name":"wp","href":"https:\/\/api.w.org\/{rel}","templated":true}]}}