{"id":8270,"date":"2013-05-31T11:56:39","date_gmt":"2013-05-31T11:56:39","guid":{"rendered":"http:\/\/impreza.us-themes.net\/pages\/contact\/"},"modified":"2025-10-25T11:53:13","modified_gmt":"2025-10-25T10:53:13","slug":"contact","status":"publish","type":"page","link":"https:\/\/canaryvip.com\/fi\/contact\/","title":{"rendered":"Ota yhteytt\u00e4"},"content":{"rendered":"<section class=\"l-section wpb_row us_custom_aee1ec99 height_medium\"><div class=\"l-section-h i-cf\"><div class=\"g-cols vc_row via_flex valign_top type_default stacking_default\"><div class=\"vc_col-sm-12 wpb_column vc_column_container\"><div class=\"vc_column-inner\"><div class=\"wpb_wrapper\"><h1 class=\"w-text us_custom_e22d6cb6\"><span class=\"w-text-h\"><span class=\"w-text-value\">Ota yhteytt\u00e4 \ud83d\udcec<\/span><\/span><\/h1><div class=\"w-separator size_small\"><\/div><div class=\"wpb_text_column us_custom_7b135340\"><div class=\"wpb_wrapper\"><p style=\"text-align: center;\">Matkasi kohti unohtumatonta seikkailua alkaa yksinkertaisesta tervehdyksest\u00e4!<\/p>\n<p style=\"text-align: center;\">Jos sinulla on kysytt\u00e4v\u00e4\u00e4, tarvitset apua varauksen tekemisess\u00e4 tai haluat vain keskustella siit\u00e4, mik\u00e4 tekee matkoistamme todella erityisi\u00e4, olemme t\u00e4\u00e4ll\u00e4 sinua varten.<\/p>\n<\/div><\/div><\/div><\/div><\/div><\/div><\/div><\/section><section class=\"l-section wpb_row us_custom_8e09cc6b height_medium\"><div class=\"l-section-h i-cf\"><div class=\"g-cols vc_row via_flex valign_top type_default stacking_default\"><div class=\"vc_col-sm-12 wpb_column vc_column_container\"><div class=\"vc_column-inner\"><div class=\"wpb_wrapper\"><h2 class=\"w-text us_custom_eb849559\"><span class=\"w-text-h\"><span class=\"w-text-value\">Sosiaaliset tilaisuutemme<\/span><\/span><\/h2><div class=\"w-hwrapper valign_top align_center\" style=\"--hwrapper-gap:0rem\"><div class=\"w-socials us_custom_da7ceeb3 color_text shape_rounded style_colored hover_fade\" style=\"--gap:0.3em;\"><div class=\"w-socials-list\"><div class=\"w-socials-item instagram\"><a target=\"_blank\" rel=\"nofollow noopener\" href=\"https:\/\/www.instagram.com\/canaryviptours\" class=\"w-socials-item-link\" aria-label=\"Instagram\"><span class=\"w-socials-item-link-hover\"><\/span><i class=\"fab fa-instagram\"><\/i><\/a><div class=\"w-socials-item-popup\"><span>Instagram<\/span><\/div><\/div><div class=\"w-socials-item whatsapp\"><a target=\"_blank\" rel=\"nofollow noopener\" href=\"https:\/\/wa.me\/34629670312\" class=\"w-socials-item-link\" aria-label=\"WhatsApp\"><span class=\"w-socials-item-link-hover\"><\/span><i class=\"fab fa-whatsapp\"><\/i><\/a><div class=\"w-socials-item-popup\"><span>WhatsApp<\/span><\/div><\/div><div class=\"w-socials-item facebook\"><a target=\"_blank\" rel=\"nofollow noopener\" href=\"https:\/\/www.facebook.com\/canaryviptours\" class=\"w-socials-item-link\" aria-label=\"Facebook\"><span class=\"w-socials-item-link-hover\"><\/span><i class=\"fab fa-facebook\"><\/i><\/a><div class=\"w-socials-item-popup\"><span>Facebook<\/span><\/div><\/div><div class=\"w-socials-item youtube\"><a target=\"_blank\" rel=\"nofollow noopener\" href=\"https:\/\/www.youtube.com\/channel\/UCeGSngm5Xpa4mGB-xUKZJBg\" class=\"w-socials-item-link\" aria-label=\"YouTube\"><span class=\"w-socials-item-link-hover\"><\/span><i class=\"fab fa-youtube\"><\/i><\/a><div class=\"w-socials-item-popup\"><span>YouTube<\/span><\/div><\/div><div class=\"w-socials-item google\"><a target=\"_blank\" href=\"https:\/\/maps.app.goo.gl\/TUK2h66DNsaS8HFH7\" class=\"w-socials-item-link\" aria-label=\"Google\" rel=\"noopener\"><span class=\"w-socials-item-link-hover\"><\/span><i class=\"fab fa-google\"><\/i><\/a><div class=\"w-socials-item-popup\"><span>Google<\/span><\/div><\/div><div class=\"w-socials-item custom\"><a target=\"_blank\" rel=\"nofollow\" href=\"https:\/\/www.trustindex.io\/reviews\/canaryvip.com\" class=\"w-socials-item-link\" aria-label=\"Trustindex\"><span class=\"w-socials-item-link-hover\" style=\"background:#189769;\"><\/span><i class=\"fas fa-check\"><\/i><\/a><div class=\"w-socials-item-popup\"><span>Trustindex<\/span><\/div><\/div><\/div><\/div><\/div><div class=\"w-separator size_custom\" style=\"height:20px\"><\/div><div class=\"wpb_text_column us_custom_0b8d3314\"><div class=\"wpb_wrapper\"><div class=\"wpb_text_column usb_custom_x30uhd4zo\" data-=\"\">\n<div class=\"wpb_wrapper\">\n<p style=\"text-align: center;\">Saat tukea p\u00e4ivitt\u00e4in klo 9-22 live-chatin kautta tai puhelimitse. <a href=\"https:\/\/wa.me\/34629670312\" target=\"_blank\" rel=\"noopener\">Whatsapp<\/a>. Jos emme ole tavoitettavissa, j\u00e4t\u00e4 viesti - tiimimme vastaa heti, kun se on k\u00e4ytett\u00e4viss\u00e4.<\/p>\n<\/div>\n<\/div>\n<\/div><\/div><div class=\"w-separator size_small\"><\/div><div class=\"w-btn-wrapper align_center\"><a class=\"w-btn us-btn-style_21 us_custom_fc8bccce icon_atleft\" href=\"https:\/\/wa.me\/34629670312\" target=\"_blank\" rel=\"noopener\"><i class=\"fab fa-whatsapp\"><\/i><span class=\"w-btn-label\">L\u00e4het\u00e4 meille tekstiviesti WhatsAppissa<\/span><\/a><\/div><\/div><\/div><\/div><\/div><\/div><\/section><section class=\"l-section wpb_row us_custom_faf0fd42 height_medium\"><div class=\"l-section-h i-cf\"><div class=\"g-cols vc_row via_flex valign_top type_default stacking_default\"><div class=\"vc_col-sm-12 wpb_column vc_column_container\"><div class=\"vc_column-inner\"><div class=\"wpb_wrapper\"><h2 class=\"w-text us_custom_e22d6cb6\"><span class=\"w-text-h\"><span class=\"w-text-value\">Usein kysytyt kysymykset<\/span><\/span><\/h2><div class=\"w-separator size_small\"><\/div><div class=\"wpb_text_column us_custom_0b8d3314\"><div class=\"wpb_wrapper\"><p style=\"text-align: center;\">Onko sinulla nopea kysymys? Moniin yleisimpiin kysymyksiin on jo vastattu UKK-osiossa. Suosittelemme tutustumaan siihen <a href=\"https:\/\/canaryvip.com\/fi\/faq-page\/\" target=\"_new\" rel=\"noopener\">t\u00e4\u00e4ll\u00e4<\/a> mahdollisesti v\u00e4lit\u00f6nt\u00e4 apua varten.<\/p>\n<\/div><\/div><div class=\"w-separator size_small\"><\/div><div class=\"w-hwrapper valign_top wrap align_center\"><div class=\"w-btn-wrapper align_none\"><a class=\"w-btn us-btn-style_21 us_custom_fc8bccce icon_atleft\" href=\"https:\/\/canaryvip.com\/fi\/faq-page\/\"><i class=\"far fa-envelope\"><\/i><span class=\"w-btn-label\">Usein kysytyt kysymykset<\/span><\/a><\/div><\/div><\/div><\/div><\/div><\/div><\/div><\/section><section class=\"l-section wpb_row height_medium width_custom\" style=\"--site-content-width:920px;\"><div class=\"l-section-h i-cf\"><div class=\"g-cols vc_row via_flex valign_top type_default stacking_default\" style=\"--additional-gap:10px;\"><div class=\"vc_col-sm-2\/5 wpb_column vc_column_container\"><div class=\"vc_column-inner\"><div class=\"wpb_wrapper\"><div class=\"wpb_text_column\"><div class=\"wpb_wrapper\"><h3>Yhteystiedot<\/h3>\n<\/div><\/div><div class=\"w-separator size_medium\"><\/div><div class=\"w-iconbox iconpos_left style_circle color_primary align_left no_text\"><a href=\"https:\/\/maps.app.goo.gl\/ks4Z77qUpVu973CD6\" class=\"w-iconbox-link\" aria-label=\"Calle El Sauce, 9, Local 3, Costa Adeje, Teneriffa\" target=\"_blank\" rel=\"noopener\"><div class=\"w-iconbox-icon\" style=\"font-size:22px;\"><i class=\"far fa-map-marker-alt\"><\/i><\/div><\/a><div class=\"w-iconbox-meta\"><div class=\"w-iconbox-title\"><a href=\"https:\/\/maps.app.goo.gl\/ks4Z77qUpVu973CD6\" class=\"w-iconbox-link\" aria-label=\"Calle El Sauce, 9, Local 3, Costa Adeje, Teneriffa\" target=\"_blank\" rel=\"noopener\">Calle El Sauce, 9, Local 3, Costa Adeje, Teneriffa<\/a><\/div><\/div><\/div><div class=\"w-separator size_small\"><\/div><div class=\"w-iconbox iconpos_left style_circle color_primary align_left no_text\"><a href=\"https:\/\/wa.me\/34629670312\" class=\"w-iconbox-link\" aria-label=\"+34 629 670 312\" target=\"_blank\" rel=\"noopener\"><div class=\"w-iconbox-icon\" style=\"font-size:22px;\"><i class=\"fab fa-whatsapp\"><\/i><\/div><\/a><div class=\"w-iconbox-meta\"><div class=\"w-iconbox-title\"><a href=\"https:\/\/wa.me\/34629670312\" class=\"w-iconbox-link\" aria-label=\"+34 629 670 312\" target=\"_blank\" rel=\"noopener\">+34 629 670 312<\/a><\/div><\/div><\/div><div class=\"w-separator size_small\"><\/div><\/div><\/div><\/div><div class=\"vc_col-sm-3\/5 wpb_column vc_column_container\"><div class=\"vc_column-inner\"><div class=\"wpb_wrapper\"><div class=\"wpb_text_column\"><div class=\"wpb_wrapper\"><h3>Yhteydenottolomake<\/h3>\n<\/div><\/div><div class=\"w-separator size_small\"><\/div><form class=\"w-form  us-field-style_1 layout_ver show_message_after_sending for_cform us_form_1 validate_by_recaptcha\" action=\"https:\/\/canaryvip.com\/fi\/fi\/wp-json\/wp\/v2\/pages\/8270\" method=\"post\" data-trp-original-action=\"https:\/\/canaryvip.com\/fi\/fi\/wp-json\/wp\/v2\/pages\/8270\"><div class=\"w-form-h\"><div class=\"w-form-row for_text has_label required\">\r\n\t\t\t<div class=\"w-form-row-label\">\r\n\t\t\t<span>Nimesi *<\/span>\r\n\t\t<\/div>\r\n\t\t<div class=\"w-form-row-field\">\r\n\t\t\t\t\t\t<input aria-label=\"Nimesi\" type=\"text\" name=\"us_form_1_text_1\" value placeholder data-required=\"true\" aria-required=\"true\"\/>\r\n\t\t\t<\/div>\r\n\t\t<div class=\"w-form-row-state\">T\u00e4yt\u00e4 t\u00e4m\u00e4 kentt\u00e4<\/div>\r\n<\/div>\r\n<div class=\"w-form-row for_text has_label required\">\r\n\t\t\t<div class=\"w-form-row-label\">\r\n\t\t\t<span>Puhelinnumero *<\/span>\r\n\t\t<\/div>\r\n\t\t<div class=\"w-form-row-field\">\r\n\t\t\t\t\t\t<input aria-label=\"Puhelinnumero\" inputmode=\"tel\" type=\"text\" name=\"us_form_1_text_2\" value placeholder data-required=\"true\" aria-required=\"true\"\/>\r\n\t\t\t<\/div>\r\n\t\t<div class=\"w-form-row-state\">T\u00e4yt\u00e4 t\u00e4m\u00e4 kentt\u00e4<\/div>\r\n<\/div>\r\n<div class=\"w-form-row for_email has_label required\">\r\n\t\t\t<div class=\"w-form-row-label\">\r\n\t\t\t<span>S\u00e4hk\u00f6posti *<\/span>\r\n\t\t<\/div>\r\n\t\t<div class=\"w-form-row-field\">\r\n\t\t\t\t\t\t<input aria-label=\"S\u00e4hk\u00f6posti\" type=\"email\" name=\"us_form_1_email_1\" value placeholder data-required=\"true\" aria-required=\"true\"\/>\r\n\t\t\t<\/div>\r\n\t\t<div class=\"w-form-row-state\">Sy\u00f6t\u00e4 kelvollinen s\u00e4hk\u00f6postiosoite.<\/div>\r\n<\/div>\r\n<div class=\"w-form-row for_textarea has_label required\">\r\n\t\t\t<div class=\"w-form-row-label\">\r\n\t\t\t<span>Viesti *<\/span>\r\n\t\t<\/div>\r\n\t\t<div class=\"w-form-row-field\">\r\n\t\t\t\t\t\t<textarea aria-label=\"Viesti\" name=\"us_form_1_textarea_1\" placeholder data-required=\"true\" aria-required=\"true\"><\/textarea>\r\n\t\t\t<\/div>\r\n\t\t<div class=\"w-form-row-state\">T\u00e4yt\u00e4 t\u00e4m\u00e4 kentt\u00e4<\/div>\r\n<\/div>\r\n<input type=\"hidden\" name=\"action\" value=\"us_ajax_cform\" \/>\r\n<input type=\"hidden\" name=\"post_id\" value=\"0\" \/>\r\n<input type=\"hidden\" name=\"form_index\" value=\"1\" \/>\r\n<div class=\"w-form-row for_submit align_none\"><button class=\"w-btn us-btn-style_1\" type=\"submit\" aria-label=\"L\u00e4het\u00e4 viesti\"><span class=\"g-preloader type_1\"><\/span><span class=\"w-btn-label\">L\u00e4het\u00e4 viesti<\/span><\/button><\/div><\/div><div class=\"w-form-message\"><\/div><div class=\"w-form-json hidden\" onclick='return {&quot;ajaxurl&quot;:&quot;https:\\\/\\\/canaryvip.com\\\/wp-admin\\\/admin-ajax.php&quot;,&quot;messages&quot;:{&quot;err_empty&quot;:&quot;Fill out this field&quot;,&quot;err_size&quot;:&quot;File size cannot exceed %s MB&quot;,&quot;err_extension&quot;:&quot;%s file type is not allowed&quot;,&quot;err_recaptcha_keys&quot;:&quot;reCAPTCHA keys are incorrect&quot;},&quot;recaptcha_site_key&quot;:&quot;6Ld9rvYrAAAAAH4hjAIIYAC2utpOo8zvkUnCD4L-&quot;}'><\/div><input type=\"hidden\" name=\"trp-form-language\" value=\"fi\"\/><\/form><\/div><\/div><\/div><\/div><\/div><\/section><section class=\"l-section wpb_row height_medium\"><div class=\"l-section-h i-cf\"><div class=\"g-cols vc_row via_flex valign_top type_default stacking_default\"><div class=\"vc_col-sm-12 wpb_column vc_column_container\"><div class=\"vc_column-inner\"><div class=\"wpb_wrapper\"><\/div><\/div><\/div><\/div><\/div><\/section>","protected":false},"excerpt":{"rendered":"Ota yhteytt\u00e4 \ud83d\udcecMatkasi kohti unohtumatonta seikkailua alkaa yksinkertaisesta tervehdyksest\u00e4! Jos sinulla on kysytt\u00e4v\u00e4\u00e4, tarvitset apua varauksen tekemisess\u00e4 tai haluat vain jutella siit\u00e4, mik\u00e4 tekee matkoistamme todella erityisi\u00e4, olemme t\u00e4\u00e4ll\u00e4 sinua varten. Sosiaaliset verkostommeInstagramWhatsAppFacebookYouTubeGoogleTrustindex Saat tukea p\u00e4ivitt\u00e4in klo 9-18 live-chatissamme tai Whatsappissa. Jos...","protected":false},"author":1,"featured_media":0,"parent":0,"menu_order":0,"comment_status":"closed","ping_status":"closed","template":"","meta":{"_acf_changed":false,"footnotes":""},"class_list":["post-8270","page","type-page","status-publish","hentry"],"acf":[],"_links":{"self":[{"href":"https:\/\/canaryvip.com\/fi\/wp-json\/wp\/v2\/pages\/8270","targetHints":{"allow":["GET"]}}],"collection":[{"href":"https:\/\/canaryvip.com\/fi\/wp-json\/wp\/v2\/pages"}],"about":[{"href":"https:\/\/canaryvip.com\/fi\/wp-json\/wp\/v2\/types\/page"}],"author":[{"embeddable":true,"href":"https:\/\/canaryvip.com\/fi\/wp-json\/wp\/v2\/users\/1"}],"replies":[{"embeddable":true,"href":"https:\/\/canaryvip.com\/fi\/wp-json\/wp\/v2\/comments?post=8270"}],"version-history":[{"count":35,"href":"https:\/\/canaryvip.com\/fi\/wp-json\/wp\/v2\/pages\/8270\/revisions"}],"predecessor-version":[{"id":9738,"href":"https:\/\/canaryvip.com\/fi\/wp-json\/wp\/v2\/pages\/8270\/revisions\/9738"}],"wp:attachment":[{"href":"https:\/\/canaryvip.com\/fi\/wp-json\/wp\/v2\/media?parent=8270"}],"curies":[{"name":"wp","href":"https:\/\/api.w.org\/{rel}","templated":true}]}}