{"id":13824,"date":"2025-02-24T13:59:27","date_gmt":"2025-02-24T13:59:27","guid":{"rendered":"https:\/\/canaryvip.com\/?page_id=13824"},"modified":"2025-02-24T15:06:00","modified_gmt":"2025-02-24T15:06:00","slug":"about-us","status":"publish","type":"page","link":"https:\/\/canaryvip.com\/fi\/about-us\/","title":{"rendered":"Tietoa meist\u00e4"},"content":{"rendered":"<section class=\"l-section wpb_row height_medium width_custom\" style=\"--site-content-width:700px;\"><div class=\"l-section-h i-cf\"><div class=\"g-cols vc_row via_flex valign_top type_default stacking_default\"><div class=\"vc_col-sm-12 wpb_column vc_column_container\"><div class=\"vc_column-inner\"><div class=\"wpb_wrapper\"><h1 class=\"w-text\"><span class=\"w-text-h\"><span class=\"w-text-value\">Tietoa meist\u00e4 - CanaryVIP<\/span><\/span><\/h1><h2 class=\"w-text us_custom_fe162ea1\"><span class=\"w-text-h\"><span class=\"w-text-value\">Keit\u00e4 me olemme<\/span><\/span><\/h2><div class=\"wpb_text_column\"><div class=\"wpb_wrapper\"><p>CanaryVIP on johtava verkkoalusta, joka tarjoaa parhaita aktiviteetteja ja retki\u00e4 Kanariansaarilla. Osana Tu Nido Tenerife:t\u00e4, joka on yksi Teneriffan parhaista kiinteist\u00f6v\u00e4litystoimistoista ja jolla on yli 20 vuoden kokemus kiinteist\u00f6ist\u00e4 ja kiinteist\u00f6rakentamisesta, olemme tarjonneet unohtumattomia kokemuksia Kanariansaarilla vuodesta 2010 l\u00e4htien.<\/p>\n<\/div><\/div><\/div><\/div><\/div><div class=\"vc_col-sm-12 wpb_column vc_column_container\"><div class=\"vc_column-inner\"><div class=\"wpb_wrapper\"><h2 class=\"w-text us_custom_9d8033b1\"><span class=\"w-text-h\"><span class=\"w-text-value\">Matkamme<\/span><\/span><\/h2><div class=\"wpb_text_column\"><div class=\"wpb_wrapper\"><p data-pm-slice=\"1 1 &#091;&#093;\"><span>Yrityksemme on ollut omistautunut Teneriffan rakentamiselle vuodesta 2003 l\u00e4htien ja luonut vahvan perustan kiinteist\u00f6alalla. Vuonna 2010 laajensimme palveluitamme nimell\u00e4 Tu Nido Tenerife ja toimimme Playa Fa\u00f1ab\u00e9n toimistosta k\u00e4sin. Liiketoimintamme kasvaessa muutimme Plaza Fa\u00f1ab\u00e9en ja my\u00f6hemmin laajensimme toista toimistoa Vista Surissa. Nyky\u00e4\u00e4n uusi p\u00e4\u00e4konttorimme sijaitsee Madro\u00f1al de Fa\u00f1ab\u00e9ssa, jossa sek\u00e4 Tu Nido Tenerife ett\u00e4 CanaryVIP toimivat ja tarjoavat edelleen huippuluokan palveluja asiakkaillemme.<\/span><\/p>\n<\/div><\/div><\/div><\/div><\/div><div class=\"vc_col-sm-12 wpb_column vc_column_container\"><div class=\"vc_column-inner\"><div class=\"wpb_wrapper\"><div class=\"w-image us_custom_af6a9b6a align_none\"><div class=\"w-image-h\"><img decoding=\"async\" width=\"1024\" height=\"683\" src=\"https:\/\/canaryvip.com\/wp-content\/uploads\/2025\/02\/TuNido-Office_Web-1.webp\" class=\"attachment-large size-large\" alt=\"Toimisto\" loading=\"lazy\" srcset=\"https:\/\/canaryvip.com\/wp-content\/uploads\/2025\/02\/TuNido-Office_Web-1.webp 1024w, https:\/\/canaryvip.com\/wp-content\/uploads\/2025\/02\/TuNido-Office_Web-1-300x200.webp 300w, https:\/\/canaryvip.com\/wp-content\/uploads\/2025\/02\/TuNido-Office_Web-1-18x12.webp 18w, https:\/\/canaryvip.com\/wp-content\/uploads\/2025\/02\/TuNido-Office_Web-1-600x400.webp 600w\" sizes=\"auto, (max-width: 1024px) 100vw, 1024px\" title=\"\"><\/div><\/div><h2 class=\"w-text us_custom_9d8033b1\"><span class=\"w-text-h\"><span class=\"w-text-value\">CanaryVIP:n synty<\/span><\/span><\/h2><div class=\"wpb_text_column\"><div class=\"wpb_wrapper\"><p data-pm-slice=\"1 1 &#091;&#093;\"><span>Vuonna 2024 teimme strategisen p\u00e4\u00e4t\u00f6ksen erottaa aktiviteetti- ja retkiliiketoimintamme Tu Nido Tenerife:st\u00e4, jolloin syntyi CanaryVIP, joka on itsen\u00e4inen tuotemerkki, joka on omistettu yksinomaan Kanariansaarten matkailuel\u00e4myksille. Vaikka Tu Nido Tenerife on edelleen vakiintunut nimi Kanariansaarilla. <a href=\"https:\/\/www.tunidotenerife.com\/en\/inmobiliaria-tenerife\/\" target=\"_blank\" rel=\"noopener\">kiinteist\u00f6t Teneriffa<\/a> ala, <strong>CanaryVIP<\/strong> on kasvanut nopeasti johtavaksi online-br\u00e4ndiksi, jonka avulla k\u00e4vij\u00f6iden on helpompi kuin koskaan varata uskomattomia aktiviteetteja, retki\u00e4 ja seikkailuja eri puolilla saaria.<\/span><\/p>\n<\/div><\/div><div class=\"w-html us_custom_af6a9b6a\"><iframe src=\"https:\/\/www.google.com\/maps\/embed?pb=!1m18!1m12!1m3!1d5215.387122659485!2d-16.72642792321668!3d28.09472697596261!2m3!1f0!2f0!3f0!3m2!1i1024!2i768!4f13.1!3m3!1m2!1s0xc6a996288a2335b%3A0x6e5358268b00a79!2sCanaryVIP%20-%20Tours%20and%20Excursions!5e1!3m2!1sen!2ses!4v1740406697434!5m2!1sen!2ses\" width=\"700\" height=\"300\" style=\"border:0;\" allowfullscreen=\"\" loading=\"lazy\" referrerpolicy=\"no-referrer-when-downgrade\"><\/iframe><\/div><\/div><\/div><\/div><div class=\"vc_col-sm-12 wpb_column vc_column_container\"><div class=\"vc_column-inner\"><div class=\"wpb_wrapper\"><h2 class=\"w-text us_custom_9d8033b1\"><span class=\"w-text-h\"><span class=\"w-text-value\">Teht\u00e4v\u00e4mme<\/span><\/span><\/h2><div class=\"wpb_text_column\"><div class=\"wpb_wrapper\"><p data-pm-slice=\"1 1 &#091;&#093;\"><span>Me CanaryVIP:ss\u00e4 haluamme intohimoisesti tarjota ainutlaatuisia ja laadukkaita kokemuksia, jotka tuovat esiin Kanariansaarten parhaat puolet. Etsitp\u00e4 sitten veneretki\u00e4, vesiurheilua, patikointiseikkailuja tai eksklusiivisia yksityisretki\u00e4, me takaamme unohtumattoman matkan, joka on r\u00e4\u00e4t\u00e4l\u00f6ity juuri sinun tarpeisiisi.<\/span><\/p>\n<\/div><\/div><div class=\"w-separator size_medium\"><\/div><\/div><\/div><\/div><\/div><\/div><\/section>","protected":false},"excerpt":{"rendered":"Tietoa meist\u00e4 - CanaryVIPKeit\u00e4 me olemmeCanaryVIP on johtava verkkoalusta, joka tarjoaa parhaita aktiviteetteja ja retki\u00e4 Kanariansaarilla. Osana Tu Nido Tenerife:t\u00e4, joka on yksi Teneriffan parhaista kiinteist\u00f6v\u00e4litystoimistoista ja jolla on yli 20 vuoden kokemus kiinteist\u00f6ist\u00e4 ja kiinteist\u00f6jen rakentamisesta, olemme tarjonneet unohtumattomia...","protected":false},"author":1,"featured_media":0,"parent":0,"menu_order":0,"comment_status":"closed","ping_status":"closed","template":"","meta":{"_acf_changed":false,"footnotes":""},"class_list":["post-13824","page","type-page","status-publish","hentry"],"acf":[],"_links":{"self":[{"href":"https:\/\/canaryvip.com\/fi\/wp-json\/wp\/v2\/pages\/13824","targetHints":{"allow":["GET"]}}],"collection":[{"href":"https:\/\/canaryvip.com\/fi\/wp-json\/wp\/v2\/pages"}],"about":[{"href":"https:\/\/canaryvip.com\/fi\/wp-json\/wp\/v2\/types\/page"}],"author":[{"embeddable":true,"href":"https:\/\/canaryvip.com\/fi\/wp-json\/wp\/v2\/users\/1"}],"replies":[{"embeddable":true,"href":"https:\/\/canaryvip.com\/fi\/wp-json\/wp\/v2\/comments?post=13824"}],"version-history":[{"count":5,"href":"https:\/\/canaryvip.com\/fi\/wp-json\/wp\/v2\/pages\/13824\/revisions"}],"predecessor-version":[{"id":13832,"href":"https:\/\/canaryvip.com\/fi\/wp-json\/wp\/v2\/pages\/13824\/revisions\/13832"}],"wp:attachment":[{"href":"https:\/\/canaryvip.com\/fi\/wp-json\/wp\/v2\/media?parent=13824"}],"curies":[{"name":"wp","href":"https:\/\/api.w.org\/{rel}","templated":true}]}}