{"id":9938,"date":"2024-02-19T15:00:26","date_gmt":"2024-02-19T15:00:26","guid":{"rendered":"https:\/\/canaryvip.com\/?post_type=product&#038;p=9938"},"modified":"2025-08-13T23:29:03","modified_gmt":"2025-08-13T22:29:03","slug":"no-worries-private-yacht-charter-tenerife","status":"publish","type":"product","link":"https:\/\/canaryvip.com\/et\/shop\/no-worries-private-yacht-charter-tenerife\/","title":{"rendered":"No Worries Jahirent Tenerife"},"content":{"rendered":"<h2><strong>\ud83c\udf0a Avastage muretsematu jahtide prahtimine Tenerifel<\/strong><\/h2>\n<p>Astu pardale <strong>Ei muretse,<\/strong> elegantne <strong>Antares 42 jaht,<\/strong>\u00a0ja alustage suurejoonelist reisi piki Tenerife vapustavaid rannajoone. See Tenerifel asuv rendipaat, mis on p\u00fchendunud intiimse ja kohandatud t\u0161arterkogemuse pakkumisele, on teie isiklik luksuse, mugavuse ja p\u00f5nevust otsiva seikluse oaas.<\/p>\n<p>Nautige hulgaliselt esmaklassilisi mugavusi ja huvitavaid tegevusi, mis tagavad, et iga hetk pardal \u00fcletab teie ootusi erakordse mereseikluse osas.<\/p>\n<h3>\u2b50\ufe0f <strong>Premium mugavus ja eksklusiivne privaatsus<\/strong><\/h3>\n<p><span style=\"text-decoration: underline;\"><strong>Erakordne mugavus, mis teeb selle paadi rendi Tenerifel ainulaadseks:<\/strong><\/span><\/p>\n<ul>\n<li>Luksuslikud esipaadipadjad ja avar Fly Bridge, mis sobib ideaalselt l\u00f5\u00f5gastumiseks ja p\u00e4evitamiseks.<\/li>\n<li>Kaasaegsed vannitoad on varustatud du\u0161\u0161idega.<\/li>\n<li>Mitmesugused k\u00f5rgetasemelised mugavused, mis on m\u00f5eldud teie pardal viibitud aja veetmiseks.<\/li>\n<\/ul>\n<h3>\ud83d\udd52 <strong>Paindlikud harta v\u00f5imalused, mis vastavad igale soovile<\/strong><\/h3>\n<ul>\n<li><strong>2-tunnine avastusretk<\/strong>: L\u00fchike, kuid unustamatu pilguheit Tenerife mere ilu, mis mahutab kuni 10 reisijat. See ekskursioon sisaldab k\u00f5iki jooke, baguette'i, tapasid, v\u00e4rskeid puuvilju, snorgeldamisvarustust, aerulaudu ja spetsiaalset teenindajat.<\/li>\n<li><strong>3-tunnine allkirjastatud reis<\/strong>: Sukeldu s\u00fcgavamale Tenerife rannikup\u00e4randisse selle kolmetunnise ekskursiooniga, mis sisaldab ka k\u00f5iki jooke, baguette, tapas, v\u00e4rskeid puuvilju, snorgeldamisvarustust, aerutamislaudu ja spetsiaalset teenindajat.<\/li>\n<li><strong>4-tunnine pikendatud reis<\/strong>: Pakkudes rohkem aega vee peal, sisaldab see charter k\u00f5iki l\u00fchemaid ekskursioone, lisaks ujuv rannaklubi, mis pakub suuremat l\u00f5\u00f5gastust ja naudingut. K\u00f5ik joogid, baguette'id, tapas, v\u00e4rsked puuviljad, snorgeldamisvarustus ja aerulaud ning teie vajadusi teenindav kelner on olemas.<\/li>\n<li><strong>6-tunnine premium-uurimine<\/strong>: See pikendatud reis v\u00f5imaldab p\u00f5hjalikumalt tutvuda saare lummava rannikuga, pakkudes ujuvat rannaklubi ja t\u00e4iendavaid men\u00fc\u00fcvalikuid, nagu Kanaari r\u00f6stitud kana kartuli ja salatiga v\u00f5i paella, koos k\u00f5igi jookide, baguettide, tapaste, snorgeldamisvarustuse ja aerulaudadega. Teie kogemuse parandamiseks on kaasas spetsiaalne teenindaja.<\/li>\n<li><strong>8-tunnine \u00fclim seiklus<\/strong>: K\u00f5ige ulatuslikum v\u00f5imalus kuni 10 reisijale, mis pakub samu luksuslikke mugavusi kui kuuetunnine ekskursioon, sealhulgas ujuv rannaklubi, mitmekesised toiduvalikud ja kogu oluline varustus luksuse ja uurimisega t\u00e4idetud p\u00e4evaks.<\/li>\n<li>Kohandatavad valikud ja alternatiivsed men\u00fc\u00fcd, sealhulgas sushi, kalaroogad, taimetoidumen\u00fc\u00fcd ning eksklusiivsed \u0161ampanjad ja kanged alkohoolsed joogid, on saadaval, et tagada teie reisi t\u00e4iuslik koosk\u00f5la teie eelistustega.<\/li>\n<\/ul>\n<h4>\ud83d\udea4 <strong>Kohandatud purjetamise seiklused koos meie ekspertide meeskonnaga<\/strong><\/h4>\n<p>Meie kogenud ja mitmekeelne meeskond on p\u00fchendunud sellele, et pakkuda t\u00e4pselt teie maitsele kohandatud purjetamiselamust, juhatades teid l\u00e4bi Kanaari saarte k\u00f5ige hingematvamate vaatamisv\u00e4\u00e4rsuste, et pakkuda teile s\u00fcgavalt isiklikku reisi.<\/p>\n<h4>\ud83c\udf0a <strong>T\u00e4iustatud navigatsiooniseadmed lihtsaks purjetamiseks<\/strong><\/h4>\n<p><strong>Ei mingeid muresid<\/strong> on varustatud tipptasemel navigatsioonitehnoloogiaga, mis tagab sujuva ja rahulikku reisi \u00fcle Tenerife as\u00fc\u00fcrse vee, muutes teie reisi nii p\u00f5nevaks kui ka rahulikuks.<\/p>\n<h3>\u2705 <strong>No Worries'i eksklusiivsed omadused<\/strong><\/h3>\n<ul>\n<li>T\u00e4ielik k\u00f5ik hinnas sisaldav luksus: alates piiramatutest premium-joogitest kuni gurmee-roogadeni koos erinevate tegevustega, nagu aerutamine ja snorgeldamine, on iga detail hoolikalt korraldatud teie r\u00f5\u00f5muks.<\/li>\n<li>Soovi korral on saadaval eritoiduliste toitude toitlustamine, mis pakub individuaalset s\u00f6\u00f6gikogemust.<\/li>\n<li>kergesti ligip\u00e4\u00e4setav kohtumispaik aadressil <a href=\"https:\/\/www.google.com\/maps\/place\/Puerto+Col%C3%B3n\/@28.0780067,-16.7394902,17z\/data=!3m2!4b1!5s0xc6a97433884bdf9:0x76d293b7b99db23a!4m6!3m5!1s0xc6a9743509c9ebf:0xd62345524f768247!8m2!3d28.078002!4d-16.7369153!16s%2Fg%2F11c6cqryw_?entry=tts&amp;g_ep=EgoyMDI0MDUwNS4wKgBIAVAD\" target=\"_blank\" rel=\"noopener\">Puerto Col\u00f3n,<\/a> Costa Adeje, mida toetavad lihtsad parkimisv\u00f5imalused.<\/li>\n<\/ul>\n<h4>\ud83d\udd53 <strong>Mugav broneerimisprotsess ja sisseelamine<\/strong><\/h4>\n<ul>\n<li>Broneerige oma reis ette, et kindlustada endale sobiv kuup\u00e4ev ja kogeda v\u00f5rratut luksust.<\/li>\n<li>Saabumine 15 minutit enne v\u00e4ljumist tagab teie luksusliku reisi sujuva alguse.<\/li>\n<\/ul>\n<h4>\ud83d\udcdc <strong>P\u00f5hjalik broneerimine ja t\u00fchistamise paindlikkus<\/strong><\/h4>\n<ul>\n<li><strong>Tugev ilmastikun\u00e4htuste situatsiooniplaan:<\/strong> Kui tingimused ei ole purjetamiseks soodsad, v\u00f5ite valida teise kuup\u00e4eva v\u00f5i saada raha tagasi.<\/li>\n<li><strong>Paindlikud t\u00fchistamistingimused:<\/strong> T\u00fchista kuni 4 p\u00e4eva enne l\u00fchemaid reise ja kuni 6 p\u00e4eva enne pikemaid ekskursioone ilma trahvita.<\/li>\n<li>Teavitage meid 48 tundi enne tellimuslennu algust mis tahes toitumispiirangutest, et kohandada oma kulinaarset kogemust.<\/li>\n<\/ul>\n<p>Alustage erakordset reisi, mis on t\u00e4is luksust, privaatsust ja seiklusi koos erajahiga No Worries.<\/p>\n<p><a href=\"https:\/\/canaryvip.com\/et\/tenerife\/boat-hire-tenerife\/\">Paadi rentimine Tenerifel<\/a> t\u00e4na ja uurige, kuidas kogeda Tenerife majesteetlikke veekogusid. \ud83c\udf1f\ud83d\udee5\ufe0f\ud83c\udf0a<\/p>","protected":false},"excerpt":{"rendered":"<p><strong>\ud83d\udd0d No Worries paat:<\/strong><br \/>\n\u2705 Turvaline makse.<br \/>\n\ud83d\udee5\ufe0f 13.5m Yacht Comfort.<br \/>\n\u23f3 Igap\u00e4evased ekskursioonid 2-12h.<br \/>\n\ud83d\udd59 Kohandatavad v\u00e4ljumisajad.<br \/>\n\ud83c\udf74 S\u00f6\u00f6gid ja joogid kaasa arvatud.<br \/>\n\ud83d\udc65 Kuni 10 k\u00fclalist.<br \/>\n\ud83d\udedd Vesi liugleb +6H Tours.<br \/>\n\ud83c\udfc4\u200d\u2640\ufe0f Paddle Boards Included.<br \/>\n\ud83e\udd3f Snorkelivarustus on ette n\u00e4htud.<br \/>\n\ud83d\udd0a M\u00e4ngi oma muusikat.<br \/>\n\ud83e\udd11 Parim hind garanteeritud.<br \/>\n\ud83d\udc6a Allahindlused aktiveeritud.<br \/>\n\ud83d\udd01 Kuni 4 p\u00e4eva t\u00fchistamine.<br \/>\n\ud83c\udf0d Mitmekeelne meeskond.<br \/>\n\ud83c\udf1f Broneeri varakult ja s\u00e4\u00e4sta!<br \/>\n\ud83d\udccd Lahkumine\u00a0<a href=\"https:\/\/maps.app.goo.gl\/ocJuu7A8R1JWjPbS9\">Puerto Colon<\/a>.<\/p>","protected":false},"featured_media":13629,"comment_status":"open","ping_status":"closed","template":"","meta":{"_acf_changed":false},"product_brand":[],"product_cat":[47],"product_tag":[],"class_list":{"0":"post-9938","1":"product","2":"type-product","3":"status-publish","4":"has-post-thumbnail","6":"product_cat-boat-hire-tenerife","7":"wcpa_has_options","9":"first","10":"instock","11":"sale","12":"virtual","13":"purchasable","14":"product-type-simple"},"acf":[],"wcpa_form_fields":{"wcpaData":{"product":{"product_price":745,"price_html":"From&nbsp;<del aria-hidden=\"true\"><span class=\"woocommerce-Price-amount amount\"><bdi>800,00&nbsp;<span class=\"woocommerce-Price-currencySymbol\">&euro;<\/span><\/bdi><\/span><\/del> <span class=\"screen-reader-text\">Esialgne hind oli: 800,00&nbsp;&euro;.<\/span><ins aria-hidden=\"true\"><span class=\"woocommerce-Price-amount amount\"><bdi>745,00&nbsp;<span class=\"woocommerce-Price-currencySymbol\">&euro;<\/span><\/bdi><\/span><\/ins><span class=\"screen-reader-text\">Praegune hind on: 745,00&nbsp;&euro;.<\/span>","original_product_price":800,"price_including_tax":745,"price_excluding_tax":745,"product_id":{"parent":9938,"variation":false},"is_variable":false,"stock_status":"instock","stock_quantity":null,"parent_sku":"CV9938","product_attributes":[],"custom_fields":[],"is_taxable":false,"product_name":"No Worries Yacht Charter Tenerife","hasImage":false},"fields":{"sec_7663b89a2e2f8f":{"extra":{"key":"sec_7663b89a2e2f8f","section_id":"sec_7663b89a2e2f8f","name":"Default","status":1,"cl_rule":"show","enableCl":false,"relations":[],"toggle":true,"title_tag":"h3","show_title":false,"showPrice":"default","form_id":11415,"form_rules":{"exclude_from_discount":true,"fee_label":"Fee","disp_hide_options_price":true,"disp_show_section_price":false,"disp_show_field_price":true,"layout_option":"standard","pric_use_as_fee":false,"process_fee_as":"woo_fee"},"layout_option":"standard"},"fields":[[{"label":"\ud83d\udcc5 Date","active":true,"required":true,"elementId":"date_9663b89a2e2faf","picker_type":"custom","picker_mode":"single","placeholder":"","description":"","tooltip":"","name":"date_9663b89a2e2faf","label_position":"default","desc_position":"default","enablePrice":false,"className":"","enableCl":false,"relations":[{"operator":"and","rules":[{"operator":"AND","rules":{"cl_field":"radio-group_565c78ffa81208","cl_relation":"is","cl_val":"3 Hour Trip"}}]}],"date_pic_inline":true,"date_pic_inline_hide":true,"min_date":{"type":"days","val":"2"},"max_date":{"type":"days","val":"365"},"date_pic_conf":{"disabledWeeks":[],"disabledDates":["2025-08-25","2025-08-28 to 2025-08-29"]},"price":"","cl_rule":"show","col":6,"type":"date","error":false,"enableDesign":false,"LabelColor":"","isWeightTemplate":false,"isTemplate":false,"min_quantity":"1","quantity_decimal":false,"quantity_step":"1","quantity_label":"Quantity","repeater_field_label":"{field_label}","repeater_bind":"","gt_translate_keys":["label","placeholder","description","tooltip","repeater_field_label","quantity_label"],"price_dependency":false,"cl_dependency":false,"value":""}],[{"contentType":"rich","active":true,"label":"","elementId":"content_4663b89a2e2fbd","value":"<p>\ud83c\udf9f\ufe0f <strong>Reservation<\/strong>: Pay only a deposit now to reserve; the rest is due on the day of the activity upon arrival.<\/p>","inline":false,"name":"content_4663b89a2e2fbd","enablePrice":false,"className":"","subtype":"p","enableCl":false,"relations":false,"price":"","cl_rule":"show","col":6,"type":"content","error":false,"pricingType":"custom","isTemplate":false,"is_show_price":true,"show_in_checkout":true,"gt_translate_keys":["label","value"],"price_dependency":false,"cl_dependency":false}],[{"elementId":"separator_2663b89a2e2fc9","separatorType":"blank","className":"","height":"3","enableCl":false,"relations":false,"cl_rule":"show","col":6,"type":"separator","error":false,"gt_translate_keys":[],"price_dependency":false,"cl_dependency":false,"value":""}],[{"active":true,"col":6,"relations":false,"cl_rule":"show","enableCl":false,"price":"","enablePrice":true,"className":"","label_position":"default","desc_position":"default","type":"select","required":true,"elementId":"select_2663b89a2e2fd3","label":"\u23f3 Trip Duration","name":"select_2663b89a2e2fd3","values":[{"label":"2 Hours (745\u20ac)","value":"2","selected":false,"tempId":"aco_212","price":"745","gt_translate_keys":["label"]},{"label":"3 Hours (825\u20ac)","value":"3","selected":false,"tempId":"aco_556","price":"825","gt_translate_keys":["label"]},{"label":"4 Hours (1.065\u20ac)","value":"4","selected":false,"tempId":"aco_640","price":"1065","gt_translate_keys":["label"]},{"label":"5 Hours (1.330\u20ac","value":"5","selected":false,"tempId":"aco_100","price":"1330","gt_translate_keys":["label"]},{"label":"6 Hours (1.595\u20ac)","value":"6","selected":false,"tempId":"aco_660","price":"1595","gt_translate_keys":["label"]},{"label":"8 Hours (1.995\u20ac)","value":"8","selected":false,"tempId":"aco_19","price":"1995","gt_translate_keys":["label"]}],"dropdown_type":"basic","error":false,"placeholder":"Select Trip Duration","priceOptions":"different_for_all","pricingType":"fixed","is_show_price":true,"isWeightTemplate":false,"isTemplate":false,"min_quantity":"1","quantity_decimal":false,"quantity_step":"1","quantity_label":"Quantity","repeater_field_label":"{field_label}","repeater_bind":"","gt_translate_keys":["label","placeholder","repeater_field_label","quantity_label"],"price_dependency":["content_3663b89a2e2ff1","content_7663b89a2e2ffb"],"cl_dependency":false,"value":""}],[{"label":"\u2705 Number of People","active":true,"required":true,"elementId":"select_10663b89a2e2fdd","dropdown_type":"basic","placeholder":"Select Number of People","name":"select_10663b89a2e2fdd","label_position":"default","desc_position":"default","enablePrice":false,"className":"","enableCl":false,"relations":[{"operator":false,"rules":[{"operator":"AND","rules":{"cl_field":"radio-group_565c78ffa81208","cl_relation":"is","cl_val":"3 Hour Trip"}}]}],"values":[{"label":"1 person","value":"1","selected":false,"tempId":"aco_1471","price":"0","gt_translate_keys":["label"]},{"label":"2 people","value":"2","selected":false,"tempId":"aco_1472","price":"0","gt_translate_keys":["label"]},{"label":"3 people","value":"3","selected":false,"tempId":"aco_1500","price":"0","gt_translate_keys":["label"]},{"label":"4 people","value":"4","selected":false,"tempId":"aco_1510","price":"0","gt_translate_keys":["label"]},{"label":"5 people","value":"5","selected":false,"tempId":"aco_1520","price":"0","gt_translate_keys":["label"]},{"label":"6 people","value":"6","selected":false,"tempId":"aco_1728","price":"0","gt_translate_keys":["label"]},{"label":"7 people","value":"7","selected":false,"tempId":"aco_1738","price":"20","gt_translate_keys":["label"]},{"label":"8 people","value":"8","selected":false,"tempId":"aco_1748","price":"40","gt_translate_keys":["label"]},{"label":"9 people","value":"9","selected":false,"tempId":"aco_1912","price":"60","gt_translate_keys":["label"]},{"label":"10 people","value":"10","selected":false,"tempId":"aco_1922","price":"80","gt_translate_keys":["label"]}],"price":"","cl_rule":"show","col":6,"type":"select","error":false,"priceOptions":"different_for_all","pricingType":"fixed","is_show_price":true,"isWeightTemplate":false,"isTemplate":false,"min_quantity":"1","quantity_decimal":false,"quantity_step":"1","quantity_label":"Quantity","repeater_field_label":"{field_label}","repeater_bind":"","gt_translate_keys":["label","placeholder","repeater_field_label","quantity_label"],"price_dependency":false,"cl_dependency":false,"value":""}],[{"active":true,"col":6,"relations":false,"cl_rule":"show","enableCl":false,"price":"","enablePrice":true,"className":"","label_position":"default","desc_position":"default","type":"select","required":false,"elementId":"select_8764721131","label":"\ud83d\udca6 Add jet-skis?","name":"select_8764721131","values":[{"label":"1 JetSki for 1 Hour (250\u20ac)","value":"1JetSki 1H","selected":false,"tempId":"aco_167","price":"250","gt_translate_keys":["label"]},{"label":"2 JetSkis for 1 Hour (500\u20ac)","value":"2JetSkis 1H","selected":false,"tempId":"aco_168","price":"500","gt_translate_keys":["label"]}],"isWeightTemplate":false,"error":false,"isTemplate":false,"min_quantity":"1","quantity_decimal":false,"quantity_step":"1","quantity_label":"Quantity","repeater_field_label":"{field_label}","repeater_bind":"","dropdown_type":"basic","description":"Private JetSki tour from the boat with a JetSki instructor.","placeholder":"None","priceOptions":"different_for_all","pricingType":"fixed","is_show_price":true,"gt_translate_keys":["label","placeholder","description","repeater_field_label","quantity_label"],"price_dependency":["content_3663b89a2e2ff1"],"cl_dependency":false,"value":""}],[{"elementId":"separator_6663b89a2e2fe7","separatorType":"fill","className":"","height":"6","enableCl":false,"relations":false,"cl_rule":"show","col":6,"type":"separator","error":false,"separatorColor":"#66a6b6","gt_translate_keys":[],"price_dependency":false,"cl_dependency":false,"value":""}],[{"active":true,"col":6,"relations":false,"cl_rule":"show","enableCl":false,"price":"(({field.select_2663b89a2e2fd3.price})*0.20)+({field.select_8764721131.price})","enablePrice":true,"className":"","label_position":"default","desc_position":"default","type":"content","required":false,"elementId":"content_3663b89a2e2ff1","label":"Deposit Payment","name":"content_3663b89a2e2ff1","contentType":"plain","value":"","error":false,"pricingType":"custom","isTemplate":false,"is_show_price":false,"enableDesign":true,"scrollBar":false,"use_as_fee":false,"fee_label":"Payment Now","inline":true,"show_in_checkout":true,"subtype":"div","formulaId":"fmla_1708364241278155361","LabelSize":"14px","gt_translate_keys":["label","value"],"price_dependency":["content_3663b89a2e3004"],"cl_dependency":false}],[{"contentType":"plain","active":true,"label":"Payment at Arrival","elementId":"content_7663b89a2e2ffb","value":"","inline":true,"show_in_checkout":true,"name":"content_7663b89a2e2ffb","enablePrice":true,"className":"","fee_label":"Payment at Arrival","subtype":"div","enableCl":false,"relations":false,"scrollBar":false,"enableDesign":true,"pricingType":"custom","isTemplate":false,"price":"({field.select_2663b89a2e2fd3.price})*0.80","use_as_fee":false,"is_show_price":true,"cl_rule":"show","col":6,"type":"content","error":false,"formulaId":"fmla_1708360988969136756","LabelSize":"14px","gt_translate_keys":["label","value"],"price_dependency":["content_3663b89a2e3004"],"cl_dependency":false}],[{"contentType":"plain","active":true,"label":"Total Price","elementId":"content_3663b89a2e3004","value":"","inline":true,"show_in_checkout":true,"name":"content_3663b89a2e3004","enablePrice":true,"className":"","fee_label":"Payment at Arrival","subtype":"div","enableCl":false,"relations":false,"scrollBar":false,"enableDesign":true,"LabelSize":"14px","pricingType":"custom","isTemplate":false,"price":"({field.content_3663b89a2e2ff1.price}) + ({field.content_7663b89a2e2ffb.price})","formulaId":"fmla_1708360988969136756","use_as_fee":false,"is_show_price":true,"cl_rule":"show","col":6,"type":"content","error":false,"gt_translate_keys":["label","value"],"price_dependency":false,"cl_dependency":false}],[{"elementId":"separator_10663b89a2e300e","separatorType":"blank","className":"","height":"3","enableCl":false,"relations":false,"cl_rule":"show","col":6,"type":"separator","error":false,"gt_translate_keys":[],"price_dependency":false,"cl_dependency":false,"value":""}],[{"active":true,"col":6,"relations":[{"operator":false,"rules":[{"operator":"AND","rules":{"cl_field":"radio-group_565c78ffa81208","cl_relation":"is","cl_val":"3 Hour Trip"}}]}],"cl_rule":"show","enableCl":false,"price":"","enablePrice":false,"className":"","label_position":"default","desc_position":"default","type":"select","required":false,"elementId":"select_2663b89a2e3017","label":"\u23f0 Departure","name":"select_2663b89a2e3017","values":[{"label":"09:00","value":"09:00","selected":false,"tempId":"aco_1471","gt_translate_keys":["label"]},{"label":"10:00","value":"10:00","selected":false,"tempId":"aco_1472","gt_translate_keys":["label"]},{"label":"11:00","value":"11:00","selected":false,"tempId":"aco_1500","gt_translate_keys":["label"]},{"label":"12:00","value":"12:00","selected":false,"tempId":"aco_1510","gt_translate_keys":["label"]},{"label":"13:00 (1:00 PM)","value":"13:00","selected":false,"tempId":"aco_1520","gt_translate_keys":["label"]},{"label":"14:00 (2:00 PM)","value":"14:00","selected":false,"tempId":"aco_1728","gt_translate_keys":["label"]},{"label":"15:00 (3:00 PM)","value":"15:00","selected":false,"tempId":"aco_1738","gt_translate_keys":["label"]},{"label":"16:30 (4:30 PM)","value":"16:30","selected":false,"tempId":"aco_100","gt_translate_keys":["label"]}],"dropdown_type":"basic","error":false,"placeholder":"Whichever Time is Best","isWeightTemplate":false,"isTemplate":false,"min_quantity":"1","quantity_decimal":false,"quantity_step":"1","quantity_label":"Quantity","repeater_field_label":"{field_label}","repeater_bind":"","gt_translate_keys":["label","placeholder","repeater_field_label","quantity_label"],"price_dependency":false,"cl_dependency":false,"value":""}],[{"elementId":"separator_8663b89a2e3021","separatorType":"blank","className":"","height":"1","enableCl":false,"relations":false,"cl_rule":"show","col":6,"type":"separator","error":false,"gt_translate_keys":[],"price_dependency":false,"cl_dependency":false,"value":""}]]}},"config":{"price_override":"always","enable_recaptcha":false,"bind_quantity":false,"quantity_bind_formula":false,"disp_summ_show_option_price":true,"disp_summ_show_product_price":false,"disp_summ_show_total_price":false,"disp_summ_show_fee":true,"disp_summ_show_discount":true,"summary_title":"","options_total_label":"Options Price","total_label":"Deposit Amount","options_product_label":"Product Price","fee_label":"Fee","discount_label":"Discount","has_price":true,"has_quantity_formula":false},"mc_unit":1,"tax_rate":1,"tax_rate_real":1,"discount":{"percentage":0,"fixed":0},"design":{"conf":{"LabelPosition":"above","DescPosition":"above","UploadField":"custom_1","QuantityFieldStyle":"custom_1"},"css":{"LeftLabelWidth":"120px"}},"formulas":{"fmla_1708360988969136756":"(({field.select_2663a0ecdc488f.value}>=5)?(640):(({field.select_2663a0ecdc488f.value}>=4)?(520):(({field.select_2663a0ecdc488f.value}>=3)?(440):(0))))","fmla_1708364241278155361":"(({field.select_5841412719.value}>=8)?({field.select_5841412719.price}):(({field.select_5841412719.value}>=5)?({field.select_5841412719.price}):(({field.select_5841412719.value}>=3)?({field.select_5841412719.price}):(0))))"},"lookuptables":[],"clones":false,"cartKey":false}},"_links":{"self":[{"href":"https:\/\/canaryvip.com\/et\/wp-json\/wp\/v2\/product\/9938","targetHints":{"allow":["GET"]}}],"collection":[{"href":"https:\/\/canaryvip.com\/et\/wp-json\/wp\/v2\/product"}],"about":[{"href":"https:\/\/canaryvip.com\/et\/wp-json\/wp\/v2\/types\/product"}],"replies":[{"embeddable":true,"href":"https:\/\/canaryvip.com\/et\/wp-json\/wp\/v2\/comments?post=9938"}],"wp:featuredmedia":[{"embeddable":true,"href":"https:\/\/canaryvip.com\/et\/wp-json\/wp\/v2\/media\/13629"}],"wp:attachment":[{"href":"https:\/\/canaryvip.com\/et\/wp-json\/wp\/v2\/media?parent=9938"}],"wp:term":[{"taxonomy":"product_brand","embeddable":true,"href":"https:\/\/canaryvip.com\/et\/wp-json\/wp\/v2\/product_brand?post=9938"},{"taxonomy":"product_cat","embeddable":true,"href":"https:\/\/canaryvip.com\/et\/wp-json\/wp\/v2\/product_cat?post=9938"},{"taxonomy":"product_tag","embeddable":true,"href":"https:\/\/canaryvip.com\/et\/wp-json\/wp\/v2\/product_tag?post=9938"}],"curies":[{"name":"wp","href":"https:\/\/api.w.org\/{rel}","templated":true}]}}