{"id":9834,"date":"2024-02-15T22:11:39","date_gmt":"2024-02-15T22:11:39","guid":{"rendered":"https:\/\/canaryvip.com\/?post_type=product&#038;p=9834"},"modified":"2025-08-09T12:53:55","modified_gmt":"2025-08-09T11:53:55","slug":"forestal-park-tenerife","status":"publish","type":"product","link":"https:\/\/canaryvip.com\/et\/shop\/forestal-park-tenerife\/","title":{"rendered":"Forestal Park Tenerife"},"content":{"rendered":"<h2><strong>\ud83c\udf32 Forestal Park Tenerife: Sukeldu looduse m\u00e4nguv\u00e4ljakule!<\/strong><\/h2>\n<p>Alustage seiklusega nagu \u00fckski teine <strong>Forestal Park Tenerife,<\/strong> kus looduse p\u00f5nevus kohtub sajaprotsendiliste m\u00e4nnimetsade rahulikuga. Kogege p\u00f5nevust Kanaari saarte suurimas k\u00f6israja ja seikluspargis navigeerimisel. Rohkem kui 90 ainulaadset k\u00f5rghaljastuse v\u00e4ljakutset, sealhulgas rippsillad, v\u00f5rgud, liaanid ja hingematvad k\u00f6israjad, viivad teie seiklusvaimu uutesse k\u00f5rgustesse.<\/p>\n<h3><strong>\ud83c\udfa2 Miks valida meie seiklus?<\/strong><\/h3>\n<ul>\n<li><strong>Garanteeritud l\u00f5bu:<\/strong> Kindlustage oma koht, tehes broneeringu ette ja v\u00e4ltige pettumust t\u00e4is pargis.<\/li>\n<li><strong>Eksklusiivsed soodustused:<\/strong> Nautige eksklusiivseid soodustusi, kui broneerite oma j\u00e4rgmise seikluse koos meiega!<\/li>\n<li><strong>Paindlikud plaanid:<\/strong> Plaanide muutmine? Meie leebe t\u00fchistamispoliitika on teid katnud.<\/li>\n<li><strong>Siseringi n\u00f5uanded:<\/strong> Kasuta meie esmaseid kogemusi ja soovitusi parima seikluse leidmiseks.<\/li>\n<\/ul>\n<h3><strong>\ud83d\udc65 Meeskonnakoolitus ja grupiseiklused<\/strong><\/h3>\n<p>Suurendage meie mitmekesiste meeskonnat\u00f6\u00f6 seikluste kaudu oma r\u00fchma seltskonda ja looge p\u00fcsivaid sidemeid. <strong>Forestal Park Tenerife<\/strong> pakub iseloomulikku tausta, mis sobib ideaalselt meeskonnavaimu tugevdamiseks meeskonnaliikmete seas <strong>kontsernid,<\/strong>\u00a0t\u00e4histada erilisi hetki koos <strong>s\u00f5brad,<\/strong>\u00a0m\u00e4rgistus verstapostid nagu <strong>s\u00fcnnip\u00e4evad,<\/strong>\u00a0v\u00f5i tuua <strong>suured perekondlikud kogunemised<\/strong> tihedamalt kokku.<\/p>\n<p>tihedamalt kokku. Meie hoolikalt koostatud v\u00e4ljakutsed ei ole mitte ainult meelelahutuslikud, vaid edendavad ka meeskonnat\u00f6\u00f6d, suhtlemist ning \u00fchist v\u00f5idutunnet ja \u00fchtsust k\u00f5igis r\u00fchmades. \u00dcksk\u00f5ik, kas soovite tugevdada ettev\u00f5tte meeskonda, luua unustamatuid s\u00fcnnip\u00e4evam\u00e4lestusi, \u00fchendada s\u00f5pru seiklusteks v\u00f5i koondada laiendatud peresid l\u00f5busaks p\u00e4evaks, meie park tagab k\u00f5igile kaasava, kaasahaarava ja meeldej\u00e4\u00e4va kogemuse.<\/p>\n<h3><strong>\ud83d\udee0\ufe0f Seikluseks valmistumine<\/strong><\/h3>\n<ul>\n<li><strong>Broneeri ette:<\/strong> Garanteerige oma osalemine, tehes broneeringu ette.<\/li>\n<li><strong>Saabumise n\u00f5uanded<\/strong>: Asub La Esperanzas, soovitame Tenerife l\u00f5unaosas peatuvatel k\u00fclalistel oma k\u00fclastust hoolikalt ette planeerida, sest autoga s\u00f5itmine v\u00f5tab v\u00e4hemalt 1 tund aega. Palun arvestage kohalike jalgratturite ja m\u00e4giteede tingimuste t\u00f5ttu tekkida v\u00f5ivate viivitustega, et tagada sujuv ja \u00f5igeaegne saabumine.<\/li>\n<li><strong>Riietuda paremale:<\/strong> Kandke aktiivseks p\u00e4evaks \u00f5ues sobivat riietust.<\/li>\n<li><strong>K\u00fclastuse eelne k\u00fclastus:<\/strong> Registreeruge 30 minutit enne broneeringu tegemist, et tutvuda pargi mugavustega.<\/li>\n<\/ul>\n<h3><strong>\ud83c\udf33 Seiklus ootab iga nurga taga<\/strong><\/h3>\n<ul>\n<li><strong>Erinevad v\u00e4ljakutsed:<\/strong> Alates rahulikest jalutusk\u00e4ikudest kuni ekstreemse p\u00f5nevuseni - meie park on m\u00f5eldud k\u00f5igile seikluste otsijatele.<\/li>\n<li><strong>Pidev ohutus:<\/strong> Meie professionaalne meeskond tagab teile alati turvalise \u00fchenduse, mis tagab muretu kogemuse.<\/li>\n<li><strong>Rohkem uurida:<\/strong> Avastage suur hulk seiklusi, mida Tenerifel on pakkuda ka v\u00e4ljaspool puulatvade latvu.<\/li>\n<\/ul>\n<h3><strong>\ud83c\udfde\ufe0f Meie vaba\u00f5hupargi omadused<\/strong><\/h3>\n<ul>\n<li><strong>V\u00e4\u00e4rikas loodus:<\/strong> Sukelduge Tenerife metsade lopsakasse bioloogilisse mitmekesisusse.<\/li>\n<li><strong>Tegevused k\u00f5igile:<\/strong> Nautige erinevaid v\u00e4ljakutseid, mis sobivad igale vanusele ja oskuste tasemele.<\/li>\n<li><strong>Ekspertide juhised:<\/strong> Meie kvalifitseeritud instruktorid tagavad k\u00f5igile l\u00f5busa ja turvalise seikluse.<\/li>\n<li><strong>Keskkonnateadlik:<\/strong> Meie p\u00fchendumine j\u00e4tkusuutlikkusele t\u00e4hendab looduse nautimist ilma seda kahjustamata.<\/li>\n<li><strong>Mugavused:<\/strong> Toituge meie kohvikus ja kasutage meie puhtaid rajatisi, et veeta p\u00e4ev mugavalt.<\/li>\n<\/ul>\n<h3><strong>\ud83d\udcc5 Planeeri oma visiit<\/strong><\/h3>\n<ul>\n<li><strong>Seiklustunnid:<\/strong> Avatud iga p\u00e4ev kell 10:00-18:00. Viimase sissep\u00e4\u00e4su jaoks tuleb kindlasti kohale j\u00f5uda kell 16:30.<\/li>\n<li><strong>Lihtne veebip\u00f5hine broneerimine:<\/strong> J\u00e4ta j\u00e4rjekorrad vahele, broneerides piletid internetis. Vaadake erihindu ja soodustusi!<\/li>\n<\/ul>\n<h3><strong>\ud83d\udee1\ufe0f Booking Peace of Mind<\/strong><\/h3>\n<ul>\n<li><strong>Kohene kinnitus:<\/strong> Saate kinnitava e-kirja oma broneeringu \u00fcksikasjadega ja unikaalse viitenumbriga.<\/li>\n<li><strong>Eripakkumised:<\/strong> K\u00f5igi broneeringute puhul on teie j\u00e4rgmise seikluse puhul erisoodustus, lisaks on grupisoodustused.<\/li>\n<li><strong>P\u00fchendumine ohutusele:<\/strong> Meie ohutusjuhiste j\u00e4rgimine on l\u00f5busaks ja turvaliseks k\u00fclastuseks h\u00e4davajalik.<\/li>\n<li><strong>Hoolikas t\u00fchistamine:<\/strong> Paindlik t\u00fchistamispoliitika, mis v\u00f5imaldab tasuta muudatusi kuni 48 tundi enne broneeringu tegemist. 48 tunni jooksul tehtud t\u00fchistamiste eest tuleb maksta 50% tasu ja mitteilmumise eest ei saa raha tagasi maksta.<\/li>\n<\/ul>\n<h4><strong>\ud83c\udf04 Valmis kogema \u00fclimat v\u00e4liseiklust?<\/strong><\/h4>\n<p>Tule meiega reisile l\u00e4bi puude latvade ja avasta Tenerife looduse ilu \u00fclaltpoolt. Broneerige oma seiklus kohe ja astuge p\u00f5nevasse ja avastamisrikka maailma! \ud83c\udf32\ud83c\udfde\ufe0f<\/p>","protected":false},"excerpt":{"rendered":"<p>\ud83d\udd0d <strong>Forestal Park Tenerife<\/strong>:<br \/>\n\u2705 Turvaline makse.<br \/>\n\ud83c\udf32 Suurim Zip Line ja seikluspark.<br \/>\n\ud83d\udc64 Tegevused igale vanusele.<br \/>\n\ud83d\udd56 Avatud 10:00 - 18:00.<br \/>\n\ud83d\udcc5 R, L ja P.<br \/>\n\ud83d\ude97 Parkimine k\u00fclastajatele.<br \/>\n\ud83e\udd7e Tagatud turvavarustus.<br \/>\n\ud83e\udd11 Parim hind garanteeritud.<br \/>\n\ud83d\udc68\u200d\ud83d\udc69\u200d\ud83d\udc67\u200d\ud83d\udc66 R\u00fchma- ja perehindlused.<br \/>\n\ud83c\udf10 Mitmekeelne personal.<br \/>\n\ud83c\udf32 Soovitatav on eelnev broneerimine.<br \/>\n\ud83d\udccd Asub <a href=\"https:\/\/maps.app.goo.gl\/JbRxgrnnevPucnau9\">La Esperanza, Tenerife<\/a>.<\/p>","protected":false},"featured_media":9837,"comment_status":"open","ping_status":"closed","template":"","meta":{"_acf_changed":false},"product_brand":[],"product_cat":[82],"product_tag":[],"class_list":{"0":"post-9834","1":"product","2":"type-product","3":"status-publish","4":"has-post-thumbnail","6":"product_cat-fun-activities","7":"wcpa_has_options","9":"first","10":"instock","11":"virtual","12":"purchasable","13":"product-type-simple"},"acf":[],"wcpa_form_fields":{"wcpaData":{"product":{"product_price":26,"price_html":"From&nbsp;<span class=\"woocommerce-Price-amount amount\"><bdi>26,00&nbsp;<span class=\"woocommerce-Price-currencySymbol\">&euro;<\/span><\/bdi><\/span>","original_product_price":26,"price_including_tax":26,"price_excluding_tax":26,"product_id":{"parent":9834,"variation":false},"is_variable":false,"stock_status":"instock","stock_quantity":null,"parent_sku":"CV9834","product_attributes":[],"custom_fields":[],"is_taxable":false,"product_name":"Forestal Park Tenerife","hasImage":false},"fields":{"sec_465e50fd642ff4":{"extra":{"key":"sec_465e50fd642ff4","section_id":"sec_465e50fd642ff4","name":"Default","status":1,"cl_rule":"show","enableCl":false,"relations":[],"toggle":true,"title_tag":"h3","show_title":false,"showPrice":"default","form_id":10220,"form_rules":{"exclude_from_discount":true,"fee_label":"Fee","disp_hide_options_price":true,"disp_show_section_price":false,"disp_show_field_price":true,"layout_option":"standard","pric_use_as_fee":false,"process_fee_as":"woo_fee"},"layout_option":"standard"},"fields":[[{"label":"\ud83d\udcc5 Date","active":true,"required":true,"elementId":"date_365e50fd643030","picker_type":"custom","picker_mode":"single","placeholder":"","description":"","tooltip":"","name":"date_365e50fd643030","label_position":"default","desc_position":"default","enablePrice":false,"className":"","enableCl":false,"relations":[{"operator":"and","rules":[{"operator":"AND","rules":{"cl_field":"radio-group_365e50fd643015","cl_relation":"is","cl_val":"3 Hour Trip"}}]}],"date_pic_inline":true,"date_pic_inline_hide":true,"min_date":{"type":"days","val":"2"},"max_date":{"type":"days","val":"365"},"date_pic_conf":{"disabledWeeks":[1,2,3,4]},"price":"","cl_rule":"show","col":6,"type":"date","error":false,"enableDesign":false,"LabelColor":"","gt_translate_keys":["label","placeholder","description","tooltip"],"price_dependency":false,"cl_dependency":false,"value":""}],[{"active":true,"col":6,"relations":[{"operator":false,"rules":[{"operator":"AND","rules":{"cl_field":"","cl_relation":"","cl_val":""}}]}],"cl_rule":"show","enableCl":false,"price":"","enablePrice":false,"className":"","label_position":"default","desc_position":"default","type":"radio-group","required":true,"elementId":"radio-group_365e50fd643015","label":"\ud83c\udf1f Type of Ticket","name":"radio-group_365e50fd643015","values":[{"label":"Regular Tickets (26\u20ac)","value":"Regular Tickets","selected":false,"tempId":"aco_28","description":"Regular Admission Tickets.","gt_translate_keys":["label","description"]},{"label":"Resident Tickets (22\u20ac)","value":"Resident Tickets","selected":false,"tempId":"aco_30","description":"Regular Tickets for Canary Island Residents. You must present a valid document as proof of residency.","gt_translate_keys":["label","description"]}],"layOut":"","error":false,"checkUi":"toggle","enableDesign":false,"scrollBar":false,"description":"","other":false,"options_description":true,"show_selected_option":false,"gt_translate_keys":["label","description"],"price_dependency":false,"cl_dependency":[false,false],"value":""}]]},"sec_665e50fd643017":{"extra":{"key":"sec_665e50fd643017","section_id":"sec_665e50fd643017","name":"Regular Tickets","status":1,"cl_rule":"show","enableCl":true,"relations":[{"operator":false,"rules":[{"operator":"AND","rules":{"cl_field":"radio-group_365e50fd643015","cl_relation":"is","cl_val":"Regular Tickets"}}]}],"toggle":true,"title_tag":"h4","show_title":false,"showPrice":"default","form_id":10220,"form_rules":{"exclude_from_discount":true,"fee_label":"Fee","disp_hide_options_price":true,"disp_show_section_price":false,"disp_show_field_price":true,"layout_option":"standard","pric_use_as_fee":false,"process_fee_as":"woo_fee"},"layout_option":"standard"},"fields":[[{"elementId":"separator_1065e50fd64303b","separatorType":"blank","className":"","height":"10","enableCl":false,"relations":false,"cl_rule":"show","col":6,"type":"separator","gt_translate_keys":[],"price_dependency":false,"cl_dependency":false,"value":""}],[{"active":true,"col":6,"relations":false,"cl_rule":"show","enableCl":false,"price":"","enablePrice":false,"className":"","label_position":"default","desc_position":"default","type":"content","required":false,"elementId":"content_565e50fd643045","label":"People","name":"content_565e50fd643045","contentType":"plain","value":"","error":false,"show_in_checkout":true,"inline":false,"gt_translate_keys":["label","value"],"price_dependency":false,"cl_dependency":false}],[{"active":true,"col":6,"relations":[{"operator":false,"rules":[{"operator":"AND","rules":{"cl_field":"","cl_relation":"","cl_val":""}}]}],"cl_rule":"show","enableCl":true,"price":"26","enablePrice":true,"className":"","label_position":"default","desc_position":"default","type":"radio-group","required":false,"elementId":"radio-group_565e50fd643051","label":"","name":"radio-group_565e50fd643051","values":[{"label":"\ud83d\udc64 Adult (26\u20ac)","value":"Adult (26<\u20ac)","selected":true,"tempId":"aco_32","tooltip":"+13 Years","description":"","gt_translate_keys":["label","tooltip","description"]}],"layOut":"","error":false,"checkUi":"button","priceOptions":"fixed_for_all","pricingType":"fixed","enable_quantity":true,"quantity_label":"","min_quantity":"0","options_tooltip":true,"options_description":true,"gt_translate_keys":["label","quantity_label"],"price_dependency":false,"cl_dependency":false,"value":""}],[{"label":"","active":true,"required":false,"elementId":"radio-group_965e50fd64305c","name":"radio-group_965e50fd64305c","label_position":"default","desc_position":"default","enablePrice":true,"className":"","enableCl":false,"relations":false,"enable_quantity":true,"quantity_label":"","min_quantity":"0","checkUi":"button","layOut":"","values":[{"label":"\ud83d\udc66 Child (21\u20ac)","value":"Child (21\u20ac)","selected":true,"tempId":"aco_32","tooltip":"5-12 Years","description":"","gt_translate_keys":["label","tooltip","description"]}],"priceOptions":"fixed_for_all","pricingType":"fixed","price":"21","cl_rule":"show","col":6,"type":"radio-group","error":false,"options_tooltip":true,"options_description":true,"gt_translate_keys":["label","quantity_label"],"price_dependency":false,"cl_dependency":false,"value":""}]]},"sec_965e50fd6430a4":{"extra":{"key":"sec_965e50fd6430a4","section_id":"sec_965e50fd6430a4","name":"Resident Tickets","status":1,"cl_rule":"show","enableCl":true,"relations":[{"operator":false,"rules":[{"operator":"AND","rules":{"cl_field":"radio-group_365e50fd643015","cl_relation":"is","cl_val":"Resident Tickets"}}]}],"toggle":true,"title_tag":"h4","show_title":false,"showPrice":"default","form_id":10220,"form_rules":{"exclude_from_discount":true,"fee_label":"Fee","disp_hide_options_price":true,"disp_show_section_price":false,"disp_show_field_price":true,"layout_option":"standard","pric_use_as_fee":false,"process_fee_as":"woo_fee"},"layout_option":"standard"},"fields":[[{"elementId":"separator_465e50fd6430c1","separatorType":"blank","className":"","height":"10","enableCl":false,"relations":false,"cl_rule":"show","col":6,"type":"separator","gt_translate_keys":[],"price_dependency":false,"cl_dependency":false,"value":""}],[{"contentType":"plain","active":true,"label":"People","elementId":"content_865e50fd6430cb","value":"","inline":false,"show_in_checkout":true,"name":"content_865e50fd6430cb","enablePrice":false,"className":"","enableCl":false,"relations":false,"price":"","cl_rule":"show","col":6,"type":"content","gt_translate_keys":["label","value"],"price_dependency":false,"cl_dependency":false}],[{"label":"","active":true,"required":false,"elementId":"radio-group_665e50fd6430d6","name":"radio-group_665e50fd6430d6","label_position":"default","desc_position":"default","enablePrice":true,"className":"","enableCl":true,"relations":[{"operator":false,"rules":[{"operator":"AND","rules":{"cl_field":"","cl_relation":"","cl_val":""}}]}],"enable_quantity":true,"quantity_label":"","min_quantity":"0","checkUi":"button","layOut":"","options_tooltip":true,"values":[{"label":"\ud83d\udc64 Adult (22\u20ac)","value":"Adult (22\u20ac)","selected":true,"tempId":"aco_32","tooltip":"+13 Years","gt_translate_keys":["label","tooltip"]}],"priceOptions":"fixed_for_all","pricingType":"fixed","price":"22","cl_rule":"show","col":6,"type":"radio-group","error":false,"gt_translate_keys":["label","quantity_label"],"price_dependency":false,"cl_dependency":false,"value":""}],[{"label":"","active":true,"required":false,"elementId":"radio-group_465e50fd6430e0","name":"radio-group_465e50fd6430e0","label_position":"default","desc_position":"default","enablePrice":true,"className":"","enableCl":false,"relations":false,"enable_quantity":true,"quantity_label":"","min_quantity":"0","checkUi":"button","layOut":"","options_tooltip":true,"values":[{"label":"\ud83d\udc66 Child (15\u20ac)","value":"Children (15\u20ac)","selected":true,"tempId":"aco_32","tooltip":"5-12 Years","gt_translate_keys":["label","tooltip"]}],"priceOptions":"fixed_for_all","pricingType":"fixed","price":"15","cl_rule":"show","col":6,"type":"radio-group","error":false,"gt_translate_keys":["label","quantity_label"],"price_dependency":false,"cl_dependency":false,"value":""}]]}},"config":{"price_override":"always","enable_recaptcha":false,"bind_quantity":false,"quantity_bind_formula":false,"disp_summ_show_option_price":true,"disp_summ_show_product_price":false,"disp_summ_show_total_price":true,"disp_summ_show_fee":true,"disp_summ_show_discount":true,"summary_title":"","options_total_label":"Options Price","total_label":"Total Amount","options_product_label":"Product Price","fee_label":"Fee","discount_label":"Discount","has_price":true,"has_quantity_formula":false},"mc_unit":1,"tax_rate":1,"tax_rate_real":1,"discount":{"percentage":0,"fixed":0},"design":{"conf":{"LabelPosition":"above","DescPosition":"above","UploadField":"custom_1","QuantityFieldStyle":"custom_1"},"css":{"LeftLabelWidth":"120px"}},"formulas":[],"lookuptables":[],"clones":false,"cartKey":false}},"_links":{"self":[{"href":"https:\/\/canaryvip.com\/et\/wp-json\/wp\/v2\/product\/9834","targetHints":{"allow":["GET"]}}],"collection":[{"href":"https:\/\/canaryvip.com\/et\/wp-json\/wp\/v2\/product"}],"about":[{"href":"https:\/\/canaryvip.com\/et\/wp-json\/wp\/v2\/types\/product"}],"replies":[{"embeddable":true,"href":"https:\/\/canaryvip.com\/et\/wp-json\/wp\/v2\/comments?post=9834"}],"wp:featuredmedia":[{"embeddable":true,"href":"https:\/\/canaryvip.com\/et\/wp-json\/wp\/v2\/media\/9837"}],"wp:attachment":[{"href":"https:\/\/canaryvip.com\/et\/wp-json\/wp\/v2\/media?parent=9834"}],"wp:term":[{"taxonomy":"product_brand","embeddable":true,"href":"https:\/\/canaryvip.com\/et\/wp-json\/wp\/v2\/product_brand?post=9834"},{"taxonomy":"product_cat","embeddable":true,"href":"https:\/\/canaryvip.com\/et\/wp-json\/wp\/v2\/product_cat?post=9834"},{"taxonomy":"product_tag","embeddable":true,"href":"https:\/\/canaryvip.com\/et\/wp-json\/wp\/v2\/product_tag?post=9834"}],"curies":[{"name":"wp","href":"https:\/\/api.w.org\/{rel}","templated":true}]}}