{"id":9623,"date":"2024-02-11T01:34:38","date_gmt":"2024-02-11T01:34:38","guid":{"rendered":"https:\/\/canaryvip.com\/?post_type=product&#038;p=9623"},"modified":"2025-08-09T12:57:36","modified_gmt":"2025-08-09T11:57:36","slug":"tenerife-island-guided-bus-tour","status":"publish","type":"product","link":"https:\/\/canaryvip.com\/et\/shop\/tenerife-island-guided-bus-tour\/","title":{"rendered":"Tenerife saare ekskursioon: Tenerife: Giidiga bussiekskursioon"},"content":{"rendered":"<h2>\ud83d\ude8c <strong>Tenerife saare giidiga bussituur<\/strong><\/h2>\n<p>Avastage Tenerife s\u00fcdant koos <strong>CanaryVIP<\/strong> kogu saart h\u00f5lmavale kogu p\u00e4eva kestvale giidiga bussiekskursioonile. Alates aukartust\u00e4ratavast <a href=\"https:\/\/www.google.com\/maps\/place\/Acantilados+de+Los+Gigantes,+Santa+Cruz+de+Tenerife\/@28.244027,-16.8456497,15z\/data=!3m1!4b1!4m6!3m5!1s0xc6a8c153fdc6811:0xa0340f674cf6610!8m2!3d28.2408828!4d-16.8377834!16s%2Fm%2F026dqlb?entry=ttu\" target=\"_blank\" rel=\"noopener\">Los Gigantese kaljud<\/a> ajaloolistele t\u00e4navatele <a href=\"https:\/\/www.google.com\/maps\/place\/La+Orotava,+Santa+Cruz+de+Tenerife\/@28.3929248,-16.5287568,15z\/data=!3m1!4b1!4m6!3m5!1s0xc402aae32ddf575:0x27206a076b427988!8m2!3d28.3892926!4d-16.525264!16zL20vMDdrcmx5?entry=ttu\" target=\"_blank\" rel=\"noopener\">La Orotava<\/a>, lubab see reis rikkalikult tutvustada Tenerife mitmekesiseid maastikke ja kultuuriv\u00e4\u00e4rtusi.<\/p>\n<h3><strong>Tuuri tipphetked: Saare avastamine: Kogu saart h\u00f5lmav ekspluatatsioon<\/strong><\/h3>\n<ul>\n<li>\ud83c\udf04 <strong>Los Gigantese kaljud<\/strong>: Alustage oma seiklust k\u00fclask\u00e4iguga hingematvatele Los Gigantese kaljudele, kus loodus on t\u00e4ies ilus.<\/li>\n<li>\ud83d\udc40 <strong>Mirador de Garachico<\/strong>: J\u00e4tkake Mirador de Garachico juurde, kust avanevad Tenerife p\u00f5hjaranniku ilu kokku v\u00f5tvad suurep\u00e4rased vaated.<\/li>\n<li>\ud83c\udf33 <strong>Icod de los Vinos<\/strong>: Avastage Icod de los Vinos ja imetlege tuhandeaastast draakonipuud, mis on ajalooline loodusm\u00e4lestusm\u00e4rk.<\/li>\n<li>\ud83c\udfd8\ufe0f <strong>La Orotava<\/strong>: Sukelduge La Orotava v\u00f5ludesse, k\u00fclastades kuulsat Casa de los Balcones'i, mis on Kanaari arhitektuuri ja traditsioonide s\u00fcmbol.<\/li>\n<li>\ud83d\udecd\ufe0f <strong>Puerto de la Cruz<\/strong>: Nautige vaba aega Puerto de la Cruz'is, et teha sisseoste, tutvuda vaatamisv\u00e4\u00e4rsustega ja s\u00fc\u00fca l\u00f5unat (toit ei kuulu ekskursiooni hulka).<\/li>\n<li>\ud83d\ude4f <strong>Candelaria<\/strong>: Tehke viimane peatus Candelarias, et avaldada austust Kanaari saarte kaitsep\u00fchakule, mis l\u00f5petab uurimis- ja avastamisp\u00e4eva.<\/li>\n<\/ul>\n<h3><strong>Teie teekond koos CanaryVIP-ga sisaldab:<\/strong><\/h3>\n<ul>\n<li>\ud83d\ude8c A <strong>mugav ja maaliline bussis\u00f5it<\/strong> kogu Tenerifel, tagades sama meeldiva reisi kui sihtkohad ise.<\/li>\n<li>\ud83c\udfe8 <strong>Mugav pealev\u00f5tmis- ja v\u00e4ljaviimisteenus<\/strong> teie hotellis, et reisikogemus oleks stressivaba algusest l\u00f5puni.<\/li>\n<li>\ud83d\udde3\ufe0f <strong>Mitmekeelsete giidide kaasahaarav juhendamine<\/strong>, rikastades teie kogemust p\u00f5nevate \u00fclevaadetega igast asukohast.<\/li>\n<li>\ud83d\udd52 An <strong>umbes 8-tunnine ekskursioon<\/strong>, mille eesm\u00e4rk on maksimeerida teie Tenerife uimastavate maastike ja kultuurip\u00e4randi avastamist.<\/li>\n<li>\ud83d\udcf8 Lugematu <strong>pildistamisv\u00f5imalused<\/strong> erinevatel maastikel, tagades m\u00e4lestused, mis kestavad kogu elu.<\/li>\n<li>\ud83d\udcb0 CanaryVIP lubadus, et <strong>parim hind<\/strong>, mida t\u00e4iendab teie mugavuse huvides paindlik t\u00fchistamispoliitika.<\/li>\n<\/ul>\n<h3><strong>Olulised andmed tuuri kohta:<\/strong><\/h3>\n<ul>\n<li>\ud83c\udf9f\ufe0f Hoidke oma CanaryVIP-piletit digitaalsel v\u00f5i tr\u00fckitud kujul, et reisikogemus oleks sujuv.<\/li>\n<li>\ud83e\udde5 Riietuge mugavalt ja kaaluge kihilisi riideid, sest saarel on erinevad kliimatingimused.<\/li>\n<li>\ud83c\udf7d\ufe0f Tehke l\u00f5unapaus Puerto de la Cruzis, kus on mitmesuguseid s\u00f6\u00f6gikohti, mille vahel valida. (L\u00f5unas\u00f6\u00f6k ei ole hinna sees)<\/li>\n<li>\ud83d\udccc \u00dclest\u00f5stmise ajad ja asukohad kinnitatakse p\u00e4rast broneeringu tegemist. Veenduge, et teie majutusandmed on t\u00e4psed, et reisikorraldus oleks sujuv.<\/li>\n<\/ul>\n<h3><strong>T\u00fchistamispoliitika:<\/strong><\/h3>\n<ul>\n<li>\ud83d\udd04 <strong>Kohandatav t\u00fchistamine \u00fcksikisikutele:<\/strong> Meie poliitika arvestab elu ettearvamatust, v\u00f5imaldades t\u00fchistada reisi kuni 24 tundi enne planeeritud reisi ja saada t\u00e4ielik tagasimakse. Selline paindlikkus tagab, et saate oma reisiplaani muuta vastavalt vajadusele ilma probleemideta.<\/li>\n<li>\ud83d\udd52 <strong>Grupi t\u00fchistamise v\u00f5imalused:<\/strong> R\u00fchmadega reisijatele pakume kohandatud t\u00fchistamistingimusi. V\u00e4ikesed 5-7-liikmelised r\u00fchmad saavad ilma igasuguste tasudeta t\u00fchistada kuni 48 tundi enne reisi toimumist. Keskmise suurusega gruppidel (8-14 inimest) on v\u00f5imalus t\u00fchistada reis kuni 4 p\u00e4eva enne reisi algust, et saada t\u00e4ielik tagasimakse, samas kui suurematel gruppidel (15 v\u00f5i rohkem inimest) palutakse t\u00fchistada reis v\u00e4hemalt 6 p\u00e4eva enne reisi, et v\u00e4ltida t\u00fchistamiskulusid. Need suunised on kehtestatud selleks, et h\u00f5lbustada igas suuruses r\u00fchmade planeerimist.<\/li>\n<li>\ud83d\udca1 <strong>Kerge t\u00fchistamismenetlus:<\/strong> Reisist loobumine, olgu see siis \u00fcksi v\u00f5i koos grupiga, on lihtne. V\u00f5ta lihtsalt \u00fchendust meie veebisaidi kaudu, kirjuta meile v\u00f5i helista meile. Tagame kiire tagasimaksmise protsessi, mis tagab sujuva ja muretu t\u00fchistamise kogemuse.<\/li>\n<li>\ud83d\udd0d <strong>Broneeringu kontroll:<\/strong> Enne reisi kuup\u00e4eva on m\u00f5istlik oma broneeringu \u00fcksikasjad uuesti \u00fcle kontrollida. See v\u00f5imaldab teha vajalikke kohandusi v\u00f5i t\u00fchistamisi etten\u00e4htud ajavahemike jooksul, mis aitab v\u00e4ltida v\u00f5imalikke tasusid.<\/li>\n<\/ul>\n<h4><strong>Abi ja vastutus reisil:<\/strong><\/h4>\n<ul>\n<li>\u2714\ufe0f CanaryVIP on p\u00fchendunud meeldej\u00e4\u00e4va ja t\u00f5rgeteta reisikogemuse tagamisele, alates broneerimisest kuni ekspluateerimiseni.<\/li>\n<li>\ud83d\udde3\ufe0f <strong>Otsekommunikatsioon:<\/strong> Meie giidid on teie ekskursiooni ajal valmis abistama mis tahes k\u00fcsimuste v\u00f5i vajaduste korral.<\/li>\n<li>\ud83d\udcb0 <strong>L\u00e4bipaistev tagasimaksepoliitika:<\/strong> Oleme p\u00fchendunud kliendikesksele l\u00e4henemisele, lahendades k\u00f5ik probleemid kiiresti ja \u00f5iglaselt.<\/li>\n<\/ul>\n<h4><strong>\ud83d\ude8c\ud83c\udf04\ud83c\udfdb\ufe0f Broneeri oma saarek\u00fclgne seiklus kohe!<\/strong><\/h4>\n<p>Kasutage seda ainulaadset v\u00f5imalust uurida Tenerife tohutut ilu ja rikkalikku kultuuri koos CanaryVIP-ga. Broneerige oma koht Tenerife saarel <a href=\"https:\/\/canaryvip.com\/et\/tenerife\/guided-tours\/bus-tours\/\">Giidiga bussituur<\/a> t\u00e4na ja alustage unustamatut teekonda saare tuntuimate vaatamisv\u00e4\u00e4rsuste ja peidetud p\u00e4rlite vahel.<\/p>\n<p>Teie seiklus ootab!<\/p>","protected":false},"excerpt":{"rendered":"<p><strong>\ud83d\udd0d Tenerife saare ekskursioon:<\/strong><br \/>\n\u2705 Turvaline makse.<br \/>\n\u26f0\ufe0f K\u00fclastage Los Gigantese kaljut.<br \/>\n\ud83d\udc09 Uurige Icodi draakonipuud.<br \/>\n\ud83d\udca6 Avasta Garachico.<br \/>\n\ud83d\udee4\ufe0f K\u00fclastage La Orotavat.<br \/>\n\ud83d\udecd\ufe0f Nautige Puerto de la Cruzi.<br \/>\n\u26ea\ufe0f K\u00fclastage Candelariat.<br \/>\n\ud83d\udcc5 Teisip\u00e4eviti ja laup\u00e4eviti.<br \/>\n\u23f0 Kestus Umbes 8h.<br \/>\n\ud83d\ude8c Hotelli pealev\u00f5tmine ja mahapanek.<br \/>\n\ud83d\udd04 24h tasuta t\u00fchistamine.<br \/>\n\ud83e\udd11 Parim hind garanteeritud.<br \/>\n\ud83c\udf81 Saadaval on grupisoodustused.<br \/>\n\ud83c\udf0d Juhend teie keeles.<br \/>\n\ud83c\udf1f Broneeri kohe ja s\u00e4\u00e4sta!<\/p>","protected":false},"featured_media":9624,"comment_status":"open","ping_status":"closed","template":"","meta":{"_acf_changed":false},"product_brand":[],"product_cat":[68,52],"product_tag":[],"class_list":{"0":"post-9623","1":"product","2":"type-product","3":"status-publish","4":"has-post-thumbnail","6":"product_cat-guided-tours","7":"product_cat-bus-tours","8":"wcpa_has_options","10":"first","11":"instock","12":"virtual","13":"purchasable","14":"product-type-simple"},"acf":[],"wcpa_form_fields":{"wcpaData":{"product":{"product_price":48,"price_html":"From&nbsp;<span class=\"woocommerce-Price-amount amount\"><bdi>48,00&nbsp;<span class=\"woocommerce-Price-currencySymbol\">&euro;<\/span><\/bdi><\/span>","original_product_price":48,"price_including_tax":48,"price_excluding_tax":48,"product_id":{"parent":9623,"variation":false},"is_variable":false,"stock_status":"instock","stock_quantity":null,"parent_sku":"CV9623","product_attributes":[],"custom_fields":[],"is_taxable":false,"product_name":"Tenerife Island Tour: Guided Bus Trip","hasImage":false},"fields":{"sec_265e50550df885":{"extra":{"key":"sec_265e50550df885","section_id":"sec_265e50550df885","name":"South Tenerife","status":1,"cl_rule":"show","enableCl":false,"relations":[{"operator":false,"rules":[{"operator":"AND","rules":{"cl_field":"radio-group_665df45fcbc30b","cl_relation":"is","cl_val":"Siam Park Regular Tickets"}}]}],"toggle":true,"title_tag":"h4","show_title":false,"showPrice":"default","form_id":10216,"form_rules":{"exclude_from_discount":true,"fee_label":"Fee","disp_hide_options_price":true,"disp_show_section_price":false,"disp_show_field_price":true,"layout_option":"standard","pric_use_as_fee":false,"process_fee_as":"woo_fee"},"layout_option":"standard"},"fields":[[{"label":"\ud83d\udcc5 Date","active":true,"required":true,"elementId":"date_365e50550df8bb","picker_type":"custom","picker_mode":"single","placeholder":"","description":"","tooltip":"","name":"date_365e50550df8bb","label_position":"default","desc_position":"default","enablePrice":false,"className":"","enableCl":false,"relations":[{"operator":"and","rules":[{"operator":"AND","rules":{"cl_field":"radio-group_665df45fcbc30b","cl_relation":"is","cl_val":"3 Hour Trip"}}]}],"date_pic_inline":true,"date_pic_inline_hide":true,"min_date":{"type":"days","val":"1"},"max_date":{"type":"days","val":"365"},"date_pic_conf":{"disabledWeeks":[0,1,3,4,5,6]},"price":"","cl_rule":"show","col":6,"type":"date","error":false,"enableDesign":false,"LabelColor":"","gt_translate_keys":["label","placeholder","description","tooltip"],"price_dependency":false,"cl_dependency":false,"value":""}],[{"elementId":"separator_665e50550df8cb","separatorType":"blank","className":"","height":"10","enableCl":false,"relations":false,"cl_rule":"show","col":6,"type":"separator","gt_translate_keys":[],"price_dependency":false,"cl_dependency":false,"value":""}],[{"active":true,"col":6,"relations":false,"cl_rule":"show","enableCl":false,"price":"","enablePrice":false,"className":"","label_position":"default","desc_position":"default","type":"content","required":false,"elementId":"content_565e50550df8e4","label":"People","name":"content_565e50550df8e4","contentType":"plain","value":"","error":false,"show_in_checkout":true,"inline":false,"gt_translate_keys":["label","value"],"price_dependency":false,"cl_dependency":false}],[{"active":true,"col":6,"relations":[{"operator":false,"rules":[{"operator":"AND","rules":{"cl_field":"","cl_relation":"","cl_val":""}}]}],"cl_rule":"show","enableCl":true,"price":"50","enablePrice":true,"className":"","label_position":"default","desc_position":"default","type":"radio-group","required":false,"elementId":"radio-group_665e50550df8f0","label":"","name":"radio-group_665e50550df8f0","values":[{"label":"\ud83d\udc64 Adult (50\u20ac)","value":"Adult","selected":true,"tempId":"aco_32","tooltip":"+12 Years","description":"","gt_translate_keys":["label","tooltip","description"]}],"layOut":"","error":false,"checkUi":"button","priceOptions":"fixed_for_all","pricingType":"fixed","enable_quantity":true,"quantity_label":"","min_quantity":"0","options_tooltip":true,"options_description":true,"gt_translate_keys":["label","quantity_label"],"price_dependency":false,"cl_dependency":false,"value":""}],[{"label":"","active":true,"required":false,"elementId":"radio-group_665e50550df8fb","name":"radio-group_665e50550df8fb","label_position":"default","desc_position":"default","enablePrice":true,"className":"","enableCl":false,"relations":false,"enable_quantity":true,"quantity_label":"","min_quantity":"0","checkUi":"button","layOut":"","values":[{"label":"\ud83d\udc66 Child (31\u20ac)","value":"Child","selected":true,"tempId":"aco_32","tooltip":"2-11 Years","description":"","gt_translate_keys":["label","tooltip","description"]}],"priceOptions":"fixed_for_all","pricingType":"fixed","price":"31","cl_rule":"show","col":6,"type":"radio-group","error":false,"options_tooltip":true,"options_description":true,"gt_translate_keys":["label","quantity_label"],"price_dependency":false,"cl_dependency":false,"value":""}],[{"active":true,"col":6,"relations":false,"cl_rule":"show","enableCl":false,"price":"","enablePrice":false,"className":"","label_position":"default","desc_position":"default","type":"select","required":false,"elementId":"select_265e50550df905","label":"\ud83c\udf0e Language","name":"select_265e50550df905","values":[{"label":"English","value":"English","selected":false,"tempId":"aco_310","gt_translate_keys":["label"]},{"label":"Spanish","value":"Spanish","selected":false,"tempId":"aco_311","gt_translate_keys":["label"]},{"label":"French","value":"French","selected":false,"tempId":"aco_312","gt_translate_keys":["label"]}],"dropdown_type":"basic","error":false,"gt_translate_keys":["label"],"price_dependency":false,"cl_dependency":false,"value":""}],[{"active":true,"col":6,"relations":false,"cl_rule":"show","enableCl":false,"price":"","enablePrice":false,"className":"","label_position":"default","desc_position":"default","type":"separator","required":false,"elementId":"separator_665e50550df90f","label":"Separator Field","height":"7","separatorType":"blank","error":false,"gt_translate_keys":["label"],"price_dependency":false,"cl_dependency":false,"value":""}],[{"active":true,"col":6,"relations":false,"cl_rule":"show","enableCl":false,"price":"","enablePrice":false,"className":"","label_position":"default","desc_position":"default","type":"text","subtype":"text","required":false,"elementId":"text_565e50550df918","label":"\ud83d\ude8c Pickup Location","name":"text_565e50550df918","value":"","description":"Pick-up service in South Tenerife. Simply provide your address or hotel name.","error":false,"gt_translate_keys":["label","description","value"],"price_dependency":false,"cl_dependency":false}]]}},"config":{"price_override":"always","enable_recaptcha":false,"bind_quantity":false,"quantity_bind_formula":false,"disp_summ_show_option_price":true,"disp_summ_show_product_price":false,"disp_summ_show_total_price":true,"disp_summ_show_fee":true,"disp_summ_show_discount":true,"summary_title":"","options_total_label":"Options Price","total_label":"Total Amount","options_product_label":"Product Price","fee_label":"Fee","discount_label":"Discount","has_price":true,"has_quantity_formula":false},"mc_unit":1,"tax_rate":1,"tax_rate_real":1,"discount":{"percentage":0,"fixed":0},"design":{"conf":{"LabelPosition":"above","DescPosition":"above","UploadField":"custom_1","QuantityFieldStyle":"custom_1"},"css":{"LeftLabelWidth":"120px"}},"formulas":[],"lookuptables":[],"clones":false,"cartKey":false}},"_links":{"self":[{"href":"https:\/\/canaryvip.com\/et\/wp-json\/wp\/v2\/product\/9623","targetHints":{"allow":["GET"]}}],"collection":[{"href":"https:\/\/canaryvip.com\/et\/wp-json\/wp\/v2\/product"}],"about":[{"href":"https:\/\/canaryvip.com\/et\/wp-json\/wp\/v2\/types\/product"}],"replies":[{"embeddable":true,"href":"https:\/\/canaryvip.com\/et\/wp-json\/wp\/v2\/comments?post=9623"}],"wp:featuredmedia":[{"embeddable":true,"href":"https:\/\/canaryvip.com\/et\/wp-json\/wp\/v2\/media\/9624"}],"wp:attachment":[{"href":"https:\/\/canaryvip.com\/et\/wp-json\/wp\/v2\/media?parent=9623"}],"wp:term":[{"taxonomy":"product_brand","embeddable":true,"href":"https:\/\/canaryvip.com\/et\/wp-json\/wp\/v2\/product_brand?post=9623"},{"taxonomy":"product_cat","embeddable":true,"href":"https:\/\/canaryvip.com\/et\/wp-json\/wp\/v2\/product_cat?post=9623"},{"taxonomy":"product_tag","embeddable":true,"href":"https:\/\/canaryvip.com\/et\/wp-json\/wp\/v2\/product_tag?post=9623"}],"curies":[{"name":"wp","href":"https:\/\/api.w.org\/{rel}","templated":true}]}}