{"id":9493,"date":"2024-02-05T22:56:26","date_gmt":"2024-02-05T22:56:26","guid":{"rendered":"https:\/\/canaryvip.com\/?post_type=product&#038;p=9493"},"modified":"2025-08-09T12:59:18","modified_gmt":"2025-08-09T11:59:18","slug":"jungle-park-tickets","status":"publish","type":"product","link":"https:\/\/canaryvip.com\/et\/shop\/jungle-park-tickets\/","title":{"rendered":"Osta Jungle Parki pileteid"},"content":{"rendered":"<h2>\ud83e\udd85 <strong>Jungle Park Tenerife: Tenerife: Safariseiklus ja metsloomade pelgupaik<\/strong><\/h2>\n<p><strong>\u23f0 Avasta iga p\u00e4ev:<\/strong> Seiklus ootab teid alates kella 10st kuni 17:30ni, pakkudes terve p\u00e4eva t\u00e4is uurimist ja avastamist.<\/p>\n<p>\ud83d\udccd <strong>Teie safari ootab:<\/strong> Avastage Tenerife metsikut k\u00fclge Chayofa d\u017eunglipargis, mis on elamuslik kogemus, mis \u00fchendab loomaaia ja botaanikaaia tohutusse d\u017eunglimaastikku. Planeerige oma k\u00fclastus j\u00e4rgmiselt <a href=\"https:\/\/maps.app.goo.gl\/K7g47iUPFiKyfYdU9\" target=\"_blank\" rel=\"noopener\">pargi leidmine Google Mapsis<\/a>.<\/p>\n<p>\ud83c\udf92 <strong>Seikluse p\u00f5hit\u00f5ed:<\/strong> Paki d\u017eunglis veedetud p\u00e4evaks kaasa p\u00e4ikesekaitsekreem, mugavad jalutusjalatsid ja \u00e4ra unusta kaamerat, sest eksootiliste loomade ja lopsakate maastike vahel on palju pildistamisv\u00f5imalusi.<\/p>\n<p>\ud83d\udca7 <strong>V\u00e4rskendage ja tankige:<\/strong> Pargis sees on mitmesuguseid v\u00f5imalusi vedeliku joomiseks ja s\u00f6\u00f6gi nautimiseks, mis tagab k\u00f5igile mugava ja meeldiva p\u00e4eva.<\/p>\n<p>\ud83c\udfab <strong>Kiirjuurdep\u00e4\u00e4s:<\/strong> V\u00e4ltige ootamist eelnevalt ostetud CanaryVIP piletite abil, mis pakuvad neile, kes tulevad ettevalmistatult, kiiremat sissep\u00e4\u00e4su v\u00f5rreldes k\u00fclastajatega, kes ostavad piletid saabumisel.<\/p>\n<p>\ud83d\ude8c <strong>Shuttle to the Jungle:<\/strong> Kasutage tasuta bussiteenust, mis teeb ringe L\u00f5una-Tenerifel, tagades otsese ja mugava tee Jungle Parki.<\/p>\n<p>\ud83c\udf1f <strong>CanaryVIP eksklusiivsed tooted:<\/strong> Broneerimine CanaryVIP kaudu mitte ainult ei taga teie sissep\u00e4\u00e4su, vaid annab teile ka juurdep\u00e4\u00e4su erisoodustustele, eelisj\u00e4rjekorras sisenemisele ja muule, mis suurendab teie k\u00fclastust D\u017eunglipargis.<\/p>\n<ul>\n<li><strong>Kohene kokkuhoid:<\/strong> Avage eksklusiivsed soodustused kohe p\u00e4rast meie juures broneerimist.<\/li>\n<li><strong>Rohkem v\u00e4hemate kulutuste eest:<\/strong> Vaadake meie kombineeritud piletipakkumisi, et saada veelgi suuremat kokkuhoidu ja kahekordset l\u00f5bu.<\/li>\n<li><strong>Murevaba planeerimine:<\/strong> Nautige meelerahu, sest saate t\u00fchistada kuni 72 tundi enne kavandatud visiiti.<\/li>\n<\/ul>\n<p>\ud83d\udc3e <strong>Tutvuge meie loomastaaridega:<\/strong> Jungle Park on koduks paljudele erinevatele metsloomadele, alates orangutanide, gibbonite ja kaputsiinide m\u00e4ngulistest v\u00f5tetest meie primaatide pargis kuni majesteetlike leopardide ja jaaguarideni meie suurte kasside kaitsealal. \u00c4ra j\u00e4ta vahele pingviine, meril\u00f5vi, mardikate, pesukarusid ja meie muljetavaldavat roomajate kollektsiooni, kus on maod, kilpkonnad, krokodillid ja kaimanid.<\/p>\n<p>\ud83e\udd9c <strong>N\u00e4idendi tipphetked:<\/strong> Meie igap\u00e4evane meril\u00f5vi-show kell 13:30 on l\u00f5bus, samal ajal kui r\u00f6\u00f6vlindude show kell 12:30 n\u00e4itab meie sulepealsete s\u00f5prade, sealhulgas suurep\u00e4rase kaljukotka uskumatut osavust. Need etendused ei ole mitte ainult meelelahutuslikud, vaid ka harivad, andes \u00fclevaate nende h\u00e4mmastavate olendite elust.<\/p>\n<p>\ud83d\udc68\u200d\ud83d\udc69\u200d\ud83d\udc67\u200d\ud83d\udc66 <strong>Pereseiklus:<\/strong> Jungle Park pakub p\u00f5nevaid safareid, rahulikke loodusk\u00e4ike ja interaktiivseid loomakohtumisi, mis sobivad igas vanuses k\u00fclastajatele. V\u00f5ta osa pargis toimuvatest spetsiaalsetest ekskursioonidest v\u00f5i proovi p\u00f5nevuse lisapisikuks meie bobis\u00f5itu, mis kulgeb l\u00e4bi d\u017eungli.<\/p>\n<h3>\ud83d\ude8c Tasuta pealev\u00f5tmise teenus<\/h3>\n<p><strong>\u00d5mblusteta s\u00fcstik\u00fchendus:<\/strong> Kasutage meie tasuta bussiteenust, et s\u00f5ita stressivabalt L\u00f5una-Tenerifelt Jungle Parki. Veenduge, et teie seiklus algab ja l\u00f5peb probleemideta.<\/p>\n<p><strong>Pendelrongide s\u00f5iduplaan ja tagasip\u00f6\u00f6rdumised:<\/strong> Nautige mugavat pealev\u00f5tmist Costa Adejest, Playa de Las Am\u00e9ricasest ja Los Cristianosest, mis h\u00f5lbustab teie Jungle Parki k\u00fclastamist. Meie tasuta igap\u00e4evane bussiteenus \u00fchendab teid vaevata:<\/p>\n<ul>\n<li><a href=\"https:\/\/canaryvip.com\/et\/shop\/aqualand-tickets\/\">Aqualand<\/a> Costa Adeje: 9:30 | 10:45<\/li>\n<li>H. Labranda Suites Costa Adeje: 9:35 | 10:50<\/li>\n<li>The Duke Shops kaubanduskeskus: 9:35 | 10:55<\/li>\n<li>Hotell Sunwing Fa\u00f1ab\u00e9: 9:40 | 11:00<\/li>\n<li>Hotell Allsun Hibiscos: 9:45 | 11:05<\/li>\n<li>Calle Llanos De Troya: 9:50 | 11:35<\/li>\n<li>Bar Leonardo's: 9:55 | 11:40<\/li>\n<li>Hotel Best Tenerife: 10:00 | 11:45<\/li>\n<li>Pasarela kaubanduskeskus \"La Pepa\": 10:10 | 11:50<\/li>\n<li>Hotel Sol Arona Tenerife: 10:15 | 11:55<\/li>\n<\/ul>\n<p><strong>Tagasitulekuajad<\/strong>: 16:30 | 17:30.<\/p>\n<p>Palun pange t\u00e4hele, et kohtade arv on piiratud ja neid saab kasutada saabumisj\u00e4rjekorras ilma eelneva broneeringuta.<\/p>\n<h3>\ud83d\udd25 <strong>Broneerige n\u00fc\u00fcd eksklusiivsete Jungle Parki pakkumiste jaoks<\/strong><\/h3>\n<p>Sukeldu koos CanaryVIP-ga Tenerife d\u017eunglipargi metsikusse ilu. Kindlustage parimad pakkumised, nautige probleemivaba juurdep\u00e4\u00e4su ja tehke unustamatuid m\u00e4lestusi Chayofa lopsakates tingimustes.<\/p>\n<p>Sukeldu maailma, kus metsloomad ja seiklused kohtuvad Tenerife d\u017eunglipargis, kus iga tee viib avastusteni ja iga kohtumine on lugu, mis ootab jutustamist. Broneerige oma reis juba t\u00e4na ja vallandage sisemine uurija!<\/p>","protected":false},"excerpt":{"rendered":"<p><strong>\ud83d\udd0d Jungle Park Highligts:<\/strong><br \/>\n\u2705 Turvaline makse.<br \/>\n\ud83d\ude80 Kiirsissetulek passiomanikele.<br \/>\n\ud83e\udd85 Sissep\u00e4\u00e4s k\u00f5ikidele n\u00e4itustele.<br \/>\n\ud83d\udd59 Avatud kell 10:00-17:30.<br \/>\n\ud83e\udd11 Parim hind garanteeritud.<br \/>\n\ud83d\ude8d Tasuta bussiliin.<br \/>\n\ud83d\udc6a Grupibroneeringute allahindlused.<br \/>\n\ud83d\udd01 Kuni 72h t\u00fchistamine.<br \/>\n\ud83c\udf0d Toetus mitmes keeles.<br \/>\n\ud83c\udf1f Broneeri kohe ja s\u00e4\u00e4sta!<br \/>\n\ud83d\udccd Leia <a href=\"https:\/\/maps.app.goo.gl\/K7g47iUPFiKyfYdU9\">Jungle Park kaartidel<\/a>.<\/p>","protected":false},"featured_media":9501,"comment_status":"open","ping_status":"closed","template":"","meta":{"_acf_changed":false},"product_brand":[],"product_cat":[54],"product_tag":[],"class_list":{"0":"post-9493","1":"product","2":"type-product","3":"status-publish","4":"has-post-thumbnail","6":"product_cat-theme-parks","7":"wcpa_has_options","9":"first","10":"instock","11":"virtual","12":"purchasable","13":"product-type-simple"},"acf":[],"wcpa_form_fields":{"wcpaData":{"product":{"product_price":35,"price_html":"From&nbsp;<span class=\"woocommerce-Price-amount amount\"><bdi>35,00&nbsp;<span class=\"woocommerce-Price-currencySymbol\">&euro;<\/span><\/bdi><\/span>","original_product_price":35,"price_including_tax":35,"price_excluding_tax":35,"product_id":{"parent":9493,"variation":false},"is_variable":false,"stock_status":"instock","stock_quantity":null,"parent_sku":"CV9493","product_attributes":[],"custom_fields":[],"is_taxable":false,"product_name":"Buy Jungle Park Tickets","hasImage":false},"fields":{"sec_065df48f68f816":{"extra":{"key":"sec_065df48f68f816","section_id":"sec_065df48f68f816","name":"Jungle Park Tickets","status":1,"cl_rule":"show","enableCl":false,"relations":[{"operator":false,"rules":[{"operator":"AND","rules":{"cl_field":"radio-group_665df45fcbc30b","cl_relation":"is","cl_val":"Siam Park Regular Tickets"}}]}],"toggle":true,"title_tag":"h4","show_title":false,"showPrice":"default","form_id":10144,"form_rules":{"exclude_from_discount":true,"fee_label":"Fee","disp_hide_options_price":true,"disp_show_section_price":false,"disp_show_field_price":true,"layout_option":"standard","pric_use_as_fee":false,"process_fee_as":"woo_fee"},"layout_option":"standard"},"fields":[[{"label":"\ud83d\udcc5 Date","active":true,"required":true,"elementId":"date_365df48f68f836","picker_type":"custom","picker_mode":"single","placeholder":"","description":"","tooltip":"","name":"date_365df48f68f836","label_position":"default","desc_position":"default","enablePrice":false,"className":"","enableCl":false,"relations":[{"operator":"and","rules":[{"operator":"AND","rules":{"cl_field":"radio-group_665df45fcbc30b","cl_relation":"is","cl_val":"3 Hour Trip"}}]}],"date_pic_inline":true,"date_pic_inline_hide":true,"min_date":{"type":"days","val":"0"},"max_date":{"type":"days","val":"365"},"date_pic_conf":{"disabledWeeks":[]},"price":"","cl_rule":"show","col":6,"type":"date","error":false,"enableDesign":false,"LabelColor":"","gt_translate_keys":["label","placeholder","description","tooltip"],"price_dependency":false,"cl_dependency":false,"value":""}],[{"elementId":"separator_765df48f68f845","separatorType":"blank","className":"","height":"10","enableCl":false,"relations":false,"cl_rule":"show","col":6,"type":"separator","gt_translate_keys":[],"price_dependency":false,"cl_dependency":false,"value":""}],[{"active":true,"col":6,"relations":false,"cl_rule":"show","enableCl":false,"price":"","enablePrice":false,"className":"","label_position":"default","desc_position":"default","type":"content","required":false,"elementId":"content_265df48f68f851","label":"People","name":"content_265df48f68f851","contentType":"plain","value":"","error":false,"show_in_checkout":true,"inline":false,"gt_translate_keys":["label","value"],"price_dependency":false,"cl_dependency":false}],[{"active":true,"col":6,"relations":[{"operator":false,"rules":[{"operator":"AND","rules":{"cl_field":"","cl_relation":"","cl_val":""}}]}],"cl_rule":"show","enableCl":true,"price":"35","enablePrice":true,"className":"","label_position":"default","desc_position":"default","type":"radio-group","required":false,"elementId":"radio-group_165df48f68f85d","label":"","name":"radio-group_165df48f68f85d","values":[{"label":"\ud83d\udc64 Adult (35\u20ac)","value":"Adult","selected":true,"tempId":"aco_32","tooltip":"+11 Years","description":"","gt_translate_keys":["label","tooltip","description"]}],"layOut":"","error":false,"checkUi":"button","priceOptions":"fixed_for_all","pricingType":"fixed","enable_quantity":true,"quantity_label":"","min_quantity":"0","options_tooltip":true,"options_description":true,"gt_translate_keys":["label","quantity_label"],"price_dependency":false,"cl_dependency":false,"value":""}],[{"label":"","active":true,"required":false,"elementId":"radio-group_265df48f68f868","name":"radio-group_265df48f68f868","label_position":"default","desc_position":"default","enablePrice":true,"className":"","enableCl":false,"relations":false,"enable_quantity":true,"quantity_label":"","min_quantity":"0","checkUi":"button","layOut":"","values":[{"label":"\ud83d\udc66 Child (29\u20ac)","value":"Child","selected":true,"tempId":"aco_32","tooltip":"5-10 Years","description":"","gt_translate_keys":["label","tooltip","description"]}],"priceOptions":"fixed_for_all","pricingType":"fixed","price":"29","cl_rule":"show","col":6,"type":"radio-group","error":false,"options_tooltip":true,"options_description":true,"gt_translate_keys":["label","quantity_label"],"price_dependency":false,"cl_dependency":false,"value":""}],[{"label":"","active":true,"required":false,"elementId":"radio-group_1065df48f68f873","name":"radio-group_1065df48f68f873","label_position":"default","desc_position":"default","enablePrice":true,"className":"","enableCl":false,"relations":false,"enable_quantity":true,"quantity_label":"","min_quantity":"0","checkUi":"button","layOut":"","values":[{"label":"\ud83d\udc76 Toddler (16\u20ac)","value":"Toddler","selected":true,"tempId":"aco_32","tooltip":"3-4 Years","gt_translate_keys":["label","tooltip"]}],"priceOptions":"fixed_for_all","pricingType":"fixed","price":"16","cl_rule":"show","col":6,"type":"radio-group","error":false,"options_tooltip":true,"gt_translate_keys":["label","quantity_label"],"price_dependency":false,"cl_dependency":false,"value":""}]]}},"config":{"price_override":"always","enable_recaptcha":false,"bind_quantity":false,"quantity_bind_formula":false,"disp_summ_show_option_price":true,"disp_summ_show_product_price":false,"disp_summ_show_total_price":true,"disp_summ_show_fee":true,"disp_summ_show_discount":true,"summary_title":"","options_total_label":"Options Price","total_label":"Total Amount","options_product_label":"Product Price","fee_label":"Fee","discount_label":"Discount","has_price":true,"has_quantity_formula":false},"mc_unit":1,"tax_rate":1,"tax_rate_real":1,"discount":{"percentage":0,"fixed":0},"design":{"conf":{"LabelPosition":"above","DescPosition":"above","UploadField":"custom_1","QuantityFieldStyle":"custom_1"},"css":{"LeftLabelWidth":"120px"}},"formulas":[],"lookuptables":[],"clones":false,"cartKey":false}},"_links":{"self":[{"href":"https:\/\/canaryvip.com\/et\/wp-json\/wp\/v2\/product\/9493","targetHints":{"allow":["GET"]}}],"collection":[{"href":"https:\/\/canaryvip.com\/et\/wp-json\/wp\/v2\/product"}],"about":[{"href":"https:\/\/canaryvip.com\/et\/wp-json\/wp\/v2\/types\/product"}],"replies":[{"embeddable":true,"href":"https:\/\/canaryvip.com\/et\/wp-json\/wp\/v2\/comments?post=9493"}],"wp:featuredmedia":[{"embeddable":true,"href":"https:\/\/canaryvip.com\/et\/wp-json\/wp\/v2\/media\/9501"}],"wp:attachment":[{"href":"https:\/\/canaryvip.com\/et\/wp-json\/wp\/v2\/media?parent=9493"}],"wp:term":[{"taxonomy":"product_brand","embeddable":true,"href":"https:\/\/canaryvip.com\/et\/wp-json\/wp\/v2\/product_brand?post=9493"},{"taxonomy":"product_cat","embeddable":true,"href":"https:\/\/canaryvip.com\/et\/wp-json\/wp\/v2\/product_cat?post=9493"},{"taxonomy":"product_tag","embeddable":true,"href":"https:\/\/canaryvip.com\/et\/wp-json\/wp\/v2\/product_tag?post=9493"}],"curies":[{"name":"wp","href":"https:\/\/api.w.org\/{rel}","templated":true}]}}