{"id":9488,"date":"2024-02-05T21:54:37","date_gmt":"2024-02-05T21:54:37","guid":{"rendered":"https:\/\/canaryvip.com\/?post_type=product&#038;p=9488"},"modified":"2025-08-09T13:00:03","modified_gmt":"2025-08-09T12:00:03","slug":"aqualand-tickets","status":"publish","type":"product","link":"https:\/\/canaryvip.com\/et\/shop\/aqualand-tickets\/","title":{"rendered":"Osta Aqualandi pileteid"},"content":{"rendered":"<h2>\ud83c\udf0a <strong>Aqualand Costa Adeje: AdeAdee: Sukelduge l\u00f5busse ja seiklusesse!<\/strong><\/h2>\n<ul>\n<li><strong>Avatud iga p\u00e4ev:<\/strong> Pritsid ja m\u00e4ngid kell 10-17, tagades p\u00e4eva t\u00e4is l\u00f5bu ja p\u00f5nevust.<\/li>\n<li><strong>Mugav asukoht:<\/strong> Aqualand asub elavas Costa Adeje piirkonnas ja lubab k\u00f5igile kergesti ligip\u00e4\u00e4setavat p\u00e4evakest.<\/li>\n<li><strong>Piletite paindlikkus:<\/strong> Teie seiklus ootab teid, sest piletid kehtivad 90 p\u00e4eva alates ostmisest, mis annab teile vabaduse valida oma k\u00fclastuseks ideaalne p\u00e4ev.<\/li>\n<\/ul>\n<p>\ud83d\udccd <strong>Prime Spot:<\/strong> Aqualand asub Costa Adeje kuurordipiirkonnas, mis on veepargi harrastajate jaoks peamine sihtkoht.<br \/>\nSuunad, vaevata <a href=\"https:\/\/maps.app.goo.gl\/A5TcFcUtHUGD1ykJ7\" target=\"_blank\" rel=\"noopener\">leida Aqualand Google Mapsis<\/a> ja planeerige oma pritsmep\u00e4ev ette.<\/p>\n<p>\ud83c\udf92 <strong>Valmistuge seikluseks:<\/strong> \u00c4rge unustage p\u00e4ikesekaitsekreemi, ujumisriideid ja r\u00e4tikut, et veeta p\u00e4ev p\u00e4ikese k\u00e4es. Teie asjade turvaliseks hoidmiseks on saadaval riietusruumid.<\/p>\n<p>\ud83d\udca7 <strong>H\u00fcdratsioonijaam:<\/strong> V\u00f5ta kaasa vesi, et p\u00e4ikese k\u00e4es vedelikku hoida, ning pargis on saadaval ka toiduaineid ja jooke.<\/p>\n<p>\ud83c\udfab <strong>\u00d5mblusteta sisenemine:<\/strong> CanaryVIP piletite abil saate v\u00e4ltida kohapealse piletiostu j\u00e4rjekordi ja nautida kiiremat juurdep\u00e4\u00e4su. Eelnevalt ostetud piletid t\u00e4hendavad, et alustate oma Aqualandi seiklust h\u00f5lpsasti.<\/p>\n<p>\ud83d\ude8c <strong>Tasuta Aqualand Shuttle:<\/strong> Kasutage Aqualandi eksklusiivset tasuta bussiteenust, mis v\u00f5imaldab h\u00f5lpsat transporti L\u00f5una-Tenerife eri punktidest.<\/p>\n<p>\ud83c\udf1f <strong>Eksklusiivsed CanaryVIP soodustused:<\/strong> Nautige erisoodustusi ja soodustusi, kui broneerite oma Aqualandi piletid meie juures! Nii t\u00e4iskasvanud kui ka lapsed v\u00f5ivad oodata v\u00f5rratut l\u00f5busa p\u00e4eva konkurentsiv\u00f5imeliste hindadega.<\/p>\n<ul>\n<li><strong>Kohesed allahindlused:<\/strong> Kindlustage oma piletid CanaryVIP kaudu ja nautige kohest kokkuhoidu.<\/li>\n<li><strong>Prioriteetne juurdep\u00e4\u00e4s:<\/strong> J\u00e4ta j\u00e4rjekorrad vahele ja sukeldu otse tegevusse.<\/li>\n<li><strong>V\u00e4\u00e4rtuslikud pakkumised:<\/strong> Hoidke silm peal meie kombineeritud pakkumisi koos <a href=\"https:\/\/canaryvip.com\/et\/shop\/aqualand-jungle-park-2park\/\">Aqualand ja d\u017eunglipark<\/a>, maksimeerides teie l\u00f5busust ja s\u00e4\u00e4stes samal ajal raha.<\/li>\n<li><strong>Paindlik t\u00fchistamine:<\/strong> Plaanid muutunud? T\u00fchistage kuni 72 tundi enne k\u00fclastust, et saada t\u00e4ielik h\u00fcvitis.<\/li>\n<\/ul>\n<p>\ud83d\udc2c <strong>Vaja on n\u00e4ha delfiinide show'd:<\/strong> \u00c4ra j\u00e4ta vahele lummavaid delfiinide etendusi kell 15:30 iga p\u00e4ev, mis on tasuta koos pargip\u00e4\u00e4suga.<\/p>\n<p>\ud83d\udc6a <strong>Peres\u00f5bralik l\u00f5bu:<\/strong> Aqualand pakub t\u00e4iuslikku segu p\u00f5nevatest slaididest adrenaliiniotsijatele ja \u00f5rnadest m\u00e4ngualadest v\u00e4ikestele, tagades meeldej\u00e4\u00e4va p\u00e4eva kogu perele.<\/p>\n<h2>\ud83d\ude8c Eksklusiivne Aqualand Shuttle Service<\/h2>\n<p><strong>\u00d5mblusteta Shuttle-kogemus:<\/strong> Suurendage oma Aqualandi k\u00fclastust meie tasuta bussiteenusega, mis pakub stressivaba s\u00f5itu parki. Nautige meie tasuta bussiteenuse lihtsusest, mis \u00fchendab Los Cristianose, Playa De las Am\u00e9ricase ja Costa Adeje sujuvalt, et veeta \u00fcks vaevata nauditav p\u00e4ev.<\/p>\n<p><span style=\"text-decoration: underline;\"><strong>Tasuta bussiliinide s\u00f5iduplaan:<\/strong><\/span><\/p>\n<ul>\n<li><strong>Marsruudid:<\/strong> Los Cristianos - Playa De las Am\u00e9ricas - Costa Adeje<\/li>\n<li><strong>Bussipeatused ja -ajad:<\/strong>\n<ul>\n<li>Pasarela kaubanduskeskus: 9:30 | 10:30 | 11:30<\/li>\n<li>Hotel Sol Arona Tenerife: 9:35 | 10:35 | 11:35<\/li>\n<li>Hotel Best Tenerife: 9:40 | 10:40 | 11:40<\/li>\n<li>Bar Leonardo's: 9:45 | 10:45 | 11:45<\/li>\n<li>Llanos de Troya t\u00e4nav: 9:50 | 10:50 | 11:50<\/li>\n<li>H. Labranda Suites Costa Adeje: 10:05 | 11:05 | 12:05<\/li>\n<li>The Duke Shops kaubanduskeskus: 10:05 | 11:05 | 12:05<\/li>\n<li>Hotell Sunwing Fa\u00f1ab\u00e9: 10:10 | 11:10 | 12:10<\/li>\n<\/ul>\n<\/li>\n<\/ul>\n<p><strong>Tagasisaatmisajad:<\/strong> 16.30 ja 17.15.<\/p>\n<p>Palun pange t\u00e4hele, et kohti on igal bussiliinil piiratud arv ja need t\u00e4idetakse saabumisj\u00e4rjekorras ilma eelneva broneerimiseta. Tagage oma Aqualandi seikluse muretu algus ja l\u00f5pp, kui j\u00f5uate varakult m\u00e4\u00e4ratud pealev\u00f5tmiskohta.<\/p>\n<h3>\ud83d\udd25 <strong>\u00c4ra j\u00e4ta vahele: CanaryVIP.com eksklusiivsed pakkumised.<\/strong><\/h3>\n<p>Kas olete valmis p\u00f5nevaks p\u00e4evaks Aqualand Costa Adejes?<\/p>\n<p>Broneeri koos <strong>CanaryVIP<\/strong> parimaid hindu ja muretut kogemust, eripakkumisi ja s\u00f5bralikku t\u00fchistamispoliitikat. Tehke paiskumine ja looge unustamatuid m\u00e4lestusi!<\/p>","protected":false},"excerpt":{"rendered":"<p><strong>\ud83d\udd0d Aqualandi sissep\u00e4\u00e4supassid:<\/strong><br \/>\n\u2705 Turvaline makse.<br \/>\n\ud83d\ude80 Kiirsissetulek passiomanikele.<br \/>\n\ud83c\udf0a Juurdep\u00e4\u00e4s k\u00f5igile p\u00f5nevatele s\u00f5itudele.<br \/>\n\ud83d\udc2c Kaasa arvatud delfiinin\u00e4itus.<br \/>\n\ud83d\udd59 Avatud kell 10:00-17:00.<br \/>\n\ud83e\udd11 Parim hind garanteeritud.<br \/>\n\ud83d\ude8d Tasuta bussiliin.<br \/>\n\ud83d\udc6a Grupibroneeringute allahindlused.<br \/>\n\ud83d\udd01 Kuni 72h t\u00fchistamine.<br \/>\n\ud83c\udf0d Toetus mitmes keeles.<br \/>\n\ud83c\udf1f Broneeri kohe ja s\u00e4\u00e4sta!<br \/>\n\ud83d\udccd Leia <a href=\"https:\/\/maps.app.goo.gl\/A5TcFcUtHUGD1ykJ7\">Aqualand kaartidel<\/a>.<\/p>","protected":false},"featured_media":9492,"comment_status":"open","ping_status":"closed","template":"","meta":{"_acf_changed":false},"product_brand":[],"product_cat":[54],"product_tag":[],"class_list":{"0":"post-9488","1":"product","2":"type-product","3":"status-publish","4":"has-post-thumbnail","6":"product_cat-theme-parks","7":"wcpa_has_options","9":"first","10":"instock","11":"virtual","12":"purchasable","13":"product-type-simple"},"acf":[],"wcpa_form_fields":{"wcpaData":{"product":{"product_price":36,"price_html":"From&nbsp;<span class=\"woocommerce-Price-amount amount\"><bdi>36,00&nbsp;<span class=\"woocommerce-Price-currencySymbol\">&euro;<\/span><\/bdi><\/span>","original_product_price":36,"price_including_tax":36,"price_excluding_tax":36,"product_id":{"parent":9488,"variation":false},"is_variable":false,"stock_status":"instock","stock_quantity":null,"parent_sku":"CV9488","product_attributes":[],"custom_fields":[],"is_taxable":false,"product_name":"Buy Aqualand Tickets","hasImage":false},"fields":{"sec_665df45fcbc30e":{"extra":{"key":"sec_665df45fcbc30e","section_id":"sec_665df45fcbc30e","name":"Aqualand Tickets","status":1,"cl_rule":"show","enableCl":false,"relations":[{"operator":false,"rules":[{"operator":"AND","rules":{"cl_field":"radio-group_665df45fcbc30b","cl_relation":"is","cl_val":"Siam Park Regular Tickets"}}]}],"toggle":true,"title_tag":"h4","show_title":false,"showPrice":"default","form_id":10143,"form_rules":{"exclude_from_discount":true,"fee_label":"Fee","disp_hide_options_price":true,"disp_show_section_price":false,"disp_show_field_price":true,"layout_option":"standard","pric_use_as_fee":false,"process_fee_as":"woo_fee"},"layout_option":"standard"},"fields":[[{"label":"\ud83d\udcc5 Date","active":true,"required":true,"elementId":"date_365df45fcbc347","picker_type":"custom","picker_mode":"single","placeholder":"","description":"","tooltip":"","name":"date_365df45fcbc347","label_position":"default","desc_position":"default","enablePrice":false,"className":"","enableCl":false,"relations":[{"operator":"and","rules":[{"operator":"AND","rules":{"cl_field":"radio-group_665df45fcbc30b","cl_relation":"is","cl_val":"3 Hour Trip"}}]}],"date_pic_inline":true,"date_pic_inline_hide":true,"min_date":{"type":"days","val":"0"},"max_date":{"type":"days","val":"365"},"date_pic_conf":{"disabledWeeks":[]},"price":"","cl_rule":"show","col":6,"type":"date","error":false,"enableDesign":false,"LabelColor":"","gt_translate_keys":["label","placeholder","description","tooltip"],"price_dependency":false,"cl_dependency":false,"value":""}],[{"elementId":"separator_865df45fcbc360","separatorType":"blank","className":"","height":"10","enableCl":false,"relations":false,"cl_rule":"show","col":6,"type":"separator","gt_translate_keys":[],"price_dependency":false,"cl_dependency":false,"value":""}],[{"active":true,"col":6,"relations":false,"cl_rule":"show","enableCl":false,"price":"","enablePrice":false,"className":"","label_position":"default","desc_position":"default","type":"content","required":false,"elementId":"content_265df45fcbc377","label":"People","name":"content_265df45fcbc377","contentType":"plain","value":"","error":false,"show_in_checkout":true,"inline":false,"gt_translate_keys":["label","value"],"price_dependency":false,"cl_dependency":false}],[{"active":true,"col":6,"relations":[{"operator":false,"rules":[{"operator":"AND","rules":{"cl_field":"","cl_relation":"","cl_val":""}}]}],"cl_rule":"show","enableCl":false,"price":"36","enablePrice":true,"className":"","label_position":"default","desc_position":"default","type":"radio-group","required":false,"elementId":"radio-group_365df45fcbc390","label":"","name":"radio-group_365df45fcbc390","values":[{"label":"\ud83d\udc64 Adult (36\u20ac)","value":"Adult","selected":true,"tempId":"aco_32","tooltip":"+11 Years","description":"","gt_translate_keys":["label","tooltip","description"]}],"layOut":"","error":false,"checkUi":"button","priceOptions":"fixed_for_all","pricingType":"fixed","enable_quantity":true,"quantity_label":"","min_quantity":"0","options_tooltip":true,"options_description":true,"isWeightTemplate":false,"isTemplate":false,"quantity_decimal":false,"quantity_step":"1","repeater_field_label":"{field_label}","repeater_bind":"","gt_translate_keys":["label","repeater_field_label","quantity_label"],"price_dependency":false,"cl_dependency":false,"value":""}],[{"label":"","active":true,"required":false,"elementId":"radio-group_565df45fcbc3a8","name":"radio-group_565df45fcbc3a8","label_position":"default","desc_position":"default","enablePrice":true,"className":"","enableCl":false,"relations":false,"enable_quantity":true,"quantity_label":"","min_quantity":"0","checkUi":"button","layOut":"","values":[{"label":"\ud83d\udc66 Child (29\u20ac)","value":"Child","selected":true,"tempId":"aco_32","tooltip":"5-10 Years","description":"","gt_translate_keys":["label","tooltip","description"]}],"priceOptions":"fixed_for_all","pricingType":"fixed","price":"29","cl_rule":"show","col":6,"type":"radio-group","error":false,"options_tooltip":true,"options_description":true,"isWeightTemplate":false,"isTemplate":false,"quantity_decimal":false,"quantity_step":"1","repeater_field_label":"{field_label}","repeater_bind":"","gt_translate_keys":["label","repeater_field_label","quantity_label"],"price_dependency":false,"cl_dependency":false,"value":""}],[{"label":"","active":true,"required":false,"elementId":"radio-group_865df45fcbc3bf","name":"radio-group_865df45fcbc3bf","label_position":"default","desc_position":"default","enablePrice":true,"className":"","enableCl":false,"relations":false,"enable_quantity":true,"quantity_label":"","min_quantity":"0","checkUi":"button","layOut":"","values":[{"label":"\ud83d\udc76 Toddler (16\u20ac)","value":"Toddler","selected":true,"tempId":"aco_32","tooltip":"3-4 Years","gt_translate_keys":["label","tooltip"]}],"priceOptions":"fixed_for_all","pricingType":"fixed","price":"16","cl_rule":"show","col":6,"type":"radio-group","error":false,"options_tooltip":true,"isWeightTemplate":false,"isTemplate":false,"quantity_decimal":false,"quantity_step":"1","repeater_field_label":"{field_label}","repeater_bind":"","gt_translate_keys":["label","repeater_field_label","quantity_label"],"price_dependency":false,"cl_dependency":false,"value":""}]]}},"config":{"price_override":"always","enable_recaptcha":false,"bind_quantity":false,"quantity_bind_formula":false,"disp_summ_show_option_price":true,"disp_summ_show_product_price":false,"disp_summ_show_total_price":true,"disp_summ_show_fee":true,"disp_summ_show_discount":true,"summary_title":"","options_total_label":"Options Price","total_label":"Total Amount","options_product_label":"Product Price","fee_label":"Fee","discount_label":"Discount","has_price":true,"has_quantity_formula":false},"mc_unit":1,"tax_rate":1,"tax_rate_real":1,"discount":{"percentage":0,"fixed":0},"design":{"conf":{"LabelPosition":"above","DescPosition":"above","UploadField":"custom_1","QuantityFieldStyle":"custom_1"},"css":{"LeftLabelWidth":"120px"}},"formulas":[],"lookuptables":[],"clones":false,"cartKey":false}},"_links":{"self":[{"href":"https:\/\/canaryvip.com\/et\/wp-json\/wp\/v2\/product\/9488","targetHints":{"allow":["GET"]}}],"collection":[{"href":"https:\/\/canaryvip.com\/et\/wp-json\/wp\/v2\/product"}],"about":[{"href":"https:\/\/canaryvip.com\/et\/wp-json\/wp\/v2\/types\/product"}],"replies":[{"embeddable":true,"href":"https:\/\/canaryvip.com\/et\/wp-json\/wp\/v2\/comments?post=9488"}],"wp:featuredmedia":[{"embeddable":true,"href":"https:\/\/canaryvip.com\/et\/wp-json\/wp\/v2\/media\/9492"}],"wp:attachment":[{"href":"https:\/\/canaryvip.com\/et\/wp-json\/wp\/v2\/media?parent=9488"}],"wp:term":[{"taxonomy":"product_brand","embeddable":true,"href":"https:\/\/canaryvip.com\/et\/wp-json\/wp\/v2\/product_brand?post=9488"},{"taxonomy":"product_cat","embeddable":true,"href":"https:\/\/canaryvip.com\/et\/wp-json\/wp\/v2\/product_cat?post=9488"},{"taxonomy":"product_tag","embeddable":true,"href":"https:\/\/canaryvip.com\/et\/wp-json\/wp\/v2\/product_tag?post=9488"}],"curies":[{"name":"wp","href":"https:\/\/api.w.org\/{rel}","templated":true}]}}