{"id":9435,"date":"2024-02-05T14:39:59","date_gmt":"2024-02-05T14:39:59","guid":{"rendered":"https:\/\/canaryvip.com\/?post_type=product&#038;p=9435"},"modified":"2025-08-09T13:00:56","modified_gmt":"2025-08-09T12:00:56","slug":"tenerife-north-guided-bus-tour","status":"publish","type":"product","link":"https:\/\/canaryvip.com\/et\/shop\/tenerife-north-guided-bus-tour\/","title":{"rendered":"P\u00f5hja-Tenerife giidiga bussiekskursioon"},"content":{"rendered":"<h2>\ud83d\ude8c <strong>Bussituur Tenerife p\u00f5hjaosas: Santa Cruz + Taganana + La Laguna<\/strong><\/h2>\n<p>Alustage kaasahaaravale reisile koos <strong>CanaryVIP<\/strong> uurida Tenerife p\u00f5hjapoolseid aardeid. Kogu p\u00e4eva kestev giidiga bussiekskursioon viib teid eluj\u00f5ulisest pealinnast Santa Cruzist Taganana v\u00f5luvasse k\u00fclla ja UNESCO maailmap\u00e4randi hulka kuuluvasse La Lagunasse. Sukelduge Tenerife kultuuri, ajaloo ja hingematvate maastike s\u00fcdamesse.<\/p>\n<h3><strong>Tuuri tipphetked: Tenerife aarete gobel\u00e4\u00e4ni<\/strong><\/h3>\n<ul>\n<li>\ud83c\udfd9\ufe0f <a href=\"https:\/\/www.google.com\/maps\/place\/Santa+Cruz+de+Tenerife\/@28.4670039,-16.2853105,13z\/data=!4m6!3m5!1s0xc41cceccc254171:0x43111473d277e52e!8m2!3d28.4636296!4d-16.2518467!16zL20vMDFyc2pz?entry=ttu\" target=\"_blank\" rel=\"noopener\"><strong>Santa Cruz<\/strong><\/a>: Alustage oma P\u00f5hja-Tenerife seiklust, sukeldudes pealinna ajaloolisse vanalinna, sukeldudes selle v\u00f5luvatele t\u00e4navatele ja avastades rikkalikku kultuurip\u00e4randit, mida see vilgas linn pakub.<\/li>\n<li>\ud83c\udf0a <strong><a href=\"https:\/\/www.google.com\/maps\/place\/Playa+de+Las+Teresitas+(Santa+Cruz+de+Tenerife)\/@28.5080068,-16.1869497,17z\/data=!3m1!4b1!4m6!3m5!1s0xc41ca38d1d9c17f:0x5694f9ae1bd14e6b!8m2!3d28.5097119!4d-16.1847441!16s%2Fm%2F0c416zk?entry=ttu\" target=\"_blank\" rel=\"noopener\">Playa de las Teresitas<\/a>:<\/strong> S\u00f5itke m\u00f6\u00f6da Las Teresitas'e kuldset liiva (peatust ei ole), j\u00e4\u00e4dvustades pilguheitu \u00fchele saare kaunimale rannale.<\/li>\n<li>\ud83c\udf7d\ufe0f <strong><a href=\"https:\/\/www.google.com\/maps\/place\/Taganana,+Santa+Cruz+de+Tenerife\/@28.5555629,-16.2355488,14z\/data=!3m1!4b1!4m6!3m5!1s0xc41c91b2021132f:0xbc8e645ff453ea87!8m2!3d28.5605853!4d-16.2181647!16s%2Fg%2F121pw4ll?entry=ttu\" target=\"_blank\" rel=\"noopener\">Taganana k\u00fcla<\/a>:<\/strong> Nautige kohalikku k\u00f6\u00f6ki selles omap\u00e4rases Kanaari k\u00fclas, kus traditsioonid ja vaim on j\u00e4\u00e4nud puutumata. (Toit ei ole hinna sees)<\/li>\n<li>\ud83c\udf32 <strong><a href=\"https:\/\/www.google.com\/maps\/place\/Monte+de+las+Mercedes\/@28.5383325,-16.3344664,15z\/data=!3m1!4b1!4m6!3m5!1s0xc41ce3f4722ad77:0x4e14fd9dc5ce9ff!8m2!3d28.5383333!4d-16.3241667!16s%2Fg%2F11cn5qs82s?entry=ttu\" target=\"_blank\" rel=\"noopener\">Monte de las Mercedes<\/a>:<\/strong> R\u00e4nnak l\u00e4bi suurejooneliste maastike, kus looduse ilu avaneb Tenerife s\u00fcdames.<\/li>\n<li>\ud83c\udfdb\ufe0f <strong><a href=\"https:\/\/www.google.com\/maps\/place\/La+Laguna,+Santa+Cruz+de+Tenerife\/@28.4697954,-16.3289548,14z\/data=!3m1!4b1!4m6!3m5!1s0xc41cdeccdcfeaf5:0x54a9fe4642667870!8m2!3d28.4874009!4d-16.3159061!16zL20vMDZ3Znh6?entry=ttu\" target=\"_blank\" rel=\"noopener\">La Laguna<\/a>:<\/strong> L\u00f5petage oma reis ajaloolises ja maalilises \u00fclikoolilinnas, mis on UNESCO maailmap\u00e4randi nimistusse kantud ja tuntud oma ainulaadse ilu poolest.<\/li>\n<\/ul>\n<h3><strong>Teie teekond koos CanaryVIP-ga sisaldab:<\/strong><\/h3>\n<ul>\n<li>\ud83d\ude8c Maaliline ja <strong>mugav bussis\u00f5it,<\/strong>\u00a0, mis tagab meeldiva reisi l\u00e4bi Tenerife p\u00f5hjapoolsete maastike.<\/li>\n<li>\ud83c\udfe8 Mugav <strong>pealev\u00f5tmis- ja mahapanekuteenus<\/strong> teie hotellist, pakkudes probleemideta kogemust.<\/li>\n<li>\ud83d\udde3\ufe0f Insightful <strong>mitmekeelsete reisijuhtide juhised,<\/strong>\u00a0, rikastades teie ekskursiooni p\u00f5nevate lugude ja faktidega.<\/li>\n<li>\ud83d\udd52 An <strong>8-tunnine ekskursioon<\/strong> t\u00e4is rohkeid v\u00f5imalusi Tenerife avastamiseks, s\u00f6\u00f6miseks ja selle olemuse j\u00e4\u00e4dvustamiseks.<\/li>\n<li>\ud83d\udcf8 <strong>Pildi perfektsed hetked<\/strong> igal sammul, tagades, et v\u00f5tate koju m\u00e4lestusi, mis j\u00e4\u00e4vad koju kogu eluks.<\/li>\n<li>\ud83d\udcb0 CanaryVIP lubadus, et <strong>parim hind,<\/strong>\u00a0koos paindliku t\u00fchistamispoliitikaga, mis tagab teie meelerahu.<\/li>\n<\/ul>\n<h3><strong>Olulised andmed tuuri kohta:<\/strong><\/h3>\n<ul>\n<li>\ud83c\udf9f\ufe0f Hoidke oma CanaryVIP-piletit k\u00e4ep\u00e4rast, kas digitaalselt v\u00f5i tr\u00fckitud kujul, et reisikogemus oleks sujuv.<\/li>\n<li>\ud83e\udde5 Riietuge kihiliselt; Tenerife mitmekesine maastik t\u00e4hendab muutuvaid ilmastikutingimusi.<\/li>\n<li>\ud83c\udf7d\ufe0f Nautige l\u00f5unapausi Tagananas, kus saate vabalt valida kohalike s\u00f6\u00f6gikohtade vahel. (L\u00f5unas\u00f6\u00f6k ei ole hinna sees)<\/li>\n<li>\ud83d\udccc Konkreetsed vastuv\u00f5tuajad, mis on kohandatud vastavalt teie hotelli v\u00f5i vastuv\u00f5tu asukohale, kinnitatakse p\u00e4rast broneerimist. Veenduge, et teie majutusandmed on t\u00e4psed, et reisikorraldus oleks sujuv.<\/li>\n<\/ul>\n<h3><strong>T\u00fchistamispoliitika:<\/strong><\/h3>\n<ul>\n<li>\ud83d\udd04 <strong>Paindlik individuaalne t\u00fchistamine:<\/strong> M\u00f5ista elu ettearvamatust meie lihtsa t\u00fchistamispoliitikaga. T\u00fchistage kuni 24 tundi enne ekskursiooni, et saada t\u00e4ielik tagasimakse, mis annab teile vabaduse oma plaane h\u00f5lpsasti muuta.<\/li>\n<li>\ud83d\udd52 <strong>Grupi t\u00fchistamise paindlikkus:<\/strong> Reisite grupiga? Me oleme teid katnud. 5-7-liikmeliste r\u00fchmade puhul saate tasuta t\u00fchistada reisi kuni 48 tundi enne ekskursiooni toimumist. 8-14-liikmelised r\u00fchmad peavad t\u00e4ieliku tagasimakse saamiseks t\u00fchistama reisi v\u00e4hemalt 4 p\u00e4eva enne seda ning 15-liikmelised v\u00f5i suuremad r\u00fchmad peaksid t\u00fchistamistasude v\u00e4ltimiseks teatama sellest 6 p\u00e4eva enne reisi toimumist. Need tingimused on m\u00f5eldud suuremate gruppide jaoks, et muuta reiside planeerimine k\u00f5igile asjaosalistele sujuvamaks.<\/li>\n<li>\ud83d\udca1 <strong>Lihtne t\u00fchistamisprotsess:<\/strong> Olenemata sellest, kas t\u00fchistate individuaalselt v\u00f5i grupina, on protsess lihtne. V\u00f5tke meiega \u00fchendust meie veebisaidi, e-posti v\u00f5i telefoni teel. Me tegeleme teie tagasimaksega kiiresti, tagades probleemideta kogemuse.<\/li>\n<li>\ud83d\udd0d <strong>Kontrollige oma broneeringut:<\/strong> Soovitame vaadata oma broneeringu \u00fcksikasjad \u00fcle enne seda. See ennetav samm tagab, et k\u00f5ik muudatused v\u00f5i t\u00fchistamised saab teha etten\u00e4htud aja jooksul, v\u00e4ltides seega tarbetuid tasusid.<\/li>\n<\/ul>\n<h4><strong>Abi ja vastutus reisil:<\/strong><\/h4>\n<ul>\n<li>\u2714\ufe0f CanaryVIP on p\u00fchendunud meeldej\u00e4\u00e4va ja sujuva reisikogemuse pakkumisele, alates broneerimisest kuni ekskursioonini.<\/li>\n<li>\ud83d\udde3\ufe0f <strong>Otsekommunikatsioon:<\/strong> Kas teil on ekskursiooni ajal k\u00fcsimusi v\u00f5i vajadusi? Meie giidid on teile igal sammul abiks.<\/li>\n<li>\ud83d\udcb0 <strong>Selge tagasimaksepoliitika:<\/strong> Kui peaks tekkima probleeme, oleme p\u00fchendunud nende lahendamisele vastavalt meie kliendikesksele poliitikale.<\/li>\n<\/ul>\n<h4><strong>\ud83c\udfd9\ufe0f \ud83c\udf7d\ufe0f \ud83c\udfdb\ufe0f Broneeri oma p\u00f5hjapoolne seiklus kohe!<\/strong><\/h4>\n<p>\u00c4rge laske sellel ainulaadsel v\u00f5imalusel Tenerife p\u00f5hjapoolsete p\u00e4rlite avastamiseks m\u00f6\u00f6da minna. Broneerige oma koht Tenerife p\u00f5hjaosas <a href=\"https:\/\/canaryvip.com\/et\/tenerife\/guided-tours\/bus-tours\/?swcfpc=1\">Giidiga bussituur<\/a> koos CanaryVIP-ga juba t\u00e4na ja valmistuge unustamatuks kultuuri, ajaloo ja looduse ilu avastamiseks. Teie seiklus l\u00e4bi Santa Cruzi, Taganana ja La Laguna ootab!<\/p>","protected":false},"excerpt":{"rendered":"<p><strong>\ud83d\udd0d Tenerife p\u00f5hjatuur:<\/strong><br \/>\n\u2705 Turvaline makse.<br \/>\n\ud83d\ude80 Nautige giidiga ekskursiooni.<br \/>\n\ud83c\udfe2 Avasta Santa Cruz.<br \/>\n\ud83c\udf33 Avasta Anaga park Tagananas.<br \/>\n\ud83c\udff0 Avasta La Laguna.<br \/>\n\ud83d\udcc5 Esmasp\u00e4eviti ja neljap\u00e4eviti.<br \/>\n\ud83d\udd59 8h Seiklus.<br \/>\n\u23f0 Algab umbes kell 8:00.<br \/>\n\ud83e\udd11 Parim hind garanteeritud.<br \/>\n\ud83d\ude8d Hotel Pickup &amp; Drop-off.<br \/>\n\ud83d\udc6a Grupibroneeringute allahindlused.<br \/>\n\ud83d\udd01 Tasuta t\u00fchistamine kuni 24h.<br \/>\n\ud83c\udf0d Juhend teie keeles.<br \/>\n\ud83c\udf1f Broneeri kohe ja s\u00e4\u00e4sta!<\/p>","protected":false},"featured_media":9439,"comment_status":"open","ping_status":"closed","template":"","meta":{"_acf_changed":false},"product_brand":[],"product_cat":[68,52],"product_tag":[],"class_list":{"0":"post-9435","1":"product","2":"type-product","3":"status-publish","4":"has-post-thumbnail","6":"product_cat-guided-tours","7":"product_cat-bus-tours","8":"wcpa_has_options","10":"first","11":"instock","12":"virtual","13":"purchasable","14":"product-type-simple"},"acf":[],"wcpa_form_fields":{"wcpaData":{"product":{"product_price":46,"price_html":"From&nbsp;<span class=\"woocommerce-Price-amount amount\"><bdi>46,00&nbsp;<span class=\"woocommerce-Price-currencySymbol\">&euro;<\/span><\/bdi><\/span>","original_product_price":46,"price_including_tax":46,"price_excluding_tax":46,"product_id":{"parent":9435,"variation":false},"is_variable":false,"stock_status":"instock","stock_quantity":null,"parent_sku":"CV9435","product_attributes":[],"custom_fields":[],"is_taxable":false,"product_name":"North Tenerife Guided Bus Tour","hasImage":false},"fields":{"sec_hf2n2q14254":{"extra":{"key":"sec_hf2n2q14254","section_id":"sec_hf2n2q14254","name":"\ud83d\ude8c Pick-up Location","status":1,"cl_rule":"show","enableCl":false,"relations":[],"toggle":true,"title_tag":"h4","show_title":false,"showPrice":"default","form_id":10215,"form_rules":{"exclude_from_discount":true,"fee_label":"Fee","disp_hide_options_price":true,"disp_show_section_price":false,"disp_show_field_price":true,"layout_option":"standard","pric_use_as_fee":false,"process_fee_as":"woo_fee"},"layout_option":"standard"},"fields":[[{"active":true,"col":6,"relations":false,"cl_rule":"show","enableCl":false,"price":"","enablePrice":false,"className":"","label_position":"default","desc_position":"default","type":"radio-group","required":false,"elementId":"radio_9884051252","label":"\ud83d\ude8c Pick-up Location","name":"radio_9884051252","values":[{"label":"Pickup from South Tenerife (48\u20ac)","value":"Pickup from South Tenerife","selected":false,"tempId":"aco_343","description":"Available Mondays and Thursdays.","gt_translate_keys":["label","description"]},{"label":"Pickup from Puerto de la Cruz (48\u20ac)","value":"Pickup from North Tenerife","selected":false,"tempId":"aco_344","description":"Available Daily.","gt_translate_keys":["label","description"]}],"layOut":"","error":false,"checkUi":"toggle","description":"\u00bfAre you staying in South Tenerife or Puerto de la Cruz?","options_description":true,"isWeightTemplate":false,"isTemplate":false,"min_quantity":"1","quantity_decimal":false,"quantity_step":"1","quantity_label":"Quantity","repeater_field_label":"{field_label}","repeater_bind":"","gt_translate_keys":["label","description","repeater_field_label","quantity_label"],"price_dependency":false,"cl_dependency":[false,false],"value":""}]]},"sec_265e4c5e6ca654":{"extra":{"key":"sec_265e4c5e6ca654","section_id":"sec_265e4c5e6ca654","name":"South Tenerife","status":1,"cl_rule":"show","enableCl":true,"relations":[{"operator":false,"rules":[{"operator":"AND","rules":{"cl_field":"radio_9884051252","cl_relation":"is","cl_val":"Pickup from South Tenerife"}}]}],"toggle":true,"title_tag":"h4","show_title":false,"showPrice":"default","form_id":10215,"form_rules":{"exclude_from_discount":true,"fee_label":"Fee","disp_hide_options_price":true,"disp_show_section_price":false,"disp_show_field_price":true,"layout_option":"standard","pric_use_as_fee":false,"process_fee_as":"woo_fee"},"layout_option":"standard"},"fields":[[{"label":"\ud83d\udcc5 Date","active":true,"required":true,"elementId":"date_065e4c5e6ca673","picker_type":"custom","picker_mode":"single","placeholder":"","description":"","tooltip":"","name":"date_065e4c5e6ca673","label_position":"default","desc_position":"default","enablePrice":false,"className":"","enableCl":false,"relations":[{"operator":"and","rules":[{"operator":"AND","rules":{"cl_field":"radio-group_665df45fcbc30b","cl_relation":"is","cl_val":"3 Hour Trip"}}]}],"date_pic_inline":true,"date_pic_inline_hide":true,"min_date":{"type":"days","val":"1"},"max_date":{"type":"days","val":"365"},"date_pic_conf":{"disabledWeeks":[0,2,3,5,6]},"price":"","cl_rule":"show","col":6,"type":"date","error":false,"enableDesign":false,"LabelColor":"","isWeightTemplate":false,"isTemplate":false,"min_quantity":"1","quantity_decimal":false,"quantity_step":"1","quantity_label":"Quantity","repeater_field_label":"{field_label}","repeater_bind":"","gt_translate_keys":["label","placeholder","description","tooltip","repeater_field_label","quantity_label"],"price_dependency":false,"cl_dependency":false,"value":""}],[{"elementId":"separator_965e4c5e6ca683","separatorType":"blank","className":"","height":"10","enableCl":false,"relations":false,"cl_rule":"show","col":6,"type":"separator","gt_translate_keys":[],"price_dependency":false,"cl_dependency":false,"value":""}],[{"active":true,"col":6,"relations":false,"cl_rule":"show","enableCl":false,"price":"","enablePrice":false,"className":"","label_position":"default","desc_position":"default","type":"content","required":false,"elementId":"content_165e4c5e6ca690","label":"People","name":"content_165e4c5e6ca690","contentType":"plain","value":"","error":false,"show_in_checkout":true,"inline":false,"gt_translate_keys":["label","value"],"price_dependency":false,"cl_dependency":false}],[{"active":true,"col":6,"relations":[{"operator":false,"rules":[{"operator":"AND","rules":{"cl_field":"","cl_relation":"","cl_val":""}}]}],"cl_rule":"show","enableCl":true,"price":"48","enablePrice":true,"className":"","label_position":"default","desc_position":"default","type":"radio-group","required":false,"elementId":"radio-group_265e4c5e6ca69d","label":"","name":"radio-group_265e4c5e6ca69d","values":[{"label":"\ud83d\udc64 Adult (48\u20ac)","value":"Adult (48\u20ac)","selected":true,"tempId":"aco_32","tooltip":"+12 Years","description":"","gt_translate_keys":["label","tooltip","description"]}],"layOut":"","error":false,"checkUi":"button","priceOptions":"fixed_for_all","pricingType":"fixed","enable_quantity":true,"quantity_label":"","min_quantity":"0","options_tooltip":true,"options_description":true,"gt_translate_keys":["label","quantity_label"],"price_dependency":false,"cl_dependency":false,"value":""}],[{"label":"","active":true,"required":false,"elementId":"radio-group_965e4c5e6ca6a9","name":"radio-group_965e4c5e6ca6a9","label_position":"default","desc_position":"default","enablePrice":true,"className":"","enableCl":false,"relations":false,"enable_quantity":true,"quantity_label":"","min_quantity":"0","checkUi":"button","layOut":"","values":[{"label":"\ud83d\udc66 Child (30\u20ac)","value":"Child (30\u20ac)","selected":true,"tempId":"aco_32","tooltip":"2-11 Years","description":"","gt_translate_keys":["label","tooltip","description"]}],"priceOptions":"fixed_for_all","pricingType":"fixed","price":"30","cl_rule":"show","col":6,"type":"radio-group","error":false,"options_tooltip":true,"options_description":true,"gt_translate_keys":["label","quantity_label"],"price_dependency":false,"cl_dependency":false,"value":""}],[{"active":true,"col":6,"relations":false,"cl_rule":"show","enableCl":false,"price":"","enablePrice":false,"className":"","label_position":"default","desc_position":"default","type":"select","required":false,"elementId":"select_165e4c5e6ca6b3","label":"\ud83c\udf0e Language","name":"select_165e4c5e6ca6b3","values":[{"label":"English (Mon, Thu)","value":"English","selected":false,"tempId":"aco_596","gt_translate_keys":["label"]},{"label":"Spanish (Mon, Thu)","value":"Spanish","selected":false,"tempId":"aco_597","gt_translate_keys":["label"]},{"label":"German (Thu)","value":"German","selected":false,"tempId":"aco_598","gt_translate_keys":["label"]},{"label":"French (Mon)","value":"French","selected":false,"tempId":"aco_145","gt_translate_keys":["label"]}],"dropdown_type":"basic","error":false,"gt_translate_keys":["label"],"price_dependency":false,"cl_dependency":false,"value":""}],[{"active":true,"col":6,"relations":false,"cl_rule":"show","enableCl":false,"price":"","enablePrice":false,"className":"","label_position":"default","desc_position":"default","type":"separator","required":false,"elementId":"separator_1065e4c5e6ca6be","label":"Separator Field","height":"7","separatorType":"blank","error":false,"gt_translate_keys":["label"],"price_dependency":false,"cl_dependency":false,"value":""}],[{"active":true,"col":6,"relations":false,"cl_rule":"show","enableCl":false,"price":"","enablePrice":false,"className":"","label_position":"default","desc_position":"default","type":"text","subtype":"text","required":false,"elementId":"text_465e4c5e6ca6c8","label":"\ud83d\ude8c Pickup Location","name":"text_465e4c5e6ca6c8","value":"","description":"Pick-up service in South Tenerife. Simply provide your address or hotel name.","error":false,"gt_translate_keys":["label","description","value"],"price_dependency":false,"cl_dependency":false}]]},"sec_hf2o0212l0":{"extra":{"key":"sec_hf2o0212l0","section_id":"sec_hf2o0212l0","name":"North Tenerife","status":1,"cl_rule":"show","enableCl":true,"relations":[{"operator":false,"rules":[{"operator":"AND","rules":{"cl_field":"radio_9884051252","cl_relation":"is","cl_val":"Pickup from North Tenerife"}}]}],"toggle":true,"title_tag":"h4","show_title":false,"showPrice":"default","form_id":10215,"form_rules":{"exclude_from_discount":true,"fee_label":"Fee","disp_hide_options_price":true,"disp_show_section_price":false,"disp_show_field_price":true,"layout_option":"standard","pric_use_as_fee":false,"process_fee_as":"woo_fee"},"layout_option":"standard"},"fields":[[{"label":"\ud83d\udcc5 Date","active":true,"required":true,"elementId":"date-0739311162","picker_type":"custom","picker_mode":"single","placeholder":"","description":"","tooltip":"","name":"date-0739311162","label_position":"default","desc_position":"default","enablePrice":false,"className":"","enableCl":false,"relations":[{"operator":"and","rules":[{"operator":"AND","rules":{"cl_field":"radio-group_665df45fcbc30b","cl_relation":"is","cl_val":"3 Hour Trip"}}]}],"enableDesign":false,"LabelColor":"","date_pic_inline":true,"date_pic_inline_hide":true,"min_date":{"type":"days","val":"2"},"max_date":{"type":"days","val":"365"},"date_pic_conf":{"disabledWeeks":[]},"price":"","cl_rule":"show","col":6,"type":"date","error":false,"gt_translate_keys":["label","placeholder","description","tooltip"],"price_dependency":false,"cl_dependency":false,"value":""}],[{"elementId":"separator-0739321163","separatorType":"blank","className":"","height":"10","enableCl":false,"relations":false,"cl_rule":"show","col":6,"type":"separator","gt_translate_keys":[],"price_dependency":false,"cl_dependency":false,"value":""}],[{"contentType":"plain","active":true,"label":"People","elementId":"content-0739321164","value":"","inline":false,"show_in_checkout":true,"name":"content-0739321164","enablePrice":false,"className":"","enableCl":false,"relations":false,"price":"","cl_rule":"show","col":6,"type":"content","gt_translate_keys":["label","value"],"price_dependency":false,"cl_dependency":false}],[{"label":"","active":true,"required":false,"elementId":"radio-group-0739321165","name":"radio-group-0739321165","label_position":"default","desc_position":"default","enablePrice":true,"className":"","enableCl":true,"relations":[{"operator":false,"rules":[{"operator":"AND","rules":{"cl_field":"","cl_relation":"","cl_val":""}}]}],"enable_quantity":true,"quantity_label":"","min_quantity":"0","checkUi":"button","layOut":"","options_tooltip":true,"options_description":true,"values":[{"label":"\ud83d\udc64 Adult (48\u20ac)","value":"Adult (48\u20ac)","selected":true,"tempId":"aco_32","tooltip":"+12 Years","description":"","gt_translate_keys":["label","tooltip","description"]}],"priceOptions":"fixed_for_all","pricingType":"fixed","price":"48","cl_rule":"show","col":6,"type":"radio-group","gt_translate_keys":["label","quantity_label"],"price_dependency":false,"cl_dependency":false,"value":""}],[{"label":"","active":true,"required":false,"elementId":"radio-group-0739331166","name":"radio-group-0739331166","label_position":"default","desc_position":"default","enablePrice":true,"className":"","enableCl":false,"relations":false,"enable_quantity":true,"quantity_label":"","min_quantity":"0","checkUi":"button","layOut":"","options_tooltip":true,"options_description":true,"values":[{"label":"\ud83d\udc66 Child (24,50\u20ac)","value":"Child","selected":true,"tempId":"aco_32","tooltip":"2-11 Years","description":"","gt_translate_keys":["label","tooltip","description"]}],"priceOptions":"fixed_for_all","pricingType":"fixed","price":"24,50","cl_rule":"show","col":6,"type":"radio-group","error":false,"gt_translate_keys":["label","quantity_label"],"price_dependency":false,"cl_dependency":false,"value":""}],[{"label":"\ud83c\udf0e Language","active":true,"required":false,"elementId":"select-0739351167","dropdown_type":"basic","name":"select-0739351167","label_position":"default","desc_position":"default","enablePrice":false,"className":"","enableCl":false,"relations":false,"values":[{"label":"English","value":"English","selected":false,"tempId":"aco_596","gt_translate_keys":["label"]},{"label":"Spanish","value":"Spanish","selected":false,"tempId":"aco_597","gt_translate_keys":["label"]},{"label":"German","value":"German","selected":false,"tempId":"aco_598","gt_translate_keys":["label"]},{"label":"French","value":"French","selected":false,"tempId":"aco_145","gt_translate_keys":["label"]}],"price":"","cl_rule":"show","col":6,"type":"select","error":false,"gt_translate_keys":["label"],"price_dependency":false,"cl_dependency":false,"value":""}],[{"elementId":"separator-0739351168","separatorType":"blank","className":"","height":"7","enableCl":false,"relations":false,"cl_rule":"show","col":6,"type":"separator","gt_translate_keys":[],"price_dependency":false,"cl_dependency":false,"value":""}],[{"label":"\ud83d\ude8c Pickup Location","active":true,"required":false,"elementId":"text-0739351169","value":"","description":"Pick-up service in North Tenerife. Simply provide your address or hotel name.","name":"text-0739351169","label_position":"default","desc_position":"default","enablePrice":false,"className":"","enableCl":false,"relations":false,"subtype":"text","price":"","cl_rule":"show","col":6,"type":"text","error":false,"gt_translate_keys":["label","description","value"],"price_dependency":false,"cl_dependency":false}]]}},"config":{"price_override":"always","enable_recaptcha":false,"bind_quantity":false,"quantity_bind_formula":false,"disp_summ_show_option_price":true,"disp_summ_show_product_price":false,"disp_summ_show_total_price":true,"disp_summ_show_fee":true,"disp_summ_show_discount":true,"summary_title":"","options_total_label":"Options Price","total_label":"Total Amount","options_product_label":"Product Price","fee_label":"Fee","discount_label":"Discount","has_price":true,"has_quantity_formula":false},"mc_unit":1,"tax_rate":1,"tax_rate_real":1,"discount":{"percentage":0,"fixed":0},"design":{"conf":{"LabelPosition":"above","DescPosition":"above","UploadField":"custom_1","QuantityFieldStyle":"custom_1"},"css":{"LeftLabelWidth":"120px"}},"formulas":[],"lookuptables":[],"clones":false,"cartKey":false}},"_links":{"self":[{"href":"https:\/\/canaryvip.com\/et\/wp-json\/wp\/v2\/product\/9435","targetHints":{"allow":["GET"]}}],"collection":[{"href":"https:\/\/canaryvip.com\/et\/wp-json\/wp\/v2\/product"}],"about":[{"href":"https:\/\/canaryvip.com\/et\/wp-json\/wp\/v2\/types\/product"}],"replies":[{"embeddable":true,"href":"https:\/\/canaryvip.com\/et\/wp-json\/wp\/v2\/comments?post=9435"}],"wp:featuredmedia":[{"embeddable":true,"href":"https:\/\/canaryvip.com\/et\/wp-json\/wp\/v2\/media\/9439"}],"wp:attachment":[{"href":"https:\/\/canaryvip.com\/et\/wp-json\/wp\/v2\/media?parent=9435"}],"wp:term":[{"taxonomy":"product_brand","embeddable":true,"href":"https:\/\/canaryvip.com\/et\/wp-json\/wp\/v2\/product_brand?post=9435"},{"taxonomy":"product_cat","embeddable":true,"href":"https:\/\/canaryvip.com\/et\/wp-json\/wp\/v2\/product_cat?post=9435"},{"taxonomy":"product_tag","embeddable":true,"href":"https:\/\/canaryvip.com\/et\/wp-json\/wp\/v2\/product_tag?post=9435"}],"curies":[{"name":"wp","href":"https:\/\/api.w.org\/{rel}","templated":true}]}}