{"id":8824,"date":"2024-01-15T13:42:01","date_gmt":"2024-01-15T13:42:01","guid":{"rendered":"https:\/\/canaryvip.com\/?post_type=product&#038;p=8824"},"modified":"2025-09-19T12:00:53","modified_gmt":"2025-09-19T11:00:53","slug":"siam-park-vip-villa","status":"publish","type":"product","link":"https:\/\/canaryvip.com\/et\/shop\/siam-park-vip-villa\/","title":{"rendered":"Siam Park VIP Villa"},"content":{"rendered":"<section class=\"l-section wpb_row height_medium\"><div class=\"l-section-h i-cf\"><div class=\"g-cols vc_row via_flex valign_top type_default stacking_default\"><div class=\"vc_col-sm-12 wpb_column vc_column_container\"><div class=\"vc_column-inner\"><div class=\"wpb_wrapper\"><div class=\"wpb_text_column\"><div class=\"wpb_wrapper\"><h2>\ud83c\udf34 <strong>Siam Park VIP Villa kogemus koos CanaryVIP-ga<\/strong><\/h2>\n<p>Tere tulemast luksuse tippu Siam Parki Tenerifel. Nagu oaas vees\u00f5pradele, <strong>Siami park<\/strong> on tuntud oma p\u00f5nevate s\u00f5itude ja maaliliste maastike poolest. Alates adrenaliinipumpamisest <strong>V\u00f5imu torn<\/strong> rahulikule <strong>Mai Tai j\u00f5gi,<\/strong>\u00a0me teenindame igat liiki seiklejaid. T\u00f5stke oma k\u00fclastust selle eksklusiivse VIP-villaga, kus kohtuvad keerukus ja p\u00f5nevus.<\/p>\n<h3><strong>\ud83c\udf1f Luksuslik VIP-villa mugavused<\/strong><\/h3>\n<ul>\n<li><strong>Tai inspireeritud elegants:<\/strong> Tai elegantse elegantsiga kaunistatud VIP-villa pakub rahulikku ja luksuslikku puhkekohta.<\/li>\n<li><strong>\u00dclim mugavus:<\/strong> L\u00f5\u00f5gastuge ekstravagantselt koos pl\u00fc\u0161\u0161is diivanite, privaatse terrassidu\u0161i ja p\u00e4ikesevannidega.<\/li>\n<li><strong>R\u00e4tikud ja privaatne du\u0161\u0161:<\/strong> V\u00e4rsked r\u00e4tikud ja privaatne du\u0161\u0161 on teie mugavuse huvides.<\/li>\n<li><strong>Kliimakontroll:<\/strong> Moodsaid ventilaatoreid mugava atmosf\u00e4\u00e4ri s\u00e4ilitamiseks.<\/li>\n<li><strong>Turvaline v\u00e4\u00e4rtasjade hoidmine:<\/strong> Teie asjade turvalisuse tagamiseks on olemas seif.<\/li>\n<li><strong>Privaatne terrass koos p\u00e4ikesevooditega:<\/strong> Nautige p\u00e4ikesepaistet v\u00f5i l\u00f5\u00f5gastuge varjus oma eksklusiivsel terrassil.<\/li>\n<li><strong>Isiklik mullivann:<\/strong> Sukelduge l\u00f5\u00f5gastumisse oma privaatse mullivanniga, mis on \u00fclima luksuse s\u00fcmbol.<\/li>\n<\/ul>\n<h3><strong>\ud83c\udfa5 Villa meelelahutus ja mugavus<\/strong><\/h3>\n<ul>\n<li><strong>TV- ja puhkeruum:<\/strong> Mugav lounge koos televiisoriga, et nautida oma lemmiksaateid.<\/li>\n<li><strong>H\u00e4sti varustatud minibaar:<\/strong> Minibaaris on saadaval hulk jooke, mis rahuldavad iga janu.<\/li>\n<li><strong>K\u00f5ikeh\u00f5lmav toitlustamine:<\/strong> Nautige meie k\u00f5rgekvaliteedilistes restoranides mitmekesist kulinaarset valikut.<\/li>\n<li><strong>Joogid ja j\u00e4\u00e4tis:<\/strong> Piiramatu juurdep\u00e4\u00e4s karastusjookidele, \u00f5lledele, veele ja j\u00e4\u00e4tisele.<\/li>\n<\/ul>\n<h3><strong>\ud83c\udfa2 Prioriteetne juurdep\u00e4\u00e4s atraktsioonidele koos VIP-pikapassiga:<\/strong><\/h3>\n<ul>\n<li><strong>Kogu p\u00e4eva kiirtunnipass:<\/strong> \u00dcletage j\u00e4rjekorrad, et p\u00e4\u00e4seda koheselt ligi k\u00f5ikidele atraktsioonidele, mis maksimeerib teie naudingut.<\/li>\n<\/ul>\n<h3><strong>\ud83c\udf74 K\u00f5ikeh\u00f5lmav toitlustamine ja piiramatud joogivalikud:<\/strong><\/h3>\n<ul>\n<li><strong>Piiramatu kulinaarne valik:<\/strong> Nautige k\u00f5ikeh\u00f5lmavat s\u00f6\u00f6gikogemust, sest kogu pargis on lai valikuv\u00f5imalusi.<\/li>\n<li><strong>Piiramata joogid:<\/strong> Nautige piiramatut juurdep\u00e4\u00e4su mitmesugustele tasuta jookidele, mis tagavad, et saate kogu k\u00fclastuse jooksul v\u00e4rskendust.<\/li>\n<\/ul>\n<h3><strong>\ud83d\udcb0 Erakordne hinnakujundus ja v\u00e4\u00e4rtus<\/strong><\/h3>\n<ul>\n<li><strong>Hinnakiri:<\/strong> VIP-villa on saadaval 1215\u20ac eest ja mahutab kuni 8 k\u00fclalist, tagades privaatsuse ja eksklusiivsuse nii v\u00e4ikestele kui ka suurematele gruppidele.<\/li>\n<li><strong>T\u00e4iendav k\u00fclaliste majutus:<\/strong> Villa mahutab kuni 12 k\u00fclalist, lisatasu on 151\u20ac inimese kohta \u00fcle kaheksa inimese.<\/li>\n<\/ul>\n<h3><strong>\ud83d\ude8c Mugav ja tasuta transport<\/strong><\/h3>\n<ul>\n<li><strong>Stressivaba reisimine:<\/strong> Kasutage tasuta Siam Parki bussiteenust, et transport oleks lihtne ja mugav.<\/li>\n<li><strong>Ulatuslikud pealev\u00f5tmiskohad:<\/strong> Mitu pealev\u00f5tmiskohta kogu Tenerifel, et tagada lihtne juurdep\u00e4\u00e4s.<\/li>\n<\/ul>\n<h3><strong>\u23f0 Planeeri oma l\u00f5plik k\u00fclastus<\/strong><\/h3>\n<ul>\n<li><strong>Aastaringne k\u00e4ttesaadavus:<\/strong> Avatud suvel (10-18.00) ja talvel (10-17.00).<\/li>\n<li><strong>Parim asukoht:<\/strong> Asub elava Costa Adeje piirkonnas, pakkudes suurep\u00e4raseid vaateid ja lihtsat ligip\u00e4\u00e4su.<\/li>\n<\/ul>\n<h3><b>\u274c T\u00fchistamistingimused<\/b><\/h3>\n<ul>\n<li style=\"font-weight: 400;\" aria-level=\"1\"><span style=\"font-weight: 400;\">K\u00fclalised, kes t\u00fchistavad <\/span><b>v\u00e4hemalt \u00fcks kuu enne kavandatud teenust<\/b><span style=\"font-weight: 400;\"> saavad <\/span><b>t\u00e4ielik tagasimakse<\/b><span style=\"font-weight: 400;\">.<\/span>&nbsp;<\/li>\n<li style=\"font-weight: 400;\" aria-level=\"1\"><span style=\"font-weight: 400;\">Esitatud t\u00fchistamised <\/span><b>\u00fcks kuu kuni 7 p\u00e4eva enne<\/b><span style=\"font-weight: 400;\"> teenuse suhtes kohaldatakse <\/span><b>60% t\u00fchistamistasu<\/b><span style=\"font-weight: 400;\">.<\/span>&nbsp;<\/li>\n<li style=\"font-weight: 400;\" aria-level=\"1\"><span style=\"font-weight: 400;\">Tehtud t\u00fchistamised <\/span><b>7 p\u00e4eva jooksul alates kavandatud kuup\u00e4evast<\/b><span style=\"font-weight: 400;\"> on <\/span><b>tagastamatu<\/b><span style=\"font-weight: 400;\">.<\/span><\/li>\n<\/ul>\n<h3><strong>\ud83d\udd14 Teie Deluxe CanaryVIP kogemus<\/strong><\/h3>\n<ul>\n<li><strong>Astuge luksusesse:<\/strong> Suurendage oma Siam Parki k\u00fclastust VIP-villas viibimisega.<\/li>\n<li><strong>Loo meeldej\u00e4\u00e4vaid hetki:<\/strong> Broneerige kohe, et saada suursuguse, p\u00f5nevuse ja unustamatute m\u00e4lestustega kogemus.<\/li>\n<\/ul>\n<p>Olgu tegemist siis olulise verstaposti t\u00e4histamise v\u00f5i erilise \u00fcrituse korraldamisega, on <strong>VIP Villa Siam Park Tenerifel<\/strong> pakub v\u00f5rratut segu luksusest ja eksklusiivsusest. See sobib ideaalselt suuremate gruppide jaoks, \u00fchendades p\u00f5nevad vaatamisv\u00e4\u00e4rsused ja rahulikku l\u00f5\u00f5gastumist.<\/p>\n<p>Broneerige n\u00fc\u00fcd koos CanaryVIP-ga, et nautida k\u00fclluslikku ja unustamatut seiklust Siam Park VIP Villa's!<\/p>\n<\/div><\/div><\/div><\/div><\/div><\/div><\/div><\/section>","protected":false},"excerpt":{"rendered":"<p><strong>\ud83d\udd0d Siam Park Villa:<\/strong><br \/>\n\u2705 Turvaline makse.<br \/>\n\ud83d\ude80 Kogu p\u00e4eva VIP-pikapass.<br \/>\n\ud83d\udc68\u200d\ud83d\udc69\u200d\ud83d\udc66 Hind 8 k\u00fclalise jaoks.<br \/>\n\ud83d\udc65 Sobib kuni 12 inimesele.<br \/>\n\ud83d\udca6 Terrassi mullivann.<br \/>\n\ud83d\udd10 Kaasa arvatud riidekapp ja r\u00e4tikud.<br \/>\n\ud83c\udf54 Piiramatu toit.<br \/>\n\ud83c\udf7a Piiramatu kogus karastusjooke ja \u00f5lut.<br \/>\n\ud83e\udd11 Parim hind garanteeritud.<br \/>\n\ud83d\ude8d Tasuta bussiliin.<br \/>\n\ud83c\udf0d Toetus mitmes keeles.<br \/>\n\ud83c\udf1f Broneeri kohe ja s\u00e4\u00e4sta!<br \/>\n\ud83d\udc32 Avasta <a href=\"https:\/\/canaryvip.com\/et\/product-category\/tenerife\/theme-parks-tenerife\/siam-park-tickets\/\">k\u00f5ik Siam Parki piletid siin<\/a>!<br \/>\n\ud83d\udccd Leia <a href=\"https:\/\/maps.app.goo.gl\/UfftQG3CrqW5R81r9\">Siami park Google Mapsis<\/a>!<\/p>","protected":false},"featured_media":8825,"comment_status":"open","ping_status":"closed","template":"","meta":{"_acf_changed":false},"product_brand":[],"product_cat":[54,55],"product_tag":[],"class_list":{"0":"post-8824","1":"product","2":"type-product","3":"status-publish","4":"has-post-thumbnail","6":"product_cat-theme-parks","7":"product_cat-siam-park-tickets","8":"wcpa_has_options","10":"first","11":"instock","12":"virtual","13":"purchasable","14":"product-type-simple"},"acf":[],"wcpa_form_fields":{"wcpaData":{"product":{"product_price":1320,"price_html":"From&nbsp;<span class=\"woocommerce-Price-amount amount\"><bdi>1.320,00&nbsp;<span class=\"woocommerce-Price-currencySymbol\">&euro;<\/span><\/bdi><\/span>","original_product_price":1320,"price_including_tax":1320,"price_excluding_tax":1320,"product_id":{"parent":8824,"variation":false},"is_variable":false,"stock_status":"instock","stock_quantity":null,"parent_sku":"CV8824","product_attributes":[],"custom_fields":[],"is_taxable":false,"product_name":"Siam Park VIP Villa","hasImage":false},"fields":{"sec_165dcc0a3c8397":{"extra":{"key":"sec_165dcc0a3c8397","section_id":"sec_165dcc0a3c8397","name":"Default","status":1,"cl_rule":"show","enableCl":false,"relations":[],"toggle":true,"title_tag":"h3","show_title":false,"showPrice":"default","form_id":10124,"form_rules":{"exclude_from_discount":true,"fee_label":"Fee","disp_hide_options_price":true,"disp_show_section_price":false,"disp_show_field_price":true,"layout_option":"standard","pric_use_as_fee":false,"process_fee_as":"woo_fee"},"layout_option":"standard"},"fields":[[{"active":true,"col":6,"relations":false,"cl_rule":"show","enableCl":false,"price":"","enablePrice":false,"className":"","label_position":"default","desc_position":"default","type":"date","required":false,"elementId":"date_1065dcc0a3c83b7","name":"date_1065dcc0a3c83b7","label":"\ud83d\udcc5 Date","picker_type":"custom","picker_mode":"single","error":false,"date_pic_inline":true,"date_pic_inline_hide":true,"min_date":{"type":"days","val":"3"},"max_date":{"type":"days_from_min","val":"500"},"date_pic_conf":{"disabledDates":["2025-05-26 to 2025-05-27","2025-06-01 to 2025-06-04","2025-06-12 to 2025-06-17","2025-06-18 to 2025-06-19","2025-06-20","2025-06-21","2025-06-22","2025-06-23","2025-06-24","2025-06-25","2025-06-26 to 2025-06-27","2025-06-28 to 2025-06-29","2025-07-01 to 2025-07-02","2025-07-03","2025-07-04","2025-07-05","2025-07-06","2025-07-07","2025-07-08","2025-07-09","2025-07-10","2025-07-11","2025-07-12","2025-07-13","2025-07-14","2025-07-15","2025-07-16","2025-07-17","2025-07-18 to 2025-07-25","2025-07-26","2025-07-27","2025-07-28","2025-07-29","2025-07-30","2025-07-31","2025-08-01","2025-08-02","2025-08-03","2025-08-04","2025-08-05 to 2025-08-07","2025-08-08","2025-08-09 to 2025-08-10","2025-08-11 to 2025-08-14","2025-08-15 to 2025-08-16","2025-08-17","2025-08-18","2025-08-21","2025-08-22","2025-08-23","2025-08-24 to 2025-08-26","2025-08-27","2025-08-28 to 2025-08-30","2025-08-31","2025-08-19 to 2025-08-20"]},"isWeightTemplate":false,"isTemplate":false,"min_quantity":"1","quantity_decimal":false,"quantity_step":"1","quantity_label":"Quantity","repeater_field_label":"{field_label}","repeater_bind":"","gt_translate_keys":["label","repeater_field_label","quantity_label"],"price_dependency":false,"cl_dependency":false,"value":""}],[{"active":true,"col":6,"relations":false,"cl_rule":"show","enableCl":false,"price":"","enablePrice":true,"className":"","label_position":"default","desc_position":"default","type":"select","required":false,"elementId":"select_1065dcc0a3c83c4","label":"\ud83d\udc64 Group Size","name":"select_1065dcc0a3c83c4","values":[{"label":"1 Person (1.320\u20ac)","value":"1 Person","selected":false,"tempId":"aco_670","price":"1320","gt_translate_keys":["label"]},{"label":"2 People (1.320\u20ac)","value":"2 People","selected":false,"tempId":"aco_671","price":"1320","gt_translate_keys":["label"]},{"label":"3 People (1.320\u20ac)","value":"3 People","selected":false,"tempId":"aco_672","price":"1320","gt_translate_keys":["label"]},{"label":"4 People (1.320\u20ac)","value":"4 People","selected":false,"tempId":"aco_898","price":"1320","gt_translate_keys":["label"]},{"label":"5 People (1.320\u20ac)","value":"5 People","selected":false,"tempId":"aco_908","price":"1320","gt_translate_keys":["label"]},{"label":"6 People (1.320\u20ac)","value":"6 People","selected":false,"tempId":"aco_1062","price":"1320","gt_translate_keys":["label"]},{"label":"7 People (1.320\u20ac)","value":"7 People","selected":false,"tempId":"aco_2967","price":"1320","gt_translate_keys":["label"]},{"label":"8 People (1.320\u20ac)","value":"8 People","selected":false,"tempId":"aco_3049","price":"1320","gt_translate_keys":["label"]},{"label":"\u2500 Beyond 8 people, each extra person costs \u20ac165 \u2500","value":"\u2500 Beyond 8 people, each extra person costs \u20ac165 \u2500","selected":false,"tempId":"aco_1784","price":"1320","gt_translate_keys":["label"]},{"label":"9 People (1.485\u20ac)","value":"9 People","selected":false,"tempId":"aco_3131","price":"1485","gt_translate_keys":["label"]},{"label":"10 People (1.650\u20ac)","value":"10 People","selected":false,"tempId":"aco_3213","price":"1650","gt_translate_keys":["label"]},{"label":"11 People (1.815\u20ac)","value":"11 People","selected":false,"tempId":"aco_3722","price":"1815","gt_translate_keys":["label"]},{"label":"12 People (1.980\u20ac)","value":"12 People","selected":false,"tempId":"aco_3732","price":"1980","gt_translate_keys":["label"]}],"dropdown_type":"basic","error":false,"placeholder":"None","priceOptions":"different_for_all","pricingType":"fixed","gt_translate_keys":["label","placeholder"],"price_dependency":false,"cl_dependency":false,"value":""}]]}},"config":{"price_override":"always","enable_recaptcha":false,"bind_quantity":false,"quantity_bind_formula":false,"disp_summ_show_option_price":false,"disp_summ_show_product_price":false,"disp_summ_show_total_price":true,"disp_summ_show_fee":false,"disp_summ_show_discount":false,"summary_title":"","options_total_label":"Options Price","total_label":"Total","options_product_label":"Product Price","fee_label":"Fee","discount_label":"Discount","has_price":true,"has_quantity_formula":false},"mc_unit":1,"tax_rate":1,"tax_rate_real":1,"discount":{"percentage":0,"fixed":0},"design":{"conf":{"LabelPosition":"above","DescPosition":"above","UploadField":"custom_1","QuantityFieldStyle":"custom_1"},"css":{"LeftLabelWidth":"120px"}},"formulas":[],"lookuptables":[],"clones":false,"cartKey":false}},"_links":{"self":[{"href":"https:\/\/canaryvip.com\/et\/wp-json\/wp\/v2\/product\/8824","targetHints":{"allow":["GET"]}}],"collection":[{"href":"https:\/\/canaryvip.com\/et\/wp-json\/wp\/v2\/product"}],"about":[{"href":"https:\/\/canaryvip.com\/et\/wp-json\/wp\/v2\/types\/product"}],"replies":[{"embeddable":true,"href":"https:\/\/canaryvip.com\/et\/wp-json\/wp\/v2\/comments?post=8824"}],"wp:featuredmedia":[{"embeddable":true,"href":"https:\/\/canaryvip.com\/et\/wp-json\/wp\/v2\/media\/8825"}],"wp:attachment":[{"href":"https:\/\/canaryvip.com\/et\/wp-json\/wp\/v2\/media?parent=8824"}],"wp:term":[{"taxonomy":"product_brand","embeddable":true,"href":"https:\/\/canaryvip.com\/et\/wp-json\/wp\/v2\/product_brand?post=8824"},{"taxonomy":"product_cat","embeddable":true,"href":"https:\/\/canaryvip.com\/et\/wp-json\/wp\/v2\/product_cat?post=8824"},{"taxonomy":"product_tag","embeddable":true,"href":"https:\/\/canaryvip.com\/et\/wp-json\/wp\/v2\/product_tag?post=8824"}],"curies":[{"name":"wp","href":"https:\/\/api.w.org\/{rel}","templated":true}]}}