{"id":8821,"date":"2024-01-15T13:32:07","date_gmt":"2024-01-15T13:32:07","guid":{"rendered":"https:\/\/canaryvip.com\/?post_type=product&#038;p=8821"},"modified":"2025-09-19T12:00:06","modified_gmt":"2025-09-19T11:00:06","slug":"siam-park-vip-house","status":"publish","type":"product","link":"https:\/\/canaryvip.com\/et\/shop\/siam-park-vip-house\/","title":{"rendered":"Siam Park VIP maja"},"content":{"rendered":"<section class=\"l-section wpb_row height_medium\"><div class=\"l-section-h i-cf\"><div class=\"g-cols vc_row via_flex valign_top type_default stacking_default\"><div class=\"vc_col-sm-12 wpb_column vc_column_container\"><div class=\"vc_column-inner\"><div class=\"wpb_wrapper\"><div class=\"wpb_text_column\"><div class=\"wpb_wrapper\"><p>\ud83c\udfdd\ufe0f <strong>Siam Park VIP House kogemus koos CanaryVIP-ga<\/strong><\/p>\n<div class=\"min-h-&#091;20px&#093; text-message flex flex-col items-start gap-3 whitespace-pre-wrap break-words &#091;.text-message+&amp;&#093;:mt-5 overflow-x-auto\" data-message-author-role=\"assistant\" data-message-id=\"8a8a1897-a3c1-4569-9988-c0ed1c1bc6da\">\n<div class=\"markdown prose w-full break-words dark:prose-invert light\">\n<p>Tere tulemast Siam Parki, mis on vees\u00f5prade paradiis Tenerifel. See park on tuntud oma p\u00f5nevate atraktsioonide ja maaliliste maastike poolest ning pakub seiklusi, mis ei ole v\u00f5rreldavad teistega. Alates virgutavast <strong>V\u00f5imu torn<\/strong> rahulikule <strong>Mai Tai j\u00f5gi,<\/strong>\u00a0, on olemas kogemus igat liiki p\u00f5nevuse otsijaile. N\u00fc\u00fcd t\u00f5stke oma k\u00fclastust <strong>CanaryVIP eksklusiivne VIP House'i kogemus,<\/strong>\u00a0kus luksus kohtub seiklusega.<\/p>\n<h3>\ud83c\udf1f <strong>Premium VIP maja mugavused<\/strong><\/h3>\n<ul>\n<li><strong>Tai Elegants<\/strong>: VIP House on inspireeritud Tai esteetikast ja pakub rahulikku ja luksuslikku oaasi.<\/li>\n<li><strong>Suurep\u00e4rane mugavus<\/strong>: L\u00f5\u00f5gastuge stiilselt, kasutades pluusseid diivaneid, privaatseid du\u0161iruume ja p\u00e4ikesevannid.<\/li>\n<li><strong>R\u00e4tikud ja du\u0161\u0161<\/strong>: V\u00e4rsked r\u00e4tikud ootavad teid ja igas majas on oma privaatne du\u0161\u0161, mis tagab maksimaalse mugavuse.<\/li>\n<li><strong>Kliimakontroll<\/strong>: Hoidke end jahedana meie tipptasemel ventilaatoritega.<\/li>\n<li><strong>V\u00e4\u00e4rtpaberite turvalisus<\/strong>: Hoiustage oma asju turvaliselt meie pakutavas seifis.<\/li>\n<li><strong>P\u00e4ikesevooditega terrass<\/strong>: Nautige p\u00e4ikest v\u00f5i varju oma privaatsel terrassil, mis on varustatud mugavate lamamistoolidega.<\/li>\n<li><strong>Privaatne terrass mullivann<\/strong>: Nautige \u00fclimat l\u00f5\u00f5gastust oma eksklusiivses mullivannis, mis on mugavuse kroonijuveel.<\/li>\n<\/ul>\n<h3>\ud83c\udfa5 <strong>Majasisene meelelahutus ja l\u00f5\u00f5gastumine<\/strong><\/h3>\n<ul>\n<li><strong>TV ja salong<\/strong>: L\u00f5\u00f5gastuge oma lemmiksaateid meie majasiseses televiisoris ja l\u00f5\u00f5gastuge mugaval diivanil.<\/li>\n<li><strong>Minibaar<\/strong>: Minibaar, mis on varustatud mitmesuguste jookidega, et kustutada mis tahes janu.<\/li>\n<li><strong>K\u00f5ikeh\u00f5lmav teenus<\/strong>: Nautige meie restoranides laia valikut kulinaarseid h\u00f5rgutisi.<\/li>\n<li><strong>Joogid ja j\u00e4\u00e4tis<\/strong>: Nautige piiramatult karastusjooke, \u00f5lut, vett ja j\u00e4\u00e4tist.<\/li>\n<\/ul>\n<h3>\ud83c\udfa2 <strong>Eksklusiivne juurdep\u00e4\u00e4s VIP kiirp\u00e4\u00e4suga<\/strong><\/h3>\n<ul>\n<li><strong>Kogu p\u00e4eva kiirtreipass<\/strong>: Kogemused vahetu juurdep\u00e4\u00e4s k\u00f5igile atraktsioonidele ilma j\u00e4rjekorras ootamata, mis suurendab teie l\u00f5busust.<\/li>\n<\/ul>\n<h3>\ud83c\udf74 <strong>All-inclusive toitlustamine ja joogid<\/strong><\/h3>\n<ul>\n<li><strong>Laialdased kulinaarsed v\u00f5imalused<\/strong>: Pargis on hulgaliselt s\u00f6\u00f6gikohti, mis rahuldavad k\u00f5iki maitseid.<\/li>\n<li><strong>Piiramatu arv jooke<\/strong>: V\u00e4rskendage end tasuta jookide valikuga.<\/li>\n<\/ul>\n<h3>\ud83d\udcb0 <strong>Erakordne hinnakujundus ja v\u00e4\u00e4rtus<\/strong><\/h3>\n<\/div>\n<\/div>\n<div class=\"min-h-&#091;20px&#093; text-message flex flex-col items-start gap-3 whitespace-pre-wrap break-words &#091;.text-message+&amp;&#093;:mt-5 overflow-x-auto\" data-message-author-role=\"assistant\" data-message-id=\"cc56ef15-39ff-4986-80a9-f3d468fc7369\">\n<div class=\"markdown prose w-full break-words dark:prose-invert light\">\n<ul>\n<li><strong>Inclusive m\u00e4\u00e4r<\/strong>: VIP maja hind on 910\u20ac, mahutab kuni 6 k\u00fclalist. Hind tagab eksklusiivsuse ja privaatsuse nii v\u00e4ikestele kui ka suurematele gruppidele.<\/li>\n<li><strong>Ekstra k\u00fclaliste paindlikkus<\/strong>: Maja mahutab kuni 10 k\u00fclalist. Lisatasu 151\u20ac inimese kohta tuleb maksta iga k\u00fclalise eest, kes \u00fcletab esialgset kuut k\u00fclalist.<\/li>\n<\/ul>\n<h3>\ud83d\ude8c <strong>Mugav ja tasuta transport<\/strong><\/h3>\n<ul>\n<li><strong>Stressivaba transiit<\/strong>: Kasutage tasuta Siam Parki bussiteenust, et h\u00f5lpsasti transportida.<\/li>\n<li><strong>Laiaulatuslik katvus<\/strong>: Mitmed pealev\u00f5tmiskohad kogu Tenerifel, et tagada mugav juurdep\u00e4\u00e4s.<\/li>\n<\/ul>\n<h3>\u23f0 <strong>Planeeri oma \u00fclim kogemus<\/strong><\/h3>\n<ul>\n<li><strong>Aastaringne k\u00e4ttesaadavus<\/strong>: Avatud nii suvel (10-18.00) kui ka talvel (10-17.00).<\/li>\n<li><strong>Suurep\u00e4rane asukoht<\/strong>: Asub elava Costa Adeje's, pakkudes suurep\u00e4raseid vaateid ja lihtsat ligip\u00e4\u00e4su.<\/li>\n<\/ul>\n<h3><b>\u274c T\u00fchistamispoliitika<\/b><\/h3>\n<ul>\n<li style=\"font-weight: 400;\" aria-level=\"1\"><span style=\"font-weight: 400;\">Tehtud t\u00fchistamised <\/span><b>30 p\u00e4eva v\u00f5i rohkem enne tegevuse algust<\/b><span style=\"font-weight: 400;\"> ei kannata mingeid karistusi.<\/span>&nbsp;<\/li>\n<li style=\"font-weight: 400;\" aria-level=\"1\"><span style=\"font-weight: 400;\">Tehtud t\u00fchistamised <\/span><b>30 kuni 7 p\u00e4eva enne kavandatud kuup\u00e4eva<\/b><span style=\"font-weight: 400;\"> tulemuseks on <\/span><b>60% tasu<\/b><span style=\"font-weight: 400;\"> broneeritud summast.<\/span>&nbsp;<\/li>\n<li style=\"font-weight: 400;\" aria-level=\"1\"><span style=\"font-weight: 400;\">Tehtud t\u00fchistamised <\/span><b>v\u00e4hem kui 7 p\u00e4eva enne tegevust<\/b><span style=\"font-weight: 400;\"> tulemuseks on <\/span><b>100% tasu<\/b><span style=\"font-weight: 400;\"> broneeritud summast.<\/span><\/li>\n<\/ul>\n<h4>\ud83d\udd14 <strong>Teie luksuslik seiklus koos CanaryVIP-ga<\/strong><\/h4>\n<ul>\n<li><strong>Astuge \u00f5ilsusesse<\/strong>: Parandage oma Siam Parki k\u00fclastust VIP majas viibimisega.<\/li>\n<li><strong>Loo p\u00fcsivaid m\u00e4lestusi<\/strong>: Broneerige n\u00fc\u00fcd reis, mis on t\u00e4is luksust, p\u00f5nevust ja unustamatuid hetki.<\/li>\n<\/ul>\n<\/div>\n<\/div>\n<\/div><\/div><\/div><\/div><\/div><\/div><\/div><\/section>","protected":false},"excerpt":{"rendered":"<p><strong>\ud83d\udd0d Siam Park House:<\/strong><br \/>\n\u2705 Turvaline makse.<br \/>\n\ud83d\ude80 Kogu p\u00e4eva VIP-pikapass.<br \/>\n\ud83d\udc68\u200d\ud83d\udc69\u200d\ud83d\udc66 Hind 6 k\u00fclalise jaoks.<br \/>\n\ud83d\udc65 Mahutab kuni 10 inimest.<br \/>\n\ud83d\udca6 Privaatne terrassiga mullivann.<br \/>\n\ud83d\udd10 Kaubakapp ja r\u00e4tikud kaasa arvatud.<br \/>\n\ud83c\udf54 Piiramatu toit.<br \/>\n\ud83c\udf7a Piiramatu kogus karastusjooke ja \u00f5lut.<br \/>\n\ud83c\udfe0 Rohkem ruumi? <a href=\"https:\/\/canaryvip.com\/et\/shop\/siam-park-vip-villa\/\">Vaadake Siam Park Villa<\/a>.<br \/>\n\ud83e\udd11 Parim hind garanteeritud.<br \/>\n\ud83d\ude8d Tasuta bussiliin.<br \/>\n\ud83c\udf0d Toetus mitmes keeles.<br \/>\n\ud83c\udf1f Broneeri kohe ja s\u00e4\u00e4sta!<br \/>\n\ud83d\udc32 Avasta <a href=\"https:\/\/canaryvip.com\/et\/product-category\/tenerife\/theme-parks-tenerife\/siam-park-tickets\/\">k\u00f5ik Siam Parki piletid siin<\/a>!<br \/>\n\ud83d\udccd Leia <a href=\"https:\/\/maps.app.goo.gl\/UfftQG3CrqW5R81r9\">Siami park Google Mapsis<\/a>!<\/p>","protected":false},"featured_media":8827,"comment_status":"open","ping_status":"closed","template":"","meta":{"_acf_changed":false},"product_brand":[],"product_cat":[54,55],"product_tag":[],"class_list":{"0":"post-8821","1":"product","2":"type-product","3":"status-publish","4":"has-post-thumbnail","6":"product_cat-theme-parks","7":"product_cat-siam-park-tickets","8":"wcpa_has_options","10":"first","11":"instock","12":"virtual","13":"purchasable","14":"product-type-simple"},"acf":[],"wcpa_form_fields":{"wcpaData":{"product":{"product_price":990,"price_html":"From&nbsp;<span class=\"woocommerce-Price-amount amount\"><bdi>990,00&nbsp;<span class=\"woocommerce-Price-currencySymbol\">&euro;<\/span><\/bdi><\/span>","original_product_price":990,"price_including_tax":990,"price_excluding_tax":990,"product_id":{"parent":8821,"variation":false},"is_variable":false,"stock_status":"instock","stock_quantity":null,"parent_sku":"CV8821","product_attributes":[],"custom_fields":[],"is_taxable":false,"product_name":"Siam Park VIP House","hasImage":false},"fields":{"sec_865dcbfa9364bf":{"extra":{"key":"sec_865dcbfa9364bf","section_id":"sec_865dcbfa9364bf","name":"Default","status":1,"cl_rule":"show","enableCl":false,"relations":[],"toggle":true,"title_tag":"h3","show_title":false,"showPrice":"default","form_id":10123,"form_rules":{"exclude_from_discount":true,"fee_label":"Fee","disp_hide_options_price":true,"disp_show_section_price":false,"disp_show_field_price":true,"layout_option":"standard","pric_use_as_fee":false,"process_fee_as":"woo_fee"},"layout_option":"standard"},"fields":[[{"active":true,"col":6,"relations":false,"cl_rule":"show","enableCl":false,"price":"","enablePrice":false,"className":"","label_position":"default","desc_position":"default","type":"date","required":false,"elementId":"date_565dcbfa9364dd","name":"date_565dcbfa9364dd","label":"\ud83d\udcc5 Date","picker_type":"custom","picker_mode":"single","error":false,"date_pic_inline":true,"date_pic_inline_hide":true,"min_date":{"type":"days","val":"3"},"max_date":{"type":"days_from_min","val":"500"},"date_pic_conf":{"disabledDates":["2024-06-18 to 2024-06-30","2024-07-01 to 2024-08-15","2024-08-16 to 2024-08-20","2024-08-21","2024-08-22 to 2024-08-23","2024-08-24","2024-08-25 to 2024-08-29","2024-08-30","2025-05-26 to 2025-05-29","2025-06-02","2025-06-20","2025-06-21 to 2025-06-24","2025-06-25","2025-06-26 to 2025-06-27","2025-06-30","2025-07-01","2025-07-03","2025-07-04","2025-07-06","2025-07-07 to 2025-07-08","2025-07-09","2025-07-10 to 2025-07-13","2025-07-14 to 2025-07-15","2025-07-16 to 2025-07-17","2025-07-18","2025-07-19","2025-07-20","2025-07-21","2025-07-22","2025-07-23","2025-07-24","2025-07-25","2025-07-26","2025-07-27","2025-07-28 to 2025-07-31","2025-08-01","2025-08-02","2025-08-03","2025-08-04","2025-08-05","2025-08-06","2025-08-07","2025-08-08 to 2025-08-09","2025-08-10","2025-08-11 to 2025-08-12","2025-08-13","2025-08-14","2025-08-15","2025-08-16 to 2025-08-18","2025-08-19","2025-08-20","2025-08-21","2025-08-22","2025-08-23","2025-08-24","2025-08-25","2025-08-26","2025-08-27","2025-08-28 to 2025-08-31","2026-03-31 to 2026-04-11"]},"isWeightTemplate":false,"isTemplate":false,"min_quantity":"1","quantity_decimal":false,"quantity_step":"1","quantity_label":"Quantity","repeater_field_label":"{field_label}","repeater_bind":"","gt_translate_keys":["label","repeater_field_label","quantity_label"],"price_dependency":false,"cl_dependency":false,"value":""}],[{"active":true,"col":6,"relations":false,"cl_rule":"show","enableCl":false,"price":"","enablePrice":true,"className":"","label_position":"default","desc_position":"default","type":"select","required":false,"elementId":"select_965dcbfa9364eb","label":"\ud83d\udc64 Group Size","name":"select_965dcbfa9364eb","values":[{"label":"1 Person (990\u20ac)","value":"1 Person","selected":false,"tempId":"aco_670","price":"990","gt_translate_keys":["label"]},{"label":"2 People (990\u20ac)","value":"2 People","selected":false,"tempId":"aco_671","price":"990","gt_translate_keys":["label"]},{"label":"3 People (990\u20ac)","value":"3 People","selected":false,"tempId":"aco_672","price":"990","gt_translate_keys":["label"]},{"label":"4 People (990\u20ac)","value":"4 People","selected":false,"tempId":"aco_898","price":"990","gt_translate_keys":["label"]},{"label":"5 People (990\u20ac)","value":"5 People","selected":false,"tempId":"aco_908","price":"990","gt_translate_keys":["label"]},{"label":"6 People (990\u20ac)","value":"6 People","selected":false,"tempId":"aco_1062","price":"990","gt_translate_keys":["label"]},{"label":"\u2500 Beyond 6 people, each extra person costs \u20ac165 \u2500","value":"\u2500 Beyond 6 people, each extra person costs \u20ac165 \u2500","selected":false,"tempId":"aco_1784","price":"990","gt_translate_keys":["label"]},{"label":"7 People (1.155\u20ac)","value":"7 People","selected":false,"tempId":"aco_2967","price":"1155","gt_translate_keys":["label"]},{"label":"8 People (1.320\u20ac)","value":"8 People","selected":false,"tempId":"aco_3049","price":"1320","gt_translate_keys":["label"]},{"label":"9 People (1.485\u20ac)","value":"9 People","selected":false,"tempId":"aco_3131","price":"1485","gt_translate_keys":["label"]},{"label":"10 People (1.650\u20ac)","value":"10 People","selected":false,"tempId":"aco_3213","price":"1650","gt_translate_keys":["label"]}],"dropdown_type":"basic","error":false,"placeholder":"None","priceOptions":"different_for_all","pricingType":"fixed","gt_translate_keys":["label","placeholder"],"price_dependency":false,"cl_dependency":false,"value":""}]]}},"config":{"price_override":"always","enable_recaptcha":false,"bind_quantity":false,"quantity_bind_formula":false,"disp_summ_show_option_price":false,"disp_summ_show_product_price":false,"disp_summ_show_total_price":true,"disp_summ_show_fee":false,"disp_summ_show_discount":false,"summary_title":"","options_total_label":"Options Price","total_label":"Total","options_product_label":"Product Price","fee_label":"Fee","discount_label":"Discount","has_price":true,"has_quantity_formula":false},"mc_unit":1,"tax_rate":1,"tax_rate_real":1,"discount":{"percentage":0,"fixed":0},"design":{"conf":{"LabelPosition":"above","DescPosition":"above","UploadField":"custom_1","QuantityFieldStyle":"custom_1"},"css":{"LeftLabelWidth":"120px"}},"formulas":[],"lookuptables":[],"clones":false,"cartKey":false}},"_links":{"self":[{"href":"https:\/\/canaryvip.com\/et\/wp-json\/wp\/v2\/product\/8821","targetHints":{"allow":["GET"]}}],"collection":[{"href":"https:\/\/canaryvip.com\/et\/wp-json\/wp\/v2\/product"}],"about":[{"href":"https:\/\/canaryvip.com\/et\/wp-json\/wp\/v2\/types\/product"}],"replies":[{"embeddable":true,"href":"https:\/\/canaryvip.com\/et\/wp-json\/wp\/v2\/comments?post=8821"}],"wp:featuredmedia":[{"embeddable":true,"href":"https:\/\/canaryvip.com\/et\/wp-json\/wp\/v2\/media\/8827"}],"wp:attachment":[{"href":"https:\/\/canaryvip.com\/et\/wp-json\/wp\/v2\/media?parent=8821"}],"wp:term":[{"taxonomy":"product_brand","embeddable":true,"href":"https:\/\/canaryvip.com\/et\/wp-json\/wp\/v2\/product_brand?post=8821"},{"taxonomy":"product_cat","embeddable":true,"href":"https:\/\/canaryvip.com\/et\/wp-json\/wp\/v2\/product_cat?post=8821"},{"taxonomy":"product_tag","embeddable":true,"href":"https:\/\/canaryvip.com\/et\/wp-json\/wp\/v2\/product_tag?post=8821"}],"curies":[{"name":"wp","href":"https:\/\/api.w.org\/{rel}","templated":true}]}}