{"id":8817,"date":"2024-01-15T12:16:37","date_gmt":"2024-01-15T12:16:37","guid":{"rendered":"https:\/\/canaryvip.com\/?post_type=product&#038;p=8817"},"modified":"2025-09-19T12:01:26","modified_gmt":"2025-09-19T11:01:26","slug":"siam-park-vip-cabin","status":"publish","type":"product","link":"https:\/\/canaryvip.com\/et\/shop\/siam-park-vip-cabin\/","title":{"rendered":"Siam Park VIP-kabiin"},"content":{"rendered":"<section class=\"l-section wpb_row height_medium\"><div class=\"l-section-h i-cf\"><div class=\"g-cols vc_row via_flex valign_top type_default stacking_default\"><div class=\"vc_col-sm-12 wpb_column vc_column_container\"><div class=\"vc_column-inner\"><div class=\"wpb_wrapper\"><div class=\"wpb_text_column\"><div class=\"wpb_wrapper\"><h2><strong>\ud83c\udfdd\ufe0f Siam Park VIP Cabana Experience koos CanaryVIP-ga<\/strong><\/h2>\n<p>Tere tulemast Siam Park-sse, Tenerife parimasse veekuningriiki, mis on tuntud oma p\u00f5nevate atraktsioonide, uimastavate maastike ja \u00fclima veeseikluse poolest. Alates adrenaliinipumpamisest <strong>V\u00f5imu torn<\/strong> l\u00f5\u00f5gastavale <strong>Mai Tai j\u00f5gi,<\/strong>\u00a0on midagi iga\u00fchele. Sukelduge maailma, kus p\u00f5nevus ja l\u00f5\u00f5gastus kohtuvad, ja tehke oma visiit t\u00f5eliselt unustamatuks koos <strong>VIP Cabana kogemus. <\/strong><\/p>\n<p>Avastage, miks Siam Park on parim sihtkoht pere l\u00f5butsemiseks, l\u00f5\u00f5gastumiseks ja seiklusteks troopilises paradiisis. Kogege parimat veem\u00f5nusid ja looge m\u00e4lestusi, mis kestavad kogu eluks.<\/p>\n<h3><strong>\ud83c\udf1f Eksklusiivne Cabana valik<\/strong><\/h3>\n<ul>\n<li><strong>Tai inspireeritud teemad<\/strong>: Valige Cabana Phuket, Chiang Mai v\u00f5i Rataburi, millest iga\u00fcks on Tai inspireeritud rahulik p\u00fchapaik.<\/li>\n<li><strong>V\u00f5rratu mugavus<\/strong>: Nautige pehmed diivanid, privaatne terrass du\u0161\u0161 ja p\u00e4ikesevannid, mis tagavad \u00fclima l\u00f5\u00f5gastumise ja luksuse.<\/li>\n<li><strong>Kaasa arvatud r\u00e4tikud<\/strong>: Pole vaja muretseda r\u00e4tikute pakkimise p\u00e4rast; need on teie jaoks olemas.<\/li>\n<li><strong>Ventilaator mugavuse jaoks<\/strong>: J\u00e4\u00e4ge jahedaks kaasasoleva ventilaatoriga.<\/li>\n<li><strong>Kindlustage oma vara<\/strong>: Kasutage oma meelerahu tagamiseks turvakappi.<\/li>\n<\/ul>\n<h3><strong>\ud83c\udfa5 Kabiinisisene meelelahutus ja mugavus<\/strong><\/h3>\n<ul>\n<li><strong>TV ja DVD-m\u00e4ngija<\/strong>: Igas kabaanis on televiisor ja DVD-m\u00e4ngija teie meelelahutusvajaduste rahuldamiseks.<\/li>\n<li><strong>V\u00e4rskendused k\u00e4ep\u00e4rast<\/strong>: Minibaar, mis on varustatud mitmesuguste jookidega, et rahuldada teie eelistusi.<\/li>\n<\/ul>\n<h3><strong>\ud83c\udfa2 Eelisjuurdep\u00e4\u00e4s VIP-pikapassiga<\/strong><\/h3>\n<ul>\n<li><strong>Kohene atraktsioon sisenemine<\/strong>: VIP-k\u00fclalistele m\u00f5eldud spetsiaalsete k\u00e4epaeladega saate kohe p\u00e4\u00e4seda k\u00f5ikidesse atraktsioonidesse, v\u00e4ltides j\u00e4rjekorrad ja maksimeerides oma l\u00f5busat aega.<\/li>\n<\/ul>\n<h3>\ud83c\udf74 <strong>All-inclusive toitlustamine ja joogid<\/strong><\/h3>\n<ul>\n<li><strong>Mitmek\u00fclgsed s\u00f6\u00f6gikohad<\/strong>: Nautige pargis mitmesuguseid kulinaarseid valikuid, mis rahuldavad k\u00f5iki maitseid.<\/li>\n<li><strong>Piiramatu arv jooke<\/strong>: Nautige tasuta karastusjooke, \u00f5lut, vett ja j\u00e4\u00e4tist, mis tagab teie niisutuse ja rahulolu.<\/li>\n<\/ul>\n<h3><strong>\ud83d\udcb0 Erakordne hinnakujundus ja v\u00e4\u00e4rtus<\/strong><\/h3>\n<ul>\n<li><strong>\u00dcldine m\u00e4\u00e4r<\/strong>: VIP-kabaana maksab 610\u20ac ja mahutab 1 kuni 4 k\u00fclalist. Olenemata sellest, kas tegemist on sooloseiklusega v\u00f5i neljaliikmelise grupiga, j\u00e4\u00e4b hind samaks, tagades eksklusiivsuse ja privaatsuse.<\/li>\n<li><strong>Ekstra k\u00fclaliste paindlikkus<\/strong>: Kui teie grupis on rohkem kui neli inimest, on teil v\u00f5imalus lisada kuni 2 lisak\u00fclalist 151\u20ac eest, mis teeb selle mitmek\u00fclgseks erinevate grupi suuruste jaoks.<\/li>\n<li><strong>Suvised erihinnad:<\/strong> Lukustage need hinnad isegi kiiretel suvekuudel juulis ja augustis.<\/li>\n<li><strong>Varajase broneeringu eelis:<\/strong> V\u00e4ltige hinnat\u00f5usu, tehes broneeringu kohe - kindlustage t\u00e4nane hind oma tulevase k\u00fclastuse jaoks!<\/li>\n<\/ul>\n<h3><strong>\ud83d\ude8c Mugav ja tasuta transport<\/strong><\/h3>\n<ul>\n<li><strong>Stressivaba reisimine<\/strong>: Kasutage tasuta Siam Parki bussiteenust, mis pakub regulaarset ja mugavat transporti.<\/li>\n<li><strong>Lai katvus<\/strong>: Mitmed pealev\u00f5tmiskohad kogu Tenerifel, et p\u00e4\u00e4seda h\u00f5lpsasti parki ja sealt tagasi.<\/li>\n<\/ul>\n<h3><strong>\u23f0 Planeeri oma \u00fclim kogemus<\/strong><\/h3>\n<ul>\n<li><strong>Avatud aastaringselt<\/strong>: Suvi (10.00 - 18.00), talv (10.00 - 17.00).<\/li>\n<li><strong>Ligip\u00e4\u00e4setav ja maastikuline<\/strong>: Asub elavas Costa Adejes, \u00fchendades kaunid vaated ja h\u00f5lpsa ligip\u00e4\u00e4setavuse.<\/li>\n<\/ul>\n<h3><strong>\ud83d\udd14 Teie luksuslik seiklus ootab teid koos CanaryVIP-ga<\/strong><\/h3>\n<ul>\n<li><strong>Astuge luksusesse<\/strong>: Suurendage oma Siam Parki k\u00fclastust VIP-kabaanis viibimisega.<\/li>\n<li><strong>Loo unustamatuid m\u00e4lestusi<\/strong>: Broneerige juba t\u00e4na ja alustage luksuslikku, p\u00f5nevat ja unustamatuid hetki pakkuvat reisi.<\/li>\n<\/ul>\n<h3><b>\u274c T\u00fchistamistingimused<\/b><\/h3>\n<ul>\n<li style=\"font-weight: 400;\" aria-level=\"1\"><span style=\"font-weight: 400;\">T\u00fchistatud broneeringud <\/span><b>\u00fcks kuu v\u00f5i rohkem enne tegevuse alguskuup\u00e4eva<\/b><span style=\"font-weight: 400;\"> ei v\u00f5eta tasu.<\/span>&nbsp;<\/li>\n<li style=\"font-weight: 400;\" aria-level=\"1\"><span style=\"font-weight: 400;\">T\u00fchistatud broneeringud <\/span><b>\u00fcks kuu kuni 7 p\u00e4eva enne<\/b><span style=\"font-weight: 400;\"> v\u00f5etakse tasu <\/span><b>60% kogusummast<\/b><span style=\"font-weight: 400;\">.<\/span>&nbsp;<\/li>\n<li style=\"font-weight: 400;\" aria-level=\"1\"><span style=\"font-weight: 400;\">T\u00fchistatud broneeringud <\/span><b>v\u00e4hem kui 7 p\u00e4eva ette<\/b><span style=\"font-weight: 400;\"> v\u00f5etakse tasu <\/span><b>kogu summa (100%)<\/b><span style=\"font-weight: 400;\">.<\/span><\/li>\n<\/ul>\n<h3>\ud83c\udf1f T\u00f5sta oma seiklus koos CanaryVIP-ga<\/h3>\n<p>Broneerige oma VIP-kabana kogemus CanaryVIP-ga juba t\u00e4na ja tagage, et teie visiit Siam Park-sse on luksuslik ja unustamatu. Nautige eksklusiivseid eeliseid, eelisjuurdep\u00e4\u00e4su ja erakordset mugavust, mis muudab iga hetke teie seiklusest t\u00f5eliselt eriliseks.<\/p>\n<p>\u00c4rge j\u00e4tke kasutamata seda v\u00f5imalust luua p\u00fcsivaid m\u00e4lestusi Tenerife parimas veekuningriigis. Kindlustage oma VIP-kabana kohe ja alustage l\u00f5\u00f5gastumise, p\u00f5nevuse ja luksuse \u00fclimat teekonda!<\/p>\n<\/div><\/div><\/div><\/div><\/div><\/div><\/div><\/section>","protected":false},"excerpt":{"rendered":"<p><strong>\ud83d\udd0d Siam Park Cabana:<\/strong><br \/>\n\u2705 Turvaline makse.<br \/>\n\ud83d\ude80 Kogu p\u00e4eva VIP-pikapass.<br \/>\n\ud83d\udc68\u200d\ud83d\udc69\u200d\ud83d\udc66 Hind 4 k\u00fclalisele.<br \/>\n\ud83d\udc65 Mahutab kuni 6 inimest.<br \/>\n\ud83d\udd10 Kaubakapp ja r\u00e4tikud kaasa arvatud.<br \/>\n\ud83c\udf54 Piiramatu toit.<br \/>\n\ud83c\udf7a Piiramatu kogus karastusjooke ja \u00f5lut.<br \/>\n\ud83c\udfe0 Rohkem ruumi? Vaadake <a href=\"https:\/\/canaryvip.com\/et\/shop\/siam-park-vip-house\/\">Siam Park House<\/a>.<br \/>\n\ud83e\udd11 Parim hind garanteeritud.<br \/>\n\ud83d\ude8d Tasuta bussiliin.<br \/>\n\ud83c\udf0d Toetus mitmes keeles.<br \/>\n\ud83c\udf1f Broneeri kohe ja s\u00e4\u00e4sta!<br \/>\n\ud83d\udc32 Avasta <a href=\"https:\/\/canaryvip.com\/et\/product-category\/tenerife\/theme-parks-tenerife\/siam-park-tickets\/\">k\u00f5ik Siam Parki piletid siin<\/a>!<br \/>\n\ud83d\udccd Leia <a href=\"https:\/\/maps.app.goo.gl\/UfftQG3CrqW5R81r9\">Siami park Google Mapsis<\/a>!<\/p>","protected":false},"featured_media":8819,"comment_status":"open","ping_status":"closed","template":"","meta":{"_acf_changed":false},"product_brand":[],"product_cat":[54,55],"product_tag":[],"class_list":{"0":"post-8817","1":"product","2":"type-product","3":"status-publish","4":"has-post-thumbnail","6":"product_cat-theme-parks","7":"product_cat-siam-park-tickets","8":"wcpa_has_options","10":"first","11":"instock","12":"virtual","13":"purchasable","14":"product-type-simple"},"acf":[],"wcpa_form_fields":{"wcpaData":{"product":{"product_price":660,"price_html":"From&nbsp;<span class=\"woocommerce-Price-amount amount\"><bdi>660,00&nbsp;<span class=\"woocommerce-Price-currencySymbol\">&euro;<\/span><\/bdi><\/span>","original_product_price":660,"price_including_tax":660,"price_excluding_tax":660,"product_id":{"parent":8817,"variation":false},"is_variable":false,"stock_status":"instock","stock_quantity":null,"parent_sku":"CV8817","product_attributes":[],"custom_fields":[],"is_taxable":false,"product_name":"Siam Park VIP Cabin","hasImage":false},"fields":{"sec_765dcbaa6daedc":{"extra":{"key":"sec_765dcbaa6daedc","section_id":"sec_765dcbaa6daedc","name":"Default","status":1,"cl_rule":"show","enableCl":false,"relations":[],"toggle":true,"title_tag":"h3","show_title":false,"showPrice":"default","form_id":10122,"form_rules":{"exclude_from_discount":true,"fee_label":"Fee","disp_hide_options_price":true,"disp_show_section_price":false,"disp_show_field_price":true,"layout_option":"standard","pric_use_as_fee":false,"process_fee_as":"woo_fee"},"layout_option":"standard"},"fields":[[{"active":true,"col":6,"relations":false,"cl_rule":"show","enableCl":false,"price":"","enablePrice":false,"className":"","label_position":"default","desc_position":"default","type":"date","required":false,"elementId":"date_9651671511","name":"date_9651671511","label":"\ud83d\udcc5 Date","picker_type":"custom","picker_mode":"single","error":false,"date_pic_inline":true,"date_pic_inline_hide":true,"min_date":{"type":"days","val":"3"},"max_date":{"type":"days_from_min","val":"700"},"date_pic_conf":{"disabledDates":["2025-07-01 to 2025-08-31","2025-10-01 to 2025-11-01","2026-04-01","2026-04-02 to 2026-04-07","2026-04-08"],"enabledDates":[]},"isWeightTemplate":false,"isTemplate":false,"min_quantity":"1","quantity_decimal":false,"quantity_step":"1","quantity_label":"Quantity","repeater_field_label":"{field_label}","repeater_bind":"","gt_translate_keys":["label","repeater_field_label","quantity_label"],"price_dependency":false,"cl_dependency":false,"value":""}],[{"active":true,"col":6,"relations":false,"cl_rule":"show","enableCl":false,"price":"","enablePrice":true,"className":"","label_position":"default","desc_position":"default","type":"select","required":false,"elementId":"select_5229375457","label":"\ud83d\udc64 Group Size","name":"select_5229375457","values":[{"label":"1 Person (660\u20ac)","value":"1 Person","selected":false,"tempId":"aco_670","price":"660","gt_translate_keys":["label"]},{"label":"2 People (660\u20ac)","value":"2 People","selected":false,"tempId":"aco_671","price":"660","gt_translate_keys":["label"]},{"label":"3 People (660\u20ac)","value":"3 People","selected":false,"tempId":"aco_672","price":"660","gt_translate_keys":["label"]},{"label":"4 People (660\u20ac)","value":"4 People","selected":false,"tempId":"aco_898","price":"660","gt_translate_keys":["label"]},{"label":"\u2500 Beyond 4 people, each extra person costs \u20ac165 \u2500","value":"\u2500 Beyond 4 people, each extra person costs \u20ac165 \u2500","selected":false,"tempId":"aco_1784","price":"660","gt_translate_keys":["label"]},{"label":"5 People (825\u20ac)","value":"5 People","selected":false,"tempId":"aco_908","price":"825","gt_translate_keys":["label"]},{"label":"6 People (990\u20ac)","value":"6 People","selected":false,"tempId":"aco_1062","price":"990","gt_translate_keys":["label"]}],"dropdown_type":"basic","error":false,"placeholder":"None","priceOptions":"different_for_all","pricingType":"fixed","gt_translate_keys":["label","placeholder"],"price_dependency":false,"cl_dependency":false,"value":""}]]}},"config":{"price_override":"always","enable_recaptcha":false,"bind_quantity":false,"quantity_bind_formula":false,"disp_summ_show_option_price":false,"disp_summ_show_product_price":false,"disp_summ_show_total_price":true,"disp_summ_show_fee":false,"disp_summ_show_discount":false,"summary_title":"","options_total_label":"Options Price","total_label":"Total","options_product_label":"Product Price","fee_label":"Fee","discount_label":"Discount","has_price":true,"has_quantity_formula":false},"mc_unit":1,"tax_rate":1,"tax_rate_real":1,"discount":{"percentage":0,"fixed":0},"design":{"conf":{"LabelPosition":"above","DescPosition":"above","UploadField":"custom_1","QuantityFieldStyle":"custom_1"},"css":{"LeftLabelWidth":"120px"}},"formulas":[],"lookuptables":[],"clones":false,"cartKey":false}},"_links":{"self":[{"href":"https:\/\/canaryvip.com\/et\/wp-json\/wp\/v2\/product\/8817","targetHints":{"allow":["GET"]}}],"collection":[{"href":"https:\/\/canaryvip.com\/et\/wp-json\/wp\/v2\/product"}],"about":[{"href":"https:\/\/canaryvip.com\/et\/wp-json\/wp\/v2\/types\/product"}],"replies":[{"embeddable":true,"href":"https:\/\/canaryvip.com\/et\/wp-json\/wp\/v2\/comments?post=8817"}],"wp:featuredmedia":[{"embeddable":true,"href":"https:\/\/canaryvip.com\/et\/wp-json\/wp\/v2\/media\/8819"}],"wp:attachment":[{"href":"https:\/\/canaryvip.com\/et\/wp-json\/wp\/v2\/media?parent=8817"}],"wp:term":[{"taxonomy":"product_brand","embeddable":true,"href":"https:\/\/canaryvip.com\/et\/wp-json\/wp\/v2\/product_brand?post=8817"},{"taxonomy":"product_cat","embeddable":true,"href":"https:\/\/canaryvip.com\/et\/wp-json\/wp\/v2\/product_cat?post=8817"},{"taxonomy":"product_tag","embeddable":true,"href":"https:\/\/canaryvip.com\/et\/wp-json\/wp\/v2\/product_tag?post=8817"}],"curies":[{"name":"wp","href":"https:\/\/api.w.org\/{rel}","templated":true}]}}