{"id":8688,"date":"2024-01-12T17:20:38","date_gmt":"2024-01-12T16:20:38","guid":{"rendered":"https:\/\/canaryvip.com\/?post_type=product&#038;p=8688"},"modified":"2026-03-06T17:11:19","modified_gmt":"2026-03-06T17:11:19","slug":"loro-parque-tickets","status":"publish","type":"product","link":"https:\/\/canaryvip.com\/et\/shop\/loro-parque-tickets\/","title":{"rendered":"Osta Loro Parque pileteid"},"content":{"rendered":"<h2>\ud83c\udf05 Loro Parque piletid<\/h2>\n<p>Astu lummavasse maailma, kus saad <strong>Loro Parque piletid,<\/strong> Puerto de la Cruzis, Tenerife p\u00f5hjaosas asuv mitmekesise looduse ja loodusliku ilu paradiis. See tuntud park pakub ainulaadset segu looduskaitsest, haridusest ja meelelahutusest, mist\u00f5ttu on see kohustuslik k\u00fclastuskoht nii looduses\u00f5pradele kui ka seikluste otsijatele.<\/p>\n<p>Imetlege h\u00e4mmastavat loomade mitmekesisust, alates majesteetlikest tiigritest kuni m\u00e4nguliste delfiinideni, ning sukelduge kaunilt kujundatud aedadesse ja lopsakasse troopilisse keskkonda. Kogege igal sammul \u00fclimat seiklust ja avastamist, luues unustamatuid m\u00e4lestusi igas vanuses k\u00fclastajatele.<\/p>\n<p><strong>Osta Loro Parque pileteid<\/strong> l\u00e4bi CanaryVIP, et p\u00e4\u00e4seda h\u00f5lpsasti sellesse lummavasse loomaaeda, kus looduse imed ootavad teid pimestama ja r\u00f5\u00f5mustama. Nautige sujuvat kogemust ja keskenduge p\u00f5nevusele ja ilule, mida Loro Parque pakub.<\/p>\n<h3>\ud83c\udfad Kohustuslikud loomaloomade n\u00e4itused<\/h3>\n<p>Oma CanaryVIP piletiga saad nautida juurdep\u00e4\u00e4su Loro Parque'i tuntud loomashowdele:<\/p>\n<ul>\n<li><strong>Orca Show<\/strong>: Tunnista nende majesteetlike olendite j\u00f5udu.<\/li>\n<li><strong>Delfiinide n\u00e4itus<\/strong>: Imestage m\u00e4nguliste ja intelligentsete delfiinide \u00fcle.<\/li>\n<li><strong>Meril\u00f5vi show<\/strong>: Nautige nende v\u00f5luvate loomade tembutamist.<\/li>\n<li><strong>Papagoi n\u00e4itus<\/strong>: H\u00e4mmastuge erinevate papagoi liikide v\u00e4rvidest ja oskustest.<\/li>\n<li><strong>Looduse n\u00e4gemine<\/strong>: 20-minutiline filmiline reis loodusesse.<\/li>\n<\/ul>\n<h3>\ud83d\udc3e Avasta eluslooduse imesid<\/h3>\n<p>Alustage hingematvat teekonda keset Tai inspireeritud oaasi.<\/p>\n<p><span style=\"text-decoration: underline;\">Kogege aukartust:<\/span><\/p>\n<ul>\n<li>Kohtumine majesteetlike jaaguaride, l\u00f5vide ja tiigritega<\/li>\n<li>Gorillade tugevuse ja punaste pandade v\u00f5lu j\u00e4lgimine<\/li>\n<li>M\u00e4nguliste merel\u00f5vide nautimine<\/li>\n<li>\u00dcle 400 papagoi liigi ulatusliku valiku imetlemine<\/li>\n<li>Sukeldumine hai- ja meduusatankide veeimestesse<\/li>\n<li>Pingviinide, delfiinide ja vaalaliste eksponaatide vaimustuses olemine.<\/li>\n<\/ul>\n<h4>\ud83d\ude8d Tasuta bussitransfeerid L\u00f5una-Tenerifelt<\/h4>\n<p>Naudi meie lihtsat bussiteenust sellistest populaarsetest kohtadest nagu Costa Adeje, Playa de las Am\u00e9ricas ja Los Cristianos. Istuge maha ja nautige oma eelseisvast seiklusest, samal ajal kui meie hoolitseme selle eest, et teid kohale toimetada. Meie t\u00e4ielikult konditsioneeritud bussid tagavad sujuva ja meeldiva s\u00f5idu kuni Loro Parque-sse.<\/p>\n<h4>\ud83c\udfab Paindlikud piletim\u00fc\u00fcgiv\u00f5imalused<\/h4>\n<p>Loro Parque'i pilet CanaryVIP.com'i kaudu pakub v\u00f5imalust k\u00fclastada seda mis tahes p\u00e4eval 6 kuu jooksul alates ostukuup\u00e4evast. Nautige vabadust planeerida oma k\u00fclastust oma \u00e4ran\u00e4gemise j\u00e4rgi.<\/p>\n<h4>\ud83d\udc6f Kaksikpiletite eripakkumine: Loro Parque + Siam Park<\/h4>\n<p>Maksimeerige oma Tenerife seiklus meie eksklusiivse <a href=\"https:\/\/canaryvip.com\/et\/shop\/twin-ticket-siam-park-and-loro-parque\/\">Kaksikpileti pakkumine<\/a>. Kogege nii Loro Parque kui ka Siam Park imesid soodushinnaga. Nautige Siam Park p\u00f5nevat vees\u00f5itu ja Loro Parque metsloomade eksponaatide lummavat ilu \u00fche mugava piletiga. Kaks unustamatut elamust, \u00fcks uskumatu hind.<\/p>\n<p>\u00c4ra j\u00e4ta seda \u00fcletamatut pakkumist kasutamata - haara oma Twin Ticket juba t\u00e4na ja loo m\u00e4lestusi, mis kestavad kogu elu!<\/p>\n<h4>\ud83d\udccd Asukoht<\/h4>\n<p>Loro Parque asub Puerto de la Cruzi maalilises piirkonnas, P\u00f5hja-Tenerifel. Valikuline transporditeenus on saadaval Tenerife l\u00f5una- v\u00f5i p\u00f5hjaosast. <a href=\"https:\/\/www.google.com\/maps\/place\/Loro+Parque\/@28.408541,-16.5661227,15z\/data=!4m6!3m5!1s0xc6a7fc6f1bca7a1:0x2d783f66b7a8b668!8m2!3d28.408541!4d-16.5661227!16zL20vMDhmampn?entry=tts\" target=\"_blank\" rel=\"noopener\">Kontrollige aadressi Google Mapsis<\/a>.<\/p>\n<h4>\ud83c\udf1f Miks osta pileteid CanaryVIP.com'ist?<\/h4>\n<p>Sukeldu Loro Parque lummavasse maailma koos CanaryVIP-ga, mis on sinu esimene valik, et saada <strong>osta Loro Parque pileteid.<\/strong>\u00a0Kui te otsustate <strong>osta Loro Parque pileteid<\/strong> CanaryVIP kaudu ei saa te mitte ainult lihtsat broneerimisprotsessi, vaid ka m\u00e4rkimisv\u00e4\u00e4rset kasu sellest, et p\u00e4\u00e4sete pargis piletite ostmisel pikkade j\u00e4rjekordade vahele.<\/p>\n<p>Meie ainulaadsed pakkumised on v\u00f5rratu, pakkudes suurt v\u00e4\u00e4rtust ja paindlikkust, et k\u00fclastada Loro Parque'i imesid vastavalt oma ajakavale. Alates elavatest loomashowdest kuni majesteetliku eluslooduse l\u00e4hedale j\u00f5udmiseni v\u00f5i lihtsalt uimastavate loodusmaastike nautimisest, on otsus, et <strong>osta Loro Parque pileteid alates<\/strong>m CanaryVIP on teie pilet sujuvasse ja unustamatusse seiklusesse Tenerife loodusparadiisi s\u00fcdames.<\/p>\n<p><span style=\"text-decoration: underline;\">Broneeri oma Loro Parque seiklus juba t\u00e4na!<\/span><\/p>","protected":false},"excerpt":{"rendered":"<p><strong>\ud83d\udd0d Loro Parque'i sissep\u00e4\u00e4supassid:<\/strong><br \/>\n\u2705 Turvaline makse.<br \/>\n\ud83d\ude80 Kiirsissekanne passiomanikele.<br \/>\n\ud83d\udd59 Avatud 09:30-17:30.<br \/>\n\ud83d\udc2c Juurdep\u00e4\u00e4s k\u00f5ikidele saadetele.<br \/>\n\ud83e\udd11 Parim hind garanteeritud.<br \/>\n\ud83d\ude8d Bussiteenus saadaval.<br \/>\n\ud83d\udc6a Grupibroneeringute allahindlused.<br \/>\n\ud83d\udd0d Kontrollida <a href=\"https:\/\/canaryvip.com\/wp-content\/uploads\/2024\/01\/Map_ING_LOROPARQUE.pdf\">Loro Parque kaart<\/a>.<br \/>\n\ud83d\udd01 Kuni 72h t\u00fchistamine.<br \/>\n\ud83c\udf0d Toetus mitmes keeles.<br \/>\n\ud83c\udf1f Broneeri kohe ja s\u00e4\u00e4sta!<br \/>\n2\ufe0f\u20e3 Kontrollige pakkumist <a href=\"https:\/\/canaryvip.com\/et\/shop\/buy-twin-ticket-siam-park-and-loro-parque\/\">Siam + Loro Parque<\/a>.<br \/>\n\ud83d\udc32 Avasta <a href=\"https:\/\/canaryvip.com\/et\/product-category\/tenerife\/theme-parks-tenerife\/loro-parque-tickets\/\">k\u00f5ik Loro Parque piletid siin<\/a>!<br \/>\n\ud83d\udccd Leia <a href=\"https:\/\/maps.app.goo.gl\/Rt8EAYEVgmkqjJry8\">Loro Parque Google Mapsis<\/a>!<\/p>","protected":false},"featured_media":8690,"comment_status":"open","ping_status":"closed","template":"","meta":{"_acf_changed":false},"product_brand":[],"product_cat":[54,56],"product_tag":[],"class_list":{"0":"post-8688","1":"product","2":"type-product","3":"status-publish","4":"has-post-thumbnail","6":"product_cat-theme-parks","7":"product_cat-loro-parque-tickets","8":"wcpa_has_options","10":"first","11":"instock","12":"virtual","13":"purchasable","14":"product-type-simple"},"acf":[],"wcpa_form_fields":{"wcpaData":{"product":{"product_price":44,"price_html":"From&nbsp;<span class=\"woocommerce-Price-amount amount\"><bdi>44,00&nbsp;<span class=\"woocommerce-Price-currencySymbol\">&euro;<\/span><\/bdi><\/span>","original_product_price":44,"price_including_tax":44,"price_excluding_tax":44,"product_id":{"parent":8688,"variation":false},"is_variable":false,"stock_status":"instock","stock_quantity":null,"parent_sku":"CV8688","product_attributes":[],"custom_fields":[],"is_taxable":false,"product_name":"Buy Loro Parque Tickets","hasImage":false},"fields":{"sec_965dc8e939dab8":{"extra":{"key":"sec_965dc8e939dab8","section_id":"sec_965dc8e939dab8","name":"Default","status":1,"cl_rule":"show","enableCl":false,"relations":[],"toggle":true,"title_tag":"h3","show_title":false,"showPrice":"default","form_id":10118,"form_rules":{"exclude_from_discount":true,"fee_label":"Fee","disp_hide_options_price":true,"disp_show_section_price":false,"disp_show_field_price":true,"layout_option":"standard","pric_use_as_fee":false,"process_fee_as":"woo_fee"},"layout_option":"standard"},"fields":[[{"active":true,"col":6,"relations":false,"cl_rule":"show","enableCl":false,"price":"","enablePrice":false,"className":"","label_position":"default","desc_position":"default","type":"radio-group","required":false,"elementId":"radio_9896791015","label":"\ud83c\udf1f Type of Ticket","name":"radio_9896791015","values":[{"label":"Regular Tickets (44\u20ac)","value":"Regular Tickets","selected":false,"tempId":"aco_1071","description":"Regular Admission Tickets.","gt_translate_keys":["label","description"]},{"label":" All Inclusive Tickets (132\u20ac)","value":"All Inclusive Tickets","selected":false,"tempId":"aco_1072","description":"VIP admission with all-inclusive access: entry, Loro Parque cap, Loro Explore experience, reserved VIP seating at shows, and unlimited food and drinks at restaurants (excluding Gambian Market, shops, and bazaars).","gt_translate_keys":["label","description"]}],"layOut":"","error":false,"checkUi":"toggle","options_description":true,"gt_translate_keys":["label"],"price_dependency":false,"cl_dependency":[false,false,false],"value":""}]]},"sec_465dc8e939dadd":{"extra":{"key":"sec_465dc8e939dadd","section_id":"sec_465dc8e939dadd","name":"Loro Parque Regular Tickets","status":1,"cl_rule":"show","enableCl":true,"relations":[{"operator":false,"rules":[{"operator":"AND","rules":{"cl_field":"radio_9896791015","cl_relation":"is","cl_val":"Regular Tickets"}}]}],"toggle":true,"title_tag":"h4","show_title":false,"showPrice":"default","form_id":10118,"form_rules":{"exclude_from_discount":true,"fee_label":"Fee","disp_hide_options_price":true,"disp_show_section_price":false,"disp_show_field_price":true,"layout_option":"standard","pric_use_as_fee":false,"process_fee_as":"woo_fee"},"layout_option":"standard"},"fields":[[{"label":"\ud83d\udcc5 Date","active":true,"required":true,"elementId":"date_165dc8e939daea","picker_type":"custom","picker_mode":"single","placeholder":"","description":"","tooltip":"","name":"date_165dc8e939daea","label_position":"default","desc_position":"default","enablePrice":false,"className":"","enableCl":false,"relations":[{"operator":"and","rules":[{"operator":"AND","rules":{"cl_field":"radio-group_765dc8e939dadb","cl_relation":"is","cl_val":"3 Hour Trip"}}]}],"date_pic_inline":true,"date_pic_inline_hide":true,"min_date":{"type":"days","val":"0"},"max_date":{"type":"days","val":"365"},"date_pic_conf":{"disabledWeeks":[]},"price":"","cl_rule":"show","col":6,"type":"date","error":false,"enableDesign":false,"LabelColor":"","gt_translate_keys":["label","placeholder","description","tooltip"],"price_dependency":false,"cl_dependency":false,"value":""}],[{"elementId":"separator-8941951695","separatorType":"blank","className":"","height":"10","enableCl":false,"relations":false,"cl_rule":"show","col":6,"type":"separator","gt_translate_keys":[],"price_dependency":false,"cl_dependency":false,"value":""}],[{"active":true,"col":6,"relations":false,"cl_rule":"show","enableCl":false,"price":"","enablePrice":false,"className":"","label_position":"default","desc_position":"default","type":"content","required":false,"elementId":"content_1065dc8e939db00","label":"People","name":"content_1065dc8e939db00","contentType":"plain","value":"","error":false,"show_in_checkout":true,"inline":false,"gt_translate_keys":["label","value"],"price_dependency":false,"cl_dependency":false}],[{"active":true,"col":6,"relations":[{"operator":false,"rules":[{"operator":"AND","rules":{"cl_field":"","cl_relation":"","cl_val":""}}]}],"cl_rule":"show","enableCl":true,"price":"44","enablePrice":true,"className":"","label_position":"default","desc_position":"default","type":"radio-group","required":false,"elementId":"radio-group_1065dc8e939db0b","label":"","name":"radio-group_1065dc8e939db0b","values":[{"label":"\ud83d\udc64 Adult (44\u20ac)","value":"Adult (42\u20ac)","selected":true,"tempId":"aco_32","tooltip":"+12 Years","description":"","gt_translate_keys":["label","tooltip","description"]}],"layOut":"","error":false,"checkUi":"button","priceOptions":"fixed_for_all","pricingType":"fixed","enable_quantity":true,"quantity_label":"","min_quantity":"0","options_tooltip":true,"options_description":true,"gt_translate_keys":["label","quantity_label"],"price_dependency":false,"cl_dependency":false,"value":""}],[{"label":"","active":true,"required":false,"elementId":"radio-group_465dc8e939db16","name":"radio-group_465dc8e939db16","label_position":"default","desc_position":"default","enablePrice":true,"className":"","enableCl":false,"relations":false,"enable_quantity":true,"quantity_label":"","min_quantity":"0","checkUi":"button","layOut":"","values":[{"label":"\ud83d\udc66 Child (32\u20ac)","value":"Child","selected":true,"tempId":"aco_32","tooltip":"3-11 Years","description":"","gt_translate_keys":["label","tooltip","description"]}],"priceOptions":"fixed_for_all","pricingType":"fixed","price":"32","cl_rule":"show","col":6,"type":"radio-group","error":false,"options_tooltip":true,"options_description":true,"gt_translate_keys":["label","quantity_label"],"price_dependency":false,"cl_dependency":false,"value":""}],[{"label":"","active":true,"required":false,"elementId":"radio-group_165dc8e939db20","name":"radio-group_165dc8e939db20","label_position":"default","desc_position":"default","enablePrice":true,"className":"","enableCl":false,"relations":false,"enable_quantity":true,"quantity_label":"","min_quantity":"0","checkUi":"button","layOut":"","values":[{"label":"\ud83d\udc76 Toddler (Free)","value":"Toddler (Free)","selected":true,"tempId":"aco_32","tooltip":"0-2 Years","gt_translate_keys":["label","tooltip"]}],"priceOptions":"fixed_for_all","pricingType":"fixed","price":"0","cl_rule":"show","col":6,"type":"radio-group","error":false,"options_tooltip":true,"gt_translate_keys":["label","quantity_label"],"price_dependency":false,"cl_dependency":false,"value":""}]]},"sec_h18121qk243":{"extra":{"key":"sec_h18121qk243","section_id":"sec_h18121qk243","name":"Loro Parque All Inclusive","status":1,"cl_rule":"show","enableCl":true,"relations":[{"operator":false,"rules":[{"operator":"AND","rules":{"cl_field":"radio_9896791015","cl_relation":"is","cl_val":"All Inclusive Tickets"}}]}],"toggle":true,"title_tag":"h4","show_title":false,"showPrice":"default","form_id":10118,"form_rules":{"exclude_from_discount":true,"fee_label":"Fee","disp_hide_options_price":true,"disp_show_section_price":false,"disp_show_field_price":true,"layout_option":"standard","pric_use_as_fee":false,"process_fee_as":"woo_fee"},"layout_option":"standard"},"fields":[[{"label":"\ud83d\udcc5 Date","active":true,"required":true,"elementId":"date-2207631932","picker_type":"custom","picker_mode":"single","placeholder":"","description":"","tooltip":"","name":"date-2207631932","label_position":"default","desc_position":"default","enablePrice":false,"className":"","enableCl":false,"relations":[{"operator":"and","rules":[{"operator":"AND","rules":{"cl_field":"radio-group_765dc8e939dadb","cl_relation":"is","cl_val":"3 Hour Trip"}}]}],"enableDesign":false,"LabelColor":"","date_pic_inline":true,"date_pic_inline_hide":true,"min_date":{"type":"days","val":"4"},"max_date":{"type":"days","val":"365"},"date_pic_conf":{"disabledWeeks":[]},"price":"","cl_rule":"show","col":6,"type":"date","error":false,"gt_translate_keys":["label","placeholder","description","tooltip"],"price_dependency":false,"cl_dependency":false,"value":""}],[{"elementId":"separator-2207641933","separatorType":"blank","className":"","height":"10","enableCl":false,"relations":false,"cl_rule":"show","col":6,"type":"separator","gt_translate_keys":[],"price_dependency":false,"cl_dependency":false,"value":""}],[{"contentType":"plain","active":true,"label":"People","elementId":"content-2207641934","value":"","inline":false,"show_in_checkout":true,"name":"content-2207641934","enablePrice":false,"className":"","enableCl":false,"relations":false,"price":"","cl_rule":"show","col":6,"type":"content","gt_translate_keys":["label","value"],"price_dependency":false,"cl_dependency":false}],[{"label":"","active":true,"required":false,"elementId":"radio-group-2207641935","name":"radio-group-2207641935","label_position":"default","desc_position":"default","enablePrice":true,"className":"","enableCl":true,"relations":[{"operator":false,"rules":[{"operator":"AND","rules":{"cl_field":"","cl_relation":"","cl_val":""}}]}],"enable_quantity":true,"quantity_label":"","min_quantity":"0","checkUi":"button","layOut":"","options_tooltip":true,"options_description":true,"values":[{"label":"\ud83d\udc64 Adult or Child (132\u20ac)","value":"Adult","selected":true,"tempId":"aco_32","tooltip":"Equal pricing for adults and children.","description":"","gt_translate_keys":["label","tooltip","description"]}],"priceOptions":"fixed_for_all","pricingType":"fixed","price":"132","cl_rule":"show","col":6,"type":"radio-group","error":false,"gt_translate_keys":["label","quantity_label"],"price_dependency":false,"cl_dependency":false,"value":""}],[{"label":"","active":true,"required":false,"elementId":"radio-group-2207641937","name":"radio-group-2207641937","label_position":"default","desc_position":"default","enablePrice":true,"className":"","enableCl":false,"relations":false,"enable_quantity":true,"quantity_label":"","min_quantity":"0","checkUi":"button","layOut":"","options_tooltip":true,"values":[{"label":"\ud83d\udc76 Toddler (Free)","value":"Toddler (Free)","selected":true,"tempId":"aco_32","tooltip":"0-1 Years","gt_translate_keys":["label","tooltip"]}],"priceOptions":"fixed_for_all","pricingType":"fixed","price":"0","cl_rule":"show","col":6,"type":"radio-group","error":false,"gt_translate_keys":["label","quantity_label"],"price_dependency":false,"cl_dependency":false,"value":""}]]},"sec_1065dc8e939db8c":{"extra":{"key":"sec_1065dc8e939db8c","section_id":"sec_1065dc8e939db8c","name":"Transfer from South Tenerife?","status":1,"cl_rule":"show","enableCl":true,"relations":[{"operator":false,"rules":[{"operator":"AND","rules":{"cl_field":"radio_9896791015","cl_relation":"is_not_empty","cl_val":""}}]}],"toggle":true,"title_tag":"h4","show_title":false,"showPrice":"default","form_id":10118,"form_rules":{"exclude_from_discount":true,"fee_label":"Fee","disp_hide_options_price":true,"disp_show_section_price":false,"disp_show_field_price":true,"layout_option":"standard","pric_use_as_fee":false,"process_fee_as":"woo_fee"},"layout_option":"standard"},"fields":[[{"active":true,"col":6,"relations":false,"cl_rule":"show","enableCl":false,"price":"","enablePrice":false,"className":"","label_position":"default","desc_position":"default","type":"separator","required":false,"elementId":"separator_465dc8e939db96","label":"Separator Field","height":"10","separatorType":"blank","gt_translate_keys":["label"],"price_dependency":false,"cl_dependency":false,"value":""}],[{"active":true,"col":6,"relations":false,"cl_rule":"show","enableCl":false,"price":"","enablePrice":false,"className":"","label_position":"default","desc_position":"default","type":"checkbox-group","required":false,"elementId":"checkbox-group_565dc8e939dba0","label":"","name":"checkbox-group_565dc8e939dba0","values":[{"label":"Transfer from South Tenerife?","value":"Transfer from South Tenerife?","selected":false,"tempId":"aco_4311","description":"Need transport to Loro Parque from South Tenerife? Book our daily pickup from Costa Adeje and Los Cristianos. For Alcal\u00e1, Abama & Los Gigantes: pickup only on Mon, Wed, Thu & Sat. From Golf del Sur: only on Tue & Fri.","gt_translate_keys":["label","description"]}],"options_description":true,"error":false,"layOut":"","checkUi":"toggle","gt_translate_keys":["label"],"price_dependency":false,"cl_dependency":["radio-group_965dc8e939dbaa","radio-group_565dc8e939dbb4","radio-group_065dc8e939dbbe","text_2798566491"],"value":""}],[{"label":"","active":true,"required":false,"elementId":"radio-group_965dc8e939dbaa","name":"radio-group_965dc8e939dbaa","label_position":"default","desc_position":"default","enablePrice":true,"className":"","enableCl":true,"relations":[{"operator":false,"rules":[{"operator":"AND","rules":{"cl_field":"checkbox-group_565dc8e939dba0","cl_relation":"is_not_empty","cl_val":""}}]}],"enable_quantity":true,"quantity_label":"","min_quantity":"0","checkUi":"button","layOut":"","options_tooltip":true,"values":[{"label":"\ud83d\udc64 Adult (21\u20ac)","value":"Adult","selected":true,"tempId":"aco_32","tooltip":"+12 Years","gt_translate_keys":["label","tooltip"]}],"priceOptions":"fixed_for_all","pricingType":"fixed","price":"21","cl_rule":"show","col":6,"type":"radio-group","error":false,"gt_translate_keys":["label","quantity_label"],"price_dependency":false,"cl_dependency":false,"value":""}],[{"label":"","active":true,"required":false,"elementId":"radio-group_565dc8e939dbb4","name":"radio-group_565dc8e939dbb4","label_position":"default","desc_position":"default","enablePrice":true,"className":"","enableCl":true,"relations":[{"operator":false,"rules":[{"operator":"AND","rules":{"cl_field":"checkbox-group_565dc8e939dba0","cl_relation":"is_not_empty","cl_val":""}}]}],"enable_quantity":true,"quantity_label":"","min_quantity":"0","checkUi":"button","layOut":"","options_tooltip":true,"values":[{"label":"\ud83d\udc66 Child (17\u20ac)","value":"Child","selected":true,"tempId":"aco_32","tooltip":"2-11 Years","gt_translate_keys":["label","tooltip"]}],"priceOptions":"fixed_for_all","pricingType":"fixed","price":"17","cl_rule":"show","col":6,"type":"radio-group","error":false,"gt_translate_keys":["label","quantity_label"],"price_dependency":false,"cl_dependency":false,"value":""}],[{"label":"","active":true,"required":false,"elementId":"radio-group_065dc8e939dbbe","name":"radio-group_065dc8e939dbbe","label_position":"default","desc_position":"default","enablePrice":true,"className":"","enableCl":true,"relations":[{"operator":false,"rules":[{"operator":"AND","rules":{"cl_field":"checkbox-group_565dc8e939dba0","cl_relation":"is_not_empty","cl_val":""}}]}],"enable_quantity":true,"quantity_label":"","min_quantity":"0","checkUi":"button","layOut":"","options_tooltip":true,"values":[{"label":"\ud83d\udc76 Infant (Free)","value":"Infant (Free)","selected":true,"tempId":"aco_32","tooltip":"0-1 Years","gt_translate_keys":["label","tooltip"]}],"priceOptions":"fixed_for_all","pricingType":"fixed","price":"0","cl_rule":"show","col":6,"type":"radio-group","error":false,"gt_translate_keys":["label","quantity_label"],"price_dependency":false,"cl_dependency":false,"value":""}],[{"active":true,"col":6,"relations":[{"operator":false,"rules":[{"operator":"AND","rules":{"cl_field":"checkbox-group_565dc8e939dba0","cl_relation":"is_not_empty","cl_val":""}}]}],"cl_rule":"show","enableCl":true,"price":"","enablePrice":false,"className":"","label_position":"default","desc_position":"default","type":"text","subtype":"text","required":false,"elementId":"text_2798566491","label":"\ud83d\ude8c Pickup Location","name":"text_2798566491","value":"","error":false,"description":"Pick-up service in South Tenerife. Simply provide your address or hotel name.","gt_translate_keys":["label","description","value"],"price_dependency":false,"cl_dependency":false}]]}},"config":{"price_override":"if_gt_zero","enable_recaptcha":false,"bind_quantity":false,"quantity_bind_formula":false,"disp_summ_show_option_price":true,"disp_summ_show_product_price":false,"disp_summ_show_total_price":true,"disp_summ_show_fee":true,"disp_summ_show_discount":true,"summary_title":"","options_total_label":"Options Price","total_label":"Total Amount","options_product_label":"Product Price","fee_label":"Fee","discount_label":"Discount","has_price":true,"has_quantity_formula":false},"mc_unit":1,"tax_rate":1,"tax_rate_real":1,"discount":{"percentage":0,"fixed":0},"design":{"conf":{"LabelPosition":"above","DescPosition":"above","UploadField":"custom_1","QuantityFieldStyle":"custom_1"},"css":{"LeftLabelWidth":"120px"}},"formulas":[],"lookuptables":[],"clones":false,"cartKey":false}},"_links":{"self":[{"href":"https:\/\/canaryvip.com\/et\/wp-json\/wp\/v2\/product\/8688","targetHints":{"allow":["GET"]}}],"collection":[{"href":"https:\/\/canaryvip.com\/et\/wp-json\/wp\/v2\/product"}],"about":[{"href":"https:\/\/canaryvip.com\/et\/wp-json\/wp\/v2\/types\/product"}],"replies":[{"embeddable":true,"href":"https:\/\/canaryvip.com\/et\/wp-json\/wp\/v2\/comments?post=8688"}],"wp:featuredmedia":[{"embeddable":true,"href":"https:\/\/canaryvip.com\/et\/wp-json\/wp\/v2\/media\/8690"}],"wp:attachment":[{"href":"https:\/\/canaryvip.com\/et\/wp-json\/wp\/v2\/media?parent=8688"}],"wp:term":[{"taxonomy":"product_brand","embeddable":true,"href":"https:\/\/canaryvip.com\/et\/wp-json\/wp\/v2\/product_brand?post=8688"},{"taxonomy":"product_cat","embeddable":true,"href":"https:\/\/canaryvip.com\/et\/wp-json\/wp\/v2\/product_cat?post=8688"},{"taxonomy":"product_tag","embeddable":true,"href":"https:\/\/canaryvip.com\/et\/wp-json\/wp\/v2\/product_tag?post=8688"}],"curies":[{"name":"wp","href":"https:\/\/api.w.org\/{rel}","templated":true}]}}