{"id":15796,"date":"2025-09-01T21:32:54","date_gmt":"2025-09-01T20:32:54","guid":{"rendered":"https:\/\/canaryvip.com\/?post_type=product&#038;p=15796"},"modified":"2025-12-09T16:40:27","modified_gmt":"2025-12-09T16:40:27","slug":"royal-ocean-private-yacht-tenerife","status":"publish","type":"product","link":"https:\/\/canaryvip.com\/et\/shop\/royal-ocean-private-yacht-tenerife\/","title":{"rendered":"Royal Ocean Private Yacht Tenerife"},"content":{"rendered":"<h2><strong>\ud83c\udf0a Royal Ocean erajahtide prahtimine Tenerifel<\/strong><\/h2>\n<p>Astuge pardale <strong>Royal Ocean<\/strong>, elegantne <strong>Princess 440 Flybridge jaht<\/strong> 14 meetri pikkune, ja alustas suurejoonelist <a href=\"https:\/\/canaryvip.com\/et\/tenerife\/boat-hire-tenerife\/\">Jahirent Tenerifel<\/a>. See esmaklassiline kogemus \u00fchendab endas elegantsi, mugavuse ja seikluse, mist\u00f5ttu on see ideaalne valik romantiliseks p\u00f5genemiseks, pereekskursiooniks v\u00f5i s\u00f5pradega t\u00e4histamiseks.<\/p>\n<p>Kruiisides m\u00f6\u00f6da Tenerife l\u00f5unarannikut, mida majesteetlikud m\u00e4ed kaitsevad tuulte eest, saate nautida rahulikku merd, peaaegu aastaringselt p\u00e4ikest ja m\u00f5nda Kanaari saarte parimat mereelu vaatlust.<\/p>\n<h3>\u2b50\ufe0f <strong>V\u00f5rratu mugavus ja gurmeekogemus<\/strong><\/h3>\n<p><span style=\"text-decoration: underline;\"><strong>Miks see Tenerife jahi rentimine on t\u00f5eliselt eriline:<\/strong><\/span><\/p>\n<ul>\n<li>Avarad <strong>Princess 440 Flybridge<\/strong> 14 meetri pikkune, siseruumides asuv salong, Flybridge ja p\u00e4evitusruumid kuni 10 k\u00fclalisele.<\/li>\n<li>Esmaklassiline s\u00f6\u00f6gikogemus: peakoka poolt valmistatud toidud, kanaari erip\u00e4rad ja v\u00e4rsked h\u00f5rgutised.<\/li>\n<li>Piiramatu arvu jooke, sealhulgas cava, kokteilid ja karastusjoogid.<\/li>\n<li>Luksuslik transport kuni 8 reisijale Mercedes minibussiga.<\/li>\n<\/ul>\n<h3>\ud83d\udd52 <strong>Paindlikud eraharteri v\u00f5imalused<\/strong><\/h3>\n<p>Valige marsruut ja kestus, mis sobib teie plaanidele k\u00f5ige paremini:<\/p>\n<ul>\n<li><strong>3-4 tundi Los Cristianose reisiplaan<\/strong>: Vaalad ja delfiinid enne l\u00f5unaranniku poole s\u00f5itmist. Ankruteerige Los Cristianose v\u00f5i Yellow Mountaini l\u00e4hedal asuvas varjatud lahes, kus saate ujuda, snorgeldada ja aerutada ning pardal on tapas, v\u00e4rsked puuviljad ja joogid.<\/li>\n<li><strong>5-6 tundi Puertito marsruut<\/strong>: Pikendage oma seiklust rohkem aega merel. P\u00e4rast mereelustiku vaatlemist nautige teel Puertito lahte gurmee-eelseid eelroogasid jamoni, juustude ja l\u00f5hega. Ujuge, snorgeldage v\u00f5i l\u00f5\u00f5gastuge enne teise eraldatud lahe avastamist.<\/li>\n<li><strong>7-8 tundi Los Gigantese marsruuti<\/strong>: Tenerife jaht charter Tenerife v\u00f5imalus. Kruiisige Los Gigantese k\u00f5rguvate kaljude suunas, ankurdage Masca lahes ja nautige snorgeldamist, aerutamist ja t\u00e4ielikku l\u00f5unamen\u00fc\u00fcd. M\u00f6\u00f6da teed imetlege koopaid, peidetud randu ja hingematvaid vaateid Teidele.<\/li>\n<li><strong>P\u00e4ikeseloojangu privaatne kruiis<\/strong>: Romantiline \u00f5htune kogemus. Vaadake p\u00e4ikeseloojangut Atlandi ookeani kohal, nautides samal ajal cava't, kokteile ja peakoka valmistatud suupisteid. Ideaalne abieluettepanekute, t\u00e4htp\u00e4evade v\u00f5i lihtsalt Tenerife k\u00f5ige maagilisemate vaadete nautimiseks.<\/li>\n<\/ul>\n<h4>\ud83d\udc2c <strong>Vaalade vaatamine Barco Azuli lipu all<\/strong><\/h4>\n<p>The <strong>Royal Ocean<\/strong> s\u00f5idab uhkelt ametliku <em>Barco Azul<\/em> litsentsi, mis tagab eetilise ja j\u00e4tkusuutliku vaala- ja delfiinivaatluse. 99% edukuse m\u00e4\u00e4ra t\u00f5ttu kohtate t\u00f5en\u00e4oliselt lootsivalasid ja pudelidelfiine aastaringselt, lisaks r\u00e4ndliikidele teatud aegadel aastas.<\/p>\n<h3>\u2705 <strong>Teie Tenerife erajahtide rendi tipphetked<\/strong><\/h3>\n<ul>\n<li>Isikup\u00e4rastatud marsruudid ja paindlikud s\u00f5iduplaanid, mis on koostatud vastavalt teie eelistustele.<\/li>\n<li>Pardal on tippklassi mugavused, sealhulgas SUP-laudad, snorgeldamisvarustus ja avarad lamamisalad.<\/li>\n<li>Professionaalne meeskond, mis tagab ohutuse, mugavuse ja t\u00e4helepaneliku teeninduse kogu reisi v\u00e4ltel.<\/li>\n<li>Unustamatud vaated Teidele, Los Cristianose kaljudele, Masca lahele ja Tenerife l\u00f5unarannikule.<\/li>\n<\/ul>\n<h4>\ud83c\udf89 <strong>Ideaalne s\u00fcndmuste ja eriliste pidustuste jaoks<\/strong><\/h4>\n<p>Harta s\u00f5lmimine <strong>Royal Ocean<\/strong> ei ole ainult purjetamine, vaid ka erakordne viis t\u00e4histada elu suurimaid hetki. Olgu tegemist s\u00fcnnip\u00e4eva, abieluettepaneku, mesin\u00e4dalate, poissmeeste v\u00f5i t\u00fcdrukute peo v\u00f5i aastap\u00e4evaga, see Tenerife jahtide rendi v\u00f5imalus loob m\u00e4lestusi, mis kestavad kogu elu. K\u00fclalised saavad nautida restoranikvaliteediga s\u00f6\u00f6ki, luksusjooke ja Atlandi ookeani uimastavat tausta.<\/p>\n<p>Kokkuleppel v\u00f5ib pardale kutsuda ka professionaalse fotograafi, kes j\u00e4\u00e4dvustab iga hetke.<\/p>\n<h4>\ud83d\ude90 <strong>\u00d5mblusteta \u00fclekanded<\/strong><\/h4>\n<p>Lisamugavuse tagamiseks pakub Royal Ocean kuni 8-liikmelistele gruppidele luksuslikku transfeerteenust Mercedes minibussiga, mis viib teid otse jahisadamasse.<\/p>\n<h4>\ud83d\udcdc <strong>Broneerimise ja t\u00fchistamise tingimused<\/strong><\/h4>\n<ul>\n<li><strong>Paindlik t\u00fchistamine:<\/strong> Tasuta t\u00fchistamine kuni 4 p\u00e4eva enne l\u00fchikesi ekskursioone (3-4 tundi). Pikemate ekskursioonide (5-8 tundi) puhul on t\u00fchistamine kuni 6 p\u00e4eva ette tasuta. NO SHOWS ei kuulu tagastamisele.<\/li>\n<li>Teavitage meid toitumisn\u00f5uetest v\u00e4hemalt 48 tundi enne reisi algust, et saaksime koostada kohandatud men\u00fc\u00fc.<\/li>\n<\/ul>\n<h4>\ud83d\udd53 <strong>Lihtne pardaleminek<\/strong><\/h4>\n<ul>\n<li>V\u00e4ljumine Marina del Surist, Las Galletas.<\/li>\n<li>Palun saabuge kohtumispaika 15 minutit enne v\u00e4ljumist, et rongile minek oleks sujuv.<\/li>\n<\/ul>\n<p>CanaryVIP teeb paadi rentimise Tenerifel lihtsaks ja pakub saare k\u00f5ige eksklusiivsemaid kogemusi. Royal Oceaniga avastate, miks jahtide rentimine Tenerifel on \u00fcks unustamatumaid viise Atlandi ookeani avastamiseks.<\/p>\n<p>\ud83c\udf1f Broneeri oma <strong>Royal Ocean erajahtide prahtimine<\/strong> t\u00e4na ja muuta oma puhkus Tenerifel luksuslikuks seikluseks merel.<\/p>","protected":false},"excerpt":{"rendered":"<p><span>\ud83d\udd0d <\/span><strong>Royal Ocean Yacht:<\/strong><br \/>\n<span>\u2705 Turvaline makse.<br \/>\n<\/span>\ud83d\udc65 Jagatud ekskursioonid.<br \/>\n<span>\ud83d\udd10 Eramatkad.<\/span><br \/>\n<span>\ud83d\udee5\ufe0f 14 meetrine jaht.<\/span><br \/>\n<span>\u23f3 Igap\u00e4evased ekskursioonid 3-8h.<\/span><br \/>\n<span>\ud83d\udd59 Kohandatavad v\u00e4ljumisajad.<\/span><br \/>\n<span>\ud83c\udf74 S\u00f6\u00f6gid ja joogid kaasa arvatud.<\/span><br \/>\n<span>\ud83d\udc65 Kuni 10 k\u00fclalist.<\/span><br \/>\n<span>\ud83c\udfc4\u200d\u2640\ufe0f Paddle Board kaasas.<\/span><br \/>\n<span>\ud83e\udd3f Snorkelivarustus on ette n\u00e4htud.<\/span><br \/>\n<span>\ud83d\udd0a M\u00e4ngi oma muusikat.<\/span><br \/>\n<span>\ud83d\ude97 Transporditeenus lisatud.<\/span><br \/>\n<span>\ud83e\udd11 Parim hind garanteeritud.<\/span><br \/>\n<span>\ud83d\udc6a Allahindlused aktiveeritud.<\/span><br \/>\n<span>\ud83d\udd01 Kuni 4 p\u00e4eva t\u00fchistamine.<\/span><br \/>\n<span>\ud83c\udf0d Mitmekeelne meeskond.<\/span><br \/>\n<span>\ud83c\udf1f Broneeri varakult ja s\u00e4\u00e4sta!<\/span><br \/>\n<span>\ud83d\udccd Lahkumine\u00a0<\/span><a href=\"https:\/\/www.google.com\/maps\/place\/Marina+del+Sur+Tenerife.+Puerto+de+Las+Galletas.\/@28.0069667,-16.6636839,16z\/data=!3m1!4b1!4m6!3m5!1s0xc6aa271048d957b:0x66913daf70f663b3!8m2!3d28.006962!4d-16.661109!16s%2Fg%2F1tfzyr98?entry=tts\">Las Galletas<\/a><span>.<\/span><\/p>","protected":false},"featured_media":15937,"comment_status":"open","ping_status":"closed","template":"","meta":{"_acf_changed":false},"product_brand":[],"product_cat":[46,47],"product_tag":[],"class_list":{"0":"post-15796","1":"product","2":"type-product","3":"status-publish","4":"has-post-thumbnail","6":"product_cat-boat-excursions","7":"product_cat-boat-hire-tenerife","8":"wcpa_has_options","10":"first","11":"instock","12":"virtual","13":"purchasable","14":"product-type-simple"},"acf":[],"wcpa_form_fields":{"wcpaData":{"product":{"product_price":750,"price_html":"From&nbsp;<span class=\"woocommerce-Price-amount amount\"><bdi>750,00&nbsp;<span class=\"woocommerce-Price-currencySymbol\">&euro;<\/span><\/bdi><\/span>","original_product_price":750,"price_including_tax":750,"price_excluding_tax":750,"product_id":{"parent":15796,"variation":false},"is_variable":false,"stock_status":"instock","stock_quantity":null,"parent_sku":"CV15796","product_attributes":[],"custom_fields":[],"is_taxable":false,"product_name":"Royal Ocean Private Yacht Tenerife","hasImage":false},"fields":{"sec_868cd7750f2713":{"extra":{"key":"sec_868cd7750f2713","section_id":"sec_868cd7750f2713","name":"Default","status":1,"cl_rule":"show","enableCl":false,"relations":[],"toggle":true,"title_tag":"h3","show_title":false,"showPrice":"default","form_id":15949,"form_rules":{"exclude_from_discount":true,"fee_label":"Fee","disp_hide_options_price":true,"disp_show_section_price":false,"disp_show_field_price":true,"layout_option":"standard","pric_use_as_fee":false,"process_fee_as":"woo_fee"},"layout_option":"standard"},"fields":[[{"active":true,"col":6,"relations":[{"operator":false,"rules":[{"operator":"AND","rules":{"cl_field":"","cl_relation":"","cl_val":""}}]}],"cl_rule":"show","enableCl":false,"price":"","enablePrice":false,"className":"","label_position":"default","desc_position":"default","type":"radio-group","required":true,"elementId":"radio-group_1068cd7750f2744","label":"\u231b\ufe0f Trip Duration","name":"radio-group_1068cd7750f2744","values":[{"label":"3 Hour Shared Trip (86\u20ac)","value":"3 Hour Trip","selected":false,"tempId":"aco_32","description":"Whale and dolphin sightings. Includes food and drinks. Daily at Different Hours.","gt_translate_keys":["label","description"]},{"label":"Private Charter (From 750\u20ac)","value":"Private Charter (From 670\u20ac)","selected":false,"tempId":"aco_33","description":"Explore Tenerife\u2019s coast on a luxury yacht. Private charters include drinks, tapas, swim stops, whale watching and flexible routes from 3\u20138 hours.","gt_translate_keys":["label","description"]}],"layOut":"","error":false,"checkUi":"toggle","enableDesign":false,"scrollBar":false,"description":"","other":false,"options_description":true,"show_selected_option":false,"isWeightTemplate":false,"isTemplate":false,"min_quantity":"1","quantity_decimal":false,"quantity_step":"1","quantity_label":"Quantity","repeater_field_label":"{field_label}","repeater_bind":"","gt_translate_keys":["label","description","repeater_field_label","quantity_label"],"price_dependency":false,"cl_dependency":[false,false],"value":""}]]},"sec_468cd7750f2746":{"extra":{"key":"sec_468cd7750f2746","section_id":"sec_468cd7750f2746","name":"3H Shared Trip","status":1,"cl_rule":"show","enableCl":true,"relations":[{"operator":false,"rules":[{"operator":"AND","rules":{"cl_field":"radio-group_1068cd7750f2744","cl_relation":"is","cl_val":"3 Hour Trip"}}]}],"toggle":true,"title_tag":"h4","show_title":false,"showPrice":"default","form_id":15949,"form_rules":{"exclude_from_discount":true,"fee_label":"Fee","disp_hide_options_price":true,"disp_show_section_price":false,"disp_show_field_price":true,"layout_option":"standard","pric_use_as_fee":false,"process_fee_as":"woo_fee"},"layout_option":"standard"},"fields":[[{"label":"\ud83d\udcc5 Date","active":true,"required":true,"elementId":"date_268cd7750f2754","picker_type":"custom","picker_mode":"single","placeholder":"","description":"","tooltip":"","name":"date_268cd7750f2754","label_position":"default","desc_position":"default","enablePrice":false,"className":"","enableCl":false,"relations":[{"operator":"and","rules":[{"operator":"AND","rules":{"cl_field":"radio-group_1068cd7750f2744","cl_relation":"is","cl_val":"3 Hour Trip"}}]}],"enableDesign":false,"LabelColor":"","date_pic_inline":true,"date_pic_inline_hide":true,"min_date":{"type":"days","val":"2"},"max_date":{"type":"days","val":"365"},"date_pic_conf":{"disabledWeeks":[],"disabledDates":["2025-09-19","2025-09-21","2025-09-23","2025-09-29","2025-10-07","2025-10-12","2025-10-13","2025-10-19","2025-10-20"]},"price":"","cl_rule":"show","col":6,"type":"date","error":false,"date_conf_custom":{},"isWeightTemplate":false,"isTemplate":false,"min_quantity":"1","quantity_decimal":false,"quantity_step":"1","quantity_label":"Quantity","repeater_field_label":"{field_label}","repeater_bind":"","gt_translate_keys":["label","placeholder","description","tooltip","repeater_field_label","quantity_label"],"price_dependency":false,"cl_dependency":false,"value":""}],[{"label":"\u23f0 Departure","active":true,"required":true,"elementId":"select_1068cd7750f275f","dropdown_type":"basic","name":"select_1068cd7750f275f","label_position":"default","desc_position":"default","enablePrice":false,"className":"","enableCl":false,"relations":[{"operator":false,"rules":[{"operator":"AND","rules":{"cl_field":"date_268cd7750f2754","cl_relation":"week_day_is","cl_val":[1]}}]}],"values":[{"label":"10:00","value":"10:00","selected":false,"tempId":"aco_2695","options_cl":true,"relations":[],"cl_rule":"show","gt_translate_keys":["label"]},{"label":"14:00","value":"14:00","selected":false,"tempId":"aco_2696","options_cl":true,"relations":[],"cl_rule":"show","gt_translate_keys":["label"]}],"price":"","cl_rule":"show","col":6,"type":"select","error":false,"placeholder":"Select Departure Time","isWeightTemplate":false,"isTemplate":false,"min_quantity":"1","quantity_decimal":false,"quantity_step":"1","quantity_label":"Quantity","repeater_field_label":"{field_label}","repeater_bind":"","gt_translate_keys":["label","placeholder","repeater_field_label","quantity_label"],"price_dependency":false,"cl_dependency":false,"value":""}],[{"active":true,"col":6,"relations":false,"cl_rule":"show","enableCl":false,"price":"","enablePrice":false,"className":"","label_position":"default","desc_position":"default","type":"content","required":false,"elementId":"content_268cd7750f277e","label":"People","name":"content_268cd7750f277e","contentType":"plain","value":"","error":false,"show_in_checkout":true,"inline":false,"gt_translate_keys":["label","value"],"price_dependency":false,"cl_dependency":false}],[{"active":true,"col":6,"relations":[{"operator":false,"rules":[{"operator":"AND","rules":{"cl_field":"","cl_relation":"","cl_val":""}}]}],"cl_rule":"show","enableCl":false,"price":"89","enablePrice":true,"className":"","label_position":"default","desc_position":"default","type":"radio-group","required":false,"elementId":"radio-group_868cd7750f2789","label":"","name":"radio-group_868cd7750f2789","values":[{"label":"\ud83d\udc64 Adult (89\u20ac)","value":"Adult","selected":true,"tempId":"aco_32","tooltip":"+12 Years","description":"","gt_translate_keys":["label","tooltip","description"]}],"layOut":"","error":false,"checkUi":"button","priceOptions":"fixed_for_all","pricingType":"fixed","enable_quantity":true,"quantity_label":"","min_quantity":"0","options_tooltip":true,"options_description":true,"is_show_price":false,"isWeightTemplate":false,"isTemplate":false,"quantity_decimal":false,"quantity_step":"1","repeater_field_label":"{field_label}","repeater_bind":"","gt_translate_keys":["label","repeater_field_label","quantity_label"],"price_dependency":false,"cl_dependency":false,"value":""}],[{"label":"","active":true,"required":false,"elementId":"radio-group_568cd7750f2794","name":"radio-group_568cd7750f2794","label_position":"default","desc_position":"default","enablePrice":true,"className":"","enableCl":false,"relations":false,"enable_quantity":true,"quantity_label":"","min_quantity":"0","checkUi":"button","layOut":"","values":[{"label":"\ud83d\udc66 Child (66\u20ac)","value":"Child","selected":true,"tempId":"aco_32","tooltip":"3-11 Years","description":"","gt_translate_keys":["label","tooltip","description"]}],"priceOptions":"fixed_for_all","pricingType":"fixed","price":"66","cl_rule":"show","col":6,"type":"radio-group","error":false,"options_tooltip":true,"options_description":true,"is_show_price":false,"isWeightTemplate":false,"isTemplate":false,"quantity_decimal":false,"quantity_step":"1","repeater_field_label":"{field_label}","repeater_bind":"","gt_translate_keys":["label","repeater_field_label","quantity_label"],"price_dependency":false,"cl_dependency":false,"value":""}]]},"sec_1068cd7750f27a0":{"extra":{"key":"sec_1068cd7750f27a0","section_id":"sec_1068cd7750f27a0","name":"Private Charter","status":1,"cl_rule":"show","enableCl":true,"relations":[{"operator":false,"rules":[{"operator":"AND","rules":{"cl_field":"radio-group_1068cd7750f2744","cl_relation":"is","cl_val":"Private Charter (From 670\u20ac)"}}]}],"toggle":true,"title_tag":"h4","show_title":false,"showPrice":"default","form_id":15949,"form_rules":{"exclude_from_discount":true,"fee_label":"Fee","disp_hide_options_price":true,"disp_show_section_price":false,"disp_show_field_price":true,"layout_option":"standard","pric_use_as_fee":false,"process_fee_as":"woo_fee"},"layout_option":"standard"},"fields":[[{"label":"\ud83d\udcc5 Date","active":true,"required":true,"elementId":"date-4966732090","picker_type":"custom","picker_mode":"single","placeholder":"","description":"","tooltip":"","name":"date-4966732090","label_position":"default","desc_position":"default","enablePrice":false,"className":"","enableCl":false,"relations":[{"operator":"and","rules":[{"operator":"AND","rules":{"cl_field":"radio-group_1068cd7750f2744","cl_relation":"is","cl_val":"3 Hour Trip"}}]}],"repeater_bind":"","repeater_field_label":"{field_label}","enableDesign":false,"LabelColor":"","quantity_label":"Quantity","quantity_step":"1","quantity_decimal":false,"min_quantity":"1","date_pic_inline":true,"date_pic_inline_hide":true,"min_date":{"type":"days","val":"1"},"max_date":{"type":"days","val":"365"},"date_pic_conf":{"disabledWeeks":[],"disabledDates":["2025-09-19","2025-09-21","2025-09-23","2025-09-29","2025-10-07","2025-10-12","2025-10-13","2025-10-19","2025-10-20"]},"date_conf_custom":{},"isTemplate":false,"price":"","isWeightTemplate":false,"cl_rule":"show","col":6,"type":"date","error":false,"gt_translate_keys":["label","placeholder","description","tooltip","repeater_field_label","quantity_label"],"price_dependency":false,"cl_dependency":false,"value":""}],[{"label":"\u23f0 Departure","active":true,"required":true,"elementId":"select_068cd7750f27b3","dropdown_type":"basic","placeholder":"Select Departure Time","name":"select_068cd7750f27b3","label_position":"default","desc_position":"default","enablePrice":false,"className":"","enableCl":false,"relations":[{"operator":false,"rules":[{"operator":"AND","rules":{"cl_field":"date_268cd7750f2754","cl_relation":"week_day_is","cl_val":[1]}}]}],"values":[{"label":"10:00","value":"10:00","selected":false,"tempId":"aco_2696","gt_translate_keys":["label"]},{"label":"14:00","value":"14:00","selected":false,"tempId":"aco_2457","gt_translate_keys":["label"]},{"label":"18:00","value":"18:00","selected":false,"tempId":"aco_91","gt_translate_keys":["label"]}],"price":"","cl_rule":"show","col":6,"type":"select","error":false,"isWeightTemplate":false,"isTemplate":false,"min_quantity":"1","quantity_decimal":false,"quantity_step":"1","quantity_label":"Quantity","repeater_field_label":"{field_label}","repeater_bind":"","gt_translate_keys":["label","placeholder","repeater_field_label","quantity_label"],"price_dependency":false,"cl_dependency":false,"value":""}],[{"label":"\ud83d\udc65 Amount of People","active":true,"required":true,"elementId":"select_1068cd7750f27bc","dropdown_type":"basic","placeholder":"Select Departure Time","name":"select_1068cd7750f27bc","label_position":"default","desc_position":"default","enablePrice":false,"className":"","enableCl":false,"relations":[{"operator":false,"rules":[{"operator":"AND","rules":{"cl_field":"date_268cd7750f2754","cl_relation":"week_day_is","cl_val":[1]}}]}],"values":[{"label":"1 Person","value":"1 Person","selected":false,"tempId":"aco_2695","gt_translate_keys":["label"]},{"label":"2 People","value":"2 People","selected":false,"tempId":"aco_2696","gt_translate_keys":["label"]},{"label":"3 People","value":"3 People","selected":false,"tempId":"aco_3399","gt_translate_keys":["label"]},{"label":"4 People","value":"4 People","selected":false,"tempId":"aco_3409","gt_translate_keys":["label"]},{"label":"5 People","value":"5 People","selected":false,"tempId":"aco_3519","gt_translate_keys":["label"]},{"label":"6 People","value":"6 People","selected":false,"tempId":"aco_3529","gt_translate_keys":["label"]},{"label":"7 People","value":"7 People","selected":false,"tempId":"aco_3557","gt_translate_keys":["label"]},{"label":"8 People","value":"8 People","selected":false,"tempId":"aco_3594","gt_translate_keys":["label"]},{"label":"9 People","value":"9 People","selected":false,"tempId":"aco_3604","gt_translate_keys":["label"]},{"label":"10 People","value":"10 People","selected":false,"tempId":"aco_3722","gt_translate_keys":["label"]}],"price":"","cl_rule":"show","col":6,"type":"select","error":false,"isWeightTemplate":false,"isTemplate":false,"min_quantity":"1","quantity_decimal":false,"quantity_step":"1","quantity_label":"Quantity","repeater_field_label":"{field_label}","repeater_bind":"","gt_translate_keys":["label","placeholder","repeater_field_label","quantity_label"],"price_dependency":false,"cl_dependency":false,"value":""}],[{"active":true,"col":6,"relations":false,"cl_rule":"show","enableCl":false,"price":"","enablePrice":true,"className":"","label_position":"default","desc_position":"default","type":"select","required":false,"elementId":"select_668cd7750f27c5","label":"\u231b\ufe0f Charter Duration (From 750\u20ac)","name":"select_668cd7750f27c5","values":[{"label":"3 Hours (750\u20ac)","value":"3","selected":false,"tempId":"aco_3241","price":"750","gt_translate_keys":["label"]},{"label":"4 Hours (880\u20ac)","value":"4","selected":false,"tempId":"aco_349","price":"880","gt_translate_keys":["label"]},{"label":"5 Hours (1.050\u20ac)","value":"5","selected":false,"tempId":"aco_2139","price":"1050","gt_translate_keys":["label"]},{"label":"6 Hours (1.230\u20ac)","value":"6","selected":false,"tempId":"aco_2149","price":"1230","gt_translate_keys":["label"]},{"label":"7 Hours (1.400\u20ac)","value":"7","selected":false,"tempId":"aco_1706","price":"1400","gt_translate_keys":["label"]},{"label":"8 Hours (1.570\u20ac)","value":"8","selected":false,"tempId":"aco_2393","price":"1570","gt_translate_keys":["label"]}],"dropdown_type":"basic","error":false,"placeholder":"Select Duration Time","priceOptions":"different_for_all","pricingType":"fixed","is_show_price":false,"isWeightTemplate":false,"isTemplate":false,"min_quantity":"1","quantity_decimal":false,"quantity_step":"1","quantity_label":"Quantity","repeater_field_label":"{field_label}","repeater_bind":"","gt_translate_keys":["label","placeholder","repeater_field_label","quantity_label"],"price_dependency":false,"cl_dependency":false,"value":""}],[{"active":true,"col":6,"relations":false,"cl_rule":"show","enableCl":false,"price":"","enablePrice":false,"className":"","label_position":"default","desc_position":"default","type":"separator","required":false,"elementId":"separator_768cd7750f27d0","label":"Separator Field","height":"3","separatorType":"blank","error":false,"gt_translate_keys":["label"],"price_dependency":false,"cl_dependency":false,"value":""}]]}},"config":{"price_override":"always","enable_recaptcha":false,"bind_quantity":false,"quantity_bind_formula":false,"disp_summ_show_option_price":true,"disp_summ_show_product_price":false,"disp_summ_show_total_price":true,"disp_summ_show_fee":true,"disp_summ_show_discount":true,"summary_title":"","options_total_label":"Options Price","total_label":"Total Amount Now","options_product_label":"Product Price","fee_label":"Fee","discount_label":"Discount","has_price":true,"has_quantity_formula":false},"mc_unit":1,"tax_rate":1,"tax_rate_real":1,"discount":{"percentage":0,"fixed":0},"design":{"conf":{"LabelPosition":"above","DescPosition":"above","UploadField":"custom_1","QuantityFieldStyle":"custom_1"},"css":{"LeftLabelWidth":"120px"}},"formulas":{"fmla_1708364241278155361":"(({field.select_668cd7750f27c5.value}>=8)?(335.50):(({field.select_668cd7750f27c5.value}>=6)?(269):(({field.select_668cd7750f27c5.value}>=5)?(252.50):(({field.select_668cd7750f27c5.value}>=4)?(282.50):(({field.select_668cd7750f27c5.value}>=3)?(193.50):(0))))))","fmla_1741607919311571987":"(({field.select_668cd7750f27c5.value}>=8)?(1334.50):(({field.select_668cd7750f27c5.value}>=6)?(1071):(({field.select_668cd7750f27c5.value}>=5)?(977.50):(({field.select_668cd7750f27c5.value}>=4)?(807.50):(({field.select_668cd7750f27c5.value}>=3)?(756.50):(0))))))"},"lookuptables":[],"clones":false,"cartKey":false}},"_links":{"self":[{"href":"https:\/\/canaryvip.com\/et\/wp-json\/wp\/v2\/product\/15796","targetHints":{"allow":["GET"]}}],"collection":[{"href":"https:\/\/canaryvip.com\/et\/wp-json\/wp\/v2\/product"}],"about":[{"href":"https:\/\/canaryvip.com\/et\/wp-json\/wp\/v2\/types\/product"}],"replies":[{"embeddable":true,"href":"https:\/\/canaryvip.com\/et\/wp-json\/wp\/v2\/comments?post=15796"}],"wp:featuredmedia":[{"embeddable":true,"href":"https:\/\/canaryvip.com\/et\/wp-json\/wp\/v2\/media\/15937"}],"wp:attachment":[{"href":"https:\/\/canaryvip.com\/et\/wp-json\/wp\/v2\/media?parent=15796"}],"wp:term":[{"taxonomy":"product_brand","embeddable":true,"href":"https:\/\/canaryvip.com\/et\/wp-json\/wp\/v2\/product_brand?post=15796"},{"taxonomy":"product_cat","embeddable":true,"href":"https:\/\/canaryvip.com\/et\/wp-json\/wp\/v2\/product_cat?post=15796"},{"taxonomy":"product_tag","embeddable":true,"href":"https:\/\/canaryvip.com\/et\/wp-json\/wp\/v2\/product_tag?post=15796"}],"curies":[{"name":"wp","href":"https:\/\/api.w.org\/{rel}","templated":true}]}}