{"id":15724,"date":"2025-08-24T11:35:32","date_gmt":"2025-08-24T10:35:32","guid":{"rendered":"https:\/\/canaryvip.com\/?post_type=product&#038;p=15724"},"modified":"2025-09-06T09:56:39","modified_gmt":"2025-09-06T08:56:39","slug":"neptuno-yacht-charter-tenerife","status":"publish","type":"product","link":"https:\/\/canaryvip.com\/et\/shop\/neptuno-yacht-charter-tenerife\/","title":{"rendered":"Neptuno Yacht Charter Tenerife"},"content":{"rendered":"<h2>\ud83d\udee5\ufe0f Neptuno Jahirent Tenerife<\/h2>\n<p>Veebilehel <strong>CanaryVIP<\/strong> pakume teile v\u00f5imalust nautida eksklusiivset seiklust laeva pardal <strong>Neptuno Yacht,<\/strong> \u00fcks v\u00e4hestest Tenerife erajahtidest, millel on litsentsitud <strong>vaala- ja delfiinivaatlus.<\/strong> Mahutab kuni <strong>22 reisijat,<\/strong> see jaht on haruldane v\u00f5imalus Tenerifel, kus enamik erapaate on piiratud 12 inimesega. See on ideaalne valik suurematele gruppidele, kes soovivad jagada unustamatut p\u00e4eva merel.<\/p>\n<p>Jahi omadused <strong>kaks avatud tekki,<\/strong> v\u00e4ike siseruumides asuv salong ja tualettruum teie mugavuse tagamiseks. Algselt 1973. aastal ehitatud ja 2018. aastal t\u00e4ielikult renoveeritud Neptuno \u00fchendab ajatu disaini kaasaegsete uuendustega, et luua ainulaadne ja pingevaba atmosf\u00e4\u00e4r.<\/p>\n<h3>\ud83c\udf0a Privaatne tellimuslennud 3 kuni 8 tundi<\/h3>\n<p>Valige oma eraparras\u00f5idu pikkus vastavalt oma plaanidele:<\/p>\n<ul>\n<li><strong>3 tundi:<\/strong> L\u00fchike, kuid t\u00e4ielik kogemus vaala- ja delfiinivaatlusega, ujumise ja snorgeldamisega ilusates lahtedes.<\/li>\n<li><strong>4-5 tundi:<\/strong> Rohkem aega l\u00f5\u00f5gastumiseks, p\u00e4evitamiseks ja l\u00f5unaranniku avastamiseks, samal ajal nautides laiendatud loodusvaatlusv\u00f5imalusi.<\/li>\n<li><strong>6-7 tundi:<\/strong> Terve p\u00e4eva kestev seiklus pikemate peatustega, mis sobib ideaalselt eriliste s\u00fcndmuste t\u00e4histamiseks koos pere v\u00f5i s\u00f5pradega.<\/li>\n<li><strong>8 tundi:<\/strong> \u00dclim privaatne jaht Tenerifel, mis pakub terve p\u00e4eva kestvat kogemust, et avastada varjatud lahedaid ja nautida ookeani oma tempos.<\/li>\n<\/ul>\n<h3>\ud83d\udc2c Vaalade ja delfiinide vaatamine<\/h3>\n<p>\u00dcks Neptuno Jahtklubi tipphetki on selle ametlik litsents vaalade ja delfiinide vaatlemiseks. V\u00e4ljumine <strong>Puerto de Los Cristianos<\/strong> (ekskursioonimuuli, tsoon B), jaht viib teid piirkondadesse, kus elavad aastaringselt kohalikud lootsivalased ja pudelidelfiinid. Tenerifet peetakse selle tegevuse jaoks \u00fcheks parimaks sihtkohaks kogu maailmas ja selle kogemine erajahil muudab selle veelgi erilisemaks.<\/p>\n<h3>\ud83c\udf7d\ufe0f Toit ja joogid pardal<\/h3>\n<p>Nautige v\u00e4rskelt valmistatud toite, puuvilju ja joogivalikut, sealhulgas vett, karastusjooke, \u00f5lut, veini ja cava't.<\/p>\n<p>Kogu reisi v\u00e4ltel on saadaval karastusjoogid, mis hoiavad k\u00f5ik reisi ajal mugavalt.<\/p>\n<h3>\ud83c\udfa3 Tegevused ja lisad<\/h3>\n<ul>\n<li>Snorkeldamisvarustus ujumispeatuste jaoks.<\/li>\n<li>Harrastuskalap\u00fc\u00fcgi vardad saadaval soovi korral.<\/li>\n<li>Palju ruumi tekil p\u00e4evitamiseks, l\u00f5\u00f5gastumiseks ja pidutsemiseks pardal.<\/li>\n<\/ul>\n<h3>\ud83d\udccd Neptuno Yacht \u00fcksikasjad<\/h3>\n<ul>\n<li><strong>Pikkus:<\/strong> 13 meetrit<\/li>\n<li><strong>Maksimaalne mahutavus:<\/strong> 22 reisijat<\/li>\n<\/ul>\n<h3>\ud83d\udcbc Mida kaasa v\u00f5tta<\/h3>\n<ul>\n<li>P\u00e4ikesekaitsekreem, p\u00e4ikeseprillid, r\u00e4tik ja kaamera, et j\u00e4\u00e4dvustada loodust ja vaateid.<\/li>\n<li>Jahedamatel kuudel on soovitatav kanda kerget jopet.<\/li>\n<\/ul>\n<h3>\ud83d\udccb T\u00fchistamispoliitika<\/h3>\n<p>Me m\u00f5istame, et plaanid v\u00f5ivad muutuda. Siin on Neptuno Yachti t\u00fchistamistingimused:<\/p>\n<ul>\n<li><strong>Erakondlikud t\u0161arterid:<\/strong> T\u00fchistage reis rohkem kui 7 p\u00e4eva enne reisi algust, et saada t\u00e4ielik h\u00fcvitis. 7 p\u00e4eva jooksul tehtud t\u00fchistamiste v\u00f5i mitteilmumise korral raha ei tagastata.<\/li>\n<li><strong>Halvad ilmad:<\/strong> Kui kapten leiab, et tingimused ei ole ohutud, pakutakse teile \u00fcmberplaneerimist v\u00f5i t\u00e4ielikku raha tagasimaksmist.<\/li>\n<li><strong>Varajane tulu:<\/strong> K\u00fclaliste soovil (nt merehaiguse t\u00f5ttu) l\u00fchendatud reise ei h\u00fcvitata.<\/li>\n<\/ul>\n<h3>\ud83c\udf89 Miks broneerida Neptuno Yacht koos CanaryVIP-ga?<\/h3>\n<ul>\n<li><strong>Vaalade ja delfiinide vaatamise litsents:<\/strong> \u00dcks v\u00e4hestest Tenerife erajahtidest, millel on lubatud l\u00e4heneda nendele h\u00e4mmastavatele loomadele.<\/li>\n<li><strong>Ruum suurte gruppide jaoks:<\/strong> Litsentsitud kuni 22 k\u00fclalisele, sobib ideaalselt s\u00fcnnip\u00e4evadeks, firma\u00fcritusteks v\u00f5i pere\u00fcritusteks.<\/li>\n<li><strong>Suurep\u00e4rane v\u00e4\u00e4rtus:<\/strong> Mugav <a href=\"https:\/\/canaryvip.com\/et\/tenerife\/yacht-tenerife\/\">jaht Tenerife<\/a> v\u00f5imalus koos toidu, jookide ja kogenud kohaliku meeskonnaga.<\/li>\n<\/ul>\n<h3>\ud83d\udccc L\u00f5plikud m\u00f5tted<\/h3>\n<p>The <strong>Neptuno Yacht Charter Tenerife<\/strong> on midagi enamat kui lihtsalt paadi rentimine. See on teie v\u00e4rav vaalade vaatlemiseks, delfiinidega kohtumiseks, ujumiseks ja l\u00f5\u00f5gastumiseks koos s\u00f5prade v\u00f5i perega t\u00e4ielikus privaatsuses. 3 kuni 8-tunniste prahtide, paindliku toitlustamise ja 22 k\u00fclalise mahutavusega on see \u00fcks parimaid viise, kuidas saada <a href=\"https:\/\/canaryvip.com\/et\/tenerife\/rent-a-boat-tenerife\/\">rentida paat Tenerifel<\/a> enesekindlalt ja stiilselt.<\/p>\n<p>Broneerige juba t\u00e4na <strong>CanaryVIP<\/strong> ja nautida t\u00f5eliselt ainulaadset erajahti Atlandi ookeanil.<\/p>","protected":false},"excerpt":{"rendered":"<p><strong>\ud83d\udd0d Neptuno Yacht Tenerife:<\/strong><br \/>\n\u2705 Turvaline makse.<br \/>\n\ud83d\udd10 Saadaval on eraviisilised ekskursioonid<br \/>\n\ud83d\udc0b Vaalade ja delfiinide n\u00e4gemine.<br \/>\n\ud83d\ude80 Igap\u00e4evased ekskursioonid<br \/>\n\ud83c\udf05 P\u00e4ikeseloojangu ekskursioonid saadaval.<br \/>\n\ud83e\uddc3 Toit ja joogid kaasa arvatud.<br \/>\n\ud83d\udc65 Kuni 22 inimest.<br \/>\n\ud83d\udebd WC pardal.<br \/>\n\ud83e\udd3f Snorkel varustus.<br \/>\n\ud83e\udd11 Parim hind garanteeritud.<br \/>\n\ud83d\udc6a Allahindlused aktiveeritud.<br \/>\n\ud83d\udd01 Kuni 5 p\u00e4eva t\u00fchistamine.<br \/>\n\ud83c\udf0d Mitmekeelsed juhendid.<br \/>\n\ud83c\udf1f Broneeri kohe ja s\u00e4\u00e4sta!<br \/>\n\ud83d\udccd Lahkumine <a href=\"https:\/\/maps.app.goo.gl\/HatmLZkFA7oLCfX57\">Los Cristianos<\/a>.<\/p>","protected":false},"featured_media":15725,"comment_status":"open","ping_status":"closed","template":"","meta":{"_acf_changed":false},"product_brand":[],"product_cat":[47],"product_tag":[],"class_list":{"0":"post-15724","1":"product","2":"type-product","3":"status-publish","4":"has-post-thumbnail","6":"product_cat-boat-hire-tenerife","7":"wcpa_has_options","9":"first","10":"instock","11":"sale","12":"virtual","13":"purchasable","14":"product-type-simple"},"acf":[],"wcpa_form_fields":{"wcpaData":{"product":{"product_price":765,"price_html":"From&nbsp;<del aria-hidden=\"true\"><span class=\"woocommerce-Price-amount amount\"><bdi>900,00&nbsp;<span class=\"woocommerce-Price-currencySymbol\">&euro;<\/span><\/bdi><\/span><\/del> <span class=\"screen-reader-text\">Esialgne hind oli: 900,00&nbsp;&euro;.<\/span><ins aria-hidden=\"true\"><span class=\"woocommerce-Price-amount amount\"><bdi>765,00&nbsp;<span class=\"woocommerce-Price-currencySymbol\">&euro;<\/span><\/bdi><\/span><\/ins><span class=\"screen-reader-text\">Praegune hind on: 765,00&nbsp;&euro;.<\/span>","original_product_price":900,"price_including_tax":765,"price_excluding_tax":765,"product_id":{"parent":15724,"variation":false},"is_variable":false,"stock_status":"instock","stock_quantity":null,"parent_sku":"CV15724","product_attributes":[],"custom_fields":[],"is_taxable":false,"product_name":"Neptuno Yacht Charter Tenerife","hasImage":false},"fields":{"sec_068b85c6eaafb2":{"extra":{"key":"sec_068b85c6eaafb2","section_id":"sec_068b85c6eaafb2","name":"Private Charter","status":1,"cl_rule":"show","enableCl":false,"relations":[{"operator":false,"rules":[{"operator":"AND","rules":{"cl_field":"radio-group_768b85c6eaaf46","cl_relation":"is","cl_val":"Private Charter"}}]}],"toggle":true,"title_tag":"h4","show_title":false,"showPrice":"default","repeater_section_field_label":"{field_label}","repeater_section_label":"{section_name}","repeater_bind":"","form_id":15819,"form_rules":{"exclude_from_discount":true,"fee_label":"Fee","disp_hide_options_price":true,"disp_show_section_price":false,"disp_show_field_price":true,"layout_option":"standard","pric_use_as_fee":false,"process_fee_as":"woo_fee"},"layout_option":"standard"},"fields":[[{"label":"\ud83d\udcc5 Date","active":true,"required":true,"elementId":"date_368b85c6eaafbc","picker_type":"custom","picker_mode":"single","placeholder":"","description":"","tooltip":"","name":"date_368b85c6eaafbc","label_position":"default","desc_position":"default","enablePrice":false,"className":"","enableCl":false,"relations":[{"operator":"and","rules":[{"operator":"AND","rules":{"cl_field":"radio-group_367e16bf8dd4f5","cl_relation":"is","cl_val":"3 Hour Trip"}}]}],"enableDesign":false,"LabelColor":"","date_pic_inline":true,"date_pic_inline_hide":true,"min_date":{"type":"days","val":"2"},"max_date":{"type":"days","val":"365"},"date_pic_conf":{"disabledWeeks":[]},"price":"","cl_rule":"show","col":6,"type":"date","error":false,"isWeightTemplate":false,"isTemplate":false,"min_quantity":"1","quantity_decimal":false,"quantity_step":"1","quantity_label":"Quantity","repeater_field_label":"{field_label}","repeater_bind":"","gt_translate_keys":["label","placeholder","description","tooltip","repeater_field_label","quantity_label"],"price_dependency":false,"cl_dependency":false,"value":""}],[{"active":true,"col":6,"relations":false,"cl_rule":"show","enableCl":false,"price":"","enablePrice":true,"className":"","label_position":"default","desc_position":"default","type":"select","required":false,"elementId":"select_668b85c6eaafc6","label":"\u231b\ufe0f Charter Duration (From 765\u20ac)","name":"select_668b85c6eaafc6","values":[{"label":"3 Hours (From 765\u20ac)","value":"3","selected":false,"tempId":"aco_3241","price":"765","options_cl":false,"relations":[{"operator":false,"rules":[{"operator":"AND","rules":{"cl_field":"","cl_relation":"","cl_val":""}}]}],"cl_rule":"show","gt_translate_keys":["label"]},{"label":"4 Hours (From 985\u20ac)","value":"4","selected":false,"tempId":"aco_2149","price":"985","gt_translate_keys":["label"]},{"label":"5 Hours (From 1.225\u20ac)","value":"5","selected":false,"tempId":"aco_468","price":"1225","gt_translate_keys":["label"]},{"label":"6 Hours (From 1.465\u20ac)","value":"6","selected":false,"tempId":"aco_505","price":"1465","gt_translate_keys":["label"]},{"label":"7 Hours (From 1.700\u20ac)","value":"7","selected":false,"tempId":"aco_542","price":"1700","gt_translate_keys":["label"]},{"label":"8 Hours (From 1.960\u20ac)","value":"8","selected":false,"tempId":"aco_579","price":"1960","gt_translate_keys":["label"]}],"dropdown_type":"basic","error":false,"placeholder":"Select Duration Time","priceOptions":"different_for_all","pricingType":"fixed","is_show_price":false,"isWeightTemplate":false,"isTemplate":false,"min_quantity":"1","quantity_decimal":false,"quantity_step":"1","quantity_label":"Quantity","repeater_field_label":"{field_label}","repeater_bind":"","gt_translate_keys":["label","placeholder","repeater_field_label","quantity_label"],"price_dependency":false,"cl_dependency":false,"value":""}],[{"label":"\u23f0 Departure","active":true,"required":true,"elementId":"select_468b85c6eaafd0","dropdown_type":"basic","placeholder":"Select Departure Time","name":"select_468b85c6eaafd0","label_position":"default","desc_position":"default","enablePrice":true,"className":"","enableCl":false,"relations":[{"operator":false,"rules":[{"operator":"AND","rules":{"cl_field":"date_367e16bf8dd504","cl_relation":"week_day_is","cl_val":[1]}}]}],"values":[{"label":"9:30","value":"9:30","selected":false,"tempId":"aco_2695","price":"0","gt_translate_keys":["label"]},{"label":"12:30","value":"12:30","selected":false,"tempId":"aco_2329","price":"0","gt_translate_keys":["label"]},{"label":"15:30","value":"15:30","selected":false,"tempId":"aco_2457","price":"0","gt_translate_keys":["label"]},{"label":"17:00","value":"17:00","selected":false,"tempId":"aco_19","price":"100","gt_translate_keys":["label"]}],"price":"","cl_rule":"show","col":6,"type":"select","error":false,"priceOptions":"different_for_all","pricingType":"fixed","is_show_price":true,"isWeightTemplate":false,"isTemplate":false,"min_quantity":"1","quantity_decimal":false,"quantity_step":"1","quantity_label":"Quantity","repeater_field_label":"{field_label}","repeater_bind":"","gt_translate_keys":["label","placeholder","repeater_field_label","quantity_label"],"price_dependency":false,"cl_dependency":false,"value":""}],[{"active":true,"col":6,"relations":false,"cl_rule":"show","enableCl":false,"price":"","enablePrice":true,"className":"","label_position":"default","desc_position":"default","type":"select","required":false,"elementId":"select_3142719928","label":"\ud83d\udc65 Amount of People","name":"select_3142719928","values":[{"label":"1 Person","value":"1 Person","selected":false,"tempId":"aco_1169","options_cl":false,"relations":[{"operator":false,"rules":[{"operator":"AND","rules":{"cl_field":"","cl_relation":"","cl_val":""}}]}],"cl_rule":"show","gt_translate_keys":["label"]},{"label":"2 People","value":"2 People","selected":false,"tempId":"aco_1170","gt_translate_keys":["label"]},{"label":"3 People","value":"3 People","selected":false,"tempId":"aco_1171","gt_translate_keys":["label"]},{"label":"4 People","value":"4 People","selected":false,"tempId":"aco_1397","gt_translate_keys":["label"]},{"label":"5 People (+20\u20ac)","value":"5 People","selected":false,"tempId":"aco_2351","price":"20","gt_translate_keys":["label"]},{"label":"6 People (+30\u20ac)","value":"6 People","selected":false,"tempId":"aco_1461","price":"30","gt_translate_keys":["label"]},{"label":"7 People (+40\u20ac)","value":"7 People","selected":false,"tempId":"aco_1507","price":"40","gt_translate_keys":["label"]},{"label":"8 People (+50\u20ac)","value":"8 People","selected":false,"tempId":"aco_1553","price":"50","gt_translate_keys":["label"]},{"label":"9 People (+60\u20ac)","value":"9 People","selected":false,"tempId":"aco_1563","price":"60","gt_translate_keys":["label"]},{"label":"10 People (+70\u20ac)","value":"10 People","selected":false,"tempId":"aco_1573","price":"70","gt_translate_keys":["label"]},{"label":"11 People (+80\u20ac)","value":"11 People","selected":false,"tempId":"aco_1583","price":"80","gt_translate_keys":["label"]},{"label":"12 People (+90\u20ac)","value":"12 People","selected":false,"tempId":"aco_1746","price":"90","gt_translate_keys":["label"]},{"label":"13 People (+100\u20ac)","value":"13 People","selected":false,"tempId":"aco_1756","price":"100","gt_translate_keys":["label"]},{"label":"14 People (+110\u20ac)","value":"14 People","selected":false,"tempId":"aco_1766","price":"110","gt_translate_keys":["label"]},{"label":"15 People (+120\u20ac)","value":"15 People","selected":false,"tempId":"aco_1911","price":"120","gt_translate_keys":["label"]},{"label":"16 People (+130\u20ac)","value":"16 People","selected":false,"tempId":"aco_1957","price":"130","gt_translate_keys":["label"]},{"label":"17 People (+140\u20ac)","value":"17 People","selected":false,"tempId":"aco_2003","price":"140","gt_translate_keys":["label"]},{"label":"18 People (+150\u20ac)","value":"18 People","selected":false,"tempId":"aco_2049","price":"150","gt_translate_keys":["label"]},{"label":"19 People (+160\u20ac)","value":"19 People","selected":false,"tempId":"aco_2113","price":"160","gt_translate_keys":["label"]},{"label":"20 People (+170\u20ac)","value":"20 People","selected":false,"tempId":"aco_2159","price":"170","gt_translate_keys":["label"]},{"label":"21 People (+180\u20ac)","value":"21 People","selected":false,"tempId":"aco_2205","price":"180","gt_translate_keys":["label"]},{"label":"22 People (+190\u20ac)","value":"22 People","selected":false,"tempId":"aco_2269","price":"190","gt_translate_keys":["label"]}],"isWeightTemplate":false,"error":false,"isTemplate":false,"min_quantity":"1","quantity_decimal":false,"quantity_step":"1","quantity_label":"Quantity","repeater_field_label":"{field_label}","repeater_bind":"","dropdown_type":"basic","priceOptions":"different_for_all","pricingType":"fixed","is_show_price":false,"gt_translate_keys":["label","repeater_field_label","quantity_label"],"price_dependency":false,"cl_dependency":false,"value":""}],[{"active":true,"col":6,"relations":false,"cl_rule":"show","enableCl":false,"price":"","enablePrice":false,"className":"","label_position":"default","desc_position":"default","type":"separator","required":false,"elementId":"separator_368b85c6eaafe4","label":"Separator Field","height":"3","separatorType":"blank","error":false,"gt_translate_keys":["label"],"price_dependency":false,"cl_dependency":false,"value":""}],[{"active":true,"col":6,"relations":[{"operator":false,"rules":[{"operator":"AND","rules":{"cl_field":"","cl_relation":"","cl_val":""}}]}],"cl_rule":"show","enableCl":false,"price":"","enablePrice":false,"className":"","label_position":"default","desc_position":"default","type":"content","required":false,"elementId":"content_1542895609","label":"","name":"content_1542895609","contentType":"rich","value":"<p>Please note that any tour that remains on the water after 17:00 will have an additional cost of \u20ac100, to be paid directly on the boat.<\/p>","isTemplate":false,"error":false,"enableDesign":true,"DescColor":"#0042ff","show_in_checkout":true,"gt_translate_keys":["label","value"],"price_dependency":false,"cl_dependency":false}]]}},"config":{"price_override":"always","enable_recaptcha":false,"bind_quantity":false,"quantity_bind_formula":false,"disp_summ_show_option_price":true,"disp_summ_show_product_price":false,"disp_summ_show_total_price":true,"disp_summ_show_fee":true,"disp_summ_show_discount":true,"summary_title":"","options_total_label":"Options Price","total_label":"Total Amount Now","options_product_label":"Product Price","fee_label":"Fee","discount_label":"Discount","has_price":true,"has_quantity_formula":false},"mc_unit":1,"tax_rate":1,"tax_rate_real":1,"discount":{"percentage":0,"fixed":0},"design":{"conf":{"LabelPosition":"above","DescPosition":"above","UploadField":"custom_1","QuantityFieldStyle":"custom_1"},"css":{"LeftLabelWidth":"120px"}},"formulas":{"fmla_1708364241278155361":"(({field.select_668b85c6eaafc6.value}>=4)?(150+({field.number_268b85c6eaafd9.value}*5)):(({field.select_668b85c6eaafc6.value}>=3)?(100+({field.number_268b85c6eaafd9.value}*5)):(0)))","fmla_1742826688120818082":"(({field.select_668b85c6eaafc6.value}>=4)?(1500+{field.select_468b85c6eaafd0.price}):(({field.select_668b85c6eaafc6.value}>=3)?(750+{field.select_468b85c6eaafd0.price}):(0)))"},"lookuptables":[],"clones":false,"cartKey":false}},"_links":{"self":[{"href":"https:\/\/canaryvip.com\/et\/wp-json\/wp\/v2\/product\/15724","targetHints":{"allow":["GET"]}}],"collection":[{"href":"https:\/\/canaryvip.com\/et\/wp-json\/wp\/v2\/product"}],"about":[{"href":"https:\/\/canaryvip.com\/et\/wp-json\/wp\/v2\/types\/product"}],"replies":[{"embeddable":true,"href":"https:\/\/canaryvip.com\/et\/wp-json\/wp\/v2\/comments?post=15724"}],"wp:featuredmedia":[{"embeddable":true,"href":"https:\/\/canaryvip.com\/et\/wp-json\/wp\/v2\/media\/15725"}],"wp:attachment":[{"href":"https:\/\/canaryvip.com\/et\/wp-json\/wp\/v2\/media?parent=15724"}],"wp:term":[{"taxonomy":"product_brand","embeddable":true,"href":"https:\/\/canaryvip.com\/et\/wp-json\/wp\/v2\/product_brand?post=15724"},{"taxonomy":"product_cat","embeddable":true,"href":"https:\/\/canaryvip.com\/et\/wp-json\/wp\/v2\/product_cat?post=15724"},{"taxonomy":"product_tag","embeddable":true,"href":"https:\/\/canaryvip.com\/et\/wp-json\/wp\/v2\/product_tag?post=15724"}],"curies":[{"name":"wp","href":"https:\/\/api.w.org\/{rel}","templated":true}]}}