{"id":15386,"date":"2025-08-07T14:09:56","date_gmt":"2025-08-07T13:09:56","guid":{"rendered":"https:\/\/canaryvip.com\/?post_type=product&#038;p=15386"},"modified":"2025-08-09T13:45:20","modified_gmt":"2025-08-09T12:45:20","slug":"crazy-ufo-twister-tenerife","status":"publish","type":"product","link":"https:\/\/canaryvip.com\/et\/shop\/crazy-ufo-twister-tenerife\/","title":{"rendered":"Hull UFO &amp; Twister Tenerife"},"content":{"rendered":"<h2><strong>\ud83d\ude80 Hull UFO Tenerife - Kiiruslik l\u00f5bu vee peal<\/strong><\/h2>\n<p>Otsid metsikut s\u00f5itu? H\u00fcppa peale <strong>Hull UFO Tenerife<\/strong> kogemusi ja valmistu intensiivseks kiiruse, pritsmete ja puhta adrenaliini seguks. See on \u00fcks k\u00f5ige p\u00f5nevamaid <strong>veespordialad Tenerifel<\/strong>, mis sobib ideaalselt peredele, paaridele v\u00f5i s\u00f5pruskondadele, kes otsivad Costa Adejes midagi unustamatut.<\/p>\n<h3><strong>\ud83c\udf0a V\u00e4ljumine Puerto Col\u00f3nist<\/strong><\/h3>\n<ul>\n<li><strong>Lihtne juurdep\u00e4\u00e4s:<\/strong> Teie seiklus algab <a href=\"https:\/\/maps.app.goo.gl\/bkqEhAxsobcjz9wG9\" target=\"_blank\" rel=\"noopener\">Puerto Col\u00f3n<\/a>, \u00fcks populaarsemaid sadamaid Tenerife l\u00f5unaosas. See on kergesti ligip\u00e4\u00e4setav ja \u00fcmbritsetud suurep\u00e4rastest rannavibadest.<\/li>\n<li><strong>Kiire \u00fclevaade:<\/strong> Enne s\u00f5itu saate kogenud meeskonnalt ohutusalase \u00fclevaate, et veenduda, et k\u00f5ik on valmis ohutuks ja l\u00f5busaks elamuseks.<\/li>\n<\/ul>\n<h3><strong>\u2728 Miks valida Tenerifel hullumeelne UFO s\u00f5it?<\/strong><\/h3>\n<ul>\n<li><strong>Intensiivne adrenaliin:<\/strong> See ei ole lihtsalt tavaline t\u00e4ispuhutav atraktsioon. Crazy UFO keerleb, libiseb ja h\u00fcppab \u00fcle lainete nii, et naerad ja karjud korraga.<\/li>\n<li><strong>Ideaalne k\u00f5igile:<\/strong> Ei ole vaja olla proff. Olenemata sellest, kas see on teie esimene v\u00f5i k\u00fcmnes vees\u00f5it, on see s\u00f5it ohutu ja l\u00f5bus k\u00f5ikidele oskuste tasemetele - algajatest kuni p\u00f5nevuse otsijateni.<\/li>\n<li><strong>H\u00e4mmastavad vaated:<\/strong> Kui lendate \u00fcle ookeani, v\u00f5tke hetkeks aega, et imetleda Playa de las Am\u00e9ricase kaunist rannajoont ja Atlandi ookeani s\u00e4delevat vett.<\/li>\n<\/ul>\n<h3><strong>\ud83d\udcb6 Suurep\u00e4rane v\u00e4\u00e4rtus l\u00fchikese, kuid intensiivse s\u00f5idu eest<\/strong><\/h3>\n<ul>\n<li><strong>Kestus:<\/strong> T\u00e4ielik 15-minutiline p\u00f5nevuss\u00f5it t\u00e4is tegevust.<\/li>\n<li><strong>Taskukohane hind:<\/strong> L\u00f5bus ja taskukohane v\u00f5imalus neile, kes soovivad proovida p\u00f5nevat <strong>veealased tegevused Tenerifel<\/strong> ilma varandust kulutamata.<\/li>\n<li><strong>Fotod saadaval:<\/strong> \u00c4ra unusta vaadata pilte oma s\u00f5idust, mis on saadaval ostmiseks - sa tahad t\u00f5estust nende metsikute n\u00e4gude kohta!<\/li>\n<\/ul>\n<h3><strong>\u2696\ufe0f Paindlik broneerimine ja t\u00fchistamine<\/strong><\/h3>\n<ul>\n<li><strong>Lihtne broneerida:<\/strong> Meie CanaryVIP-s teeme oma hullu UFO s\u00f5idu broneerimise sujuvaks ja kiireks. Lihtsalt valige kuup\u00e4ev ja kindlustage oma koht.<\/li>\n<li><strong>Tasuta t\u00fchistamine:<\/strong> Plaanid muutunud? Pole probleemi. Saate oma broneeringu t\u00fchistada kuni 24 tundi enne tegevuse algust ja saate raha tagasi. Pole stressi, pole muret.<\/li>\n<\/ul>\n<h3><strong>\u2705 Mida sisaldab hullu UFO Tenerife s\u00f5it?<\/strong><\/h3>\n<ul>\n<li>P\u00e4\u00e4stevestid ja turvavarustus k\u00f5igile osalejatele.<\/li>\n<li>15 minutit kiiret tegevust hullu UFO t\u00e4ispuhutavaga.<\/li>\n<li>Professionaalne ja s\u00f5bralik personal tagab turvalise ja l\u00f5busa aja.<\/li>\n<li>Vabatahtlikud fotod oma s\u00f5idust, et m\u00e4lestused p\u00fcsiksid elus.<\/li>\n<\/ul>\n<h3><strong>\ud83c\udfaf Miks broneerida CanaryVIP-ga?<\/strong><\/h3>\n<ul>\n<li>Teeme koost\u00f6\u00f6d Tenerife parimaks hinnatud veespordiettev\u00f5tetega, et pakkuda ainult parimaid ja ohutumaid kogemusi.<\/li>\n<li>Meie asukoht on Tenerifel ja me oleme valmis aitama teid kohalike n\u00f5uannetega nii enne kui ka p\u00e4rast broneeringu tegemist.<\/li>\n<li>Seda saab kombineerida teiste <strong>veealased tegevused Tenerifel<\/strong> nagu <a href=\"https:\/\/canaryvip.com\/et\/shop\/jetski-tenerife\/\">jet ski s\u00f5itmine<\/a>, <a href=\"https:\/\/canaryvip.com\/et\/shop\/parasailing-tenerife\/\">langevarjuh\u00fcpped<\/a> v\u00f5i <a href=\"https:\/\/canaryvip.com\/et\/tenerife\/boat-excursions\/\">paadimatkad<\/a>-k\u00f5ik samas piirkonnas!<\/li>\n<\/ul>\n<h3><strong>\ud83c\udf92 Mida kaasa v\u00f5tta<\/strong><\/h3>\n<ul>\n<li><strong>Ujumisriided:<\/strong> Sa saad m\u00e4rjaks! Tulge vee jaoks riietatuna ja valmis l\u00f5busaks olemiseks.<\/li>\n<li><strong>P\u00e4ikesekaitse:<\/strong> V\u00f5tke kaasa p\u00e4ikesekaitsekreem, eriti p\u00e4ikesepaistelistelistel p\u00e4evadel.<\/li>\n<li><strong>J\u00e4ta v\u00e4\u00e4rtuslikud asjad maha:<\/strong> Sadamas on turvalised hoiuruumid, kuhu saate oma asjad s\u00f5idu ajaks j\u00e4tta.<\/li>\n<\/ul>\n<h3>\u2753 <strong>Korduma kippuvad k\u00fcsimused<\/strong><\/h3>\n<ul>\n<li><strong>Kas hullu UFO on ohutu?<\/strong> Absoluutselt. Ohutus on esmat\u00e4htis. S\u00f5itu juhivad koolitatud spetsialistid ja k\u00f5ik osalejad kannavad p\u00e4\u00e4steveste.<\/li>\n<li><strong>Kas ma pean oskama ujuda?<\/strong> Ujumiskogemus ei ole vajalik. Teil on alati seljas p\u00e4\u00e4stevest.<\/li>\n<li><strong>Milline on miinimumvanus?<\/strong> Lapsed alates 10. eluaastast v\u00f5ivad tavaliselt s\u00f5ita, kuid kui sa ei ole kindel, siis on alati parem enne broneerimist k\u00fcsida.<\/li>\n<\/ul>\n<h4><strong>\ud83c\udf1e Ole valmis karjuma, naerma ja pritsima!<\/strong><\/h4>\n<p>\u00c4rge j\u00e4tke vahele \u00fchte k\u00f5ige l\u00f5busamat <strong>veespordialad Tenerifel<\/strong>. Broneeri oma <strong>Hull UFO Tenerife<\/strong> s\u00f5itke t\u00e4na koos CanaryVIP-ga ja kogege p\u00f5nevust, kui lendate \u00fcle lainete \u00fche k\u00f5ige p\u00f5nevama veealase tegevuse k\u00e4igus, mida saarel on pakkuda.<\/p>","protected":false},"excerpt":{"rendered":"<p>\ud83d\udd0d<strong> Crazy UFO &amp; Twister Tenerife:<br \/>\n<\/strong>\u2705 Turvaline makse.<br \/>\n\ud83d\udc65 Kuni 8 s\u00f5itjat s\u00f5idu kohta.<br \/>\n\ud83d\ude80 S\u00f5idud kestavad 15 minutit.<br \/>\n\ud83c\udfde\ufe0f Kiirusk\u00e4igud.<br \/>\n\ud83d\udd59 Kogu p\u00e4eva jooksul.<br \/>\n\ud83d\udcc5 Saadaval iga p\u00e4ev.<br \/>\n\ud83e\udd11 Parim hind garanteeritud.<br \/>\n\ud83d\udc6a Grupile tehtavad soodustused.<br \/>\n\ud83d\udd01 24h t\u00fchistamispoliitika.<br \/>\n\ud83c\udf0d Mitme keele tugi.<br \/>\n\ud83c\udf1f Broneeri ette, et s\u00e4\u00e4sta.<br \/>\n\ud83d\udccd Lahkumine <a href=\"https:\/\/maps.app.goo.gl\/bkqEhAxsobcjz9wG9\">Puerto Col\u00f3n<\/a>.<\/p>","protected":false},"featured_media":15388,"comment_status":"open","ping_status":"closed","template":"","meta":{"_acf_changed":false},"product_brand":[],"product_cat":[53],"product_tag":[],"class_list":{"0":"post-15386","1":"product","2":"type-product","3":"status-publish","4":"has-post-thumbnail","6":"product_cat-water-sports","7":"wcpa_has_options","9":"first","10":"instock","11":"virtual","12":"purchasable","13":"product-type-simple"},"acf":[],"wcpa_form_fields":{"wcpaData":{"product":{"product_price":18,"price_html":"From&nbsp;<span class=\"woocommerce-Price-amount amount\"><bdi>18,00&nbsp;<span class=\"woocommerce-Price-currencySymbol\">&euro;<\/span><\/bdi><\/span>","original_product_price":18,"price_including_tax":18,"price_excluding_tax":18,"product_id":{"parent":15386,"variation":false},"is_variable":false,"stock_status":"instock","stock_quantity":null,"parent_sku":"CV15386","product_attributes":[],"custom_fields":[],"is_taxable":false,"product_name":"Crazy UFO & Twister Tenerife","hasImage":false},"fields":{"sec_16894ab7dd6246":{"extra":{"key":"sec_16894ab7dd6246","section_id":"sec_16894ab7dd6246","name":"Default","status":1,"cl_rule":"show","enableCl":false,"relations":[],"toggle":true,"title_tag":"h3","show_title":false,"showPrice":"default","form_id":15391,"form_rules":{"exclude_from_discount":true,"fee_label":"Fee","disp_hide_options_price":true,"disp_show_section_price":false,"disp_show_field_price":true,"layout_option":"standard","pric_use_as_fee":false,"process_fee_as":"woo_fee"},"layout_option":"standard"},"fields":[[{"label":"\ud83d\udcc5 Date","active":true,"required":true,"elementId":"date_26894ab7dd6265","picker_type":"custom","picker_mode":"single","placeholder":"","description":"","tooltip":"","name":"date_26894ab7dd6265","label_position":"default","desc_position":"default","enablePrice":false,"className":"","enableCl":false,"relations":[{"operator":"and","rules":[{"operator":"AND","rules":{"cl_field":"radio-group_5661bc90f5e8f5","cl_relation":"is_not_empty","cl_val":"3 Hour Trip"}}]}],"date_pic_inline":true,"date_pic_inline_hide":true,"min_date":{"type":"days","val":"1"},"max_date":{"type":"days","val":"365"},"date_pic_conf":{"disabledWeeks":[]},"price":"","cl_rule":"show","col":6,"type":"date","error":false,"enableDesign":false,"LabelColor":"","isWeightTemplate":false,"isTemplate":false,"min_quantity":"1","quantity_decimal":false,"quantity_step":"1","quantity_label":"Quantity","repeater_field_label":"{field_label}","repeater_bind":"","gt_translate_keys":["label","placeholder","description","tooltip","repeater_field_label","quantity_label"],"price_dependency":false,"cl_dependency":false,"value":""}],[{"active":true,"col":6,"relations":false,"cl_rule":"show","enableCl":false,"price":"","enablePrice":false,"className":"","label_position":"default","desc_position":"default","type":"select","required":true,"elementId":"select_66894ab7dd6273","label":"\u23f0 Departure Time","name":"select_66894ab7dd6273","values":[{"label":"Whichever Time is Best","value":"Whichever Time is Best","selected":false,"tempId":"aco_312","gt_translate_keys":["label"]},{"label":"10:00","value":"10:00","selected":false,"tempId":"aco_313","gt_translate_keys":["label"]},{"label":"11:00","value":"11:00","selected":false,"tempId":"aco_314","gt_translate_keys":["label"]},{"label":"12:00","value":"12:00","selected":false,"tempId":"aco_711","gt_translate_keys":["label"]},{"label":"13:00","value":"13:00","selected":false,"tempId":"aco_721","gt_translate_keys":["label"]},{"label":"14:00","value":"14:00","selected":false,"tempId":"aco_983","gt_translate_keys":["label"]},{"label":"15:00","value":"15:00","selected":false,"tempId":"aco_993","gt_translate_keys":["label"]},{"label":"16:00","value":"16:00","selected":false,"tempId":"aco_1183","gt_translate_keys":["label"]}],"dropdown_type":"basic","error":false,"multiple":false,"placeholder":"None","isWeightTemplate":false,"isTemplate":false,"min_quantity":"1","quantity_decimal":false,"quantity_step":"1","quantity_label":"Quantity","repeater_field_label":"{field_label}","repeater_bind":"","gt_translate_keys":["label","placeholder","repeater_field_label","quantity_label"],"price_dependency":false,"cl_dependency":false,"value":""}],[{"active":true,"col":6,"relations":[{"operator":false,"rules":[{"operator":"AND","rules":{"cl_field":"","cl_relation":"","cl_val":""}}]}],"cl_rule":"show","enableCl":true,"price":"18","enablePrice":true,"className":"","label_position":"default","desc_position":"default","type":"radio-group","required":false,"elementId":"radio-group_76894ab7dd6281","label":"","name":"radio-group_76894ab7dd6281","values":[{"label":"\ud83d\udc64 People (18\u20ac)","value":"People","selected":true,"tempId":"aco_32","tooltip":"","description":"","gt_translate_keys":["label","tooltip","description"]}],"layOut":"","error":false,"checkUi":"button","priceOptions":"fixed_for_all","pricingType":"fixed","enable_quantity":true,"quantity_label":"","min_quantity":"0","options_tooltip":true,"options_description":true,"is_show_price":true,"isWeightTemplate":false,"isTemplate":false,"quantity_decimal":false,"quantity_step":"1","repeater_field_label":"{field_label}","repeater_bind":"","gt_translate_keys":["label","repeater_field_label","quantity_label"],"price_dependency":false,"cl_dependency":false,"value":""}],[{"active":true,"col":6,"relations":false,"cl_rule":"show","enableCl":false,"price":"","enablePrice":false,"className":"","label_position":"default","desc_position":"default","type":"separator","required":false,"elementId":"separator_16894ab7dd628d","label":"Separator Field","height":"6","separatorType":"fill","error":false,"separatorColor":"#66a5b6","gt_translate_keys":["label"],"price_dependency":false,"cl_dependency":false,"value":""}],[{"active":true,"col":6,"relations":false,"cl_rule":"show","enableCl":false,"price":"{field.radio-group_76894ab7dd6281.quantity}*6","enablePrice":true,"className":"","label_position":"default","desc_position":"default","type":"content","required":false,"elementId":"content_66894ab7dd6297","label":"Deposit Now","name":"content_66894ab7dd6297","contentType":"plain","value":"","error":false,"subtype":"div","inline":true,"show_in_checkout":true,"pricingType":"custom","isTemplate":false,"gt_translate_keys":["label","value"],"price_dependency":false,"cl_dependency":false}],[{"contentType":"plain","active":true,"label":"Payment at Arrival","elementId":"content_96894ab7dd62a1","value":"","inline":true,"show_in_checkout":true,"name":"content_96894ab7dd62a1","enablePrice":true,"className":"","subtype":"div","enableCl":false,"relations":false,"pricingType":"custom","isTemplate":false,"price":"{field.radio-group_76894ab7dd6281.quantity}*12","is_show_price":true,"cl_rule":"show","col":6,"type":"content","error":false,"gt_translate_keys":["label","value"],"price_dependency":false,"cl_dependency":false}],[{"contentType":"plain","active":true,"label":"Total Price","elementId":"content_76894ab7dd62ab","value":"","inline":true,"show_in_checkout":true,"name":"content_76894ab7dd62ab","enablePrice":true,"className":"","subtype":"div","enableCl":false,"relations":false,"pricingType":"custom","isTemplate":false,"price":"{field.radio-group_76894ab7dd6281.quantity}*18","is_show_price":true,"cl_rule":"show","col":6,"type":"content","error":false,"gt_translate_keys":["label","value"],"price_dependency":false,"cl_dependency":false}]]}},"config":{"price_override":"always","enable_recaptcha":false,"bind_quantity":false,"quantity_bind_formula":false,"disp_summ_show_option_price":true,"disp_summ_show_product_price":false,"disp_summ_show_total_price":true,"disp_summ_show_fee":true,"disp_summ_show_discount":true,"summary_title":"","options_total_label":"Options Price","total_label":"Total Amount","options_product_label":"Product Price","fee_label":"Fee","discount_label":"Discount","has_price":true,"has_quantity_formula":false},"mc_unit":1,"tax_rate":1,"tax_rate_real":1,"discount":{"percentage":0,"fixed":0},"design":{"conf":{"LabelPosition":"above","DescPosition":"above","UploadField":"custom_1","QuantityFieldStyle":"custom_1"},"css":{"LeftLabelWidth":"120px"}},"formulas":[],"lookuptables":[],"clones":false,"cartKey":false}},"_links":{"self":[{"href":"https:\/\/canaryvip.com\/et\/wp-json\/wp\/v2\/product\/15386","targetHints":{"allow":["GET"]}}],"collection":[{"href":"https:\/\/canaryvip.com\/et\/wp-json\/wp\/v2\/product"}],"about":[{"href":"https:\/\/canaryvip.com\/et\/wp-json\/wp\/v2\/types\/product"}],"replies":[{"embeddable":true,"href":"https:\/\/canaryvip.com\/et\/wp-json\/wp\/v2\/comments?post=15386"}],"wp:featuredmedia":[{"embeddable":true,"href":"https:\/\/canaryvip.com\/et\/wp-json\/wp\/v2\/media\/15388"}],"wp:attachment":[{"href":"https:\/\/canaryvip.com\/et\/wp-json\/wp\/v2\/media?parent=15386"}],"wp:term":[{"taxonomy":"product_brand","embeddable":true,"href":"https:\/\/canaryvip.com\/et\/wp-json\/wp\/v2\/product_brand?post=15386"},{"taxonomy":"product_cat","embeddable":true,"href":"https:\/\/canaryvip.com\/et\/wp-json\/wp\/v2\/product_cat?post=15386"},{"taxonomy":"product_tag","embeddable":true,"href":"https:\/\/canaryvip.com\/et\/wp-json\/wp\/v2\/product_tag?post=15386"}],"curies":[{"name":"wp","href":"https:\/\/api.w.org\/{rel}","templated":true}]}}