{"id":15373,"date":"2025-08-07T12:36:55","date_gmt":"2025-08-07T11:36:55","guid":{"rendered":"https:\/\/canaryvip.com\/?post_type=product&#038;p=15373"},"modified":"2025-10-23T10:52:49","modified_gmt":"2025-10-23T09:52:49","slug":"bellini-luxury-yacht-tenerife","status":"publish","type":"product","link":"https:\/\/canaryvip.com\/et\/shop\/bellini-luxury-yacht-tenerife\/","title":{"rendered":"Bellini luksusjaht Tenerife"},"content":{"rendered":"<h2><strong>\ud83d\udee5\ufe0f Bellini Luksusjahtide prahtimine Tenerifel<\/strong><\/h2>\n<p class=\"translation-block\">Kogege \u00fcht k\u00f5ige eksklusiivsemat paadirendi seiklust saarel koos <strong>Bellini Luxury Yacht Tenerife<\/strong>. See privaatne prahtimine, mis v\u00e4ljub <a href=\"https:\/\/maps.app.goo.gl\/Xq4LkTRqPjHQzRBE8\" target=\"_blank\" rel=\"noopener\">Puerto de Los Gigantes<\/a> maalilisest jahisadamast, pakub otsest juurdep\u00e4\u00e4su m\u00f5nele Tenerife k\u00f5ige hingematvamale maastikule, sealhulgas Los Gigantese k\u00f5rguvatele kaljudele ja Masca puutumatule rannikule.<\/p>\n<p class=\"translation-block\">Kui t\u00e4histate erilist s\u00fcndmust v\u00f5i soovite lihtsalt <strong>\u00fc\u00fcrida jaht Tenerifel<\/strong> luksuslikuks puhkuseks, siis Bellini on ideaalne valik elegantsi, mugavuse ja unustamatute vaadete jaoks.<\/p>\n<h3>\u2b50\ufe0f <strong>Miks Bellini on \u00fcks Tenerife luksusjahtide tippu kuuluvatest jahidest<\/strong><\/h3>\n<p><span style=\"text-decoration: underline;\"><strong>Mis eristab Bellinit:<\/strong><\/span><\/p>\n<p><strong>Eksklusiivne tervitus:<\/strong> Iga prahtimine algab sooja tervitusega, mis pakub v\u00e4rskelt pakutud troopilisi puuvilju ja 5J Ibeeria singi, mis annab tooni k\u00f5rgetasemelisele purjetamiselamusele.<\/p>\n<p><strong>Avatud baar:<\/strong> Nautige piiramatuid jooke, sealhulgas veini, \u00f5lut, vett, mahlu, karastusjooke ja cava't.<\/p>\n<p><strong>Privaatne juurdep\u00e4\u00e4s varjatud randadele:<\/strong> T\u00e4nu paaditeenusele v\u00f5imaldab Bellini k\u00fclalistel j\u00f5uda peidetud lahedesse ja randadesse, et teha t\u00f5eliselt eksklusiivne peatumine rannikul.<\/p>\n<h4>\ud83c\udf0a <strong>Pardal toimuvad tegevused<\/strong><\/h4>\n<p class=\"translation-block\">See <strong>luksusjaht Tenerifel<\/strong> on midagi enamat kui lihtsalt purjetamine, see on m\u00e4lestuste loomine:<\/p>\n<ul>\n<li><strong>\ud83c\udfc4 Paddle Surf:<\/strong> L\u00f5butsege vees seisva aerulaudaga, mis on lihtne algajatele ja l\u00f5\u00f5gastav k\u00f5igile.<\/li>\n<li><strong>\ud83e\udd3f Snorkeldamisvarustus:<\/strong> Sukeldu ja avasta Tenerife veealune maailm, mis on t\u00e4is mereelu ja sinist vett.<\/li>\n<li><strong>\ud83d\udcf8 GoPro &amp; Polaroid:<\/strong> Kasutage meie pardakaameraid, et j\u00e4\u00e4dvustada k\u00f5ik oma kogemuse tipphetked nii vee peal kui ka vee all.<\/li>\n<\/ul>\n<h4>\ud83c\udf7d\ufe0f <strong>Gourmet Paella alates 5. tunnist<\/strong><\/h4>\n<p>Viie v\u00f5i enama tunni pikkuste laevas\u00f5itude puhul on v\u00e4rskelt valmistatud paella hinna sees. Valige liha-, kana-, taimetoidu- v\u00f5i mereannid, mis valmistatakse teie maitse j\u00e4rgi ja serveeritakse v\u00e4rskelt pardal.<\/p>\n<h3>\ud83d\udc8e <strong>Valikulised Premium-lisad teie kogemuse kohandamiseks<\/strong><\/h3>\n<p class=\"translation-block\">T\u00f5sta oma <strong>jahi rentimine Tenerifel<\/strong> uuele tasemele nende eksklusiivsete lisadega (saadaval soovi korral ja vabade kohtade olemasolul):<\/p>\n<ul>\n<li><strong>Erakondlik kokk:<\/strong> Professionaalne kokk valmistab toidud otse pardal, kohandades men\u00fc\u00fcd vastavalt teie eelistustele.<\/li>\n<li><strong>Jaapani peakoka kogemus:<\/strong> Nautige v\u00e4rskelt valmistatud sushit ja muid jaapani roogasid, mis on valmistatud esmaklassilistest koostisosadest ja oskuslikust tehnikast.<\/li>\n<li><strong>Michelin-t\u00e4hega peakokk:<\/strong> Nautige Michelini giidiga seotud peakoka haute cuisine'i, mida serveeritakse otse pardal.<\/li>\n<li><strong>\u0160ampanja ja kaaviari degusteerimine:<\/strong> Esmaklassiline \u0161ampanja, mis on ideaalselt sobitatud k\u00f5rgekvaliteedilise kaaviari valikuga.<\/li>\n<li><strong>Veini ja gurmeekonservide kokkusobitamine:<\/strong> Elegantne veini degusteerimine koos tipptasemel konservidega, nagu rannakarbid, kukeseened v\u00f5i tuunikala k\u00f5ht.<\/li>\n<li><strong>Jett-suusa rentimine:<\/strong> Saadaval La Caleta, Masca v\u00f5i Arme\u00f1ime l\u00e4hedal ankurdamise ajal.<\/li>\n<li><strong>Flyboard kogemus:<\/strong> Lenda ookeani kohal t\u00e4ieliku ohutuse ja j\u00e4relevalve all.<\/li>\n<li><strong>T\u00e4ispuhutavad veem\u00e4nguasjad:<\/strong> Grupihuvi banaanipaatidega ja muu, mida veab abipaat.<\/li>\n<li><strong>Sukeldumine:<\/strong> Avastamissukeldumine koos instruktoriga (kogemust ei ole vaja) v\u00f5i sertifitseeritud sukeldumine koos kohaliku giidiga.<\/li>\n<li><strong>Sportlik kalap\u00fc\u00fck:<\/strong> Kogu vajalik varustus s\u00fcvamerep\u00fc\u00fcgiks koos pardal oleva toetusega.<\/li>\n<\/ul>\n<h3>\ud83d\udea4 <strong>Valige teile k\u00f5ige paremini sobiv kestus<\/strong><\/h3>\n<p>Bellini pakub mitmeid v\u00f5imalusi, et saaksite kujundada t\u00e4iusliku <strong>Paadi rentimine Tenerifel<\/strong>:<\/p>\n<ul>\n<li><strong>3-tunnine harta:<\/strong> L\u00fchike luksuslik p\u00f5genemine suurep\u00e4raste vaadete, jookide ja suupistetega pardal.<\/li>\n<li><strong>5-tunnine harta:<\/strong> Sisaldab k\u00f5iki vajalikke teenuseid, lisaks paellat ja lisaaega vee ja ranniku nautimiseks.<\/li>\n<li><strong>8-tunnine harta:<\/strong> Terve p\u00e4ev merel, et uurida Los Gigantese, Masca ja palju muud! Ideaalne neile, kes soovivad t\u00e4ielikku Bellini kogemust.<\/li>\n<\/ul>\n<h3>\u2705 <strong>Mida sisaldab teie tellimusluba<\/strong><\/h3>\n<ul>\n<li>V\u00e4rske puuvilja tervitustaldrik<\/li>\n<li>5J Ibeeria sink ja esmaklassilised k\u00fclmutatud lihatooted<\/li>\n<li>Avatud baar: cava, vein, \u00f5lu, vesi, mahlad ja karastusjoogid.<\/li>\n<li>Tervituskohtumine Chandon Spritziga.<\/li>\n<li>Paddle surf, snorkel, GoPro &amp; Polaroid kasutamine<\/li>\n<li>Gourmet paella (alates 5. tunnist)<\/li>\n<li>Julla ligip\u00e4\u00e4s randa<\/li>\n<li>P\u00e4ikeselauad ja varjualused pardal<\/li>\n<li>Kogenud, mitmekeelne meeskond<\/li>\n<\/ul>\n<h3>\ud83d\udccd <strong>V\u00e4ljumine Puerto de Los Gigantesist<\/strong><\/h3>\n<p class=\"translation-block\">Bellini v\u00e4ljub Tenerife l\u00e4\u00e4nerannikult, t\u00e4psemalt <a href=\"https:\/\/maps.app.goo.gl\/Xq4LkTRqPjHQzRBE8\" target=\"_blank\" rel=\"noopener\">Puerto de Los Gigantes<\/a>. See asukoht pakub juurdep\u00e4\u00e4su Los Gigantese majesteetlikele kaljudele ja Masca rannikule, mis on \u00fched saare k\u00f5ige tuntumad ja kaugemad piirkonnad. Sadamasse on lihtne j\u00f5uda autoga ning soovitame kohale j\u00f5uda 15 minutit enne v\u00e4ljumist.<\/p>\n<h4>\ud83d\udcdc <strong>Lihtne broneerimine ja paindlik t\u00fchistamispoliitika<\/strong><\/h4>\n<p>CanaryVIP soovib, et teie kogemus oleks algusest peale sujuv. Meie t\u00fchistamistingimused on selged ja \u00f5iglased:<\/p>\n<ul>\n<li><strong>Ilmaga seotud garantii:<\/strong> Kui mereolud on ebaturvalised, v\u00f5ite reisi \u00fcmber planeerida v\u00f5i taotleda t\u00e4ielikku raha tagasimaksmist.<\/li>\n<li><strong>Tasuta t\u00fchistamised:<\/strong> T\u00fchista v\u00f5i pane \u00fcmber tasuta kuni 4 p\u00e4eva enne reisi. Ettemaksu ei tagastata 4 p\u00e4eva jooksul enne reisi algust tehtud t\u00fchistamiste korral.<\/li>\n<\/ul>\n<h3>\ud83d\udd52 <strong>Saadaval on \u00f6\u00f6bimis- ja mitmep\u00e4evased valikud<\/strong><\/h3>\n<p>Bellini ei ole ainult \u00fchep\u00e4evaste charterite jaoks - tehke oma p\u00f5genemine veelgi erilisemaks:<\/p>\n<ul>\n<li>\u00d6\u00f6bige laevas ja \u00e4rgake \u00fcles ookeanihelide saatel.<\/li>\n<li>Looge oma kohandatud marsruut romantiliste puhkusereiside, pidustuste v\u00f5i mitmep\u00e4evaste purjetamisseikluste jaoks.<\/li>\n<\/ul>\n<h3>\ud83d\udc68\u200d\u2708\ufe0f <strong>Enne pardaleminekut - kiired n\u00e4pun\u00e4ited<\/strong><\/h3>\n<p>Et oma reisist maksimumi v\u00f5tta:<\/p>\n<ul>\n<li>Hoidke oma CanaryVIP kinnitus valmis (tr\u00fckitud v\u00f5i digitaalne).<\/li>\n<li>V\u00f5ta kaasa ujumisriided, r\u00e4tik ja p\u00e4ikesekaitsekreem.<\/li>\n<li>S\u00f6\u00f6ge midagi kerget ja v\u00e4ltige eelnevalt alkoholi, et v\u00e4ltida merehaigust.<\/li>\n<li>Valige oma lemmikpaik - p\u00e4ike v\u00f5i vari - ja valmistuge l\u00f5\u00f5gastumiseks.<\/li>\n<\/ul>\n<h3>\ud83d\udcac <strong>Broneeri kohe koos CanaryVIP<\/strong><\/h3>\n<p>CanaryVIP \u00fchendab reisijad Tenerife tippklassi kogemustega. Kui otsite <strong>rentida luksusjaht Tenerifel<\/strong> ja avastada Los Gigantese v\u00f5i Masca t\u00f5eliselt stiilselt, on Bellini \u00fcks parimaid v\u00f5imalusi.<br \/>\n\ud83d\udc49 <a href=\"https:\/\/canaryvip.com\/et\/tenerife\/boat-hire-tenerife\/\">Kontrollida saadavust ja broneerida oma jaht charter n\u00fc\u00fcd<\/a> - teie luksuslik seiklus on vaid m\u00f5ne hiirekl\u00f5psu kaugusel.<\/p>","protected":false},"excerpt":{"rendered":"<p><strong>\ud83d\udd0d Bellini Yacht Charter:<\/strong><br \/>\n\u2705 Turvaline makse.<br \/>\n\ud83d\udee5\ufe0f 14m Yacht Comfort.<br \/>\n\u23f3 Igap\u00e4evased ekskursioonid 3-8h.<br \/>\n\ud83d\udd59 Kohandatavad v\u00e4ljumisajad.<br \/>\n\ud83c\udf74 S\u00f6\u00f6gid ja joogid kaasa arvatud.<br \/>\n\ud83d\udc65 Kuni 10 k\u00fclalist.<br \/>\n\ud83c\udfc4\u200d\u2640\ufe0f Paddle Boards Included.<br \/>\n\ud83e\udd3f Snorkelivarustus on ette n\u00e4htud.<br \/>\n\ud83e\udd11 Parim hind garanteeritud.<br \/>\n\ud83d\udc6a Allahindlused aktiveeritud.<br \/>\n\ud83d\udd01 Kuni 4 p\u00e4eva t\u00fchistamine.<br \/>\n\ud83c\udf0d Mitmekeelne meeskond.<br \/>\n\ud83c\udf1f Broneeri varakult ja s\u00e4\u00e4sta!<br \/>\n\ud83d\udccd Lahkumine <a href=\"https:\/\/maps.app.goo.gl\/Xq4LkTRqPjHQzRBE8\">Los Gigantes<\/a>.<\/p>","protected":false},"featured_media":15376,"comment_status":"open","ping_status":"closed","template":"","meta":{"_acf_changed":false},"product_brand":[],"product_cat":[47],"product_tag":[],"class_list":{"0":"post-15373","1":"product","2":"type-product","3":"status-publish","4":"has-post-thumbnail","6":"product_cat-boat-hire-tenerife","7":"wcpa_has_options","9":"first","10":"instock","11":"virtual","12":"purchasable","13":"product-type-simple"},"acf":[],"wcpa_form_fields":{"wcpaData":{"product":{"product_price":1060,"price_html":"From&nbsp;<span class=\"woocommerce-Price-amount amount\"><bdi>1.060,00&nbsp;<span class=\"woocommerce-Price-currencySymbol\">&euro;<\/span><\/bdi><\/span>","original_product_price":1060,"price_including_tax":1060,"price_excluding_tax":1060,"product_id":{"parent":15373,"variation":false},"is_variable":false,"stock_status":"instock","stock_quantity":null,"parent_sku":"CV15373","product_attributes":[],"custom_fields":[],"is_taxable":false,"product_name":"Bellini Luxury Yacht Tenerife","hasImage":false},"fields":{"sec_968949ba2884ff":{"extra":{"key":"sec_968949ba2884ff","section_id":"sec_968949ba2884ff","name":"Default","status":1,"cl_rule":"show","enableCl":false,"relations":[],"toggle":true,"title_tag":"h3","show_title":false,"showPrice":"default","form_id":15383,"form_rules":{"exclude_from_discount":true,"fee_label":"Fee","disp_hide_options_price":true,"disp_show_section_price":false,"disp_show_field_price":true,"layout_option":"standard","pric_use_as_fee":false,"process_fee_as":"woo_fee"},"layout_option":"standard"},"fields":[[{"label":"\ud83d\udcc5 Date","active":true,"required":true,"elementId":"date_868949ba288522","picker_type":"custom","picker_mode":"single","placeholder":"","description":"","tooltip":"","name":"date_868949ba288522","label_position":"default","desc_position":"default","enablePrice":false,"className":"","enableCl":false,"relations":[{"operator":"and","rules":[{"operator":"AND","rules":{"cl_field":"radio-group_565c78ffa81208","cl_relation":"is","cl_val":"3 Hour Trip"}}]}],"date_pic_inline":true,"date_pic_inline_hide":true,"min_date":{"type":"days","val":"1"},"max_date":{"type":"days","val":"365"},"date_pic_conf":{"disabledWeeks":[],"disabledDates":["2025-04-18 to 2025-04-24"]},"price":"","cl_rule":"show","col":6,"type":"date","error":false,"enableDesign":false,"LabelColor":"","isWeightTemplate":false,"isTemplate":false,"min_quantity":"1","quantity_decimal":false,"quantity_step":"1","quantity_label":"Quantity","repeater_field_label":"{field_label}","repeater_bind":"","gt_translate_keys":["label","placeholder","description","tooltip","repeater_field_label","quantity_label"],"price_dependency":false,"cl_dependency":false,"value":""}],[{"elementId":"separator_268949ba28853d","separatorType":"blank","className":"","height":"3","enableCl":false,"relations":false,"cl_rule":"show","col":6,"type":"separator","error":false,"gt_translate_keys":[],"price_dependency":false,"cl_dependency":false,"value":""}],[{"active":true,"col":6,"relations":[{"operator":false,"rules":[{"operator":"AND","rules":{"cl_field":"radio-group_565c78ffa81208","cl_relation":"is","cl_val":"3 Hour Trip"}}]}],"cl_rule":"show","enableCl":false,"price":"","enablePrice":false,"className":"","label_position":"default","desc_position":"default","type":"select","required":false,"elementId":"select_468949ba288577","label":"\u23f0 Departure Time","name":"select_468949ba288577","values":[{"label":"09:00","value":"09:00","selected":false,"tempId":"aco_1471","gt_translate_keys":["label"]},{"label":"10:00","value":"10:00","selected":false,"tempId":"aco_1472","gt_translate_keys":["label"]},{"label":"11:00","value":"11:00","selected":false,"tempId":"aco_1500","gt_translate_keys":["label"]},{"label":"12:00","value":"12:00","selected":false,"tempId":"aco_1510","gt_translate_keys":["label"]},{"label":"13:00 (1:00 PM)","value":"13:00","selected":false,"tempId":"aco_1520","gt_translate_keys":["label"]},{"label":"14:00 (2:00 PM)","value":"14:00","selected":false,"tempId":"aco_1728","gt_translate_keys":["label"]},{"label":"15:00 (3:00 PM)","value":"15:00","selected":false,"tempId":"aco_1738","gt_translate_keys":["label"]}],"dropdown_type":"basic","error":false,"placeholder":"Whichever Time is Best","isWeightTemplate":false,"isTemplate":false,"min_quantity":"1","quantity_decimal":false,"quantity_step":"1","quantity_label":"Quantity","repeater_field_label":"{field_label}","repeater_bind":"","gt_translate_keys":["label","placeholder","repeater_field_label","quantity_label"],"price_dependency":false,"cl_dependency":false,"value":""}],[{"active":true,"col":6,"relations":false,"cl_rule":"show","enableCl":false,"price":"","enablePrice":true,"className":"","label_position":"default","desc_position":"default","type":"select","required":true,"elementId":"select_1068949ba288548","label":"\u23f3 Trip Duration","name":"select_1068949ba288548","values":[{"label":"3 Hours (1.060\u20ac)","value":"3h","selected":false,"tempId":"aco_556","price":"1060","gt_translate_keys":["label"]},{"label":"4 Hours (1.275\u20ac)","value":"4H","selected":false,"tempId":"aco_181","price":"1275","gt_translate_keys":["label"]},{"label":"5 Hours (1.490\u20ac)","value":"5h","selected":false,"tempId":"aco_281","price":"1490","gt_translate_keys":["label"]},{"label":"6 Hours (1.700\u20ac)","value":"6h","selected":false,"tempId":"aco_605","price":"1700","gt_translate_keys":["label"]},{"label":"7 Hours (1.915\u20ac)","value":"7h","selected":false,"tempId":"aco_381","price":"1915","gt_translate_keys":["label"]},{"label":"8 Hours (2.130\u20ac)","value":"8h","selected":false,"tempId":"aco_724","price":"2130","gt_translate_keys":["label"]}],"dropdown_type":"basic","error":false,"placeholder":"Select Trip Duration","priceOptions":"different_for_all","pricingType":"fixed","is_show_price":false,"isWeightTemplate":false,"isTemplate":false,"min_quantity":"1","quantity_decimal":false,"quantity_step":"1","quantity_label":"Quantity","repeater_field_label":"{field_label}","repeater_bind":"","gt_translate_keys":["label","placeholder","repeater_field_label","quantity_label"],"price_dependency":false,"cl_dependency":false,"value":""}],[{"label":"\u2705 Number of People","active":true,"required":true,"elementId":"select_168949ba28858b","dropdown_type":"basic","placeholder":"Select Number of People","name":"select_168949ba28858b","label_position":"default","desc_position":"default","enablePrice":true,"className":"","enableCl":false,"relations":[{"operator":false,"rules":[{"operator":"AND","rules":{"cl_field":"radio-group_565c78ffa81208","cl_relation":"is","cl_val":"3 Hour Trip"}}]}],"values":[{"label":"1 person","value":"1","selected":false,"tempId":"aco_1471","price":"0","gt_translate_keys":["label"]},{"label":"2 people","value":"2","selected":false,"tempId":"aco_1472","price":"0","gt_translate_keys":["label"]},{"label":"3 people","value":"3","selected":false,"tempId":"aco_1500","price":"0","gt_translate_keys":["label"]},{"label":"4 people","value":"4","selected":false,"tempId":"aco_1510","price":"0","gt_translate_keys":["label"]},{"label":"5 people","value":"5","selected":false,"tempId":"aco_1520","price":"0","gt_translate_keys":["label"]},{"label":"6 people (+120\u20ac)","value":"6","selected":false,"tempId":"aco_1728","price":"120","gt_translate_keys":["label"]},{"label":"7 people (+240\u20ac)","value":"7","selected":false,"tempId":"aco_1738","price":"240","gt_translate_keys":["label"]},{"label":"8 people (+360\u20ac)","value":"8","selected":false,"tempId":"aco_1922","price":"360","gt_translate_keys":["label"]},{"label":"9 People (+480\u20ac)","value":"9","selected":false,"tempId":"aco_220","price":"480","gt_translate_keys":["label"]},{"label":"10 People (+600\u20ac)","value":"10","selected":false,"tempId":"aco_311","price":"600","gt_translate_keys":["label"]}],"price":"","cl_rule":"show","col":6,"type":"select","error":false,"isWeightTemplate":false,"isTemplate":false,"min_quantity":"1","quantity_decimal":false,"quantity_step":"1","quantity_label":"Quantity","repeater_field_label":"{field_label}","repeater_bind":"","priceOptions":"different_for_all","pricingType":"fixed","gt_translate_keys":["label","placeholder","repeater_field_label","quantity_label"],"price_dependency":false,"cl_dependency":false,"value":""}],[{"active":true,"col":6,"relations":false,"cl_rule":"show","enableCl":false,"price":"","enablePrice":true,"className":"","label_position":"default","desc_position":"default","type":"select","required":false,"elementId":"select_368949ba288551","label":"\ud83d\udca6 Add jet-skis?","name":"select_368949ba288551","values":[{"label":"1 JetSki for 1 Hour (345\u20ac)","value":"1 x Jetski for 1 Hour","selected":false,"tempId":"aco_2501","price":"345","gt_translate_keys":["label"]},{"label":"2 JetSkis for 1 Hour (690\u20ac)","value":"2 x JetSki for 1 Hour","selected":false,"tempId":"aco_2502","price":"690","gt_translate_keys":["label"]}],"dropdown_type":"basic","error":false,"description":"Private JetSki tour from the boat with a JetSki instructor.","placeholder":"None","priceOptions":"different_for_all","pricingType":"fixed","is_show_price":false,"isWeightTemplate":false,"isTemplate":false,"min_quantity":"1","quantity_decimal":false,"quantity_step":"1","quantity_label":"Quantity","repeater_field_label":"{field_label}","repeater_bind":"","gt_translate_keys":["label","placeholder","description","repeater_field_label","quantity_label"],"price_dependency":false,"cl_dependency":false,"value":""}]]}},"config":{"price_override":"always","enable_recaptcha":false,"bind_quantity":false,"quantity_bind_formula":false,"disp_summ_show_option_price":true,"disp_summ_show_product_price":false,"disp_summ_show_total_price":true,"disp_summ_show_fee":true,"disp_summ_show_discount":true,"summary_title":"","options_total_label":"Options Price","total_label":"Total Amount","options_product_label":"Product Price","fee_label":"Fee","discount_label":"Discount","has_price":true,"has_quantity_formula":false},"mc_unit":1,"tax_rate":1,"tax_rate_real":1,"discount":{"percentage":0,"fixed":0},"design":{"conf":{"LabelPosition":"above","DescPosition":"above","UploadField":"custom_1","QuantityFieldStyle":"custom_1"},"css":{"LeftLabelWidth":"120px"}},"formulas":{"fmla_1708360988969136756":"(({field.select_56638eb5b235ae.value}>=3)?(1200):(({field.select_56638eb5b235ae.value}>=2)?(850):(({field.select_56638eb5b235ae.value}>=1)?(540):(0))))","fmla_1708364241278155361":"(({field.select_5841412719.value}>=8)?({field.select_5841412719.price}):(({field.select_5841412719.value}>=5)?({field.select_5841412719.price}):(({field.select_5841412719.value}>=3)?({field.select_5841412719.price}):(0))))"},"lookuptables":[],"clones":false,"cartKey":false}},"_links":{"self":[{"href":"https:\/\/canaryvip.com\/et\/wp-json\/wp\/v2\/product\/15373","targetHints":{"allow":["GET"]}}],"collection":[{"href":"https:\/\/canaryvip.com\/et\/wp-json\/wp\/v2\/product"}],"about":[{"href":"https:\/\/canaryvip.com\/et\/wp-json\/wp\/v2\/types\/product"}],"replies":[{"embeddable":true,"href":"https:\/\/canaryvip.com\/et\/wp-json\/wp\/v2\/comments?post=15373"}],"wp:featuredmedia":[{"embeddable":true,"href":"https:\/\/canaryvip.com\/et\/wp-json\/wp\/v2\/media\/15376"}],"wp:attachment":[{"href":"https:\/\/canaryvip.com\/et\/wp-json\/wp\/v2\/media?parent=15373"}],"wp:term":[{"taxonomy":"product_brand","embeddable":true,"href":"https:\/\/canaryvip.com\/et\/wp-json\/wp\/v2\/product_brand?post=15373"},{"taxonomy":"product_cat","embeddable":true,"href":"https:\/\/canaryvip.com\/et\/wp-json\/wp\/v2\/product_cat?post=15373"},{"taxonomy":"product_tag","embeddable":true,"href":"https:\/\/canaryvip.com\/et\/wp-json\/wp\/v2\/product_tag?post=15373"}],"curies":[{"name":"wp","href":"https:\/\/api.w.org\/{rel}","templated":true}]}}