{"id":14959,"date":"2025-07-02T19:45:06","date_gmt":"2025-07-02T18:45:06","guid":{"rendered":"https:\/\/canaryvip.com\/?post_type=product&#038;p=14959"},"modified":"2025-08-21T13:52:25","modified_gmt":"2025-08-21T12:52:25","slug":"habana-sunseeker-yacht-rental-tenerife","status":"publish","type":"product","link":"https:\/\/canaryvip.com\/et\/shop\/habana-sunseeker-yacht-rental-tenerife\/","title":{"rendered":"Habana Sunseeker: Tenerife: Jahtide rentimine Tenerife"},"content":{"rendered":"<h2>\ud83d\udee5\ufe0f Habana Sunseeker Boat Charter: eksklusiivne luksus Atlandi ookeanil<\/h2>\n<p class=\"translation-block\">Astuge pardale <strong>Habana Sunseeker<\/strong>, mis on 12-meetrine jaht, mis on m\u00f5eldud neile, kes soovivad Tenerife rannikut t\u00e4iesti mugavalt ja stiilselt avastada. See kuni 8-le k\u00fclalisele ruumi pakkuv paat sobib ideaalselt peredele, s\u00f5pradele v\u00f5i k\u00f5igile, kes otsivad privaatset ja unustamatut p\u00f5genemist merel.<\/p>\n<p class=\"translation-block\">Kui te <strong>broneerite jahtide rentimise Tenerifel<\/strong> koos meiega, valite palju enamat kui lihtsalt laevareisi. Habana Sunseeker \u00fchendab endas elegantsi, vabaduse ja l\u00f5\u00f5gastava atmosf\u00e4\u00e4ri, muutes iga hetke pardal eriliseks m\u00e4lestuseks.<\/p>\n<p>Kujutage ette, kuidas purjetate m\u00f6\u00f6da rannikut, tunnete meretuult oma n\u00e4ol, teie lemmikmuusika m\u00e4ngib ja joogi on k\u00e4es. Olenemata sellest, kas t\u00e4histate erilist s\u00fcndmust, naudite romantilist p\u00f5genemist v\u00f5i lihtsalt s\u00f5pradega l\u00f5\u00f5gastumist, on see ideaalne viis saare kogemiseks uuest vaatenurgast. K\u00f5ik on ette valmistatud nii, et tunnete, et jaht on kogu p\u00e4evaks teie p\u00e4ralt.<\/p>\n<h3>\u2b50\ufe0f Mugavus ja stiil merel<\/h3>\n<p><span style=\"text-decoration: underline;\"><strong>Parimad omadused, mida saate pardal nautida:<\/strong><\/span><\/p>\n<ul>\n<li>Privaatne kajut, kus saate l\u00f5\u00f5gastuda v\u00f5i oma isiklikke esemeid turvaliselt hoiustada.<\/li>\n<li>Avar ujumisplatvorm ja kergesti ligip\u00e4\u00e4setav redel, mis on ideaalne ujumiseks v\u00f5i v\u00e4rskendavaks supluseks, millal iganes soovite.<\/li>\n<li>Suur p\u00e4ikeseterrass v\u00f6\u00f6ris, mis sobib ideaalselt p\u00e4evitamiseks, jookide joomiseks v\u00f5i lihtsalt Tenerife ranniku panoraamvaate nautimiseks.<\/li>\n<li>Kabiini laud ja v\u00e4liruum, et jagada suupisteid v\u00f5i t\u00f5sta toosti t\u00e4iuslikule p\u00e4evale vee peal.<\/li>\n<li>Premium helis\u00fcsteem, mis loob kruiisi ajal t\u00e4iusliku atmosf\u00e4\u00e4ri.<\/li>\n<\/ul>\n<h3>\ud83d\udea4 L\u00f5\u00f5gastumiseks ja pidutsemiseks ehitatud jaht<\/h3>\n<p>Habana Sunseeker ei tegele mitte ainult purjetamisega, vaid ka h\u00e4mmastavate hetkede loomisega. 100-hobuj\u00f5ulise mootoriga pakub sujuvat ja mugavat s\u00f5itu, nii et saate t\u00e4ielikult keskenduda elamuse nautimisele.<\/p>\n<p>Veeda p\u00e4ev varjatud kohtade avastamisega, ujumisega sinises vees v\u00f5i lihtsalt suurep\u00e4rase seltskonnaga tekil chillides. Koos<\/p>\n<p>Koos <strong>CanaryVIP<\/strong>, saate <strong>rentida paat Tenerifel<\/strong> mis on nagu teie enda privaatne h\u00f5ljuv salong.<\/p>\n<h3>\ud83d\udd52 Vali oma t\u00e4iuslik kogemus<\/h3>\n<ul>\n<li><strong>Eraldi 3-tunnine harta:<\/strong> L\u00fchike p\u00f5genemine piki rannikut, mis sobib ideaalselt l\u00f5\u00f5gastumiseks ja mere nautimiseks intiimsemalt.<\/li>\n<li><strong>Eraldi 6-tunnine harta:<\/strong> Pikem seiklus, kus on palju aega uurida, ujuda ja nautida iga hetke vee peal.<\/li>\n<li><strong>Eraldi 9-tunnine harta:<\/strong> \u00dclim terve p\u00e4eva kestev kogemus, et nautida Tenerife rannikut oma tempos.<\/li>\n<li><strong>\u00dchine 3-tunnine ekskursioon:<\/strong> Liitu \u00fchisel grupireisil (vabade kohtade olemasolul) l\u00f5busaks ja s\u00f5bralikuks rannikuseikluseks. P\u00e4rast broneeringu tegemist kinnitatakse saadavus hiljemalt 12 tunni jooksul.<\/li>\n<\/ul>\n<h3>\ud83c\udf7d\ufe0f Joogid ja suupisted kaasa arvatud<\/h3>\n<p>K\u00f5ikide ekskursioonide puhul on kaasas maitsvad kohalikud toidud ja joogid. Nautige singi- ja juustuv\u00f5ileibu, v\u00e4rskeid hooajalisi puuvilju, traditsioonilisi kartuleid, chorizo-viilusid, juustu- ja salaamiplaati ning tuunikala-empanadasid. K\u00f5ik on valmistatud selleks, et jagada ja hoida teid kogu merel veedetud p\u00e4eva jooksul energiat t\u00e4is.<\/p>\n<h3>\u2705 Mida sisaldab teie harta?<\/h3>\n<ul>\n<li>T\u00e4ielik juurdep\u00e4\u00e4s privaatsele kajutile, p\u00e4ikeseterrassile ja k\u00f5igile pardal olevatele rajatistele, mis tagavad maksimaalse mugavuse ja privaatsuse.<\/li>\n<li>Ujumisplatvorm ja redel lihtsaks juurdep\u00e4\u00e4suks veele, mis on ideaalne ujumiseks ja meres l\u00f5\u00f5gastumiseks.<\/li>\n<li>S\u00f5bralik ja professionaalne meeskond, kes hoolitseb iga detaili eest, nii et saate keskenduda nautimisele.<\/li>\n<li>Suupisted ja joogid on hinna sees, nii et sa ei pea millegi p\u00e4rast muretsema.<\/li>\n<li>Alates hetkest, mil astute pardale, on k\u00f5ik teie jaoks valmis. V\u00f5ta kaasa oma parim energia ja lase kogemusel voolata. Meie meeskond hoolitseb k\u00f5ige muu eest, et te saaksite keskenduda unustamatute m\u00e4lestuste loomisele.<\/li>\n<\/ul>\n<h3>\ud83d\udd53 Paindlikud v\u00e4ljumisajad<\/h3>\n<ul>\n<li><strong>Hommik, p\u00e4rastl\u00f5una v\u00f5i p\u00e4ikeseloojang:<\/strong> Valige endale sobiv aeg ja avastage Tenerife rannikuala ainulaadsest vaatenurgast.<\/li>\n<\/ul>\n<h3>\ud83d\udccd V\u00e4ljumine Puerto Col\u00f3nist, Costa Adeje'st<\/h3>\n<p class=\"translation-block\">Teie seiklus algab <a href=\"https:\/\/maps.app.goo.gl\/MeynoCCeyw2ALYxa9\" target=\"_blank\" rel=\"noopener\">Puerto Col\u00f3nis Costa Adejes<\/a>, mis on \u00fcks Tenerife moodsamaid ja elavamaid jahisadamaid. Parkimine on lihtne ja atmosf\u00e4\u00e4r on k\u00fclalislahke, mist\u00f5ttu on see ideaalne l\u00e4htepunkt teie jahtkogemuseks.<\/p>\n<h4>\ud83d\udcdc Selge ja paindlik poliitika<\/h4>\n<ul>\n<li><strong>Paindlik t\u00fchistamine:<\/strong> Erareiside puhul saate tasuta t\u00fchistada v\u00f5i \u00fcmber planeerida kuni 7 p\u00e4eva enne reisi algust. \u00dchiste ekskursioonide puhul on v\u00f5imalik tasuta t\u00fchistada v\u00f5i \u00fcmber planeerida kuni 72 tundi enne v\u00e4ljumist. Me m\u00f5istame, et plaanid v\u00f5ivad muutuda, ja soovime, et te broneeriksite t\u00e4iesti kindlalt. Pange t\u00e4hele, et mitteilmumata j\u00e4\u00e4nud broneeringuid ei tagastata.<\/li>\n<\/ul>\n<p class=\"translation-block\">Meie <strong>CanaryVIP<\/strong> usume, et iga\u00fcks v\u00e4\u00e4rib luksuskogemust, mis on isiklik ja unustamatu. Kui valite <a href=\"https:\/\/canaryvip.com\/et\/tenerife\/boat-charter-tenerife\/\" target=\"_self\"><strong>Paatide prahtimise Tenerifel<\/strong><\/a>, nagu Habana Sunseeker, ei broneeri te lihtsalt s\u00f5itu. Te valite ainulaadse viisi, kuidas saada saarega \u00fchendust, jagada t\u00e4hendusrikkaid hetki ja luua lugusid, mida m\u00e4letate igavesti.<\/p>\n<p class=\"translation-block\">\u00c4rge oodake, et muuta oma unistuste p\u00e4ev merel reaalsuseks. Broneerige oma <strong>privaatjaht Tenerifel<\/strong> juba t\u00e4na ja valmistuge elamuseks, mida tahate taas ja taas kogeda.<\/p>","protected":false},"excerpt":{"rendered":"<p><strong>\ud83d\udd0d Habana Sunseeker Yacht:<\/strong><br \/>\n\u2705 Turvaline makse.<br \/>\n\ud83d\udc65 Jagatud ekskursioonid saadaval<br \/>\n\ud83d\udd10 Saadaval on eraviisilised ekskursioonid<br \/>\n\ud83d\udee5\ufe0f 12 meetrine luksusjaht.<br \/>\n\u23f3 Igap\u00e4evased ekskursioonid 3-9h.<br \/>\n\ud83d\udd59 Kohandatavad v\u00e4ljumisajad.<br \/>\n\ud83c\udf05 P\u00e4ikeseloojangu ekskursioonid saadaval.<br \/>\n\ud83c\udf7b Joogid ja suupisted kaasa arvatud.<br \/>\n\ud83d\udc65 Kuni 8 k\u00fclalist.<br \/>\n\ud83e\udd3f Snorkel varustus.<br \/>\n\ud83d\ude97 Transporditeenus saadaval.<br \/>\n\ud83e\udd11 Parim hind garanteeritud.<br \/>\n\ud83d\udc6a Allahindlused aktiveeritud.<br \/>\n\ud83d\udd01 Kuni 7-p\u00e4evane t\u00fchistamine.<br \/>\n\ud83c\udf0d Mitmekeelne meeskond.<br \/>\n\ud83c\udf1f Broneeri kohe ja s\u00e4\u00e4sta!<br \/>\n\ud83d\udccd Lahkumine <a href=\"https:\/\/maps.app.goo.gl\/ocJuu7A8R1JWjPbS9\">Puerto Colon<\/a>.<\/p>","protected":false},"featured_media":14960,"comment_status":"open","ping_status":"closed","template":"","meta":{"_acf_changed":false},"product_brand":[],"product_cat":[47,46],"product_tag":[],"class_list":{"0":"post-14959","1":"product","2":"type-product","3":"status-publish","4":"has-post-thumbnail","6":"product_cat-boat-hire-tenerife","7":"product_cat-boat-excursions","8":"wcpa_has_options","10":"first","11":"instock","12":"sale","13":"virtual","14":"purchasable","15":"product-type-simple"},"acf":[],"wcpa_form_fields":{"wcpaData":{"product":{"product_price":75,"price_html":"From&nbsp;<del aria-hidden=\"true\"><span class=\"woocommerce-Price-amount amount\"><bdi>85,00&nbsp;<span class=\"woocommerce-Price-currencySymbol\">&euro;<\/span><\/bdi><\/span><\/del> <span class=\"screen-reader-text\">Esialgne hind oli: 85,00&nbsp;&euro;.<\/span><ins aria-hidden=\"true\"><span class=\"woocommerce-Price-amount amount\"><bdi>75,00&nbsp;<span class=\"woocommerce-Price-currencySymbol\">&euro;<\/span><\/bdi><\/span><\/ins><span class=\"screen-reader-text\">Praegune hind on: 75,00&nbsp;&euro;.<\/span>","original_product_price":85,"price_including_tax":75,"price_excluding_tax":75,"product_id":{"parent":14959,"variation":false},"is_variable":false,"stock_status":"instock","stock_quantity":null,"parent_sku":"CV14959","product_attributes":[],"custom_fields":[],"is_taxable":false,"product_name":"Habana Sunseeker: Yacht Rental Tenerife","hasImage":false},"fields":{"sec_268657f5ea9e83":{"extra":{"key":"sec_268657f5ea9e83","section_id":"sec_268657f5ea9e83","name":"Trip Duration","status":1,"cl_rule":"show","enableCl":false,"relations":[],"toggle":true,"title_tag":"h4","show_title":false,"showPrice":"default","form_id":14965,"form_rules":{"exclude_from_discount":true,"fee_label":"Fee","disp_hide_options_price":true,"disp_show_section_price":false,"disp_show_field_price":true,"layout_option":"standard","pric_use_as_fee":false,"process_fee_as":"woo_fee"},"layout_option":"standard"},"fields":[[{"active":true,"col":6,"relations":false,"cl_rule":"show","enableCl":false,"price":"","enablePrice":false,"className":"","label_position":"default","desc_position":"default","type":"radio-group","required":false,"elementId":"radio-group_268657f5ea9eaa","label":"\u231b\ufe0f Trip Duration","name":"radio-group_268657f5ea9eaa","values":[{"label":"3 Hour Shared Trip (75\u20ac)","value":"Shared 3H","selected":false,"tempId":"aco_148","description":"Join a shared yacht tour along Tenerife\u2019s coast. Enjoy local snacks, open bar, swim stops, and great views. 3-hour group charters, up to 8 guests.","gt_translate_keys":["label","description"]},{"label":"Private Charter (From 680\u20ac)","value":"Private Charter","selected":false,"tempId":"aco_149","description":"Sail Tenerife\u2019s coast on a private yacht. Enjoy local snacks, open bar, swim stops, and full comfort. Choose 3 to 9-hour charters for up to 8 guests.","gt_translate_keys":["label","description"]}],"layOut":"","error":false,"checkUi":"toggle","options_description":true,"gt_translate_keys":["label"],"price_dependency":false,"cl_dependency":[false,false],"value":""}]]},"sec_868657f5ea9eba":{"extra":{"key":"sec_868657f5ea9eba","section_id":"sec_868657f5ea9eba","name":"Shared Trip","status":1,"cl_rule":"show","enableCl":true,"relations":[{"operator":false,"rules":[{"operator":"AND","rules":{"cl_field":"radio-group_268657f5ea9eaa","cl_relation":"is","cl_val":"Shared 3H"}}]}],"toggle":true,"title_tag":"h4","show_title":false,"showPrice":"default","form_id":14965,"form_rules":{"exclude_from_discount":true,"fee_label":"Fee","disp_hide_options_price":true,"disp_show_section_price":false,"disp_show_field_price":true,"layout_option":"standard","pric_use_as_fee":false,"process_fee_as":"woo_fee"},"layout_option":"standard"},"fields":[[{"label":"\ud83d\udcc5 Date","active":true,"required":true,"elementId":"date_968657f5ea9ec6","picker_type":"custom","picker_mode":"single","placeholder":"","description":"","tooltip":"","name":"date_968657f5ea9ec6","label_position":"default","desc_position":"default","enablePrice":false,"className":"","enableCl":false,"relations":[{"operator":"and","rules":[{"operator":"AND","rules":{"cl_field":"radio-group_367e16bf8dd4f5","cl_relation":"is","cl_val":"3 Hour Trip"}}]}],"enableDesign":false,"LabelColor":"","date_pic_inline":true,"date_pic_inline_hide":true,"min_date":{"type":"days","val":"2"},"max_date":{"type":"days","val":"365"},"date_pic_conf":{"disabledWeeks":[]},"price":"","cl_rule":"show","col":6,"type":"date","error":false,"isWeightTemplate":false,"isTemplate":false,"min_quantity":"1","quantity_decimal":false,"quantity_step":"1","quantity_label":"Quantity","repeater_field_label":"{field_label}","repeater_bind":"","gt_translate_keys":["label","placeholder","description","tooltip","repeater_field_label","quantity_label"],"price_dependency":false,"cl_dependency":false,"value":""}],[{"label":"\u23f0 Departure","active":true,"required":true,"elementId":"select_368657f5ea9ed0","dropdown_type":"basic","placeholder":"Select Departure Time","name":"select_368657f5ea9ed0","label_position":"default","desc_position":"default","enablePrice":false,"className":"","enableCl":false,"relations":[{"operator":false,"rules":[{"operator":"AND","rules":{"cl_field":"date_367e16bf8dd504","cl_relation":"week_day_is","cl_val":[1]}}]}],"values":[{"label":"9:00","value":"9:00","selected":false,"tempId":"aco_2695","gt_translate_keys":["label"]},{"label":"12:00","value":"12:00","selected":false,"tempId":"aco_2329","gt_translate_keys":["label"]},{"label":"15:00 (3:00 PM)","value":"15:00 (3:00 PM)","selected":false,"tempId":"aco_419","gt_translate_keys":["label"]},{"label":"18:00 (6:00 PM)","value":"18:00 (6:00 PM)","selected":false,"tempId":"aco_573","gt_translate_keys":["label"]}],"price":"","cl_rule":"show","col":6,"type":"select","error":false,"gt_translate_keys":["label","placeholder"],"price_dependency":false,"cl_dependency":false,"value":""}],[{"active":true,"col":6,"relations":false,"cl_rule":"show","enableCl":false,"price":"","enablePrice":false,"className":"","label_position":"default","desc_position":"default","type":"separator","required":false,"elementId":"separator_668657f5ea9edc","label":"Separator Field","height":"4","separatorType":"blank","error":false,"gt_translate_keys":["label"],"price_dependency":false,"cl_dependency":false,"value":""}],[{"active":true,"col":6,"relations":false,"cl_rule":"show","enableCl":false,"price":"75","enablePrice":true,"className":"","label_position":"default","desc_position":"default","type":"radio-group","required":false,"elementId":"radio-group_1068657f5ea9ee7","label":"","name":"radio-group_1068657f5ea9ee7","values":[{"label":"\ud83d\udc64 Adult (75\u20ac)","value":"Adult","selected":true,"tempId":"aco_2419","tooltip":"+11 Years","price":"50","gt_translate_keys":["label","tooltip"]}],"layOut":"","error":false,"checkUi":"button","options_description":true,"options_tooltip":true,"priceOptions":"fixed_for_all","pricingType":"fixed","is_show_price":false,"enable_quantity":true,"quantity_decimal":false,"quantity_step":"1","quantity_label":"","min_quantity":"0","max_quantity":"22","isWeightTemplate":false,"isTemplate":false,"repeater_field_label":"{field_label}","repeater_bind":"","gt_translate_keys":["label","repeater_field_label","quantity_label"],"price_dependency":false,"cl_dependency":false,"value":""}],[{"label":"","active":true,"required":false,"elementId":"radio-group_168657f5ea9ef2","name":"radio-group_168657f5ea9ef2","label_position":"default","desc_position":"default","enablePrice":true,"className":"","enableCl":false,"relations":false,"enable_quantity":true,"quantity_label":"","quantity_step":"1","quantity_decimal":false,"min_quantity":"0","checkUi":"button","layOut":"","options_tooltip":true,"options_description":true,"values":[{"label":"\ud83d\udc66 Child (50\u20ac)","value":"Child","selected":true,"tempId":"aco_2419","tooltip":"1-11 Years","price":"40","gt_translate_keys":["label","tooltip"]}],"priceOptions":"fixed_for_all","pricingType":"fixed","price":"50","is_show_price":false,"cl_rule":"show","col":6,"type":"radio-group","error":false,"max_quantity":"22","isWeightTemplate":false,"isTemplate":false,"repeater_field_label":"{field_label}","repeater_bind":"","gt_translate_keys":["label","repeater_field_label","quantity_label"],"price_dependency":false,"cl_dependency":false,"value":""}],[{"label":"","active":true,"required":false,"elementId":"radio-group_168657f5ea9efd","name":"radio-group_168657f5ea9efd","label_position":"default","desc_position":"default","enablePrice":true,"className":"","enableCl":false,"relations":false,"enable_quantity":true,"quantity_label":"","quantity_step":"1","quantity_decimal":false,"min_quantity":"0","max_quantity":"22","checkUi":"button","layOut":"","options_tooltip":true,"options_description":true,"values":[{"label":"\ud83d\udc76 Baby (Free)","value":"Baby","selected":true,"tempId":"aco_2419","tooltip":"0-11 Months","price":"40","gt_translate_keys":["label","tooltip"]}],"priceOptions":"fixed_for_all","pricingType":"fixed","price":"0","is_show_price":false,"cl_rule":"show","col":6,"type":"radio-group","error":false,"isWeightTemplate":false,"isTemplate":false,"repeater_field_label":"{field_label}","repeater_bind":"","gt_translate_keys":["label","repeater_field_label","quantity_label"],"price_dependency":false,"cl_dependency":false,"value":""}],[{"active":true,"col":6,"relations":false,"cl_rule":"show","enableCl":false,"price":"","enablePrice":false,"className":"","label_position":"default","desc_position":"default","type":"text","subtype":"text","required":false,"elementId":"text_8925665281","label":"\ud83d\ude8c Pickup Location (+10\u20ac\/person)","name":"text_8925665281","value":"","caseType":"default","isWeightTemplate":false,"error":false,"isTemplate":false,"min_quantity":"1","quantity_decimal":false,"quantity_step":"1","quantity_label":"Quantity","repeater_field_label":"{field_label}","repeater_bind":"","description":"Pick-up service in Tenerife South from Los Cristianos to Costa Adeje. Availability depends on advance reservation timing and day, as the VAN has limited seats. If no pickup point is provided, you'll need to arrive at the starting point in Puerto Col\u00f3n on your own. The price is 10\u20ac extra per person at arrival. Simply provide your address or hotel name.","gt_translate_keys":["label","description","value","repeater_field_label","quantity_label"],"price_dependency":false,"cl_dependency":false}]]},"sec_068657f5ea9f26":{"extra":{"key":"sec_068657f5ea9f26","section_id":"sec_068657f5ea9f26","name":"Private Charter","status":1,"cl_rule":"show","enableCl":true,"relations":[{"operator":false,"rules":[{"operator":"AND","rules":{"cl_field":"radio-group_268657f5ea9eaa","cl_relation":"is","cl_val":"Private Charter"}}]}],"toggle":true,"title_tag":"h4","show_title":false,"showPrice":"default","form_id":14965,"form_rules":{"exclude_from_discount":true,"fee_label":"Fee","disp_hide_options_price":true,"disp_show_section_price":false,"disp_show_field_price":true,"layout_option":"standard","pric_use_as_fee":false,"process_fee_as":"woo_fee"},"layout_option":"standard"},"fields":[[{"label":"\ud83d\udcc5 Date","active":true,"required":true,"elementId":"date_768657f5ea9f2f","picker_type":"custom","picker_mode":"single","placeholder":"","description":"","tooltip":"","name":"date_768657f5ea9f2f","label_position":"default","desc_position":"default","enablePrice":false,"className":"","enableCl":false,"relations":[{"operator":"and","rules":[{"operator":"AND","rules":{"cl_field":"radio-group_367e16bf8dd4f5","cl_relation":"is","cl_val":"3 Hour Trip"}}]}],"enableDesign":false,"LabelColor":"","date_pic_inline":true,"date_pic_inline_hide":true,"min_date":{"type":"days","val":"0"},"max_date":{"type":"days","val":"365"},"date_pic_conf":{"disabledWeeks":[]},"price":"","cl_rule":"show","col":6,"type":"date","error":false,"gt_translate_keys":["label","placeholder","description","tooltip"],"price_dependency":false,"cl_dependency":false,"value":""}],[{"label":"\u23f0 Departure","active":true,"required":true,"elementId":"select_1068657f5ea9f39","dropdown_type":"basic","placeholder":"Select Departure Time","name":"select_1068657f5ea9f39","label_position":"default","desc_position":"default","enablePrice":false,"className":"","enableCl":false,"relations":[{"operator":false,"rules":[{"operator":"AND","rules":{"cl_field":"date_367e16bf8dd504","cl_relation":"week_day_is","cl_val":[1]}}]}],"values":[{"label":"9:00","value":"9:00","selected":false,"tempId":"aco_2695","price":"0","gt_translate_keys":["label"]},{"label":"12:00","value":"12:00","selected":false,"tempId":"aco_2329","price":"0","gt_translate_keys":["label"]},{"label":"15:00","value":"15:00","selected":false,"tempId":"aco_2457","price":"0","gt_translate_keys":["label"]},{"label":"18:00","value":"18:00","selected":false,"tempId":"aco_19","price":"100","gt_translate_keys":["label"]}],"price":"","cl_rule":"show","col":6,"type":"select","error":false,"priceOptions":"different_for_all","pricingType":"fixed","is_show_price":true,"gt_translate_keys":["label","placeholder"],"price_dependency":false,"cl_dependency":false,"value":""}],[{"active":true,"col":6,"relations":false,"cl_rule":"show","enableCl":false,"price":"","enablePrice":false,"className":"","label_position":"default","desc_position":"default","type":"select","required":false,"elementId":"select_668657f5ea9f42","label":"\ud83d\udc64 Number of People","name":"select_668657f5ea9f42","values":[{"label":"1 Person","value":"1 Person","selected":false,"tempId":"aco_2241","gt_translate_keys":["label"]},{"label":"2 People","value":"2 People","selected":false,"tempId":"aco_2242","gt_translate_keys":["label"]},{"label":"3 People","value":"3 People","selected":false,"tempId":"aco_2243","gt_translate_keys":["label"]},{"label":"4 People","value":"4 People","selected":false,"tempId":"aco_2469","gt_translate_keys":["label"]},{"label":"5 People","value":"5 People","selected":false,"tempId":"aco_2479","gt_translate_keys":["label"]},{"label":"6 People","value":"6 People","selected":false,"tempId":"aco_2552","gt_translate_keys":["label"]},{"label":"7 People","value":"7 People","selected":false,"tempId":"aco_2562","gt_translate_keys":["label"]},{"label":"8 People","value":"8 People","selected":false,"tempId":"aco_2626","gt_translate_keys":["label"]}],"dropdown_type":"basic","error":false,"placeholder":"Select Amount of People","gt_translate_keys":["label","placeholder"],"price_dependency":false,"cl_dependency":false,"value":""}],[{"active":true,"col":6,"relations":false,"cl_rule":"show","enableCl":false,"price":"","enablePrice":true,"className":"","label_position":"default","desc_position":"default","type":"select","required":false,"elementId":"select_568657f5ea9f4c","label":"\u231b\ufe0f Charter Duration (From 680\u20ac)","name":"select_568657f5ea9f4c","values":[{"label":"3 Hours (From 680\u20ac)","value":"3","selected":false,"tempId":"aco_3241","price":"680","gt_translate_keys":["label"]},{"label":"6 Hours (From 1.300\u20ac)","value":"6","selected":false,"tempId":"aco_2149","price":"1300","gt_translate_keys":["label"]},{"label":"9 Hours (From 1.950\u20ac)","value":"9","selected":false,"tempId":"aco_1724","price":"1950","gt_translate_keys":["label"]}],"dropdown_type":"basic","error":false,"placeholder":"Select Duration Time","priceOptions":"different_for_all","pricingType":"fixed","is_show_price":false,"isWeightTemplate":false,"isTemplate":false,"min_quantity":"1","quantity_decimal":false,"quantity_step":"1","quantity_label":"Quantity","repeater_field_label":"{field_label}","repeater_bind":"","gt_translate_keys":["label","placeholder","repeater_field_label","quantity_label"],"price_dependency":false,"cl_dependency":false,"value":""}],[{"active":true,"col":6,"relations":false,"cl_rule":"show","enableCl":false,"price":"","enablePrice":false,"className":"","label_position":"default","desc_position":"default","type":"separator","required":false,"elementId":"separator_868657f5ea9f56","label":"Separator Field","height":"3","separatorType":"blank","error":false,"gt_translate_keys":["label"],"price_dependency":false,"cl_dependency":false,"value":""}],[{"label":"\ud83d\ude8c Pickup Location (+30\u20ac\/Reservation)","active":true,"required":false,"elementId":"text-8945671315","value":"","description":"Pick-up service in Tenerife South from Los Cristianos to Costa Adeje. Availability depends on advance reservation timing and day, as the VAN has limited seats. If no pickup point is provided, you'll need to arrive at the starting point in Puerto Col\u00f3n on your own. The price is 30\u20ac extra for the entire reservation at arrival. Simply provide your address or hotel name.","name":"text-8945671315","label_position":"default","desc_position":"default","enablePrice":false,"className":"","enableCl":false,"relations":false,"repeater_bind":"","repeater_field_label":"{field_label}","quantity_label":"Quantity","quantity_step":"1","quantity_decimal":false,"min_quantity":"1","subtype":"text","caseType":"default","isTemplate":false,"price":"","isWeightTemplate":false,"cl_rule":"show","col":6,"type":"text","error":false,"gt_translate_keys":["label","description","value","repeater_field_label","quantity_label"],"price_dependency":false,"cl_dependency":false}]]}},"config":{"price_override":"always","enable_recaptcha":false,"bind_quantity":false,"quantity_bind_formula":false,"disp_summ_show_option_price":true,"disp_summ_show_product_price":false,"disp_summ_show_total_price":true,"disp_summ_show_fee":true,"disp_summ_show_discount":true,"summary_title":"","options_total_label":"Options Price","total_label":"Total Amount Now","options_product_label":"Product Price","fee_label":"Fee","discount_label":"Discount","has_price":true,"has_quantity_formula":false},"mc_unit":1,"tax_rate":1,"tax_rate_real":1,"discount":{"percentage":0,"fixed":0},"design":{"conf":{"LabelPosition":"above","DescPosition":"above","UploadField":"custom_1","QuantityFieldStyle":"custom_1"},"css":{"LeftLabelWidth":"120px"}},"formulas":{"fmla_1708364241278155361":"(({field.select_568657f5ea9f4c.value}>=9)?(450):(({field.select_568657f5ea9f4c.value}>=6)?(300):(({field.select_568657f5ea9f4c.value}>=3)?(180):(0))))","fmla_1742826688120818082":"(({field.select_568657f5ea9f4c.value}>=9)?(1500):(({field.select_568657f5ea9f4c.value}>=6)?(1000):(({field.select_568657f5ea9f4c.value}>=3)?(500):(0))))"},"lookuptables":[],"clones":false,"cartKey":false}},"_links":{"self":[{"href":"https:\/\/canaryvip.com\/et\/wp-json\/wp\/v2\/product\/14959","targetHints":{"allow":["GET"]}}],"collection":[{"href":"https:\/\/canaryvip.com\/et\/wp-json\/wp\/v2\/product"}],"about":[{"href":"https:\/\/canaryvip.com\/et\/wp-json\/wp\/v2\/types\/product"}],"replies":[{"embeddable":true,"href":"https:\/\/canaryvip.com\/et\/wp-json\/wp\/v2\/comments?post=14959"}],"wp:featuredmedia":[{"embeddable":true,"href":"https:\/\/canaryvip.com\/et\/wp-json\/wp\/v2\/media\/14960"}],"wp:attachment":[{"href":"https:\/\/canaryvip.com\/et\/wp-json\/wp\/v2\/media?parent=14959"}],"wp:term":[{"taxonomy":"product_brand","embeddable":true,"href":"https:\/\/canaryvip.com\/et\/wp-json\/wp\/v2\/product_brand?post=14959"},{"taxonomy":"product_cat","embeddable":true,"href":"https:\/\/canaryvip.com\/et\/wp-json\/wp\/v2\/product_cat?post=14959"},{"taxonomy":"product_tag","embeddable":true,"href":"https:\/\/canaryvip.com\/et\/wp-json\/wp\/v2\/product_tag?post=14959"}],"curies":[{"name":"wp","href":"https:\/\/api.w.org\/{rel}","templated":true}]}}