{"id":14185,"date":"2025-04-11T10:44:51","date_gmt":"2025-04-11T09:44:51","guid":{"rendered":"https:\/\/canaryvip.com\/?post_type=product&#038;p=14185"},"modified":"2025-08-09T13:53:28","modified_gmt":"2025-08-09T12:53:28","slug":"jetski-circuit-tenerife","status":"publish","type":"product","link":"https:\/\/canaryvip.com\/et\/shop\/jetski-circuit-tenerife\/","title":{"rendered":"JetSki Circuit Tenerife"},"content":{"rendered":"<h2>\ud83d\udea4 20 minutit Jetski Circuit Tenerife<\/h2>\n<p>Kas otsite kiiret ja p\u00f5nevat tegevust, mis teeks teie puhkuse Tenerifel veelgi unustamatumaks? Veebileht <strong>Jetski Circuit Tenerife<\/strong> on ideaalne valik, kui soovite kiirust, merd ja adrenaliini, ilma et peaksite tundide kaupa ekskursioonile minema. See on 20-minutiline kogemus, mis annab teile vabaduse s\u00f5ita jetisuuskaga oma tempos, turvalises ja kontrollitud keskkonnas, otse ookeanis Playa Fa\u00f1ab\u00e9 l\u00e4hedal.<\/p>\n<h3>\ud83c\udf0a Mis on Jetski Circuit?<\/h3>\n<p>See ei ole <a href=\"https:\/\/canaryvip.com\/et\/shop\/jetski-tenerife\/\">JetSki giidiga rannikurongk\u00e4ik<\/a> v\u00f5i safari. Jetski-ring on t\u00e4histatud ring, mis on rajatud poidega merel, Puerto Col\u00f3ni ja Playa Fa\u00f1ab\u00e9 vahelisel rannajoonel. S\u00f5idate selle ringraja \u00fcmber nii mitu korda kui soovite oma 20-minutilise sessiooni jooksul. Ala on juhendajate j\u00e4relevalve all, nii et saate nautida p\u00f5nevust t\u00e4iesti rahulikult.<\/p>\n<p>See on ideaalne v\u00f5imalus proovida jetisuusatamist, kui teil on v\u00e4he aega v\u00f5i kui soovite lihtsalt kiiret l\u00f5butsemist. Olenemata sellest, kas teete seda \u00fcksi, koos s\u00f5pradega v\u00f5i paarina, on see garanteeritud energialaeng rannap\u00e4evaks.<\/p>\n<h3>\ud83d\udccd Kus see toimub ja kuidas sinna j\u00f5uda<\/h3>\n<p>Tegevus toimub ookeanis otse <a href=\"https:\/\/maps.app.goo.gl\/n9D5BT5K5VsxNcbH7\" target=\"_blank\" rel=\"noopener\"><strong>Puerto Col\u00f3n,<\/strong><\/a> , \u00fcks peamisi jahisadamaid Costa Adejes. Sinna saab h\u00f5lpsasti jalgsi v\u00f5i taksoga, kuid kui olete rannas, teeme selle teie jaoks veelgi lihtsamaks - pakume teile <strong>tasuta paadi pealev\u00f5tmine<\/strong> teenus mitmest l\u00e4hedalasuvast rannast:<\/p>\n<ul>\n<li>\ud83c\udfd6\ufe0f Playa de Troya<\/li>\n<li>\ud83c\udfd6\ufe0f Playa Fa\u00f1ab\u00e9<\/li>\n<li>\ud83c\udfd6\ufe0f Playa Torviscas<\/li>\n<li>\ud83c\udfd6\ufe0f Playa del Duque<\/li>\n<li>\u26f5 Puerto Col\u00f3n ise<\/li>\n<\/ul>\n<p>Lihtsalt andke meile broneerimisel teada, millist randa te eelistate, ja \u00fcks meeskonnaliikmetest tuleb paadiga kohale, et teid alguspunkti tuua. See on kiire, lihtne ja osa elamusest.<\/p>\n<h3>\u2699\ufe0f Mida sisaldab<\/h3>\n<p>K\u00f5ik, mida vajate l\u00f5busaks ja ohutuks s\u00f5iduks, on kaasas:<\/p>\n<ul>\n<li>\u2705 20 minutit jetisuusatamist t\u00e4histatud avatud veekogude ringrajal<\/li>\n<li>\u2705 Kaasaegsed Yamaha jet-suusad, mida on lihtne k\u00e4sitseda ja v\u00e4ga stabiilne.<\/li>\n<li>\u2705 P\u00e4\u00e4stevest k\u00f5igile osalejatele.<\/li>\n<li>\u2705 Ohutusjuhendamine ja j\u00e4relevalve kvalifitseeritud instruktorite poolt<\/li>\n<\/ul>\n<p>Varasemat kogemust ei ole vaja. Enne alustamist selgitab meie meeskond, kuidas k\u00f5ik toimib, nii et tunnete end kindlalt ja olete valmis nautima kogemust esimesest sekundist alates.<\/p>\n<h3>\ud83d\udc65 Kes saavad liituda?<\/h3>\n<p>See tegevus sobib peaaegu k\u00f5igile, kui sul on vees mugav olla. See on suurep\u00e4rane v\u00f5imalus inimestele, kes otsivad natuke seiklust, ilma et nad v\u00f5taksid endale terve p\u00e4eva kava.<\/p>\n<ul>\n<li>\u2714\ufe0f Juhid peavad olema v\u00e4hemalt 16-aastased ja omama kirjalikku vanemate n\u00f5usolekut.<\/li>\n<li>\u2714\ufe0f Nooremad osalejad v\u00f5ivad liituda t\u00e4iskasvanu reisijana.<\/li>\n<li>\ud83d\udeab Ei sobi rasedatele k\u00fclalistele.<\/li>\n<\/ul>\n<h3>\ud83d\udccb Hea teada enne minekut<\/h3>\n<ul>\n<li>\ud83d\udd52 Palun tulge kohale 30 minutit enne broneeritud aega.<\/li>\n<li>\ud83c\udf7d\ufe0f V\u00e4ltige raskete toitude s\u00f6\u00f6mist enne tegevust, et v\u00e4ltida ebamugavustunnet.<\/li>\n<li>\ud83d\udc59 V\u00f5ta kaasa ujumisriided, r\u00e4tik ja p\u00e4ikesekaitsekreem.<\/li>\n<li>\ud83d\udc63 Teie kingad ja isiklikud asjad on s\u00f5idu ajal turvaliselt hoiul.<\/li>\n<\/ul>\n<h3>\ud83d\udcac Miks valida Jetski Circuit Tenerife?<\/h3>\n<p>See kogemus on kiire, taskukohane ja t\u00e4is p\u00f5nevust. See on ideaalne, kui soovite proovida jetisuusatamist, ilma et peaksite veetma pool p\u00e4eva vee peal. Rada on ranniku l\u00e4hedal, sellele on lihtne ligi p\u00e4\u00e4seda ja see on ideaalne algajatele v\u00f5i k\u00f5igile, kes soovivad oma puhkuse ajal lihtsalt natuke tegevust.<\/p>\n<p>Saate sama p\u00f5nevust kui pikemal ekskursioonil, kuid l\u00fchikese ja keskendunud seansi k\u00e4igus, mis sobib ideaalselt teie plaanidesse. Olenemata sellest, kas viibite l\u00e4heduses v\u00f5i k\u00fclastate seda p\u00e4eva jooksul, on see \u00fcks parimaid kiireid seiklusi Costa Adejes.<\/p>\n<h3>\u2696\ufe0f T\u00fchistamispoliitika<\/h3>\n<p>Me m\u00f5istame, et plaanid v\u00f5ivad muutuda, eriti puhkuse ajal. Seep\u00e4rast pakume Jetski Circuit'ile paindlikku t\u00fchistamispoliitikat:<\/p>\n<ul>\n<li>\u2705 Tasuta t\u00fchistamine kuni 24 tundi enne kavandatud seanssi.<\/li>\n<li>\u2705 T\u00e4ielik tagasimaksmine, kui tegevus j\u00e4\u00e4b \u00e4ra ilmastiku- v\u00f5i turvatingimuste t\u00f5ttu.<\/li>\n<li>\u274c Alla 24 tunni enne tegevuse algust tehtud t\u00fchistamisi ei h\u00fcvitata.<\/li>\n<li>\u274c Mitteilmumise korral ei saa raha tagasi maksta.<\/li>\n<\/ul>\n<p>Kui teil on vaja t\u00fchistada v\u00f5i \u00fcmber planeerida, v\u00f5tke meiega \u00fchendust niipea kui v\u00f5imalik, et saaksime teid aidata. Me oleme siin, et aidata teil oma kogemust rahulikult nautida.<\/p>\n<h3>\ud83c\udf1e Broneerige oma Jetski Circuit n\u00fc\u00fcd<\/h3>\n<p>\u00c4ra j\u00e4ta kasutamata v\u00f5imalust s\u00f5ita lainetega \u00fches Tenerife kaunimas kohas. \u00dcksk\u00f5ik, kas tulete \u00fcksi v\u00f5i koos seltskonnaga, on <strong>Jetski Circuit Tenerife<\/strong> on ideaalne v\u00f5imalus lisada saarel veedetud ajale veidi adrenaliini ja l\u00f5bu.<\/p>\n<p><strong>Broneeri oma koht juba t\u00e4na<\/strong> ja valmistuge 20 minutiks peatumatuks tegevuseks Puerto Col\u00f3ni vetes.<\/p>","protected":false},"excerpt":{"rendered":"<p><strong>\ud83d\udd0d JetSki Circuit Tenerife:<\/strong><br \/>\n<span>\u2705 Turvaline makse.<\/span><br \/>\n<span>\ud83c\udf1f Unustamatu kogemus.<\/span><br \/>\n<span>\ud83d\ude80 20-minutiline ring.<\/span><br \/>\n<span>\ud83d\udcc6 Saadaval iga p\u00e4ev.<\/span><br \/>\n<span>\ud83d\udd59 Mitu ajakava.<\/span><br \/>\n<span>\ud83d\udc66 +7 aastat saab liituda.<\/span><br \/>\n<span>\ud83d\udc64 +16 aastat saab s\u00f5ita.<\/span><br \/>\n<span>\ud83e\udd11 Parim hind garanteeritud.<\/span><br \/>\n<span>\ud83d\udc6a Allahindlused aktiveeritud.<\/span><br \/>\n<span>\ud83d\udd01 Kuni 24h t\u00fchistamine.<\/span><br \/>\n<span>\ud83c\udf1f Broneeri kohe ja s\u00e4\u00e4sta!<\/span><span><br \/>\n\ud83d\udea4 Mitu pealev\u00f5tmiskohta.<br \/>\n\ud83d\udccd Asukoht: Puerto Col\u00f3n.<br \/>\n<\/span><\/p>","protected":false},"featured_media":14189,"comment_status":"open","ping_status":"closed","template":"","meta":{"_acf_changed":false},"product_brand":[],"product_cat":[53],"product_tag":[],"class_list":{"0":"post-14185","1":"product","2":"type-product","3":"status-publish","4":"has-post-thumbnail","6":"product_cat-water-sports","7":"wcpa_has_options","9":"first","10":"instock","11":"virtual","12":"purchasable","13":"product-type-simple"},"acf":[],"wcpa_form_fields":{"wcpaData":{"product":{"product_price":60,"price_html":"From&nbsp;<span class=\"woocommerce-Price-amount amount\"><bdi>60,00&nbsp;<span class=\"woocommerce-Price-currencySymbol\">&euro;<\/span><\/bdi><\/span>","original_product_price":60,"price_including_tax":60,"price_excluding_tax":60,"product_id":{"parent":14185,"variation":false},"is_variable":false,"stock_status":"instock","stock_quantity":null,"parent_sku":"CV14185","product_attributes":[],"custom_fields":[],"is_taxable":false,"product_name":"JetSki Circuit Tenerife","hasImage":false},"fields":{"sec_867f8e4dbaf8ed":{"extra":{"key":"sec_867f8e4dbaf8ed","section_id":"sec_867f8e4dbaf8ed","name":"Default","status":1,"cl_rule":"show","enableCl":false,"relations":[],"toggle":true,"title_tag":"h3","show_title":false,"showPrice":"default","form_id":14187,"form_rules":{"exclude_from_discount":true,"fee_label":"Fee","disp_hide_options_price":true,"disp_show_section_price":false,"disp_show_field_price":true,"layout_option":"standard","pric_use_as_fee":false,"process_fee_as":"woo_fee"},"layout_option":"standard"},"fields":[[{"label":"\ud83d\udcc5 Date","active":true,"required":true,"elementId":"date_1067f8e4dbaf91a","picker_type":"custom","picker_mode":"single","placeholder":"","description":"","tooltip":"","name":"date_1067f8e4dbaf91a","label_position":"default","desc_position":"default","enablePrice":false,"className":"","enableCl":false,"relations":[{"operator":"and","rules":[{"operator":"AND","rules":{"cl_field":"radio-group_667e15d3bd15b0","cl_relation":"is","cl_val":"3 Hour Trip"}}]}],"date_pic_inline":true,"date_pic_inline_hide":true,"min_date":{"type":"days","val":"0"},"max_date":{"type":"days","val":"365"},"date_pic_conf":{"disabledWeeks":[]},"price":"","cl_rule":"show","col":6,"type":"date","error":false,"enableDesign":false,"LabelColor":"","gt_translate_keys":["label","placeholder","description","tooltip"],"price_dependency":false,"cl_dependency":false,"value":""}],[{"active":true,"col":6,"relations":false,"cl_rule":"show","enableCl":false,"price":"","enablePrice":false,"className":"","label_position":"default","desc_position":"default","type":"select","required":false,"elementId":"select_067f8e4dbaf935","label":"\ud83d\udccd Departure Point","name":"select_067f8e4dbaf935","values":[{"label":"Puerto Col\u00f3n","value":"Puerto Col\u00f3n","selected":true,"tempId":"aco_841","gt_translate_keys":["label"]},{"label":"Troya Beach","value":"Troya Beach","selected":false,"tempId":"aco_481","gt_translate_keys":["label"]},{"label":"Fa\u00f1ab\u00e9 Beach","value":"Fa\u00f1ab\u00e9 Beach","selected":false,"tempId":"aco_482","gt_translate_keys":["label"]},{"label":"Torviscas Beach","value":"Torviscas Beach","selected":false,"tempId":"aco_515","gt_translate_keys":["label"]},{"label":"El Duque Beach","value":"El Duque Beach","selected":false,"tempId":"aco_678","gt_translate_keys":["label"]}],"dropdown_type":"basic","error":false,"gt_translate_keys":["label"],"price_dependency":false,"cl_dependency":false,"value":""}],[{"active":true,"col":6,"relations":[{"operator":false,"rules":[{"operator":"AND","rules":{"cl_field":"radio-group_667e15d3bd15b0","cl_relation":"is","cl_val":"3 Hour Trip"}}]}],"cl_rule":"show","enableCl":false,"price":"","enablePrice":false,"className":"","label_position":"default","desc_position":"default","type":"select","required":true,"elementId":"select_067f8e4dbaf94d","label":"\u23f0 Departure Time","name":"select_067f8e4dbaf94d","values":[{"label":"11:00","value":"11:00","selected":false,"tempId":"aco_281","gt_translate_keys":["label"]},{"label":"12:00","value":"12:00","selected":false,"tempId":"aco_381","gt_translate_keys":["label"]},{"label":"13:00","value":"13:00","selected":false,"tempId":"aco_1058","gt_translate_keys":["label"]},{"label":"15:00","value":"15:00","selected":false,"tempId":"aco_444","gt_translate_keys":["label"]},{"label":"16:00","value":"16:00","selected":false,"tempId":"aco_454","gt_translate_keys":["label"]}],"dropdown_type":"basic","error":false,"placeholder":"Select Departure Time","priceOptions":"different_for_all","pricingType":"custom","isTemplate":false,"is_show_price":true,"gt_translate_keys":["label","placeholder"],"price_dependency":false,"cl_dependency":false,"value":""}]]},"sec_767f8e4dbaf94e":{"extra":{"key":"sec_767f8e4dbaf94e","section_id":"sec_767f8e4dbaf94e","name":"20 min Circuit Puerto Col\u00f3n","status":1,"cl_rule":"show","enableCl":false,"relations":[{"operator":false,"rules":[{"operator":"AND","rules":{"cl_field":"radio-group_667e15d3bd15b0","cl_relation":"is","cl_val":"1 Hour Trip"}}]}],"toggle":true,"title_tag":"h4","show_title":false,"showPrice":"default","form_id":14187,"form_rules":{"exclude_from_discount":true,"fee_label":"Fee","disp_hide_options_price":true,"disp_show_section_price":false,"disp_show_field_price":true,"layout_option":"standard","pric_use_as_fee":false,"process_fee_as":"woo_fee"},"layout_option":"standard"},"fields":[[{"contentType":"rich","active":true,"label":"","elementId":"content_667f8e4dbaf968","value":"<p>\ud83c\udf9f\ufe0f <strong>Reservation<\/strong>: Pay only a deposit now to reserve; the rest is due on the day of the activity upon arrival.<\/p>","inline":true,"name":"content_667f8e4dbaf968","enablePrice":false,"className":"","subtype":"div","enableCl":false,"relations":false,"price":"","cl_rule":"show","col":6,"type":"content","error":false,"show_in_checkout":true,"enableDesign":true,"LabelSize":"14px","DescSize":"14px","gt_translate_keys":["label","value"],"price_dependency":false,"cl_dependency":false}],[{"active":true,"col":6,"relations":false,"cl_rule":"show","enableCl":false,"price":"","enablePrice":false,"className":"","label_position":"default","desc_position":"default","type":"content","required":false,"elementId":"content_567f8e4dbaf980","label":"Number of Jet Skis","name":"content_567f8e4dbaf980","contentType":"plain","value":"","error":false,"show_in_checkout":true,"inline":false,"gt_translate_keys":["label","value"],"price_dependency":false,"cl_dependency":false}],[{"active":true,"col":6,"relations":[{"operator":false,"rules":[{"operator":"AND","rules":{"cl_field":"","cl_relation":"","cl_val":""}}]}],"cl_rule":"show","enableCl":false,"price":"60","enablePrice":true,"className":"","label_position":"default","desc_position":"default","type":"radio-group","required":false,"elementId":"radio-group_667f8e4dbaf99e","label":"","name":"radio-group_667f8e4dbaf99e","values":[{"label":"\ud83d\udc64 Single JetSki (60\u20ac)","value":"Single JetSki","selected":true,"tempId":"aco_32","tooltip":"1 Person on the JetSki.","description":"","gt_translate_keys":["label","tooltip","description"]}],"layOut":"","error":false,"checkUi":"button","priceOptions":"fixed_for_all","pricingType":"fixed","enable_quantity":true,"quantity_label":"","min_quantity":"0","options_tooltip":true,"options_description":true,"is_show_price":true,"gt_translate_keys":["label","quantity_label"],"price_dependency":["content_467f8e4dbaf9f8","content_067f8e4dbafa11","content_467f8e4dbafa29"],"cl_dependency":false,"value":""}],[{"label":"","active":true,"required":false,"elementId":"radio-group_367f8e4dbaf9bb","name":"radio-group_367f8e4dbaf9bb","label_position":"default","desc_position":"default","enablePrice":true,"className":"","enableCl":false,"relations":false,"enable_quantity":true,"quantity_label":"","min_quantity":"0","checkUi":"button","layOut":"","values":[{"label":"\ud83d\udc65 Double JetSki (70\u20ac)","value":"Double JetSki","selected":true,"tempId":"aco_32","tooltip":"2 People on the same JetSki.","description":"","gt_translate_keys":["label","tooltip","description"]}],"priceOptions":"fixed_for_all","pricingType":"fixed","price":"70","cl_rule":"show","col":6,"type":"radio-group","error":false,"options_tooltip":true,"options_description":true,"is_show_price":true,"quantity_decimal":false,"quantity_step":"1","gt_translate_keys":["label","quantity_label"],"price_dependency":["content_467f8e4dbaf9f8","content_067f8e4dbafa11","content_467f8e4dbafa29"],"cl_dependency":false,"value":""}],[{"elementId":"separator_367f8e4dbaf9d6","separatorType":"fill","separatorColor":"#66a6b6","className":"","height":"3","enableCl":false,"relations":false,"cl_rule":"show","col":6,"type":"separator","gt_translate_keys":[],"price_dependency":false,"cl_dependency":false,"value":""}],[{"active":true,"col":6,"relations":false,"cl_rule":"show","enableCl":false,"price":"({field.radio-group_667f8e4dbaf99e.price}*0.30) + ({field.radio-group_367f8e4dbaf9bb.price}*0.30)","enablePrice":true,"className":"","label_position":"default","desc_position":"default","type":"content","required":false,"elementId":"content_467f8e4dbaf9f8","label":"Deposit Now","name":"content_467f8e4dbaf9f8","contentType":"plain","value":"","error":false,"pricingType":"custom","isTemplate":false,"is_show_price":false,"enableDesign":true,"scrollBar":false,"use_as_fee":false,"fee_label":"","inline":true,"show_in_checkout":true,"subtype":"div","LabelSize":"14px","LabelColor":"","gt_translate_keys":["label","value"],"price_dependency":false,"cl_dependency":false}],[{"contentType":"plain","active":true,"label":"Payment at Arrival","elementId":"content_067f8e4dbafa11","value":"","inline":true,"show_in_checkout":true,"name":"content_067f8e4dbafa11","enablePrice":true,"className":"","fee_label":"","subtype":"div","enableCl":false,"relations":[{"operator":false,"rules":[{"operator":"AND","rules":{"cl_field":"content_467f8e4dbaf9f8","cl_relation":"is_not_empty","cl_val":""}}]}],"scrollBar":false,"enableDesign":true,"pricingType":"custom","isTemplate":false,"price":"({field.radio-group_667f8e4dbaf99e.price}*0.70) + ({field.radio-group_367f8e4dbaf9bb.price}*0.70)","use_as_fee":false,"is_show_price":true,"cl_rule":"disable","col":6,"type":"content","error":false,"LabelSize":"14px","LabelColor":"","gt_translate_keys":["label","value"],"price_dependency":false,"cl_dependency":false}],[{"contentType":"plain","active":true,"label":"Total Amount","elementId":"content_467f8e4dbafa29","value":"","inline":true,"show_in_checkout":true,"name":"content_467f8e4dbafa29","enablePrice":true,"className":"","fee_label":"","subtype":"div","enableCl":false,"relations":[{"operator":false,"rules":[{"operator":"AND","rules":{"cl_field":"content_467f8e4dbaf9f8","cl_relation":"is_not_empty","cl_val":""}}]}],"scrollBar":false,"enableDesign":true,"LabelColor":"","LabelSize":"14px","pricingType":"custom","isTemplate":false,"price":"({field.radio-group_667f8e4dbaf99e.price}) + ({field.radio-group_367f8e4dbaf9bb.price})","use_as_fee":false,"is_show_price":true,"cl_rule":"disable","col":6,"type":"content","error":false,"gt_translate_keys":["label","value"],"price_dependency":false,"cl_dependency":false}]]},"sec_367f8e4dbafa2b":{"extra":{"key":"sec_367f8e4dbafa2b","section_id":"sec_367f8e4dbafa2b","name":"Pickup Location","status":1,"cl_rule":"show","enableCl":true,"relations":[{"operator":false,"rules":[{"operator":"AND","rules":{"cl_field":"radio-group_667e15d3bd15b0","cl_relation":"is_not","cl_val":"2.5 Hour Trip"}}]}],"toggle":true,"title_tag":"h4","show_title":false,"showPrice":"default","form_id":14187,"form_rules":{"exclude_from_discount":true,"fee_label":"Fee","disp_hide_options_price":true,"disp_show_section_price":false,"disp_show_field_price":true,"layout_option":"standard","pric_use_as_fee":false,"process_fee_as":"woo_fee"},"layout_option":"standard"},"fields":[[{"active":true,"col":6,"relations":false,"cl_rule":"show","enableCl":false,"price":"","enablePrice":false,"className":"","label_position":"default","desc_position":"default","type":"separator","required":false,"elementId":"separator_367f8e4dbafa53","label":"Separator Field","height":"1","separatorType":"blank","error":false,"gt_translate_keys":["label"],"price_dependency":false,"cl_dependency":false,"value":""}],[{"active":true,"col":6,"relations":[{"operator":false,"rules":[{"operator":false,"rules":{"cl_field":"radio-group_667e15d3bd15b0","cl_relation":"is_not","cl_val":"4.5 Hour Trip from North Tenerife"}}]}],"cl_rule":"show","enableCl":false,"price":"","enablePrice":false,"className":"","label_position":"default","desc_position":"default","type":"text","subtype":"text","required":false,"elementId":"text_867f8e4dbafa67","label":"\ud83d\ude8c Pickup Location","name":"text_867f8e4dbafa67","value":"","error":false,"description":"Pick-up service in some locations. Simply provide your address or hotel name. (+2\u20ac\/person paid at pickup to the driver)","repeater":false,"repeater_field_label":"{field_label}","repeater_bind":"","gt_translate_keys":["label","description","value","repeater_field_label"],"price_dependency":false,"cl_dependency":false}]]}},"config":{"price_override":"always","enable_recaptcha":false,"bind_quantity":false,"quantity_bind_formula":false,"disp_summ_show_option_price":true,"disp_summ_show_product_price":false,"disp_summ_show_total_price":false,"disp_summ_show_fee":true,"disp_summ_show_discount":true,"summary_title":"","options_total_label":"Options Price","total_label":"Deposit Amount","options_product_label":"Product Price","fee_label":"Fee","discount_label":"Discount","has_price":true,"has_quantity_formula":false},"mc_unit":1,"tax_rate":1,"tax_rate_real":1,"discount":{"percentage":0,"fixed":0},"design":{"conf":{"LabelPosition":"above","DescPosition":"above","UploadField":"custom_1","QuantityFieldStyle":"custom_1"},"css":{"LeftLabelWidth":"120px"}},"formulas":[],"lookuptables":[],"clones":false,"cartKey":false}},"_links":{"self":[{"href":"https:\/\/canaryvip.com\/et\/wp-json\/wp\/v2\/product\/14185","targetHints":{"allow":["GET"]}}],"collection":[{"href":"https:\/\/canaryvip.com\/et\/wp-json\/wp\/v2\/product"}],"about":[{"href":"https:\/\/canaryvip.com\/et\/wp-json\/wp\/v2\/types\/product"}],"replies":[{"embeddable":true,"href":"https:\/\/canaryvip.com\/et\/wp-json\/wp\/v2\/comments?post=14185"}],"wp:featuredmedia":[{"embeddable":true,"href":"https:\/\/canaryvip.com\/et\/wp-json\/wp\/v2\/media\/14189"}],"wp:attachment":[{"href":"https:\/\/canaryvip.com\/et\/wp-json\/wp\/v2\/media?parent=14185"}],"wp:term":[{"taxonomy":"product_brand","embeddable":true,"href":"https:\/\/canaryvip.com\/et\/wp-json\/wp\/v2\/product_brand?post=14185"},{"taxonomy":"product_cat","embeddable":true,"href":"https:\/\/canaryvip.com\/et\/wp-json\/wp\/v2\/product_cat?post=14185"},{"taxonomy":"product_tag","embeddable":true,"href":"https:\/\/canaryvip.com\/et\/wp-json\/wp\/v2\/product_tag?post=14185"}],"curies":[{"name":"wp","href":"https:\/\/api.w.org\/{rel}","templated":true}]}}