{"id":14103,"date":"2025-03-29T16:05:57","date_gmt":"2025-03-29T16:05:57","guid":{"rendered":"https:\/\/canaryvip.com\/?post_type=product&#038;p=14103"},"modified":"2025-08-09T14:09:03","modified_gmt":"2025-08-09T13:09:03","slug":"paladio-luxury-yacht-tenerife","status":"publish","type":"product","link":"https:\/\/canaryvip.com\/et\/shop\/paladio-luxury-yacht-tenerife\/","title":{"rendered":"Paladio luksusjaht Tenerife"},"content":{"rendered":"<h2><strong>\ud83d\udee5\ufe0f Luksuslik kogemus Paladio jahil Tenerifel<\/strong><\/h2>\n<p>Kui otsite <strong>rentida luksusjaht Tenerifel,<\/strong>\u00a0Paladio on \u00fcks k\u00f5ige eksklusiivsemaid v\u00f5imalusi. See 24,5-meetrine Superphantom Italversil 80 on m\u00f5eldud pakkuma mugavust, ruumi ja t\u00e4ielikku privaatsust merel, mahutades kuni 12 k\u00fclalist.<\/p>\n<p>Jaht on saadaval prahtimiseks alates <strong>Detsembrist maini,<\/strong>\u00a0ja lahkub prestii\u017esest <a href=\"https:\/\/www.google.com\/maps\/place\/Puerto+Col%C3%B3n\/@28.078002,-16.7394902,17z\/data=!3m2!4b1!5s0xc6a97433884bdf9:0x76d293b7b99db23a!4m6!3m5!1s0xc6a9743509c9ebf:0xd62345524f768247!8m2!3d28.078002!4d-16.7369153!16s%2Fg%2F11c6cqryw_?entry=tts&amp;g_ep=EgoyMDI0MDUwNS4wKgBIAVAD\" target=\"_blank\" rel=\"noopener\">Puerto Col\u00f3n<\/a> Costa Adejes.<\/p>\n<p>Olenemata sellest, kas t\u00e4histate midagi erilist v\u00f5i soovite lihtsalt stiilselt l\u00f5\u00f5gastuda, pakub Paladio jaht t\u00f5eliselt unustamatuid merelisi elamusi.<\/p>\n<h3>\u2b50\ufe0f <strong>Miks valida Paladio Yacht Tenerifel?<\/strong><\/h3>\n<p><strong>\u2705 Privaatne ja kohandatud kogemus:<\/strong> Kas plaanite romantilist p\u00f5genemist, perep\u00e4eva v\u00f5i pidustust koos s\u00f5pradega, Paladio pakub teile t\u00e4ielikku privaatsust ja paindlikkust, et kujundada p\u00e4ev oma \u00e4ran\u00e4gemise j\u00e4rgi.<\/p>\n<p><strong>\u2705 Hiljuti renoveeritud:<\/strong> P\u00e4rast t\u00e4ielikku remonti 2022. aastal on sellel jahil kaasaegne viimistlus, avarad siseruumid ja ajakohastatud mugavus kogu ulatuses.<\/p>\n<p><strong>\u2705 Palju ruumi l\u00f5\u00f5gastumiseks:<\/strong> Nautige p\u00e4ikesepaiste eesosas, l\u00f5\u00f5gastumisalasid varjus ja panoraamvaateid laevasillalt.<\/p>\n<h3>\ud83c\udf0a <strong>Tegevused ja meelelahutus pardal<\/strong><\/h3>\n<p>Teie p\u00e4ev Paladio pardal ei seisne ainult purjetamises - see t\u00e4hendab, et te saate ookeanist maksimumi v\u00f5tta.<\/p>\n<ul>\n<li><strong>\ud83e\udd3f Snorkeldamisvarustus:<\/strong> Avastage kvaliteetsete snorgeldamisvarustusega rahulikes lahtedes elavat veealust elu.<\/li>\n<li><strong>\ud83e\uddf8 L\u00f5busad veem\u00e4nguasjad:<\/strong> Pardal on valik t\u00e4ispuhutavaid atraktsioone ja m\u00e4nguasju, et igas vanuses l\u00f5busalt aega veeta.<\/li>\n<li><strong>\ud83c\udfb6 Bluetooth-muusikas\u00fcsteem:<\/strong> \u00dchendage oma telefon ja m\u00e4ngige oma lemmikmuusikat, et luua pardal t\u00e4iuslik meeleolu.<\/li>\n<li><strong>\ud83c\udf7d\ufe0f Maitsev toit kaasa arvatud:<\/strong> Nautige v\u00e4rskelt valmistatud mereande v\u00f5i kana paellat koos mitmesuguste maitsvate suupistetega. Men\u00fc\u00fc t\u00e4iendused saadaval soovi korral.<\/li>\n<li><strong>\ud83c\udf7e Piiramatu arv jooke:<\/strong> Vesi, karastusjoogid, \u00f5lu, vein ja cava on kogu reisi jooksul hinna sees.<\/li>\n<\/ul>\n<h4>\ud83d\udea4 <strong>Harta valikud - alates 3 tunnist kuni 24 tunnini<\/strong><\/h4>\n<p>Paladio pakub paindlikku prahtimise kestust, mis sobib teie plaanidele, olenemata sellest, kas teil on v\u00e4he aega v\u00f5i soovite kogu p\u00e4eva kestvat kogemust. Valige j\u00e4rgmiste valikute vahel:<\/p>\n<ul>\n<li><strong>3-tunnine harta:<\/strong> Kiire, kuid luksuslik p\u00f5genemine - ideaalne paaridele v\u00f5i v\u00e4ikestele gruppidele, kes soovivad saada aimu jahtide elust, ilma et nad veedaksid kogu p\u00e4eva merel.<\/li>\n<li><strong>4-tunnine harta:<\/strong> \u00dcks populaarsemaid v\u00f5imalusi. Ujuda, l\u00f5\u00f5gastuda, nautida toitu ja veeta kvaliteetaega pardal ilma kiirustamata.<\/li>\n<li><strong>7-tunnine harta:<\/strong> Terve p\u00e4eva kestev kogemus, et uurida Tenerife l\u00f5unarannikut, snorgeldada vaiksetes lahtedes ja t\u00f5eliselt l\u00f5dvestuda koos k\u00f5igi mugavustega.<\/li>\n<li><strong>24-tunnine harta:<\/strong> Soovite magada pardal ja nautida terve p\u00e4eva ja \u00f6\u00f6 merel? See v\u00f5imalus sobib ideaalselt unustamatute \u00fcrituste, erapidustuste v\u00f5i lihtsalt t\u00f5eliselt ainulaadse p\u00f5genemise jaoks.<\/li>\n<\/ul>\n<p>Nende jaoks, kes otsivad <strong>Paadi rentimine Tenerifel<\/strong> tipptasemel valik, Paladio on tipptasemel valik.<\/p>\n<h3>\ud83c\udf81 <strong>Premium mugavuste hulka kuuluvad<\/strong><\/h3>\n<p>K\u00f5ik pardal on kavandatud maksimaalse mugavuse ja naudingu saavutamiseks:<\/p>\n<ul>\n<li>T\u00e4ielikult renoveeritud luksuslik interj\u00f6\u00f6r koos avarate puhkealadega.<\/li>\n<li>Suured p\u00e4evitusalad ja varjulised lounge-kohad.<\/li>\n<li>Bluetooth-helis\u00fcsteem, et m\u00e4ngida reisi ajal oma muusikat.<\/li>\n<li>L\u00f5busad veem\u00e4nguasjad ja snorgeldamisvarustus on olemas.<\/li>\n<li>Professionaalne ja mitmekeelne meeskond, kes hoolitseb teie eest.<\/li>\n<li>Valikulised VIP-teenused s\u00fcnnip\u00e4evade, ettepanekute, \u00e4ri\u00fcrituste ja muu jaoks.<\/li>\n<\/ul>\n<h3>\ud83d\udccd <strong>V\u00e4ljumiskoht: Puerto Col\u00f3n, Costa Adeje<\/strong><\/h3>\n<p>Teie luksusjahtide seiklus algab Puerto Col\u00f3nist, mis on \u00fcks k\u00f5ige mugavamaid ja paremini \u00fchendatud jahisadamaid L\u00f5una-Tenerifel. Saadaval olev parkimine ja lihtne registreerimine muudavad teie p\u00e4eva alguse sujuvaks.<\/p>\n<h4>\ud83d\udcdc <strong>Broneerimise ja t\u00fchistamise tingimused<\/strong><\/h4>\n<p>Teeme Paladioga tihedat koost\u00f6\u00f6d, et teie broneering oleks turvaline, selge ja paindlik:<\/p>\n<ul>\n<li><strong>Ilmaga seotud garantii:<\/strong> Kui ilmastikuolud ei ole purjetamiseks sobivad, pakutakse teile uut kuup\u00e4eva v\u00f5i t\u00e4ielikku raha tagasi.<\/li>\n<li><strong>Tasuta t\u00fchistamine kuni 6 p\u00e4eva:<\/strong> Saate tasuta t\u00fchistada v\u00f5i \u00fcmber planeerida kuni 6 p\u00e4eva enne v\u00e4ljumist.<\/li>\n<li><strong>Osalised tagasimaksed:<\/strong> T\u00fchista 72-48 tundi enne ja saad 20% raha tagasi. V\u00e4hem kui 48 tundi ette teatades raha ei tagastata.<\/li>\n<li><strong>Varajase tagastamise korral raha ei tagastata:<\/strong> Kui sa j\u00e4\u00e4d merehaigeks v\u00f5i otsustad enneaegselt tagasi tulla, siis h\u00fcvitist ei anta. Meeskond annab endast parima, et teid aidata.<\/li>\n<li><strong>Oluline m\u00e4rkus:<\/strong> K\u00f5ik tegevused pardal ja vees toimuvad omal vastutusel. Ei CanaryVIP ega operaator ei vastuta isiklike vahejuhtumite v\u00f5i kahjude eest.<\/li>\n<\/ul>\n<h3>\ud83d\udd52 <strong>Otsid midagi ekstra?<\/strong><\/h3>\n<p>Me saame aidata teil planeerida erilisi s\u00fcndmusi pardal. Kui otsite romantilist \u00f5htus\u00f6\u00f6ki p\u00e4ikeseloojangul, \u00f6\u00f6bimist v\u00f5i privaatset pidu merel, andke meile teada ja me aitame selle teoks teha.<\/p>\n<h3>\ud83d\udc68\u200d\u2708\ufe0f <strong>Enne pardaleminekut: Mida v\u00f5tta kaasa<\/strong><\/h3>\n<p>Et oma kogemusest maksimumi saada, soovitame kaasa v\u00f5tta:<\/p>\n<ul>\n<li>Teie CanaryVIP kinnituse e-kiri (telefonis v\u00f5i v\u00e4ljatr\u00fckituna).<\/li>\n<li>Ujumisriided, r\u00e4tik ja p\u00e4ikesekaitse.<\/li>\n<li>Eelnevalt kerge s\u00f6\u00f6k, et v\u00e4ltida merehaigust.<\/li>\n<li>Andke meile eelnevalt teada k\u00f5ikidest erisoovidest seoses toidu v\u00f5i teenindusega.<\/li>\n<\/ul>\n<p><strong>Kas olete valmis purjetama \u00fchel Kanaari saarte k\u00f5ige ilusamal jahil?<\/strong><\/p>\n<p>Broneerige n\u00fc\u00fcd CanaryVIP ja nautige \u00fclimat <a href=\"https:\/\/canaryvip.com\/et\/tenerife\/boat-hire-tenerife\/\">luksusjahtide prahtimine Tenerifel.<\/a><\/p>","protected":false},"excerpt":{"rendered":"<p>\ud83d\udd0d\u00a0<strong>Paladio \u00fcksikasjad:<\/strong><br \/>\n\u2705 Turvaline makse.<br \/>\n\ud83d\udd10 Eramatkad.<br \/>\n\ud83d\udee5\ufe0f 24,5 meetri pikkune jaht.<br \/>\n\u23f3 Igap\u00e4evased ekskursioonid 3-24h.<br \/>\n\ud83d\udd59 Kohandatavad v\u00e4ljumisajad.<br \/>\n\ud83c\udf74 S\u00f6\u00f6gid ja joogid kaasa arvatud.<br \/>\n\ud83d\udc65 Kuni 12 k\u00fclalist.<br \/>\n\u26f7\ufe0f Veesuusad kaasa arvatud.<br \/>\n\ud83c\udfc4\ud83c\udffc\u200d\u2642\ufe0f Wake Board kaasas.<br \/>\n\ud83c\udfc4\u200d\u2640\ufe0f Paddle Boards Included.<br \/>\n\ud83e\udd29 L\u00f5busad t\u00e4ispuhutavad tooted.<br \/>\n\ud83e\udd3f Snorkeldamisvarustus.<br \/>\n\ud83d\udd0a M\u00e4ngi oma muusikat.<br \/>\n\ud83e\udd11 Parim hind garanteeritud.<br \/>\n\ud83d\udc6a Allahindlused aktiveeritud.<br \/>\n\ud83d\udd01 Kuni 4 p\u00e4eva t\u00fchistamine.<br \/>\n\ud83c\udf0d Mitmekeelne meeskond.<br \/>\n\ud83c\udf1f Broneeri varakult ja s\u00e4\u00e4sta!<br \/>\n\ud83d\udccd Lahkumine\u00a0<a href=\"https:\/\/www.google.com\/maps\/place\/Puerto+Col%C3%B3n\/@28.078002,-16.7394902,17z\/data=!3m2!4b1!5s0xc6a97433884bdf9:0x76d293b7b99db23a!4m6!3m5!1s0xc6a9743509c9ebf:0xd62345524f768247!8m2!3d28.078002!4d-16.7369153!16s%2Fg%2F11c6cqryw_?entry=tts&amp;g_ep=EgoyMDI0MDUwNS4wKgBIAVAD\">Puerto Col\u00f3n<\/a>.<\/p>","protected":false},"featured_media":14106,"comment_status":"open","ping_status":"closed","template":"","meta":{"_acf_changed":false},"product_brand":[],"product_cat":[47],"product_tag":[],"class_list":{"0":"post-14103","1":"product","2":"type-product","3":"status-publish","4":"has-post-thumbnail","6":"product_cat-boat-hire-tenerife","7":"wcpa_has_options","9":"first","10":"instock","11":"virtual","12":"purchasable","13":"product-type-simple"},"acf":[],"wcpa_form_fields":{"wcpaData":{"product":{"product_price":2200,"price_html":"From&nbsp;<span class=\"woocommerce-Price-amount amount\"><bdi>2.200,00&nbsp;<span class=\"woocommerce-Price-currencySymbol\">&euro;<\/span><\/bdi><\/span>","original_product_price":2200,"price_including_tax":2200,"price_excluding_tax":2200,"product_id":{"parent":14103,"variation":false},"is_variable":false,"stock_status":"instock","stock_quantity":null,"parent_sku":"CV14103","product_attributes":[],"custom_fields":[],"is_taxable":false,"product_name":"Paladio Luxury Yacht Tenerife","hasImage":false},"fields":{"sec_567e82027e6f14":{"extra":{"key":"sec_567e82027e6f14","section_id":"sec_567e82027e6f14","name":"Default","status":1,"cl_rule":"show","enableCl":false,"relations":[],"toggle":true,"title_tag":"h3","show_title":false,"showPrice":"default","form_id":14104,"form_rules":{"exclude_from_discount":true,"fee_label":"Fee","disp_hide_options_price":true,"disp_show_section_price":false,"disp_show_field_price":true,"layout_option":"standard","pric_use_as_fee":false,"process_fee_as":"woo_fee"},"layout_option":"standard"},"fields":[[{"active":true,"col":6,"relations":false,"cl_rule":"show","enableCl":false,"price":"","enablePrice":false,"className":"","label_position":"default","desc_position":"default","type":"content","required":false,"elementId":"content_4435686418","label":"","name":"content_4435686418","contentType":"rich","value":"<p>Available from December till May<\/p>","error":false,"enableDesign":true,"DescColor":"#2400ff","isTemplate":false,"gt_translate_keys":["label","value"],"price_dependency":false,"cl_dependency":false}],[{"label":"\ud83d\udcc5 Date","active":true,"required":true,"elementId":"date_567e82027e6f47","picker_type":"custom","picker_mode":"single","placeholder":"","description":"","tooltip":"","name":"date_567e82027e6f47","label_position":"default","desc_position":"default","enablePrice":false,"className":"","enableCl":false,"relations":[{"operator":"and","rules":[{"operator":"AND","rules":{"cl_field":"radio-group_565c78ffa81208","cl_relation":"is","cl_val":"3 Hour Trip"}}]}],"date_pic_inline":true,"date_pic_inline_hide":true,"min_date":{"type":"days","val":"2"},"max_date":"","date_pic_conf":{"disabledWeeks":[],"enabledDates":["2025-12-15 to 2026-04-30"],"disabledDates":[]},"price":"","cl_rule":"show","col":6,"type":"date","error":false,"enableDesign":false,"LabelColor":"","isWeightTemplate":false,"isTemplate":false,"min_quantity":"1","quantity_decimal":false,"quantity_step":"1","quantity_label":"Quantity","repeater_field_label":"{field_label}","repeater_bind":"","gt_translate_keys":["label","placeholder","description","tooltip","repeater_field_label","quantity_label"],"price_dependency":false,"cl_dependency":false,"value":""}],[{"contentType":"rich","active":true,"label":"","elementId":"content_667e82027e6f64","value":"<p>\ud83c\udf9f\ufe0f <strong>Reservation<\/strong>: Pay only a deposit now to reserve; the rest is due on the day of the activity upon arrival.<\/p>","inline":false,"name":"content_667e82027e6f64","enablePrice":false,"className":"","subtype":"p","enableCl":true,"relations":[{"operator":false,"rules":[{"operator":"AND","rules":{"cl_field":"select_267e82027e6f95","cl_relation":"is","cl_val":"24H"}}]}],"price":"","cl_rule":"hide","col":6,"type":"content","error":false,"pricingType":"custom","isTemplate":false,"is_show_price":true,"show_in_checkout":true,"gt_translate_keys":["label","value"],"price_dependency":false,"cl_dependency":false}],[{"elementId":"separator_767e82027e6f7e","separatorType":"blank","className":"","height":"3","enableCl":false,"relations":false,"cl_rule":"show","col":6,"type":"separator","error":false,"gt_translate_keys":[],"price_dependency":false,"cl_dependency":false,"value":""}],[{"active":true,"col":6,"relations":false,"cl_rule":"show","enableCl":false,"price":"","enablePrice":false,"className":"","label_position":"default","desc_position":"default","type":"select","required":true,"elementId":"select_267e82027e6f95","label":"\u23f3 Trip Duration","name":"select_267e82027e6f95","values":[{"label":"3 Hours (1.900\u20ac)","value":"1900","selected":false,"tempId":"aco_556","price":"930","gt_translate_keys":["label"]},{"label":"4 Hours (2.200\u20ac)","value":"2200","selected":false,"tempId":"aco_640","price":"1150","gt_translate_keys":["label"]},{"label":"7 Hours (3.200\u20ac)","value":"3200","selected":false,"tempId":"aco_660","price":"1550","gt_translate_keys":["label"]},{"label":"24 Hours (Custom Request)","value":"24H","selected":false,"tempId":"aco_19","price":"1850","gt_translate_keys":["label"]}],"dropdown_type":"basic","error":false,"placeholder":"Select Trip Duration","priceOptions":"different_for_all","pricingType":"fixed","is_show_price":true,"isWeightTemplate":false,"isTemplate":false,"min_quantity":"1","quantity_decimal":false,"quantity_step":"1","quantity_label":"Quantity","repeater_field_label":"{field_label}","repeater_bind":"","gt_translate_keys":["label","placeholder","repeater_field_label","quantity_label"],"price_dependency":["content_967e82027e6fd8","content_567e82027e6fed"],"cl_dependency":["content_667e82027e6f64","content_967e82027e6fd8","content_567e82027e6fed","content_267e82027e7004","content_0692532320"],"value":""}],[{"active":true,"col":6,"relations":[{"operator":false,"rules":[{"operator":"AND","rules":{"cl_field":"select_267e82027e6f95","cl_relation":"is","cl_val":"24H"}}]}],"cl_rule":"hide","enableCl":true,"price":"({field.select_267e82027e6f95.value})*0.20","enablePrice":true,"className":"","label_position":"default","desc_position":"default","type":"content","required":false,"elementId":"content_967e82027e6fd8","label":"Deposit Payment","name":"content_967e82027e6fd8","contentType":"plain","value":"","error":false,"pricingType":"custom","isTemplate":false,"is_show_price":false,"enableDesign":true,"scrollBar":false,"use_as_fee":false,"fee_label":"Payment Now","inline":true,"show_in_checkout":true,"subtype":"div","formulaId":"fmla_1708364241278155361","LabelSize":"14px","gt_translate_keys":["label","value"],"price_dependency":["content_267e82027e7004"],"cl_dependency":false}],[{"contentType":"plain","active":true,"label":"Payment at Arrival","elementId":"content_567e82027e6fed","value":"","inline":true,"show_in_checkout":true,"name":"content_567e82027e6fed","enablePrice":true,"className":"","fee_label":"Payment at Arrival","subtype":"div","enableCl":true,"relations":[{"operator":false,"rules":[{"operator":"AND","rules":{"cl_field":"select_267e82027e6f95","cl_relation":"is","cl_val":"24H"}}]}],"scrollBar":false,"enableDesign":true,"pricingType":"custom","isTemplate":false,"price":"({field.select_267e82027e6f95.value})*0.80","use_as_fee":false,"is_show_price":true,"cl_rule":"hide","col":6,"type":"content","error":false,"formulaId":"fmla_1708360988969136756","LabelSize":"14px","gt_translate_keys":["label","value"],"price_dependency":["content_267e82027e7004"],"cl_dependency":false}],[{"contentType":"plain","active":true,"label":"Total Price","elementId":"content_267e82027e7004","value":"","inline":true,"show_in_checkout":true,"name":"content_267e82027e7004","enablePrice":true,"className":"","fee_label":"Payment at Arrival","subtype":"div","enableCl":true,"relations":[{"operator":false,"rules":[{"operator":"AND","rules":{"cl_field":"select_267e82027e6f95","cl_relation":"is","cl_val":"24H"}}]}],"scrollBar":false,"enableDesign":true,"LabelSize":"14px","pricingType":"custom","isTemplate":false,"price":"({field.content_967e82027e6fd8.price}) + ({field.content_567e82027e6fed.price})","formulaId":"fmla_1708360988969136756","use_as_fee":false,"is_show_price":true,"cl_rule":"hide","col":6,"type":"content","error":false,"gt_translate_keys":["label","value"],"price_dependency":false,"cl_dependency":false}],[{"active":true,"col":6,"relations":[{"operator":false,"rules":[{"operator":"AND","rules":{"cl_field":"select_267e82027e6f95","cl_relation":"is","cl_val":"24H"}}]}],"cl_rule":"show","enableCl":true,"price":"","enablePrice":false,"className":"","label_position":"default","desc_position":"default","type":"content","required":false,"elementId":"content_0692532320","label":"","name":"content_0692532320","contentType":"rich","value":"<p>This is a custom request booking. We\u2019ll contact you shortly via WhatsApp to discuss your interest in booking this boat for 24 hours. Please note this is not a confirmation, only a request.<\/p>","isTemplate":false,"error":false,"scrollBar":false,"enableDesign":true,"DescColor":"#e57900","LabelSize":"14px","gt_translate_keys":["label","value"],"price_dependency":false,"cl_dependency":false}],[{"elementId":"separator_1067e82027e701b","separatorType":"blank","className":"","height":"1","enableCl":false,"relations":false,"cl_rule":"show","col":6,"type":"separator","error":false,"gt_translate_keys":[],"price_dependency":false,"cl_dependency":false,"value":""}],[{"label":"\u2705 Number of People","active":true,"required":true,"elementId":"select_1067e82027e6fab","dropdown_type":"basic","placeholder":"Select Number of People","name":"select_1067e82027e6fab","label_position":"default","desc_position":"default","enablePrice":false,"className":"","enableCl":false,"relations":[{"operator":false,"rules":[{"operator":"AND","rules":{"cl_field":"radio-group_565c78ffa81208","cl_relation":"is","cl_val":"3 Hour Trip"}}]}],"values":[{"label":"1 person","value":"1","selected":false,"tempId":"aco_1471","price":"0","gt_translate_keys":["label"]},{"label":"2 people","value":"2","selected":false,"tempId":"aco_1472","price":"0","gt_translate_keys":["label"]},{"label":"3 people","value":"3","selected":false,"tempId":"aco_1500","price":"0","gt_translate_keys":["label"]},{"label":"4 people","value":"4","selected":false,"tempId":"aco_1510","price":"0","gt_translate_keys":["label"]},{"label":"5 people","value":"5","selected":false,"tempId":"aco_1520","price":"0","gt_translate_keys":["label"]},{"label":"6 people","value":"6","selected":false,"tempId":"aco_1728","price":"0","gt_translate_keys":["label"]},{"label":"7 people","value":"7","selected":false,"tempId":"aco_1738","price":"20","gt_translate_keys":["label"]},{"label":"8 people","value":"8","selected":false,"tempId":"aco_1748","price":"40","gt_translate_keys":["label"]},{"label":"9 people","value":"9","selected":false,"tempId":"aco_1912","price":"60","gt_translate_keys":["label"]},{"label":"10 people","value":"10","selected":false,"tempId":"aco_1922","price":"80","gt_translate_keys":["label"]},{"label":"11 people","value":"11","selected":false,"tempId":"aco_705","price":"100","gt_translate_keys":["label"]},{"label":"12 People","value":"12","selected":false,"tempId":"aco_85","gt_translate_keys":["label"]}],"price":"","cl_rule":"show","col":6,"type":"select","error":false,"priceOptions":"different_for_all","pricingType":"fixed","is_show_price":true,"gt_translate_keys":["label","placeholder"],"price_dependency":false,"cl_dependency":false,"value":""}],[{"active":true,"col":6,"relations":[{"operator":false,"rules":[{"operator":"AND","rules":{"cl_field":"radio-group_565c78ffa81208","cl_relation":"is","cl_val":"3 Hour Trip"}}]}],"cl_rule":"show","enableCl":false,"price":"","enablePrice":false,"className":"","label_position":"default","desc_position":"default","type":"select","required":false,"elementId":"select_1067e82027e7030","label":"\u23f0 Departure","name":"select_1067e82027e7030","values":[{"label":"09:00","value":"09:00","selected":false,"tempId":"aco_1471","gt_translate_keys":["label"]},{"label":"10:00","value":"10:00","selected":false,"tempId":"aco_1472","gt_translate_keys":["label"]},{"label":"11:00","value":"11:00","selected":false,"tempId":"aco_1500","gt_translate_keys":["label"]},{"label":"12:00","value":"12:00","selected":false,"tempId":"aco_1510","gt_translate_keys":["label"]},{"label":"13:00 (1:00 PM)","value":"13:00","selected":false,"tempId":"aco_1520","gt_translate_keys":["label"]},{"label":"14:00 (2:00A PM)","value":"14:00","selected":false,"tempId":"aco_1728","gt_translate_keys":["label"]},{"label":"15:00 (3:00 PM)","value":"15:00","selected":false,"tempId":"aco_1738","gt_translate_keys":["label"]}],"dropdown_type":"basic","error":false,"placeholder":"Whichever Time is Best","gt_translate_keys":["label","placeholder"],"price_dependency":false,"cl_dependency":false,"value":""}],[{"elementId":"separator_167e82027e7048","separatorType":"blank","className":"","height":"1","enableCl":false,"relations":false,"cl_rule":"show","col":6,"type":"separator","error":false,"gt_translate_keys":[],"price_dependency":false,"cl_dependency":false,"value":""}]]}},"config":{"price_override":"always","enable_recaptcha":false,"bind_quantity":false,"quantity_bind_formula":false,"disp_summ_show_option_price":true,"disp_summ_show_product_price":false,"disp_summ_show_total_price":false,"disp_summ_show_fee":true,"disp_summ_show_discount":true,"summary_title":"","options_total_label":"Options Price","total_label":"Deposit Amount","options_product_label":"Product Price","fee_label":"Fee","discount_label":"Discount","has_price":true,"has_quantity_formula":false},"mc_unit":1,"tax_rate":1,"tax_rate_real":1,"discount":{"percentage":0,"fixed":0},"design":{"conf":{"LabelPosition":"above","DescPosition":"above","UploadField":"custom_1","QuantityFieldStyle":"custom_1"},"css":{"LeftLabelWidth":"120px"}},"formulas":{"fmla_1708360988969136756":"(({field.select_2663a0ecdc488f.value}>=5)?(640):(({field.select_2663a0ecdc488f.value}>=4)?(520):(({field.select_2663a0ecdc488f.value}>=3)?(440):(0))))","fmla_1708364241278155361":"(({field.select_5841412719.value}>=8)?({field.select_5841412719.price}):(({field.select_5841412719.value}>=5)?({field.select_5841412719.price}):(({field.select_5841412719.value}>=3)?({field.select_5841412719.price}):(0))))"},"lookuptables":[],"clones":false,"cartKey":false}},"_links":{"self":[{"href":"https:\/\/canaryvip.com\/et\/wp-json\/wp\/v2\/product\/14103","targetHints":{"allow":["GET"]}}],"collection":[{"href":"https:\/\/canaryvip.com\/et\/wp-json\/wp\/v2\/product"}],"about":[{"href":"https:\/\/canaryvip.com\/et\/wp-json\/wp\/v2\/types\/product"}],"replies":[{"embeddable":true,"href":"https:\/\/canaryvip.com\/et\/wp-json\/wp\/v2\/comments?post=14103"}],"wp:featuredmedia":[{"embeddable":true,"href":"https:\/\/canaryvip.com\/et\/wp-json\/wp\/v2\/media\/14106"}],"wp:attachment":[{"href":"https:\/\/canaryvip.com\/et\/wp-json\/wp\/v2\/media?parent=14103"}],"wp:term":[{"taxonomy":"product_brand","embeddable":true,"href":"https:\/\/canaryvip.com\/et\/wp-json\/wp\/v2\/product_brand?post=14103"},{"taxonomy":"product_cat","embeddable":true,"href":"https:\/\/canaryvip.com\/et\/wp-json\/wp\/v2\/product_cat?post=14103"},{"taxonomy":"product_tag","embeddable":true,"href":"https:\/\/canaryvip.com\/et\/wp-json\/wp\/v2\/product_tag?post=14103"}],"curies":[{"name":"wp","href":"https:\/\/api.w.org\/{rel}","templated":true}]}}