{"id":13561,"date":"2025-01-14T14:45:28","date_gmt":"2025-01-14T14:45:28","guid":{"rendered":"https:\/\/canaryvip.com\/?post_type=product&#038;p=13561"},"modified":"2025-09-18T12:18:23","modified_gmt":"2025-09-18T11:18:23","slug":"shogun-boat-tour-tenerife","status":"publish","type":"product","link":"https:\/\/canaryvip.com\/et\/shop\/shogun-boat-tour-tenerife\/","title":{"rendered":"Shogun Boat Tour Tenerife"},"content":{"rendered":"<h2>\ud83d\udea2 Pardal Shogun paadituuril Tenerifel<\/h2>\n<p class=\"translation-block\">Avastage <strong>Shoguni paadimatk, <\/strong> unustamatu reis autentse idamaise purjeka pardal, mis oli algselt m\u00f5eldud Araabia \u0161eigi isiklikuks kasutamiseks. See 26-meetrine purjekas on valmistatud t\u00e4ielikult teakpuust ja pakub ainulaadset ja luksuslikku elamust reisijatele, kes otsivad erakordset <a href=\"https:\/\/canaryvip.com\/et\/tenerife\/boat-excursions\/\" target=\"_self\"><strong>Tenerife paadireisi.<\/strong><\/a>.<\/p>\n<p class=\"translation-block\"><strong>Shogun Boat Tenerife<\/strong> ei paista silma mitte ainult oma uimastava disaini, vaid ka oma p\u00fchendumuse poolest mereelu s\u00e4ilitamisele. See kannab uhkelt kollast lippu koos sinise paadim\u00e4rgiga, mis tagab eetilise vaala- ja delfiinivaatluse, seades nende imeliste olendite heaolu esikohale.<\/p>\n<h3>\ud83d\udc0b Kogemused suurejoonelise mereelu kohta<\/h3>\n<p class=\"translation-block\">Tenerife l\u00f5unaranniku veed on mereelustiku pelgupaik t\u00e4nu soojale temperatuurile, mis j\u00e4\u00e4b aastaringselt vahemikku 17-24 \u00b0C. Sellel <strong>Tenerife paadimatkal <\/strong> on teil v\u00f5imalus n\u00e4ha nii kohalikke liike, nagu lootsidelfiinid ja pudelidelfiinid, kui ka r\u00e4ndliike, nagu soomuskalad, sperma vaalad ja harilikud delfiinid.<\/p>\n<p class=\"translation-block\">Ekskursioon sisaldab 5-tunnist seiklust, mis v\u00e4ljub <strong>Puerto Col\u00f3nist.<\/strong> Te alustate reisi, et m\u00e4rgata neid uskumatuid vaalaliste loomuliku elupaiga, veetes kuni 30 minutit nende vaatlemiseks enne Los Gigantese dramaatiliste kaljude ja rahulikuma Masca lahe juurde minekut. Seal ankruteerute, et nautida v\u00e4rskendavat ujumist ja rikkalikku l\u00f5unas\u00f6\u00f6ki koos hingematvate vaadetega.<\/p>\n<h3>\ud83c\udf0a Shoguni paadituuri tipphetki<\/h3>\n<h4>\ud83d\udd52 Kestus ja ajakava<\/h4>\n<ul>\n<li><strong>5-tunnine ekskursioon:<\/strong>\u00a0Sisaldab vaala- ja delfiinivaatlust, Los Gigantese kaljude k\u00fclastamist ja ujumist Masca lahes.<\/li>\n<li class=\"translation-block\"><strong>Ajap\u00e4evased v\u00e4ljumised kell 11:00 hommikul<\/strong> alates <strong>Puerto Col\u00f3n, Pontoon 14.<\/strong><\/li>\n<\/ul>\n<h4>\ud83c\udf7d\ufe0f Pardal\u00e4hedane toitlustamine<\/h4>\n<ul>\n<li><strong>L\u00f5unamen\u00fc\u00fc:<\/strong>\u00a0Riis k\u00f6\u00f6giviljadega, r\u00f6stitud kanapraad, salat, leib ja v\u00e4rsked puuviljad.<\/li>\n<li><strong>Joogid: <\/strong>Vesi, karastusjoogid, \u00f5lu ja vein on hinna sees.<\/li>\n<\/ul>\n<h4>\ud83c\udf1f Ainulaadsed omadused<\/h4>\n<ul>\n<li>Avatud baar mittealkohoolsete jookide jaoks.<\/li>\n<li>Avarad istekohad koos suure keskse s\u00f6\u00f6gilauaga.<\/li>\n<li>Kolm vannituba pardal, millest \u00fcks on t\u00e4ielikult ligip\u00e4\u00e4setav liikumispuudega reisijatele.<\/li>\n<li>Tasuta bussiteenus Tenerife l\u00f5unapoolsest piirkonnast, mis lisab mugavust.<\/li>\n<\/ul>\n<h3>\ud83d\udee5\ufe0f Shogun Boat spetsifikatsioonid<\/h3>\n<ul>\n<li><strong>Pikkus: <\/strong>26 meetrit<\/li>\n<li><strong>Laius:<\/strong>\u00a08 meetrit<\/li>\n<li><strong>Maksimaalne mahutavus:<\/strong>\u00a0135 reisijat<\/li>\n<\/ul>\n<p>Kahe avara tasandi, rohkete varjualade ja autentse idamaise esteetikaga Shogun pakub nii mugavust kui ka elegantsust, et nautida meeldej\u00e4\u00e4vat elamust. <strong>Tenerife paadituur.<\/strong><\/p>\n<h3>\ud83d\udcbc Broneerimis- ja t\u00fchistamispoliitika<\/h3>\n<p class=\"translation-block\">Me teeme oma <strong>Shoguni paadimatkade<\/strong> broneerimise lihtsaks ja muretuteks koos CanaryVIP-ga. \u00dcllatuste v\u00e4ltimiseks on siiski oluline tutvuda t\u00fchistamispoliitikaga:<\/p>\n<ul>\n<li><strong>48+ tundi enne v\u00e4ljumist:<\/strong>\u00a0Saate toetust 90% (10% j\u00e4\u00e4b t\u00f6\u00f6tlemistasude jaoks).<\/li>\n<li class=\"translation-block\"><strong>V\u00e4hem kui 48 tundi enne v\u00e4ljumist:<\/strong> Tagasimakseid ei saa teha.<\/li>\n<\/ul>\n<p>Kui reis t\u00fchistatakse v\u00e4\u00e4ramatu j\u00f5u, n\u00e4iteks halbade mereolude t\u00f5ttu, tagastatakse raha t\u00e4ies ulatuses v\u00f5i pakutakse alternatiivset kuup\u00e4eva.<\/p>\n<h3>\ud83d\udee0\ufe0f Oluline teave<\/h3>\n<ul>\n<li><strong>Mida kaasa v\u00f5tta:<\/strong>\u00a0Ujumisriided, r\u00e4tik, p\u00e4ikesekaitsekreem ja kaamera, et j\u00e4\u00e4dvustada uskumatuid vaatamisv\u00e4\u00e4rsusi.<\/li>\n<li><strong>Ligip\u00e4\u00e4setavus:<\/strong>\u00a0Shogun on varustatud liikumispuudega reisijate jaoks.<\/li>\n<li><strong>Ohutusjuhised:<\/strong>\u00a0Suitsetamine on lubatud ainult selleks etten\u00e4htud kohtades ja me soovitame v\u00e4ltida alkoholi tarvitamist enne pardaleminekut, et v\u00e4hendada merehaigust.<\/li>\n<\/ul>\n<h3>\ud83d\udccd V\u00e4ljumise asukoht<\/h3>\n<p>Shogun v\u00e4ljub <a href=\"https:\/\/maps.app.goo.gl\/DkCVRrpDHuiqsvc56\" target=\"_blank\" rel=\"noopener\"><strong>Puerto Col\u00f3n,<\/strong><\/a>\u00a0mis asub mugavalt Costa Adejes. Plaani j\u00f5uda v\u00e4hemalt 30 minutit enne v\u00e4ljumist, et tagada sujuv pardaleminek.<\/p>\n<h3>\ud83c\udf34 Broneeri oma Shoguni paadituur koos CanaryVIP-ga<\/h3>\n<p class=\"translation-block\">Meie CanaryVIP-s oleme uhked, et pakume parimaid <strong>Tenerife paadimatku <\/strong> ja Shoguni kogemus on \u00fcks meie ikoonilisemaid ekskursioone. Olenemata sellest, kas teid paelub mereelu, armastate uurida uimastavaid rannikumaastikke v\u00f5i soovite lihtsalt l\u00f5\u00f5gastuda luksusliku idamaise purjepaadi pardal, sellel ekskursioonil on k\u00f5ike seda.<\/p>\n<p>Broneeri oma koht juba t\u00e4na ja loo unustamatuid m\u00e4lestusi Shogun Boat Tenerifel!<\/p>","protected":false},"excerpt":{"rendered":"<p><strong>\ud83d\udd0d Shogun Boat Tenerife:<\/strong><br \/>\n<span>\u2705 Turvaline makse.<\/span><br \/>\n<span>\ud83d\udc0b Vaalade ja delfiinide n\u00e4gemine.<br \/>\n\ud83d\ude80 5H Tours kell 11:00.<br \/>\n\ud83d\udd59 E, K, N, P, R ja S.<br \/>\n<\/span>\ud83c\udfde\ufe0f K\u00fclastage Los Gigantese kaljusid.<br \/>\n\ud83c\udf0a Ujumispeatus Masca lahes.<br \/>\n<span>\ud83e\uddc3 Toit ja joogid kaasa arvatud.<\/span><br \/>\n<span>\ud83d\udc65 Max 135 k\u00fclalist.<br \/>\n\ud83d\ude8c K\u00e4ttej\u00f5udmine L\u00f5una-Tenerifelt.<br \/>\n\ud83d\ude8e V\u00e4ljas\u00f5it Puerto de la Cruzist.<br \/>\n<\/span>\ud83d\udebd WC pardal.<br \/>\n\u267f V\u00e4henenud liikuvus.<br \/>\n<span>\ud83e\udd11 Parim hind garanteeritud.<\/span><br \/>\n<span>\ud83d\udc6a Allahindlused aktiveeritud.<\/span><br \/>\n<span>\ud83d\udd01 Kuni 48h t\u00fchistamine.<\/span><br \/>\n<span>\ud83c\udf0d Mitmekeelsed juhendid.<\/span><br \/>\n<span>\ud83c\udf1f Broneeri kohe ja s\u00e4\u00e4sta!<\/span><br \/>\n<span>\ud83d\udccd Lahkumine\u00a0<\/span><a href=\"https:\/\/www.google.com\/maps\/place\/Puerto+Col%C3%B3n\/@28.0783432,-16.7368735,18.52z\/data=!4m6!3m5!1s0xc6a9743509c9ebf:0xd62345524f768247!8m2!3d28.0789928!4d-16.7359737!16s%2Fg%2F11c6cqryw_?entry=tts\">Puerto Colon<\/a><span>.<\/span><\/p>","protected":false},"featured_media":13564,"comment_status":"open","ping_status":"closed","template":"","meta":{"_acf_changed":false},"product_brand":[],"product_cat":[46],"product_tag":[],"class_list":{"0":"post-13561","1":"product","2":"type-product","3":"status-publish","4":"has-post-thumbnail","6":"product_cat-boat-excursions","7":"wcpa_has_options","9":"first","10":"instock","11":"virtual","12":"purchasable","13":"product-type-simple"},"acf":[],"wcpa_form_fields":{"wcpaData":{"product":{"product_price":61,"price_html":"From&nbsp;<span class=\"woocommerce-Price-amount amount\"><bdi>61,00&nbsp;<span class=\"woocommerce-Price-currencySymbol\">&euro;<\/span><\/bdi><\/span>","original_product_price":61,"price_including_tax":61,"price_excluding_tax":61,"product_id":{"parent":13561,"variation":false},"is_variable":false,"stock_status":"instock","stock_quantity":null,"parent_sku":"CV13561","product_attributes":[],"custom_fields":[],"is_taxable":false,"product_name":"Shogun Boat Tour Tenerife","hasImage":false},"fields":{"sec_567867dfb4552e":{"extra":{"key":"sec_567867dfb4552e","section_id":"sec_567867dfb4552e","name":"Pickup Location","status":1,"cl_rule":"show","enableCl":false,"relations":[],"toggle":true,"title_tag":"h4","show_title":false,"showPrice":"default","form_id":13563,"form_rules":{"exclude_from_discount":true,"fee_label":"Fee","disp_hide_options_price":true,"disp_show_section_price":false,"disp_show_field_price":true,"layout_option":"standard","pric_use_as_fee":false,"process_fee_as":"woo_fee"},"layout_option":"standard"},"fields":[[{"active":true,"col":6,"relations":false,"cl_rule":"show","enableCl":false,"price":"","enablePrice":false,"className":"","label_position":"default","desc_position":"default","type":"radio-group","required":false,"elementId":"radio-group_367867dfb4555f","label":"\u2693\ufe0f Select Tour","name":"radio-group_367867dfb4555f","values":[{"label":"5H Trip (61\u20ac)","value":"5h-south","selected":false,"tempId":"aco_2307","description":"Extended Shogun cruise with whale and dolphin sightings, Los Gigantes cliffs, swimming in Masca Bay, lunch, and drinks. Departs at 11:00 on Mondays, Wednesdays, Thursdays, Fridays & Sundays.","gt_translate_keys":["label","description"]},{"label":"5H Trip from North Tenerife (65\u20ac)","value":"5h-north","selected":false,"tempId":"aco_2308","description":"Pickup and drop-off in North Tenerife included. Extended Shogun cruise with whale and dolphin sightings, Los Gigantes cliffs, swimming in Masca Bay, lunch, and drinks. Departs at 11:00 on Mondays, Wednesdays, Thursdays, Fridays & Sundays.","gt_translate_keys":["label","description"]}],"layOut":"","error":false,"checkUi":"toggle","description":"","options_description":true,"gt_translate_keys":["label","description"],"price_dependency":false,"cl_dependency":[false,"date_367867dfb45579","select_8962103911",false,"select-1335554664","date-1329695634"],"value":""}]]},"sec_867867dfb45562":{"extra":{"key":"sec_867867dfb45562","section_id":"sec_867867dfb45562","name":"5H from South Tenerife","status":1,"cl_rule":"show","enableCl":true,"relations":[{"operator":false,"rules":[{"operator":"AND","rules":{"cl_field":"radio-group_367867dfb4555f","cl_relation":"is","cl_val":"5h-south"}}]}],"toggle":true,"title_tag":"h4","show_title":false,"showPrice":"default","form_id":13563,"form_rules":{"exclude_from_discount":true,"fee_label":"Fee","disp_hide_options_price":true,"disp_show_section_price":false,"disp_show_field_price":true,"layout_option":"standard","pric_use_as_fee":false,"process_fee_as":"woo_fee"},"layout_option":"standard"},"fields":[[{"label":"\ud83d\udcc5 Date","active":true,"required":true,"elementId":"date_367867dfb45579","picker_type":"custom","picker_mode":"single","placeholder":"","description":"","tooltip":"","name":"date_367867dfb45579","label_position":"default","desc_position":"default","enablePrice":false,"className":"","enableCl":true,"relations":[{"operator":"and","rules":[{"operator":"AND","rules":{"cl_field":"radio-group_367867dfb4555f","cl_relation":"is_not_empty","cl_val":"3 Hour Trip"}}]}],"enableDesign":false,"LabelColor":"","date_pic_inline":true,"date_pic_inline_hide":true,"min_date":{"type":"days","val":"1"},"max_date":{"type":"days","val":"365"},"date_pic_conf":{"disabledWeeks":[2,6,4],"disabledDates":["2025-10-20 to 2025-11-02"]},"price":"","cl_rule":"show","col":6,"type":"date","error":false,"date_conf_custom":{},"isWeightTemplate":false,"isTemplate":false,"min_quantity":"1","quantity_decimal":false,"quantity_step":"1","quantity_label":"Quantity","repeater_field_label":"{field_label}","repeater_bind":"","gt_translate_keys":["label","placeholder","description","tooltip","repeater_field_label","quantity_label"],"price_dependency":false,"cl_dependency":false,"value":""}],[{"active":true,"col":6,"relations":[{"operator":false,"rules":[{"operator":"AND","rules":{"cl_field":"radio-group_367867dfb4555f","cl_relation":"is_not_empty","cl_val":""}}]}],"cl_rule":"show","enableCl":true,"price":"","enablePrice":false,"className":"","label_position":"default","desc_position":"default","type":"select","required":false,"elementId":"select_8962103911","label":"\u23f0 Departure","name":"select_8962103911","values":[{"label":"12:00","value":"12:00","selected":true,"tempId":"aco_154","gt_translate_keys":["label"]}],"dropdown_type":"basic","error":false,"isWeightTemplate":false,"isTemplate":false,"min_quantity":"1","quantity_decimal":false,"quantity_step":"1","quantity_label":"Quantity","repeater_field_label":"{field_label}","repeater_bind":"","gt_translate_keys":["label","repeater_field_label","quantity_label"],"price_dependency":false,"cl_dependency":false,"value":""}],[{"contentType":"plain","active":true,"label":"People","elementId":"content_867867dfb455ae","value":"","inline":false,"show_in_checkout":true,"name":"content_867867dfb455ae","enablePrice":false,"className":"","enableCl":false,"relations":false,"price":"","cl_rule":"show","col":6,"type":"content","gt_translate_keys":["label","value"],"price_dependency":false,"cl_dependency":false}],[{"label":"","active":true,"required":false,"elementId":"radio-group_667867dfb455cc","name":"radio-group_667867dfb455cc","label_position":"default","desc_position":"default","enablePrice":true,"className":"","enableCl":false,"relations":[{"operator":false,"rules":[{"operator":"AND","rules":{"cl_field":"","cl_relation":"","cl_val":""}}]}],"enable_quantity":true,"quantity_label":"","min_quantity":"0","checkUi":"button","layOut":"","options_tooltip":true,"options_description":true,"values":[{"label":"\ud83d\udc64 Adult (61\u20ac)","value":"Adult","selected":true,"tempId":"aco_32","tooltip":"+12 Years","description":"","gt_translate_keys":["label","tooltip","description"]}],"priceOptions":"fixed_for_all","pricingType":"fixed","price":"61","cl_rule":"show","col":6,"type":"radio-group","error":false,"gt_translate_keys":["label","quantity_label"],"price_dependency":false,"cl_dependency":false,"value":""}],[{"label":"","active":true,"required":false,"elementId":"radio-group_667867dfb455e8","name":"radio-group_667867dfb455e8","label_position":"default","desc_position":"default","enablePrice":true,"className":"","enableCl":false,"relations":false,"enable_quantity":true,"quantity_label":"","min_quantity":"0","checkUi":"button","layOut":"","options_tooltip":true,"options_description":true,"values":[{"label":"\ud83d\udc66 Child (30\u20ac)","value":"Child","selected":true,"tempId":"aco_32","tooltip":"3-11 Years","description":"","gt_translate_keys":["label","tooltip","description"]}],"priceOptions":"fixed_for_all","pricingType":"fixed","price":"30","cl_rule":"show","col":6,"type":"radio-group","error":false,"gt_translate_keys":["label","quantity_label"],"price_dependency":false,"cl_dependency":false,"value":""}],[{"label":"","active":true,"required":false,"elementId":"radio-group-3115802518","name":"radio-group-3115802518","label_position":"default","desc_position":"default","enablePrice":true,"className":"","enableCl":false,"relations":false,"enable_quantity":true,"quantity_label":"","min_quantity":"0","checkUi":"button","layOut":"","options_tooltip":true,"options_description":true,"values":[{"label":"\ud83d\udc76 Infant (Free)","value":"Infant","selected":true,"tempId":"aco_32","tooltip":"0-2 Years","description":"","gt_translate_keys":["label","tooltip","description"]}],"priceOptions":"fixed_for_all","pricingType":"fixed","price":"0","cl_rule":"show","col":6,"type":"radio-group","error":false,"gt_translate_keys":["label","quantity_label"],"price_dependency":false,"cl_dependency":false,"value":""}],[{"elementId":"separator_567867dfb4561b","separatorType":"blank","className":"","height":"7","enableCl":false,"relations":false,"cl_rule":"show","col":6,"type":"separator","gt_translate_keys":[],"price_dependency":false,"cl_dependency":false,"value":""}],[{"label":"\ud83d\ude8c Pickup Location","active":true,"required":false,"elementId":"text_767867dfb45630","value":"","description":"Free pick-up service in South Tenerife. Simply provide your address or hotel name.","name":"text_767867dfb45630","label_position":"default","desc_position":"default","enablePrice":false,"className":"","enableCl":false,"relations":false,"subtype":"text","price":"","cl_rule":"show","col":6,"type":"text","error":false,"gt_translate_keys":["label","description","value"],"price_dependency":false,"cl_dependency":false}]]},"sec_1067867dfb45632":{"extra":{"key":"sec_1067867dfb45632","section_id":"sec_1067867dfb45632","name":"5H North Tenerife Pickup","status":1,"cl_rule":"show","enableCl":true,"relations":[{"operator":false,"rules":[{"operator":"AND","rules":{"cl_field":"radio-group_367867dfb4555f","cl_relation":"is","cl_val":"5h-north"}}]}],"toggle":true,"title_tag":"h4","show_title":false,"showPrice":"default","form_id":13563,"form_rules":{"exclude_from_discount":true,"fee_label":"Fee","disp_hide_options_price":true,"disp_show_section_price":false,"disp_show_field_price":true,"layout_option":"standard","pric_use_as_fee":false,"process_fee_as":"woo_fee"},"layout_option":"standard"},"fields":[[{"label":"\u23f0 Departure","active":true,"required":false,"elementId":"select-1335554664","dropdown_type":"basic","name":"select-1335554664","label_position":"default","desc_position":"default","enablePrice":false,"className":"","enableCl":true,"relations":[{"operator":false,"rules":[{"operator":"AND","rules":{"cl_field":"radio-group_367867dfb4555f","cl_relation":"is_not_empty","cl_val":""}}]}],"values":[{"label":"12:00","value":"12:00","selected":true,"tempId":"aco_154","gt_translate_keys":["label"]}],"price":"","cl_rule":"show","col":6,"type":"select","isWeightTemplate":false,"error":false,"isTemplate":false,"min_quantity":"1","quantity_decimal":false,"quantity_step":"1","quantity_label":"Quantity","repeater_field_label":"{field_label}","repeater_bind":"","gt_translate_keys":["label","repeater_field_label","quantity_label"],"price_dependency":false,"cl_dependency":false,"value":""}],[{"label":"\ud83d\udcc5 Date","active":true,"required":true,"elementId":"date-1329695634","picker_type":"custom","picker_mode":"single","placeholder":"","description":"","tooltip":"","name":"date-1329695634","label_position":"default","desc_position":"default","enablePrice":false,"className":"","enableCl":true,"relations":[{"operator":"and","rules":[{"operator":"AND","rules":{"cl_field":"radio-group_367867dfb4555f","cl_relation":"is_not_empty","cl_val":"3 Hour Trip"}}]}],"enableDesign":false,"LabelColor":"","date_pic_inline":true,"date_pic_inline_hide":true,"min_date":{"type":"days","val":"2"},"max_date":{"type":"days","val":"365"},"date_pic_conf":{"disabledWeeks":[2,6,4],"disabledDates":["2025-10-20 to 2025-11-01"]},"date_conf_custom":{},"price":"","cl_rule":"show","col":6,"type":"date","isWeightTemplate":false,"error":false,"isTemplate":false,"min_quantity":"1","quantity_decimal":false,"quantity_step":"1","quantity_label":"Quantity","repeater_field_label":"{field_label}","repeater_bind":"","gt_translate_keys":["label","placeholder","description","tooltip","repeater_field_label","quantity_label"],"price_dependency":false,"cl_dependency":false,"value":""}],[{"contentType":"plain","active":true,"label":"People","elementId":"content_067867dfb4567b","value":"","inline":false,"show_in_checkout":true,"name":"content_067867dfb4567b","enablePrice":false,"className":"","enableCl":false,"relations":false,"price":"","cl_rule":"show","col":6,"type":"content","gt_translate_keys":["label","value"],"price_dependency":false,"cl_dependency":false}],[{"label":"","active":true,"required":false,"elementId":"radio-group-3814002955","name":"radio-group-3814002955","label_position":"default","desc_position":"default","enablePrice":true,"className":"","enableCl":false,"relations":[{"operator":false,"rules":[{"operator":"AND","rules":{"cl_field":"","cl_relation":"","cl_val":""}}]}],"enable_quantity":true,"quantity_label":"","min_quantity":"0","checkUi":"button","layOut":"","options_tooltip":true,"options_description":true,"values":[{"label":"\ud83d\udc64 Adult (65\u20ac)","value":"Adult","selected":true,"tempId":"aco_32","tooltip":"+12 Years","description":"","gt_translate_keys":["label","tooltip","description"]}],"priceOptions":"fixed_for_all","pricingType":"fixed","price":"65","cl_rule":"show","col":6,"type":"radio-group","error":false,"gt_translate_keys":["label","quantity_label"],"price_dependency":false,"cl_dependency":false,"value":""}],[{"label":"","active":true,"required":false,"elementId":"radio-group-3909852983","name":"radio-group-3909852983","label_position":"default","desc_position":"default","enablePrice":true,"className":"","enableCl":false,"relations":false,"enable_quantity":true,"quantity_label":"","min_quantity":"0","checkUi":"button","layOut":"","options_tooltip":true,"options_description":true,"values":[{"label":"\ud83d\udc66 Child (32\u20ac)","value":"Child","selected":true,"tempId":"aco_32","tooltip":"3-11 Years","description":"","gt_translate_keys":["label","tooltip","description"]}],"priceOptions":"fixed_for_all","pricingType":"fixed","price":"32","cl_rule":"show","col":6,"type":"radio-group","error":false,"gt_translate_keys":["label","quantity_label"],"price_dependency":false,"cl_dependency":false,"value":""}],[{"label":"","active":true,"required":false,"elementId":"radio-group-3681862909","name":"radio-group-3681862909","label_position":"default","desc_position":"default","enablePrice":true,"className":"","enableCl":false,"relations":false,"enable_quantity":true,"quantity_label":"","min_quantity":"0","checkUi":"button","layOut":"","options_tooltip":true,"options_description":true,"values":[{"label":"\ud83d\udc76 Infant (Free)","value":"Infant","selected":true,"tempId":"aco_32","tooltip":"0-2 Years","description":"","gt_translate_keys":["label","tooltip","description"]}],"priceOptions":"fixed_for_all","pricingType":"fixed","price":"0","cl_rule":"show","col":6,"type":"radio-group","error":false,"gt_translate_keys":["label","quantity_label"],"price_dependency":false,"cl_dependency":false,"value":""}],[{"elementId":"separator_267867dfb456e7","separatorType":"blank","className":"","height":"7","enableCl":false,"relations":false,"cl_rule":"show","col":6,"type":"separator","gt_translate_keys":[],"price_dependency":false,"cl_dependency":false,"value":""}],[{"label":"\ud83d\ude8c Pickup Location","active":true,"required":true,"elementId":"text_967867dfb456fc","value":"","description":"Pick-up service from Puerto de la Cruz. Simply provide your address or hotel name.","name":"text_967867dfb456fc","label_position":"default","desc_position":"default","enablePrice":false,"className":"","enableCl":false,"relations":false,"subtype":"text","price":"","cl_rule":"show","col":6,"type":"text","error":false,"gt_translate_keys":["label","description","value"],"price_dependency":false,"cl_dependency":false}]]}},"config":{"price_override":"always","enable_recaptcha":false,"bind_quantity":false,"quantity_bind_formula":false,"disp_summ_show_option_price":true,"disp_summ_show_product_price":false,"disp_summ_show_total_price":true,"disp_summ_show_fee":true,"disp_summ_show_discount":true,"summary_title":"","options_total_label":"Options Price","total_label":"Total Amount","options_product_label":"Product Price","fee_label":"Fee","discount_label":"Discount","has_price":true,"has_quantity_formula":false},"mc_unit":1,"tax_rate":1,"tax_rate_real":1,"discount":{"percentage":0,"fixed":0},"design":{"conf":{"LabelPosition":"above","DescPosition":"above","UploadField":"custom_1","QuantityFieldStyle":"custom_1"},"css":{"LeftLabelWidth":"120px"}},"formulas":[],"lookuptables":[],"clones":false,"cartKey":false}},"_links":{"self":[{"href":"https:\/\/canaryvip.com\/et\/wp-json\/wp\/v2\/product\/13561","targetHints":{"allow":["GET"]}}],"collection":[{"href":"https:\/\/canaryvip.com\/et\/wp-json\/wp\/v2\/product"}],"about":[{"href":"https:\/\/canaryvip.com\/et\/wp-json\/wp\/v2\/types\/product"}],"replies":[{"embeddable":true,"href":"https:\/\/canaryvip.com\/et\/wp-json\/wp\/v2\/comments?post=13561"}],"wp:featuredmedia":[{"embeddable":true,"href":"https:\/\/canaryvip.com\/et\/wp-json\/wp\/v2\/media\/13564"}],"wp:attachment":[{"href":"https:\/\/canaryvip.com\/et\/wp-json\/wp\/v2\/media?parent=13561"}],"wp:term":[{"taxonomy":"product_brand","embeddable":true,"href":"https:\/\/canaryvip.com\/et\/wp-json\/wp\/v2\/product_brand?post=13561"},{"taxonomy":"product_cat","embeddable":true,"href":"https:\/\/canaryvip.com\/et\/wp-json\/wp\/v2\/product_cat?post=13561"},{"taxonomy":"product_tag","embeddable":true,"href":"https:\/\/canaryvip.com\/et\/wp-json\/wp\/v2\/product_tag?post=13561"}],"curies":[{"name":"wp","href":"https:\/\/api.w.org\/{rel}","templated":true}]}}