{"id":12949,"date":"2024-08-19T12:56:56","date_gmt":"2024-08-19T11:56:56","guid":{"rendered":"https:\/\/canaryvip.com\/?post_type=product&#038;p=12949"},"modified":"2025-08-09T13:58:46","modified_gmt":"2025-08-09T12:58:46","slug":"sunkiss-boat-charter-gran-canaria","status":"publish","type":"product","link":"https:\/\/canaryvip.com\/et\/shop\/sunkiss-boat-charter-gran-canaria\/","title":{"rendered":"Sunkiss Boat Charter<br\/>Gran Canaria"},"content":{"rendered":"<h2>\ud83d\udee5\ufe0f Sunkiss Boat Charter Gran Canaria<\/h2>\n<p>Kogemused Gran Canaria ilu mugavusest alates <strong>Sunkiss Boat Charter<\/strong>, privaatne ja luksuslik viis saare uimastava l\u00f5unaranniku avastamiseks. See eksklusiivne laev pakub ruumi kuni 8 reisijale. <strong>paadi rentimine Gran Canarial<\/strong> sobib ideaalselt paaridele, peredele v\u00f5i v\u00e4ikestele gruppidele, kes otsivad ainulaadset ja l\u00f5\u00f5gastavat seiklust.<\/p>\n<p>Meie CanaryVIP-s teeme teie broneeringu. <a href=\"https:\/\/canaryvip.com\/et\/gran-canaria\/\"><strong>rendi paat Puerto Mog\u00e1n<\/strong><\/a> kogemus lihtne ja nauditav, tagades, et iga detail on hoolitsetud teie t\u00e4iuslikuks veep\u00e4evaks.<\/p>\n<h3>\u2b50\ufe0f Miks valida Sunkiss Boat Charter Gran Canarial<\/h3>\n<p>Siin on p\u00f5hjus, miks <strong>Sunkiss Boat Charter<\/strong> on \u00fcks parimaid v\u00f5imalusi privaatse ja unustamatu p\u00e4eva veetmiseks merel:<\/p>\n<h4><strong>Privaatne ja intiimne kogemus<\/strong><\/h4>\n<p>Nautige eksklusiivset reisi ainult oma grupiga. Maksimaalse mahutavusega 8 inimest, pakub see privaatne jaht isiklikku ja rahulikku keskkonda, mis sobib ideaalselt eriliste s\u00fcndmuste v\u00f5i l\u00f5\u00f5gastava puhkuse jaoks.<\/p>\n<h4><strong>Elegantne mugavus<\/strong><\/h4>\n<p>Purjetage kaunilt hooldatud 12-meetrise jahi pardal, kus on mugavad istekohad, varjualused ja avar tekk p\u00e4ikesepaiste v\u00f5tmiseks. Nautige Gran Canaria rannikuala vapustavaid panoraamvaateid ja l\u00f5\u00f5gastuge samal ajal stiilselt.<\/p>\n<h4><strong>Snorkeling seiklus<\/strong><\/h4>\n<p>Ankruteerige \u00fcksildases lahes, et ujuda kristallselges vees ja snorgeldada etten\u00e4htud varustusega. Avastage Gran Canaria elavat mereelu v\u00f5i lihtsalt l\u00f5\u00f5gastuge tekil ja nautige rahulikku atmosf\u00e4\u00e4ri.<\/p>\n<h3>\ud83d\udea4 Sunkissi laevareisi v\u00f5imalused<\/h3>\n<p>Valige reisi kestus, mis vastab teie ajakavale ja soovidele:<\/p>\n<ul>\n<li><strong>3-tunnine eralennuk:<\/strong> Ideaalne l\u00fchike p\u00f5genemine Gran Canaria ranniku avastamiseks ja v\u00e4rskendava ujumise v\u00f5i snorgeldamise nautimiseks.<\/li>\n<li><strong>6-tunnine privaatne tellimuslend:<\/strong> Sukeldu s\u00fcgavamale saare looduskaunisesse keskkonda, kus sul on rohkem aega l\u00f5\u00f5gastumiseks ja varjatud paikade avastamiseks.<\/li>\n<li><strong>8-tunnine eralennuk:<\/strong> Terve p\u00e4eva kestev seiklus, mis v\u00f5imaldab teil kogeda \u00fclimat l\u00f5\u00f5gastumist ja avastamist, lisaaega mitme lahe k\u00fclastamiseks ja Gran Canaria parimate k\u00fclgede nautimiseks.<\/li>\n<\/ul>\n<h3>\ud83e\udd42 Mida sisaldab teie Sunkissi harta?<\/h3>\n<p>Teie <strong>paadi rentimine Gran Canarial<\/strong> sisaldab:<\/p>\n<ul>\n<li>Suupisted, sealhulgas kr\u00f5psud ja p\u00e4hklid.<\/li>\n<li>Joogid, nagu \u00f5lu, karastusjoogid ja vesi.<\/li>\n<li>Snorkeldamisvarustus (maskid ja uimed) veealuse maailma avastamiseks.<\/li>\n<li>Kindlustus muretuteks kogemusteks.<\/li>\n<li>Valikuline transport Gran Canaria l\u00f5unaosas asuvatesse hotellidesse ja tagasi.<\/li>\n<li>Valikuline l\u00f5unas\u00f6\u00f6k (10 \u20ac inimese kohta, k\u00fcsige broneerimisel).<\/li>\n<\/ul>\n<h3>\ud83d\udccd Lahkumise \u00fcksikasjad<\/h3>\n<ul>\n<li><strong>Asukoht:<\/strong> <a href=\"https:\/\/maps.app.goo.gl\/Xhe545W98um3rx6W8\" target=\"_new\" rel=\"noopener\"><span>Puerto<\/span><span> Mog\u00e1n<\/span><span>, Gran<\/span><span> Kanaaria<\/span><\/a>.<\/li>\n<li><strong>V\u00e4ljumise ajad:<\/strong> 09:00, 12:00 ja 15:00.<\/li>\n<li><strong>Transport:<\/strong> Mugavuse lisamiseks on saadaval ka pealev\u00f5tmise teenus.<\/li>\n<\/ul>\n<p>Soovitame saabuda v\u00e4hemalt 15 minutit enne v\u00e4ljumist, et tagada sujuv algus teie seiklusele.<\/p>\n<h3>\u2705 L\u00e4bipaistev t\u00fchistamispoliitika<\/h3>\n<p>Me seame teie meelerahu prioriteediks selged ja paindlikud t\u00fchistamisv\u00f5imalused:<\/p>\n<ul>\n<li><strong>Ilmaga seotud garantii:<\/strong> ebaturvaliste ilmastikuolude korral saate ajakava \u00fcmber planeerida v\u00f5i raha t\u00e4ies ulatuses tagasi.<\/li>\n<li><strong>Paindlik t\u00fchistamine:<\/strong> T\u00fchista v\u00f5i pane \u00fcmber kuni 8 p\u00e4eva enne reisi tasuta. Ettemaksu ei tagastata, kui t\u00fchistamine toimub 8 p\u00e4eva jooksul enne reisi algust.<\/li>\n<\/ul>\n<h3>\ud83d\udc68\u200d\u2708\ufe0f N\u00e4pun\u00e4iteid oma Sunkissi paadiseikluseks<\/h3>\n<p>V\u00f5tke oma p\u00e4evast k\u00f5ige rohkem osa nende lihtsate n\u00f5uannete abil:<\/p>\n<ul>\n<li>V\u00f5ta kaasa ujumisriided, p\u00e4ikesekaitsekreem ja r\u00e4tik.<\/li>\n<li>Kandke mugavat ja ilmastikule sobivat riietust.<\/li>\n<li>Hoidke oma CanaryVIP pilet valmis, kas telefonis v\u00f5i v\u00e4ljatr\u00fckituna.<\/li>\n<li>S\u00f6\u00f6ge eelnevalt kerget s\u00f6\u00f6ki, et v\u00e4ltida merehaigust.<\/li>\n<\/ul>\n<h3>\ud83c\udf1f Miks broneerida CanaryVIP-ga?<\/h3>\n<p>CanaryVIP on spetsialiseerunud sellele, et pakkuda parimat <strong>rendi paat Puerto Mog\u00e1n<\/strong> ja <strong>luksusjahtide rentimine Gran Canarial<\/strong>. Alates era\u00f5iguslikest purjetamistest nagu Sunkiss kuni individuaalsete elamusteni tagame, et iga hetk vee peal oleks unustamatu.<\/p>\n<p>Broneerige oma <strong>Sunkiss Boat Charter<\/strong> t\u00e4na ja nautige reisi, mis on t\u00e4is l\u00f5\u00f5gastust, seiklusi ja hingematvaid vaateid Gran Canariale.<\/p>\n<p>\ud83d\udc49 <a href=\"https:\/\/canaryvip.com\/et\/\" target=\"_new\" rel=\"noopener\"><span>Reserv<\/span><span> N\u00fc\u00fcd<\/span><\/a> ja luua m\u00e4lestusi, mis kestavad kogu elu!<\/p>","protected":false},"excerpt":{"rendered":"<p><strong>\ud83d\udd0d Magic Island Gran Canaria:<\/strong><br \/>\n\u2705 Turvaline makse.<br \/>\n\ud83d\udd10 Eramatkad.<br \/>\n\ud83d\udee5\ufe0f 12m Yacht Comfort.<br \/>\n\u23f3 3H, 6H ja 8H igap\u00e4evased ekskursioonid.<br \/>\n\ud83d\udd59 Erinevad v\u00e4ljumisajad.<br \/>\n\ud83d\udc65 Kuni 8 k\u00fclalist.<br \/>\n\ud83e\udd3f Snorkelivarustus on ette n\u00e4htud.<br \/>\n\ud83d\ude8c Vastuv\u00f5tmine ja v\u00e4ljaviimine.<br \/>\n\ud83e\udd11 Parim hind garanteeritud.<br \/>\n\ud83d\udc6a Allahindlused aktiveeritud.<br \/>\n\ud83d\udd01 Kuni 8-p\u00e4evane t\u00fchistamine.<br \/>\n\ud83c\udf0d Mitmekeelne meeskond.<br \/>\n\ud83c\udf1f Broneeri varakult ja s\u00e4\u00e4sta!<br \/>\n\ud83d\udccd Lahkumine <a href=\"https:\/\/maps.app.goo.gl\/4TJkgAg6UBpnsyhm9\">Puerto de Mog\u00e1n<\/a>.<\/p>","protected":false},"featured_media":12950,"comment_status":"open","ping_status":"closed","template":"","meta":{"_acf_changed":false},"product_brand":[],"product_cat":[132],"product_tag":[],"class_list":{"0":"post-12949","1":"product","2":"type-product","3":"status-publish","4":"has-post-thumbnail","6":"product_cat-boat-hire-gran-canaria","7":"wcpa_has_options","9":"first","10":"instock","11":"virtual","12":"purchasable","13":"product-type-simple"},"acf":[],"wcpa_form_fields":{"wcpaData":{"product":{"product_price":399,"price_html":"From&nbsp;<span class=\"woocommerce-Price-amount amount\"><bdi>399,00&nbsp;<span class=\"woocommerce-Price-currencySymbol\">&euro;<\/span><\/bdi><\/span>","original_product_price":399,"price_including_tax":399,"price_excluding_tax":399,"product_id":{"parent":12949,"variation":false},"is_variable":false,"stock_status":"instock","stock_quantity":null,"parent_sku":"CV12949","product_attributes":[],"custom_fields":[],"is_taxable":false,"product_name":"Sunkiss Boat Charter<br\/>Gran Canaria","hasImage":false},"fields":{"sec_667811df8760f9":{"extra":{"key":"sec_667811df8760f9","section_id":"sec_667811df8760f9","name":"Default","status":1,"cl_rule":"show","enableCl":false,"relations":[],"toggle":true,"title_tag":"h3","show_title":false,"showPrice":"default","form_id":13536,"form_rules":{"exclude_from_discount":true,"fee_label":"Fee","disp_hide_options_price":true,"disp_show_section_price":false,"disp_show_field_price":true,"layout_option":"standard","pric_use_as_fee":false,"process_fee_as":"woo_fee"},"layout_option":"standard"},"fields":[[{"label":"\ud83d\udcc5 Date","active":true,"required":true,"elementId":"date_567811df876119","picker_type":"custom","picker_mode":"single","placeholder":"","description":"","tooltip":"","name":"date_567811df876119","label_position":"default","desc_position":"default","enablePrice":false,"className":"","enableCl":false,"relations":[{"operator":"and","rules":[{"operator":"AND","rules":{"cl_field":"radio-group_565c78ffa81208","cl_relation":"is","cl_val":"3 Hour Trip"}}]}],"date_pic_inline":true,"date_pic_inline_hide":true,"min_date":{"type":"days","val":"2"},"max_date":{"type":"days","val":"365"},"date_pic_conf":{"disabledWeeks":[]},"price":"","cl_rule":"show","col":6,"type":"date","error":false,"enableDesign":false,"LabelColor":"","gt_translate_keys":["label","placeholder","description","tooltip"],"price_dependency":false,"cl_dependency":false,"value":""}],[{"elementId":"separator_267811df876128","separatorType":"blank","className":"","height":"3","enableCl":false,"relations":false,"cl_rule":"show","col":6,"type":"separator","error":false,"gt_translate_keys":[],"price_dependency":false,"cl_dependency":false,"value":""}],[{"active":true,"col":6,"relations":false,"cl_rule":"show","enableCl":false,"price":"","enablePrice":true,"className":"","label_position":"default","desc_position":"default","type":"select","required":true,"elementId":"select_267811df876133","label":"\u23f3 Trip Duration","name":"select_267811df876133","values":[{"label":"3 Hours (399\u20ac)","value":"3","selected":false,"tempId":"aco_556","price":"399","gt_translate_keys":["label"]},{"label":"6 Hours (700\u20ac)","value":"6","selected":false,"tempId":"aco_122","price":"700","gt_translate_keys":["label"]},{"label":"8 Hours (900\u20ac)","value":"8","selected":false,"tempId":"aco_41","price":"900","gt_translate_keys":["label"]}],"dropdown_type":"basic","error":false,"placeholder":"Select Trip Duration","priceOptions":"different_for_all","pricingType":"fixed","is_show_price":false,"gt_translate_keys":["label","placeholder"],"price_dependency":false,"cl_dependency":false,"value":""}],[{"label":"\u2705 Number of People","active":true,"required":true,"elementId":"select_667811df87613d","dropdown_type":"basic","placeholder":"Select Number of People","name":"select_667811df87613d","label_position":"default","desc_position":"default","enablePrice":false,"className":"","enableCl":false,"relations":[{"operator":false,"rules":[{"operator":"AND","rules":{"cl_field":"radio-group_565c78ffa81208","cl_relation":"is","cl_val":"3 Hour Trip"}}]}],"values":[{"label":"1 person","value":"1","selected":false,"tempId":"aco_1471","price":"0","gt_translate_keys":["label"]},{"label":"2 people","value":"2","selected":false,"tempId":"aco_1472","price":"0","gt_translate_keys":["label"]},{"label":"3 people","value":"3","selected":false,"tempId":"aco_1500","price":"0","gt_translate_keys":["label"]},{"label":"4 people","value":"4","selected":false,"tempId":"aco_1510","price":"0","gt_translate_keys":["label"]},{"label":"5 people","value":"5","selected":false,"tempId":"aco_1520","price":"0","gt_translate_keys":["label"]},{"label":"6 people","value":"6","selected":false,"tempId":"aco_1728","price":"0","gt_translate_keys":["label"]},{"label":"7 people","value":"7","selected":false,"tempId":"aco_1738","price":"0","gt_translate_keys":["label"]},{"label":"8 people","value":"8","selected":false,"tempId":"aco_1748","price":"0","gt_translate_keys":["label"]}],"price":"","cl_rule":"show","col":6,"type":"select","error":false,"priceOptions":"different_for_all","pricingType":"fixed","is_show_price":false,"gt_translate_keys":["label","placeholder"],"price_dependency":["select_067811df876146"],"cl_dependency":false,"value":""}],[{"active":true,"col":6,"relations":false,"cl_rule":"show","enableCl":false,"price":"","enablePrice":true,"className":"","label_position":"default","desc_position":"default","type":"select","required":false,"elementId":"select_067811df876146","label":"\ud83c\udf57 Meal (+10\u20ac\/person)","name":"select_067811df876146","values":[{"label":"No","value":"No","selected":false,"tempId":"aco_2562","price":"","gt_translate_keys":["label"]},{"label":"Yes (+10\u20ac\/person)","value":"Yes","selected":false,"tempId":"aco_2563","price":"{field.select_667811df87613d.value}*10","gt_translate_keys":["label"]}],"dropdown_type":"basic","error":false,"description":"Snacks and drinks are included. If you want an extra meal, please select this option. The meal is marinated chicken with mojo potatoes and coleslaw. Payment due at arrival the day of the tour.","priceOptions":"different_for_all","pricingType":"custom","isTemplate":false,"is_show_price":true,"gt_translate_keys":["label","description"],"price_dependency":false,"cl_dependency":false,"value":""}]]},"sec_167811df876147":{"extra":{"key":"sec_167811df876147","section_id":"sec_167811df876147","name":"Pickup Location","status":1,"cl_rule":"show","enableCl":false,"relations":[],"toggle":true,"title_tag":"h4","show_title":false,"showPrice":"default","form_id":13536,"form_rules":{"exclude_from_discount":true,"fee_label":"Fee","disp_hide_options_price":true,"disp_show_section_price":false,"disp_show_field_price":true,"layout_option":"standard","pric_use_as_fee":false,"process_fee_as":"woo_fee"},"layout_option":"standard"},"fields":[[{"elementId":"separator_1067811df876152","separatorType":"blank","className":"","height":"3","enableCl":false,"relations":false,"cl_rule":"show","col":6,"type":"separator","error":false,"gt_translate_keys":[],"price_dependency":false,"cl_dependency":false,"value":""}],[{"active":true,"col":6,"relations":[{"operator":false,"rules":[{"operator":"AND","rules":{"cl_field":"radio-group_565c78ffa81208","cl_relation":"is","cl_val":"3 Hour Trip"}}]}],"cl_rule":"show","enableCl":false,"price":"","enablePrice":false,"className":"","label_position":"default","desc_position":"default","type":"select","required":false,"elementId":"select_667811df87615b","label":"\u23f0 Departure","name":"select_667811df87615b","values":[{"label":"09:00","value":"09:00","selected":false,"tempId":"aco_1471","gt_translate_keys":["label"]},{"label":"12:00","value":"12:00","selected":false,"tempId":"aco_1510","gt_translate_keys":["label"]},{"label":"15:00","value":"15:00","selected":false,"tempId":"aco_1738","gt_translate_keys":["label"]}],"dropdown_type":"basic","error":false,"placeholder":"Whichever Time is Best","gt_translate_keys":["label","placeholder"],"price_dependency":false,"cl_dependency":false,"value":""}],[{"elementId":"separator_767811df876165","separatorType":"blank","className":"","height":"1","enableCl":false,"relations":false,"cl_rule":"show","col":6,"type":"separator","gt_translate_keys":[],"price_dependency":false,"cl_dependency":false,"value":""}],[{"elementId":"separator_967811df876170","separatorType":"blank","className":"","height":"1","enableCl":false,"relations":false,"cl_rule":"show","col":6,"type":"separator","error":false,"gt_translate_keys":[],"price_dependency":false,"cl_dependency":false,"value":""}],[{"active":true,"col":6,"relations":false,"cl_rule":"show","enableCl":false,"price":"","enablePrice":false,"className":"","label_position":"default","desc_position":"default","type":"text","subtype":"text","required":false,"elementId":"text_967811df876178","label":"\ud83d\ude8c Pickup Location","name":"text_967811df876178","value":"","error":false,"description":"Pick-up service in some locations. Simply provide your address or hotel name. (+2\u20ac\/person paid at pickup to the driver)","gt_translate_keys":["label","description","value"],"price_dependency":false,"cl_dependency":false}]]}},"config":{"price_override":"always","enable_recaptcha":false,"bind_quantity":false,"quantity_bind_formula":false,"disp_summ_show_option_price":true,"disp_summ_show_product_price":false,"disp_summ_show_total_price":true,"disp_summ_show_fee":true,"disp_summ_show_discount":true,"summary_title":"","options_total_label":"Options Price","total_label":"Total Amount","options_product_label":"Product Price","fee_label":"Fee","discount_label":"Discount","has_price":true,"has_quantity_formula":false},"mc_unit":1,"tax_rate":1,"tax_rate_real":1,"discount":{"percentage":0,"fixed":0},"design":{"conf":{"LabelPosition":"above","DescPosition":"above","UploadField":"custom_1","QuantityFieldStyle":"custom_1"},"css":{"LeftLabelWidth":"120px"}},"formulas":{"fmla_1708364241278155361":"(({field.select_3666b1eb2b11fe.value}>=8)?(1400):(({field.select_3666b1eb2b11fe.value}>=7)?(1225):(({field.select_3666b1eb2b11fe.value}>=6)?(1050):(({field.select_3666b1eb2b11fe.value}>=5)?(875):(({field.select_3666b1eb2b11fe.value}>=4)?(700):(({field.select_3666b1eb2b11fe.value}>=3)?(500):(0)))))))","fmla_1718295979528641619":"(({field.select_3666b1eb2b11fe.value}>=8)?(280):(({field.select_3666b1eb2b11fe.value}>=7)?(205):(({field.select_3666b1eb2b11fe.value}>=6)?(150):(({field.select_3666b1eb2b11fe.value}>=5)?(175):(({field.select_3666b1eb2b11fe.value}>=4)?(200):(({field.select_3666b1eb2b11fe.value}>=3)?(150):(0)))))))"},"lookuptables":[],"clones":false,"cartKey":false}},"_links":{"self":[{"href":"https:\/\/canaryvip.com\/et\/wp-json\/wp\/v2\/product\/12949","targetHints":{"allow":["GET"]}}],"collection":[{"href":"https:\/\/canaryvip.com\/et\/wp-json\/wp\/v2\/product"}],"about":[{"href":"https:\/\/canaryvip.com\/et\/wp-json\/wp\/v2\/types\/product"}],"replies":[{"embeddable":true,"href":"https:\/\/canaryvip.com\/et\/wp-json\/wp\/v2\/comments?post=12949"}],"wp:featuredmedia":[{"embeddable":true,"href":"https:\/\/canaryvip.com\/et\/wp-json\/wp\/v2\/media\/12950"}],"wp:attachment":[{"href":"https:\/\/canaryvip.com\/et\/wp-json\/wp\/v2\/media?parent=12949"}],"wp:term":[{"taxonomy":"product_brand","embeddable":true,"href":"https:\/\/canaryvip.com\/et\/wp-json\/wp\/v2\/product_brand?post=12949"},{"taxonomy":"product_cat","embeddable":true,"href":"https:\/\/canaryvip.com\/et\/wp-json\/wp\/v2\/product_cat?post=12949"},{"taxonomy":"product_tag","embeddable":true,"href":"https:\/\/canaryvip.com\/et\/wp-json\/wp\/v2\/product_tag?post=12949"}],"curies":[{"name":"wp","href":"https:\/\/api.w.org\/{rel}","templated":true}]}}