{"id":12784,"date":"2024-08-05T16:50:08","date_gmt":"2024-08-05T15:50:08","guid":{"rendered":"https:\/\/canaryvip.com\/?post_type=product&#038;p=12784"},"modified":"2025-08-09T14:08:37","modified_gmt":"2025-08-09T13:08:37","slug":"self-drive-boat-hire-tenerife","status":"publish","type":"product","link":"https:\/\/canaryvip.com\/et\/shop\/self-drive-boat-hire-tenerife\/","title":{"rendered":"Self Drive Boat Hire Tenerife"},"content":{"rendered":"<h2>\ud83d\udea4 Rentida isejuhtiv paat ilma litsentsita Tenerifel<\/h2>\n<p>Alustage oma vee seiklustest, rentides isejuhtiv paat aastal <a href=\"https:\/\/canaryvip.com\/et\/tenerife\/\">Tenerife<\/a>, ideaalne neile, kes ihkavad vabadust ise navigeerida.<\/p>\n<p>L\u00e4htuge maalilisest maastikulisest <a href=\"https:\/\/www.google.com\/maps\/place\/Puerto+Col%C3%B3n\/@28.078002,-16.7394902,1078m\/data=!3m2!1e3!4b1!4m6!3m5!1s0xc6a9743509c9ebf:0xd62345524f768247!8m2!3d28.078002!4d-16.7369153!16s%2Fg%2F11c6cqryw_?authuser=0&amp;entry=tts&amp;g_ep=EgoyMDI0MDgwNC4wKgBIAVAD\" target=\"_blank\" rel=\"noopener\">Puerto Col\u00f3n<\/a>, kus teil on v\u00f5imalus avastada \u00fcksildasi kohti, p\u00e4evitada v\u00f5i nautida piknikku vee peal, mida \u00fcmbritsevad Atlandi ookeani kristallselged lained.<\/p>\n<p>Kujutage ette p\u00f5nevust, kui v\u00f5tate ise rooli ja navigeerite Tenerife imeilusates vetes. Tunnete tuult oma juustes ja p\u00e4ikest oma n\u00e4ol, kui m\u00e4\u00e4rate ise oma kurssi. Meie paadid mahutavad kuni 5 reisijat, mist\u00f5ttu sobivad need ideaalselt nii poolep\u00e4evaseks kui ka terve p\u00e4eva kestvateks seiklusteks.<\/p>\n<h3>\ud83d\udea4 Sinu teekond, sinu k\u00e4sk<\/h3>\n<ul>\n<li><strong>Kompaktne disain:<\/strong> Nautige elegantset ja mugavat navigatsiooni meie h\u00e4sti hooldatud paatidega.<\/li>\n<li><strong>Uimastavad maastikud:<\/strong> Purjetage Tenerife kauni La Caleta v\u00f5i Diego Hernandezi ranna l\u00e4hedal, nautides elavat mereelu enda \u00fcmber.<\/li>\n<li><strong style=\"letter-spacing: 0em;\">Privaatne kastmine:<\/strong><span style=\"letter-spacing: 0em;\"> Ankurdage peidetud lahtedes, mis on ideaalsed ujumiseks, snorgeldamiseks v\u00f5i p\u00e4evitamiseks.<\/span><\/li>\n<li><strong>Sn\u00e4kid merel:<\/strong> Vabadus tuua ja nautida oma toitu pardal suurendab seda isiklikku isetegevuslikku paadi rendi kogemust Tenerifel.<\/li>\n<li><strong>Kerge k\u00e4sitsemine:<\/strong> T\u00e4nu kasutajas\u00f5bralikule disainile ja stabiilsele reisimisv\u00f5imele teevad meie paadid paadis\u00f5idu k\u00f5igile k\u00e4ttesaadavaks.<\/li>\n<\/ul>\n<h3>\u2728 Teie isejuhtiva paadi rendi peamised \u00fcksikasjad<\/h3>\n<p><strong>Kohandatud vastavalt teie eelistustele:<\/strong> Meie paadid, mis sobivad kuni 5 inimesele, sobivad ideaalselt paaride puhkamiseks v\u00f5i grupiretkeks ja on valmis mis tahes \u00fcrituseks. Turvalise ja meeldiva veekogemuse tagamiseks antakse p\u00f5hjalikud juhised.<\/p>\n<p><strong>Mitmek\u00fclgne valik k\u00f5igile:<\/strong> Ideaalsed peredele, s\u00f5pradele v\u00f5i soolo-uurijatele, meie litsentsita ises\u00f5itvad paadid v\u00f5imaldavad teil kogeda autonoomiat ja maalilist luksust Tenerife ranniku taustal.<\/p>\n<h3>\ud83d\udea4 Ekskursiooniks valmistumine<\/h3>\n<p>Valmistuge unustamatuks p\u00e4evaks merel selliste h\u00e4davajalike asjadega nagu ujumisriided ja p\u00e4ikesekaitsekreem. K\u00f5ik vajalikud navigatsioonivahendid on meie poolt, nii et saate keskenduda ainult avastamisr\u00f5\u00f5mule.<\/p>\n<p>\u00c4rge unustage oma kaamerat, et j\u00e4\u00e4dvustada hingematvaid vaateid Tenerife rannikule ja vee-elustikku, mis allpool \u00f5itseb.<\/p>\n<h3>\ud83d\udcdc T\u00fchistamise ja pardaloleku p\u00f5him\u00f5tted<\/h3>\n<p><strong>Eraldiseisev laevaharta:<\/strong> T\u00fchistage tasuta kuni 96 tundi enne v\u00e4ljumist. Kui t\u00fchistate reisi v\u00e4hem kui 72 tundi ette teatades, ei tagastata teie tagatisraha.<\/p>\n<p><strong>Jagatud reis:<\/strong> Tasuta t\u00fchistamine kuni 48 tundi enne planeeritud v\u00e4ljumist. Kui t\u00fchistate hiljem v\u00f5i ei ilmu kohale, kaotate tagatisraha.<\/p>\n<p><strong>\ud83c\udf26\ufe0f Ilm ja minimaalsed osalejad:<\/strong> Halva ilma korral v\u00f5i kui osalejaid ei ole piisavalt, v\u00f5ite valida t\u00e4ieliku tagasimaksmise v\u00f5i reisi \u00fcmberpaigutamise m\u00f5nele teisele kuup\u00e4evale.<\/p>\n<p><strong>\ud83d\udea2 Pardal olevad eeskirjad:<\/strong> Palun tulge \u00f5igel ajal kohale! Merehaigusest tingitud hilinenud saabumiste v\u00f5i marsruudi muutmise korral raha tagasi ei maksta.<\/p>\n<h3>\ud83d\ude99 L\u00e4htekoht ja parkimine<\/h3>\n<p><strong>Alusta aadressil <a href=\"https:\/\/www.google.com\/maps\/place\/Puerto+Col%C3%B3n\/@28.078002,-16.7394902,1078m\/data=!3m2!1e3!4b1!4m6!3m5!1s0xc6a9743509c9ebf:0xd62345524f768247!8m2!3d28.078002!4d-16.7369153!16s%2Fg%2F11c6cqryw_?authuser=0&amp;entry=tts&amp;g_ep=EgoyMDI0MDgwNC4wKgBIAVAD\" target=\"_blank\" rel=\"noopener\">Puerto Col\u00f3n<\/a>:<\/strong> Teie mereseiklus algab aadressil <strong>Puerto Col\u00f3n<\/strong>Sadamas on piisavalt parkimiskohti, mis teeb p\u00e4eva alustamise lihtsaks. Saabuge veidi varem, et alustada oma reisi kiirustamata.<\/p>\n<h3>\ud83c\udf1f CanaryVIP lubadus teile<\/h3>\n<p>CanaryVIP-s seame teie rahulolu esikohale. Nautige kohanemisv\u00f5imelist t\u00fchistamispoliitikat, mis pakub turvalisust, kui broneerite oma isevedava paadi rendi. Oleme p\u00fchendunud suurep\u00e4rase teenuse osutamisele, keskendudes ohutusele ja soovile suurendada teie kogemust Tenerife majesteetlikes vetes.<\/p>\n<p>Seikle ilma juhilubadeta ises\u00f5itva paadiga seiklusele, kruiisides Tenerife imeilusatel meredel ja avastades ranniku\u00e4\u00e4rseid peidetud kalliskivisid. <strong>Puerto Col\u00f3n.<\/strong><\/p>\n<p>Broneerige juba t\u00e4na eksklusiivne mereseiklus, mis \u00fchendab endas s\u00f5ltumatuse, mugavuse ja Kanaari saarte \u00fcrgse ilu. Broneeri kohe ja loo p\u00fcsivaid m\u00e4lestusi merel!<\/p>","protected":false},"excerpt":{"rendered":"<p><strong>\ud83d\udd0d Self Drive Boat:<\/strong><br \/>\n<span>\u2705 Turvaline makse.<\/span><br \/>\n<span>\ud83e\udeaa Ilma paadilitsentsita.<\/span><br \/>\n<span>\ud83d\udee5\ufe0f 5 meetri pikkune.<\/span><br \/>\n<span>\u23f3 P\u00e4evane rentimine 2-8h.<br \/>\n\u26fd Bensiini sisaldub<\/span><br \/>\n<span>\ud83d\udd59 Kohandatavad v\u00e4ljumisajad.<\/span><br \/>\n<span>\ud83d\udc65 Kuni 5 k\u00fclalist.<\/span><br \/>\n<span>\ud83e\udd3f Snorkeldamisvarustus.<\/span><br \/>\n<span>\ud83e\udd11 Parim hind garanteeritud.<\/span><br \/>\n<span>\ud83d\udc6a Allahindlused aktiveeritud.<\/span><br \/>\n<span>\ud83d\udd01 Kuni 4 p\u00e4eva t\u00fchistamine.<\/span><br \/>\n<span>\ud83c\udf0d Mitmekeelne tugi.<\/span><br \/>\n<span>\ud83c\udf1f Broneeri varakult ja s\u00e4\u00e4sta!<br \/>\n\ud83d\udccd Lahkumine <a href=\"https:\/\/maps.app.goo.gl\/3EAT9KE3yNKvnqsz7\" target=\"_blank\" rel=\"noopener\">Puerto Col\u00f3n<\/a>.<br \/>\n<\/span><\/p>","protected":false},"featured_media":14654,"comment_status":"open","ping_status":"closed","template":"","meta":{"_acf_changed":false},"product_brand":[],"product_cat":[130],"product_tag":[],"class_list":{"0":"post-12784","1":"product","2":"type-product","3":"status-publish","4":"has-post-thumbnail","6":"product_cat-self-drive-boat-hire","7":"wcpa_has_options","9":"first","10":"instock","11":"sale","12":"virtual","13":"purchasable","14":"product-type-simple"},"acf":[],"wcpa_form_fields":{"wcpaData":{"product":{"product_price":180,"price_html":"From&nbsp;<del aria-hidden=\"true\"><span class=\"woocommerce-Price-amount amount\"><bdi>200,00&nbsp;<span class=\"woocommerce-Price-currencySymbol\">&euro;<\/span><\/bdi><\/span><\/del> <span class=\"screen-reader-text\">Esialgne hind oli: 200,00&nbsp;&euro;.<\/span><ins aria-hidden=\"true\"><span class=\"woocommerce-Price-amount amount\"><bdi>180,00&nbsp;<span class=\"woocommerce-Price-currencySymbol\">&euro;<\/span><\/bdi><\/span><\/ins><span class=\"screen-reader-text\">Praegune hind on: 180,00&nbsp;&euro;.<\/span>","original_product_price":200,"price_including_tax":180,"price_excluding_tax":180,"product_id":{"parent":12784,"variation":false},"is_variable":false,"stock_status":"instock","stock_quantity":null,"parent_sku":"CV12784","product_attributes":[],"custom_fields":[],"is_taxable":false,"product_name":"Self Drive Boat Hire Tenerife","hasImage":false},"fields":{"sec_666b2beb820739":{"extra":{"key":"sec_666b2beb820739","section_id":"sec_666b2beb820739","name":"Default","status":1,"cl_rule":"show","enableCl":false,"relations":[],"toggle":true,"title_tag":"h3","show_title":false,"showPrice":"default","form_id":12811,"form_rules":{"exclude_from_discount":true,"fee_label":"Fee","disp_hide_options_price":true,"disp_show_section_price":false,"disp_show_field_price":true,"layout_option":"standard","pric_use_as_fee":false,"process_fee_as":"woo_fee"},"layout_option":"standard"},"fields":[[{"label":"\ud83d\udcc5 Date","active":true,"required":true,"elementId":"date_466b2beb820758","picker_type":"custom","picker_mode":"single","placeholder":"","description":"","tooltip":"","name":"date_466b2beb820758","label_position":"default","desc_position":"default","enablePrice":false,"className":"","enableCl":false,"relations":[{"operator":"and","rules":[{"operator":"AND","rules":{"cl_field":"radio-group_565c78ffa81208","cl_relation":"is","cl_val":"3 Hour Trip"}}]}],"date_pic_inline":true,"date_pic_inline_hide":true,"min_date":{"type":"days","val":"0"},"max_date":{"type":"days","val":"365"},"date_pic_conf":{"disabledWeeks":[],"disabledDates":[]},"price":"","cl_rule":"show","col":6,"type":"date","error":false,"enableDesign":false,"LabelColor":"","gt_translate_keys":["label","placeholder","description","tooltip"],"price_dependency":false,"cl_dependency":false,"value":""}],[{"contentType":"rich","active":true,"label":"","elementId":"content_466b2beb820766","value":"<p>\ud83c\udf9f\ufe0f <strong>Reservation<\/strong>: Pay only a deposit now to reserve; the rest is due on the day of the activity upon arrival.<\/p>","inline":false,"name":"content_466b2beb820766","enablePrice":false,"className":"","subtype":"p","enableCl":false,"relations":false,"price":"","cl_rule":"show","col":6,"type":"content","error":false,"pricingType":"custom","isTemplate":false,"is_show_price":true,"show_in_checkout":true,"gt_translate_keys":["label","value"],"price_dependency":false,"cl_dependency":false}],[{"active":true,"col":6,"relations":false,"cl_rule":"show","enableCl":false,"price":"","enablePrice":true,"className":"","label_position":"default","desc_position":"default","type":"select","required":true,"elementId":"select_366b2beb82077c","label":"\u23f3 Trip Duration","name":"select_366b2beb82077c","values":[{"label":"2 Hours (180\u20ac)","value":"2","selected":false,"tempId":"aco_85","price":"180","gt_translate_keys":["label"]},{"label":"3 Hours (250\u20ac)","value":"3","selected":false,"tempId":"aco_556","price":"250","gt_translate_keys":["label"]},{"label":"4 Hours (320\u20ac)","value":"4","selected":false,"tempId":"aco_605","price":"320","gt_translate_keys":["label"]},{"label":"5 Hours (390\u20ac)","value":"5","selected":false,"tempId":"aco_724","price":"390","gt_translate_keys":["label"]},{"label":"6 Hours (460\u20ac)","value":"6","selected":false,"tempId":"aco_401","price":"460","gt_translate_keys":["label"]}],"dropdown_type":"basic","error":false,"placeholder":"Select Trip Duration","priceOptions":"different_for_all","pricingType":"fixed","is_show_price":true,"gt_translate_keys":["label","placeholder"],"price_dependency":["content_266b2beb82078f","content_266b2beb820799"],"cl_dependency":false,"value":""}],[{"active":true,"col":6,"relations":false,"cl_rule":"show","enableCl":false,"price":"","enablePrice":false,"className":"","label_position":"default","desc_position":"default","type":"separator","required":false,"elementId":"separator_8240912106","label":"Separator Field","height":"3","separatorType":"fill","error":false,"separatorColor":"#66a5b6","gt_translate_keys":["label"],"price_dependency":false,"cl_dependency":false,"value":""}],[{"active":true,"col":6,"relations":false,"cl_rule":"show","enableCl":false,"price":"({field.select_366b2beb82077c.price}*0.2)+({field.select_166b2beb820786.price}*0.1)","enablePrice":true,"className":"","label_position":"default","desc_position":"default","type":"content","required":false,"elementId":"content_266b2beb82078f","label":"Deposit Payment","name":"content_266b2beb82078f","contentType":"plain","value":"","error":false,"pricingType":"custom","isTemplate":true,"is_show_price":false,"enableDesign":true,"scrollBar":false,"use_as_fee":false,"fee_label":"Payment Now","inline":true,"show_in_checkout":true,"subtype":"div","formulaId":"fmla_1708364241278155361","LabelSize":"14px","gt_translate_keys":["label","value"],"price_dependency":["content_466b2beb8207a2"],"cl_dependency":false}],[{"contentType":"plain","active":true,"label":"Payment at Arrival","elementId":"content_266b2beb820799","value":"","inline":true,"show_in_checkout":true,"name":"content_266b2beb820799","enablePrice":true,"className":"","fee_label":"Payment at Arrival","subtype":"div","enableCl":false,"relations":false,"scrollBar":false,"enableDesign":true,"pricingType":"custom","isTemplate":true,"price":"({field.select_366b2beb82077c.price}*0.8)+({field.select_166b2beb820786.price}*0.9)","use_as_fee":false,"is_show_price":true,"cl_rule":"show","col":6,"type":"content","error":false,"formulaId":"fmla_172299064258378161","LabelSize":"14px","gt_translate_keys":["label","value"],"price_dependency":["content_466b2beb8207a2"],"cl_dependency":false}],[{"contentType":"plain","active":true,"label":"Total Price","elementId":"content_466b2beb8207a2","value":"","inline":true,"show_in_checkout":true,"name":"content_466b2beb8207a2","enablePrice":true,"className":"","fee_label":"Payment at Arrival","subtype":"div","enableCl":false,"relations":false,"scrollBar":false,"enableDesign":true,"LabelSize":"14px","pricingType":"custom","isTemplate":false,"price":"({field.content_266b2beb82078f.price})+({field.content_266b2beb820799.price})","formulaId":"fmla_1708360988969136756","use_as_fee":false,"is_show_price":true,"cl_rule":"show","col":6,"type":"content","error":false,"gt_translate_keys":["label","value"],"price_dependency":false,"cl_dependency":false}],[{"elementId":"separator-8320172123","separatorType":"fill","separatorColor":"#66a5b6","className":"","height":"3","enableCl":false,"relations":false,"cl_rule":"show","col":6,"type":"separator","gt_translate_keys":[],"price_dependency":false,"cl_dependency":false,"value":""}],[{"active":true,"col":6,"relations":[{"operator":false,"rules":[{"operator":"AND","rules":{"cl_field":"radio-group_565c78ffa81208","cl_relation":"is","cl_val":"3 Hour Trip"}}]}],"cl_rule":"show","enableCl":false,"price":"","enablePrice":false,"className":"","label_position":"default","desc_position":"default","type":"select","required":false,"elementId":"select_866b2beb8207ab","label":"\u23f0 Departure Time","name":"select_866b2beb8207ab","values":[{"label":"9:30","value":"9:30","selected":false,"tempId":"aco_1471","gt_translate_keys":["label"]},{"label":"10:30","value":"10:30","selected":false,"tempId":"aco_1472","gt_translate_keys":["label"]},{"label":"11:30","value":"11:30","selected":false,"tempId":"aco_1500","gt_translate_keys":["label"]},{"label":"12:30","value":"12:30","selected":false,"tempId":"aco_1510","gt_translate_keys":["label"]},{"label":"13:30","value":"13:30","selected":false,"tempId":"aco_1520","gt_translate_keys":["label"]},{"label":"14:30","value":"14:30","selected":false,"tempId":"aco_1728","gt_translate_keys":["label"]},{"label":"15:30","value":"15:30","selected":false,"tempId":"aco_1738","gt_translate_keys":["label"]}],"dropdown_type":"basic","error":false,"placeholder":"Whichever Time is Best","gt_translate_keys":["label","placeholder"],"price_dependency":false,"cl_dependency":false,"value":""}],[{"elementId":"separator_266b2beb8207b5","separatorType":"blank","className":"","height":"1","enableCl":false,"relations":false,"cl_rule":"show","col":6,"type":"separator","gt_translate_keys":[],"price_dependency":false,"cl_dependency":false,"value":""}],[{"label":"\u2705 Number of People","active":true,"required":true,"elementId":"select_466b2beb8207be","dropdown_type":"basic","placeholder":"Select Number of People","name":"select_466b2beb8207be","label_position":"default","desc_position":"default","enablePrice":false,"className":"","enableCl":false,"relations":[{"operator":false,"rules":[{"operator":"AND","rules":{"cl_field":"radio-group_565c78ffa81208","cl_relation":"is","cl_val":"3 Hour Trip"}}]}],"values":[{"label":"1 person","value":"1","selected":false,"tempId":"aco_1471","gt_translate_keys":["label"]},{"label":"2 people","value":"2","selected":false,"tempId":"aco_1472","gt_translate_keys":["label"]},{"label":"3 people","value":"3","selected":false,"tempId":"aco_1500","gt_translate_keys":["label"]},{"label":"4 people","value":"4","selected":false,"tempId":"aco_1510","gt_translate_keys":["label"]},{"label":"5 people","value":"5","selected":false,"tempId":"aco_1520","gt_translate_keys":["label"]},{"label":"6 people","value":"6","selected":false,"tempId":"aco_2006","gt_translate_keys":["label"]}],"price":"","cl_rule":"show","col":6,"type":"select","error":false,"gt_translate_keys":["label","placeholder"],"price_dependency":false,"cl_dependency":false,"value":""}]]}},"config":{"price_override":"always","enable_recaptcha":false,"bind_quantity":false,"quantity_bind_formula":false,"disp_summ_show_option_price":true,"disp_summ_show_product_price":false,"disp_summ_show_total_price":false,"disp_summ_show_fee":true,"disp_summ_show_discount":true,"summary_title":"","options_total_label":"Options Price","total_label":"Total Amount","options_product_label":"Product Price","fee_label":"Fee","discount_label":"Discount","has_price":true,"has_quantity_formula":false},"mc_unit":1,"tax_rate":1,"tax_rate_real":1,"discount":{"percentage":0,"fixed":0},"design":{"conf":{"LabelPosition":"above","DescPosition":"above","UploadField":"custom_1","QuantityFieldStyle":"custom_1"},"css":{"LeftLabelWidth":"120px"}},"formulas":{"fmla_1708364241278155361":"(({field.select_366b2beb82077c.value}>=6)?(130):(({field.select_366b2beb82077c.value}>=5)?(110):(({field.select_366b2beb82077c.value}>=4)?(90):(({field.select_366b2beb82077c.value}>=3)?(70):(({field.select_366b2beb82077c.value}>=2)?(60):(0))))))","fmla_172299064258378161":"(({field.select_366b2beb82077c.value}>=6)?(330):(({field.select_366b2beb82077c.value}>=5)?(280):(({field.select_366b2beb82077c.value}>=4)?(230):(({field.select_366b2beb82077c.value}>=3)?(180):(({field.select_366b2beb82077c.value}>=2)?(120):(0))))))"},"lookuptables":[],"clones":false,"cartKey":false}},"_links":{"self":[{"href":"https:\/\/canaryvip.com\/et\/wp-json\/wp\/v2\/product\/12784","targetHints":{"allow":["GET"]}}],"collection":[{"href":"https:\/\/canaryvip.com\/et\/wp-json\/wp\/v2\/product"}],"about":[{"href":"https:\/\/canaryvip.com\/et\/wp-json\/wp\/v2\/types\/product"}],"replies":[{"embeddable":true,"href":"https:\/\/canaryvip.com\/et\/wp-json\/wp\/v2\/comments?post=12784"}],"wp:featuredmedia":[{"embeddable":true,"href":"https:\/\/canaryvip.com\/et\/wp-json\/wp\/v2\/media\/14654"}],"wp:attachment":[{"href":"https:\/\/canaryvip.com\/et\/wp-json\/wp\/v2\/media?parent=12784"}],"wp:term":[{"taxonomy":"product_brand","embeddable":true,"href":"https:\/\/canaryvip.com\/et\/wp-json\/wp\/v2\/product_brand?post=12784"},{"taxonomy":"product_cat","embeddable":true,"href":"https:\/\/canaryvip.com\/et\/wp-json\/wp\/v2\/product_cat?post=12784"},{"taxonomy":"product_tag","embeddable":true,"href":"https:\/\/canaryvip.com\/et\/wp-json\/wp\/v2\/product_tag?post=12784"}],"curies":[{"name":"wp","href":"https:\/\/api.w.org\/{rel}","templated":true}]}}