{"id":12210,"date":"2024-07-03T15:52:34","date_gmt":"2024-07-03T14:52:34","guid":{"rendered":"https:\/\/canaryvip.com\/?post_type=product&#038;p=12210"},"modified":"2025-08-09T14:02:34","modified_gmt":"2025-08-09T13:02:34","slug":"magic-island-yacht-charter-gran-canaria","status":"publish","type":"product","link":"https:\/\/canaryvip.com\/et\/shop\/magic-island-yacht-charter-gran-canaria\/","title":{"rendered":"Magic Island: Jahtide rentimine<br\/> Gran Canaria"},"content":{"rendered":"<h2>\ud83d\udee5\ufe0f Magic Island Jahirent Gran Canaria koos CanaryVIP-ga<\/h2>\n<p>Kogege Kanaari saarte ilu mugavalt ja mugavalt. <strong>luksusjaht<\/strong> meie Magic Island Jahirent Gran Canarial. See <strong>privaatne paadireis<\/strong> piki Gran Canaria hingematvat edelarannikut sobib ideaalselt peredele, s\u00f5pradele v\u00f5i k\u00f5igile, kes otsivad VIP-seiklust. CanaryVIP tagab teie unistuste p\u00e4eva merel sujuvaks broneerimiseks.<\/p>\n<h3>\u2b50\ufe0f Miks valida Magic Island Jahirent Gran Canarial<\/h3>\n<p>Siin on, mis teeb Magic Island jahi silmapaistvaks valikuks teie j\u00e4rgmiseks <strong>paadi rentimine Gran Canarial<\/strong>:<\/p>\n<h4><strong>Eksklusiivne privaatne kogemus<\/strong><\/h4>\n<p>Naudi Atlandi ookeani kristallselgeid veekogusid t\u00e4ielikus privaatsuses. Jaht Magic Island mahutab kuni 12 k\u00fclalist ja sobib ideaalselt pidustusteks, pere\u00fcritusteks v\u00f5i isegi \u00e4ri\u00fcritusteks.<\/p>\n<h4><strong>Mugavus ja stiil<\/strong><\/h4>\n<p>L\u00f5\u00f5gastuge hubases ja elegantses interj\u00f6\u00f6ris, kus on v\u00e4ike magamistuba, tualett, mugavad istumisv\u00f5imalused ja s\u00f6\u00f6gituba. Nautige Kanaari p\u00e4ikest \u00fclemisel p\u00e4ikeseterrassil v\u00f5i istuge varjulistes kohtades, kui s\u00f5idate m\u00f6\u00f6da vulkaanilist rannikut.<\/p>\n<h4><strong>P\u00f5nevad veetegevused<\/strong><\/h4>\n<p>Suurendage oma kogemust l\u00f5busate tegevustega, mis sisalduvad teie broneeringus:<\/p>\n<ul>\n<li><strong>\ud83e\udd3f Snorkeldamisvarustus:<\/strong> Avasta veealust maailma pardal oleva varustusega.<\/li>\n<li><strong>\ud83c\udf4c Banaanipaadiga s\u00f5it:<\/strong> Lisage oma reisile veidi adrenaliini selle p\u00f5neva tegevusega, mis on lisatud ilma lisatasuta.<\/li>\n<\/ul>\n<h3>\ud83d\udea4 Magic Island Jahtreisiv\u00f5imalused<\/h3>\n<p>Valige kahe reisi kestuse vahel, mis vastavad teie ajakavale ja eelistustele:<\/p>\n<ul>\n<li><strong>3-tunnine ekskursioon:<\/strong> Ideaalne l\u00fchike, kuid magus sissejuhatus Gran Canaria ranniku ilu tutvustamiseks. Ujuge, snorgeldage ja nautige p\u00e4ikest.<\/li>\n<li><strong>5-tunnine ekskursioon:<\/strong> Kui soovid veel rohkem kogemusi, v\u00f5ta aega, et uurida rannikut, nautida veealaseid tegevusi ja l\u00f5\u00f5gastuda pardal suupistete ja jookidega.<\/li>\n<\/ul>\n<h3>\ud83e\udd42 Mida sisaldab teie Jahi tellimuslend \ud83e\udd42 Mida sisaldab teie Jahi tellimuslend<\/h3>\n<p>Teie <strong>Jahtide rentimine Gran Canarial<\/strong> sisaldab:<\/p>\n<ul>\n<li>Suupisted, n\u00e4iteks kr\u00f5psud ja p\u00e4hklid.<\/li>\n<li>Joogid avatud baarist, sealhulgas \u00f5lu, karastusjoogid, vesi ja mahlad.<\/li>\n<li>Snorgeldamisvarustus ja l\u00f5bus banaanipaadiga s\u00f5it.<\/li>\n<li>L\u00f5unas\u00f6\u00f6k on saadaval soovi korral (10 \u20ac inimese kohta, m\u00e4rkige see broneerimisel).<\/li>\n<li>Professionaalne meeskond, kes r\u00e4\u00e4gib vabalt inglise ja hispaania keelt, tagades teie mugavuse ja ohutuse kogu reisi v\u00e4ltel.<\/li>\n<\/ul>\n<h3>\ud83d\udccd Lahkumise \u00fcksikasjad<\/h3>\n<ul>\n<li><strong>Asukoht:<\/strong> <a href=\"https:\/\/maps.app.goo.gl\/iZBybc3i384tdR816\" target=\"_blank\" rel=\"noopener\">Puerto Rico baas Puerto Ricos<\/a>, Gran Canaria.<\/li>\n<li><strong>Times:<\/strong> Valige kas 9:00 v\u00f5i 14:00 v\u00e4ljumine.<\/li>\n<li><strong>Transport:<\/strong> Valikuline pealev\u00f5tmise teenus on saadaval vaid 2 euro eest inimese kohta.<\/li>\n<\/ul>\n<p>Soovitame saabuda v\u00e4hemalt 15 minutit enne v\u00e4ljumist, et tagada sujuv algus teie seiklusele.<\/p>\n<h3>\u2705 L\u00e4bipaistev t\u00fchistamispoliitika<\/h3>\n<p>Me m\u00f5istame, et plaanid v\u00f5ivad muutuda, seega on meie t\u00fchistamisp\u00f5him\u00f5tted m\u00f5eldud selleks, et tagada teile meelerahu:<\/p>\n<ul>\n<li><strong>Ilmaga seotud garantii:<\/strong> Kui ilmastikuolud on ebaturvalised, on teil v\u00f5imalus ajakava muuta v\u00f5i saada raha tagasi.<\/li>\n<li><strong>Paindlik t\u00fchistamine:<\/strong> T\u00fchista v\u00f5i pane \u00fcmber kuni 8 p\u00e4eva enne reisi tasuta. Ettemaksu ei tagastata, kui t\u00fchistamine toimub 8 p\u00e4eva jooksul enne reisi algust.<\/li>\n<\/ul>\n<h3>\ud83d\udc68\u200d\u2708\ufe0f N\u00e4pun\u00e4iteid oma Magic Island seikluseks<\/h3>\n<p>V\u00f5tke oma p\u00e4evast k\u00f5ige rohkem osa nende lihtsate n\u00f5uannete abil:<\/p>\n<ul>\n<li>V\u00f5ta kaasa ujumisriided, r\u00e4tik ja p\u00e4ikesekaitsekreem.<\/li>\n<li>Kandke mugavat ja ilmastikule sobivat riietust.<\/li>\n<li>Hoidke oma CanaryVIP pilet valmis telefonis v\u00f5i tr\u00fckitud kujul.<\/li>\n<li>S\u00f6\u00f6ge eelnevalt kerget s\u00f6\u00f6ki, et v\u00e4ltida merehaigust.<\/li>\n<\/ul>\n<h3>\ud83c\udf1f Miks broneerida CanaryVIP-ga?<\/h3>\n<p>CanaryVIP on spetsialiseerunud parimate v\u00f5imaluste pakkumisele <a href=\"https:\/\/canaryvip.com\/et\/gran-canaria\/\"><strong>paadi rentimine Gran Canarial<\/strong><\/a>. Alates luksuslikest jahtidest, nagu Magic Island, kuni muude kohandatud ekskursioonideni, teeme teile lihtsaks unustamatute m\u00e4lestuste loomise vee peal.<\/p>\n<p>Broneerige oma <strong>Magic Island Jahtide rentimine<\/strong> t\u00e4na ja alustage p\u00e4eva, mis on t\u00e4is l\u00f5bu, l\u00f5\u00f5gastust ja hingematvaid vaateid Gran Canaria vapustavale rannikule.<\/p>\n<p>\ud83d\udc49 <span>Reserv<\/span><span> N\u00fc\u00fcd<\/span> ja t\u00f5stke oma puhkuseelamust!<\/p>","protected":false},"excerpt":{"rendered":"<p><strong>\ud83d\udd0d Magic Island Gran Canaria:<\/strong><br \/>\n\u2705 Turvaline makse.<br \/>\n\ud83d\udd10 Eramatkad.<br \/>\n\ud83d\udee5\ufe0f 18m Yacht Comfort.<br \/>\n\u23f3 3H ja 5H igap\u00e4evased ekskursioonid.<br \/>\n\ud83d\udd59 Kohandatavad v\u00e4ljumisajad.<br \/>\n\ud83d\udc65 Kuni 12 k\u00fclalist.<br \/>\n\ud83c\udfc4\u200d\u2640\ufe0f Paddle Boards Included.<br \/>\n\ud83e\udd3f Snorkelivarustus on ette n\u00e4htud.<br \/>\n\ud83d\udd0a M\u00e4ngi oma muusikat.<br \/>\n\ud83d\ude8c Vastuv\u00f5tmine ja v\u00e4ljaviimine.<br \/>\n\ud83e\udd11 Parim hind garanteeritud.<br \/>\n\ud83d\udc6a Allahindlused aktiveeritud.<br \/>\n\ud83d\udd01 Kuni 8-p\u00e4evane t\u00fchistamine.<br \/>\n\ud83c\udf0d Mitmekeelne meeskond.<br \/>\n\ud83c\udf1f Broneeri varakult ja s\u00e4\u00e4sta!<br \/>\n\ud83d\udccd Lahkumine <a href=\"https:\/\/maps.app.goo.gl\/836RSsqAzbptb2Qy5\">Puerto Base<\/a>.<\/p>","protected":false},"featured_media":12212,"comment_status":"open","ping_status":"closed","template":"","meta":{"_acf_changed":false},"product_brand":[],"product_cat":[132],"product_tag":[],"class_list":{"0":"post-12210","1":"product","2":"type-product","3":"status-publish","4":"has-post-thumbnail","6":"product_cat-boat-hire-gran-canaria","7":"wcpa_has_options","9":"first","10":"instock","11":"virtual","12":"purchasable","13":"product-type-simple"},"acf":[],"wcpa_form_fields":{"wcpaData":{"product":{"product_price":550,"price_html":"From&nbsp;<span class=\"woocommerce-Price-amount amount\"><bdi>550,00&nbsp;<span class=\"woocommerce-Price-currencySymbol\">&euro;<\/span><\/bdi><\/span>","original_product_price":550,"price_including_tax":550,"price_excluding_tax":550,"product_id":{"parent":12210,"variation":false},"is_variable":false,"stock_status":"instock","stock_quantity":null,"parent_sku":"CV12210","product_attributes":[],"custom_fields":[],"is_taxable":false,"product_name":"Magic Island: Yacht Hire<br\/> Gran Canaria","hasImage":false},"fields":{"sec_26686cb82841ff":{"extra":{"key":"sec_26686cb82841ff","section_id":"sec_26686cb82841ff","name":"Default","status":1,"cl_rule":"show","enableCl":false,"relations":[],"toggle":true,"title_tag":"h3","show_title":false,"showPrice":"default","form_id":12242,"form_rules":{"exclude_from_discount":true,"fee_label":"Fee","disp_hide_options_price":true,"disp_show_section_price":false,"disp_show_field_price":true,"layout_option":"standard","pric_use_as_fee":false,"process_fee_as":"woo_fee"},"layout_option":"standard"},"fields":[[{"label":"\ud83d\udcc5 Date","active":true,"required":true,"elementId":"date_56686cb8284220","picker_type":"custom","picker_mode":"single","placeholder":"","description":"","tooltip":"","name":"date_56686cb8284220","label_position":"default","desc_position":"default","enablePrice":false,"className":"","enableCl":false,"relations":[{"operator":"and","rules":[{"operator":"AND","rules":{"cl_field":"radio-group_565c78ffa81208","cl_relation":"is","cl_val":"3 Hour Trip"}}]}],"date_pic_inline":true,"date_pic_inline_hide":true,"min_date":{"type":"days","val":"2"},"max_date":{"type":"days","val":"365"},"date_pic_conf":{"disabledWeeks":[]},"price":"","cl_rule":"show","col":6,"type":"date","error":false,"enableDesign":false,"LabelColor":"","gt_translate_keys":["label","placeholder","description","tooltip"],"price_dependency":false,"cl_dependency":false,"value":""}],[{"elementId":"separator_26686cb828423c","separatorType":"blank","className":"","height":"3","enableCl":false,"relations":false,"cl_rule":"show","col":6,"type":"separator","error":false,"gt_translate_keys":[],"price_dependency":false,"cl_dependency":false,"value":""}],[{"active":true,"col":6,"relations":false,"cl_rule":"show","enableCl":false,"price":"","enablePrice":true,"className":"","label_position":"default","desc_position":"default","type":"select","required":true,"elementId":"select_36686cb8284247","label":"\u23f3 Trip Duration","name":"select_36686cb8284247","values":[{"label":"3 Hours (550\u20ac)","value":"3","selected":false,"tempId":"aco_556","price":"550","gt_translate_keys":["label"]},{"label":"5 Hours (995\u20ac)","value":"5","selected":false,"tempId":"aco_122","price":"995","gt_translate_keys":["label"]}],"dropdown_type":"basic","error":false,"placeholder":"Select Trip Duration","priceOptions":"different_for_all","pricingType":"fixed","is_show_price":false,"gt_translate_keys":["label","placeholder"],"price_dependency":false,"cl_dependency":false,"value":""}],[{"label":"\u2705 Number of People","active":true,"required":true,"elementId":"select_76686cb828429b","dropdown_type":"basic","placeholder":"Select Number of People","name":"select_76686cb828429b","label_position":"default","desc_position":"default","enablePrice":true,"className":"","enableCl":false,"relations":[{"operator":false,"rules":[{"operator":"AND","rules":{"cl_field":"radio-group_565c78ffa81208","cl_relation":"is","cl_val":"3 Hour Trip"}}]}],"values":[{"label":"1 person","value":"1","selected":false,"tempId":"aco_1471","price":"0","gt_translate_keys":["label"]},{"label":"2 people","value":"2","selected":false,"tempId":"aco_1472","price":"0","gt_translate_keys":["label"]},{"label":"3 people","value":"3","selected":false,"tempId":"aco_1500","price":"0","gt_translate_keys":["label"]},{"label":"4 people","value":"4","selected":false,"tempId":"aco_1510","price":"0","gt_translate_keys":["label"]},{"label":"5 people","value":"5","selected":false,"tempId":"aco_1520","price":"0","gt_translate_keys":["label"]},{"label":"6 people","value":"6","selected":false,"tempId":"aco_1728","price":"0","gt_translate_keys":["label"]},{"label":"7 people","value":"7","selected":false,"tempId":"aco_1738","price":"0","gt_translate_keys":["label"]},{"label":"8 people","value":"8","selected":false,"tempId":"aco_1748","price":"0","gt_translate_keys":["label"]},{"label":"9 people (+50\u20ac)","value":"9","selected":false,"tempId":"aco_1912","price":"50","gt_translate_keys":["label"]},{"label":"10 people (+100\u20ac)","value":"10","selected":false,"tempId":"aco_1922","price":"100","gt_translate_keys":["label"]},{"label":"11 people (+150\u20ac)","value":"11","selected":false,"tempId":"aco_84","price":"150","gt_translate_keys":["label"]},{"label":"12 people (+200\u20ac)","value":"12","selected":false,"tempId":"aco_94","price":"200","gt_translate_keys":["label"]}],"price":"","cl_rule":"show","col":6,"type":"select","error":false,"priceOptions":"different_for_all","pricingType":"fixed","is_show_price":false,"gt_translate_keys":["label","placeholder"],"price_dependency":["select_5959492541"],"cl_dependency":false,"value":""}],[{"active":true,"col":6,"relations":false,"cl_rule":"show","enableCl":false,"price":"","enablePrice":true,"className":"","label_position":"default","desc_position":"default","type":"select","required":false,"elementId":"select_5959492541","label":"\ud83c\udf57 Meal (+10\u20ac\/person)","name":"select_5959492541","values":[{"label":"No","value":"No","selected":false,"tempId":"aco_2562","price":"","gt_translate_keys":["label"]},{"label":"Yes (+10\u20ac\/person)","value":"Yes","selected":false,"tempId":"aco_2563","price":"{field.select_76686cb828429b.value}*10","gt_translate_keys":["label"]}],"dropdown_type":"basic","error":false,"description":"Snacks and drinks are included. For an extra meal, please select marinated chicken with mojo potatoes and coleslaw. Paella is available at a different price upon request. Meals are paid for on the day of the tour on the boat.","priceOptions":"different_for_all","pricingType":"custom","isTemplate":false,"is_show_price":true,"gt_translate_keys":["label","description"],"price_dependency":false,"cl_dependency":false,"value":""}]]},"sec_36686cb8284272":{"extra":{"key":"sec_36686cb8284272","section_id":"sec_36686cb8284272","name":"Pickup Location","status":1,"cl_rule":"show","enableCl":false,"relations":[],"toggle":true,"title_tag":"h4","show_title":false,"showPrice":"default","form_id":12242,"form_rules":{"exclude_from_discount":true,"fee_label":"Fee","disp_hide_options_price":true,"disp_show_section_price":false,"disp_show_field_price":true,"layout_option":"standard","pric_use_as_fee":false,"process_fee_as":"woo_fee"},"layout_option":"standard"},"fields":[[{"elementId":"separator_16686cb828427d","separatorType":"blank","className":"","height":"3","enableCl":false,"relations":false,"cl_rule":"show","col":6,"type":"separator","error":false,"gt_translate_keys":[],"price_dependency":false,"cl_dependency":false,"value":""}],[{"active":true,"col":6,"relations":[{"operator":false,"rules":[{"operator":"AND","rules":{"cl_field":"radio-group_565c78ffa81208","cl_relation":"is","cl_val":"3 Hour Trip"}}]}],"cl_rule":"show","enableCl":false,"price":"","enablePrice":false,"className":"","label_position":"default","desc_position":"default","type":"select","required":false,"elementId":"select_86686cb8284287","label":"\u23f0 Departure","name":"select_86686cb8284287","values":[{"label":"09:00","value":"09:00","selected":false,"tempId":"aco_1471","gt_translate_keys":["label"]},{"label":"12:00","value":"12:00","selected":false,"tempId":"aco_1510","gt_translate_keys":["label"]},{"label":"15:00","value":"15:00","selected":false,"tempId":"aco_1738","gt_translate_keys":["label"]}],"dropdown_type":"basic","error":false,"placeholder":"Whichever Time is Best","gt_translate_keys":["label","placeholder"],"price_dependency":false,"cl_dependency":false,"value":""}],[{"elementId":"separator_56686cb8284291","separatorType":"blank","className":"","height":"1","enableCl":false,"relations":false,"cl_rule":"show","col":6,"type":"separator","gt_translate_keys":[],"price_dependency":false,"cl_dependency":false,"value":""}],[{"elementId":"separator_76686cb82842a6","separatorType":"blank","className":"","height":"1","enableCl":false,"relations":false,"cl_rule":"show","col":6,"type":"separator","error":false,"gt_translate_keys":[],"price_dependency":false,"cl_dependency":false,"value":""}],[{"active":true,"col":6,"relations":false,"cl_rule":"show","enableCl":false,"price":"","enablePrice":false,"className":"","label_position":"default","desc_position":"default","type":"text","subtype":"text","required":false,"elementId":"text_06686cb82842af","label":"\ud83d\ude8c Pickup Location","name":"text_06686cb82842af","value":"","error":false,"description":"Pick-up service in some locations. Simply provide your address or hotel name. (+2\u20ac\/person paid at pickup to the driver)","gt_translate_keys":["label","description","value"],"price_dependency":false,"cl_dependency":false}]]}},"config":{"price_override":"always","enable_recaptcha":false,"bind_quantity":false,"quantity_bind_formula":false,"disp_summ_show_option_price":true,"disp_summ_show_product_price":false,"disp_summ_show_total_price":true,"disp_summ_show_fee":true,"disp_summ_show_discount":true,"summary_title":"","options_total_label":"Options Price","total_label":"Total Amount","options_product_label":"Product Price","fee_label":"Fee","discount_label":"Discount","has_price":true,"has_quantity_formula":false},"mc_unit":1,"tax_rate":1,"tax_rate_real":1,"discount":{"percentage":0,"fixed":0},"design":{"conf":{"LabelPosition":"above","DescPosition":"above","UploadField":"custom_1","QuantityFieldStyle":"custom_1"},"css":{"LeftLabelWidth":"120px"}},"formulas":{"fmla_1708364241278155361":"(({field.select_3666b1eb2b11fe.value}>=8)?(1400):(({field.select_3666b1eb2b11fe.value}>=7)?(1225):(({field.select_3666b1eb2b11fe.value}>=6)?(1050):(({field.select_3666b1eb2b11fe.value}>=5)?(875):(({field.select_3666b1eb2b11fe.value}>=4)?(700):(({field.select_3666b1eb2b11fe.value}>=3)?(500):(0)))))))","fmla_1718295979528641619":"(({field.select_3666b1eb2b11fe.value}>=8)?(280):(({field.select_3666b1eb2b11fe.value}>=7)?(205):(({field.select_3666b1eb2b11fe.value}>=6)?(150):(({field.select_3666b1eb2b11fe.value}>=5)?(175):(({field.select_3666b1eb2b11fe.value}>=4)?(200):(({field.select_3666b1eb2b11fe.value}>=3)?(150):(0)))))))"},"lookuptables":[],"clones":false,"cartKey":false}},"_links":{"self":[{"href":"https:\/\/canaryvip.com\/et\/wp-json\/wp\/v2\/product\/12210","targetHints":{"allow":["GET"]}}],"collection":[{"href":"https:\/\/canaryvip.com\/et\/wp-json\/wp\/v2\/product"}],"about":[{"href":"https:\/\/canaryvip.com\/et\/wp-json\/wp\/v2\/types\/product"}],"replies":[{"embeddable":true,"href":"https:\/\/canaryvip.com\/et\/wp-json\/wp\/v2\/comments?post=12210"}],"wp:featuredmedia":[{"embeddable":true,"href":"https:\/\/canaryvip.com\/et\/wp-json\/wp\/v2\/media\/12212"}],"wp:attachment":[{"href":"https:\/\/canaryvip.com\/et\/wp-json\/wp\/v2\/media?parent=12210"}],"wp:term":[{"taxonomy":"product_brand","embeddable":true,"href":"https:\/\/canaryvip.com\/et\/wp-json\/wp\/v2\/product_brand?post=12210"},{"taxonomy":"product_cat","embeddable":true,"href":"https:\/\/canaryvip.com\/et\/wp-json\/wp\/v2\/product_cat?post=12210"},{"taxonomy":"product_tag","embeddable":true,"href":"https:\/\/canaryvip.com\/et\/wp-json\/wp\/v2\/product_tag?post=12210"}],"curies":[{"name":"wp","href":"https:\/\/api.w.org\/{rel}","templated":true}]}}