{"id":12147,"date":"2024-07-01T09:53:41","date_gmt":"2024-07-01T08:53:41","guid":{"rendered":"https:\/\/canaryvip.com\/?post_type=product&#038;p=12147"},"modified":"2025-08-09T14:07:45","modified_gmt":"2025-08-09T13:07:45","slug":"siam-night","status":"publish","type":"product","link":"https:\/\/canaryvip.com\/et\/shop\/siam-night\/","title":{"rendered":"Osta Siami \u00f6\u00f6 pileteid"},"content":{"rendered":"<h2>\ud83c\udf0c <strong>Siami \u00f6\u00f6: Sukelduge \u00fclimale \u00f6isele veeseiklusele!<\/strong><\/h2>\n<ul>\n<li><strong>Suve\u00f5htud (2. juuli - 31. august):<\/strong> Alates 20:00 kuni 00:00. Teisip\u00e4evast laup\u00e4evani.<\/li>\n<li><strong>Unustamatud \u00f5htud:<\/strong> Kogege Siam Park-d nagu kunagi varem p\u00f5nevate s\u00f5itude ja maagilise atmosf\u00e4\u00e4riga.<\/li>\n<\/ul>\n<p>\ud83d\udccd <strong>Asukoht:<\/strong> Asub Costa Adeje s\u00fcdames, L\u00f5una-Tenerifel. Leidke meid h\u00f5lpsasti aadressil <a href=\"https:\/\/maps.app.goo.gl\/UfftQG3CrqW5R81r9\" target=\"_blank\" rel=\"noopener\">Google Maps<\/a>.<\/p>\n<p>\ud83c\udf92 <strong>Pakkige l\u00f5busa \u00f5htu jaoks:<\/strong> V\u00f5ta kaasa ujumisriided, r\u00e4tik ja kerge jope s\u00f5iduj\u00e4rgsete k\u00fclmav\u00e4rinate jaoks. Riietusruumid on saadaval vaid 10\u20ac eest.<\/p>\n<p>\ud83d\udca7 <strong>J\u00e4\u00e4ge mugavaks:<\/strong> Vesi on kuumutatud 24\u00baC-ni, mis sobib ideaalselt \u00f6iseks pritsimiseks.<\/p>\n<p>\ud83c\udfab <strong>Paindlikud piletid:<\/strong> Teie Siam Night pilet kehtib igal p\u00e4eval \u00fcrituse ajal. Broneerige piletid CanaryVIP kaudu, et saada parimad hinnad ja lihtne juurdep\u00e4\u00e4s.<\/p>\n<p>\ud83c\udf1f <strong>Broneeri koos CanaryVIP:<\/strong> Kindlustage oma piletid v\u00f5itmatu hinnaga. T\u00e4iskasvanud 45\u20ac, lapsed (3-11 aastat) 32\u20ac. V\u00e4ikelapsed p\u00e4\u00e4sevad tasuta!<\/p>\n<ul>\n<li><strong>Parima hinna garantii:<\/strong> Saate parima pakkumise, tehes broneeringu CanaryVIP kaudu.<\/li>\n<li><strong>Varajase lindi eelis:<\/strong> V\u00e4ltige hinnat\u00f5usu, tehes broneeringu kohe.<\/li>\n<li><strong>Paindlik t\u00fchistamine:<\/strong> T\u00fchistage kuni 48 tundi enne k\u00fclastust, et saada t\u00e4ielik h\u00fcvitis.<\/li>\n<\/ul>\n<p>\ud83d\udd25 <strong>\u00c4ra j\u00e4ta vahele: CanaryVIP.com-i eripakkumiste jaoks broneerige kohe!<\/strong> Valmistu unustamatuks \u00f5htuks Siam Park koos CanaryVIP-ga. Sukeldu tulede, muusika ja vees\u00f5itude maailma!<\/p>\n<h3>\ud83d\udc6f <strong>Kaksikpiletite eripakkumine: Loro Parque + Siam Park<\/strong><\/h3>\n<p>\u00dchendage oma seiklused meie eksklusiivse <a href=\"https:\/\/canaryvip.com\/et\/shop\/twin-ticket-siam-park-and-loro-parque\/\">Kaksikpileti pakkumine<\/a>!<\/p>\n<p>Kogege nii p\u00f5nevat Siam Park kui ka lummavat Loro Parque soodushinnaga.<\/p>\n<ul>\n<li><strong>Topelt l\u00f5bu:<\/strong> \u00dcks pilet, kaks imelist parki.<\/li>\n<li><strong>S\u00e4\u00e4sta rohkem:<\/strong> Nautige m\u00f5lemat atraktsiooni madalama kombineeritud hinnaga.<\/li>\n<li><strong>\u00d5mblusteta kogemus:<\/strong> \u00dcks ost kahe unustamatu elamuse eest.<\/li>\n<\/ul>\n<p><a href=\"https:\/\/canaryvip.com\/et\/shop\/twin-ticket-siam-park-and-loro-parque\/\" target=\"_new\" rel=\"noopener\">Vajuta siia, et rohkem teada saada ja s\u00e4\u00e4sta meie kaksikpiletipakkumisega!<\/a><\/p>\n<h3>\ud83c\udf9f\ufe0f <strong>Miks valida CanaryVIP Siam Parki piletid?<\/strong><\/h3>\n<ul>\n<li><strong>Mugav broneerimine:<\/strong> Kindlustage piletid ja transport korraga.<\/li>\n<li><strong>Eksklusiivsed pakkumised:<\/strong> Juurdep\u00e4\u00e4s pakkumistele, mis ei ole mujal saadaval.<\/li>\n<li><strong>Spetsiaalne tugi:<\/strong> Meie meeskond on siin, et aidata mis tahes k\u00fcsimuste v\u00f5i muudatuste korral.<\/li>\n<\/ul>\n<p><strong>\ud83d\udd17 Avasta Siam Park mugavuse ja lihtsusega!<\/strong><br \/>\nCanaryVIP on p\u00fchendunud sellele, et muuta teie Siam Park k\u00fclastamine v\u00f5imalikult nauditavaks ja probleemivabaks. Alates mugavatest transfeeridest kuni eksklusiivsete piletipakkumisteni, oleme teid katnud. Valmistuge koos CanaryVIPga erakordseks \u00f5htuks Siam Parks!<\/p>\n<h3>\ud83c\udf1f <strong>Kogemused Siami \u00f6\u00f6 - KKK<\/strong><\/h3>\n<ul>\n<li><strong>T\u00f6\u00f6aeg:<\/strong> Alates 20:00 kuni 00:00. Teisip\u00e4evast laup\u00e4evani (2. juuli - 31. august).<\/li>\n<li><strong>Piletihinnad:<\/strong> 45\u20ac t\u00e4iskasvanutele, 32\u20ac lastele (vanuses 3-11).<\/li>\n<li><strong>Lapse vastuv\u00f5tmine:<\/strong> Jah, kuid alla 16-aastased lapsed peavad olema koos t\u00e4iskasvanuga.<\/li>\n<li><strong>K\u00f5ik atraktsioonid avatud:<\/strong> K\u00f5ik suuremad atraktsioonid, v\u00e4lja arvatud v\u00e4iksematele lastele m\u00f5eldud atraktsioonid.<\/li>\n<li><strong>Temperatuur:<\/strong> Vesi on kuumutatud 24\u00baC, kuid v\u00f5tke kaasa jope p\u00e4rast s\u00f5itu.<\/li>\n<li><strong>Atmosf\u00e4\u00e4r:<\/strong> Elav DJ-muusika, mis sobib ideaalselt s\u00f5pruskondadele.<\/li>\n<li><strong>T\u00fchistamispoliitika:<\/strong> Tasuta t\u00fchistamine kuni 72 tundi enne k\u00fclastust.<\/li>\n<\/ul>\n<p>Ole valmis p\u00f5nevaks \u00f5htuks t\u00e4htede all Siam Park koos CanaryVIP-ga!<\/p>","protected":false},"excerpt":{"rendered":"<p><strong>\ud83d\udd0d Siami pargi sissep\u00e4\u00e4supassid:<\/strong><br \/>\n\u2705 Turvaline makse.<br \/>\n\ud83d\udd59 Avatud kell 20:00 kuni 00:00.<br \/>\n\ud83c\udf05 Ainult suvel.<br \/>\n\ud83d\udca6 24\u00baC-ni kuumutatud vesi.<br \/>\n\ud83c\udf0a Juurdep\u00e4\u00e4s k\u00f5igile p\u00f5nevatele s\u00f5itudele.<br \/>\n\ud83d\udcaf Euroopa parim veepark.<br \/>\n\ud83e\udd11 Parim hind garanteeritud.<br \/>\n\ud83d\udc6a Grupibroneeringute allahindlused.<br \/>\n\ud83d\udd01 Kuni 72h t\u00fchistamine.<br \/>\n\ud83c\udf0d Toetus mitmes keeles.<br \/>\n\ud83c\udf1f Broneeri kohe ja s\u00e4\u00e4sta!<br \/>\n2\ufe0f\u20e3 Kontrollige pakkumist <a href=\"https:\/\/canaryvip.com\/et\/shop\/twin-ticket-siam-park-and-loro-parque\/\">Siam + Loro Parque<\/a>.<br \/>\n\ud83d\udc32 Avasta <a href=\"https:\/\/canaryvip.com\/et\/tenerife\/theme-parks\/siam-park-tickets\/\">k\u00f5ik Siam Parki piletid siin<\/a>!<br \/>\n\ud83d\udccd Leia <a href=\"https:\/\/maps.app.goo.gl\/UfftQG3CrqW5R81r9\">Siami park Google Mapsis<\/a>!<\/p>","protected":false},"featured_media":12151,"comment_status":"open","ping_status":"closed","template":"","meta":{"_acf_changed":false},"product_brand":[],"product_cat":[54,55],"product_tag":[],"class_list":{"0":"post-12147","1":"product","2":"type-product","3":"status-publish","4":"has-post-thumbnail","6":"product_cat-theme-parks","7":"product_cat-siam-park-tickets","8":"wcpa_has_options","10":"first","11":"instock","12":"virtual","13":"purchasable","14":"product-type-simple"},"acf":[],"wcpa_form_fields":{"wcpaData":{"product":{"product_price":48,"price_html":"From&nbsp;<span class=\"woocommerce-Price-amount amount\"><bdi>48,00&nbsp;<span class=\"woocommerce-Price-currencySymbol\">&euro;<\/span><\/bdi><\/span>","original_product_price":48,"price_including_tax":48,"price_excluding_tax":48,"product_id":{"parent":12147,"variation":false},"is_variable":false,"stock_status":"instock","stock_quantity":null,"parent_sku":"CV12147","product_attributes":[],"custom_fields":[],"is_taxable":false,"product_name":"Buy Siam Night Tickets","hasImage":false},"fields":{"sec_1066827b72b689a":{"extra":{"key":"sec_1066827b72b689a","section_id":"sec_1066827b72b689a","name":"Default","status":1,"cl_rule":"show","enableCl":false,"relations":[],"toggle":true,"title_tag":"h3","show_title":false,"showPrice":"default","form_id":12152,"form_rules":{"exclude_from_discount":true,"fee_label":"Fee","disp_hide_options_price":true,"disp_show_section_price":false,"disp_show_field_price":true,"layout_option":"standard","pric_use_as_fee":false,"process_fee_as":"woo_fee"},"layout_option":"standard"},"fields":[[{"label":"\ud83d\udcc5 Date","active":true,"required":true,"elementId":"date_066827b72b68b9","picker_type":"custom","picker_mode":"single","placeholder":"","description":"","tooltip":"","name":"date_066827b72b68b9","label_position":"default","desc_position":"default","enablePrice":false,"className":"","enableCl":false,"relations":[{"operator":"and","rules":[{"operator":"AND","rules":{"cl_field":"radio-group_666827b72b68c8","cl_relation":"is","cl_val":"3 Hour Trip"}}]}],"date_pic_inline":true,"date_pic_inline_hide":true,"min_date":{"type":"date","val":"2025-07-01"},"max_date":{"type":"date","val":"2025-08-31"},"date_pic_conf":{"disabledWeeks":[1,0],"enabledDates":[]},"price":"","cl_rule":"show","col":6,"type":"date","error":false,"enableDesign":false,"LabelColor":"","gt_translate_keys":["label","placeholder","description","tooltip"],"price_dependency":false,"cl_dependency":false,"value":""}]]},"sec_166827b72b68c9":{"extra":{"key":"sec_166827b72b68c9","section_id":"sec_166827b72b68c9","name":"Siam Park Regular Tickets","status":1,"cl_rule":"show","enableCl":false,"relations":[{"operator":false,"rules":[{"operator":"AND","rules":{"cl_field":"radio-group_666827b72b68c8","cl_relation":"is","cl_val":"Siam Park Regular Tickets"}}]}],"toggle":true,"title_tag":"h4","show_title":false,"showPrice":"default","layout_option":"standard","form_id":12152,"form_rules":{"exclude_from_discount":true,"fee_label":"Fee","disp_hide_options_price":true,"disp_show_section_price":false,"disp_show_field_price":true,"layout_option":"standard","pric_use_as_fee":false,"process_fee_as":"woo_fee"}},"fields":[[{"elementId":"separator_266827b72b68d5","separatorType":"blank","className":"","height":"10","enableCl":false,"relations":false,"cl_rule":"show","col":6,"type":"separator","gt_translate_keys":[],"price_dependency":false,"cl_dependency":false,"value":""}],[{"active":true,"col":6,"relations":false,"cl_rule":"show","enableCl":false,"price":"","enablePrice":false,"className":"","label_position":"default","desc_position":"default","type":"content","required":false,"elementId":"content_166827b72b68e0","label":"People","name":"content_166827b72b68e0","contentType":"plain","value":"","error":false,"show_in_checkout":true,"inline":false,"gt_translate_keys":["label","value"],"price_dependency":false,"cl_dependency":false}],[{"label":"","active":true,"required":false,"elementId":"radio-group_366827b72b68f5","name":"radio-group_366827b72b68f5","label_position":"default","desc_position":"default","enablePrice":true,"className":"","enableCl":false,"relations":[{"operator":false,"rules":[{"operator":"or","rules":{"cl_field":"date_066827b72b68b9","cl_relation":"month_is","cl_val":[1,2,3,4,5,6,10,11,12,9]}},{"operator":"AND","rules":{"cl_field":"date_066827b72b68b9","cl_relation":"is_empty","cl_val":""}}]}],"enable_quantity":true,"quantity_label":"","min_quantity":"0","checkUi":"button","layOut":"","options_tooltip":true,"options_description":true,"values":[{"label":"\ud83d\udc64 Adult (48\u20ac)","value":"Adult","selected":true,"tempId":"aco_32","tooltip":"+12 Years","description":"","gt_translate_keys":["label","tooltip","description"]}],"priceOptions":"fixed_for_all","pricingType":"fixed","price":"48","cl_rule":"hide","col":6,"type":"radio-group","error":false,"gt_translate_keys":["label","quantity_label"],"price_dependency":false,"cl_dependency":false,"value":""}],[{"label":"","active":true,"required":false,"elementId":"radio-group_166827b72b690a","name":"radio-group_166827b72b690a","label_position":"default","desc_position":"default","enablePrice":true,"className":"","enableCl":false,"relations":[{"operator":false,"rules":[{"operator":"or","rules":{"cl_field":"date_066827b72b68b9","cl_relation":"month_is","cl_val":[1,2,3,4,5,6,9,10,11,12]}},{"operator":"AND","rules":{"cl_field":"date_066827b72b68b9","cl_relation":"is_empty","cl_val":""}}]}],"enable_quantity":true,"quantity_label":"","min_quantity":"0","checkUi":"button","layOut":"","options_tooltip":true,"options_description":true,"values":[{"label":"\ud83d\udc66 Child (36\u20ac)","value":"Child","selected":true,"tempId":"aco_32","tooltip":"2-11 Years","description":"","gt_translate_keys":["label","tooltip","description"]}],"priceOptions":"fixed_for_all","pricingType":"fixed","price":"36","cl_rule":"hide","col":6,"type":"radio-group","error":false,"gt_translate_keys":["label","quantity_label"],"price_dependency":false,"cl_dependency":false,"value":""}],[{"label":"","active":true,"required":false,"elementId":"radio-group_866827b72b6914","name":"radio-group_866827b72b6914","label_position":"default","desc_position":"default","enablePrice":true,"className":"","enableCl":false,"relations":false,"enable_quantity":true,"quantity_label":"","min_quantity":"0","checkUi":"button","layOut":"","values":[{"label":"\ud83d\udc76 Infant (Free)","value":"Infant (Free)","selected":true,"tempId":"aco_32","tooltip":"0-1 Years","gt_translate_keys":["label","tooltip"]}],"priceOptions":"fixed_for_all","pricingType":"fixed","price":"0","cl_rule":"show","col":6,"type":"radio-group","error":false,"options_tooltip":true,"gt_translate_keys":["label","quantity_label"],"price_dependency":false,"cl_dependency":false,"value":""}]]}},"config":{"price_override":"always","enable_recaptcha":false,"bind_quantity":false,"quantity_bind_formula":false,"disp_summ_show_option_price":true,"disp_summ_show_product_price":false,"disp_summ_show_total_price":true,"disp_summ_show_fee":true,"disp_summ_show_discount":true,"summary_title":"","options_total_label":"Options Price","total_label":"Total Amount","options_product_label":"Product Price","fee_label":"Fee","discount_label":"Discount","has_price":true,"has_quantity_formula":false},"mc_unit":1,"tax_rate":1,"tax_rate_real":1,"discount":{"percentage":0,"fixed":0},"design":{"conf":{"LabelPosition":"above","DescPosition":"above","UploadField":"custom_1","QuantityFieldStyle":"custom_1"},"css":{"LeftLabelWidth":"120px"}},"formulas":[],"lookuptables":[],"clones":false,"cartKey":false}},"_links":{"self":[{"href":"https:\/\/canaryvip.com\/et\/wp-json\/wp\/v2\/product\/12147","targetHints":{"allow":["GET"]}}],"collection":[{"href":"https:\/\/canaryvip.com\/et\/wp-json\/wp\/v2\/product"}],"about":[{"href":"https:\/\/canaryvip.com\/et\/wp-json\/wp\/v2\/types\/product"}],"replies":[{"embeddable":true,"href":"https:\/\/canaryvip.com\/et\/wp-json\/wp\/v2\/comments?post=12147"}],"wp:featuredmedia":[{"embeddable":true,"href":"https:\/\/canaryvip.com\/et\/wp-json\/wp\/v2\/media\/12151"}],"wp:attachment":[{"href":"https:\/\/canaryvip.com\/et\/wp-json\/wp\/v2\/media?parent=12147"}],"wp:term":[{"taxonomy":"product_brand","embeddable":true,"href":"https:\/\/canaryvip.com\/et\/wp-json\/wp\/v2\/product_brand?post=12147"},{"taxonomy":"product_cat","embeddable":true,"href":"https:\/\/canaryvip.com\/et\/wp-json\/wp\/v2\/product_cat?post=12147"},{"taxonomy":"product_tag","embeddable":true,"href":"https:\/\/canaryvip.com\/et\/wp-json\/wp\/v2\/product_tag?post=12147"}],"curies":[{"name":"wp","href":"https:\/\/api.w.org\/{rel}","templated":true}]}}