{"id":11971,"date":"2024-06-22T22:45:14","date_gmt":"2024-06-22T21:45:14","guid":{"rendered":"https:\/\/canaryvip.com\/?post_type=product&#038;p=11971"},"modified":"2025-08-09T14:04:29","modified_gmt":"2025-08-09T13:04:29","slug":"silvia-yacht-charter-gran-canaria","status":"publish","type":"product","link":"https:\/\/canaryvip.com\/et\/shop\/silvia-yacht-charter-gran-canaria\/","title":{"rendered":"Silvia: Jahi tellimuslennud<br\/>Gran Canaria"},"content":{"rendered":"<h2>\ud83d\udee5\ufe0f Silvia Jahirent Gran Canaria koos CanaryVIP-ga<\/h2>\n<p>Avastage Kanaari saarte maagiat laevaga <strong>Silvia Jahirent<\/strong>, eksklusiivne ja luksuslik viis Gran Canaria uimastava ranniku avastamiseks. Selles elegantses majutusasutuses on ruumi kuni 8-le k\u00fclalisele. <strong>erapaadi rentimine Gran Canarial<\/strong> pakub ideaalset p\u00f5genemist v\u00e4ikestele gruppidele, kes otsivad l\u00f5\u00f5gastust, seiklusi ja unustamatuid m\u00e4lestusi.<\/p>\n<p>Meie CanaryVIP-s teeme selle nautimise lihtsaks. <strong>rentida jaht Gran Canaria<\/strong> kogemust sujuv broneerimisprotsess ja erakordne teenindus.<\/p>\n<h3>\u2b50\ufe0f Miks valida Silvia Jahirent Gran Canarial<\/h3>\n<p>Siin on p\u00f5hjus, miks <strong>Silvia Jahirent<\/strong> on \u00fcks teie j\u00e4rgmise seikluse tippvalikutest:<\/p>\n<h4><strong>Privaatne ja eksklusiivne kogemus<\/strong><\/h4>\n<p>See privaatne jaht mahutab kokku 8 inimest ja sobib ideaalselt intiimsete koosviibimiste korraldamiseks, olgu selleks siis perekondlik v\u00e4ljas\u00f5it, romantiline p\u00f5genemine v\u00f5i eriline pidu.<\/p>\n<h4><strong>Mugavus ja rafineeritus<\/strong><\/h4>\n<p>L\u00f5\u00f5gastuge 13-meetrisel avaral jahil, mille sisustus on h\u00e4sti hooldatud ja elegantne. Nautige panoraamvaateid salongist, l\u00f5\u00f5gastuge tekil v\u00f5i nautige p\u00e4ikest Gran Canaria ranniku hingematva ilu keskel.<\/p>\n<h4><strong>P\u00f5nevad veetegevused<\/strong><\/h4>\n<p>Teie <strong>paadi rentimine Gran Canarial<\/strong> on palju v\u00f5imalusi, et teid meelelahutust pakkuda:<\/p>\n<ul>\n<li><strong>\ud83e\udd3f Snorkeldamisvarustus:<\/strong> Avasta veealune maailm koos kaasasoleva maski ja uimedega.<\/li>\n<li><strong>\ud83c\udf4c Banaanipaadiga s\u00f5it:<\/strong> Lisage oma p\u00e4evale p\u00f5nevust tasuta banaanipaatide ekskursiooniga.<\/li>\n<li><strong>\ud83c\udfc4\u200d\u2640\ufe0f Paddle Board kasutamine:<\/strong> Proovige stand-up paddleboarding'i, et nautida rahulikke veekogusid l\u00f5busalt ja l\u00f5\u00f5gastavalt.<\/li>\n<li>T\u00e4ielikuks seikluseks on saadaval ka soodustused t\u00e4iendavatele veespordialadele.<\/li>\n<\/ul>\n<h3>\ud83d\udea4 Silvia jaht reisiv\u00f5imalused<\/h3>\n<p>Valige kahe reisi kestuse vahel, mis vastavad teie ajakavale ja eelistustele:<\/p>\n<ul>\n<li><strong>3-tunnine eralennuk:<\/strong> L\u00fchike, kuid luksuslik puhkus, kus on piisavalt aega ujumiseks, snorgeldamiseks ja l\u00f5\u00f5gastumiseks.\n<ul>\n<li>V\u00e4ljumise ajad: 09:00-12:00, 12:00-15:00 v\u00f5i 15:00-18:00.<\/li>\n<\/ul>\n<\/li>\n<li><strong>6-tunnine privaatne tellimuslend:<\/strong> Pikem reis, et t\u00e4ielikult sisse elada Gran Canaria looduse ilu.\n<ul>\n<li>V\u00e4ljumise ajad: 09:00-15:00, 12:00-18:00 v\u00f5i 15:00-21:00 (ainult suvehooajal).<\/li>\n<\/ul>\n<\/li>\n<\/ul>\n<h3>\ud83e\udd42 Mida sisaldab teie Jahi tellimuslend \ud83e\udd42 Mida sisaldab teie Jahi tellimuslend<\/h3>\n<p>Teie <strong>rentida jaht Gran Canaria<\/strong> kogemus sisaldab k\u00f5ike, mida vajate meeldej\u00e4\u00e4vaks p\u00e4evaks merel:<\/p>\n<ul>\n<li>Suupisted nagu kr\u00f5psud ja p\u00e4hklid.<\/li>\n<li>Joogid avatud baarist, sealhulgas \u00f5lu, karastusjoogid ja vesi.<\/li>\n<li>Snorgeldamisvarustus, aerupaatide kasutamine ja tasuta banaanipaadis\u00f5it.<\/li>\n<li>Transport Gran Canaria l\u00f5unaosas asuvatesse hotellidesse ja hotellidest (soovi korral).<\/li>\n<li>Kindlustus teie meelerahu tagamiseks.<\/li>\n<li>Valikuline l\u00f5unas\u00f6\u00f6k (10 \u20ac inimese kohta, k\u00fcsige broneerimisel).<\/li>\n<\/ul>\n<h3>\ud83d\udccd Lahkumise \u00fcksikasjad<\/h3>\n<ul>\n<li><strong>Asukoht:<\/strong> <a href=\"https:\/\/maps.app.goo.gl\/Xhe545W98um3rx6W8\" target=\"_blank\" rel=\"noopener\">Puerto de Mog\u00e1n<\/a>, Gran Canaria.<\/li>\n<li><strong>Transport:<\/strong> Lisamugavuse tagamiseks on saadaval valikuline pealev\u00f5tmise teenus.<\/li>\n<li><strong>Times:<\/strong> Mitu v\u00e4ljas\u00f5itu p\u00e4evas, et sobida teie ajakavaga.<\/li>\n<\/ul>\n<h3>\u2705 L\u00e4bipaistev t\u00fchistamispoliitika<\/h3>\n<p>Me seame teie meelerahu prioriteediks selgete ja paindlike t\u00fchistamisp\u00f5him\u00f5tete abil:<\/p>\n<ul>\n<li><strong>Ilmaga seotud garantii:<\/strong> Ebakindla ilma korral saate ajakava \u00fcmber teha v\u00f5i raha t\u00e4ies ulatuses tagasi saada.<\/li>\n<li><strong>Paindlik t\u00fchistamine:<\/strong> T\u00fchista v\u00f5i pane \u00fcmber kuni 8 p\u00e4eva enne reisi tasuta. Ettemaksu ei tagastata, kui t\u00fchistamine toimub 8 p\u00e4eva jooksul enne reisi algust.<\/li>\n<\/ul>\n<h3>\ud83d\udc68\u200d\u2708\ufe0f N\u00e4pun\u00e4iteid Silvia jahtide seiklusteks<\/h3>\n<p>Maksimeeri oma p\u00e4ev merel nende n\u00f5uannete abil:<\/p>\n<ul>\n<li>V\u00f5ta kaasa ujumisriided, r\u00e4tik ja p\u00e4ikesekaitsekreem.<\/li>\n<li>Kandke mugavat ja ilmastikule sobivat riietust.<\/li>\n<li>Hoidke oma CanaryVIP pilet valmis, kas telefonis v\u00f5i v\u00e4ljatr\u00fckituna.<\/li>\n<li>S\u00f6\u00f6ge eelnevalt kerget s\u00f6\u00f6ki, et v\u00e4ltida merehaigust.<\/li>\n<\/ul>\n<h3>\ud83c\udf1f Miks broneerida CanaryVIP-ga?<\/h3>\n<p>CanaryVIP-s oleme kirglikud looma unustamatuid elamusi vee peal. Kas te otsite <strong>luksusjaht Gran Canarial<\/strong> v\u00f5i l\u00f5busat seiklust, pakume parimat <a href=\"https:\/\/canaryvip.com\/et\/shop\/magic-island-yacht-charter-gran-canaria\/\"><strong>paadi rentimine Gran Canarial<\/strong><\/a> v\u00f5imalusi, mis on kohandatud teie vajadustele.<\/p>\n<p>Broneerige oma <strong>Silvia Jahirent<\/strong> t\u00e4na ja alustage l\u00f5\u00f5gastumise, seikluste ja hingematvate vaadete teekonda.<\/p>\n<p>\ud83d\udc49 <a href=\"https:\/\/canaryvip.com\/et\/\" target=\"_new\" rel=\"noopener\"><span>Reserv<\/span><span> N\u00fc\u00fcd<\/span><\/a> ja t\u00f5stke oma puhkuseelamust!<\/p>","protected":false},"excerpt":{"rendered":"<p><strong>\ud83d\udd0d Magic Island Gran Canaria:<\/strong><br \/>\n\u2705 Turvaline makse.<br \/>\n\ud83d\udd10 Eramatkad.<br \/>\n\ud83d\udee5\ufe0f 13m Yacht Comfort.<br \/>\n\u23f3 3H ja 6H igap\u00e4evased ekskursioonid.<br \/>\n\ud83d\udd59 Erinevad v\u00e4ljumisajad.<br \/>\n\ud83d\udc65 Kuni 12 k\u00fclalist.<br \/>\n\ud83e\udd3f Snorkelivarustus on ette n\u00e4htud.<br \/>\n\ud83d\ude8c Vastuv\u00f5tmine ja v\u00e4ljaviimine.<br \/>\n\ud83e\udd11 Parim hind garanteeritud.<br \/>\n\ud83d\udc6a Allahindlused aktiveeritud.<br \/>\n\ud83d\udd01 Kuni 8-p\u00e4evane t\u00fchistamine.<br \/>\n\ud83c\udf0d Mitmekeelne meeskond.<br \/>\n\ud83c\udf1f Broneeri varakult ja s\u00e4\u00e4sta!<br \/>\n\ud83d\udccd Lahkumine <a href=\"https:\/\/maps.app.goo.gl\/4TJkgAg6UBpnsyhm9\">Puerto de Mog\u00e1n<\/a>.<\/p>","protected":false},"featured_media":12219,"comment_status":"open","ping_status":"closed","template":"","meta":{"_acf_changed":false},"product_brand":[],"product_cat":[132],"product_tag":[],"class_list":{"0":"post-11971","1":"product","2":"type-product","3":"status-publish","4":"has-post-thumbnail","6":"product_cat-boat-hire-gran-canaria","7":"wcpa_has_options","9":"first","10":"instock","11":"virtual","12":"purchasable","13":"product-type-simple"},"acf":[],"wcpa_form_fields":{"wcpaData":{"product":{"product_price":450,"price_html":"From&nbsp;<span class=\"woocommerce-Price-amount amount\"><bdi>450,00&nbsp;<span class=\"woocommerce-Price-currencySymbol\">&euro;<\/span><\/bdi><\/span>","original_product_price":450,"price_including_tax":450,"price_excluding_tax":450,"product_id":{"parent":11971,"variation":false},"is_variable":false,"stock_status":"instock","stock_quantity":null,"parent_sku":"CV11971","product_attributes":[],"custom_fields":[],"is_taxable":false,"product_name":"Silvia: Yacht Charter<br\/>Gran Canaria","hasImage":false},"fields":{"sec_26687d4f04b1a4":{"extra":{"key":"sec_26687d4f04b1a4","section_id":"sec_26687d4f04b1a4","name":"Default","status":1,"cl_rule":"show","enableCl":false,"relations":[],"toggle":true,"title_tag":"h3","show_title":false,"showPrice":"default","form_id":12255,"form_rules":{"exclude_from_discount":true,"fee_label":"Fee","disp_hide_options_price":true,"disp_show_section_price":false,"disp_show_field_price":true,"layout_option":"standard","pric_use_as_fee":false,"process_fee_as":"woo_fee"},"layout_option":"standard"},"fields":[[{"label":"\ud83d\udcc5 Date","active":true,"required":true,"elementId":"date_106687d4f04b1c4","picker_type":"custom","picker_mode":"single","placeholder":"","description":"","tooltip":"","name":"date_106687d4f04b1c4","label_position":"default","desc_position":"default","enablePrice":false,"className":"","enableCl":false,"relations":[{"operator":"and","rules":[{"operator":"AND","rules":{"cl_field":"radio-group_565c78ffa81208","cl_relation":"is","cl_val":"3 Hour Trip"}}]}],"date_pic_inline":true,"date_pic_inline_hide":true,"min_date":{"type":"days","val":"2"},"max_date":{"type":"days","val":"365"},"date_pic_conf":{"disabledWeeks":[]},"price":"","cl_rule":"show","col":6,"type":"date","error":false,"enableDesign":false,"LabelColor":"","gt_translate_keys":["label","placeholder","description","tooltip"],"price_dependency":false,"cl_dependency":false,"value":""}],[{"elementId":"separator_76687d4f04b1e0","separatorType":"blank","className":"","height":"3","enableCl":false,"relations":false,"cl_rule":"show","col":6,"type":"separator","error":false,"gt_translate_keys":[],"price_dependency":false,"cl_dependency":false,"value":""}],[{"active":true,"col":6,"relations":false,"cl_rule":"show","enableCl":false,"price":"","enablePrice":true,"className":"","label_position":"default","desc_position":"default","type":"select","required":true,"elementId":"select_96687d4f04b1ea","label":"\u23f3 Trip Duration","name":"select_96687d4f04b1ea","values":[{"label":"3 Hours (450\u20ac)","value":"3","selected":false,"tempId":"aco_556","price":"450","gt_translate_keys":["label"]},{"label":"6 Hours (800\u20ac)","value":"6","selected":false,"tempId":"aco_122","price":"800","gt_translate_keys":["label"]}],"dropdown_type":"basic","error":false,"placeholder":"Select Trip Duration","priceOptions":"different_for_all","pricingType":"fixed","is_show_price":false,"gt_translate_keys":["label","placeholder"],"price_dependency":false,"cl_dependency":false,"value":""}],[{"label":"\u2705 Number of People","active":true,"required":true,"elementId":"select_86687d4f04b1f4","dropdown_type":"basic","placeholder":"Select Number of People","name":"select_86687d4f04b1f4","label_position":"default","desc_position":"default","enablePrice":false,"className":"","enableCl":false,"relations":[{"operator":false,"rules":[{"operator":"AND","rules":{"cl_field":"radio-group_565c78ffa81208","cl_relation":"is","cl_val":"3 Hour Trip"}}]}],"values":[{"label":"1 person","value":"1","selected":false,"tempId":"aco_1471","price":"0","gt_translate_keys":["label"]},{"label":"2 people","value":"2","selected":false,"tempId":"aco_1472","price":"0","gt_translate_keys":["label"]},{"label":"3 people","value":"3","selected":false,"tempId":"aco_1500","price":"0","gt_translate_keys":["label"]},{"label":"4 people","value":"4","selected":false,"tempId":"aco_1510","price":"0","gt_translate_keys":["label"]},{"label":"5 people","value":"5","selected":false,"tempId":"aco_1520","price":"0","gt_translate_keys":["label"]},{"label":"6 people","value":"6","selected":false,"tempId":"aco_1728","price":"0","gt_translate_keys":["label"]},{"label":"7 people","value":"7","selected":false,"tempId":"aco_1738","price":"0","gt_translate_keys":["label"]},{"label":"8 people","value":"8","selected":false,"tempId":"aco_1748","price":"0","gt_translate_keys":["label"]}],"price":"","cl_rule":"show","col":6,"type":"select","error":false,"priceOptions":"different_for_all","pricingType":"fixed","is_show_price":false,"gt_translate_keys":["label","placeholder"],"price_dependency":["select_86687d4f04b1fe"],"cl_dependency":false,"value":""}],[{"active":true,"col":6,"relations":false,"cl_rule":"show","enableCl":false,"price":"","enablePrice":true,"className":"","label_position":"default","desc_position":"default","type":"select","required":false,"elementId":"select_86687d4f04b1fe","label":"\ud83c\udf57 Meal (+10\u20ac\/person)","name":"select_86687d4f04b1fe","values":[{"label":"No","value":"No","selected":false,"tempId":"aco_2562","price":"","gt_translate_keys":["label"]},{"label":"Yes (+10\u20ac\/person)","value":"Yes","selected":false,"tempId":"aco_2563","price":"{field.select_86687d4f04b1f4.value}*10","gt_translate_keys":["label"]}],"dropdown_type":"basic","error":false,"description":"Snacks and drinks are included. If you want an extra meal, please select this option. The meal is marinated chicken with mojo potatoes and coleslaw.","priceOptions":"different_for_all","pricingType":"custom","isTemplate":false,"is_show_price":true,"gt_translate_keys":["label","description"],"price_dependency":false,"cl_dependency":false,"value":""}]]},"sec_106687d4f04b227":{"extra":{"key":"sec_106687d4f04b227","section_id":"sec_106687d4f04b227","name":"Pickup Location","status":1,"cl_rule":"show","enableCl":false,"relations":[],"toggle":true,"title_tag":"h4","show_title":false,"showPrice":"default","form_id":12255,"form_rules":{"exclude_from_discount":true,"fee_label":"Fee","disp_hide_options_price":true,"disp_show_section_price":false,"disp_show_field_price":true,"layout_option":"standard","pric_use_as_fee":false,"process_fee_as":"woo_fee"},"layout_option":"standard"},"fields":[[{"elementId":"separator_16687d4f04b232","separatorType":"blank","className":"","height":"3","enableCl":false,"relations":false,"cl_rule":"show","col":6,"type":"separator","error":false,"gt_translate_keys":[],"price_dependency":false,"cl_dependency":false,"value":""}],[{"active":true,"col":6,"relations":[{"operator":false,"rules":[{"operator":"AND","rules":{"cl_field":"radio-group_565c78ffa81208","cl_relation":"is","cl_val":"3 Hour Trip"}}]}],"cl_rule":"show","enableCl":false,"price":"","enablePrice":false,"className":"","label_position":"default","desc_position":"default","type":"select","required":false,"elementId":"select_66687d4f04b23c","label":"\u23f0 Departure","name":"select_66687d4f04b23c","values":[{"label":"09:00","value":"09:00","selected":false,"tempId":"aco_1471","gt_translate_keys":["label"]},{"label":"12:00","value":"12:00","selected":false,"tempId":"aco_1510","gt_translate_keys":["label"]},{"label":"15:00","value":"15:00","selected":false,"tempId":"aco_1738","gt_translate_keys":["label"]}],"dropdown_type":"basic","error":false,"placeholder":"Whichever Time is Best","gt_translate_keys":["label","placeholder"],"price_dependency":false,"cl_dependency":false,"value":""}],[{"elementId":"separator_86687d4f04b246","separatorType":"blank","className":"","height":"1","enableCl":false,"relations":false,"cl_rule":"show","col":6,"type":"separator","gt_translate_keys":[],"price_dependency":false,"cl_dependency":false,"value":""}],[{"elementId":"separator_86687d4f04b250","separatorType":"blank","className":"","height":"1","enableCl":false,"relations":false,"cl_rule":"show","col":6,"type":"separator","error":false,"gt_translate_keys":[],"price_dependency":false,"cl_dependency":false,"value":""}],[{"active":true,"col":6,"relations":false,"cl_rule":"show","enableCl":false,"price":"","enablePrice":false,"className":"","label_position":"default","desc_position":"default","type":"text","subtype":"text","required":false,"elementId":"text_66687d4f04b259","label":"\ud83d\ude8c Pickup Location","name":"text_66687d4f04b259","value":"","error":false,"description":"Pick-up service in some locations. Simply provide your address or hotel name. (+2\u20ac\/person paid at pickup to the driver)","gt_translate_keys":["label","description","value"],"price_dependency":false,"cl_dependency":false}]]}},"config":{"price_override":"always","enable_recaptcha":false,"bind_quantity":false,"quantity_bind_formula":false,"disp_summ_show_option_price":true,"disp_summ_show_product_price":false,"disp_summ_show_total_price":true,"disp_summ_show_fee":true,"disp_summ_show_discount":true,"summary_title":"","options_total_label":"Options Price","total_label":"Total Amount","options_product_label":"Product Price","fee_label":"Fee","discount_label":"Discount","has_price":true,"has_quantity_formula":false},"mc_unit":1,"tax_rate":1,"tax_rate_real":1,"discount":{"percentage":0,"fixed":0},"design":{"conf":{"LabelPosition":"above","DescPosition":"above","UploadField":"custom_1","QuantityFieldStyle":"custom_1"},"css":{"LeftLabelWidth":"120px"}},"formulas":{"fmla_1708364241278155361":"(({field.select_3666b1eb2b11fe.value}>=8)?(1400):(({field.select_3666b1eb2b11fe.value}>=7)?(1225):(({field.select_3666b1eb2b11fe.value}>=6)?(1050):(({field.select_3666b1eb2b11fe.value}>=5)?(875):(({field.select_3666b1eb2b11fe.value}>=4)?(700):(({field.select_3666b1eb2b11fe.value}>=3)?(500):(0)))))))","fmla_1718295979528641619":"(({field.select_3666b1eb2b11fe.value}>=8)?(280):(({field.select_3666b1eb2b11fe.value}>=7)?(205):(({field.select_3666b1eb2b11fe.value}>=6)?(150):(({field.select_3666b1eb2b11fe.value}>=5)?(175):(({field.select_3666b1eb2b11fe.value}>=4)?(200):(({field.select_3666b1eb2b11fe.value}>=3)?(150):(0)))))))"},"lookuptables":[],"clones":false,"cartKey":false}},"_links":{"self":[{"href":"https:\/\/canaryvip.com\/et\/wp-json\/wp\/v2\/product\/11971","targetHints":{"allow":["GET"]}}],"collection":[{"href":"https:\/\/canaryvip.com\/et\/wp-json\/wp\/v2\/product"}],"about":[{"href":"https:\/\/canaryvip.com\/et\/wp-json\/wp\/v2\/types\/product"}],"replies":[{"embeddable":true,"href":"https:\/\/canaryvip.com\/et\/wp-json\/wp\/v2\/comments?post=11971"}],"wp:featuredmedia":[{"embeddable":true,"href":"https:\/\/canaryvip.com\/et\/wp-json\/wp\/v2\/media\/12219"}],"wp:attachment":[{"href":"https:\/\/canaryvip.com\/et\/wp-json\/wp\/v2\/media?parent=11971"}],"wp:term":[{"taxonomy":"product_brand","embeddable":true,"href":"https:\/\/canaryvip.com\/et\/wp-json\/wp\/v2\/product_brand?post=11971"},{"taxonomy":"product_cat","embeddable":true,"href":"https:\/\/canaryvip.com\/et\/wp-json\/wp\/v2\/product_cat?post=11971"},{"taxonomy":"product_tag","embeddable":true,"href":"https:\/\/canaryvip.com\/et\/wp-json\/wp\/v2\/product_tag?post=11971"}],"curies":[{"name":"wp","href":"https:\/\/api.w.org\/{rel}","templated":true}]}}