{"id":11774,"date":"2024-06-13T17:09:15","date_gmt":"2024-06-13T16:09:15","guid":{"rendered":"https:\/\/canaryvip.com\/?post_type=product&#038;p=11774"},"modified":"2025-06-29T14:14:28","modified_gmt":"2025-06-29T13:14:28","slug":"yacht-charter-gran-canaria","status":"publish","type":"product","link":"https:\/\/canaryvip.com\/et\/shop\/yacht-charter-gran-canaria\/","title":{"rendered":"Jahirent Gran Canaria"},"content":{"rendered":"<h2><strong>\ud83d\udee5\ufe0f Gran Canaria Jahirent koos CanaryVIP-ga<\/strong><\/h2>\n<p>Alustage luksuslikku mereseiklust meie eksklusiivse Jahirent Gran Canaria. CanaryVIP pakub Gran Canarial parimaid erapaadireise, tagades esmaklassilise merekogemuse. Asub maalilises jahisadamas <a href=\"https:\/\/www.google.com\/maps\/place\/Puerto+de+Mog%C3%A1n\/@27.8168894,-15.7661037,16z\/data=!4m6!3m5!1s0xc4081a859086591:0xe494b559327a8db3!8m2!3d27.8173155!4d-15.7652521!16s%2Fg%2F11h6m6r2nn?entry=ttu\" target=\"_blank\" rel=\"noopener\">Puerto de Mog\u00e1n,<\/a>\u00a0meie jaht\u0161arterid pakuvad ainulaadset ja intiimset p\u00f5genemist t\u00fc\u00fcpilistest paadireisidest.<\/p>\n<h3>\u2b50\ufe0f <strong>Miks meie Jahirent paistab silma Gran Canarial<\/strong><\/h3>\n<p><span style=\"text-decoration: underline;\"><strong>Peamised p\u00f5hjused, miks valida meie jahtide rentimine:<\/strong><\/span><\/p>\n<p><strong>Eksklusiivsed eraviisilised ekskursioonid:<\/strong> Meie prahtimised tagavad igal reisil isikliku l\u00e4henemise, luues individuaalse kogemuse, mis vastab teie eelistustele privaatsuse ja eksklusiivsusega.<\/p>\n<p><strong>Luksuslik mugavus:<\/strong> L\u00f5\u00f5gastuge jahi erinevates hubastes kohtades, olgu siis p\u00e4ikest nautides avaral tekil v\u00f5i v\u00e4rskendavat jooki nautides varjulises lounge'is.<\/p>\n<p><strong>L\u00f5busad tegevused:<\/strong> Suurendage oma seiklust erinevate p\u00f5nevate tegevustega. Meie jaht ei t\u00e4henda ainult purjetamist, vaid merega seotud p\u00f5nevat ja nauditavat suhtlemist.<\/p>\n<ul>\n<li><strong>\ud83c\udfc4\u200d\u2640\ufe0f Paddle Boards:<\/strong> Stand-up-padulseerimine pakub l\u00f5busat ja l\u00f5\u00f5gastavat v\u00f5imalust nautida ookeani ja teha samal ajal natuke trenni. Olenemata sellest, kas olete algaja v\u00f5i kogenud aerutaja, on see teie jaht\u0161arteri veetlev osa.<\/li>\n<li><strong>\ud83e\udd3f Snorkeldamisvarustus:<\/strong> Avastage Gran Canaria elavat veealust maailma meie snorgeldamisvarustuse abil. Saare \u00fcmbruse veed on t\u00e4is mereelu, mis pakub teile pilguheitu lummavasse veealusesse \u00f6kos\u00fcsteemi.<\/li>\n<li><strong>\ud83d\udd0a M\u00e4ngi oma muusikat:<\/strong> \u00dchendage oma esitusloend meie Bluetooth-\u00fchendusega helis\u00fcsteemi kaudu ja h\u00e4\u00e4lestage oma meres\u00f5idu seiklus. Olgu see siis l\u00f5\u00f5gastav muusika v\u00f5i elav r\u00fctm, teie muusika parandab teie purjetamise atmosf\u00e4\u00e4ri.<\/li>\n<\/ul>\n<p>CanaryVIP pakub oma luksuslike mugavuste ja huvitavate tegevuste komplektiga silmapaistvat t\u0161arterkogemust. Iga teie reisi aspekt on kavandatud nii, et pakkuda nii l\u00f5\u00f5gastust kui ka meelelahutust, tagades meeldej\u00e4\u00e4va seikluse Gran Canaria vetes.<\/p>\n<h4>\ud83d\udea4 <strong>Gran Canaria laevaharteri valikud<\/strong><\/h4>\n<p>Meie jaht pakub erinevaid pikkusi, mis on m\u00f5eldud erinevatele soovidele ja ajakavadele:<\/p>\n<ul>\n<li><strong>3-tunnine rannikuretk:<\/strong> Ideaalne sissejuhatus Gran Canaria l\u00f5unarannikule. Ujuge rahulikes lahtedes ja nautige meie jookide ja suupistete valikut. Ideaalne neile, kes otsivad kiiret, kuid v\u00e4rskendavat merelist p\u00f5genemist.<\/li>\n<li><strong>6-tunnine Grand Tour:<\/strong> Kogege hingematvaid vaateid ja eraldatud lahtesid. V\u00e4rskendage end kristallselge vees, kust avanevad panoraamvaated l\u00e4hedalasuvatele saartele. Sukelduge s\u00fcgavamale Gran Canaria loodusliku ilu juurde, pikendades aega uurimis- ja l\u00f5\u00f5gastumiseks.<\/li>\n<li><strong>8-tunnine t\u00e4isp\u00e4evane seiklus:<\/strong> Sukelduge \u00fclimasse purjetamiselamusse terve p\u00e4eva jooksul Seaductioni pardal. See ulatuslik prahtimine v\u00f5imaldab teil t\u00e4ielikult tutvuda Tenerife mitmekesiste rannikumaastike ja rikkaliku merekeskkonnaga. Nautige pikemaid peatusi snorgeldamiseks, aerutamiseks ja v\u00f5ib-olla isegi p\u00e4ikeseloojangu t\u00e4histamiseks. Kui pardal on rohkem aega, saate nautida meie gurmeepakkumiste laiemat valikut, mis tagab p\u00e4evase luksusliku l\u00f5\u00f5gastumise ja seikluste nautimise.<\/li>\n<\/ul>\n<p>Iga v\u00f5imalus on kavandatud pakkuma ainulaadset ja meeldej\u00e4\u00e4vat kogemust, mis v\u00f5imaldab teil valida oma meres\u00f5idu seikluseks Tenerifel sobivaima kestuse. Olenemata sellest, kas otsite l\u00fchikest sissejuhatust saare vetesse v\u00f5i kogu p\u00e4eva kestvat reisi, pakub Seaduction Yacht paindlikkust ja luksust, et muuta teie aeg merel unustamatuks.<\/p>\n<h3>\u2705 <strong>T\u00e4iuslikuks p\u00e4evaks merel vajalikud mugavused<\/strong><\/h3>\n<p>Meie jaht ei t\u00e4henda mitte ainult asukohti, vaid kogu luksuslikku elamust:<\/p>\n<ul>\n<li>Nautige erinevaid kaasasolevaid jooke.<\/li>\n<li>S\u00f5ltuvalt reisi kestusest saate nautida erinevaid gurmee-sn\u00e4kke v\u00f5i t\u00e4isv\u00e4\u00e4rtuslikku s\u00f6\u00f6ki.<\/li>\n<li>Meie tipptasemel helis\u00fcsteem on Bluetooth-\u00fchendusega, mis v\u00f5imaldab teil purjetamise ajal nautida oma lemmikpleilisti.<\/li>\n<li>Jahi esiosas on p\u00e4ikesepaigutusalad.<\/li>\n<li>Kogenud ja mitmekeelne meeskond tagab teie ohutuse ja mugavuse kogu reisi v\u00e4ltel.<\/li>\n<\/ul>\n<h3>\ud83d\udccd <strong>V\u00e4ljumine Puerto de Mog\u00e1nist<\/strong><\/h3>\n<p>Alustage oma mereseiklust Gran Canaria s\u00fcdames, kuhu on lihtne juurdep\u00e4\u00e4s ja mugav parkimine sadamas. Sujuva alguse tagamiseks soovitame saabuda 15 minutit enne kavandatud v\u00e4ljumist.<\/p>\n<h4>\ud83d\udcdc <strong>\ud83d\udcdc Sujuv broneerimine ja l\u00e4bipaistev t\u00fchistamispoliitika<\/strong><\/h4>\n<p>Jahtide broneerimine on CanaryVIP-ga probleemivaba ja meie selge t\u00fchistamispoliitika tagab meelerahu:<\/p>\n<ul>\n<li><strong>Ilmaga seotud garantii:<\/strong> Me j\u00e4lgime hoolikalt ilmastikutingimusi. Juhul, kui reis t\u00fchistatakse ebaturvalise ilma t\u00f5ttu, saate selle kas \u00fcmber planeerida v\u00f5i saate raha tagasi, tagades nii teie ohutuse ja rahulolu.<\/li>\n<li><strong>Paindlik t\u00fchistamine:<\/strong> Plaanid muutuvad ja me m\u00f5istame seda. T\u00fchista v\u00f5i pane \u00fcmber kuni 4 p\u00e4eva enne reisi tasuta. Ettemaksu ei tagastata, kui t\u00fchistamine toimub 4 p\u00e4eva jooksul enne kavandatud v\u00e4ljumist.<\/li>\n<\/ul>\n<p><strong>Broneerige oma koht meie Gran Canaria jaht\u0161arteril juba t\u00e4na CanaryVIP kaudu ja alustage p\u00e4eva, mis on t\u00e4is luksust, mugavust ja unustamatuid mereseiklusi.<\/strong><\/p>\n<h3>\ud83d\udc68\u200d\u2708\ufe0f <strong>Valmis pardaleminekuks: Teie reisieelne kontrollnimekiri: Teie reisieelne kontrollnimekiri<\/strong><\/h3>\n<p>Enne pardaleminekut veenduge, et:<\/p>\n<ul>\n<li>Hoidke oma CanaryVIP pilet valmis, kas telefonis v\u00f5i v\u00e4ljatr\u00fckituna.<\/li>\n<li>V\u00f5ta kaasa ujumisriided, r\u00e4tik ja p\u00e4ikesekaitsekreem, et ohutult p\u00e4ikest nautida.<\/li>\n<li>S\u00f6\u00f6ge midagi kerget, et v\u00e4ltida merehaigust, ja piirake alkoholi tarbimist enne reisi.<\/li>\n<li>Valige oma ideaalne koht tekil, kas soovite p\u00e4evitada p\u00e4ikese k\u00e4es v\u00f5i l\u00f5\u00f5gastuda varjus.<\/li>\n<\/ul>\n<p>Broneerige oma seiklus juba t\u00e4na ja t\u00f5stke oma puhkus unustamatuks elamuseks selle <a href=\"https:\/\/canaryvip.com\/et\/gran-canaria\/boat-hire-gran-canaria\/\">eksklusiivne paadilaenutus Gran Canarial<\/a>.<\/p>","protected":false},"excerpt":{"rendered":"<p><strong>\ud83d\udd0d Jahtide rentimine Gran Canarial:<\/strong><br \/>\n\u2705 Turvaline makse.<br \/>\n\ud83d\udd10 Eramatkad.<br \/>\n\ud83d\udee5\ufe0f 15m Yacht Comfort.<br \/>\n\u23f3 Igap\u00e4evased ekskursioonid 3-8h.<br \/>\n\ud83d\udd59 Kohandatavad v\u00e4ljumisajad.<br \/>\n\ud83c\udf74 S\u00f6\u00f6gid ja joogid kaasa arvatud.<br \/>\n\ud83d\udc65 Kuni 12 k\u00fclalist.<br \/>\n\ud83e\udd29 L\u00f5busad t\u00e4ispuhutavad tooted.<br \/>\n\ud83c\udfc4\u200d\u2640\ufe0f Paddle Boards Included.<br \/>\n\ud83e\udd3f Snorkelivarustus on ette n\u00e4htud.<br \/>\n\ud83d\udd0a M\u00e4ngi oma muusikat.<br \/>\n\ud83d\ude8c Tasuta pealev\u00f5tmine ja mahapanek.<br \/>\n\ud83e\udd11 Parim hind garanteeritud.<br \/>\n\ud83d\udc6a Allahindlused aktiveeritud.<br \/>\n\ud83d\udd01 Kuni 8-p\u00e4evane t\u00fchistamine.<br \/>\n\ud83c\udf0d Mitmekeelne meeskond.<br \/>\n\ud83c\udf1f Broneeri varakult ja s\u00e4\u00e4sta!<br \/>\n\ud83d\udccd Lahkumine <a href=\"https:\/\/www.google.com\/maps\/place\/Puerto+de+Mog%C3%A1n\/@27.8189572,-15.7678314,16.46z\/data=!4m15!1m8!3m7!1s0xc4080919d1ed923:0xbd01a5a03326a09b!2sPuerto+de+Mog%C3%A1n,+35139+Lomo+Quiebre,+Las+Palmas!3b1!8m2!3d27.8234371!4d-15.7607916!16s%2Fg%2F12vsxzmby!3m5!1s0xc4081a859086591:0xe494b559327a8db3!8m2!3d27.8173155!4d-15.7652521!16s%2Fg%2F11h6m6r2nn?entry=ttu\">Mog\u00e1ni sadam<\/a>.<\/p>","protected":false},"featured_media":11780,"comment_status":"open","ping_status":"closed","template":"","meta":{"_acf_changed":false},"product_brand":[],"product_cat":[81,132],"product_tag":[],"class_list":{"0":"post-11774","1":"product","2":"type-product","3":"status-publish","4":"has-post-thumbnail","6":"product_cat-gran-canaria","7":"product_cat-boat-hire-gran-canaria","8":"wcpa_has_options","10":"first","11":"instock","12":"virtual","13":"purchasable","14":"product-type-simple"},"acf":[],"wcpa_form_fields":{"wcpaData":{"product":{"product_price":650,"price_html":"From&nbsp;<span class=\"woocommerce-Price-amount amount\"><bdi>650,00&nbsp;<span class=\"woocommerce-Price-currencySymbol\">&euro;<\/span><\/bdi><\/span>","original_product_price":650,"price_including_tax":650,"price_excluding_tax":650,"product_id":{"parent":11774,"variation":false},"is_variable":false,"stock_status":"instock","stock_quantity":null,"parent_sku":"CV11774","product_attributes":[],"custom_fields":[],"is_taxable":false,"product_name":"Yacht Charter Gran Canaria","hasImage":false},"fields":{"sec_1666b1eb2b11bb":{"extra":{"key":"sec_1666b1eb2b11bb","section_id":"sec_1666b1eb2b11bb","name":"Default","status":1,"cl_rule":"show","enableCl":false,"relations":[],"toggle":true,"title_tag":"h3","show_title":false,"showPrice":"default","form_id":11785,"form_rules":{"exclude_from_discount":true,"fee_label":"Fee","disp_hide_options_price":true,"disp_show_section_price":false,"disp_show_field_price":true,"layout_option":"standard","pric_use_as_fee":false,"process_fee_as":"woo_fee"},"layout_option":"standard"},"fields":[[{"label":"\ud83d\udcc5 Date","active":true,"required":true,"elementId":"date_9666b1eb2b11d9","picker_type":"custom","picker_mode":"single","placeholder":"","description":"","tooltip":"","name":"date_9666b1eb2b11d9","label_position":"default","desc_position":"default","enablePrice":false,"className":"","enableCl":false,"relations":[{"operator":"and","rules":[{"operator":"AND","rules":{"cl_field":"radio-group_565c78ffa81208","cl_relation":"is","cl_val":"3 Hour Trip"}}]}],"date_pic_inline":true,"date_pic_inline_hide":true,"min_date":{"type":"days","val":"5"},"max_date":{"type":"days","val":"365"},"date_pic_conf":{"disabledWeeks":[6,0],"disabledDates":["2024-07-27 to 2024-07-29","2024-08-11 to 2024-08-18"]},"price":"","cl_rule":"show","col":6,"type":"date","error":false,"enableDesign":false,"LabelColor":"","gt_translate_keys":["label","placeholder","description","tooltip"],"price_dependency":false,"cl_dependency":false,"value":""}],[{"contentType":"rich","active":true,"label":"","elementId":"content_10666b1eb2b11e8","value":"<p>\ud83c\udf9f\ufe0f <strong>Reservation<\/strong>: Pay only a deposit now to reserve; the rest is due on the day of the activity upon arrival.<\/p>","inline":false,"name":"content_10666b1eb2b11e8","enablePrice":false,"className":"","subtype":"p","enableCl":false,"relations":false,"price":"","cl_rule":"show","col":6,"type":"content","error":false,"pricingType":"custom","isTemplate":false,"is_show_price":true,"show_in_checkout":true,"gt_translate_keys":["label","value"],"price_dependency":false,"cl_dependency":false}],[{"elementId":"separator_9666b1eb2b11f4","separatorType":"blank","className":"","height":"3","enableCl":false,"relations":false,"cl_rule":"show","col":6,"type":"separator","error":false,"gt_translate_keys":[],"price_dependency":false,"cl_dependency":false,"value":""}],[{"active":true,"col":6,"relations":false,"cl_rule":"show","enableCl":false,"price":"","enablePrice":true,"className":"","label_position":"default","desc_position":"default","type":"select","required":true,"elementId":"select_3666b1eb2b11fe","label":"\u23f3 Trip Duration","name":"select_3666b1eb2b11fe","values":[{"label":"3 Hours (650\u20ac)","value":"3","selected":false,"tempId":"aco_556","price":"650","gt_translate_keys":["label"]},{"label":"4 Hours (900\u20ac)","value":"4","selected":false,"tempId":"aco_122","price":"900","gt_translate_keys":["label"]}],"dropdown_type":"basic","error":false,"placeholder":"Select Trip Duration","priceOptions":"different_for_all","pricingType":"fixed","is_show_price":true,"gt_translate_keys":["label","placeholder"],"price_dependency":["content_9666b1eb2b1212"],"cl_dependency":false,"value":""}],[{"elementId":"separator_0666b1eb2b1208","separatorType":"fill","className":"","height":"3","enableCl":false,"relations":false,"cl_rule":"show","col":6,"type":"separator","error":false,"separatorColor":"#66a6b6","gt_translate_keys":[],"price_dependency":false,"cl_dependency":false,"value":""}],[{"active":true,"col":6,"relations":false,"cl_rule":"show","enableCl":false,"price":"{field.select_3666b1eb2b11fe.price}","enablePrice":true,"className":"","label_position":"default","desc_position":"default","type":"content","required":false,"elementId":"content_9666b1eb2b1212","label":"Deposit Payment","name":"content_9666b1eb2b1212","contentType":"plain","value":"","error":false,"pricingType":"custom","isTemplate":true,"is_show_price":false,"enableDesign":true,"scrollBar":false,"use_as_fee":false,"fee_label":"Payment Now","inline":true,"show_in_checkout":true,"subtype":"div","formulaId":"fmla_1718295979528641619","LabelSize":"14px","gt_translate_keys":["label","value"],"price_dependency":["content_8666b1eb2b1224"],"cl_dependency":false}],[{"contentType":"plain","active":true,"label":"Payment at Arrival","elementId":"content_9666b1eb2b121b","value":"","inline":true,"show_in_checkout":true,"name":"content_9666b1eb2b121b","enablePrice":true,"className":"","fee_label":"Payment at Arrival","subtype":"div","enableCl":false,"relations":false,"scrollBar":false,"enableDesign":true,"pricingType":"custom","isTemplate":true,"price":"({field.radio-group_965c78ffa8129a.quantity}*22) + ({field.radio-group_865c78ffa812a3.quantity}*11)","use_as_fee":false,"is_show_price":true,"cl_rule":"show","col":6,"type":"content","error":false,"formulaId":"fmla_1708364241278155361","LabelSize":"14px","gt_translate_keys":["label","value"],"price_dependency":["content_8666b1eb2b1224"],"cl_dependency":false}],[{"contentType":"plain","active":true,"label":"Total Price","elementId":"content_8666b1eb2b1224","value":"","inline":true,"show_in_checkout":true,"name":"content_8666b1eb2b1224","enablePrice":true,"className":"","fee_label":"Payment at Arrival","subtype":"div","enableCl":false,"relations":false,"scrollBar":false,"enableDesign":true,"LabelSize":"14px","pricingType":"custom","isTemplate":false,"price":"({field.content_9666b1eb2b1212.price}) + ({field.content_9666b1eb2b121b.price})","formulaId":"fmla_1708360988969136756","use_as_fee":false,"is_show_price":true,"cl_rule":"show","col":6,"type":"content","error":false,"gt_translate_keys":["label","value"],"price_dependency":false,"cl_dependency":false}]]},"sec_0666b1eb2b1225":{"extra":{"key":"sec_0666b1eb2b1225","section_id":"sec_0666b1eb2b1225","name":"Pickup Location","status":1,"cl_rule":"show","enableCl":false,"relations":[],"toggle":true,"title_tag":"h4","show_title":false,"showPrice":"default","form_id":11785,"form_rules":{"exclude_from_discount":true,"fee_label":"Fee","disp_hide_options_price":true,"disp_show_section_price":false,"disp_show_field_price":true,"layout_option":"standard","pric_use_as_fee":false,"process_fee_as":"woo_fee"},"layout_option":"standard"},"fields":[[{"elementId":"separator_2666b1eb2b122f","separatorType":"blank","className":"","height":"3","enableCl":false,"relations":false,"cl_rule":"show","col":6,"type":"separator","error":false,"gt_translate_keys":[],"price_dependency":false,"cl_dependency":false,"value":""}],[{"active":true,"col":6,"relations":[{"operator":false,"rules":[{"operator":"AND","rules":{"cl_field":"radio-group_565c78ffa81208","cl_relation":"is","cl_val":"3 Hour Trip"}}]}],"cl_rule":"show","enableCl":false,"price":"","enablePrice":false,"className":"","label_position":"default","desc_position":"default","type":"select","required":false,"elementId":"select_2666b1eb2b1238","label":"\u23f0 Departure","name":"select_2666b1eb2b1238","values":[{"label":"09:00","value":"09:00","selected":false,"tempId":"aco_1471","gt_translate_keys":["label"]},{"label":"10:00","value":"10:00","selected":false,"tempId":"aco_1472","gt_translate_keys":["label"]},{"label":"11:00","value":"11:00","selected":false,"tempId":"aco_1500","gt_translate_keys":["label"]},{"label":"12:00","value":"12:00","selected":false,"tempId":"aco_1510","gt_translate_keys":["label"]},{"label":"13:00 (1:00 PM)","value":"13:00","selected":false,"tempId":"aco_1520","gt_translate_keys":["label"]},{"label":"14:00 (2:00 PM)","value":"14:00","selected":false,"tempId":"aco_1728","gt_translate_keys":["label"]},{"label":"15:00 (3:00 PM)","value":"15:00","selected":false,"tempId":"aco_1738","gt_translate_keys":["label"]}],"dropdown_type":"basic","error":false,"placeholder":"Whichever Time is Best","gt_translate_keys":["label","placeholder"],"price_dependency":false,"cl_dependency":false,"value":""}],[{"elementId":"separator_6666b1eb2b1242","separatorType":"blank","className":"","height":"1","enableCl":false,"relations":false,"cl_rule":"show","col":6,"type":"separator","gt_translate_keys":[],"price_dependency":false,"cl_dependency":false,"value":""}],[{"label":"\u2705 Number of People","active":true,"required":true,"elementId":"select_8666b1eb2b124b","dropdown_type":"basic","placeholder":"Select Number of People","name":"select_8666b1eb2b124b","label_position":"default","desc_position":"default","enablePrice":false,"className":"","enableCl":false,"relations":[{"operator":false,"rules":[{"operator":"AND","rules":{"cl_field":"radio-group_565c78ffa81208","cl_relation":"is","cl_val":"3 Hour Trip"}}]}],"values":[{"label":"1 person","value":"1","selected":false,"tempId":"aco_1471","gt_translate_keys":["label"]},{"label":"2 people","value":"2","selected":false,"tempId":"aco_1472","gt_translate_keys":["label"]},{"label":"3 people","value":"3","selected":false,"tempId":"aco_1500","gt_translate_keys":["label"]},{"label":"4 people","value":"4","selected":false,"tempId":"aco_1510","gt_translate_keys":["label"]},{"label":"5 people","value":"5","selected":false,"tempId":"aco_1520","gt_translate_keys":["label"]},{"label":"6 people","value":"6","selected":false,"tempId":"aco_1728","gt_translate_keys":["label"]},{"label":"7 people","value":"7","selected":false,"tempId":"aco_1738","gt_translate_keys":["label"]},{"label":"8 people","value":"8","selected":false,"tempId":"aco_1748","gt_translate_keys":["label"]},{"label":"9 people","value":"9","selected":false,"tempId":"aco_1912","gt_translate_keys":["label"]},{"label":"10 people","value":"10","selected":false,"tempId":"aco_1922","gt_translate_keys":["label"]},{"label":"11 people","value":"11","selected":false,"tempId":"aco_84","gt_translate_keys":["label"]},{"label":"12 people","value":"12","selected":false,"tempId":"aco_94","gt_translate_keys":["label"]}],"price":"","cl_rule":"show","col":6,"type":"select","error":false,"gt_translate_keys":["label","placeholder"],"price_dependency":false,"cl_dependency":false,"value":""}],[{"elementId":"separator_7666b1eb2b1254","separatorType":"blank","className":"","height":"1","enableCl":false,"relations":false,"cl_rule":"show","col":6,"type":"separator","error":false,"gt_translate_keys":[],"price_dependency":false,"cl_dependency":false,"value":""}],[{"active":true,"col":6,"relations":false,"cl_rule":"show","enableCl":false,"price":"","enablePrice":false,"className":"","label_position":"default","desc_position":"default","type":"text","subtype":"text","required":false,"elementId":"text_9666b1eb2b125d","label":"\ud83d\ude8c Pickup Location","name":"text_9666b1eb2b125d","value":"","error":false,"description":"Free pick-up service in some locations up to 8 people. Simply provide your address or hotel name.","gt_translate_keys":["label","description","value"],"price_dependency":false,"cl_dependency":false}]]}},"config":{"price_override":"always","enable_recaptcha":false,"bind_quantity":false,"quantity_bind_formula":false,"disp_summ_show_option_price":true,"disp_summ_show_product_price":false,"disp_summ_show_total_price":false,"disp_summ_show_fee":true,"disp_summ_show_discount":true,"summary_title":"","options_total_label":"Options Price","total_label":"Deposit Amount","options_product_label":"Product Price","fee_label":"Fee","discount_label":"Discount","has_price":true,"has_quantity_formula":false},"mc_unit":1,"tax_rate":1,"tax_rate_real":1,"discount":{"percentage":0,"fixed":0},"design":{"conf":{"LabelPosition":"above","DescPosition":"above","UploadField":"custom_1","QuantityFieldStyle":"custom_1"},"css":{"LeftLabelWidth":"120px"}},"formulas":{"fmla_1708364241278155361":"(({field.select_3666b1eb2b11fe.value}>=8)?(1400):(({field.select_3666b1eb2b11fe.value}>=7)?(1225):(({field.select_3666b1eb2b11fe.value}>=6)?(1050):(({field.select_3666b1eb2b11fe.value}>=5)?(875):(({field.select_3666b1eb2b11fe.value}>=4)?(700):(({field.select_3666b1eb2b11fe.value}>=3)?(500):(0)))))))","fmla_1718295979528641619":"(({field.select_3666b1eb2b11fe.value}>=8)?(280):(({field.select_3666b1eb2b11fe.value}>=7)?(205):(({field.select_3666b1eb2b11fe.value}>=6)?(150):(({field.select_3666b1eb2b11fe.value}>=5)?(175):(({field.select_3666b1eb2b11fe.value}>=4)?(200):(({field.select_3666b1eb2b11fe.value}>=3)?(150):(0)))))))"},"lookuptables":[],"clones":false,"cartKey":false}},"_links":{"self":[{"href":"https:\/\/canaryvip.com\/et\/wp-json\/wp\/v2\/product\/11774","targetHints":{"allow":["GET"]}}],"collection":[{"href":"https:\/\/canaryvip.com\/et\/wp-json\/wp\/v2\/product"}],"about":[{"href":"https:\/\/canaryvip.com\/et\/wp-json\/wp\/v2\/types\/product"}],"replies":[{"embeddable":true,"href":"https:\/\/canaryvip.com\/et\/wp-json\/wp\/v2\/comments?post=11774"}],"wp:featuredmedia":[{"embeddable":true,"href":"https:\/\/canaryvip.com\/et\/wp-json\/wp\/v2\/media\/11780"}],"wp:attachment":[{"href":"https:\/\/canaryvip.com\/et\/wp-json\/wp\/v2\/media?parent=11774"}],"wp:term":[{"taxonomy":"product_brand","embeddable":true,"href":"https:\/\/canaryvip.com\/et\/wp-json\/wp\/v2\/product_brand?post=11774"},{"taxonomy":"product_cat","embeddable":true,"href":"https:\/\/canaryvip.com\/et\/wp-json\/wp\/v2\/product_cat?post=11774"},{"taxonomy":"product_tag","embeddable":true,"href":"https:\/\/canaryvip.com\/et\/wp-json\/wp\/v2\/product_tag?post=11774"}],"curies":[{"name":"wp","href":"https:\/\/api.w.org\/{rel}","templated":true}]}}