{"id":11626,"date":"2024-06-06T11:14:41","date_gmt":"2024-06-06T10:14:41","guid":{"rendered":"https:\/\/canaryvip.com\/?post_type=product&#038;p=11626"},"modified":"2026-04-10T14:33:12","modified_gmt":"2026-04-10T13:33:12","slug":"natural-pools-masca-los-gigantes-tour","status":"publish","type":"product","link":"https:\/\/canaryvip.com\/et\/shop\/natural-pools-masca-los-gigantes-tour\/","title":{"rendered":"Looduslikud basseinid, Masca ja Los Gigantese ekskursioon + piknik"},"content":{"rendered":"<h2>\ud83c\udf0a Masca, looduslike basseinide ja Los Gigantese ekskursioonist<\/h2>\n<p>Avastage \u00fcks k\u00f5ige t\u00e4iuslikumaid <strong>Tenerife giidiga ekskursioonid<\/strong> selle unustamatu elamusega, mis \u00fchendab endas looduse, kohaliku kultuuri ja hingematvad vaated. CanaryVIP pakub teile v\u00f5imalust uurida saare varjatud p\u00e4rleid sellel reisil. <strong>giidiga Masca ekskursioon<\/strong>, sealhulgas dramaatilised kaljud, traditsioonilised k\u00fclad ja kuulsad <strong>looduslikud basseinid Tenerife<\/strong> on tuntud.<\/p>\n<p>See ekskursioon on m\u00f5eldud reisijatele, kes soovivad n\u00e4ha Tenerife teistsugust k\u00fclge v\u00e4ikeses grupis, kus valitseb isiklikum ja rahulikum \u00f5hkkond.<\/p>\n<h3>Tuuri tipphetked: Masca, looduslikud basseinid ja Los Gigantes<\/h3>\n<ul>\n<li>\ud83c\udf04 <strong>Panoraamvaade:<\/strong> Nautige suurep\u00e4raseid vaateid Masca orule, mis on \u00fcks Tenerife k\u00f5ige muljetavaldavamaid maastikke.<\/li>\n<li>\ud83c\udfd8\ufe0f <strong>Masca k\u00fcla:<\/strong> Veeta umbes 1 tund selle v\u00f5luva m\u00e4gik\u00fcla avastamiseks. Jalutage l\u00e4bi selle kitsaste t\u00e4navate, avastage kohalikke tooteid ja nautige selle ainulaadset atmosf\u00e4\u00e4ri.<\/li>\n<li>\ud83c\udfd4\ufe0f <strong>Los Gigantese kaljud:<\/strong> K\u00fclastage kuulsaid kaljusid, mis kerkivad kuni 600 meetri k\u00f5rgusele ookeanist, mis on \u00fcks saare tuntumaid looduslikke vaatamisv\u00e4\u00e4rsusi.<\/li>\n<li>\ud83c\udfca <strong>Looduslikud vulkaanilised basseinid ja piknik:<\/strong> V\u00e4rskendage end mere \u00e4\u00e4res looduslikes vulkaanilistes basseinides ja nautige l\u00f5\u00f5gastavat piknikku kaunis rannikukeskkonnas.<\/li>\n<\/ul>\n<h3>Mida teie kogemus sisaldab<\/h3>\n<ul>\n<li>\ud83e\uddd1\u200d\ud83c\udfeb Kohalik ekspert- giid, kes tunneb piirkonda p\u00f5hjalikult.<\/li>\n<li>\ud83d\udee0\ufe0f K\u00f5ik tegevuseks vajalikud vahendid.<\/li>\n<li>\ud83d\udee1\ufe0f Tegevuskindlustus teie meelerahu tagamiseks.<\/li>\n<li>\ud83d\ude90 Transport kohtumispaigast\/kohtumispaika mugavas 9-kohalises kaubikus.<\/li>\n<li>\ud83d\udcf8 Fotod ja videod oma kogemustest, et v\u00f5tta koju kaasa unustamatuid m\u00e4lestusi.<\/li>\n<\/ul>\n<h3>Olulised \u00fcksikasjad tuuri kohta<\/h3>\n<ul>\n<li>\ud83d\udd52 <strong>Algusaeg:<\/strong> Talviti kell 15:00 | Suviti kell 16:00.<\/li>\n<li>\u23f3 <strong>Kestus:<\/strong> Umbes 5 tundi.<\/li>\n<li>\ud83d\udc65 <strong>V\u00e4ikegrupi kogemus:<\/strong> Isikup\u00e4rastatud ekskursiooni jaoks on saadaval piiratud arv kohti.<\/li>\n<li>\ud83d\udccd <strong>Transport:<\/strong> Reisimine mugavas 9-kohalises kaubikus.<\/li>\n<li>\ud83e\udde5 <strong>Mida kaasa v\u00f5tta:<\/strong> Mugavad riided, ujumisriided ja r\u00e4tik looduslike basseinide jaoks.<\/li>\n<\/ul>\n<h3>Oluline teave ja eeskirjad<\/h3>\n<ul>\n<li>\ud83d\udd04 <strong>T\u00fchistamispoliitika:<\/strong> Tasuta t\u00fchistamine on v\u00f5imalik, kui seda taotletakse v\u00e4hemalt 72 tundi ette kuni 2 inimese broneeringu puhul. Kui broneeringu suurus on 3-7 inimest, tuleb sellest teatada v\u00e4hemalt 5 p\u00e4eva ette. Rohkem kui 7-liikmeliste r\u00fchmade puhul tuleb broneeringu t\u00fchistamine teha v\u00e4hemalt 10 p\u00e4eva ette. Piiratud saadavuse ja v\u00e4ikese grupi suuruse t\u00f5ttu v\u00f5idakse hilinenud t\u00fchistamise v\u00f5i mitteilmumise eest n\u00f5uda t\u00e4ismahus tasu. Soovitame alati oma plaanid varakult kinnitada.<\/li>\n<li>\ud83d\udd52 <strong>T\u00e4psus:<\/strong> Palun tulge \u00f5igeaegselt kohtumispaika, et tagada r\u00fchma sujuv algus.<\/li>\n<li>\u26a0\ufe0f <strong>Piiratud k\u00e4ttesaadavus:<\/strong> See kogemus toimub v\u00e4ikeste r\u00fchmadega, seega on kohad v\u00e4ga piiratud ja kipuvad kiiresti v\u00e4lja m\u00fc\u00fcki minema.<\/li>\n<\/ul>\n<h4>Tuuritoetus<\/h4>\n<ul>\n<li>\u2714\ufe0f CanaryVIP valib hoolikalt kogemusi, et tagada kvaliteet ja ohutus.<\/li>\n<li>\ud83d\udde3\ufe0f Ekskursiooni ajal saate alati otse oma giidiga r\u00e4\u00e4kida, kui vajate abi.<\/li>\n<li>\ud83d\udcde Meie meeskond on saadaval enne ja p\u00e4rast broneerimist, kui vajate abi v\u00f5i teil on k\u00fcsimusi.<\/li>\n<\/ul>\n<h3>\ud83c\udf0a\ud83c\udfd4\ufe0f Broneeri oma Masca ja looduslike basseinide ekskursioon juba t\u00e4na.<\/h3>\n<p>Kui otsite \u00fchte parimatest <strong>Tenerife giidiga ekskursioonid<\/strong>, see kogemus \u00fchendab endas k\u00f5ik: m\u00e4ed, ookeani, kultuuri ja l\u00f5\u00f5gastumise. Alates Masca k\u00fcla ainulaadsest v\u00f5lusest kuni v\u00e4rskendava <strong>looduslikud basseinid Tenerife<\/strong> pakub, iga hetk on m\u00f5eldud selleks, et olla meeldej\u00e4\u00e4v.<\/p>\n<p>CanaryVIP teeb broneerimise lihtsaks ja usaldusv\u00e4\u00e4rseks, nii et saate keskenduda oma reisi nautimisele. Olenemata sellest, kas k\u00fclastate Tenerifet esimest korda v\u00f5i tulete tagasi, et rohkem uurida, see <strong>giidiga Masca ekskursioon<\/strong> on kohustuslik kogemus.<\/p>\n<p>Kindlustage oma koht kohe ja avastage Tenerife teistmoodi.<\/p>","protected":false},"excerpt":{"rendered":"<p><strong>\ud83d\udd0d Ringk\u00e4igu \u00fcksikasjad:<\/strong><br \/>\n\u2705 Turvaline makse.<br \/>\n\ud83c\udf04 Avasta Masca k\u00fcla.<br \/>\n\ud83d\udca6 Avasta looduslikud basseinid.<br \/>\n\ud83c\udfd4\ufe0f K\u00fclastage Los Gigantese kaljut.<br \/>\n\ud83e\udd6a Piknik kaasa arvatud.<br \/>\n\ud83d\udcc5 Iga p\u00e4ev.<br \/>\n\u23f0 Kestus Umbes 5h.<br \/>\n\ud83d\ude8c VAN kuni 9 inimest.<br \/>\n\ud83d\ude90 Hotelli pealev\u00f5tmine ja mahapanek.<br \/>\n\ud83d\udd04 72h tasuta t\u00fchistamine.<br \/>\n\ud83e\udd11 Parim hind garanteeritud.<br \/>\n\ud83c\udf81 Saadaval on grupisoodustused.<br \/>\n\ud83c\udf1f Broneeri kohe ja s\u00e4\u00e4sta!<\/p>","protected":false},"featured_media":16977,"comment_status":"open","ping_status":"closed","template":"","meta":{"_acf_changed":false},"product_brand":[],"product_cat":[52],"product_tag":[],"class_list":{"0":"post-11626","1":"product","2":"type-product","3":"status-publish","4":"has-post-thumbnail","6":"product_cat-bus-tours","7":"wcpa_has_options","9":"first","10":"instock","11":"sale","12":"virtual","13":"purchasable","14":"product-type-simple"},"acf":[],"wcpa_form_fields":{"wcpaData":{"product":{"product_price":85,"price_html":"From&nbsp;<del aria-hidden=\"true\"><span class=\"woocommerce-Price-amount amount\"><bdi>90,00&nbsp;<span class=\"woocommerce-Price-currencySymbol\">&euro;<\/span><\/bdi><\/span><\/del> <span class=\"screen-reader-text\">Esialgne hind oli: 90,00&nbsp;&euro;.<\/span><ins aria-hidden=\"true\"><span class=\"woocommerce-Price-amount amount\"><bdi>85,00&nbsp;<span class=\"woocommerce-Price-currencySymbol\">&euro;<\/span><\/bdi><\/span><\/ins><span class=\"screen-reader-text\">Praegune hind on: 85,00&nbsp;&euro;.<\/span>","original_product_price":90,"price_including_tax":85,"price_excluding_tax":85,"product_id":{"parent":11626,"variation":false},"is_variable":false,"stock_status":"instock","stock_quantity":null,"parent_sku":"CV11626","product_attributes":[],"custom_fields":[],"is_taxable":false,"product_name":"Natural Pools, Masca & Los Gigantes Tour + Picnic","hasImage":false},"fields":{"sec_169cd3c7b1d53f":{"extra":{"key":"sec_169cd3c7b1d53f","section_id":"sec_169cd3c7b1d53f","name":"South Tenerife","status":1,"cl_rule":"show","enableCl":false,"relations":[{"operator":false,"rules":[{"operator":"AND","rules":{"cl_field":"radio-group_665df45fcbc30b","cl_relation":"is","cl_val":"Siam Park Regular Tickets"}}]}],"toggle":true,"title_tag":"h4","show_title":false,"showPrice":"default","form_id":16980,"form_rules":{"exclude_from_discount":true,"fee_label":"Fee","disp_hide_options_price":true,"disp_show_section_price":false,"disp_show_field_price":true,"layout_option":"standard","pric_use_as_fee":false,"process_fee_as":"woo_fee"},"layout_option":"standard"},"fields":[[{"label":"\ud83d\udcc5 Date","active":true,"required":true,"elementId":"date_869cd3c7b1d560","picker_type":"custom","picker_mode":"single","placeholder":"","description":"","tooltip":"","name":"date_869cd3c7b1d560","label_position":"default","desc_position":"default","enablePrice":false,"className":"","enableCl":false,"relations":[{"operator":"and","rules":[{"operator":"AND","rules":{"cl_field":"radio-group_665df45fcbc30b","cl_relation":"is","cl_val":"3 Hour Trip"}}]}],"date_pic_inline":true,"date_pic_inline_hide":true,"min_date":{"type":"days","val":"2"},"max_date":{"type":"days","val":"180"},"date_pic_conf":{"disabledWeeks":[],"enabledDates":[]},"price":"","cl_rule":"show","col":6,"type":"date","error":false,"enableDesign":false,"LabelColor":"","value":"2024-07-04","isWeightTemplate":false,"isTemplate":false,"min_quantity":"1","quantity_decimal":false,"quantity_step":"1","quantity_label":"Quantity","repeater_field_label":"{field_label}","repeater_bind":"","gt_translate_keys":["label","placeholder","description","value","tooltip","repeater_field_label","quantity_label"],"price_dependency":false,"cl_dependency":false}],[{"elementId":"separator_569cd3c7b1d57a","separatorType":"blank","className":"","height":"10","enableCl":false,"relations":false,"cl_rule":"show","col":6,"type":"separator","gt_translate_keys":[],"price_dependency":false,"cl_dependency":false,"value":""}],[{"active":true,"col":6,"relations":false,"cl_rule":"show","enableCl":false,"price":"","enablePrice":false,"className":"","label_position":"default","desc_position":"default","type":"content","required":false,"elementId":"content_369cd3c7b1d585","label":"People","name":"content_369cd3c7b1d585","contentType":"plain","value":"","error":false,"show_in_checkout":true,"inline":false,"gt_translate_keys":["label","value"],"price_dependency":false,"cl_dependency":false}],[{"active":true,"col":6,"relations":[{"operator":false,"rules":[{"operator":"AND","rules":{"cl_field":"","cl_relation":"","cl_val":""}}]}],"cl_rule":"show","enableCl":false,"price":"85","enablePrice":true,"className":"","label_position":"default","desc_position":"default","type":"radio-group","required":false,"elementId":"radio-group_969cd3c7b1d590","label":"","name":"radio-group_969cd3c7b1d590","values":[{"label":"\ud83d\udc64 People (85\u20ac)","value":"Adult","selected":true,"tempId":"aco_32","tooltip":"+12 Years","description":"","gt_translate_keys":["label","tooltip","description"]}],"layOut":"","error":false,"checkUi":"button","priceOptions":"fixed_for_all","pricingType":"fixed","enable_quantity":true,"quantity_label":"","min_quantity":"0","options_tooltip":true,"options_description":true,"isWeightTemplate":false,"isTemplate":false,"quantity_decimal":false,"quantity_step":"1","repeater_field_label":"{field_label}","repeater_bind":"","gt_translate_keys":["label","repeater_field_label","quantity_label"],"price_dependency":false,"cl_dependency":false,"value":""}],[{"active":true,"col":6,"relations":false,"cl_rule":"show","enableCl":false,"price":"","enablePrice":false,"className":"","label_position":"default","desc_position":"default","type":"separator","required":false,"elementId":"separator_269cd3c7b1d5af","label":"Separator Field","height":"7","separatorType":"blank","error":false,"gt_translate_keys":["label"],"price_dependency":false,"cl_dependency":false,"value":""}],[{"active":true,"col":6,"relations":false,"cl_rule":"show","enableCl":false,"price":"","enablePrice":false,"className":"","label_position":"default","desc_position":"default","type":"text","subtype":"text","required":false,"elementId":"text_369cd3c7b1d5b8","label":"\ud83d\ude8c Pickup Location","name":"text_369cd3c7b1d5b8","value":"","description":"Pick-up service in South Tenerife. Simply provide your address or hotel name.","error":false,"isWeightTemplate":false,"isTemplate":false,"min_quantity":"1","quantity_decimal":false,"quantity_step":"1","quantity_label":"Quantity","repeater_field_label":"{field_label}","repeater_bind":"","gt_translate_keys":["label","description","value","repeater_field_label","quantity_label"],"price_dependency":false,"cl_dependency":false}]]}},"config":{"price_override":"always","enable_recaptcha":false,"bind_quantity":false,"quantity_bind_formula":false,"disp_summ_show_option_price":true,"disp_summ_show_product_price":false,"disp_summ_show_total_price":true,"disp_summ_show_fee":true,"disp_summ_show_discount":true,"summary_title":"","options_total_label":"Options Price","total_label":"Total Amount","options_product_label":"Product Price","fee_label":"Fee","discount_label":"Discount","has_price":true,"has_quantity_formula":false},"mc_unit":1,"tax_rate":1,"tax_rate_real":1,"discount":{"percentage":0,"fixed":0},"design":{"conf":{"LabelPosition":"above","DescPosition":"above","UploadField":"custom_1","QuantityFieldStyle":"custom_1"},"css":{"LeftLabelWidth":"120px"}},"formulas":[],"lookuptables":[],"clones":false,"cartKey":false}},"_links":{"self":[{"href":"https:\/\/canaryvip.com\/et\/wp-json\/wp\/v2\/product\/11626","targetHints":{"allow":["GET"]}}],"collection":[{"href":"https:\/\/canaryvip.com\/et\/wp-json\/wp\/v2\/product"}],"about":[{"href":"https:\/\/canaryvip.com\/et\/wp-json\/wp\/v2\/types\/product"}],"replies":[{"embeddable":true,"href":"https:\/\/canaryvip.com\/et\/wp-json\/wp\/v2\/comments?post=11626"}],"wp:featuredmedia":[{"embeddable":true,"href":"https:\/\/canaryvip.com\/et\/wp-json\/wp\/v2\/media\/16977"}],"wp:attachment":[{"href":"https:\/\/canaryvip.com\/et\/wp-json\/wp\/v2\/media?parent=11626"}],"wp:term":[{"taxonomy":"product_brand","embeddable":true,"href":"https:\/\/canaryvip.com\/et\/wp-json\/wp\/v2\/product_brand?post=11626"},{"taxonomy":"product_cat","embeddable":true,"href":"https:\/\/canaryvip.com\/et\/wp-json\/wp\/v2\/product_cat?post=11626"},{"taxonomy":"product_tag","embeddable":true,"href":"https:\/\/canaryvip.com\/et\/wp-json\/wp\/v2\/product_tag?post=11626"}],"curies":[{"name":"wp","href":"https:\/\/api.w.org\/{rel}","templated":true}]}}