{"id":11582,"date":"2024-06-03T16:40:35","date_gmt":"2024-06-03T15:40:35","guid":{"rendered":"https:\/\/canaryvip.com\/?post_type=product&#038;p=11582"},"modified":"2025-12-11T18:13:25","modified_gmt":"2025-12-11T18:13:25","slug":"stargazing-tenerife-teide-by-night","status":"publish","type":"product","link":"https:\/\/canaryvip.com\/et\/shop\/stargazing-tenerife-teide-by-night\/","title":{"rendered":"Star Tour Tenerife:<br\/>Teide \u00f6\u00f6sel + \u00f5htus\u00f6\u00f6k"},"content":{"rendered":"<h2>\ud83d\ude8c Tenerife t\u00e4histaevast: Teide \u00f6\u00f6sel<\/h2>\n<p>The <strong>Teide \u00f6\u00f6sel<\/strong> CanaryVIP kaudu pakutav ekskursioon on \u00fcks erilisemaid viise Teide m\u00e4e kogemiseks p\u00e4rast p\u00e4ikeseloojangut. Seda ekskursiooni korraldab kohalik operaator, kes \u00fchendab kauni p\u00e4ikeseloojangu vaatamise, vulkaanilise maastiku ja l\u00f5\u00f5gastava t\u00e4htede vaatamise \u00fches Euroopa selgeimates taevastes. Teide rahvuspark on sertifitseeritud Starlight Destinationina, mis t\u00e4hendab, et selle taevas on erakordselt puhas ja valgusreostusest vaba.<\/p>\n<h3>Tuuri tipphetked: Teide \u00f6\u00f6sel<\/h3>\n<ul>\n<li>\ud83c\udf04 <strong>P\u00e4ikeseloojangut vaatama<\/strong>: Kogemus algab peatuse tegemisega, et nautida p\u00e4ikeseloojangut \u00fchest rahvuspargi vaatepunktist. Taeva muutuvad v\u00e4rvid loovad rahuliku ja meeldej\u00e4\u00e4va hetke, mis on ideaalne fotode tegemiseks enne \u00f5htuse t\u00e4htede vaatamise osa.<\/li>\n<li>\ud83d\udd2d <strong>T\u00e4hevaatlus Tenerife kogemus<\/strong>: Pimeduse saabudes selgitab giid laserpointeri abil selgelt ja s\u00f5bralikult t\u00e4htkujusid. K\u00fclalistel on v\u00f5imalik teleskoobi abil vaadelda t\u00e4hti, planeete ja s\u00fcgava taeva objekte, samal ajal \u00f5ppides huvitavaid lugusid \u00f6\u00f6taevast.<\/li>\n<li>\ud83c\udfd4\ufe0f <strong>Teide m\u00e4gi<\/strong>: 3715 meetri k\u00f5rgune Teide on Hispaania k\u00f5rgeim m\u00e4gi ja <a href=\"https:\/\/whc.unesco.org\/en\/list\/1258\/\" target=\"_blank\" rel=\"noopener\">UNESCO maailmap\u00e4rand<\/a> Selle vulkaaniline maastik tundub peaaegu teise maailma oma ja on olnud mitmete rahvusvaheliste filmide v\u00f5ttepaigaks.<\/li>\n<li>\ud83c\udf7d\ufe0f <strong>\u00d5htus\u00f6\u00f6k<\/strong>: \u00d5htus\u00f6\u00f6k on hinna sees ja serveeritakse tavaliselt Kanaari saarte restoranis, n\u00e4iteks Casa Sira, kuigi t\u00e4pne restoran v\u00f5ib s\u00f5ltuvalt vabadest kohtadest varieeruda. Toit on lihtne ja kohalik, sobiv enne \u00f6\u00f6sel t\u00e4htede vaatamise j\u00e4tkamist. Toiduvalikud on \u00fcldiselt saadaval.<\/li>\n<\/ul>\n<h3>Teie Tenerife t\u00e4histaeva vaatlus sisaldab j\u00e4rgmist<\/h3>\n<ul>\n<li>\ud83d\ude8c Hotellist pealev\u00f5tt ja tagasi viimine.<\/li>\n<li>\ud83d\udde3\ufe0f Kogu kogemuse v\u00e4ltel selgitusi pakkuvad inglise keelt k\u00f5nelevad giidid.<\/li>\n<li>\ud83d\udcf8 Mitmed peatused fotode tegemiseks, eriti p\u00e4ikeseloojangul.<\/li>\n<li>\ud83d\udcdc T\u00e4ielik \u00f5htu Teide maastike ja \u00f6\u00f6taeva avastamiseks.<\/li>\n<li>\ud83d\udcb0 Parim hinna garantii ja paindlik t\u00fchistamistingimused.<\/li>\n<\/ul>\n<h3>Oluline t\u00e4histaeva vaatamine Tenerife tuuri \u00fcksikasjad<\/h3>\n<ul>\n<li>\ud83c\udf9f\ufe0f V\u00f5tke kaasa oma digitaalne CanaryVIP pilet.<\/li>\n<li>\ud83d\udeab Bussis pole tualetti ja see ei ole ratastooliga ligip\u00e4\u00e4setav.<\/li>\n<li>\ud83c\udf7d\ufe0f \u00d5htus\u00f6\u00f6k on hinna sees.<\/li>\n<li>\u23f3 Ekskursioon kestab umbes 6 tundi.<\/li>\n<li>\ud83e\udde5 Soe riietus on h\u00e4davajalik, kuna \u00f6\u00f6sel langeb temperatuur m\u00e4rkimisv\u00e4\u00e4rselt.<\/li>\n<li>\ud83d\udccc Palun esitage t\u00e4psed hotelli andmed, et tagada \u00f5ige pealev\u00f5tmise korraldus.<\/li>\n<li>\ud83c\udf25\ufe0f <strong>Ilmateade<\/strong>: T\u00e4htede vaatamise n\u00e4htavus s\u00f5ltub ilmastikutingimustest ja seda ei saa t\u00e4ielikult garanteerida. Operaator teeb alati oma parima, et pakkuda seda kogemust.<\/li>\n<\/ul>\n<h3>Ekskursioonieetikett ja eeskirjad<\/h3>\n<ul>\n<li>\ud83d\udd04 <strong>Paindlik t\u00fchistamine<\/strong>: Tasuta t\u00fchistamine kuni 48 tundi enne kogemust. Gruppidele kehtivad eritingimused: 5\u20137-liikmelised grupid v\u00f5ivad t\u00fchistada kuni 72 tundi enne kogemust. 8\u201314-liikmelised grupid peavad t\u00fchistama 4 p\u00e4eva enne kogemust. 15-liikmelised ja suuremad grupid peavad t\u00fchistama v\u00e4hemalt 6 p\u00e4eva enne kogemust.<\/li>\n<li>\ud83d\udd52 <strong>\u00d5igeaegsus<\/strong>: Palun olge valmis m\u00e4\u00e4ratud peatuspunktis, et v\u00e4ltida viivitusi \u00fclej\u00e4\u00e4nud grupi jaoks.<\/li>\n<li>\ud83d\udce2 <strong>J\u00e4rgige ajakava<\/strong>: K\u00fclalised peaksid j\u00e4rgima giidi juhiseid, et tagada k\u00f5igile sujuv ja meeldiv kogemus.<\/li>\n<\/ul>\n<h4>Abi ja vastutus ringreisil<\/h4>\n<ul>\n<li>\u2714\ufe0f <strong>Teenuse osutamise kohustus<\/strong>: CanaryVIP tagab sujuva broneerimisprotsessi ja selge suhtluse enne ekskursiooni. Tegevuse viib l\u00e4bi litsentseeritud kohalik operaator.<\/li>\n<li>\ud83d\udde3\ufe0f <strong>Abi ekskursiooni ajal<\/strong>: K\u00f5ik kogemuse k\u00e4igus tekkinud k\u00fcsimused v\u00f5i mured v\u00f5ib suunata otse giidile, kes on kohapeal abiks.<\/li>\n<li>\ud83d\udcb0 <strong>Reisiprobleemide puhul kehtiv tagasimaksepoliitika<\/strong>: Kui tegevuse k\u00e4igus juhtub midagi ootamatut, toimub tagasimaksmine vastavalt kehtestatud korrale, pidades alati esmat\u00e4htsaks l\u00e4bipaistvust ja k\u00fclaliste rahulolu.<\/li>\n<\/ul>\n<h3>\ud83c\udf0b\ud83d\ude8c\ud83c\udfde\ufe0f Broneeri oma Teide ekskursioon kohe<\/h3>\n<p>Teide \u00f6\u00f6sel on rahulik ja meeldej\u00e4\u00e4v viis avastada \u00fcks Tenerife ikoonilisemaid paiku. P\u00e4ikeseloojangu vaatamine rahvuspargist ja seej\u00e4rel \u00f6\u00f6taeva j\u00e4lgimine teeb sellest ekskursioonist lemmiku paaridele, peredele ja k\u00f5igile, kes soovivad kogeda Teidet teises valguses.<\/p>\n<p>Kui soovite parki ka p\u00e4eval avastada, v\u00f5ite tutvuda meie <a href=\"https:\/\/canaryvip.com\/et\/shop\/teide-guided-bus-tour\/\">Teide poolp\u00e4evane bussituur<\/a>. See p\u00e4evane variant h\u00f5lmab vulkaanilisi maastikke, vaateplatvorme, Vilaflori k\u00fcla ja Roques de Garc\u00eda, kus ilmastikuolude lubades on v\u00f5imalik s\u00f5ita ka k\u00f6israudteega.<\/p>\n<p>M\u00f5lema ekskursiooni broneerimine CanaryVIP kaudu v\u00f5imaldab teil nautida Teide t\u00e4ielikku kontrasti, alates selle p\u00e4evasest v\u00e4rvikusest kuni rahulike t\u00e4htede s\u00e4ravate \u00f6\u00f6deni.<\/p>\n<p>Teie Teide seiklus on valmis, kui teie olete valmis.<\/p>","protected":false},"excerpt":{"rendered":"<p><strong>\ud83d\udd0d Teide \u00f6\u00f6sel:<\/strong><br \/>\n\u2705 Turvaline makse.<br \/>\n\ud83d\uddfb K\u00fclastage Teide rahvusparki.<br \/>\n\ud83d\udd2d Professionaalsed teleskoobid.<br \/>\n\ud83c\udf20 Vaata t\u00e4hti ja t\u00e4htkujusid.<br \/>\n\ud83c\udf7d\ufe0f Kanaari s\u00f6\u00f6k sisaldab.<br \/>\n\ud83e\uddc3 Joogid kaasa arvatud.<br \/>\n\ud83d\udcc5 T, K, P, R, P, S.<br \/>\n\u23f0 Kestus Umbes 6h.<br \/>\n\ud83d\ude8c Hotelli pealev\u00f5tmine ja mahapanek.<br \/>\n\ud83d\udd04 48hr tasuta t\u00fchistamine.<br \/>\n\ud83e\udd11 Parim hind garanteeritud.<br \/>\n\ud83c\udf81 Saadaval on grupisoodustused.<br \/>\n\ud83c\udf0d Juhendid teie keeltes.<br \/>\n\ud83c\udf1f Broneeri kohe ja s\u00e4\u00e4sta!<\/p>","protected":false},"featured_media":11584,"comment_status":"open","ping_status":"closed","template":"","meta":{"_acf_changed":false},"product_brand":[],"product_cat":[52],"product_tag":[],"class_list":{"0":"post-11582","1":"product","2":"type-product","3":"status-publish","4":"has-post-thumbnail","6":"product_cat-bus-tours","7":"wcpa_has_options","9":"first","10":"instock","11":"sale","12":"virtual","13":"purchasable","14":"product-type-simple"},"acf":[],"wcpa_form_fields":{"wcpaData":{"product":{"product_price":79,"price_html":"From&nbsp;<del aria-hidden=\"true\"><span class=\"woocommerce-Price-amount amount\"><bdi>89,00&nbsp;<span class=\"woocommerce-Price-currencySymbol\">&euro;<\/span><\/bdi><\/span><\/del> <span class=\"screen-reader-text\">Esialgne hind oli: 89,00&nbsp;&euro;.<\/span><ins aria-hidden=\"true\"><span class=\"woocommerce-Price-amount amount\"><bdi>79,00&nbsp;<span class=\"woocommerce-Price-currencySymbol\">&euro;<\/span><\/bdi><\/span><\/ins><span class=\"screen-reader-text\">Praegune hind on: 79,00&nbsp;&euro;.<\/span>","original_product_price":89,"price_including_tax":79,"price_excluding_tax":79,"product_id":{"parent":11582,"variation":false},"is_variable":false,"stock_status":"instock","stock_quantity":null,"parent_sku":"CV11582","product_attributes":[],"custom_fields":[],"is_taxable":false,"product_name":"Star Tour Tenerife:<br\/>Teide by Night + Dinner","hasImage":false},"fields":{"sec_2665e36bde09f4":{"extra":{"key":"sec_2665e36bde09f4","section_id":"sec_2665e36bde09f4","name":"South Tenerife","status":1,"cl_rule":"show","enableCl":false,"relations":[{"operator":false,"rules":[{"operator":"AND","rules":{"cl_field":"radio-group_665df45fcbc30b","cl_relation":"is","cl_val":"Siam Park Regular Tickets"}}]}],"toggle":true,"title_tag":"h4","show_title":false,"showPrice":"default","form_id":11592,"form_rules":{"exclude_from_discount":true,"fee_label":"Fee","disp_hide_options_price":true,"disp_show_section_price":false,"disp_show_field_price":true,"layout_option":"standard","pric_use_as_fee":false,"process_fee_as":"woo_fee"},"layout_option":"standard"},"fields":[[{"label":"\ud83d\udcc5 Date","active":true,"required":true,"elementId":"date_10665e36bde0a12","picker_type":"custom","picker_mode":"single","placeholder":"","description":"","tooltip":"","name":"date_10665e36bde0a12","label_position":"default","desc_position":"default","enablePrice":false,"className":"","enableCl":false,"relations":[{"operator":"and","rules":[{"operator":"AND","rules":{"cl_field":"radio-group_665df45fcbc30b","cl_relation":"is","cl_val":"3 Hour Trip"}}]}],"date_pic_inline":true,"date_pic_inline_hide":true,"min_date":{"type":"days","val":"1"},"max_date":{"type":"days","val":"365"},"date_pic_conf":{"disabledWeeks":[1]},"price":"","cl_rule":"show","col":6,"type":"date","error":false,"enableDesign":false,"LabelColor":"","isWeightTemplate":false,"isTemplate":false,"min_quantity":"1","quantity_decimal":false,"quantity_step":"1","quantity_label":"Quantity","repeater_field_label":"{field_label}","repeater_bind":"","gt_translate_keys":["label","placeholder","description","tooltip","repeater_field_label","quantity_label"],"price_dependency":false,"cl_dependency":false,"value":""}],[{"elementId":"separator_8665e36bde0a21","separatorType":"blank","className":"","height":"10","enableCl":false,"relations":false,"cl_rule":"show","col":6,"type":"separator","gt_translate_keys":[],"price_dependency":false,"cl_dependency":false,"value":""}],[{"active":true,"col":6,"relations":false,"cl_rule":"show","enableCl":false,"price":"","enablePrice":false,"className":"","label_position":"default","desc_position":"default","type":"content","required":false,"elementId":"content_9665e36bde0a2d","label":"People","name":"content_9665e36bde0a2d","contentType":"plain","value":"","error":false,"show_in_checkout":true,"inline":false,"gt_translate_keys":["label","value"],"price_dependency":false,"cl_dependency":false}],[{"active":true,"col":6,"relations":[{"operator":false,"rules":[{"operator":"AND","rules":{"cl_field":"","cl_relation":"","cl_val":""}}]}],"cl_rule":"show","enableCl":true,"price":"79","enablePrice":true,"className":"","label_position":"default","desc_position":"default","type":"radio-group","required":false,"elementId":"radio-group_10665e36bde0a38","label":"","name":"radio-group_10665e36bde0a38","values":[{"label":"\ud83d\udc64 Adult (79\u20ac)","value":"Adult","selected":true,"tempId":"aco_32","tooltip":"+14 Years","description":"","gt_translate_keys":["label","tooltip","description"]}],"layOut":"","error":false,"checkUi":"button","priceOptions":"fixed_for_all","pricingType":"fixed","enable_quantity":true,"quantity_label":"","min_quantity":"0","options_tooltip":true,"options_description":true,"gt_translate_keys":["label","quantity_label"],"price_dependency":false,"cl_dependency":false,"value":""}],[{"label":"","active":true,"required":false,"elementId":"radio-group_10665e36bde0a43","name":"radio-group_10665e36bde0a43","label_position":"default","desc_position":"default","enablePrice":true,"className":"","enableCl":false,"relations":false,"enable_quantity":true,"quantity_label":"","min_quantity":"0","checkUi":"button","layOut":"","values":[{"label":"\ud83d\udc66 Child (49\u20ac)","value":"Child","selected":true,"tempId":"aco_32","tooltip":"4-13 Years","description":"","gt_translate_keys":["label","tooltip","description"]}],"priceOptions":"fixed_for_all","pricingType":"fixed","price":"49","cl_rule":"show","col":6,"type":"radio-group","error":false,"options_tooltip":true,"options_description":true,"gt_translate_keys":["label","quantity_label"],"price_dependency":false,"cl_dependency":false,"value":""}],[{"label":"","active":true,"required":false,"elementId":"radio-group-0497504259","name":"radio-group-0497504259","label_position":"default","desc_position":"default","enablePrice":true,"className":"","enableCl":false,"relations":false,"enable_quantity":true,"quantity_label":"","min_quantity":"0","checkUi":"button","layOut":"","options_tooltip":true,"options_description":true,"values":[{"label":"\ud83d\udc76 Infant (Free)","value":"Infant","selected":true,"tempId":"aco_32","tooltip":"0-3 Years","description":"","gt_translate_keys":["label","tooltip","description"]}],"priceOptions":"fixed_for_all","pricingType":"fixed","price":"0","cl_rule":"show","col":6,"type":"radio-group","error":false,"gt_translate_keys":["label","quantity_label"],"price_dependency":false,"cl_dependency":false,"value":""}],[{"active":true,"col":6,"relations":false,"cl_rule":"show","enableCl":false,"price":"","enablePrice":false,"className":"","label_position":"default","desc_position":"default","type":"select","required":false,"elementId":"select_5665e36bde0a4d","label":"\ud83c\udf0e Language","name":"select_5665e36bde0a4d","values":[{"label":"English","value":"English","selected":false,"tempId":"aco_389","gt_translate_keys":["label"]},{"label":"Spanish","value":"Spanish","selected":false,"tempId":"aco_390","gt_translate_keys":["label"]},{"label":"Deutsch","value":"Deutsch","selected":false,"tempId":"aco_409","gt_translate_keys":["label"]},{"label":"French","value":"French","selected":false,"tempId":"aco_581","gt_translate_keys":["label"]},{"label":"Dutch","value":"Dutch","selected":false,"tempId":"aco_672","gt_translate_keys":["label"]},{"label":"Italian","value":"Italian","selected":false,"tempId":"aco_700","gt_translate_keys":["label"]}],"dropdown_type":"basic","error":false,"isWeightTemplate":false,"isTemplate":false,"min_quantity":"1","quantity_decimal":false,"quantity_step":"1","quantity_label":"Quantity","repeater_field_label":"{field_label}","repeater_bind":"","placeholder":"Select Language","gt_translate_keys":["label","placeholder","repeater_field_label","quantity_label"],"price_dependency":false,"cl_dependency":false,"value":""}],[{"active":true,"col":6,"relations":false,"cl_rule":"show","enableCl":false,"price":"","enablePrice":false,"className":"","label_position":"default","desc_position":"default","type":"separator","required":false,"elementId":"separator_4665e36bde0a57","label":"Separator Field","height":"7","separatorType":"blank","error":false,"gt_translate_keys":["label"],"price_dependency":false,"cl_dependency":false,"value":""}],[{"active":true,"col":6,"relations":false,"cl_rule":"show","enableCl":false,"price":"","enablePrice":false,"className":"","label_position":"default","desc_position":"default","type":"text","subtype":"text","required":false,"elementId":"text_10665e36bde0a60","label":"\ud83d\ude8c Pickup Location","name":"text_10665e36bde0a60","value":"","description":"Included Pick-up service in South Tenerife. Simply provide your address or hotel name.","error":false,"gt_translate_keys":["label","description","value"],"price_dependency":false,"cl_dependency":false}]]}},"config":{"price_override":"always","enable_recaptcha":false,"bind_quantity":false,"quantity_bind_formula":false,"disp_summ_show_option_price":true,"disp_summ_show_product_price":false,"disp_summ_show_total_price":true,"disp_summ_show_fee":true,"disp_summ_show_discount":true,"summary_title":"","options_total_label":"Options Price","total_label":"Total Amount","options_product_label":"Product Price","fee_label":"Fee","discount_label":"Discount","has_price":true,"has_quantity_formula":false},"mc_unit":1,"tax_rate":1,"tax_rate_real":1,"discount":{"percentage":0,"fixed":0},"design":{"conf":{"LabelPosition":"above","DescPosition":"above","UploadField":"custom_1","QuantityFieldStyle":"custom_1"},"css":{"LeftLabelWidth":"120px"}},"formulas":[],"lookuptables":[],"clones":false,"cartKey":false}},"_links":{"self":[{"href":"https:\/\/canaryvip.com\/et\/wp-json\/wp\/v2\/product\/11582","targetHints":{"allow":["GET"]}}],"collection":[{"href":"https:\/\/canaryvip.com\/et\/wp-json\/wp\/v2\/product"}],"about":[{"href":"https:\/\/canaryvip.com\/et\/wp-json\/wp\/v2\/types\/product"}],"replies":[{"embeddable":true,"href":"https:\/\/canaryvip.com\/et\/wp-json\/wp\/v2\/comments?post=11582"}],"wp:featuredmedia":[{"embeddable":true,"href":"https:\/\/canaryvip.com\/et\/wp-json\/wp\/v2\/media\/11584"}],"wp:attachment":[{"href":"https:\/\/canaryvip.com\/et\/wp-json\/wp\/v2\/media?parent=11582"}],"wp:term":[{"taxonomy":"product_brand","embeddable":true,"href":"https:\/\/canaryvip.com\/et\/wp-json\/wp\/v2\/product_brand?post=11582"},{"taxonomy":"product_cat","embeddable":true,"href":"https:\/\/canaryvip.com\/et\/wp-json\/wp\/v2\/product_cat?post=11582"},{"taxonomy":"product_tag","embeddable":true,"href":"https:\/\/canaryvip.com\/et\/wp-json\/wp\/v2\/product_tag?post=11582"}],"curies":[{"name":"wp","href":"https:\/\/api.w.org\/{rel}","templated":true}]}}