{"id":11531,"date":"2024-05-21T11:43:07","date_gmt":"2024-05-21T10:43:07","guid":{"rendered":"https:\/\/canaryvip.com\/?post_type=product&#038;p=11531"},"modified":"2025-06-29T00:06:38","modified_gmt":"2025-06-28T23:06:38","slug":"history-music-tenerife","status":"publish","type":"product","link":"https:\/\/canaryvip.com\/et\/shop\/history-music-tenerife\/","title":{"rendered":"Ajalugu, muusika areng:<br\/>Tenerife Night Show"},"content":{"rendered":"<h2>\ud83c\udfb6 Avastage ajalugu, muusika areng Tenerifel<\/h2>\n<p>Sukeldu unustamatule muusikalisele teekonnale \"History: The Evolution of Music Show\" Tenerifel, mida uhkusega esitab Auditorio Pir\u00e1mide de Arona. See suurejooneline \u00fcritus, mis on saadaval CanaryVIP kaudu, tutvustab muusikaajaloo k\u00f5ige ikoonilisemaid hetki, esitades 30 andeka artisti mitmekesise ansambli 15 erinevast riigist.<\/p>\n<p>Kogege kaasahaaravat \u00f5htut elava muusika, hoogsa tantsu ja uimastavate koreograafiate saatel, mis on austusavaldus muusikalegendadele Mozartist Michael Jacksonini. See 2-tunnine etendus koos 15-minutilise vaheajaga lubab \u00f5htu t\u00e4is r\u00fctme ja helisid, mis on meie maailma kujundanud.<\/p>\n<h3>\ud83c\udf1f Teekond l\u00e4bi muusikaliste ajastute<\/h3>\n<p><strong>Muusika areng:<\/strong> See etendus viib teid h\u00fcpnotiseerivale ajar\u00e4nnakule, t\u00e4histades Beethoveni, Caruso, Elvise, Beatlesi, Queeni, ABBA, Pink Floydi ja paljude teiste teoseid. Alates keskajast kuni t\u00e4nap\u00e4evaste hittideni, iga ajastu elustub hingematva audiovisuaalse materjali ja pimestavate kost\u00fc\u00fcmide abil.<\/p>\n<p><strong>D\u00fcnaamiline j\u00f5udlus:<\/strong> Lavastus \u00fchendab endas elavat muusikat, tantsu, teatrit ja akrobaatikat ning loob d\u00fcnaamilise ja kaasahaarava elamuse, mis sobib igale vanusele. H\u00e4mmastavad etendused ja kuulsate soundtrack'ide ja Broadway hittide live-t\u00f5lgendused tagavad igale osalejale meeldej\u00e4\u00e4va \u00f5htu.<\/p>\n<h3>\ud83d\udccd Toimumiskoht ja ajakava<\/h3>\n<p><strong>Asukoht:<\/strong> N\u00e4itus toimub elegantses <a href=\"https:\/\/www.google.com\/maps\/place\/Pir%C3%A1mide+de+Arona\/@28.05472,-16.7337319,17z\/data=!3m1!4b1!4m6!3m5!1s0xc6a977926d44d3d:0x16c097dc6a370b29!8m2!3d28.05472!4d-16.731157!16s%2Fg%2F1vyxknvw?entry=tts&amp;g_ep=EgoyMDI0MDUxOC4wKgBIAVAD\" target=\"_blank\" rel=\"noopener\">Auditorio Pir\u00e1mide de Arona<\/a>, mis asub Playa de las Am\u00e9ricas, Tenerife. Oasis kaubanduskeskuses, mis asub otse toimumiskoha ees, on olemas rikkalik maa-alune parkla.<\/p>\n<p><strong>Ajakava:<\/strong> Etendus toimub igal laup\u00e4eval, uksed avatakse kell 20:00 ja etendus algab kell 21:00. Istekohti ei ole m\u00e4\u00e4ratud, seega saabumise j\u00e4rjekorras.<\/p>\n<h3>\ud83c\udf9f\ufe0f Piletivalikud ja hinnad<\/h3>\n<p>CanaryVIP pakub pileteid filmile \"History: The Evolution of Music Show\" parima hinna garantiiga. Piletite hind on 49 eurot inimese kohta. Nautige grupisoodustusi, et kogemus oleks taskukohasem, mist\u00f5ttu sobib see ideaalselt peredele, s\u00f5pradele ja eriliste s\u00fcndmuste puhul. Broneeri kohe, et kindlustada endale koht unustamatuks \u00f5htuks.<\/p>\n<h3>\ud83d\udcc5 Paindlik broneerimis- ja t\u00fchistamispoliitika<\/h3>\n<p><strong>Tasuta t\u00fchistamised:<\/strong> T\u00fchista kuni 24 tundi enne etenduse algust, et saada raha tagasi. Kui te ei t\u00fchista v\u00f5i ei tule kohale, ei ole teil \u00f5igust raha tagasi saada.<\/p>\n<p><strong>Privaatn\u00e4itused:<\/strong> Pakume ka v\u00f5imalust broneerida erietendusi firma\u00fcrituste ja eri\u00fcrituste jaoks. <a href=\"https:\/\/canaryvip.com\/et\/contact\/\">V\u00f5tke meiega \u00fchendust<\/a> lisateavet isikup\u00e4rastatud \u00fcrituse korraldamise kohta.<\/p>\n<h3>\ud83d\udc57 R\u00f5ivakoodeks ja lisainfo<\/h3>\n<p><strong>Riietuskood:<\/strong> Soovitatav on elegantne ja vabaaja riietus, mis t\u00e4iendab elegantset keskkonda. Teksad ja kena t-s\u00e4rk on vastuv\u00f5etavad, kuid spordiriietus ja l\u00fchikesed p\u00fcksid on keelatud, et s\u00e4ilitada n\u00e4ituse rafineeritud atmosf\u00e4\u00e4r.<\/p>\n<p><strong>N\u00e4ita sissep\u00e4\u00e4su:<\/strong> Mugav juurdep\u00e4\u00e4s \"Ajalugu: The Evolution of Music Show\", kasutage selleks etten\u00e4htud sissep\u00e4\u00e4su, mis asub hotelli peasissek\u00e4igu vasakul pool. See sissep\u00e4\u00e4s on reserveeritud spetsiaalselt show's osalejatele, tagades sujuva ja probleemivaba sisenemise.<\/p>\n<h3>\ud83c\udfad Tulge meiega \u00fchele unustamatule \u00f5htule!<\/h3>\n<p>Kogemused \"Ajalugu: Evolution of Music Show\" koos CanaryVIP-ga. Laske end kaasa v\u00f5tta reisile l\u00e4bi muusika rikkaliku ajaloo, mille live-esinemised v\u00f5luvad ja inspireerivad.<\/p>\n<p>Kindlustage oma piletid kohe, et nautida elegantset \u00f5htut, meelelahutust ja kultuurilist s\u00fcvenemist Tenerife s\u00fcdames.<\/p>\n<p>Broneerige oma piletid sellele kohustuslikule \u00f5htusele show'le Tenerifel juba t\u00e4na! \ud83c\udf1f\ud83c\udfb6<\/p>","protected":false},"excerpt":{"rendered":"<p><strong>\ud83d\udd0d \"History\" muusikasaade:<\/strong><br \/>\n\u2705 Turvaline makse.<br \/>\n\ud83c\udfa4 Muusika-show.<br \/>\n\ud83c\udfb6 +30 andekad kunstnikud.<br \/>\n\ud83d\udcc6 Igal laup\u00e4eval.<br \/>\n\u23f0 Uks avaneb 20:00.<br \/>\n\ud83d\udd58 Show algab kell 21:00.<br \/>\n\u23f3 Kestus \u2248 2:15h<br \/>\n\ud83c\udf0d Inglise v\u00f5\u00f5rustaja.<br \/>\n\ud83d\ude80 Uus n\u00e4itus Tenerifel!<br \/>\n\ud83e\udd11 Parim hind garanteeritud.<br \/>\n\ud83d\udc6a Grupile tehtavad soodustused.<br \/>\n\ud83d\udd01 Tasuta t\u00fchistamine kuni 24h.<br \/>\n\ud83d\udccd Toimumiskoht aadressil <a href=\"https:\/\/www.google.com\/maps\/place\/Pir%C3%A1mide+de+Arona\/@28.05472,-16.7337319,17z\/data=!3m1!4b1!4m6!3m5!1s0xc6a977926d44d3d:0x16c097dc6a370b29!8m2!3d28.05472!4d-16.731157!16s%2Fg%2F1vyxknvw?entry=tts&amp;g_ep=EgoyMDI0MDUxOC4wKgBIAVAD\">Pir\u00e1mide de Arona.<\/a><\/p>","protected":false},"featured_media":11532,"comment_status":"open","ping_status":"closed","template":"","meta":{"_acf_changed":false},"product_brand":[],"product_cat":[59],"product_tag":[],"class_list":{"0":"post-11531","1":"product","2":"type-product","3":"status-publish","4":"has-post-thumbnail","6":"product_cat-evening-shows","7":"wcpa_has_options","9":"first","10":"instock","11":"virtual","12":"purchasable","13":"product-type-simple"},"acf":[],"wcpa_form_fields":{"wcpaData":{"product":{"product_price":49,"price_html":"From&nbsp;<span class=\"woocommerce-Price-amount amount\"><bdi>49,00&nbsp;<span class=\"woocommerce-Price-currencySymbol\">&euro;<\/span><\/bdi><\/span>","original_product_price":49,"price_including_tax":49,"price_excluding_tax":49,"product_id":{"parent":11531,"variation":false},"is_variable":false,"stock_status":"instock","stock_quantity":null,"parent_sku":"CV11531","product_attributes":[],"custom_fields":[],"is_taxable":false,"product_name":"History, The Evolution of Music:<br\/>Tenerife Night Show","hasImage":false},"fields":{"sec_10664c7e1fdf7bf":{"extra":{"key":"sec_10664c7e1fdf7bf","section_id":"sec_10664c7e1fdf7bf","name":"Tickets","status":1,"cl_rule":"show","enableCl":false,"relations":[{"operator":false,"rules":[{"operator":"AND","rules":{"cl_field":"radio-group_5664c7e1fdf7be","cl_relation":"is","cl_val":"Gold Entrance"}}]}],"toggle":true,"title_tag":"h4","show_title":false,"showPrice":"default","form_id":11537,"form_rules":{"exclude_from_discount":true,"fee_label":"Fee","disp_hide_options_price":true,"disp_show_section_price":false,"disp_show_field_price":true,"layout_option":"standard","pric_use_as_fee":false,"process_fee_as":"woo_fee"},"layout_option":"standard"},"fields":[[{"label":"\ud83d\udcc5 Date","active":true,"required":true,"elementId":"date_7664c7e1fdf7ad","picker_type":"custom","picker_mode":"single","placeholder":"","description":"","tooltip":"","name":"date_7664c7e1fdf7ad","label_position":"default","desc_position":"default","enablePrice":false,"className":"","enableCl":false,"relations":[{"operator":"and","rules":[{"operator":"AND","rules":{"cl_field":"radio-group_5664c7e1fdf7be","cl_relation":"is_not_empty","cl_val":"3 Hour Trip"}}]}],"date_pic_inline":true,"date_pic_inline_hide":true,"min_date":{"type":"days","val":"0"},"max_date":{"type":"days","val":"365"},"date_pic_conf":{"disabledWeeks":[0,1,2,3,4,5],"disabledDates":["2025-09-20","2025-09-29","2025-10-04","2025-11-13 to 2025-12-13","2026-09-26","2026-10-10","2026-10-17"]},"price":"","cl_rule":"show","col":6,"type":"date","error":false,"enableDesign":false,"LabelColor":"","date_conf_custom":{"minDate":"let d = new Date();\nif (d.getHours() >= 21) {\n  d.setDate(d.getDate() + 1);\n} else {\n  d.setDate(d.getDate() + 0);\n}\nreturn d;"},"isWeightTemplate":false,"isTemplate":false,"min_quantity":"1","quantity_decimal":false,"quantity_step":"1","quantity_label":"Quantity","repeater_field_label":"{field_label}","repeater_bind":"","gt_translate_keys":["label","placeholder","description","tooltip","repeater_field_label","quantity_label"],"price_dependency":false,"cl_dependency":false,"value":""}],[{"active":true,"col":6,"relations":false,"cl_rule":"show","enableCl":false,"price":"","enablePrice":false,"className":"","label_position":"default","desc_position":"default","type":"separator","required":false,"elementId":"separator_7664c7e1fdf7cc","label":"Separator Field","height":"8","separatorType":"blank","error":false,"gt_translate_keys":["label"],"price_dependency":false,"cl_dependency":false,"value":""}],[{"active":true,"col":6,"relations":false,"cl_rule":"show","enableCl":false,"price":"","enablePrice":false,"className":"","label_position":"default","desc_position":"default","type":"content","required":false,"elementId":"content_1664c7e1fdf7d8","label":"People","name":"content_1664c7e1fdf7d8","contentType":"plain","value":"","error":false,"show_in_checkout":true,"inline":false,"gt_translate_keys":["label","value"],"price_dependency":false,"cl_dependency":false}],[{"active":true,"col":6,"relations":[{"operator":false,"rules":[{"operator":"AND","rules":{"cl_field":"","cl_relation":"","cl_val":""}}]}],"cl_rule":"show","enableCl":true,"price":"49","enablePrice":true,"className":"","label_position":"default","desc_position":"default","type":"radio-group","required":false,"elementId":"radio-group_9664c7e1fdf7e3","label":"","name":"radio-group_9664c7e1fdf7e3","values":[{"label":"\ud83d\udc64 Adult (49\u20ac)","value":"Adult (49\u20ac)","selected":true,"tempId":"aco_32","tooltip":"+16 Years","description":"","gt_translate_keys":["label","tooltip","description"]}],"layOut":"","error":false,"checkUi":"button","priceOptions":"fixed_for_all","pricingType":"fixed","enable_quantity":true,"quantity_label":"","min_quantity":"0","options_tooltip":true,"options_description":true,"gt_translate_keys":["label","quantity_label"],"price_dependency":false,"cl_dependency":false,"value":""}],[{"label":"","active":true,"required":false,"elementId":"radio-group_3664c7e1fdf7ef","name":"radio-group_3664c7e1fdf7ef","label_position":"default","desc_position":"default","enablePrice":true,"className":"","enableCl":true,"relations":[{"operator":false,"rules":[{"operator":"AND","rules":{"cl_field":"","cl_relation":"","cl_val":""}}]}],"enable_quantity":true,"quantity_label":"","min_quantity":"0","checkUi":"button","layOut":"","options_tooltip":true,"options_description":true,"values":[{"label":"\ud83d\udc66 Child (25\u20ac)","value":"Child","selected":true,"tempId":"aco_32","tooltip":"5-15 Years","description":"","gt_translate_keys":["label","tooltip","description"]}],"priceOptions":"fixed_for_all","pricingType":"fixed","price":"25","cl_rule":"show","col":6,"type":"radio-group","error":false,"gt_translate_keys":["label","quantity_label"],"price_dependency":false,"cl_dependency":false,"value":""}],[{"label":"","active":true,"required":false,"elementId":"radio-group-9164063374","name":"radio-group-9164063374","label_position":"default","desc_position":"default","enablePrice":true,"className":"","enableCl":true,"relations":[{"operator":false,"rules":[{"operator":"AND","rules":{"cl_field":"","cl_relation":"","cl_val":""}}]}],"enable_quantity":true,"quantity_label":"","min_quantity":"0","checkUi":"button","layOut":"","options_tooltip":true,"options_description":true,"values":[{"label":"\ud83d\udc76 Toddler (Free)","value":"Toddler","selected":true,"tempId":"aco_32","tooltip":"0-4 Years","description":"","gt_translate_keys":["label","tooltip","description"]}],"priceOptions":"fixed_for_all","pricingType":"fixed","price":"0","cl_rule":"show","col":6,"type":"radio-group","error":false,"gt_translate_keys":["label","quantity_label"],"price_dependency":false,"cl_dependency":false,"value":""}]]}},"config":{"price_override":"always","enable_recaptcha":false,"bind_quantity":false,"quantity_bind_formula":false,"disp_summ_show_option_price":true,"disp_summ_show_product_price":false,"disp_summ_show_total_price":true,"disp_summ_show_fee":true,"disp_summ_show_discount":true,"summary_title":"","options_total_label":"Options Price","total_label":"Total Amount","options_product_label":"Product Price","fee_label":"Fee","discount_label":"Discount","has_price":true,"has_quantity_formula":false},"mc_unit":1,"tax_rate":1,"tax_rate_real":1,"discount":{"percentage":0,"fixed":0},"design":{"conf":{"LabelPosition":"above","DescPosition":"above","UploadField":"custom_1","QuantityFieldStyle":"custom_1"},"css":{"LeftLabelWidth":"120px"}},"formulas":[],"lookuptables":[],"clones":false,"cartKey":false}},"_links":{"self":[{"href":"https:\/\/canaryvip.com\/et\/wp-json\/wp\/v2\/product\/11531","targetHints":{"allow":["GET"]}}],"collection":[{"href":"https:\/\/canaryvip.com\/et\/wp-json\/wp\/v2\/product"}],"about":[{"href":"https:\/\/canaryvip.com\/et\/wp-json\/wp\/v2\/types\/product"}],"replies":[{"embeddable":true,"href":"https:\/\/canaryvip.com\/et\/wp-json\/wp\/v2\/comments?post=11531"}],"wp:featuredmedia":[{"embeddable":true,"href":"https:\/\/canaryvip.com\/et\/wp-json\/wp\/v2\/media\/11532"}],"wp:attachment":[{"href":"https:\/\/canaryvip.com\/et\/wp-json\/wp\/v2\/media?parent=11531"}],"wp:term":[{"taxonomy":"product_brand","embeddable":true,"href":"https:\/\/canaryvip.com\/et\/wp-json\/wp\/v2\/product_brand?post=11531"},{"taxonomy":"product_cat","embeddable":true,"href":"https:\/\/canaryvip.com\/et\/wp-json\/wp\/v2\/product_cat?post=11531"},{"taxonomy":"product_tag","embeddable":true,"href":"https:\/\/canaryvip.com\/et\/wp-json\/wp\/v2\/product_tag?post=11531"}],"curies":[{"name":"wp","href":"https:\/\/api.w.org\/{rel}","templated":true}]}}