{"id":11493,"date":"2024-05-14T14:46:09","date_gmt":"2024-05-14T13:46:09","guid":{"rendered":"https:\/\/canaryvip.com\/?post_type=product&#038;p=11493"},"modified":"2025-08-09T14:10:34","modified_gmt":"2025-08-09T13:10:34","slug":"scuba-diving-open-water-course-tenerife","status":"publish","type":"product","link":"https:\/\/canaryvip.com\/et\/shop\/scuba-diving-open-water-course-tenerife\/","title":{"rendered":"PADI sukeldumine: Tenerife"},"content":{"rendered":"<h2><strong>\ud83e\udd3f PADI avatud vee sukeldumiskursus Tenerifel<\/strong><\/h2>\n<p>Avasta parimad sukeldumiskogemused meie PADI Scuba Diving Open Water Course'iga Tenerifel. Hangi oma sukeldumisluba ja uuri Tenerife veealuse maailma imesid. Meie kursused on m\u00f5eldud selleks, et valmistada teid ette sukeldumiseks mis tahes tingimustes, mist\u00f5ttu on Tenerife ideaalne koht oma sukeldumisreisi alustamiseks.<\/p>\n<h3><strong>\u23f1\ufe0f PADI avatud vee sukeldumiskursus: Kogemust ei ole vaja!<\/strong><\/h3>\n<ul>\n<li><strong>Sertifitseerimine:<\/strong> Saate Tenerifel oma PADI Open Water sertifikaadi, mis v\u00f5imaldab teil sukelduda k\u00f5ikjal maailmas, sealhulgas teistes riikides.<\/li>\n<li><strong>Asukoht:<\/strong> Meie kursused toimuvad Los Cristianose professionaalses sukeldumiskoolis.<\/li>\n<li><strong>Kestus:<\/strong> Kursus kestab 2-3 p\u00e4eva, mis sisaldab 4 sukeldumist ja p\u00f5hjalikke teooria\u00f5ppetunde.<\/li>\n<\/ul>\n<h3><strong>\ud83c\udf0a P\u00f5hjalikud sukeldumistunnid Tenerifel<\/strong><\/h3>\n<ul>\n<li><strong>Koolitus:<\/strong> \u00d5pi sukelduma koos k\u00f5rgelt koolitatud PADI instruktoriga, sukeldudes kuni 18 meetri s\u00fcgavusele. Kogege veealust maailma nagu kunagi varem, m\u00f5istes ookeanivoolusid, mereelu ja veealuseid seadusi.<\/li>\n<li><strong>Laste kursus:<\/strong> Noored sukeldujad vanuses 10-14 aastat saavad teenida ka Junior PADI Open Water sertifikaadi, kus saab sukelduda kuni 12 meetri s\u00fcgavusele.<\/li>\n<li>T\u00e4ielik varustus.<\/li>\n<\/ul>\n<h3><strong>\ud83d\udc22 Sukeldumistingimused Tenerifel<\/strong><\/h3>\n<ul>\n<li><strong>Vee temperatuur:<\/strong> Nautige mugavaid sukeldumistingimusi aastaringselt temperatuuriga 18-25 \u00b0C (64-77 \u00b0F).<\/li>\n<li><strong>N\u00e4htavus:<\/strong> Kogege selget veealust n\u00e4htavust 15-30 meetri s\u00fcgavusel, mis sobib ideaalselt mitmesuguste mereelustike, n\u00e4iteks raide, kilpkonnade, kaheksajalgsete ja muude liikide vaatlemiseks.<\/li>\n<li><strong>Mugav asukoht:<\/strong> Sukeldumiskool asub Los Cristianoses, kust on lihtne p\u00e4\u00e4seda tipptasemel sukeldumiskohtadesse ja kuhu saab soovi korral Tenerife l\u00f5unaosas ka ise kohale tulla.<\/li>\n<\/ul>\n<h3><strong>\u2705 Mida sisaldab sinu PADI kursus Tenerifel?<\/strong><\/h3>\n<ul>\n<li>Valikuline pealev\u00f5tmis- ja mahapanekuteenus.<\/li>\n<li>Kogenud instruktorite juhendatud sukeldumistunnid.<\/li>\n<li>Kapid isiklike asjade jaoks.<\/li>\n<li>20-45 minutit sukeldumise aega seansi kohta.<\/li>\n<li>Mitmekeelsed juhendid selgete juhiste saamiseks.<\/li>\n<\/ul>\n<h3><strong>\u2696\ufe0f Tenerife sukeldumise broneerimis- ja t\u00fchistamisp\u00f5him\u00f5tted<\/strong><\/h3>\n<ul>\n<li><strong>Paindlik t\u00fchistamine:<\/strong> T\u00fchista kuni 48 tundi enne sukeldumist ja saad kogu raha tagasi. Me m\u00f5istame, et plaanid v\u00f5ivad muutuda.<\/li>\n<li><strong>S\u00f5ltub ilmast:<\/strong> Halva ilma korral saate ajakava \u00fcmber teha v\u00f5i raha t\u00e4ies ulatuses tagasi saada. Teavitame teid v\u00e4hemalt tund aega ette.<\/li>\n<li><strong>Meditsiinilised n\u00f5uded:<\/strong> Enne sukeldumist tuleb t\u00e4ita meditsiiniline vorm, et veenduda, et olete sukeldumiseks sobiv.<\/li>\n<\/ul>\n<h3><strong>\ud83c\udf92 Sukeldumisseikluseks ettevalmistamine<\/strong><\/h3>\n<ul>\n<li><strong>Mida kaasa v\u00f5tta:<\/strong> Ujumisriided, flip-flops, r\u00e4tik ja CanaryVIP pilet (kas tr\u00fckitud v\u00f5i telefonis).<\/li>\n<li><strong>Tervis ja ohutus:<\/strong> Sukeldumine ei ole soovitatav \u00fcle 5 kuu pikkustele rasedatele. Osalejad peavad tundma end vees mugavalt ja oskama ujuda.<\/li>\n<li><strong>Varustus:<\/strong> K\u00f5ik vajalikud sukeldumisvahendid on olemas. Isikliku varustuse kaasav\u00f5tmine v\u00f5ib suurendada teie mugavust.<\/li>\n<\/ul>\n<h3>\u2753 <strong>KKK: Teie sukeldumisk\u00fcsimused Vastatud<\/strong><\/h3>\n<ul>\n<li><strong>Kas ma vajan eelnevat sukeldumiskogemust?<\/strong> Ei, meie kursused on m\u00f5eldud algajatele. Ole lihtsalt valmis p\u00f5nevaks veealuseks seikluseks.<\/li>\n<li><strong>Mida ma peaksin kandma?<\/strong> Pakume k\u00f5iki vajalikke ohutus- ja sukeldumisvahendeid.<\/li>\n<li><strong>Kas on vanusepiirangud?<\/strong> Sobib 10-aastastele ja vanematele. Lapsed vanuses 10-14 v\u00f5ivad registreeruda Junior Open Water kursusele.<\/li>\n<li><strong>Mis siis, kui ma ei n\u00e4e kilpkonni ega raisid?<\/strong> Kuigi vaatlused on tavalised, ei saa neid garanteerida, sest see s\u00f5ltub loodusest.<\/li>\n<\/ul>\n<h3><strong>\ud83d\udcc5 Kursuse \u00fcksikasjad<\/strong><\/h3>\n<ul>\n<li><strong>Kestus:<\/strong> Kursus kestab 2-3 p\u00e4eva, sisaldab 4 sukeldumist ja teooriatunde.<\/li>\n<li><strong>Minimaalne vanus:<\/strong> 10 aastat. Noortesukeldujad (vanuses 10-14 aastat) on sertifitseeritud sukelduma kuni 12 meetri s\u00fcgavusele.<\/li>\n<li><strong>Sertifitseerimine:<\/strong> P\u00e4rast kursuse l\u00f5petamist saad PADI Open Water Diveri tunnistuse, mis v\u00f5imaldab sul sukelduda kuni 18 meetri s\u00fcgavusele k\u00f5ikjal maailmas, alati koos partneriga.<\/li>\n<li><strong>Kursuse struktuur:<\/strong>\n<ul>\n<li><strong>Teooria:<\/strong> \u00d5ppige varustuse, ohutuse ja veealuse navigatsiooni kohta, mille saab enne kursuse algust veebip\u00f5hiselt l\u00e4bida.<\/li>\n<li><strong>Praktilised harjutused:<\/strong> Saate oma varustuse kasutamisel kindlustunde veealuste ja pinnal\u00e4hedaste harjutuste abil.<\/li>\n<li><strong>Sukeldumine:<\/strong> 4 sukeldumist - 2 kuni 12 meetri s\u00fcgavusele ja 2 kuni 18 meetri s\u00fcgavusele, harjutades teooria- ja praktilistes \u00f5ppesessioonides \u00f5pitud oskusi.<\/li>\n<\/ul>\n<\/li>\n<li><strong>Varustus:<\/strong> Kogu vajalik varustus on kursuse hinna sees.<\/li>\n<li><strong>Sertifitseerimine juunioridele:<\/strong> Lapsed vanuses 10-14 aastat saavad Junior Open Water Diver sertifikaadi, mis v\u00f5imaldab sukelduda kuni 12 meetri s\u00fcgavusele.<\/li>\n<\/ul>\n<h4><strong>\ud83c\udf1e Valmis sukelduma?<\/strong><\/h4>\n<p>Alustage unustamatut PADI kursust. <a href=\"https:\/\/canaryvip.com\/et\/shop\/scuba-diving-tenerife\/\">Sukeldumine<\/a> Avatud vee kursus Tenerifel. \u00dcksk\u00f5ik, kas sukeldute Los Cristianosest, j\u00e4lgite kilpkonni v\u00f5i uurite elavat mereelu, teie seiklus koos CanaryVIP-ga lubab p\u00f5nevust ja p\u00fcsivaid m\u00e4lestusi.<\/p>\n<p>Broneeri oma koht juba t\u00e4na ja sukeldu koos CanaryVIP-ga ookeani imedesse! \ud83e\udd3f\ud83d\udc22\ud83c\udf0a<\/p>","protected":false},"excerpt":{"rendered":"<p><strong>\ud83d\udd0d PADI kursus Tenerifel:<\/strong><br \/>\n\u2705 Turvaline makse.<br \/>\n\ud83c\udfab PADI sertifikaadi saamine.<br \/>\n\ud83d\udc20 Mereloomade n\u00e4gemine.<br \/>\n\ud83d\ude80 2-3 p\u00e4eva Kursuse kestus.<br \/>\n\ud83e\udd3f Varustatud seadmed.<br \/>\n\ud83d\udd59 Hommikune lahkumine.<br \/>\n\ud83d\udcc5 Saadaval iga p\u00e4ev.<br \/>\n\ud83d\ude0e Sukeldumiskogemust ei ole vaja.<br \/>\n\ud83c\udfca\ud83c\udffc Vajalik p\u00f5hiline ujumine.<br \/>\n\ud83e\udd11 Parim hind garanteeritud.<br \/>\n\ud83d\ude8d Valikuline transporditeenus.<br \/>\n\ud83d\udc6a Grupisoodustused.<br \/>\n\ud83d\udd01 48 T\u00fchistamispoliitika.<br \/>\n\ud83c\udf0d Inglise ja hispaania keele juhendid.<br \/>\n\ud83c\udf1f Broneeri varakult ja s\u00e4\u00e4sta.<br \/>\n\ud83d\udccd Lahkumine\u00a0<a href=\"https:\/\/maps.app.goo.gl\/g9c9rZaJv7igjr3t8\">Los Cristianos<\/a>.<\/p>","protected":false},"featured_media":11503,"comment_status":"open","ping_status":"closed","template":"","meta":{"_acf_changed":false},"product_brand":[],"product_cat":[53],"product_tag":[],"class_list":{"0":"post-11493","1":"product","2":"type-product","3":"status-publish","4":"has-post-thumbnail","6":"product_cat-water-sports","7":"wcpa_has_options","9":"first","10":"instock","11":"virtual","12":"purchasable","13":"product-type-simple"},"acf":[],"wcpa_form_fields":{"wcpaData":{"product":{"product_price":370,"price_html":"From&nbsp;<span class=\"woocommerce-Price-amount amount\"><bdi>370,00&nbsp;<span class=\"woocommerce-Price-currencySymbol\">&euro;<\/span><\/bdi><\/span>","original_product_price":370,"price_including_tax":370,"price_excluding_tax":370,"product_id":{"parent":11493,"variation":false},"is_variable":false,"stock_status":"instock","stock_quantity":null,"parent_sku":"CV11493","product_attributes":[],"custom_fields":[],"is_taxable":false,"product_name":"PADI Scuba Diving: Open Water Course Tenerife","hasImage":false},"fields":{"sec_46644afc54864b":{"extra":{"key":"sec_46644afc54864b","section_id":"sec_46644afc54864b","name":"Default","status":1,"cl_rule":"show","enableCl":false,"relations":[],"toggle":true,"title_tag":"h3","show_title":false,"showPrice":"default","form_id":11507,"form_rules":{"exclude_from_discount":true,"fee_label":"Fee","disp_hide_options_price":true,"disp_show_section_price":false,"disp_show_field_price":true,"layout_option":"standard","pric_use_as_fee":false,"process_fee_as":"woo_fee"},"layout_option":"standard"},"fields":[[{"label":"\ud83d\udcc5 Date","active":true,"required":true,"elementId":"date_96644afc54866b","picker_type":"custom","picker_mode":"single","placeholder":"","description":"","tooltip":"","name":"date_96644afc54866b","label_position":"default","desc_position":"default","enablePrice":false,"className":"","enableCl":false,"relations":[{"operator":"and","rules":[{"operator":"AND","rules":{"cl_field":"radio-group_4664295c2b9c39","cl_relation":"is","cl_val":"3 Hour Trip"}}]}],"date_pic_inline":true,"date_pic_inline_hide":true,"min_date":{"type":"days","val":"1"},"max_date":{"type":"days","val":"365"},"date_pic_conf":{"disabledWeeks":[]},"price":"","cl_rule":"show","col":6,"type":"date","error":false,"enableDesign":false,"LabelColor":"","gt_translate_keys":["label","placeholder","description","tooltip"],"price_dependency":false,"cl_dependency":false,"value":""}],[{"active":true,"col":6,"relations":false,"cl_rule":"show","enableCl":false,"price":"","enablePrice":false,"className":"","label_position":"default","desc_position":"default","type":"separator","required":false,"elementId":"separator_76644afc54867a","label":"Separator Field","height":"2","separatorType":"blank","error":false,"gt_translate_keys":["label"],"price_dependency":false,"cl_dependency":false,"value":""}]]},"sec_06644afc54875a":{"extra":{"key":"sec_06644afc54875a","section_id":"sec_06644afc54875a","name":"Dive with a License","status":1,"cl_rule":"show","enableCl":false,"relations":[{"operator":false,"rules":[{"operator":"AND","rules":{"cl_field":"radio-group_26644afc548687","cl_relation":"is","cl_val":"Dive with a License"}}]}],"toggle":true,"title_tag":"h4","show_title":false,"showPrice":"default","form_id":11507,"form_rules":{"exclude_from_discount":true,"fee_label":"Fee","disp_hide_options_price":true,"disp_show_section_price":false,"disp_show_field_price":true,"layout_option":"standard","pric_use_as_fee":false,"process_fee_as":"woo_fee"},"layout_option":"standard"},"fields":[[{"contentType":"rich","active":true,"label":"","elementId":"content_46644afc54876d","value":"<p>\ud83c\udf9f\ufe0f <strong>Reservation<\/strong>: Pay only a deposit now to reserve; the rest is due on the day of the activity upon arrival.<\/p>","inline":true,"show_in_checkout":true,"name":"content_46644afc54876d","enablePrice":false,"className":"","subtype":"div","enableCl":false,"relations":false,"price":"","cl_rule":"show","col":6,"type":"content","gt_translate_keys":["label","value"],"price_dependency":false,"cl_dependency":false}],[{"active":true,"col":6,"relations":false,"cl_rule":"show","enableCl":false,"price":"","enablePrice":true,"className":"","label_position":"default","desc_position":"default","type":"select","required":false,"elementId":"select_96644afc548776","label":"\ud83e\udeaa PADI Open Water Course","name":"select_96644afc548776","values":[{"label":"1 Person (370\u20ac)","value":"1","selected":false,"tempId":"aco_6352","price":"370","gt_translate_keys":["label"]},{"label":"2 People (740\u20ac)","value":"2","selected":false,"tempId":"aco_6353","price":"740","gt_translate_keys":["label"]},{"label":"3 People (1.110\u20ac)","value":"3","selected":false,"tempId":"aco_6354","price":"1110","gt_translate_keys":["label"]},{"label":"4 People (1.480\u20ac)","value":"4","selected":false,"tempId":"aco_922","price":"1480","gt_translate_keys":["label"]}],"dropdown_type":"basic","error":false,"priceOptions":"different_for_all","pricingType":"fixed","placeholder":"Select Amount of People","is_show_price":true,"gt_translate_keys":["label","placeholder"],"price_dependency":["content_106644afc548789","content_46644afc548793","content_76644afc54879c"],"cl_dependency":false,"value":""}],[{"elementId":"separator_106644afc548780","separatorType":"fill","separatorColor":"#66a6b6","className":"","height":"6","enableCl":false,"relations":false,"cl_rule":"show","col":6,"type":"separator","gt_translate_keys":[],"price_dependency":false,"cl_dependency":false,"value":""}],[{"contentType":"plain","active":true,"label":"Deposit Now","elementId":"content_106644afc548789","value":"","inline":true,"show_in_checkout":true,"name":"content_106644afc548789","enablePrice":true,"className":"","fee_label":"","subtype":"div","enableCl":false,"relations":false,"scrollBar":false,"enableDesign":true,"LabelColor":"","LabelSize":"14px","pricingType":"custom","isTemplate":false,"price":"{field.select_96644afc548776.price}*0.1581081","use_as_fee":false,"is_show_price":false,"cl_rule":"show","col":6,"type":"content","error":false,"formulaId":"fmla_1715641843927697789","gt_translate_keys":["label","value"],"price_dependency":false,"cl_dependency":false}],[{"contentType":"plain","active":true,"label":"Payment at Arrival","elementId":"content_46644afc548793","value":"","inline":true,"show_in_checkout":true,"name":"content_46644afc548793","enablePrice":true,"className":"","fee_label":"","subtype":"div","enableCl":false,"relations":[{"operator":false,"rules":[{"operator":"AND","rules":{"cl_field":"content_86644afc5486bd","cl_relation":"is_not_empty","cl_val":""}}]}],"scrollBar":false,"enableDesign":true,"LabelColor":"","LabelSize":"14px","pricingType":"custom","isTemplate":false,"price":"{field.select_96644afc548776.price}*0.8418919","use_as_fee":false,"is_show_price":true,"cl_rule":"disable","col":6,"type":"content","error":false,"formulaId":"fmla_1715642020961697970","gt_translate_keys":["label","value"],"price_dependency":false,"cl_dependency":false}],[{"contentType":"plain","active":true,"label":"Total Amount","elementId":"content_76644afc54879c","value":"","inline":true,"show_in_checkout":true,"name":"content_76644afc54879c","enablePrice":true,"className":"","fee_label":"","subtype":"div","enableCl":false,"relations":[{"operator":false,"rules":[{"operator":"AND","rules":{"cl_field":"content_86644afc5486bd","cl_relation":"is_not_empty","cl_val":""}}]}],"scrollBar":false,"enableDesign":true,"LabelColor":"","LabelSize":"14px","pricingType":"custom","isTemplate":false,"price":"{field.select_96644afc548776.price}","use_as_fee":false,"is_show_price":true,"cl_rule":"disable","col":6,"type":"content","error":false,"gt_translate_keys":["label","value"],"price_dependency":false,"cl_dependency":false}]]},"sec_16644afc54879d":{"extra":{"key":"sec_16644afc54879d","section_id":"sec_16644afc54879d","name":"Pickup Location","status":1,"cl_rule":"show","enableCl":false,"relations":[],"toggle":true,"title_tag":"h4","show_title":false,"showPrice":"default","form_id":11507,"form_rules":{"exclude_from_discount":true,"fee_label":"Fee","disp_hide_options_price":true,"disp_show_section_price":false,"disp_show_field_price":true,"layout_option":"standard","pric_use_as_fee":false,"process_fee_as":"woo_fee"},"layout_option":"standard"},"fields":[[{"active":true,"col":6,"relations":[{"operator":false,"rules":[{"operator":"AND","rules":{"cl_field":"radio-group_4664295c2b9c39","cl_relation":"is","cl_val":"3 Hour Trip"}}]}],"cl_rule":"show","enableCl":false,"price":"","enablePrice":false,"className":"","label_position":"default","desc_position":"default","type":"select","required":true,"elementId":"select_106644afc5487a6","label":"\u23f0 Departure Time","name":"select_106644afc5487a6","values":[{"label":"9:00 AM","value":"9:00","selected":true,"tempId":"aco_1450","gt_translate_keys":["label"]}],"dropdown_type":"basic","error":false,"placeholder":"","gt_translate_keys":["label","placeholder"],"price_dependency":false,"cl_dependency":false,"value":""}],[{"active":true,"col":6,"relations":false,"cl_rule":"show","enableCl":false,"price":"","enablePrice":false,"className":"","label_position":"default","desc_position":"default","type":"separator","required":false,"elementId":"separator_46644afc5487b0","label":"Separator Field","height":"1","separatorType":"blank","error":false,"gt_translate_keys":["label"],"price_dependency":false,"cl_dependency":false,"value":""}],[{"active":true,"col":6,"relations":[{"operator":false,"rules":[{"operator":false,"rules":{"cl_field":"radio-group_4664295c2b9c39","cl_relation":"is_not","cl_val":"4.5 Hour Trip from North Tenerife"}}]}],"cl_rule":"show","enableCl":false,"price":"","enablePrice":false,"className":"","label_position":"default","desc_position":"default","type":"text","subtype":"text","required":false,"elementId":"text_66644afc5487b9","label":"\ud83d\ude8c Pickup Location","name":"text_66644afc5487b9","value":"","error":false,"description":"Pick-up service in Tenerife South available for an extra 2\u20ac per person, to be paid on arrival. Please provide your address or hotel name to book the shuttle service; if not needed, leave it blank. | For Callao Salvaje and Palm-Mar, the extra cost is 4\u20ac per person | El M\u00e9dano: 15\u20ac per car | Golf del Sur: 10\u20ac per car.","repeater":false,"repeater_field_label":"{field_label}","repeater_bind":"","gt_translate_keys":["label","description","value","repeater_field_label"],"price_dependency":false,"cl_dependency":false}]]}},"config":{"price_override":"always","enable_recaptcha":false,"bind_quantity":false,"quantity_bind_formula":false,"disp_summ_show_option_price":true,"disp_summ_show_product_price":false,"disp_summ_show_total_price":false,"disp_summ_show_fee":true,"disp_summ_show_discount":true,"summary_title":"","options_total_label":"Options Price","total_label":"Deposit Amount","options_product_label":"Product Price","fee_label":"Fee","discount_label":"Discount","has_price":true,"has_quantity_formula":false},"mc_unit":1,"tax_rate":1,"tax_rate_real":1,"discount":{"percentage":0,"fixed":0},"design":{"conf":{"LabelPosition":"above","DescPosition":"above","UploadField":"custom_1","QuantityFieldStyle":"custom_1"},"css":{"LeftLabelWidth":"120px"}},"formulas":{"fmla_1715641843927697789":"(({field.select_5483136313.value}>=3)?(24):(({field.select_5483136313.value}>=2)?(38):(({field.select_5483136313.value}>=1)?(52):(0))))","fmla_1715642020961697970":"(({field.select_5483136313.value}>=3)?(56):(({field.select_5483136313.value}>=2)?(112):(({field.select_5483136313.value}>=1)?(168):(0))))"},"lookuptables":[],"clones":false,"cartKey":false}},"_links":{"self":[{"href":"https:\/\/canaryvip.com\/et\/wp-json\/wp\/v2\/product\/11493","targetHints":{"allow":["GET"]}}],"collection":[{"href":"https:\/\/canaryvip.com\/et\/wp-json\/wp\/v2\/product"}],"about":[{"href":"https:\/\/canaryvip.com\/et\/wp-json\/wp\/v2\/types\/product"}],"replies":[{"embeddable":true,"href":"https:\/\/canaryvip.com\/et\/wp-json\/wp\/v2\/comments?post=11493"}],"wp:featuredmedia":[{"embeddable":true,"href":"https:\/\/canaryvip.com\/et\/wp-json\/wp\/v2\/media\/11503"}],"wp:attachment":[{"href":"https:\/\/canaryvip.com\/et\/wp-json\/wp\/v2\/media?parent=11493"}],"wp:term":[{"taxonomy":"product_brand","embeddable":true,"href":"https:\/\/canaryvip.com\/et\/wp-json\/wp\/v2\/product_brand?post=11493"},{"taxonomy":"product_cat","embeddable":true,"href":"https:\/\/canaryvip.com\/et\/wp-json\/wp\/v2\/product_cat?post=11493"},{"taxonomy":"product_tag","embeddable":true,"href":"https:\/\/canaryvip.com\/et\/wp-json\/wp\/v2\/product_tag?post=11493"}],"curies":[{"name":"wp","href":"https:\/\/api.w.org\/{rel}","templated":true}]}}