{"id":11456,"date":"2024-05-12T23:05:18","date_gmt":"2024-05-12T22:05:18","guid":{"rendered":"https:\/\/canaryvip.com\/?post_type=product&#038;p=11456"},"modified":"2026-03-05T17:06:36","modified_gmt":"2026-03-05T17:06:36","slug":"party-boat-tenerife","status":"publish","type":"product","link":"https:\/\/canaryvip.com\/et\/shop\/party-boat-tenerife\/","title":{"rendered":"Utopia Boat Party Tenerife"},"content":{"rendered":"<h2>\ud83c\udf89 Peopaat Tenerife koos CanaryVIP-ga<\/h2>\n<p><strong>Kogege unustamatut l\u00f5bu koos CanaryVIP-ga:<\/strong> Sukeldu meie Party Boat Tenerife piletitega erakordsesse seiklusesse. Puerto Col\u00f3nist alustades pakub see kosutav reis elavat muusikat, uimastavat p\u00e4ikesepaistet ja kosmopoliitseid rahvahulki.<\/p>\n<p><strong>CanaryVIP<\/strong> CanaryVIP pakub pileteid k\u00f5ige p\u00f5nevamatele Tenerife paadipidudele, mis lubavad ainulaadset ja unustamatut kogemust, \u00fchendades p\u00f5neva eelpeo, energilise paadis\u00f5idu ja p\u00f5neva j\u00e4relpeo.<\/p>\n<p><strong>\u00dclim peokogemus:<\/strong>\u00a0: Liitu meiega sellel pidulikul \u00fcritusel, mis ei ole v\u00f5rreldav teistega. M\u00e4rkimisv\u00e4\u00e4rne segu House'ist, RnB-st, Hip Hopist, DnB-st, EDM-st ja Reggaetonist, mis k\u00f5ik on varustatud tipptasemel helis\u00fcsteemiga. Professionaalsed DJ-d ja MC-d tagavad lakkamatu meelelahutuse, mis teeb sellest Tenerife \u00fclimast peopaadielamusest.<\/p>\n<h3>\ud83c\udf9f\ufe0f Piletivalikud<\/h3>\n<p>K\u00f5ik piletid sisaldavad ligip\u00e4\u00e4su legendaarsele 3-tunnisele paadipidule, kus on House, RnB, Hip Hop, DnB, EDM ja Reggaeton muusika tipp-residendist DJ-de ja MC-de poolt, tohutu 15 000-vattine Utopia helis\u00fcsteem ja tasuta professionaalsed fotod internetis. Valige j\u00e4rgmiste piletivariantide vahel:<\/p>\n<ul>\n<li><strong>P\u00f5hipilet:<\/strong> Sisaldab 4 jooki valiku kohalikke alkohoolseid jooke (rumm, viski, d\u017einn, vodka, kookoslik\u00f6\u00f6r, amaretto), Victoria M\u00e1laga \u00f5lut v\u00f5i karastusjooke (cola, apelsin, sidrun, sprite).<\/li>\n<li><strong>Standardne avatud baari pilet:<\/strong> Sisaldab piiramatut 3-tunnist avatud baari kohaliku \u00f5lle, kangete alkohoolsete jookide ja segajatega.<\/li>\n<li><strong>Premium jookide pilet:<\/strong> Sisaldab piiramatut kogust esmaklassilisi alkohoolseid jooke, nagu Absolut Vodka, Bacardi, Havana, Beefeater Gin (tavaline ja roosa), Disaronno, Malibu, Jim Beam, Ballantine's viski, samuti Red Bull ja esmaklassilised segajad.<\/li>\n<li><strong>VIP-pilet:<\/strong> H\u00f5lmab k\u00f5iki Premium-klassi soodustusi, lisaks eelisj\u00e4rjekorras pardale minekut ja eksklusiivset juurdep\u00e4\u00e4su privaatsele VIP-piirkonnale ja spetsiaalsele baarile pardal.<\/li>\n<\/ul>\n<h3>\u2728 Party Boat Tenerife \u00fcksikasjad<\/h3>\n<p><strong>P\u00f5hjalik peopakett:<\/strong> Teie teekond algab elava eelpeoga aadressil <a href=\"https:\/\/maps.app.goo.gl\/Vt7HqjMeKHLczpy69\" target=\"_blank\" rel=\"noopener\">Black Pearl baar,<\/a> kus saate nautida tasuta jooki ja kohtuda peok\u00fclalistega. Pea\u00fcritus on <strong>3-tunnine kruiis<\/strong> pardal <strong>Utopia peopaat,<\/strong>\u00a0, kus on avatud baar ja d\u00fcnaamiline muusika, millele j\u00e4rgneb afterparty Black Pearl'i baaris koos eksklusiivsete pakkumistega.<\/p>\n<p><strong>Kaasav k\u00f5igile:<\/strong> See tegevus on m\u00f5eldud k\u00f5igile peoentusiastidele, tagades tasakaalustatud segu l\u00f5bustusest, muusikast ja sotsiaalsest suhtlusest. See on parim valik neile, kes otsivad elavat ja meeldej\u00e4\u00e4vat <a href=\"https:\/\/canaryvip.com\/et\/tenerife\/boat-excursions\/\">paadimatkade kogemus.<\/a><\/p>\n<h3>\ud83c\udf0a Mida oodata teie Tenerife paadipidu seiklusel<\/h3>\n<ul>\n<li><strong>P\u00f5nev muusika ja meelelahutus:<\/strong>\u00a0: Tantsige House'i, RnB, Hip Hop'i, DnB, EDM ja Reggaeton'i taktide saatel sellel t\u00e4ielikult varustatud Tenerife peopaadil.<\/li>\n<li><strong>Avatud baar:<\/strong>\u00a0: Nautige 3-tunnist avatud baari, kus on valik \u00f5lut, kohalikke alkohoolseid jooke ja segusid teie Tenerife-reisi ajal.<\/li>\n<li><strong>Mugavus ja mugavused:<\/strong>\u00a0: L\u00f5\u00f5gastuge mugavate istekohtade, puhaste ruumide ja elava \u00f5hkkonnaga.<\/li>\n<li><strong>Maastikuline ilu: <\/strong>: Pildistage laineharjal pidutsedes suurep\u00e4raseid vaateid Tenerife rannikule.<\/li>\n<li><strong>Esmaj\u00e4rjekorras ohutus: <\/strong>: Meeskond seab teie ohutuse esikohale selgete juhiste ja mitmekeelse toe abil.<\/li>\n<\/ul>\n<h3>\ud83d\udee5\ufe0f Ettevalmistused teie Tenerife peopaadi seikluseks<\/h3>\n<p>Tagage sujuv kogemus, v\u00f5ttes kaasa oma ujumisriided, p\u00e4ikesekaitsekreemi ja <strong>CanaryVIP<\/strong> pilet, kas digitaalselt v\u00f5i tr\u00fckituna. Soovitame enne reisi s\u00fc\u00fca ja v\u00e4ltida alkoholi, et v\u00e4hendada merehaiguse riski. Mugavaks reisimiseks kaaluge reisikahjustustablettide v\u00f5tmist enne reisi algust.<\/p>\n<h3>\ud83d\udea4 Party Boat Tenerife: Tenerife: Teie \u00fclim pidu<\/h3>\n<p>Valige CanaryVIP oma <strong>Peopaat Tenerife<\/strong> pileteid, pakkudes v\u00f5rratut hinda ja erakordset teenindust.<br \/>\nLiitu meiega, et saada parim paadipidu:<\/p>\n<ul>\n<li><strong>Parimad hinnad garanteeritud:<\/strong> Nautige konkurentsiv\u00f5imelist hinnakujundust unustamatu peopaadi Tenerife kogemuse jaoks.<\/li>\n<li><strong>Grupisoodustused:<\/strong> S\u00e4\u00e4stke veelgi rohkem meie erihindadega gruppidele meie Tenerife peopaadil.<\/li>\n<li><strong>Ettetellimine:<\/strong> Kindlustage oma koht varakult, et mitte j\u00e4\u00e4da ilma sellest eksklusiivsest peopaadist Tenerifel!<\/li>\n<li><strong>Paindlik t\u00fchistamispoliitika:<\/strong> Kasuta meie kliendis\u00f5bralikke t\u00fchistamistingimusi.<\/li>\n<li><strong>Usaldusv\u00e4\u00e4rne operaator:<\/strong> Kanaari saarte juhtiva piletim\u00fc\u00fcjana, <strong>CanaryVIP<\/strong> on eelistatud valik Tenerife peopaadi entusiastide jaoks.<\/li>\n<\/ul>\n<h3>\ud83d\ude99 Kohtumispaik ja parkimine<\/h3>\n<p><strong>Liitu meiega Puerto Col\u00f3nis:<\/strong> Kohtuge meiega Black Pearl Baris, et oma Tenerife peopaadiga seiklema minna. Saabuge v\u00e4hemalt 15 minutit enne v\u00e4ljumist, et tagada sujuv pardaleminek. Sadamas on piisavalt parkimiskohti, mis teeb meie Tenerife peopaadiga liitumise mugavaks.<\/p>\n<h3>\ud83c\udf1f CanaryVIP tingimused ja kord<\/h3>\n<p>Nautige meelerahu meie k\u00f5ikeh\u00f5lmavate kindlustuspoliitikatega teie seikluste jaoks. Siin on, mida peate teadma:<\/p>\n<ul>\n<li><strong>Ilmastikuolukorra lahendamise plaanid:<\/strong> Ohtlike ilmastikuolude korral pakutakse v\u00f5imalust ajakava muutmiseks v\u00f5i t\u00e4ieliku raha tagasimaksmise v\u00f5imalust.<\/li>\n<li><strong>Paindlik t\u00fchistamispoliitika:<\/strong>\n<ul>\n<li>Tasuta t\u00fchistamine v\u00f5i \u00fcmberplaneerimine kuni 7 p\u00e4eva ette individuaalsete broneeringute puhul.<\/li>\n<li>Rohkem kui 10-liikmelistele gruppidele tasuta t\u00fchistamine kuni 12 p\u00e4eva enne \u00fcrituse toimumist.<\/li>\n<li>\u00dcle 20-liikmelistele gruppidele tasuta t\u00fchistamine kuni 16 p\u00e4eva enne \u00fcrituse toimumist.<\/li>\n<li>Sa peaksid <a href=\"https:\/\/canaryvip.com\/et\/contact\/\">v\u00f5tke meiega \u00fchendust<\/a> t\u00fchistamistaotluste puhul.<\/li>\n<\/ul>\n<\/li>\n<li><strong>Mitteilmumine ja hilinenud saabumine:<\/strong> Kohale mitteilmumise v\u00f5i hilinenud saabumise korral raha tagasi ei maksta. Veenduge, et j\u00f5uate \u00f5igel ajal kohale, sest paadipidu on tavaliselt t\u00e4is.<\/li>\n<li><strong>K\u00e4itumine pardal:<\/strong> K\u00fclalistelt oodatakse l\u00f5busa ja turvalise keskkonna s\u00e4ilitamist. Eba\u00f5ige k\u00e4itumine v\u00f5ib kaasa tuua paadist eemaldamise ilma raha tagastamata.<\/li>\n<li><strong>Merehaigus ja reisiplaani muudatused:<\/strong> Kui tekib merehaigus ja marsruuti on vaja muuta, ei anta raha tagasi.<\/li>\n<li><strong>Kaebused:<\/strong> K\u00f5ik k\u00fcsimused tuleb lahendada \u00fcrituse p\u00e4eval koos laevapersonaliga, kuna CanaryVIP t\u00f6\u00f6tajad ei viibi laeval.<\/li>\n<\/ul>\n<p>Broneeri kohe ja tule meiega koos veetma unustamatut pidu Tenerife lainetel!<\/p>","protected":false},"excerpt":{"rendered":"<p><strong>\ud83d\udd0d Boat Party Tenerife:<\/strong><br \/>\n\u2705 Turvaline makse.<br \/>\n\ud83d\ude80 3h Party Boat Trip.<br \/>\n\ud83c\udf7b 3h AVATUD BAR Kaasa arvatud.<br \/>\n\ud83d\udcc6 Laup\u00e4eviti kell 12:30.<br \/>\n\ud83c\udfb6 DJ-d ja muusika.<br \/>\n\ud83d\udeab AINULT +18 aastat.<br \/>\n\ud83e\udd11 Parim hind garanteeritud.<br \/>\n\ud83c\udf1f Broneeri kohe ja s\u00e4\u00e4sta!<br \/>\n\ud83d\udccd Lahkumine\u00a0<a href=\"https:\/\/www.google.com\/maps\/place\/Puerto+Col%C3%B3n\/@28.0783432,-16.7368735,18.52z\/data=!4m6!3m5!1s0xc6a9743509c9ebf:0xd62345524f768247!8m2!3d28.0789928!4d-16.7359737!16s%2Fg%2F11c6cqryw_?entry=tts\">Puerto Colon<\/a>.<\/p>","protected":false},"featured_media":11461,"comment_status":"open","ping_status":"closed","template":"","meta":{"_acf_changed":false},"product_brand":[],"product_cat":[46],"product_tag":[],"class_list":{"0":"post-11456","1":"product","2":"type-product","3":"status-publish","4":"has-post-thumbnail","6":"product_cat-boat-excursions","7":"wcpa_has_options","9":"first","10":"instock","11":"sale","12":"virtual","13":"purchasable","14":"product-type-simple"},"acf":[],"wcpa_form_fields":{"wcpaData":{"product":{"product_price":70,"price_html":"From&nbsp;<del aria-hidden=\"true\"><span class=\"woocommerce-Price-amount amount\"><bdi>75,00&nbsp;<span class=\"woocommerce-Price-currencySymbol\">&euro;<\/span><\/bdi><\/span><\/del> <span class=\"screen-reader-text\">Esialgne hind oli: 75,00&nbsp;&euro;.<\/span><ins aria-hidden=\"true\"><span class=\"woocommerce-Price-amount amount\"><bdi>70,00&nbsp;<span class=\"woocommerce-Price-currencySymbol\">&euro;<\/span><\/bdi><\/span><\/ins><span class=\"screen-reader-text\">Praegune hind on: 70,00&nbsp;&euro;.<\/span>","original_product_price":75,"price_including_tax":70,"price_excluding_tax":70,"product_id":{"parent":11456,"variation":false},"is_variable":false,"stock_status":"instock","stock_quantity":null,"parent_sku":"CV11456","product_attributes":[],"custom_fields":[],"is_taxable":false,"product_name":"Utopia Boat Party Tenerife","hasImage":false},"fields":{"sec_06641441f5ff23":{"extra":{"key":"sec_06641441f5ff23","section_id":"sec_06641441f5ff23","name":"Default","status":1,"cl_rule":"show","enableCl":false,"relations":[],"toggle":true,"title_tag":"h3","show_title":false,"showPrice":"default","form_id":11462,"form_rules":{"exclude_from_discount":true,"fee_label":"Fee","disp_hide_options_price":true,"disp_show_section_price":false,"disp_show_field_price":true,"layout_option":"standard","pric_use_as_fee":false,"process_fee_as":"woo_fee"},"layout_option":"standard"},"fields":[[{"active":true,"col":6,"relations":false,"cl_rule":"show","enableCl":false,"price":"","enablePrice":false,"className":"oferta-especial","label_position":"default","desc_position":"default","type":"content","required":false,"elementId":"content_1421636141","label":"","name":"content_1421636141","contentType":"rich","value":"<p><strong>\ud83d\udd25 Utopia Boat Party Limited Time Offer!<br>\n<\/strong>Exclusive 5% discount automatically applied at checkout.<\/p>","error":false,"isTemplate":false,"gt_translate_keys":["label","value"],"price_dependency":false,"cl_dependency":false}],[{"label":"\ud83d\udcc5 Date","active":true,"required":true,"elementId":"date_66641441f5ff41","picker_type":"custom","picker_mode":"single","placeholder":"","description":"","tooltip":"","name":"date_66641441f5ff41","label_position":"default","desc_position":"default","enablePrice":false,"className":"","enableCl":false,"relations":[{"operator":"and","rules":[{"operator":"AND","rules":{"cl_field":"radio-group_56641441f5ff51","cl_relation":"is_not_empty","cl_val":"3 Hour Trip"}}]}],"date_pic_inline":true,"date_pic_inline_hide":true,"min_date":{"type":"days","val":"1"},"max_date":"","date_pic_conf":{"disabledWeeks":[1,2,3,4,5,0],"disabledDates":["2024-05-19","2024-05-26","2025-04-06","2025-04-13","2025-04-16","2025-04-20","2025-04-27","2025-09-01 to 2025-09-30"]},"price":"","cl_rule":"show","col":6,"type":"date","error":false,"enableDesign":false,"LabelColor":"","isWeightTemplate":false,"isTemplate":false,"min_quantity":"1","quantity_decimal":false,"quantity_step":"1","quantity_label":"Quantity","repeater_field_label":"{field_label}","repeater_bind":"","gt_translate_keys":["label","placeholder","description","tooltip","repeater_field_label","quantity_label"],"price_dependency":false,"cl_dependency":false,"value":""}],[{"active":true,"col":6,"relations":[{"operator":false,"rules":[{"operator":"AND","rules":{"cl_field":"","cl_relation":"","cl_val":""}}]}],"cl_rule":"show","enableCl":true,"price":"70","enablePrice":true,"className":"","label_position":"default","desc_position":"below","type":"radio-group","required":false,"elementId":"radio-group_86641441f5ff75","label":"","name":"radio-group_86641441f5ff75","values":[{"label":"\ud83d\udfe2 Basic Ticket (70\u20ac)","value":"Basic Ticket","selected":true,"tempId":"aco_32","tooltip":"","description":"","gt_translate_keys":["label","tooltip","description"]}],"layOut":"","error":false,"checkUi":"button","priceOptions":"fixed_for_all","pricingType":"fixed","enable_quantity":true,"quantity_label":"","min_quantity":"0","options_tooltip":true,"options_description":true,"description":"Ideal for budget-friendly fun. Includes a drinks package with 4 beverages at a discounted price.","enableDesign":false,"gt_translate_keys":["label","description","quantity_label"],"price_dependency":false,"cl_dependency":false,"value":""}],[{"active":true,"col":6,"relations":false,"cl_rule":"show","enableCl":false,"price":"","enablePrice":false,"className":"","label_position":"default","desc_position":"default","type":"separator","required":false,"elementId":"separator_1097273251","label":"Separator Field","height":"3","separatorType":"fill","error":false,"separatorColor":"#4a90e2","gt_translate_keys":["label"],"price_dependency":false,"cl_dependency":false,"value":""}],[{"label":"","active":true,"required":false,"elementId":"radio-group-0169646210","description":"Open bar with unlimited beer, local spirits, and mixers. Perfect for music and drink lovers.","name":"radio-group-0169646210","label_position":"default","desc_position":"below","enablePrice":true,"className":"","enableCl":true,"relations":[{"operator":false,"rules":[{"operator":"AND","rules":{"cl_field":"","cl_relation":"","cl_val":""}}]}],"enableDesign":false,"enable_quantity":true,"quantity_label":"","min_quantity":"0","checkUi":"button","layOut":"","options_tooltip":true,"options_description":true,"values":[{"label":"\ud83c\udf9f\ufe0f Standard Ticket (90\u20ac)","value":"Standard Ticket","selected":true,"tempId":"aco_32","tooltip":"","description":"","gt_translate_keys":["label","tooltip","description"]}],"priceOptions":"fixed_for_all","pricingType":"fixed","price":"90","cl_rule":"show","col":6,"type":"radio-group","error":false,"gt_translate_keys":["label","description","quantity_label"],"price_dependency":false,"cl_dependency":false,"value":""}],[{"elementId":"separator-0973524418","separatorType":"fill","separatorColor":"#4a90e2","className":"","height":"3","enableCl":false,"relations":false,"cl_rule":"show","col":6,"type":"separator","gt_translate_keys":[],"price_dependency":false,"cl_dependency":false,"value":""}],[{"label":"","active":true,"required":false,"elementId":"radio-group_56641441f5ffa1","name":"radio-group_56641441f5ffa1","label_position":"default","desc_position":"below","enablePrice":true,"className":"","enableCl":false,"relations":[{"operator":false,"rules":[{"operator":"AND","rules":{"cl_field":"","cl_relation":"","cl_val":""}}]}],"enable_quantity":true,"quantity_label":"","min_quantity":"0","checkUi":"button","layOut":"","options_tooltip":true,"values":[{"label":"\u2b50\ufe0f Premium Ticket (110\u20ac)","value":"Premium Ticket (95\u20ac)","selected":true,"tempId":"aco_32","tooltip":"","description":"","gt_translate_keys":["label","tooltip","description"]}],"priceOptions":"fixed_for_all","pricingType":"fixed","price":"110","cl_rule":"show","col":6,"type":"radio-group","error":false,"description":"Upgrade your experience with premium spirits like Absolut, Bacardi, Havana, and more, plus Red Bull and premium mixers.","options_description":true,"gt_translate_keys":["label","description","quantity_label"],"price_dependency":false,"cl_dependency":false,"value":""}],[{"elementId":"separator-0973774727","separatorType":"fill","separatorColor":"#4a90e2","className":"","height":"3","enableCl":false,"relations":false,"cl_rule":"show","col":6,"type":"separator","gt_translate_keys":[],"price_dependency":false,"cl_dependency":false,"value":""}],[{"label":"","active":true,"required":false,"elementId":"radio-group-1821003227","description":"The ultimate luxury experience. Access the VIP area with open bar featuring premium spirits, Red Bull, and exclusive vibes.","name":"radio-group-1821003227","label_position":"default","desc_position":"below","enablePrice":true,"className":"","enableCl":false,"relations":[{"operator":false,"rules":[{"operator":"AND","rules":{"cl_field":"","cl_relation":"","cl_val":""}}]}],"enable_quantity":true,"quantity_label":"","min_quantity":"0","checkUi":"button","layOut":"","options_tooltip":true,"options_description":true,"values":[{"label":"\ud83d\udc8e VIP Ticket (130\u20ac)","value":"VIP Ticket","selected":true,"tempId":"aco_32","tooltip":"","description":"","gt_translate_keys":["label","tooltip","description"]}],"priceOptions":"fixed_for_all","pricingType":"fixed","price":"130","cl_rule":"show","col":6,"type":"radio-group","error":false,"gt_translate_keys":["label","description","quantity_label"],"price_dependency":false,"cl_dependency":false,"value":""}],[{"elementId":"separator-0974175336","separatorType":"fill","separatorColor":"#4a90e2","className":"","height":"3","enableCl":false,"relations":false,"cl_rule":"show","col":6,"type":"separator","gt_translate_keys":[],"price_dependency":false,"cl_dependency":false,"value":""}]]}},"config":{"price_override":"always","enable_recaptcha":false,"bind_quantity":false,"quantity_bind_formula":false,"disp_summ_show_option_price":true,"disp_summ_show_product_price":false,"disp_summ_show_total_price":true,"disp_summ_show_fee":true,"disp_summ_show_discount":true,"summary_title":"","options_total_label":"Options Price","total_label":"Total Amount","options_product_label":"Product Price","fee_label":"Fee","discount_label":"Discount","has_price":true,"has_quantity_formula":false},"mc_unit":1,"tax_rate":1,"tax_rate_real":1,"discount":{"percentage":0,"fixed":0},"design":{"conf":{"LabelPosition":"above","DescPosition":"above","UploadField":"custom_1","QuantityFieldStyle":"custom_1"},"css":{"LeftLabelWidth":"120px"}},"formulas":[],"lookuptables":[],"clones":false,"cartKey":false}},"_links":{"self":[{"href":"https:\/\/canaryvip.com\/et\/wp-json\/wp\/v2\/product\/11456","targetHints":{"allow":["GET"]}}],"collection":[{"href":"https:\/\/canaryvip.com\/et\/wp-json\/wp\/v2\/product"}],"about":[{"href":"https:\/\/canaryvip.com\/et\/wp-json\/wp\/v2\/types\/product"}],"replies":[{"embeddable":true,"href":"https:\/\/canaryvip.com\/et\/wp-json\/wp\/v2\/comments?post=11456"}],"wp:featuredmedia":[{"embeddable":true,"href":"https:\/\/canaryvip.com\/et\/wp-json\/wp\/v2\/media\/11461"}],"wp:attachment":[{"href":"https:\/\/canaryvip.com\/et\/wp-json\/wp\/v2\/media?parent=11456"}],"wp:term":[{"taxonomy":"product_brand","embeddable":true,"href":"https:\/\/canaryvip.com\/et\/wp-json\/wp\/v2\/product_brand?post=11456"},{"taxonomy":"product_cat","embeddable":true,"href":"https:\/\/canaryvip.com\/et\/wp-json\/wp\/v2\/product_cat?post=11456"},{"taxonomy":"product_tag","embeddable":true,"href":"https:\/\/canaryvip.com\/et\/wp-json\/wp\/v2\/product_tag?post=11456"}],"curies":[{"name":"wp","href":"https:\/\/api.w.org\/{rel}","templated":true}]}}