{"id":11438,"date":"2024-05-11T22:23:40","date_gmt":"2024-05-11T21:23:40","guid":{"rendered":"https:\/\/canaryvip.com\/?post_type=product&#038;p=11438"},"modified":"2025-11-04T12:52:18","modified_gmt":"2025-11-04T12:52:18","slug":"ole-flamenco-show-tenerife","status":"publish","type":"product","link":"https:\/\/canaryvip.com\/et\/shop\/ole-flamenco-show-tenerife\/","title":{"rendered":"OL\u00c9 Flamenco Show Tenerife"},"content":{"rendered":"<h2>\ud83c\udfad Avasta parim flamenco-show Tenerifel<\/h2>\n<p>Sukelduge Hispaania eluj\u00f5ulisse vaimusse Ol\u00e9 Flamenco Show Tenerifel, mis on esmaklassiline flamenco <a href=\"https:\/\/canaryvip.com\/et\/tenerife\/evening-shows\/\">Tenerife show.<\/a> Kogege kaasahaaravat \u00f5htut kirglikust muusikast, elektriseerivast tantsust ja rikkalikust kultuuriv\u00e4ljendusest tuntud Fran Chafino asjatundliku juhendamise all.<\/p>\n<p>See 90-minutiline vaatem\u00e4ng lubab unustamatut \u00f5htut, kus traditsioonilised flamenco-stiilid segunevad kaasaegse h\u00f5nguga, ja k\u00f5ik see toimub GF Victoria hotelli luksuslikul taustal.<\/p>\n<p>Alates r\u00fctmilisest jalat\u00f6\u00f6st kuni hingestatud kitarri ja v\u00e4ljendusrikka lauluni on iga show element loodud lummama ja inspireerima, mist\u00f5ttu on see kohustuslik vaatamisv\u00e4\u00e4rsus nii kohalikele kui ka k\u00fclastajatele, kes otsivad autentset hispaania kogemust.<\/p>\n<h3>\ud83c\udf7d\ufe0f Luksuslik koht GF Victoria Hotel'is<\/h3>\n<p><strong>Asukoht:<\/strong> Elegantne <a href=\"https:\/\/www.google.com\/maps\/place\/GF+Victoria\/@28.0917871,-16.7412967,17z\/data=!3m1!4b1!4m9!3m8!1s0xc6a974d01c4268f:0x3c0e40669a61bb47!5m2!4m1!1i2!8m2!3d28.0917871!4d-16.7387218!16s%2Fg%2F11bvv59vv2?entry=ttu\" target=\"_new\" rel=\"noreferrer noopener\">GF Victoria Hotel<\/a> Costa Adejes toimub see lummav \u00fcritus, mis pakub meeldej\u00e4\u00e4va flamenco-show Tenerife'ile elegantset atmosf\u00e4\u00e4ri.<\/p>\n<p><strong>Ajakava:<\/strong> Etendus algab kell 21:00, uksed avatakse kell 20:15. Etenduse vaheaeg on 15 minutit ja kogu etendus l\u00f5peb kell 22.30.<\/p>\n<h3>\ud83c\udf9f\ufe0f Valige oma t\u00e4iuslik \u00f5htu<\/h3>\n<p><strong>Kuldsed piletid:<\/strong> 49 eurot inimese kohta, et nautida sissep\u00e4\u00e4su show'sse. Sellelt istekohalt avaneb suurep\u00e4rane vaade lavale ja 140 k\u00fclalisele pakub elavat elamust.<\/p>\n<p><strong>Platina piletid:<\/strong> See v\u00f5imalus hinnaga 59 eurot inimese kohta sisaldab sissep\u00e4\u00e4su, klaasi veini ja kergeid suupisteid. Platina tsoon, mis asub lava l\u00e4hedal, pakub 80 k\u00fclalisele intiimset keskkonda.<\/p>\n<h3>\ud83c\udf1f Kogemused autentsest flamencost<\/h3>\n<p><strong>Tutvuge Fran Chafinoga:<\/strong> Etenduse staar Fran Chafino on kuulus oma erakordse talendi poolest ning ta \u00e4ratab ellu autentse flamenco, tagades, et iga k\u00fclaline on etendusest lummatud.<\/p>\n<p><strong>Rikkalik tegevuste mitmekesisus:<\/strong> Buler\u00edast alegr\u00edani pakub show d\u00fcnaamilist segu laulust, kitarrist ja tantsust, mis v\u00f5lub publikut iga kordumatu etendusega.<\/p>\n<p><strong>Interaktiivne atmosf\u00e4\u00e4r:<\/strong> Kuigi publik ei osale tantsimises, loob esinejate kaasamine intiimse ja energilise elamuse.<\/p>\n<h3><a href=\"https:\/\/canaryvip.com\/et\/contact\/?swcfpc=1\">\ud83d\udd70\ufe0f<\/a> Oluline teave<\/h3>\n<p><strong>Riietuskood:<\/strong> Soovitatav on elegantne ja vabaaja riietus, mis t\u00e4iendab elegantset keskkonda. Teksad ja kena t-s\u00e4rk on vastuv\u00f5etavad, kuid spordiriietus ja l\u00fchikesed p\u00fcksid on keelatud, et s\u00e4ilitada n\u00e4ituse rafineeritud atmosf\u00e4\u00e4r.<\/p>\n<p><strong>Parkimisandmed:<\/strong> Kaubanduskeskuses Plaza del Duque, mis asub l\u00fchikese jalutusk\u00e4igu kaugusel, on piisavalt parkimiskohti.<\/p>\n<p><strong>N\u00e4ita sissep\u00e4\u00e4su:<\/strong> Las Olas Showroomi p\u00e4\u00e4semiseks sisenege hotelli peasissek\u00e4igu vasakul pool asuvast spetsiaalsest sissep\u00e4\u00e4sust.<\/p>\n<h3>\u2696\ufe0f Paindlik broneerimis- ja t\u00fchistamispoliitika<\/h3>\n<p><strong>Eelbroneeringu eelised:<\/strong> Tagage varakult broneerides parimad hinnad ja lihtsustage oma planeerimist.<\/p>\n<p><strong>Tasuta t\u00fchistamised:<\/strong> T\u00fchista kuni 48 tundi enne etenduse algust, et saada raha tagasi.<\/p>\n<p><strong>Grupibroneeringud:<\/strong> Suuremate kui kuue inimese r\u00fchmade puhul saate tasuta t\u00fchistada kuni neli p\u00e4eva ette. 2-4 p\u00e4eva enne \u00fcrituse toimumist tehtud t\u00fchistamiste eest tagastatakse 50%.<\/p>\n<p><strong>Mitteilmumise poliitika:<\/strong> 48 tunni jooksul enne \u00fcrituse toimumist ei tagastata raha mitteilmumise v\u00f5i t\u00fchistamise korral.<\/p>\n<h3>\ud83c\udf89 Eraldi flamenco\u00fcritused<\/h3>\n<p><strong>Eksklusiivsed pidustused:<\/strong> CanaryVIP v\u00f5ib korraldada privaatseid flamenco-shows, mis on kohandatud s\u00fcnnip\u00e4evade, firma\u00fcrituste ja eriliste \u00fcrituste jaoks, tagades personaalse ja meeldej\u00e4\u00e4va s\u00fcndmuse. <a href=\"https:\/\/canaryvip.com\/et\/contact\/?swcfpc=1\">Lisateabe saamiseks v\u00f5tke meiega \u00fchendust.<\/a><\/p>\n<h3>\ud83c\udfb6 Avasta flamenco ajalugu ja kirglikkus<\/h3>\n<p><strong>Teekond l\u00e4bi flamenco rikkaliku p\u00e4randi:<\/strong> Ol\u00e9 Flamenco Show Tenerife ei ole mitte ainult meelelahutuslik, vaid pakub ka s\u00fcgavat sukeldumist flamenco ajalukku ja kirge. Hispaania Andaluusia piirkonnast p\u00e4rit flamenco on d\u00fcnaamiline kunstivorm, mis \u00fchendab laulmise (cante), kitarrim\u00e4ngu (toque) ja tantsu (baile). See sajanditevanune traditsioon on tuntud oma emotsionaalse intensiivsuse ja v\u00e4ljendusrikka jutustamise poolest, mis peegeldab Hispaania kultuurilist taustat\u00fc\u00fcpi.<\/p>\n<p><strong>Fran Chafino kunstiline n\u00e4gemus:<\/strong> Fran Chafino meisterlikul juhendamisel toob Ol\u00e9 Flamenco Show Tenerifel seda rikkalikku p\u00e4randit ellu kaasaegse v\u00e4\u00e4ndega. Frani koreograafia on segu traditsioonilistest tehnikatest ja kaasaegsetest elementidest, luues ainulaadse etenduse, mis austab flamenco juuri ja v\u00f5lub samas kaasaegset publikut.<\/p>\n<p><strong>Erinevad flamenco stiilid:<\/strong> Etenduses k\u00f5lavad erinevad flamenco-stiilid, nagu n\u00e4iteks kiire buler\u00edas ja r\u00f5\u00f5msameelne alegr\u00edas, millest iga\u00fchel on oma r\u00fctm ja meeleolu. Selline mitmekesisus tagab elava ja kaasahaarava elamuse, mis n\u00e4itab flamenco kogu emotsionaalset ja muusikalist spektrit.<\/p>\n<h3>\ud83c\udf1f Liitu meiega unustamatuks \u00f5htuks<\/h3>\n<p>Kogemused flamenco show Tenerifel koos CanaryVIP-ga. Sukelduge luksuslikus GF Victoria hotellis kirgliku muusika, elava tantsu ja rikkaliku hispaania kultuuri lummavasse segusse.<\/p>\n<p>See lummav etendus, mida lavastab tunnustatud Fran Chafino, lubab unustamatut \u00f5htut, mis on t\u00e4is autentseid flamenco stiile ja kaasaegset elegantsi. Kindlustage oma piletid kohe elegantseks ja meelelahutuslikuks \u00f5htuks ning laske r\u00fctmilistel taktidel ja v\u00e4ljendusrikkal esinemisel end lummata. \u00c4rge j\u00e4tke vahele seda ainulaadset kultuurielamust Tenerife s\u00fcdames.<\/p>\n<p>Broneerige oma Flamenco Show Tenerife piletid juba t\u00e4na! \ud83c\udf0c\ud83d\udc83<\/p>","protected":false},"excerpt":{"rendered":"<p><strong>\ud83d\udd0d Flamenco Show Tenerife:<\/strong><br \/>\n\u2705 Turvaline makse.<br \/>\n\ud83d\udc83 Autentne flamenco-show.<br \/>\n\ud83d\udd59 Igal neljap\u00e4eval kell 20:15.<br \/>\n\u23f3 Kestus \u2248 2h<br \/>\n\ud83d\ude80 V\u00e4ga populaarne!<br \/>\n\ud83e\udd11 Parim hind garanteeritud.<br \/>\n\ud83d\udc6a Grupibroneeringute allahindlused.<br \/>\n\ud83d\udd01 Tasuta t\u00fchistamine kuni 48h.<br \/>\n\ud83c\udf1f Broneeri varakult, t\u00e4itub kiiresti!<br \/>\n\ud83d\udccd Toimumiskoht aadressil\u00a0<a href=\"https:\/\/maps.app.goo.gl\/boB3JcWYHb8AiGY58\">Hotell GF Victoria<\/a>.<\/p>","protected":false},"featured_media":11440,"comment_status":"open","ping_status":"closed","template":"","meta":{"_acf_changed":false},"product_brand":[],"product_cat":[59],"product_tag":[],"class_list":{"0":"post-11438","1":"product","2":"type-product","3":"status-publish","4":"has-post-thumbnail","6":"product_cat-evening-shows","7":"wcpa_has_options","9":"first","10":"instock","11":"virtual","12":"purchasable","13":"product-type-simple"},"acf":[],"wcpa_form_fields":{"wcpaData":{"product":{"product_price":51,"price_html":"From&nbsp;<span class=\"woocommerce-Price-amount amount\"><bdi>51,00&nbsp;<span class=\"woocommerce-Price-currencySymbol\">&euro;<\/span><\/bdi><\/span>","original_product_price":51,"price_including_tax":51,"price_excluding_tax":51,"product_id":{"parent":11438,"variation":false},"is_variable":false,"stock_status":"instock","stock_quantity":null,"parent_sku":"CV11438","product_attributes":[],"custom_fields":[],"is_taxable":false,"product_name":"OL\u00c9 Flamenco Show Tenerife","hasImage":false},"fields":{"sec_5663fdb09e5296":{"extra":{"key":"sec_5663fdb09e5296","section_id":"sec_5663fdb09e5296","name":"Default","status":1,"cl_rule":"show","enableCl":false,"relations":[],"toggle":true,"title_tag":"h3","show_title":false,"showPrice":"default","form_id":11439,"form_rules":{"exclude_from_discount":true,"fee_label":"Fee","disp_hide_options_price":true,"disp_show_section_price":false,"disp_show_field_price":true,"layout_option":"standard","pric_use_as_fee":false,"process_fee_as":"woo_fee"},"layout_option":"standard"},"fields":[[{"label":"\ud83d\udcc5 Date","active":true,"required":true,"elementId":"date_2663fdb09e52b5","picker_type":"custom","picker_mode":"single","placeholder":"","description":"","tooltip":"","name":"date_2663fdb09e52b5","label_position":"default","desc_position":"default","enablePrice":false,"className":"","enableCl":false,"relations":[{"operator":"and","rules":[{"operator":"AND","rules":{"cl_field":"radio-group_4663fdb09e52c5","cl_relation":"is_not_empty","cl_val":"3 Hour Trip"}}]}],"date_pic_inline":true,"date_pic_inline_hide":true,"min_date":{"type":"days","val":"1"},"max_date":{"type":"days","val":"180"},"date_pic_conf":{"disabledWeeks":[0,1,3,5,6,2],"disabledDates":["2025-02-06","2025-06-27 to 2025-07-01","2026-01-01 to 2026-01-14","2026-03-12","2026-03-19"]},"price":"","cl_rule":"show","col":6,"type":"date","error":false,"enableDesign":false,"LabelColor":"","isWeightTemplate":false,"isTemplate":false,"min_quantity":"1","quantity_decimal":false,"quantity_step":"1","quantity_label":"Quantity","repeater_field_label":"{field_label}","repeater_bind":"","gt_translate_keys":["label","placeholder","description","tooltip","repeater_field_label","quantity_label"],"price_dependency":false,"cl_dependency":["radio-group_4663fdb09e52c5"],"value":""}],[{"active":true,"col":6,"relations":[{"operator":false,"rules":[{"operator":"AND","rules":{"cl_field":"","cl_relation":"","cl_val":""}}]}],"cl_rule":"show","enableCl":false,"price":"","enablePrice":false,"className":"","label_position":"default","desc_position":"default","type":"radio-group","required":true,"elementId":"radio-group_4663fdb09e52c5","label":"\ud83c\udf1f Type of Ticket","name":"radio-group_4663fdb09e52c5","values":[{"label":"Gold Entrance (51\u20ac)","value":"Gold Entrance","selected":false,"tempId":"aco_28","description":"Enjoy the live show.","options_cl":false,"relations":[{"operator":false,"rules":[{"operator":"AND","rules":{"cl_field":"","cl_relation":"","cl_val":""}}]}],"cl_rule":"show","gt_translate_keys":["label","description"]},{"label":"Platinum Entrance (61\u20ac)","value":"Platinum Entrance","selected":false,"tempId":"aco_29","description":"Enjoy the live show, wine, snacks and better seating.","options_cl":true,"relations":[{"operator":false,"rules":[{"operator":"AND","rules":{"cl_field":"date_2663fdb09e52b5","cl_relation":"is","cl_val":"2026-04-09"}}]}],"cl_rule":"hide","gt_translate_keys":["label","description"]}],"layOut":"","error":false,"checkUi":"toggle","enableDesign":false,"scrollBar":false,"description":"","other":false,"options_description":true,"show_selected_option":false,"isWeightTemplate":false,"isTemplate":false,"min_quantity":"1","quantity_decimal":false,"quantity_step":"1","quantity_label":"Quantity","repeater_field_label":"{field_label}","repeater_bind":"","gt_translate_keys":["label","description","repeater_field_label","quantity_label"],"price_dependency":false,"cl_dependency":[false,false],"value":""}]]},"sec_1663fdb09e52c7":{"extra":{"key":"sec_1663fdb09e52c7","section_id":"sec_1663fdb09e52c7","name":"Gold","status":1,"cl_rule":"show","enableCl":true,"relations":[{"operator":false,"rules":[{"operator":"AND","rules":{"cl_field":"radio-group_4663fdb09e52c5","cl_relation":"is","cl_val":"Gold Entrance"}}]}],"toggle":true,"title_tag":"h4","show_title":false,"showPrice":"default","form_id":11439,"form_rules":{"exclude_from_discount":true,"fee_label":"Fee","disp_hide_options_price":true,"disp_show_section_price":false,"disp_show_field_price":true,"layout_option":"standard","pric_use_as_fee":false,"process_fee_as":"woo_fee"},"layout_option":"standard"},"fields":[[{"active":true,"col":6,"relations":false,"cl_rule":"show","enableCl":false,"price":"","enablePrice":false,"className":"","label_position":"default","desc_position":"default","type":"separator","required":false,"elementId":"separator_6663fdb09e52d3","label":"Separator Field","height":"8","separatorType":"blank","error":false,"gt_translate_keys":["label"],"price_dependency":false,"cl_dependency":false,"value":""}],[{"active":true,"col":6,"relations":false,"cl_rule":"show","enableCl":false,"price":"","enablePrice":false,"className":"","label_position":"default","desc_position":"default","type":"content","required":false,"elementId":"content_6663fdb09e5310","label":"People","name":"content_6663fdb09e5310","contentType":"plain","value":"","error":false,"show_in_checkout":true,"inline":false,"gt_translate_keys":["label","value"],"price_dependency":false,"cl_dependency":false}],[{"active":true,"col":6,"relations":[{"operator":false,"rules":[{"operator":"AND","rules":{"cl_field":"","cl_relation":"","cl_val":""}}]}],"cl_rule":"show","enableCl":true,"price":"51","enablePrice":true,"className":"","label_position":"default","desc_position":"default","type":"radio-group","required":false,"elementId":"radio-group_0663fdb09e531c","label":"","name":"radio-group_0663fdb09e531c","values":[{"label":"\ud83d\udc64 Adult (51\u20ac)","value":"Adult","selected":true,"tempId":"aco_32","tooltip":"+13 Years","description":"","gt_translate_keys":["label","tooltip","description"]}],"layOut":"","error":false,"checkUi":"button","priceOptions":"fixed_for_all","pricingType":"fixed","enable_quantity":true,"quantity_label":"","min_quantity":"0","options_tooltip":true,"options_description":true,"gt_translate_keys":["label","quantity_label"],"price_dependency":false,"cl_dependency":false,"value":""}],[{"label":"","active":true,"required":false,"elementId":"radio-group-0980466659","name":"radio-group-0980466659","label_position":"default","desc_position":"default","enablePrice":true,"className":"","enableCl":true,"relations":[{"operator":false,"rules":[{"operator":"AND","rules":{"cl_field":"","cl_relation":"","cl_val":""}}]}],"enable_quantity":true,"quantity_label":"","min_quantity":"0","checkUi":"button","layOut":"","options_tooltip":true,"options_description":true,"values":[{"label":"\ud83d\udc66 Child (25,50\u20ac)","value":"Child","selected":true,"tempId":"aco_32","tooltip":"3-12 Years","description":"","gt_translate_keys":["label","tooltip","description"]}],"priceOptions":"fixed_for_all","pricingType":"fixed","price":"25,50","cl_rule":"show","col":6,"type":"radio-group","error":false,"gt_translate_keys":["label","quantity_label"],"price_dependency":false,"cl_dependency":false,"value":""}]]},"sec_2663fdb09e531d":{"extra":{"key":"sec_2663fdb09e531d","section_id":"sec_2663fdb09e531d","name":"Platinum","status":1,"cl_rule":"show","enableCl":true,"relations":[{"operator":false,"rules":[{"operator":"AND","rules":{"cl_field":"radio-group_4663fdb09e52c5","cl_relation":"is","cl_val":"Platinum Entrance"}}]}],"toggle":true,"title_tag":"h4","show_title":false,"showPrice":"default","form_id":11439,"form_rules":{"exclude_from_discount":true,"fee_label":"Fee","disp_hide_options_price":true,"disp_show_section_price":false,"disp_show_field_price":true,"layout_option":"standard","pric_use_as_fee":false,"process_fee_as":"woo_fee"},"layout_option":"standard"},"fields":[[{"elementId":"separator_6663fdb09e5327","separatorType":"blank","className":"","height":"8","enableCl":false,"relations":false,"cl_rule":"show","col":6,"type":"separator","error":false,"gt_translate_keys":[],"price_dependency":false,"cl_dependency":false,"value":""}],[{"contentType":"plain","active":true,"label":"People","elementId":"content_0663fdb09e5331","value":"","inline":false,"show_in_checkout":true,"name":"content_0663fdb09e5331","enablePrice":false,"className":"","enableCl":false,"relations":false,"price":"","cl_rule":"show","col":6,"type":"content","gt_translate_keys":["label","value"],"price_dependency":false,"cl_dependency":false}],[{"label":"","active":true,"required":false,"elementId":"radio-group_9663fdb09e533c","name":"radio-group_9663fdb09e533c","label_position":"default","desc_position":"default","enablePrice":true,"className":"","enableCl":false,"relations":[{"operator":false,"rules":[{"operator":"AND","rules":{"cl_field":"","cl_relation":"","cl_val":""}}]}],"enable_quantity":true,"quantity_label":"","min_quantity":"0","checkUi":"button","layOut":"","options_tooltip":true,"values":[{"label":"\ud83d\udc64 Adult (61\u20ac)","value":"Adult","selected":true,"tempId":"aco_32","tooltip":"+13 Years","gt_translate_keys":["label","tooltip"]}],"priceOptions":"fixed_for_all","pricingType":"fixed","price":"61","cl_rule":"show","col":6,"type":"radio-group","error":false,"gt_translate_keys":["label","quantity_label"],"price_dependency":false,"cl_dependency":false,"value":""}],[{"label":"","active":true,"required":false,"elementId":"radio-group-1037099900","name":"radio-group-1037099900","label_position":"default","desc_position":"default","enablePrice":true,"className":"","enableCl":true,"relations":[{"operator":false,"rules":[{"operator":"AND","rules":{"cl_field":"","cl_relation":"","cl_val":""}}]}],"enable_quantity":true,"quantity_label":"","min_quantity":"0","checkUi":"button","layOut":"","options_tooltip":true,"options_description":true,"values":[{"label":"\ud83d\udc66 Child (30,50\u20ac)","value":"Child","selected":true,"tempId":"aco_32","tooltip":"3-12 Years","description":"","gt_translate_keys":["label","tooltip","description"]}],"priceOptions":"fixed_for_all","pricingType":"fixed","price":"30,50","cl_rule":"show","col":6,"type":"radio-group","error":false,"gt_translate_keys":["label","quantity_label"],"price_dependency":false,"cl_dependency":false,"value":""}]]}},"config":{"price_override":"always","enable_recaptcha":false,"bind_quantity":false,"quantity_bind_formula":false,"disp_summ_show_option_price":true,"disp_summ_show_product_price":false,"disp_summ_show_total_price":true,"disp_summ_show_fee":true,"disp_summ_show_discount":true,"summary_title":"","options_total_label":"Options Price","total_label":"Total Amount","options_product_label":"Product Price","fee_label":"Fee","discount_label":"Discount","has_price":true,"has_quantity_formula":false},"mc_unit":1,"tax_rate":1,"tax_rate_real":1,"discount":{"percentage":0,"fixed":0},"design":{"conf":{"LabelPosition":"above","DescPosition":"above","UploadField":"custom_1","QuantityFieldStyle":"custom_1"},"css":{"LeftLabelWidth":"120px"}},"formulas":[],"lookuptables":[],"clones":false,"cartKey":false}},"_links":{"self":[{"href":"https:\/\/canaryvip.com\/et\/wp-json\/wp\/v2\/product\/11438","targetHints":{"allow":["GET"]}}],"collection":[{"href":"https:\/\/canaryvip.com\/et\/wp-json\/wp\/v2\/product"}],"about":[{"href":"https:\/\/canaryvip.com\/et\/wp-json\/wp\/v2\/types\/product"}],"replies":[{"embeddable":true,"href":"https:\/\/canaryvip.com\/et\/wp-json\/wp\/v2\/comments?post=11438"}],"wp:featuredmedia":[{"embeddable":true,"href":"https:\/\/canaryvip.com\/et\/wp-json\/wp\/v2\/media\/11440"}],"wp:attachment":[{"href":"https:\/\/canaryvip.com\/et\/wp-json\/wp\/v2\/media?parent=11438"}],"wp:term":[{"taxonomy":"product_brand","embeddable":true,"href":"https:\/\/canaryvip.com\/et\/wp-json\/wp\/v2\/product_brand?post=11438"},{"taxonomy":"product_cat","embeddable":true,"href":"https:\/\/canaryvip.com\/et\/wp-json\/wp\/v2\/product_cat?post=11438"},{"taxonomy":"product_tag","embeddable":true,"href":"https:\/\/canaryvip.com\/et\/wp-json\/wp\/v2\/product_tag?post=11438"}],"curies":[{"name":"wp","href":"https:\/\/api.w.org\/{rel}","templated":true}]}}