{"id":11400,"date":"2024-05-07T12:18:46","date_gmt":"2024-05-07T11:18:46","guid":{"rendered":"https:\/\/canaryvip.com\/?post_type=product&#038;p=11400"},"modified":"2025-08-09T12:37:17","modified_gmt":"2025-08-09T11:37:17","slug":"white-heaven-tenerife","status":"publish","type":"product","link":"https:\/\/canaryvip.com\/et\/shop\/white-heaven-tenerife\/","title":{"rendered":"White Heaven Boat Tenerife"},"content":{"rendered":"<h2><strong>\ud83d\udee5\ufe0f White Heaven Rent a Boat Tenerifel<\/strong><\/h2>\n<p>Kogemused elegantsi ja p\u00f5nevust Tenerife vetes meie White Heaven Boat Charter, eristada meie luksuslik mootorpaat rentimine saadaval alates <a href=\"https:\/\/www.google.com\/maps\/place\/Puerto+Col%C3%B3n\/@28.078002,-16.7394902,17z\/data=!3m2!4b1!5s0xc6a97433884bdf9:0x76d293b7b99db23a!4m6!3m5!1s0xc6a9743509c9ebf:0xd62345524f768247!8m2!3d28.078002!4d-16.7369153!16s%2Fg%2F11c6cqryw_?entry=tts&amp;g_ep=EgoyMDI0MDUwNS4wKgBIAVAD\" target=\"_blank\" rel=\"noopener\">Puerto Col\u00f3n<\/a>. White Heaven sobib ideaalselt nii elavateks pidustusteks kui ka rahulikeks pere v\u00e4ljas\u00f5itudeks ja on loodud pakkuma t\u00e4iuslikku segu kiirusest, mugavusest ja unustamatutest hetkedest vee peal, muutes selle ideaalseks valikuks k\u00f5igile, kes soovivad minna <a href=\"https:\/\/canaryvip.com\/et\/tenerife\/boat-hire-tenerife\/?swcfpc=1\">rentida paat Tenerifel<\/a>.<\/p>\n<h3>\u2b50\ufe0f <strong>Luksuslikkus ja p\u00f5nevus White Heaven'i pardal<\/strong><\/h3>\n<p><span style=\"text-decoration: underline;\"><strong>Valge taeva peamised omadused:<\/strong><\/span><\/p>\n<ul>\n<li>Tugev 700 hj mootor kiireks ja t\u00f5husaks reisimiseks.<\/li>\n<li>Luksuslikult mugavad istumiskohad ja varjuline ala, kus saab nautida meretuult ilma otsese p\u00e4ikesevalgustuseta.<\/li>\n<li>Maitsvad gurmee-sn\u00e4kid ja valik k\u00fclmi jooke, mis hoiavad teid v\u00e4rskena.<\/li>\n<li>Kogenud kapten ja meeskond tagavad k\u00f5igile ohutu ja meeldiva kogemuse.<\/li>\n<\/ul>\n<h4>\ud83d\udea4 <strong>Alustage oma meres\u00f5idu seiklust<\/strong><\/h4>\n<p>Alustage oma reisi Costa Adejes asuvast Puerto Col\u00f3nist, kus ootab teid Tenerifel renditud elegantne laev White Heaven. See prahitud laev on m\u00f5eldud intiimsetele gruppidele, mist\u00f5ttu on selle reisijate arv piiratud 11 k\u00fclalisega, mis tagab isikliku ja eksklusiivse kogemuse Tenerife kaunites vetes. Seet\u00f5ttu on see parim valik neile, kes soovivad rentida paati Tenerifel.<\/p>\n<h4>\ud83c\udf0a <strong>Avastage Tenerife veekogude ilu<\/strong><\/h4>\n<p>Pardale j\u00f5udes leiate, et Tenerife lummavad sinised veed pakuvad enamat kui lihtsalt vaateid - need on m\u00e4ngumaa nii seiklejatele kui ka l\u00f5\u00f5gastuda soovijatele. Olenemata sellest, kas p\u00e4evitate avaral tekil p\u00e4ikese k\u00e4es v\u00f5i otsite mugavust varjulises kohas, on iga hetk White Heaveni pardal loodud r\u00f5\u00f5mustama ja inspireerima.<\/p>\n<h4>\ud83d\udc2c <strong>Elegantsus ja v\u00e4\u00e4rtus kombineeritult<\/strong><\/h4>\n<p>CanaryVIP-s parandame teie Tenerife paadirendi kogemust, \u00fchendades luksuslikud mugavused ja suurep\u00e4rase hinna ja kvaliteedi suhtega. Avastage Tenerife maalilised rannikud White Heaven'i pardal, kus iga detail alates ohutusest kuni meelelahutuseni on hoolikalt juhitud, et tagada teile unustamatu paadireis Tenerifel.<\/p>\n<h3>\ud83d\udd52 <strong>Valige oma eelistatud reisi kestus<\/strong><\/h3>\n<ul>\n<li><strong>3-tunnine ranniku aarete ekskursioon<\/strong>: Seadke purjed kolme tunni pikkusele luksusjahtide ekskursioonile piki Tenerife l\u00f5unarannikut. Sukelduge kristallselgesse vette snorgeldama v\u00f5i l\u00f5\u00f5gastuge ja nautige panoraamvaateid. See l\u00fchike prahtimine sisaldab suupisteid, jooke ja k\u00f5iki vajalikke snorgeldamisvahendeid, pakkudes meeldivat pilguheitu paradiisi, mis sobib ideaalselt kiireks paadireisiks Tenerifel.<\/li>\n<li><strong>4-tunnine l\u00f5unaranniku ekskursioon<\/strong>: Sukelduge luksusse ja seiklusesse meie neljatunnise jahtreisiga. Avastage kaunist l\u00f5unarannikut, nautige snorgeldamist ookeani s\u00fcgavustes ja nautige uimastavaid vaateid ainulaadsest vaatepunktist. See prahtimine sisaldab k\u00f5iki s\u00f6\u00f6ki, jooke ja snorgeldamisvarustust, mis sobib ideaalselt neile, kes soovivad oma puhkusele t\u00f5usta.<\/li>\n<li><strong>5-tunnine Discovery Voyage<\/strong>: Alustage t\u00f5eliselt eepilist seiklust meie viietunnise jahtide ekskursiooniga. S\u00f5itke m\u00f6\u00f6da Tenerife maalilist l\u00f5unarannikut, osalege p\u00f5nevas snorgeldamises ja kogege majesteetlikku ookeani kogu selle hiilguses. Selle laiaulatusliku prahtimise juurde kuuluvad k\u00f5ik s\u00f6\u00f6gid, joogid ja snorgeldamisvarustus, mis muudab selle ideaalselt sobivaks unustamatuks p\u00e4evaks Tenerife vetes.<\/li>\n<\/ul>\n<p>Iga ekskursioonivariant on m\u00f5eldud kuni kuue k\u00fclalise jaoks, kuid lisatasu eest (20 eurot inimese kohta) on v\u00f5imalik lisada rohkem osalejaid, maksimaalselt kuni \u00fcksteist k\u00fclalist. Selline paindlikkus tagab, et olenemata sellest, kas otsite l\u00fchiajalist p\u00f5genemist v\u00f5i pikemat avastamist, on teie kogemus mugav, luksuslik ja meeldej\u00e4\u00e4v.<\/p>\n<h3>\u2705 <strong>K\u00f5ik, mida vajate t\u00e4iuslikuks p\u00e4evaks merel<\/strong><\/h3>\n<ul>\n<li>Nautige piiramatuid gurmeehappeid ja jooke, mis vastavad k\u00f5ikidele eelistustele ja toitumisvajadustele.<\/li>\n<li>Mitmekeelne ja kogenud meeskond, kes on valmis teie vajadusi rahuldama, tagades sujuva ja turvalise reisi.<\/li>\n<\/ul>\n<h3>\ud83d\udccd <strong>Purjetamine Puerto Col\u00f3nist<\/strong><\/h3>\n<p>Teie laevareis seiklus Tenerifel algab Costa Adeje s\u00fcdames, kus White Heaven v\u00e4ljub Puerto Col\u00f3nist. Soovitame saabuda 15 minutit enne v\u00e4ljumist, et tagada stressivaba algus teie p\u00e4evale. Sadamas on olemas mugav parkimine, mis h\u00f5lbustab teie eksklusiivsele prahtimisele h\u00f5lpsasti ligip\u00e4\u00e4su.<\/p>\n<h4>\ud83d\udcdc <strong>Sujuv broneerimine ja selged t\u00fchistamisreeglid<\/strong><\/h4>\n<p>Valge Taeva koha kindlustamine on lihtne t\u00e4nu meie kasutajas\u00f5bralikule broneerimiss\u00fcsteemile ja selgetele eeskirjadele:<\/p>\n<ul>\n<li><strong>Ilmaga seotud garantii<\/strong>: Me j\u00e4lgime tingimusi, et tagada sujuv laevas\u00f5it. Halvade ilmastikuolude t\u00f5ttu toimuva t\u00fchistamise korral saate valida kas \u00fcmberplaneerimise v\u00f5i t\u00e4ieliku raha tagasimaksmise vahel, seades prioriteediks teie ohutuse ja rahulolu.<\/li>\n<li><strong>Paindlik t\u00fchistamine<\/strong>: Elu on ettearvamatu. T\u00fchistage oma broneering kuni 4 p\u00e4eva ette, et saada kogu raha tagasi. 4 p\u00e4eva jooksul ei saa kogu summat tagasi maksta.<\/li>\n<li><strong>Digitaalsed piletid<\/strong>: Juurdep\u00e4\u00e4s pardakaartidele h\u00f5lpsasti telefoni v\u00f5i tr\u00fckitud koopia kaudu.<\/li>\n<\/ul>\n<p><strong>Broneerige oma meeldej\u00e4\u00e4v reis White Heavenil koos CanaryVIP-ga juba t\u00e4na ja seilake p\u00e4eva t\u00e4is luksust, mugavust ja unustamatuid mereseiklusi.<\/strong><\/p>","protected":false},"excerpt":{"rendered":"<p>\ud83d\udd0d <strong>Valge taevas \u00fcksikasjad:<\/strong><br \/>\n\u2705 Turvaline makse.<br \/>\n\ud83d\udd10 Eramatkad.<br \/>\n\ud83d\udee5\ufe0f 11 meetrine paat.<br \/>\n\u23f3 Igap\u00e4evased ekskursioonid 3-5h.<br \/>\n\ud83d\udd59 Kohandatavad v\u00e4ljumisajad.<br \/>\n\ud83c\udf74 S\u00f6\u00f6gid ja joogid kaasa arvatud.<br \/>\n\ud83d\udc65 Kuni 11 k\u00fclalist.<br \/>\n\ud83e\udd3f Snorkelivarustus on ette n\u00e4htud.<br \/>\n\ud83e\udd11 Parim hind garanteeritud.<br \/>\n\ud83d\udc6a Allahindlused aktiveeritud.<br \/>\n\ud83d\udd01 Kuni 4 p\u00e4eva t\u00fchistamine.<br \/>\n\ud83c\udf0d Mitmekeelne meeskond.<br \/>\n\ud83c\udf1f Broneeri varakult ja s\u00e4\u00e4sta!<br \/>\n\ud83d\udccd Lahkumine <a href=\"https:\/\/www.google.com\/maps\/place\/Puerto+Col%C3%B3n\/@28.078002,-16.7394902,17z\/data=!3m2!4b1!5s0xc6a97433884bdf9:0x76d293b7b99db23a!4m6!3m5!1s0xc6a9743509c9ebf:0xd62345524f768247!8m2!3d28.078002!4d-16.7369153!16s%2Fg%2F11c6cqryw_?entry=tts&amp;g_ep=EgoyMDI0MDUwNS4wKgBIAVAD\">Puerto Col\u00f3n<\/a>.<\/p>","protected":false},"featured_media":11401,"comment_status":"open","ping_status":"closed","template":"","meta":{"_acf_changed":false},"product_brand":[],"product_cat":[47],"product_tag":[],"class_list":{"0":"post-11400","1":"product","2":"type-product","3":"status-publish","4":"has-post-thumbnail","6":"product_cat-boat-hire-tenerife","7":"wcpa_has_options","9":"first","10":"instock","11":"virtual","12":"purchasable","13":"product-type-simple"},"acf":[],"wcpa_form_fields":{"wcpaData":{"product":{"product_price":600,"price_html":"From&nbsp;<span class=\"woocommerce-Price-amount amount\"><bdi>600,00&nbsp;<span class=\"woocommerce-Price-currencySymbol\">&euro;<\/span><\/bdi><\/span>","original_product_price":600,"price_including_tax":600,"price_excluding_tax":600,"product_id":{"parent":11400,"variation":false},"is_variable":false,"stock_status":"instock","stock_quantity":null,"parent_sku":"CV11400","product_attributes":[],"custom_fields":[],"is_taxable":false,"product_name":"White Heaven Boat Tenerife","hasImage":false},"fields":{"sec_4663a0ecdc484d":{"extra":{"key":"sec_4663a0ecdc484d","section_id":"sec_4663a0ecdc484d","name":"Default","status":1,"cl_rule":"show","enableCl":false,"relations":[],"toggle":true,"title_tag":"h3","show_title":false,"showPrice":"default","form_id":11405,"form_rules":{"exclude_from_discount":true,"fee_label":"Fee","disp_hide_options_price":true,"disp_show_section_price":false,"disp_show_field_price":true,"layout_option":"standard","pric_use_as_fee":false,"process_fee_as":"woo_fee"},"layout_option":"standard"},"fields":[[{"label":"\ud83d\udcc5 Date","active":true,"required":true,"elementId":"date_6663a0ecdc486b","picker_type":"custom","picker_mode":"single","placeholder":"","description":"","tooltip":"","name":"date_6663a0ecdc486b","label_position":"default","desc_position":"default","enablePrice":false,"className":"","enableCl":false,"relations":[{"operator":"and","rules":[{"operator":"AND","rules":{"cl_field":"radio-group_565c78ffa81208","cl_relation":"is","cl_val":"3 Hour Trip"}}]}],"date_pic_inline":true,"date_pic_inline_hide":true,"min_date":{"type":"days","val":"2"},"max_date":{"type":"days","val":"365"},"date_pic_conf":{"disabledWeeks":[]},"price":"","cl_rule":"show","col":6,"type":"date","error":false,"enableDesign":false,"LabelColor":"","gt_translate_keys":["label","placeholder","description","tooltip"],"price_dependency":false,"cl_dependency":false,"value":""}],[{"contentType":"rich","active":true,"label":"","elementId":"content_2663a0ecdc4879","value":"<p>\ud83c\udf9f\ufe0f <strong>Reservation<\/strong>: Pay only a deposit now to reserve; the rest is due on the day of the activity upon arrival.<\/p>","inline":false,"name":"content_2663a0ecdc4879","enablePrice":false,"className":"","subtype":"p","enableCl":false,"relations":false,"price":"","cl_rule":"show","col":6,"type":"content","error":false,"pricingType":"custom","isTemplate":false,"is_show_price":true,"show_in_checkout":true,"gt_translate_keys":["label","value"],"price_dependency":false,"cl_dependency":false}],[{"elementId":"separator_5663a0ecdc4885","separatorType":"blank","className":"","height":"3","enableCl":false,"relations":false,"cl_rule":"show","col":6,"type":"separator","error":false,"gt_translate_keys":[],"price_dependency":false,"cl_dependency":false,"value":""}],[{"active":true,"col":6,"relations":false,"cl_rule":"show","enableCl":false,"price":"","enablePrice":true,"className":"","label_position":"default","desc_position":"default","type":"select","required":true,"elementId":"select_2663a0ecdc488f","label":"\u23f3 Trip Duration","name":"select_2663a0ecdc488f","values":[{"label":"3 Hours (600\u20ac)","value":"3","selected":false,"tempId":"aco_556","price":"600","gt_translate_keys":["label"]},{"label":"4 Hours (800\u20ac)","value":"4","selected":false,"tempId":"aco_640","price":"800","gt_translate_keys":["label"]},{"label":"5 Hours (1000\u20ac)","value":"5","selected":false,"tempId":"aco_660","price":"1000","gt_translate_keys":["label"]}],"dropdown_type":"basic","error":false,"placeholder":"Select Trip Duration","priceOptions":"different_for_all","pricingType":"fixed","is_show_price":true,"gt_translate_keys":["label","placeholder"],"price_dependency":["content_8663a0ecdc48a2","content_9663a0ecdc48ab"],"cl_dependency":false,"value":""}],[{"label":"\u2705 Number of People","active":true,"required":true,"elementId":"select_6663a0ecdc48db","dropdown_type":"basic","placeholder":"Select Number of People","name":"select_6663a0ecdc48db","label_position":"default","desc_position":"default","enablePrice":true,"className":"","enableCl":false,"relations":[{"operator":false,"rules":[{"operator":"AND","rules":{"cl_field":"radio-group_565c78ffa81208","cl_relation":"is","cl_val":"3 Hour Trip"}}]}],"values":[{"label":"1 person","value":"1","selected":false,"tempId":"aco_1471","price":"0","gt_translate_keys":["label"]},{"label":"2 people","value":"2","selected":false,"tempId":"aco_1472","price":"0","gt_translate_keys":["label"]},{"label":"3 people","value":"3","selected":false,"tempId":"aco_1500","price":"0","gt_translate_keys":["label"]},{"label":"4 people","value":"4","selected":false,"tempId":"aco_1510","price":"0","gt_translate_keys":["label"]},{"label":"5 people","value":"5","selected":false,"tempId":"aco_1520","price":"0","gt_translate_keys":["label"]},{"label":"6 people","value":"6","selected":false,"tempId":"aco_1728","price":"0","gt_translate_keys":["label"]},{"label":"7 people (+20\u20ac)","value":"7","selected":false,"tempId":"aco_1738","price":"20","gt_translate_keys":["label"]},{"label":"8 people (+40\u20ac)","value":"8","selected":false,"tempId":"aco_1748","price":"40","gt_translate_keys":["label"]},{"label":"9 people (+60\u20ac)","value":"9","selected":false,"tempId":"aco_1912","price":"60","gt_translate_keys":["label"]},{"label":"10 people (+80\u20ac)","value":"10","selected":false,"tempId":"aco_1922","price":"80","gt_translate_keys":["label"]},{"label":"11 people (+100\u20ac)","value":"11","selected":false,"tempId":"aco_705","price":"100","gt_translate_keys":["label"]}],"price":"","cl_rule":"show","col":6,"type":"select","error":false,"priceOptions":"different_for_all","pricingType":"fixed","is_show_price":true,"gt_translate_keys":["label","placeholder"],"price_dependency":["content_8663a0ecdc48a2","content_9663a0ecdc48ab"],"cl_dependency":false,"value":""}],[{"elementId":"separator_6663a0ecdc4899","separatorType":"fill","className":"","height":"6","enableCl":false,"relations":false,"cl_rule":"show","col":6,"type":"separator","error":false,"separatorColor":"#66a6b6","gt_translate_keys":[],"price_dependency":false,"cl_dependency":false,"value":""}],[{"active":true,"col":6,"relations":false,"cl_rule":"show","enableCl":false,"price":"({field.select_2663a0ecdc488f.price} + {field.select_6663a0ecdc48db.price})*0.20","enablePrice":true,"className":"","label_position":"default","desc_position":"default","type":"content","required":false,"elementId":"content_8663a0ecdc48a2","label":"Deposit Payment","name":"content_8663a0ecdc48a2","contentType":"plain","value":"","error":false,"pricingType":"custom","isTemplate":false,"is_show_price":false,"enableDesign":true,"scrollBar":false,"use_as_fee":false,"fee_label":"Payment Now","inline":true,"show_in_checkout":true,"subtype":"div","formulaId":"fmla_1708364241278155361","LabelSize":"14px","gt_translate_keys":["label","value"],"price_dependency":["content_8663a0ecdc48b4"],"cl_dependency":false}],[{"contentType":"plain","active":true,"label":"Payment at Arrival","elementId":"content_9663a0ecdc48ab","value":"","inline":true,"show_in_checkout":true,"name":"content_9663a0ecdc48ab","enablePrice":true,"className":"","fee_label":"Payment at Arrival","subtype":"div","enableCl":false,"relations":false,"scrollBar":false,"enableDesign":true,"pricingType":"custom","isTemplate":false,"price":"({field.select_2663a0ecdc488f.price} + {field.select_6663a0ecdc48db.price})*0.80","use_as_fee":false,"is_show_price":true,"cl_rule":"show","col":6,"type":"content","error":false,"formulaId":"fmla_1708360988969136756","LabelSize":"14px","gt_translate_keys":["label","value"],"price_dependency":["content_8663a0ecdc48b4"],"cl_dependency":false}],[{"contentType":"plain","active":true,"label":"Total Price","elementId":"content_8663a0ecdc48b4","value":"","inline":true,"show_in_checkout":true,"name":"content_8663a0ecdc48b4","enablePrice":true,"className":"","fee_label":"Payment at Arrival","subtype":"div","enableCl":false,"relations":false,"scrollBar":false,"enableDesign":true,"LabelSize":"14px","pricingType":"custom","isTemplate":false,"price":"({field.content_8663a0ecdc48a2.price}) + ({field.content_9663a0ecdc48ab.price})","formulaId":"fmla_1708360988969136756","use_as_fee":false,"is_show_price":true,"cl_rule":"show","col":6,"type":"content","error":false,"gt_translate_keys":["label","value"],"price_dependency":false,"cl_dependency":false}],[{"elementId":"separator_1663a0ecdc48bf","separatorType":"blank","className":"","height":"3","enableCl":false,"relations":false,"cl_rule":"show","col":6,"type":"separator","error":false,"gt_translate_keys":[],"price_dependency":false,"cl_dependency":false,"value":""}],[{"active":true,"col":6,"relations":[{"operator":false,"rules":[{"operator":"AND","rules":{"cl_field":"radio-group_565c78ffa81208","cl_relation":"is","cl_val":"3 Hour Trip"}}]}],"cl_rule":"show","enableCl":false,"price":"","enablePrice":false,"className":"","label_position":"default","desc_position":"default","type":"select","required":false,"elementId":"select_7663a0ecdc48c8","label":"\u23f0 Departure","name":"select_7663a0ecdc48c8","values":[{"label":"09:00","value":"09:00","selected":false,"tempId":"aco_1471","gt_translate_keys":["label"]},{"label":"10:00","value":"10:00","selected":false,"tempId":"aco_1472","gt_translate_keys":["label"]},{"label":"11:00","value":"11:00","selected":false,"tempId":"aco_1500","gt_translate_keys":["label"]},{"label":"12:00","value":"12:00","selected":false,"tempId":"aco_1510","gt_translate_keys":["label"]},{"label":"13:00 (1:00 PM)","value":"13:00","selected":false,"tempId":"aco_1520","gt_translate_keys":["label"]},{"label":"14:00 (2:00 PM)","value":"14:00","selected":false,"tempId":"aco_1728","gt_translate_keys":["label"]},{"label":"15:00 (3:00 PM)","value":"15:00","selected":false,"tempId":"aco_1738","gt_translate_keys":["label"]}],"dropdown_type":"basic","error":false,"placeholder":"Whichever Time is Best","gt_translate_keys":["label","placeholder"],"price_dependency":false,"cl_dependency":false,"value":""}],[{"elementId":"separator_0663a0ecdc48d2","separatorType":"blank","className":"","height":"1","enableCl":false,"relations":false,"cl_rule":"show","col":6,"type":"separator","error":false,"gt_translate_keys":[],"price_dependency":false,"cl_dependency":false,"value":""}]]}},"config":{"price_override":"always","enable_recaptcha":false,"bind_quantity":false,"quantity_bind_formula":false,"disp_summ_show_option_price":true,"disp_summ_show_product_price":false,"disp_summ_show_total_price":false,"disp_summ_show_fee":true,"disp_summ_show_discount":true,"summary_title":"","options_total_label":"Options Price","total_label":"Deposit Amount","options_product_label":"Product Price","fee_label":"Fee","discount_label":"Discount","has_price":true,"has_quantity_formula":false},"mc_unit":1,"tax_rate":1,"tax_rate_real":1,"discount":{"percentage":0,"fixed":0},"design":{"conf":{"LabelPosition":"above","DescPosition":"above","UploadField":"custom_1","QuantityFieldStyle":"custom_1"},"css":{"LeftLabelWidth":"120px"}},"formulas":{"fmla_1708360988969136756":"(({field.select_2663a0ecdc488f.value}>=5)?(640):(({field.select_2663a0ecdc488f.value}>=4)?(520):(({field.select_2663a0ecdc488f.value}>=3)?(440):(0))))","fmla_1708364241278155361":"(({field.select_5841412719.value}>=8)?({field.select_5841412719.price}):(({field.select_5841412719.value}>=5)?({field.select_5841412719.price}):(({field.select_5841412719.value}>=3)?({field.select_5841412719.price}):(0))))"},"lookuptables":[],"clones":false,"cartKey":false}},"_links":{"self":[{"href":"https:\/\/canaryvip.com\/et\/wp-json\/wp\/v2\/product\/11400","targetHints":{"allow":["GET"]}}],"collection":[{"href":"https:\/\/canaryvip.com\/et\/wp-json\/wp\/v2\/product"}],"about":[{"href":"https:\/\/canaryvip.com\/et\/wp-json\/wp\/v2\/types\/product"}],"replies":[{"embeddable":true,"href":"https:\/\/canaryvip.com\/et\/wp-json\/wp\/v2\/comments?post=11400"}],"wp:featuredmedia":[{"embeddable":true,"href":"https:\/\/canaryvip.com\/et\/wp-json\/wp\/v2\/media\/11401"}],"wp:attachment":[{"href":"https:\/\/canaryvip.com\/et\/wp-json\/wp\/v2\/media?parent=11400"}],"wp:term":[{"taxonomy":"product_brand","embeddable":true,"href":"https:\/\/canaryvip.com\/et\/wp-json\/wp\/v2\/product_brand?post=11400"},{"taxonomy":"product_cat","embeddable":true,"href":"https:\/\/canaryvip.com\/et\/wp-json\/wp\/v2\/product_cat?post=11400"},{"taxonomy":"product_tag","embeddable":true,"href":"https:\/\/canaryvip.com\/et\/wp-json\/wp\/v2\/product_tag?post=11400"}],"curies":[{"name":"wp","href":"https:\/\/api.w.org\/{rel}","templated":true}]}}