{"id":11308,"date":"2024-04-16T23:45:59","date_gmt":"2024-04-16T22:45:59","guid":{"rendered":"https:\/\/canaryvip.com\/?post_type=product&#038;p=11308"},"modified":"2025-08-09T12:39:52","modified_gmt":"2025-08-09T11:39:52","slug":"banana-boat-tenerife","status":"publish","type":"product","link":"https:\/\/canaryvip.com\/et\/shop\/banana-boat-tenerife\/","title":{"rendered":"Banaanipaat Tenerife"},"content":{"rendered":"<h2><strong>Banana Boat Tenerife - Metsikud lained ja naerud<\/strong><\/h2>\n<p>Valmistu l\u00f5busaks pritsimiseks meie <strong>Banaanipaat Tenerife<\/strong> s\u00f5idab! Need s\u00f5iduautod on ideaalsed peredele ja gruppidele, sest need \u00fchendavad endas kiiruse, pritsmed ja naeru, et vees veedetud p\u00e4ev oleks meeldej\u00e4\u00e4v. Meie <strong>Banaanipaatide ekskursioonid<\/strong> on aegumatu viis Costa Adeje merel elamuse kogemiseks.<\/p>\n<h3><strong>\ud83c\udf0a Alusta oma seiklust Puerto Col\u00f3nis<\/strong><\/h3>\n<ul>\n<li><strong>P\u00f5nev k\u00e4ivitamine:<\/strong> Teie banaanipaadireis algab aadressil <a href=\"https:\/\/maps.app.goo.gl\/bkqEhAxsobcjz9wG9\" target=\"_blank\" rel=\"noopener\">Puerto Col\u00f3n,<\/a> kus meie entusiastlikud giidid v\u00f5tavad teid vastu ja annavad teile kiire ohutusalase \u00fclevaate, enne kui h\u00fcppate ikoonilisele kollasele parvele.<\/li>\n<li><strong>P\u00f5nev s\u00f5it:<\/strong> P\u00fcsti t\u00e4ispuhutava banaani pardale ja hoia end tugevalt kinni, kui kiirpaat sind m\u00f6\u00f6da laineid t\u00f5mbab. Valmistu kallutamisteks ja p\u00f5rutusteks, kui naerad ja karjud r\u00f5\u00f5must koos oma s\u00f5prade ja perega!<\/li>\n<\/ul>\n<h3><strong>\u2728 Mis teeb meie banaanipaadis\u00f5idud eriliseks?<\/strong><\/h3>\n<ul>\n<li><strong>Ligip\u00e4\u00e4setav l\u00f5bu:<\/strong> Vaid 15\u20ac inimese kohta tagab koha selles populaarses veespordis, mis sobib ideaalselt ka gruppidele. See on taskukohane ja p\u00f5nev v\u00e4ljas\u00f5it k\u00f5igile!<\/li>\n<li><strong>J\u00e4rjepidev kiitus:<\/strong> Oleme uhked r\u00f5\u00f5mu ja naeru \u00fcle, mida meie s\u00f5idud pakuvad, mis kajastub meie s\u00f5itjate \u00fclistavates arvustustes. Teie l\u00f5bu on meie prioriteet!<\/li>\n<li><strong>Paindlikud broneeringud:<\/strong> Plaanide muutmine? V\u00f5ite t\u00fchistada kuni 24 tundi ette ja saate kogu raha tagasi - meie kohustus rahuldada teie puhkusevajadusi.<\/li>\n<\/ul>\n<h3><strong>\ud83d\ude80 S\u00f5ida Tenerifel banaanipaadiga \ud83d\ude80 S\u00f5ida Tenerifel banaanipaadiga<\/strong><\/h3>\n<ul>\n<li><strong>Grupid\u00fcnaamika:<\/strong> Kogege p\u00f5nevust kuni 12 s\u00f5itjaga. \u00dchine p\u00f5nevus ja \u00fchised reaktsioonid tagavad unustamatu seikluse.<\/li>\n<li><strong>Ohutu ja turvaline:<\/strong> Meie koolitatud meeskond tagab turvalise s\u00f5idu algusest l\u00f5puni, juhtides paati asjatundlikult, et maksimeerida teie naudingut ja turvalisust.<\/li>\n<\/ul>\n<h3><strong>\ud83c\udf1f Rohkem kui lihtsalt banaanipaadid<\/strong><\/h3>\n<ul>\n<li>Laiendage oma veespordi seiklusi selliste v\u00f5imalustega nagu <a href=\"https:\/\/canaryvip.com\/et\/shop\/jetski-tenerife\/\">jet ski Tenerife<\/a>, <a href=\"https:\/\/canaryvip.com\/et\/shop\/parasailing-tenerife\/\">paraplaanilennu Tenerife<\/a>ja isegi <a href=\"https:\/\/canaryvip.com\/et\/tenerife\/boat-excursions\/\">vaala vaatamise ekskursioonid<\/a>, k\u00f5ik samast eluj\u00f5ulisest asukohast Puerto Col\u00f3nis.<\/li>\n<\/ul>\n<h3>\ud83d\udcc5 <strong>Broneerige oma Banaanipaadiga s\u00f5it Tenerifel juba t\u00e4na<\/strong><\/h3>\n<p>Kui otsite p\u00f5nevust v\u00f5i l\u00f5busat grupitegevust, siis meie Banana Boat'i s\u00f5itu pakub m\u00f5lemat ideaalset kombinatsiooni. Kindlustage oma koht juba t\u00e4na ja valmistuge p\u00f5nevaks elamuseks vee peal.<\/p>\n<h3>\u2705 <strong>Mida sisaldab teie banaanipaadis\u00f5it?<\/strong><\/h3>\n<ul>\n<li>T\u00e4ielik ohutusalane sissejuhatus ja p\u00e4\u00e4stevestid k\u00f5igile s\u00f5itjatele.<\/li>\n<li>P\u00f5nev 10-minutiline s\u00f5it.<\/li>\n<li>Fotod teie seiklusest, mida saab osta, et j\u00e4\u00e4dvustada l\u00f5busaid hetki.<\/li>\n<\/ul>\n<h3><strong>\u2696\ufe0f Usaldusv\u00e4\u00e4rne broneerimine ja lihtne t\u00fchistamine<\/strong><\/h3>\n<ul>\n<li><strong>Mugav broneerimine:<\/strong> Broneeri mugavalt ja tea, et saad oma plaanide muutumise korral kuni 24 tundi ette t\u00fchistada ja saad kogu raha tagasi.<\/li>\n<li><strong>K\u00f5ik on kutsutud:<\/strong> Sobib p\u00f5nevust otsivatele inimestele vanuses 10-65 aastat. Meie atraktsioonid on loodud nii, et need oleksid kaasavad ja nauditavad k\u00f5igile.<\/li>\n<\/ul>\n<h3><strong>\ud83c\udf92 Ettevalmistused s\u00f5iduks \ud83c\udf92 S\u00f5idu ettevalmistamine<\/strong><\/h3>\n<ul>\n<li><strong>Kandke sobivat varustust:<\/strong> Tulge ujumisriietes ja olge valmis m\u00e4rjaks saama! \u00c4ra unusta v\u00f5tta kaasa r\u00e4tikut ja p\u00e4ikesekaitsekreemi, et kaitsta end p\u00e4ikese eest.<\/li>\n<li><strong>Hoidke v\u00e4\u00e4rtuslikke esemeid turvaliselt:<\/strong> J\u00e4ta oma kingad ja libisemisvastased esemed meie turvalistesse hoiukastidesse kai \u00e4\u00e4res. V\u00f5tke kaasa veekindel fotoaparaat, kui soovite teha isiklikke fotosid.<\/li>\n<li><strong>Tervis ja ohutus:<\/strong> Meie tegevus ei sobi rasedatele, kuid on fantastiline peaaegu k\u00f5igile teistele! Veenduge, et olete valmis f\u00fc\u00fcsiliseks s\u00f5iduks.<\/li>\n<\/ul>\n<h3>\u2753 <strong>Korduma kippuvad k\u00fcsimused<\/strong><\/h3>\n<ul>\n<li><strong>Kas keegi saab osaleda Banaanipaadiga s\u00f5itmisel?<\/strong> Jah! Meie banaanipaadis\u00f5idud sobivad ideaalselt k\u00f5igile vanuses 10 kuni 65 aastat. Eelnev ujumisoskus ei ole vajalik, sest k\u00f5ik osalejad on varustatud p\u00e4\u00e4stevestidega.<\/li>\n<li><strong>Mida ma peaksin s\u00f5idu ajal ootama?<\/strong> Oodake, et teid pritsitakse, pritsitakse ja naerdakse (heas vaimus)! K\u00f5ik on seotud l\u00f5butsemise ja ookeani p\u00f5nevuse kogemisega.<\/li>\n<\/ul>\n<h4><strong>\ud83c\udf1e Kas oled valmis s\u00f5itma?<\/strong><\/h4>\n<p>Sukelduge l\u00f5busalt meie banaanipaadiga s\u00f5itudele aadressil <strong>CanaryVIP.<\/strong> Broneerige kohe ja olge valmis tegema laineid Tenerife kaunites meredes!<\/p>","protected":false},"excerpt":{"rendered":"<p>\ud83d\udd0d <strong>Banana Boat Tenerife:<br \/>\n<\/strong>\u2705 Turvaline makse.<br \/>\n\ud83d\udc65 Kuni 12 s\u00f5itjat s\u00f5idu kohta.<br \/>\n\ud83d\ude80 S\u00f5idud kestavad 10 minutit.<br \/>\n\ud83c\udfde\ufe0f Kiirusk\u00e4igud.<br \/>\n\ud83d\udd59 Kogu p\u00e4eva jooksul.<br \/>\n\ud83d\udcc5 Saadaval iga p\u00e4ev.<br \/>\n\ud83e\udd11 Parim hind garanteeritud.<br \/>\n\ud83d\udc6a Grupile tehtavad soodustused.<br \/>\n\ud83d\udd01 24h t\u00fchistamispoliitika.<br \/>\n\ud83c\udf0d Mitme keele tugi.<br \/>\n\ud83c\udf1f Broneeri ette, et s\u00e4\u00e4sta.<br \/>\n\ud83d\udccd Lahkumine <a href=\"https:\/\/maps.app.goo.gl\/bkqEhAxsobcjz9wG9\">Puerto Col\u00f3n<\/a>.<\/p>","protected":false},"featured_media":11311,"comment_status":"open","ping_status":"closed","template":"","meta":{"_acf_changed":false},"product_brand":[],"product_cat":[53],"product_tag":[],"class_list":{"0":"post-11308","1":"product","2":"type-product","3":"status-publish","4":"has-post-thumbnail","6":"product_cat-water-sports","7":"wcpa_has_options","9":"first","10":"instock","11":"virtual","12":"purchasable","13":"product-type-simple"},"acf":[],"wcpa_form_fields":{"wcpaData":{"product":{"product_price":18,"price_html":"From&nbsp;<span class=\"woocommerce-Price-amount amount\"><bdi>18,00&nbsp;<span class=\"woocommerce-Price-currencySymbol\">&euro;<\/span><\/bdi><\/span>","original_product_price":18,"price_including_tax":18,"price_excluding_tax":18,"product_id":{"parent":11308,"variation":false},"is_variable":false,"stock_status":"instock","stock_quantity":null,"parent_sku":"CV11308","product_attributes":[],"custom_fields":[],"is_taxable":false,"product_name":"Banana Boat Tenerife","hasImage":false},"fields":{"sec_7661f1665d94fb":{"extra":{"key":"sec_7661f1665d94fb","section_id":"sec_7661f1665d94fb","name":"Default","status":1,"cl_rule":"show","enableCl":false,"relations":[],"toggle":true,"title_tag":"h3","show_title":false,"showPrice":"default","form_id":11314,"form_rules":{"exclude_from_discount":true,"fee_label":"Fee","disp_hide_options_price":true,"disp_show_section_price":false,"disp_show_field_price":true,"layout_option":"standard","pric_use_as_fee":false,"process_fee_as":"woo_fee"},"layout_option":"standard"},"fields":[[{"label":"\ud83d\udcc5 Date","active":true,"required":true,"elementId":"date_3661f1665d951b","picker_type":"custom","picker_mode":"single","placeholder":"","description":"","tooltip":"","name":"date_3661f1665d951b","label_position":"default","desc_position":"default","enablePrice":false,"className":"","enableCl":false,"relations":[{"operator":"and","rules":[{"operator":"AND","rules":{"cl_field":"radio-group_5661bc90f5e8f5","cl_relation":"is_not_empty","cl_val":"3 Hour Trip"}}]}],"date_pic_inline":true,"date_pic_inline_hide":true,"min_date":{"type":"days","val":"1"},"max_date":{"type":"days","val":"365"},"date_pic_conf":{"disabledWeeks":[]},"price":"","cl_rule":"show","col":6,"type":"date","error":false,"enableDesign":false,"LabelColor":"","gt_translate_keys":["label","placeholder","description","tooltip"],"price_dependency":false,"cl_dependency":false,"value":""}],[{"active":true,"col":6,"relations":false,"cl_rule":"show","enableCl":false,"price":"","enablePrice":false,"className":"","label_position":"default","desc_position":"default","type":"select","required":true,"elementId":"select_3477053266","label":"\u23f0 Departure Time","name":"select_3477053266","values":[{"label":"Whichever Time is Best","value":"Whichever Time is Best","selected":false,"tempId":"aco_312","gt_translate_keys":["label"]},{"label":"10:30","value":"10:30","selected":false,"tempId":"aco_313","gt_translate_keys":["label"]},{"label":"11:30","value":"11:30","selected":false,"tempId":"aco_314","gt_translate_keys":["label"]},{"label":"12:30 ","value":"12:30","selected":false,"tempId":"aco_711","gt_translate_keys":["label"]},{"label":"13:30","value":"13:30","selected":false,"tempId":"aco_721","gt_translate_keys":["label"]},{"label":"14:30","value":"14:30","selected":false,"tempId":"aco_983","gt_translate_keys":["label"]},{"label":"15:30","value":"15:30","selected":false,"tempId":"aco_993","gt_translate_keys":["label"]},{"label":"16:30","value":"16:30","selected":false,"tempId":"aco_1183","gt_translate_keys":["label"]}],"dropdown_type":"basic","error":false,"multiple":false,"placeholder":"None","gt_translate_keys":["label","placeholder"],"price_dependency":false,"cl_dependency":false,"value":""}],[{"active":true,"col":6,"relations":[{"operator":false,"rules":[{"operator":"AND","rules":{"cl_field":"","cl_relation":"","cl_val":""}}]}],"cl_rule":"show","enableCl":true,"price":"18","enablePrice":true,"className":"","label_position":"default","desc_position":"default","type":"radio-group","required":false,"elementId":"radio-group_0661f1665d9537","label":"","name":"radio-group_0661f1665d9537","values":[{"label":"\ud83d\udc64 People (18\u20ac)","value":"People","selected":true,"tempId":"aco_32","tooltip":"","description":"","gt_translate_keys":["label","tooltip","description"]}],"layOut":"","error":false,"checkUi":"button","priceOptions":"fixed_for_all","pricingType":"fixed","enable_quantity":true,"quantity_label":"","min_quantity":"0","options_tooltip":true,"options_description":true,"is_show_price":true,"gt_translate_keys":["label","quantity_label"],"price_dependency":["content_2802764779","content-8155931385","content-8167489432"],"cl_dependency":false,"value":""}],[{"active":true,"col":6,"relations":false,"cl_rule":"show","enableCl":false,"price":"","enablePrice":false,"className":"","label_position":"default","desc_position":"default","type":"separator","required":false,"elementId":"separator_2804989181","label":"Separator Field","height":"6","separatorType":"fill","error":false,"separatorColor":"#66a5b6","gt_translate_keys":["label"],"price_dependency":false,"cl_dependency":false,"value":""}],[{"active":true,"col":6,"relations":false,"cl_rule":"show","enableCl":false,"price":"{field.radio-group_0661f1665d9537.price}*0.30","enablePrice":true,"className":"","label_position":"default","desc_position":"default","type":"content","required":false,"elementId":"content_2802764779","label":"Deposit Now","name":"content_2802764779","contentType":"plain","value":"","error":false,"subtype":"div","inline":true,"show_in_checkout":true,"pricingType":"custom","isTemplate":false,"gt_translate_keys":["label","value"],"price_dependency":false,"cl_dependency":false}],[{"contentType":"plain","active":true,"label":"Payment at Arrival","elementId":"content-8155931385","value":"","inline":true,"show_in_checkout":true,"name":"content-8155931385","enablePrice":true,"className":"","subtype":"div","enableCl":false,"relations":false,"pricingType":"custom","isTemplate":false,"price":"{field.radio-group_0661f1665d9537.price}*0.70","is_show_price":true,"cl_rule":"show","col":6,"type":"content","error":false,"gt_translate_keys":["label","value"],"price_dependency":false,"cl_dependency":false}],[{"contentType":"plain","active":true,"label":"Total Price","elementId":"content-8167489432","value":"","inline":true,"show_in_checkout":true,"name":"content-8167489432","enablePrice":true,"className":"","subtype":"div","enableCl":false,"relations":false,"pricingType":"custom","isTemplate":false,"price":"{field.radio-group_0661f1665d9537.price}","is_show_price":true,"cl_rule":"show","col":6,"type":"content","error":false,"gt_translate_keys":["label","value"],"price_dependency":false,"cl_dependency":false}]]}},"config":{"price_override":"always","enable_recaptcha":false,"bind_quantity":false,"quantity_bind_formula":false,"disp_summ_show_option_price":true,"disp_summ_show_product_price":false,"disp_summ_show_total_price":true,"disp_summ_show_fee":true,"disp_summ_show_discount":true,"summary_title":"","options_total_label":"Options Price","total_label":"Total Amount","options_product_label":"Product Price","fee_label":"Fee","discount_label":"Discount","has_price":true,"has_quantity_formula":false},"mc_unit":1,"tax_rate":1,"tax_rate_real":1,"discount":{"percentage":0,"fixed":0},"design":{"conf":{"LabelPosition":"above","DescPosition":"above","UploadField":"custom_1","QuantityFieldStyle":"custom_1"},"css":{"LeftLabelWidth":"120px"}},"formulas":[],"lookuptables":[],"clones":false,"cartKey":false}},"_links":{"self":[{"href":"https:\/\/canaryvip.com\/et\/wp-json\/wp\/v2\/product\/11308","targetHints":{"allow":["GET"]}}],"collection":[{"href":"https:\/\/canaryvip.com\/et\/wp-json\/wp\/v2\/product"}],"about":[{"href":"https:\/\/canaryvip.com\/et\/wp-json\/wp\/v2\/types\/product"}],"replies":[{"embeddable":true,"href":"https:\/\/canaryvip.com\/et\/wp-json\/wp\/v2\/comments?post=11308"}],"wp:featuredmedia":[{"embeddable":true,"href":"https:\/\/canaryvip.com\/et\/wp-json\/wp\/v2\/media\/11311"}],"wp:attachment":[{"href":"https:\/\/canaryvip.com\/et\/wp-json\/wp\/v2\/media?parent=11308"}],"wp:term":[{"taxonomy":"product_brand","embeddable":true,"href":"https:\/\/canaryvip.com\/et\/wp-json\/wp\/v2\/product_brand?post=11308"},{"taxonomy":"product_cat","embeddable":true,"href":"https:\/\/canaryvip.com\/et\/wp-json\/wp\/v2\/product_cat?post=11308"},{"taxonomy":"product_tag","embeddable":true,"href":"https:\/\/canaryvip.com\/et\/wp-json\/wp\/v2\/product_tag?post=11308"}],"curies":[{"name":"wp","href":"https:\/\/api.w.org\/{rel}","templated":true}]}}