{"id":11303,"date":"2024-04-16T23:11:21","date_gmt":"2024-04-16T22:11:21","guid":{"rendered":"https:\/\/canaryvip.com\/?post_type=product&#038;p=11303"},"modified":"2025-08-09T12:40:39","modified_gmt":"2025-08-09T11:40:39","slug":"flyfish-tenerife","status":"publish","type":"product","link":"https:\/\/canaryvip.com\/et\/shop\/flyfish-tenerife\/","title":{"rendered":"FlyFish Tenerife"},"content":{"rendered":"<h2><strong>\ud83c\udf0a FlyFish Tenerife - s\u00f5itke ookeanilainetega<\/strong><\/h2>\n<p>Valmistu adrenaliini pumbatavaks kogemuseks meie <strong>FlyFish Tenerife<\/strong> seiklus! Tunne mere kohal lendamise kiirust, kui klammerdud meie spetsiaalselt loodud t\u00e4ispuhutava parve k\u00fclge. Meie <strong>FlyFish ekskursioonid<\/strong> lubage unustamatut kiirete veespordialade p\u00e4eva Costa Adeje kaunis keskkonnas.<\/p>\n<h3><strong>\ud83d\udea4 Oma FlyFish seikluse alustamine<\/strong><\/h3>\n<ul>\n<li><strong>Seiklus algab:<\/strong> Teie teekond algab otse <a href=\"https:\/\/maps.app.goo.gl\/bkqEhAxsobcjz9wG9\" target=\"_blank\" rel=\"noopener\">Puerto Col\u00f3n,<\/a>\u00a0ametlik l\u00e4htepunkt teie FlyFish-seiklusele. Kohale j\u00f5udes tutvustatakse teile FlyFishi p\u00f5nevat maailma, te saate p\u00f5hjaliku ohutusalase sissejuhatuse ja varustate end p\u00f5nevaks s\u00f5iduks, mis teid ees ootab.<\/li>\n<li><strong>FlyFish Experience:<\/strong> Kinnitage turvav\u00f6\u00f6 ja hoidke tugevalt kinni, kui mootorpaat teid \u00fcle lainete kihutab. Nautige merevee pritsimist ja tuult oma n\u00e4os selle ergutava s\u00f5idu ajal.<\/li>\n<\/ul>\n<p>&nbsp;<\/p>\n<h3><strong>\u2728 Miks valida CanaryVIP oma FlyFish-kogemuse jaoks?<\/strong><\/h3>\n<ul>\n<li><strong>Konkurentsiv\u00f5imeline hinnakujundus:<\/strong> H\u00fcppa pardale juba 45\u20ac eest inimese kohta, saadaval on ka fantastilised grupi- ja pealtvaatajatariifid. Kvaliteet ja p\u00f5nevus hinnaga, mida ei saa \u00fcletada!<\/li>\n<li><strong>Klientide kiitus:<\/strong> Oleme tuntud oma erakordse teeninduse poolest ja oleme uhked oma k\u00fclaliste suurep\u00e4raste hinnangute \u00fcle. Teie suurep\u00e4rane kogemus on meie eesm\u00e4rk!<\/li>\n<li><strong>Broneerimise paindlikkus:<\/strong> Plaanid muutunud? Ei mingit muret - t\u00fchistage kuni 24 tundi enne reisi ja saate t\u00e4ieliku raha tagasi meie paindliku t\u00fchistamispoliitika alusel.<\/li>\n<\/ul>\n<h3><strong>\ud83d\ude80 Fly High koos FlyFish Tenerife'iga<\/strong><\/h3>\n<ul>\n<li><strong>R\u00f5\u00f5msaid s\u00f5ite:<\/strong> FlyFish viib teid metsikule s\u00f5idule \u00fcle Playa de Las Am\u00e9ricase vete, h\u00f5ljudes ja sukeldudes lainetega umbes 10 p\u00f5nevat minutit.<\/li>\n<li><strong>Ekspertide juhised:<\/strong> Meie kvalifitseeritud instruktorid tagavad turvalise ja meeldej\u00e4\u00e4va kogemuse, juhatades teid sujuvalt algusest l\u00f5puni.<\/li>\n<\/ul>\n<h3><strong>\ud83c\udf1f Rohkem kui lihtsalt FlyFish<\/strong><\/h3>\n<ul>\n<li>Otsid rohkem? Pakume laias valikus <a href=\"https:\/\/canaryvip.com\/et\/tenerife\/water-sports\/\">veealased tegevused Tenerifel,<\/a>\u00a0aadressilt <a href=\"https:\/\/canaryvip.com\/et\/shop\/jetski-tenerife\/\">jetisuusatamine<\/a> paraplaanile, tagades, et alati on midagi uut, mida proovida.<\/li>\n<li>Meie seiklused ei piirdu ainult Tenerifel - vaadake meie pakkumisi Gran Canarial, kus on veel rohkem veem\u00f5nusid!<\/li>\n<\/ul>\n<h3>\ud83d\udcc5 <strong>Broneeri oma FlyFish kogemus t\u00e4na<\/strong><\/h3>\n<p>\u00c4rge j\u00e4tke seda ainulaadset seiklust vahele. Sobib suurep\u00e4raselt adrenaliinihuvilistele ja p\u00f5nevusentusiastidele, kes soovivad teha splash'i. Broneerige FlyFishi s\u00f5it kohe ja lisage oma Tenerife puhkusele p\u00f5nevust.<\/p>\n<h3>\u2705 <strong>Mida sisaldab teie FlyFish Ride?<\/strong><\/h3>\n<ul>\n<li>Kogu turvavarustus ja t\u00e4ielik instrueerimine enne v\u00e4ljas\u00f5itu.<\/li>\n<li>10-minutiline FlyFish-s\u00f5it, mis t\u00f5otab t\u00f5sta teie adrenaliinisisaldust.<\/li>\n<li>Professionaalne j\u00e4relevalve ja pildistamisv\u00f5imalused, et j\u00e4\u00e4dvustada oma julgeid tegusid (fotod on saadaval ostmiseks).<\/li>\n<\/ul>\n<h3><strong>\u2696\ufe0f Usaldusv\u00e4\u00e4rsed broneerimis- ja t\u00fchistamisv\u00f5imalused<\/strong><\/h3>\n<ul>\n<li><strong>Lihtne broneerimine:<\/strong> Broneerige oma koht h\u00f5lpsasti ja kindlalt, teades, et saate kuni 24 tundi ette t\u00fchistada, et saada t\u00e4ielik h\u00fcvitis.<\/li>\n<li><strong>Kaasav kogemus:<\/strong> Ootame k\u00f5iki, alates p\u00f5nevust otsivatest \u00fcksikreisijatest kuni p\u00f5nevaid v\u00e4ljas\u00f5ite otsivate r\u00fchmadeni. Andke meile teada oma eelistused ja me kohandame s\u00f5idu teie jaoks.<\/li>\n<\/ul>\n<h3><strong>\ud83c\udf92 Valmistumine oma FlyFish seikluseks<\/strong><\/h3>\n<ul>\n<li><strong>Valmistuge m\u00e4rjaks:<\/strong> Kandke ujumisriietust, v\u00f5tke kaasa r\u00e4tik ja kasutage p\u00e4ikesekaitsekreemi. See saab olema priske s\u00f5it!<\/li>\n<li><strong>Kaamera p\u00f5hit\u00f5ed:<\/strong> V\u00f5ta kaasa veekindel kaamera v\u00f5i kaitsva \u00fcmbrisega telefon, et j\u00e4\u00e4dvustada FlyFishi hetki. Hoidke k\u00e4ed vabaks, et lehvitada ja kinni hoida!<\/li>\n<li><strong>Ligip\u00e4\u00e4setavus:<\/strong> See tegevus sobib k\u00f5igile vanuses 10-65 aastat. Pange t\u00e4hele, et see ei sobi rasedatele v\u00f5i neile, kes ei tunne end vees h\u00e4sti.<\/li>\n<\/ul>\n<h3>\u2753 <strong>Korduma kippuvad k\u00fcsimused<\/strong><\/h3>\n<ul>\n<li><strong>Kes saavad FlyFish Tenerifel osaleda?<\/strong> Oodatud on seiklejad vanuses 10 kuni 65 aastat! Ohutuse tagamiseks on vajalik p\u00f5hiline ujumisoskus.<\/li>\n<li><strong>Kui turvaline on FlyFish?<\/strong> Ohutus on meie prioriteet. K\u00f5ik osalejad on varustatud p\u00e4\u00e4stevestidega ja meie kogenud meeskond tagab ohutu ja meeldiva kogemuse.<\/li>\n<\/ul>\n<h4><strong>\ud83c\udf1e Valmis, et teha splash?<\/strong><\/h4>\n<p>Kogege FlyFish'i p\u00f5nevust Tenerifel koos <strong>CanaryVIP.<\/strong> Broneeri oma seiklus juba t\u00e4na ja valmistu unustamatuks kiirs\u00f5iduks \u00fcle ookeani pinna!<\/p>","protected":false},"excerpt":{"rendered":"<p>\ud83d\udd0d <strong>FlyFish Tenerife:<\/strong><br \/>\n\u2705 Turvaline makse.<br \/>\n\ud83d\udc65 Kuni 3 s\u00f5itjat s\u00f5idu kohta.<br \/>\n\ud83d\ude80 S\u00f5it kestab umbes 10 minutit.<br \/>\n\ud83c\udfde\ufe0f Kiire veekasutus.<br \/>\n\ud83d\udd59 Saadaval kogu p\u00e4eva jooksul.<br \/>\n\ud83d\udcc5 S\u00f5idud saadaval iga p\u00e4ev.<br \/>\n\ud83e\udd11 Parim hind garanteeritud.<br \/>\n\ud83d\udc6a Grupile tehtavad soodustused.<br \/>\n\ud83d\udd01 24h t\u00fchistamispoliitika.<br \/>\n\ud83c\udf0d Mitme keele tugi.<br \/>\n\ud83c\udf1f Broneeri ette, et s\u00e4\u00e4sta.<br \/>\n\ud83d\udccd Lahkumine <a href=\"https:\/\/maps.app.goo.gl\/bkqEhAxsobcjz9wG9\">Puerto Col\u00f3n.<\/a><\/p>","protected":false},"featured_media":11317,"comment_status":"open","ping_status":"closed","template":"","meta":{"_acf_changed":false},"product_brand":[],"product_cat":[53],"product_tag":[],"class_list":{"0":"post-11303","1":"product","2":"type-product","3":"status-publish","4":"has-post-thumbnail","6":"product_cat-water-sports","7":"wcpa_has_options","9":"first","10":"instock","11":"virtual","12":"purchasable","13":"product-type-simple"},"acf":[],"wcpa_form_fields":{"wcpaData":{"product":{"product_price":18,"price_html":"From&nbsp;<span class=\"woocommerce-Price-amount amount\"><bdi>18,00&nbsp;<span class=\"woocommerce-Price-currencySymbol\">&euro;<\/span><\/bdi><\/span>","original_product_price":18,"price_including_tax":18,"price_excluding_tax":18,"product_id":{"parent":11303,"variation":false},"is_variable":false,"stock_status":"instock","stock_quantity":null,"parent_sku":"CV11303","product_attributes":[],"custom_fields":[],"is_taxable":false,"product_name":"FlyFish Tenerife","hasImage":false},"fields":{"sec_7661f1665d94fb":{"extra":{"key":"sec_7661f1665d94fb","section_id":"sec_7661f1665d94fb","name":"Default","status":1,"cl_rule":"show","enableCl":false,"relations":[],"toggle":true,"title_tag":"h3","show_title":false,"showPrice":"default","form_id":11314,"form_rules":{"exclude_from_discount":true,"fee_label":"Fee","disp_hide_options_price":true,"disp_show_section_price":false,"disp_show_field_price":true,"layout_option":"standard","pric_use_as_fee":false,"process_fee_as":"woo_fee"},"layout_option":"standard"},"fields":[[{"label":"\ud83d\udcc5 Date","active":true,"required":true,"elementId":"date_3661f1665d951b","picker_type":"custom","picker_mode":"single","placeholder":"","description":"","tooltip":"","name":"date_3661f1665d951b","label_position":"default","desc_position":"default","enablePrice":false,"className":"","enableCl":false,"relations":[{"operator":"and","rules":[{"operator":"AND","rules":{"cl_field":"radio-group_5661bc90f5e8f5","cl_relation":"is_not_empty","cl_val":"3 Hour Trip"}}]}],"date_pic_inline":true,"date_pic_inline_hide":true,"min_date":{"type":"days","val":"1"},"max_date":{"type":"days","val":"365"},"date_pic_conf":{"disabledWeeks":[]},"price":"","cl_rule":"show","col":6,"type":"date","error":false,"enableDesign":false,"LabelColor":"","gt_translate_keys":["label","placeholder","description","tooltip"],"price_dependency":false,"cl_dependency":false,"value":""}],[{"active":true,"col":6,"relations":false,"cl_rule":"show","enableCl":false,"price":"","enablePrice":false,"className":"","label_position":"default","desc_position":"default","type":"select","required":true,"elementId":"select_3477053266","label":"\u23f0 Departure Time","name":"select_3477053266","values":[{"label":"Whichever Time is Best","value":"Whichever Time is Best","selected":false,"tempId":"aco_312","gt_translate_keys":["label"]},{"label":"10:30","value":"10:30","selected":false,"tempId":"aco_313","gt_translate_keys":["label"]},{"label":"11:30","value":"11:30","selected":false,"tempId":"aco_314","gt_translate_keys":["label"]},{"label":"12:30 ","value":"12:30","selected":false,"tempId":"aco_711","gt_translate_keys":["label"]},{"label":"13:30","value":"13:30","selected":false,"tempId":"aco_721","gt_translate_keys":["label"]},{"label":"14:30","value":"14:30","selected":false,"tempId":"aco_983","gt_translate_keys":["label"]},{"label":"15:30","value":"15:30","selected":false,"tempId":"aco_993","gt_translate_keys":["label"]},{"label":"16:30","value":"16:30","selected":false,"tempId":"aco_1183","gt_translate_keys":["label"]}],"dropdown_type":"basic","error":false,"multiple":false,"placeholder":"None","gt_translate_keys":["label","placeholder"],"price_dependency":false,"cl_dependency":false,"value":""}],[{"active":true,"col":6,"relations":[{"operator":false,"rules":[{"operator":"AND","rules":{"cl_field":"","cl_relation":"","cl_val":""}}]}],"cl_rule":"show","enableCl":true,"price":"18","enablePrice":true,"className":"","label_position":"default","desc_position":"default","type":"radio-group","required":false,"elementId":"radio-group_0661f1665d9537","label":"","name":"radio-group_0661f1665d9537","values":[{"label":"\ud83d\udc64 People (18\u20ac)","value":"People","selected":true,"tempId":"aco_32","tooltip":"","description":"","gt_translate_keys":["label","tooltip","description"]}],"layOut":"","error":false,"checkUi":"button","priceOptions":"fixed_for_all","pricingType":"fixed","enable_quantity":true,"quantity_label":"","min_quantity":"0","options_tooltip":true,"options_description":true,"is_show_price":true,"gt_translate_keys":["label","quantity_label"],"price_dependency":["content_2802764779","content-8155931385","content-8167489432"],"cl_dependency":false,"value":""}],[{"active":true,"col":6,"relations":false,"cl_rule":"show","enableCl":false,"price":"","enablePrice":false,"className":"","label_position":"default","desc_position":"default","type":"separator","required":false,"elementId":"separator_2804989181","label":"Separator Field","height":"6","separatorType":"fill","error":false,"separatorColor":"#66a5b6","gt_translate_keys":["label"],"price_dependency":false,"cl_dependency":false,"value":""}],[{"active":true,"col":6,"relations":false,"cl_rule":"show","enableCl":false,"price":"{field.radio-group_0661f1665d9537.price}*0.30","enablePrice":true,"className":"","label_position":"default","desc_position":"default","type":"content","required":false,"elementId":"content_2802764779","label":"Deposit Now","name":"content_2802764779","contentType":"plain","value":"","error":false,"subtype":"div","inline":true,"show_in_checkout":true,"pricingType":"custom","isTemplate":false,"gt_translate_keys":["label","value"],"price_dependency":false,"cl_dependency":false}],[{"contentType":"plain","active":true,"label":"Payment at Arrival","elementId":"content-8155931385","value":"","inline":true,"show_in_checkout":true,"name":"content-8155931385","enablePrice":true,"className":"","subtype":"div","enableCl":false,"relations":false,"pricingType":"custom","isTemplate":false,"price":"{field.radio-group_0661f1665d9537.price}*0.70","is_show_price":true,"cl_rule":"show","col":6,"type":"content","error":false,"gt_translate_keys":["label","value"],"price_dependency":false,"cl_dependency":false}],[{"contentType":"plain","active":true,"label":"Total Price","elementId":"content-8167489432","value":"","inline":true,"show_in_checkout":true,"name":"content-8167489432","enablePrice":true,"className":"","subtype":"div","enableCl":false,"relations":false,"pricingType":"custom","isTemplate":false,"price":"{field.radio-group_0661f1665d9537.price}","is_show_price":true,"cl_rule":"show","col":6,"type":"content","error":false,"gt_translate_keys":["label","value"],"price_dependency":false,"cl_dependency":false}]]}},"config":{"price_override":"always","enable_recaptcha":false,"bind_quantity":false,"quantity_bind_formula":false,"disp_summ_show_option_price":true,"disp_summ_show_product_price":false,"disp_summ_show_total_price":true,"disp_summ_show_fee":true,"disp_summ_show_discount":true,"summary_title":"","options_total_label":"Options Price","total_label":"Total Amount","options_product_label":"Product Price","fee_label":"Fee","discount_label":"Discount","has_price":true,"has_quantity_formula":false},"mc_unit":1,"tax_rate":1,"tax_rate_real":1,"discount":{"percentage":0,"fixed":0},"design":{"conf":{"LabelPosition":"above","DescPosition":"above","UploadField":"custom_1","QuantityFieldStyle":"custom_1"},"css":{"LeftLabelWidth":"120px"}},"formulas":[],"lookuptables":[],"clones":false,"cartKey":false}},"_links":{"self":[{"href":"https:\/\/canaryvip.com\/et\/wp-json\/wp\/v2\/product\/11303","targetHints":{"allow":["GET"]}}],"collection":[{"href":"https:\/\/canaryvip.com\/et\/wp-json\/wp\/v2\/product"}],"about":[{"href":"https:\/\/canaryvip.com\/et\/wp-json\/wp\/v2\/types\/product"}],"replies":[{"embeddable":true,"href":"https:\/\/canaryvip.com\/et\/wp-json\/wp\/v2\/comments?post=11303"}],"wp:featuredmedia":[{"embeddable":true,"href":"https:\/\/canaryvip.com\/et\/wp-json\/wp\/v2\/media\/11317"}],"wp:attachment":[{"href":"https:\/\/canaryvip.com\/et\/wp-json\/wp\/v2\/media?parent=11303"}],"wp:term":[{"taxonomy":"product_brand","embeddable":true,"href":"https:\/\/canaryvip.com\/et\/wp-json\/wp\/v2\/product_brand?post=11303"},{"taxonomy":"product_cat","embeddable":true,"href":"https:\/\/canaryvip.com\/et\/wp-json\/wp\/v2\/product_cat?post=11303"},{"taxonomy":"product_tag","embeddable":true,"href":"https:\/\/canaryvip.com\/et\/wp-json\/wp\/v2\/product_tag?post=11303"}],"curies":[{"name":"wp","href":"https:\/\/api.w.org\/{rel}","templated":true}]}}