{"id":11288,"date":"2024-04-16T15:31:07","date_gmt":"2024-04-16T14:31:07","guid":{"rendered":"https:\/\/canaryvip.com\/?post_type=product&#038;p=11288"},"modified":"2026-04-09T12:33:18","modified_gmt":"2026-04-09T11:33:18","slug":"helicopter-tour-tenerife","status":"publish","type":"product","link":"https:\/\/canaryvip.com\/et\/shop\/helicopter-tour-tenerife\/","title":{"rendered":"Helikopterituur Tenerifel"},"content":{"rendered":"<h2><strong>Helikopteriekskursioonid Tenerifel - h\u00f5ljumine maastiku kohal<\/strong><\/h2>\n<p>Alustage suurejoonelist lennureisi meie <strong>Helikopterituur Tenerifel<\/strong>. Olenemata sellest, kas lendate \u00fcksi, koos perega v\u00f5i s\u00f5pradega m\u00e4lestusi tehes, pakuvad need ekskursioonid ainulaadset vaatenurka saare maastikele taevast. Alates kiiretest maalilistest v\u00e4ljas\u00f5itudest kuni ulatusliku uurimisretkeni - iga lend on seiklus, mida ei tohi vahele j\u00e4tta.<\/p>\n<h3><strong>\ud83d\ude80 Alusta oma \u00f5huseiklust Tenerifel<\/strong><\/h3>\n<ul>\n<li><strong>Alusta:<\/strong> Meie kohtumispaik asub mugavalt Adejes, kuhu on k\u00f5igil meie k\u00fclalistel lihtne p\u00e4\u00e4seda. Saabumisel l\u00e4bite l\u00fchikese, kuid p\u00f5hjaliku sissejuhatuse, et valmistada teid lennuks ette. Palun \u00e4rge unustage, et v\u00f5tate kaasa kehtiva isikut t\u00f5endava dokumendi.<\/li>\n<li><strong>Ekskursiooniv\u00f5imalused:<\/strong> CanaryVIP pakub erinevaid helikopteriekskursioone alates 98 eurost inimese kohta. Iga lend on m\u00f5eldud selleks, et pakkuda unustamatut \u00f5huvaadet Tenerifel ilma varjatud kuludeta.<\/li>\n<li><strong>Meeldej\u00e4\u00e4vad lisad:<\/strong> Suurendage oma kogemust, valides fotopaketi (alates 35 eurost), et j\u00e4\u00e4dvustada vapustavaid maastikke, millega te kokku puutute. Meil on hea meel pakkuda ka t\u00e4iendavaid mugavusmeetmeid meie plus-size k\u00fclalistele.<\/li>\n<\/ul>\n<h3><strong>Avastage Tenerife uimastavaid maastikke \u00fclaltpoolt<\/strong><\/h3>\n<ul>\n<li><strong>Vali oma vaade:<\/strong> Meie helikopteriekskursioonide valik h\u00f5lmab k\u00f5ike alates 20-kilomeetrisest rannikulennust kuni ulatusliku 120-kilomeetrise seikluseni \u00fcmber majesteetliku <a href=\"https:\/\/www.google.com\/maps\/place\/Acantilados+de+Los+Gigantes,+Santa+Cruz+de+Tenerife\/@28.244027,-16.8456497,15z\/data=!3m1!4b1!4m6!3m5!1s0xc6a8c153fdc6811:0xa0340f674cf6610!8m2!3d28.2408828!4d-16.8377834!16s%2Fm%2F026dqlb?entry=ttu\" target=\"_blank\" rel=\"noopener\">Los Gigantes<\/a> ja <a href=\"https:\/\/canaryvip.com\/et\/discover-the-teide-the-ultimate-guide-iconic-volcano\/\">El Teide.<\/a> Leia oma huvidele ja ajakavale sobiv ekskursioon.<\/li>\n<li><strong>V\u00e4ljumise \u00fcksikasjad:<\/strong> K\u00f5ik ekskursioonid v\u00e4ljuvad hommikul (10-11), et kasutada \u00e4ra optimaalseid valgustingimusi, mis tagavad parima n\u00e4htavuse Tenerife vaheldusrikkal maastikul.<\/li>\n<li><strong>Privaatne ja kohandatud:<\/strong> Otsid personaalsemat kogemust? Pakume eraviisilisi ekskursioone, mida saab kohandada vastavalt teie konkreetsetele soovidele ja vajadustele.<\/li>\n<\/ul>\n<h3><strong>\ud83c\udf1f Mida oodata teie helikopterituuril<\/strong><\/h3>\n<ul>\n<li><strong>Ohutus kui prioriteet:<\/strong> Teie ohutus on meie peamine mure. Me j\u00e4rgime rangeid ohutusprotokolle, sealhulgas p\u00f5hjalikke lennueelseid teavitusi ja hoolikat varustuse kontrolli, et tagada turvaline ja nauditav kogemus.<\/li>\n<li><strong>Keelebarj\u00e4\u00e4rid puuduvad:<\/strong> Lendage kindlalt, sest meie kvalifitseeritud piloodid annavad kommentaare nii inglise kui ka hispaania keeles, muutes teie reisi nii informatiivseks kui ka kaasahaaravaks.<\/li>\n<li><strong>Kogenud piloodid:<\/strong> Meie piloodid ei ole mitte ainult k\u00f5rgete standardite kohaselt koolitatud, vaid neil on ka laialdased kohalikud teadmised, mis rikastavad teie lennukogemust.<\/li>\n<\/ul>\n<h3>\ud83d\udcc5 <strong>Broneerige oma Tenerife helikopterituur kohe<\/strong><\/h3>\n<p>\u00c4rge j\u00e4tke kasutamata seda ainulaadset v\u00f5imalust vaadata Tenerifet parimatest kohtadest taevas. Koos <strong>CanaryVIP<\/strong>, on teile tagatud hingematvad vaated ja unustamatu kogemus. Kindlustage oma koht \u00fchel meie eksklusiivsetest helikopteriekskursioonidest juba t\u00e4na ja vaadake saart nii, nagu te seda kunagi varem n\u00e4inud pole.<\/p>\n<h3>\u2705 <strong>Mida sisaldab teie helikopterituur?<\/strong><\/h3>\n<ul>\n<li>Saadaval on avalikud ja eraviisilised ekskursioonid, mis on kohandatud vastavalt teie eelistustele.<\/li>\n<li>Erinevad ekskursioonide pikkused, mis on m\u00f5eldud eri maitsele ja ajalistele v\u00f5imalustele.<\/li>\n<li>Kogu vajalik turvavarustus, mis tagab mugava ja turvalise lennu.<\/li>\n<\/ul>\n<h3><strong>\u2696\ufe0f Broneerimine ja paindlik t\u00fchistamispoliitika<\/strong><\/h3>\n<ul>\n<li style=\"text-align: left;\"><strong>Planeeri oma reis:<\/strong> Broneerige koht ette, et tagada oma koht.<\/li>\n<li><strong>Paindlik t\u00fchistamine:<\/strong> Elu on ettearvamatu - me m\u00f5istame seda. Seep\u00e4rast saate oma broneeringu t\u00fchistada kuni 7 p\u00e4eva ette ja saate selle eest kogu raha tagasi.<\/li>\n<li><strong>Ligip\u00e4\u00e4setavus ja mugavus:<\/strong> Meie ekskursioonid on kavandatud nii, et need oleksid k\u00e4ttesaadavad paljudele k\u00fclalistele. Palun k\u00fcsige broneerimisel v\u00f5imalike erivajaduste v\u00f5i kaalupiirangute kohta.<\/li>\n<\/ul>\n<h3>\u2753 <strong>Korduma kippuvad k\u00fcsimused meie kopteriekskursioonide kohta<\/strong><\/h3>\n<ul>\n<li><strong>Mida sisaldab helikopteriekskursioon?<\/strong> Iga lennupakett sisaldab helikopteriekskursiooni, piloodi kommentaare (inglise ja hispaania keeles) ja kogu vajalikku turvavarustust. Teie kogemuse j\u00e4\u00e4dvustamiseks on saadaval valikulised foto- ja videopaketid.<\/li>\n<li><strong>Mida ma peaksin oma helikopteriekskursioonile kaasa v\u00f5tma?<\/strong> Soovitame kanda mugavat, lennup\u00e4evale sobivat riietust, kinniseid jalan\u00f5usid ja p\u00e4ikeseprille. \u00c4rge unustage kaamerat v\u00f5i nutitelefoni, et teha pilte vapustavatest vaadetest!<\/li>\n<li><strong>Kas on vanuse- v\u00f5i kaalupiirangud?<\/strong> Meie helikopteriekskursioonid sobivad igale vanusele. Turvalisuse huvides on kaalupiirang 110 kilo reisija kohta. Kui reisija \u00fcletab seda kaalu, v\u00f5ib tal olla vaja broneerida lisakoht.<\/li>\n<li><strong>Kas ma saan taotleda konkreetset marsruuti v\u00f5i kohandada oma ekskursiooni?<\/strong> Jah, me pakume kohandatud ekskursioone, kus saate valida konkreetsed vaatamisv\u00e4\u00e4rsused, mida soovite n\u00e4ha. V\u00f5tke meiega \u00fchendust, et arutada oma eelistusi, ja me anname endast parima, et teie soovidele vastu tulla.<\/li>\n<li><strong>Mis juhtub, kui ekskursiooni p\u00e4eval on halb ilm?<\/strong> Ohutus on meie peamine prioriteet. Kehvade ilmastikuolude korral v\u00f5idakse ekskursioonid \u00fcmber planeerida v\u00f5i t\u00fchistada. Kui me t\u00fchistame ekskursiooni, tagastame teile kogu raha v\u00f5i pakume v\u00f5imalust broneerida teiseks kuup\u00e4evaks.<\/li>\n<li><strong>Kui ohutud on helikopteriekskursioonid?<\/strong> Turvalisus on esmat\u00e4htis <strong>CanaryVIP.<\/strong> Piloodid on k\u00f5rgelt koolitatud ja helikopterid on hooldatud vastavalt rangetele regulatiivsetele standarditele. Enne igat lendu korraldame p\u00f5hjaliku ohutusalase briifingu.<\/li>\n<\/ul>\n<h4><strong>\ud83c\udf1e Kas oled valmis t\u00f5usma?<\/strong><\/h4>\n<p>Kogege \u00fclimat seiklust koos <strong>CanaryVIP'd<\/strong> helikopteri ekskursioonid. Olenemata sellest, kas soovite j\u00e4\u00e4dvustada rannikualasid, uurida m\u00e4gede vaateid v\u00f5i otsida ainulaadset viisi erilise s\u00fcndmuse t\u00e4histamiseks, on meil olemas ideaalne lend, mis ootab teid.<\/p>\n<p>Broneeri oma ekskursioon juba t\u00e4na ja t\u00f5use taevasse, et saada t\u00f5eliselt unustamatu kogemus Tenerifel.<\/p>","protected":false},"excerpt":{"rendered":"<p>\ud83d\udd0d <strong>Helikopterituur Tenerifel:<br \/>\n<\/strong>\u2705 Turvaline makse.<br \/>\n\ud83d\udc65 Kuni 4 k\u00fclalist lennu kohta.<br \/>\n\ud83d\ude80 8 kuni 50 min lennud.<br \/>\n\ud83c\udfde\ufe0f Fly Over Beaches &amp; Volcanoes.<br \/>\n\ud83d\udd59 V\u00e4ljumine kell 10-11 hommikul.<br \/>\n\ud83d\udcc5 Lennud saadaval iga p\u00e4ev.<br \/>\n\ud83e\udd47 Eralennuv\u00f5imalused.<br \/>\n\ud83e\udd11 Konkurentsiv\u00f5imeline hinnakujundus.<br \/>\n\ud83d\udc6a Sobib peredele ja gruppidele.<br \/>\n\ud83d\udd01 7-p\u00e4evane t\u00fchistamispoliitika.<br \/>\n\ud83c\udf0d Inglise ja hispaania keele juhend.<br \/>\n\ud83c\udf1f Broneeri varakult ja s\u00e4\u00e4sta!<br \/>\n\ud83d\udccd Lift Off from <a href=\"https:\/\/maps.app.goo.gl\/JeZ8mY9P1jTF557e8\">Adeje<\/a>.<\/p>","protected":false},"featured_media":11296,"comment_status":"open","ping_status":"closed","template":"","meta":{"_acf_changed":false},"product_brand":[],"product_cat":[82],"product_tag":[],"class_list":{"0":"post-11288","1":"product","2":"type-product","3":"status-publish","4":"has-post-thumbnail","6":"product_cat-fun-activities","7":"wcpa_has_options","9":"first","10":"instock","11":"virtual","12":"purchasable","13":"product-type-simple"},"acf":[],"wcpa_form_fields":{"wcpaData":{"product":{"product_price":110,"price_html":"From&nbsp;<span class=\"woocommerce-Price-amount amount\"><bdi>110,00&nbsp;<span class=\"woocommerce-Price-currencySymbol\">&euro;<\/span><\/bdi><\/span>","original_product_price":110,"price_including_tax":110,"price_excluding_tax":110,"product_id":{"parent":11288,"variation":false},"is_variable":false,"stock_status":"instock","stock_quantity":null,"parent_sku":"CV11288","product_attributes":[],"custom_fields":[],"is_taxable":false,"product_name":"Helicopter Tour Tenerife","hasImage":false},"fields":{"sec_06627d7baa7f97":{"extra":{"key":"sec_06627d7baa7f97","section_id":"sec_06627d7baa7f97","name":"Default","status":1,"cl_rule":"show","enableCl":false,"relations":[],"toggle":true,"title_tag":"h3","show_title":false,"showPrice":"default","form_id":11343,"form_rules":{"exclude_from_discount":true,"fee_label":"Fee","disp_hide_options_price":true,"disp_show_section_price":false,"disp_show_field_price":true,"layout_option":"standard","pric_use_as_fee":false,"process_fee_as":"woo_fee"},"layout_option":"standard"},"fields":[[{"label":"\ud83d\udcc5 Date","active":true,"required":true,"elementId":"date_76627d7baa7fb8","picker_type":"custom","picker_mode":"single","placeholder":"","description":"","tooltip":"","name":"date_76627d7baa7fb8","label_position":"default","desc_position":"default","enablePrice":false,"className":"","enableCl":false,"relations":[{"operator":"and","rules":[{"operator":"AND","rules":{"cl_field":"radio-group_106627d7baa7fc7","cl_relation":"is","cl_val":"3 Hour Trip"}}]}],"date_pic_inline":true,"date_pic_inline_hide":true,"min_date":{"type":"days","val":"1"},"max_date":{"type":"days","val":"365"},"date_pic_conf":{"disabledWeeks":[0],"disabledDates":["2024-05-23 to 2024-06-02","2025-03-18 to 2025-03-20","2025-09-17 to 2025-09-19"]},"price":"","cl_rule":"show","col":6,"type":"date","error":false,"enableDesign":false,"LabelColor":"","date_conf_custom":{"minDate":"let d = new Date();\nd.setHours(0, 0, 0, 0);\nif (new Date().getHours() >= 17) {\n  d.setDate(d.getDate() + 2);\n} else {\n  d.setDate(d.getDate() + 1);\n}\nreturn d;"},"isWeightTemplate":false,"isTemplate":false,"min_quantity":"1","quantity_decimal":false,"quantity_step":"1","quantity_label":"Quantity","repeater_field_label":"{field_label}","repeater_bind":"","gt_translate_keys":["label","placeholder","description","tooltip","repeater_field_label","quantity_label"],"price_dependency":false,"cl_dependency":["textarea_5613841028"],"value":""}]]},"sec_h20481d279":{"extra":{"key":"sec_h20481d279","section_id":"sec_h20481d279","name":"DESDE 1 DE MAYO 2026","status":1,"cl_rule":"show","enableCl":false,"relations":[{"operator":false,"rules":[{"operator":"AND","rules":{"cl_field":"date_76627d7baa7fb8","cl_relation":"is_greater_or_equal","cl_val":"2026-05-01"}}]}],"toggle":true,"title_tag":"h3","show_title":false,"showPrice":"default","repeater_section_field_label":"{field_label}","repeater_section_label":"{section_name}","repeater_bind":"","form_id":11343,"form_rules":{"exclude_from_discount":true,"fee_label":"Fee","disp_hide_options_price":true,"disp_show_section_price":false,"disp_show_field_price":true,"layout_option":"standard","pric_use_as_fee":false,"process_fee_as":"woo_fee"},"layout_option":"standard"},"fields":[[{"label":"\u231b\ufe0f Trip Duration","active":true,"required":true,"elementId":"radio-group-0408498022","description":"","name":"radio-group-0408498022","label_position":"default","desc_position":"default","enablePrice":false,"className":"","enableCl":false,"relations":[{"operator":false,"rules":[{"operator":"AND","rules":{"cl_field":"","cl_relation":"","cl_val":""}}]}],"enableDesign":false,"checkUi":"toggle","layOut":"","options_description":true,"show_selected_option":false,"other":false,"scrollBar":false,"values":[{"label":"Souther Coasts - 20km (110\u20ac)","value":"Souther Coasts","selected":false,"tempId":"aco_32","description":"Explore top sights in just 8 minutes, including El Puertito de Arme\u00f1ime, La Caleta, Puerto Col\u00f3n, Playa de las Am\u00e9ricas, and Playa de los Cristianos. Experience vibrant marinas, serene beaches, and stunning views.","gt_translate_keys":["label","description"]},{"label":"Beaches and Ravines - 30km (159\u20ac)","value":"Beaches and Ravines","selected":false,"tempId":"aco_33","description":"Embark on a 12-minute journey to discover La Caleta, Puerto Col\u00f3n, Playa de las Am\u00e9ricas, Playa de los Cristianos, thrilling water parks, Roque del Conde, Los Dedos de Ifonche, and Barranco del Agua. Enjoy a mix of beaches, natural landmarks, and adventure spots.","gt_translate_keys":["label","description"]},{"label":"Los Gigantes - 50km (295\u20ac)","value":"Los Gigantes","selected":false,"tempId":"aco_838","description":"In 20 minutes, explore a range of attractions from Golf Costa Adeje to La Caleta, Playa San Juan, Alcal\u00e1, and Port of Santiago. Continue to Los Gigantes, Tamaimo, and enjoy spectacular views of the Teide volcano before concluding with a scenic coastal return.","gt_translate_keys":["label","description"]},{"label":"Lower Island - 85km (430\u20ac)","value":"Lower Island","selected":false,"tempId":"aco_1271","description":"Over a 30-minute helicopter tour, soar above beautiful spots such as Golf Costa Adeje, La Caleta, and Playa San Juan, continue over Alcal\u00e1 and Puerto Santiago, and admire the majestic cliffs at Los Gigantes. Fly through Santiago del Teide, Buenavista del Norte, and Garachico to view Chinyero Volcano, concluding with a scenic flight through the lush Corona Forestal.","gt_translate_keys":["label","description"]},{"label":"Teide Luxury - 120km (545\u20ac)","value":"Teide Luxury","selected":false,"tempId":"aco_1668","description":"Enjoy a 45-minute helicopter tour featuring iconic destinations like Golf Costa Adeje, La Caleta, and San Juan. Fly over Alcal\u00e1 Beach and Puerto Santiago, then on to Santiago del Teide. Take in stunning views of Teno before heading to Buenavista del Norte and Garachico. Conclude your aerial adventure with a return flight through the verdant Corona Forestal.","gt_translate_keys":["label","description"]}],"price":"","cl_rule":"show","col":6,"type":"radio-group","isWeightTemplate":false,"error":false,"isTemplate":false,"min_quantity":"1","quantity_decimal":false,"quantity_step":"1","quantity_label":"Quantity","repeater_field_label":"{field_label}","repeater_bind":"","gt_translate_keys":["label","description","repeater_field_label","quantity_label"],"price_dependency":false,"cl_dependency":["radio-group-0408498034","radio-group-0408498035","radio-group-0408498046","radio-group-0408498057","radio-group-0408498058"],"value":""}],[{"elementId":"separator-0408498023","separatorType":"blank","className":"","height":"10","enableCl":false,"relations":false,"cl_rule":"show","col":6,"type":"separator","gt_translate_keys":[],"price_dependency":false,"cl_dependency":false,"value":""}],[{"label":"","active":true,"required":true,"elementId":"radio-group-0408498034","name":"radio-group-0408498034","label_position":"default","desc_position":"default","enablePrice":true,"className":"","enableCl":true,"relations":[{"operator":false,"rules":[{"operator":"AND","rules":{"cl_field":"radio-group-0408498022","cl_relation":"is","cl_val":"Souther Coasts"}}]}],"enable_quantity":true,"quantity_label":"","min_quantity":"0","checkUi":"button","layOut":"","options_tooltip":true,"options_description":true,"values":[{"label":"\ud83d\udc64 People (110\u20ac)","value":"People (98\u20ac)","selected":true,"tempId":"aco_32","tooltip":"","description":"","gt_translate_keys":["label","tooltip","description"]}],"priceOptions":"fixed_for_all","pricingType":"fixed","price":"110","cl_rule":"show","col":6,"type":"radio-group","isWeightTemplate":false,"error":false,"isTemplate":false,"quantity_decimal":false,"quantity_step":"1","repeater_field_label":"{field_label}","repeater_bind":"","gt_translate_keys":["label","repeater_field_label","quantity_label"],"price_dependency":false,"cl_dependency":false,"value":""}],[{"label":"","active":true,"required":true,"elementId":"radio-group-0408498035","name":"radio-group-0408498035","label_position":"default","desc_position":"default","enablePrice":true,"className":"","enableCl":true,"relations":[{"operator":false,"rules":[{"operator":"AND","rules":{"cl_field":"radio-group-0408498022","cl_relation":"is","cl_val":"Beaches and Ravines"}}]}],"enable_quantity":true,"quantity_label":"","min_quantity":"0","checkUi":"button","layOut":"","options_tooltip":true,"options_description":true,"values":[{"label":"\ud83d\udc64 People (159\u20ac)","value":"People (145\u20ac)","selected":true,"tempId":"aco_32","tooltip":"","description":"","gt_translate_keys":["label","tooltip","description"]}],"priceOptions":"fixed_for_all","pricingType":"fixed","price":"159","cl_rule":"show","col":6,"type":"radio-group","isWeightTemplate":false,"error":false,"isTemplate":false,"quantity_decimal":false,"quantity_step":"1","repeater_field_label":"{field_label}","repeater_bind":"","gt_translate_keys":["label","repeater_field_label","quantity_label"],"price_dependency":false,"cl_dependency":false,"value":""}],[{"label":"","active":true,"required":true,"elementId":"radio-group-0408498046","name":"radio-group-0408498046","label_position":"default","desc_position":"default","enablePrice":true,"className":"","enableCl":true,"relations":[{"operator":false,"rules":[{"operator":"AND","rules":{"cl_field":"radio-group-0408498022","cl_relation":"is","cl_val":"Los Gigantes"}}]}],"enable_quantity":true,"quantity_label":"","min_quantity":"0","checkUi":"button","layOut":"","options_tooltip":true,"options_description":true,"values":[{"label":"\ud83d\udc64 People (295\u20ac)","value":"People (279\u20ac)","selected":true,"tempId":"aco_32","tooltip":"","description":"","gt_translate_keys":["label","tooltip","description"]}],"priceOptions":"fixed_for_all","pricingType":"fixed","price":"295","cl_rule":"show","col":6,"type":"radio-group","isWeightTemplate":false,"error":false,"isTemplate":false,"quantity_decimal":false,"quantity_step":"1","repeater_field_label":"{field_label}","repeater_bind":"","gt_translate_keys":["label","repeater_field_label","quantity_label"],"price_dependency":false,"cl_dependency":false,"value":""}],[{"label":"","active":true,"required":true,"elementId":"radio-group-0408498057","name":"radio-group-0408498057","label_position":"default","desc_position":"default","enablePrice":true,"className":"","enableCl":true,"relations":[{"operator":false,"rules":[{"operator":"AND","rules":{"cl_field":"radio-group-0408498022","cl_relation":"is","cl_val":"Lower Island"}}]}],"enable_quantity":true,"quantity_label":"","min_quantity":"0","checkUi":"button","layOut":"","options_tooltip":true,"options_description":true,"values":[{"label":"\ud83d\udc64 People (430\u20ac)","value":"People (390\u20ac)","selected":true,"tempId":"aco_32","tooltip":"","description":"","gt_translate_keys":["label","tooltip","description"]}],"priceOptions":"fixed_for_all","pricingType":"fixed","price":"430","cl_rule":"show","col":6,"type":"radio-group","isWeightTemplate":false,"error":false,"isTemplate":false,"quantity_decimal":false,"quantity_step":"1","repeater_field_label":"{field_label}","repeater_bind":"","gt_translate_keys":["label","repeater_field_label","quantity_label"],"price_dependency":false,"cl_dependency":false,"value":""}],[{"label":"","active":true,"required":true,"elementId":"radio-group-0408498058","name":"radio-group-0408498058","label_position":"default","desc_position":"default","enablePrice":true,"className":"","enableCl":true,"relations":[{"operator":false,"rules":[{"operator":"AND","rules":{"cl_field":"radio-group-0408498022","cl_relation":"is","cl_val":"Teide Luxury"}}]}],"enable_quantity":true,"quantity_label":"","min_quantity":"0","checkUi":"button","layOut":"","options_tooltip":true,"options_description":true,"values":[{"label":"\ud83d\udc64 People (545\u20ac)","value":"People (495\u20ac)","selected":true,"tempId":"aco_32","tooltip":"","description":"","gt_translate_keys":["label","tooltip","description"]}],"priceOptions":"fixed_for_all","pricingType":"fixed","price":"545","cl_rule":"show","col":6,"type":"radio-group","isWeightTemplate":false,"error":false,"isTemplate":false,"quantity_decimal":false,"quantity_step":"1","repeater_field_label":"{field_label}","repeater_bind":"","gt_translate_keys":["label","repeater_field_label","quantity_label"],"price_dependency":false,"cl_dependency":false,"value":""}]]},"sec_26627d7baa803f":{"extra":{"key":"sec_26627d7baa803f","section_id":"sec_26627d7baa803f","name":"Departure","status":1,"cl_rule":"show","enableCl":false,"relations":[],"toggle":true,"title_tag":"h4","show_title":false,"showPrice":"default","form_id":11343,"form_rules":{"exclude_from_discount":true,"fee_label":"Fee","disp_hide_options_price":true,"disp_show_section_price":false,"disp_show_field_price":true,"layout_option":"standard","pric_use_as_fee":false,"process_fee_as":"woo_fee"},"layout_option":"standard"},"fields":[[{"active":true,"col":6,"relations":false,"cl_rule":"show","enableCl":false,"price":"","enablePrice":false,"className":"","label_position":"default","desc_position":"default","type":"separator","required":false,"elementId":"separator_106627d7baa8049","label":"Separator Field","height":"5","separatorType":"blank","error":false,"gt_translate_keys":["label"],"price_dependency":false,"cl_dependency":false,"value":""}],[{"active":true,"col":6,"relations":[{"operator":false,"rules":[{"operator":"AND","rules":{"cl_field":"radio-group_106627d7baa7fc7","cl_relation":"is","cl_val":"3 Hour Trip"}}]}],"cl_rule":"show","enableCl":false,"price":"","enablePrice":false,"className":"","label_position":"default","desc_position":"default","type":"select","required":false,"elementId":"select_96627d7baa8052","label":"\u23f0 Departure Time","name":"select_96627d7baa8052","values":[{"label":"Morning","value":"Morning","selected":false,"tempId":"aco_1074","gt_translate_keys":["label"]}],"dropdown_type":"basic","error":false,"placeholder":"","gt_translate_keys":["label","placeholder"],"price_dependency":false,"cl_dependency":false,"value":""}],[{"active":true,"col":6,"relations":false,"cl_rule":"show","enableCl":false,"price":"","enablePrice":false,"className":"","label_position":"default","desc_position":"default","type":"separator","required":false,"elementId":"separator_7627431357","label":"Separator Field","height":"2","separatorType":"blank","error":false,"gt_translate_keys":["label"],"price_dependency":false,"cl_dependency":false,"value":""}],[{"active":true,"col":6,"relations":[{"operator":false,"rules":[{"operator":"AND","rules":{"cl_field":"date_76627d7baa7fb8","cl_relation":"is_not_empty","cl_val":""}}]}],"cl_rule":"show","enableCl":true,"price":"","enablePrice":false,"className":"","label_position":"default","desc_position":"default","type":"textarea","required":true,"elementId":"textarea_5613841028","label":"\ud83d\ude4b\ud83c\udffd\u200d\u2642\ufe0f Weight","name":"textarea_5613841028","value":"","rows":2,"error":false,"description":"Passenger weight is required. The maximum allowed per person is 110 kg. If a passenger weighs more than 110 kg, a surcharge equivalent to half of an additional ticket will apply.","placeholder":"For example:\n90kg\n77kg","isWeightTemplate":false,"isTemplate":false,"min_quantity":"1","quantity_decimal":false,"quantity_step":"1","quantity_label":"Quantity","repeater_field_label":"{field_label}","repeater_bind":"","gt_translate_keys":["label","placeholder","description","value","repeater_field_label","quantity_label"],"price_dependency":false,"cl_dependency":false}]]}},"config":{"price_override":"always","enable_recaptcha":false,"bind_quantity":false,"quantity_bind_formula":false,"disp_summ_show_option_price":true,"disp_summ_show_product_price":false,"disp_summ_show_total_price":true,"disp_summ_show_fee":true,"disp_summ_show_discount":true,"summary_title":"","options_total_label":"Options Price","total_label":"Total Amount","options_product_label":"Product Price","fee_label":"Fee","discount_label":"Discount","has_price":true,"has_quantity_formula":false},"mc_unit":1,"tax_rate":1,"tax_rate_real":1,"discount":{"percentage":0,"fixed":0},"design":{"conf":{"LabelPosition":"above","DescPosition":"above","UploadField":"custom_1","QuantityFieldStyle":"custom_1"},"css":{"LeftLabelWidth":"120px"}},"formulas":[],"lookuptables":[],"clones":false,"cartKey":false}},"_links":{"self":[{"href":"https:\/\/canaryvip.com\/et\/wp-json\/wp\/v2\/product\/11288","targetHints":{"allow":["GET"]}}],"collection":[{"href":"https:\/\/canaryvip.com\/et\/wp-json\/wp\/v2\/product"}],"about":[{"href":"https:\/\/canaryvip.com\/et\/wp-json\/wp\/v2\/types\/product"}],"replies":[{"embeddable":true,"href":"https:\/\/canaryvip.com\/et\/wp-json\/wp\/v2\/comments?post=11288"}],"wp:featuredmedia":[{"embeddable":true,"href":"https:\/\/canaryvip.com\/et\/wp-json\/wp\/v2\/media\/11296"}],"wp:attachment":[{"href":"https:\/\/canaryvip.com\/et\/wp-json\/wp\/v2\/media?parent=11288"}],"wp:term":[{"taxonomy":"product_brand","embeddable":true,"href":"https:\/\/canaryvip.com\/et\/wp-json\/wp\/v2\/product_brand?post=11288"},{"taxonomy":"product_cat","embeddable":true,"href":"https:\/\/canaryvip.com\/et\/wp-json\/wp\/v2\/product_cat?post=11288"},{"taxonomy":"product_tag","embeddable":true,"href":"https:\/\/canaryvip.com\/et\/wp-json\/wp\/v2\/product_tag?post=11288"}],"curies":[{"name":"wp","href":"https:\/\/api.w.org\/{rel}","templated":true}]}}