{"id":11268,"date":"2024-04-14T23:59:56","date_gmt":"2024-04-14T22:59:56","guid":{"rendered":"https:\/\/canaryvip.com\/?post_type=product&#038;p=11268"},"modified":"2025-12-02T11:33:37","modified_gmt":"2025-12-02T11:33:37","slug":"rent-a-boat-compass-160e-without-license","status":"publish","type":"product","link":"https:\/\/canaryvip.com\/et\/shop\/rent-a-boat-compass-160e-without-license\/","title":{"rendered":"Paadi Compass 160e rentimine ilma litsentsita"},"content":{"rendered":"<h2>Compass 160e rentimine ilma litsentsita aadressil CanaryVIP<\/h2>\n<p><strong>Suunake oma kurssi koos CanaryVIP-ga:<\/strong> V\u00f5ta oma veeseiklus enda kontrolli alla Compass 160e, mis on vilgas mootorpaat, mis sobib ideaalselt neile, kes soovivad rentida paati Tenerifel ja nautida iseseisva navigeerimise vabadust.<\/p>\n<p>V\u00e4rskelt saadaval 2023. aastal ja kavandatud kompaktse 5m pikkusega, see litsentsita paat on ideaalne k\u00f5igile, kes soovivad uurida Tenerife rannikukauneid meie isejuhtiva paadi rendi Tenerife teenuse kaudu.<\/p>\n<p>Lahkumine ikoonilisest <a href=\"https:\/\/maps.app.goo.gl\/F7XZ1rpbWXBTYFND9\" target=\"_blank\" rel=\"noopener\">Los Gigantes<\/a>, kus <strong>Kompass 160e<\/strong> pakub ainulaadset v\u00f5imalust avastada \u00fcksildasi kohti, p\u00e4evitada p\u00e4ikese k\u00e4es v\u00f5i nautida piknikku vee peal, mida \u00fcmbritsevad Atlandi ookeani kristallselged lained.<\/p>\n<p><strong>Mugavuse ja usaldusv\u00e4\u00e4rsuse k\u00e4sit\u00f6\u00f6:<\/strong>\u00a0Compass 160e on ehitatud lihtsaks ja varustatud 15-hobuj\u00f5ulise mootoriga, mis tagab sujuva purjetamise. See paat mahutab kuni 6 reisijat ja sobib ideaalselt neile, kes soovivad rentida paati Tenerifel pooleks p\u00e4evaks v\u00f5i terve p\u00e4eva kestvateks seiklusteks.<\/p>\n<h3>\ud83d\udea4 Compass 160e Tenerife: Tenerife: Teie reis, teie k\u00e4sk<\/h3>\n<ul>\n<li><strong>Kompaktne disain:<\/strong> Juhtige uhiuut 2023. aasta Compass 160e, mis on tuntud oma elegantse v\u00e4limuse ja mugava navigatsiooni poolest.<\/li>\n<li><strong>Uimastavad maastikud:<\/strong> Purjetage Tenerife kuulsate Masca ja Los Gigantese kaljude l\u00e4hedal, nautides elavat mereelu enda \u00fcmber.<\/li>\n<li><strong>Privaatne kastmine:<\/strong> Ankurdage peidetud lahtedes, mis on ideaalsed ujumiseks, snorgeldamiseks v\u00f5i p\u00e4evitamiseks.<\/li>\n<li><strong>Sn\u00e4kid merel:<\/strong> Vabadus tuua ja nautida oma toitu pardal suurendab seda isiklikku isetegevuslikku paadi rendi kogemust Tenerifel.<\/li>\n<li><strong>Kerge k\u00e4sitsemine:<\/strong> T\u00e4nu kasutajas\u00f5bralikule disainile ja stabiilsele reisimisv\u00f5imele teeb Compass 160e paadis\u00f5idu k\u00f5igile k\u00e4ttesaadavaks.<\/li>\n<\/ul>\n<h3>\u2728 Teie Compass 160e rendi peamised \u00fcksikasjad<\/h3>\n<p><strong>Kohandatud vastavalt teie eelistustele:<\/strong> Meie Compass 160e, mis sobib ideaalselt paaride puhkamiseks v\u00f5i grupiv\u00e4ljas\u00f5iduks, on valmis mis tahes \u00fcrituseks ja mahutab kuni 6 inimest. Turvalise ja meeldiva veekogemuse tagamiseks on kaasas p\u00f5hjalikud juhised.<\/p>\n<p><strong>Mitmek\u00fclgne valik k\u00f5igile:<\/strong> Ideaalne peredele, s\u00f5pradele v\u00f5i soolo-uurijatele, ilma litsentsita Compass 160e v\u00f5imaldab teil kogeda autonoomiat ja maalilist luksust Tenerife ranniku taustal.<\/p>\n<h3>\ud83d\udea4 Compass 160e ekskursiooniks valmistumine<\/h3>\n<p>Valmistuge unustamatuks p\u00e4evaks merel selliste h\u00e4davajalike asjadega nagu ujumisriided ja p\u00e4ikesekaitsekreem. K\u00f5ik vajalikud navigatsioonivahendid on meie poolt, nii et saate keskenduda ainult avastamisr\u00f5\u00f5mule.<\/p>\n<p>\u00c4rge unustage oma kaamerat, et j\u00e4\u00e4dvustada hingematvaid vaateid Tenerife rannikule ja vee-elustikku, mis allpool \u00f5itseb.<\/p>\n<h3>\ud83d\ude99 L\u00e4htekoht ja parkimine<\/h3>\n<p><strong>Alusta aadressil <a href=\"https:\/\/maps.app.goo.gl\/F7XZ1rpbWXBTYFND9\" target=\"_blank\" rel=\"noopener\">Los Gigantes<\/a>:<\/strong> Teie mereseiklus algab aadressil <strong>Puerto de Los Gigantes.<\/strong> Sadamas on piisavalt parkimiskohti, mis teeb p\u00e4eva alustamise lihtsaks. Saabuge veidi varem, et alustada oma reisi kiirustamata.<\/p>\n<h3>\ud83d\udea4 Uurige ka: Saxdor 200 rentimine koos litsentsiga<\/h3>\n<p>Neile, kes otsivad luksuse ja j\u00f5udluse segu, kaaluvad meie <strong><a href=\"https:\/\/canaryvip.com\/et\/shop\/rent-boat-saxdor-200-with-license\/\">Saxdor 200 koos litsentsiga.<\/a><\/strong> See keerukas valik sobib ideaalselt neile, kes soovivad v\u00f5tta rooli ja nautida esmaklassilist paadis\u00f5iduelamust veidi suurema v\u00f5imsuse ja stiiliga.<\/p>\n<p>Saxdor 200, mis v\u00e4ljub samast tuntud Los Gigantesist, pakub 115-hobuj\u00f5ulise mootoriga tipptasemel mereseiklust ja mahutab kuni 6 k\u00fclalist. Kogege p\u00f5nevust, kui l\u00f5ikate l\u00e4bi lainete, nautides samal ajal meie Saxdor 200 luksuslikku mugavust ja tipptasemel disaini.<\/p>\n<h3>\ud83c\udf1f CanaryVIP lubadus teile<\/h3>\n<p>CanaryVIP-s seame teie rahulolu esikohale. Nautige kohandatavat t\u00fchistamispoliitikat, mis pakub turvalisust, kui broneerite oma <strong>Compass 160e rentimine.<\/strong> Oleme p\u00fchendunud suurep\u00e4rase teenuse osutamisele, keskendudes ohutusele ja soovile suurendada teie kogemust Tenerife majesteetlikes vetes.<\/p>\n<p>Seikle seiklusele koos <strong>Kompass 160e ilma litsentsita,<\/strong>\u00a0kruiisi Tenerife imeilusatel meredel ja avastades peidetud p\u00e4rleid piki rannajoont. <strong>Los Gigantes.<\/strong><\/p>\n<p>Broneerige juba t\u00e4na eksklusiivne mereseiklus, mis \u00fchendab endas s\u00f5ltumatuse, mugavuse ja Kanaari saarte \u00fcrgse ilu. Broneeri kohe ja loo p\u00fcsivaid m\u00e4lestusi merel!<\/p>","protected":false},"excerpt":{"rendered":"<p><strong>\ud83d\udd0d Paadi rentimise tipphetked:<\/strong><br \/>\n\u2705 Turvaline makse.<br \/>\n\ud83e\udeaa Ilma paadilitsentsita.<br \/>\n\ud83d\udee5\ufe0f 5m pikkune paat.<br \/>\n\u23f3 P\u00e4evane rentimine 2-8h.<br \/>\n\ud83d\udd59 Kohandatavad v\u00e4ljumisajad.<br \/>\n\ud83d\udc65 Kuni 6 k\u00fclalist.<br \/>\n\ud83e\udd3f Snorkelivarustus on ette n\u00e4htud.<br \/>\n\ud83e\udd11 Parim hind garanteeritud.<br \/>\n\ud83d\udc6a Allahindlused aktiveeritud.<br \/>\n\ud83d\udd01 Kuni 4 p\u00e4eva t\u00fchistamine.<br \/>\n\ud83c\udf0d Mitmekeelne tugi.<br \/>\n\ud83c\udf1f Broneeri varakult ja s\u00e4\u00e4sta!<br \/>\n\ud83d\udccd Lahkumine\u00a0<a href=\"https:\/\/maps.app.goo.gl\/F7XZ1rpbWXBTYFND9\">Los Gigantes<\/a>.<\/p>","protected":false},"featured_media":11269,"comment_status":"open","ping_status":"closed","template":"","meta":{"_acf_changed":false},"product_brand":[],"product_cat":[130],"product_tag":[],"class_list":{"0":"post-11268","1":"product","2":"type-product","3":"status-publish","4":"has-post-thumbnail","6":"product_cat-self-drive-boat-hire","7":"wcpa_has_options","9":"first","10":"instock","11":"virtual","12":"purchasable","13":"product-type-simple"},"acf":[],"wcpa_form_fields":{"wcpaData":{"product":{"product_price":220,"price_html":"From&nbsp;<span class=\"woocommerce-Price-amount amount\"><bdi>220,00&nbsp;<span class=\"woocommerce-Price-currencySymbol\">&euro;<\/span><\/bdi><\/span>","original_product_price":220,"price_including_tax":220,"price_excluding_tax":220,"product_id":{"parent":11268,"variation":false},"is_variable":false,"stock_status":"instock","stock_quantity":null,"parent_sku":"CV11268","product_attributes":[],"custom_fields":[],"is_taxable":false,"product_name":"Rent Boat Compass 160e Without License","hasImage":false},"fields":{"sec_7692ecea7b7938":{"extra":{"key":"sec_7692ecea7b7938","section_id":"sec_7692ecea7b7938","name":"Default","status":1,"cl_rule":"show","enableCl":false,"relations":[],"toggle":true,"title_tag":"h3","show_title":false,"showPrice":"default","form_id":16318,"form_rules":{"exclude_from_discount":true,"fee_label":"Fee","disp_hide_options_price":true,"disp_show_section_price":false,"disp_show_field_price":true,"layout_option":"standard","pric_use_as_fee":false,"process_fee_as":"woo_fee"},"layout_option":"standard"},"fields":[[{"label":"\ud83d\udcc5 Date","active":true,"required":true,"elementId":"date_9692ecea7b7958","picker_type":"custom","picker_mode":"single","placeholder":"","description":"","tooltip":"","name":"date_9692ecea7b7958","label_position":"default","desc_position":"default","enablePrice":false,"className":"","enableCl":false,"relations":[{"operator":"and","rules":[{"operator":"AND","rules":{"cl_field":"radio-group_565c78ffa81208","cl_relation":"is","cl_val":"3 Hour Trip"}}]}],"date_pic_inline":true,"date_pic_inline_hide":true,"min_date":{"type":"days","val":"0"},"max_date":{"type":"days","val":"365"},"date_pic_conf":{"disabledWeeks":[],"disabledDates":[]},"price":"","cl_rule":"show","col":6,"type":"date","error":false,"enableDesign":false,"LabelColor":"","isWeightTemplate":false,"isTemplate":false,"min_quantity":"1","quantity_decimal":false,"quantity_step":"1","quantity_label":"Quantity","repeater_field_label":"{field_label}","repeater_bind":"","gt_translate_keys":["label","placeholder","description","tooltip","repeater_field_label","quantity_label"],"price_dependency":false,"cl_dependency":false,"value":""}],[{"active":true,"col":6,"relations":false,"cl_rule":"show","enableCl":false,"price":"","enablePrice":true,"className":"","label_position":"default","desc_position":"default","type":"select","required":true,"elementId":"select_10692ecea7b7973","label":"\u23f3 Trip Duration","name":"select_10692ecea7b7973","values":[{"label":"2 Hours (220\u20ac)","value":"2","selected":false,"tempId":"aco_85","price":"220","gt_translate_keys":["label"]},{"label":"3 Hours (250\u20ac)","value":"3","selected":false,"tempId":"aco_556","price":"250","gt_translate_keys":["label"]},{"label":"4 Hours (310\u20ac)","value":"4","selected":false,"tempId":"aco_605","price":"310","gt_translate_keys":["label"]},{"label":"5 Hours (370\u20ac)","value":"5","selected":false,"tempId":"aco_724","price":"370","gt_translate_keys":["label"]},{"label":"6 Hours (430\u20ac)","value":"6","selected":false,"tempId":"aco_401","price":"430","gt_translate_keys":["label"]}],"dropdown_type":"basic","error":false,"placeholder":"Select Trip Duration","priceOptions":"different_for_all","pricingType":"fixed","is_show_price":false,"isWeightTemplate":false,"isTemplate":false,"min_quantity":"1","quantity_decimal":false,"quantity_step":"1","quantity_label":"Quantity","repeater_field_label":"{field_label}","repeater_bind":"","gt_translate_keys":["label","placeholder","repeater_field_label","quantity_label"],"price_dependency":false,"cl_dependency":false,"value":""}],[{"active":true,"col":6,"relations":[{"operator":false,"rules":[{"operator":"AND","rules":{"cl_field":"radio-group_565c78ffa81208","cl_relation":"is","cl_val":"3 Hour Trip"}}]}],"cl_rule":"show","enableCl":false,"price":"","enablePrice":false,"className":"","label_position":"default","desc_position":"default","type":"select","required":false,"elementId":"select_4692ecea7b79b3","label":"\u23f0 Departure Time","name":"select_4692ecea7b79b3","values":[{"label":"10:00","value":"10:00","selected":false,"tempId":"aco_1472","gt_translate_keys":["label"]},{"label":"13:00","value":"13:00","selected":false,"tempId":"aco_1500","gt_translate_keys":["label"]},{"label":"14:00","value":"14:00","selected":false,"tempId":"aco_1510","gt_translate_keys":["label"]},{"label":"15:00","value":"15:00","selected":false,"tempId":"aco_1520","gt_translate_keys":["label"]}],"dropdown_type":"basic","error":false,"placeholder":"Whichever Time is Best","isWeightTemplate":false,"isTemplate":false,"min_quantity":"1","quantity_decimal":false,"quantity_step":"1","quantity_label":"Quantity","repeater_field_label":"{field_label}","repeater_bind":"","gt_translate_keys":["label","placeholder","repeater_field_label","quantity_label"],"price_dependency":false,"cl_dependency":false,"value":""}],[{"elementId":"separator_3692ecea7b79bd","separatorType":"blank","className":"","height":"1","enableCl":false,"relations":false,"cl_rule":"show","col":6,"type":"separator","gt_translate_keys":[],"price_dependency":false,"cl_dependency":false,"value":""}],[{"label":"\u2705 Number of People","active":true,"required":true,"elementId":"select_8692ecea7b79c7","dropdown_type":"basic","placeholder":"Select Number of People","name":"select_8692ecea7b79c7","label_position":"default","desc_position":"default","enablePrice":false,"className":"","enableCl":false,"relations":[{"operator":false,"rules":[{"operator":"AND","rules":{"cl_field":"radio-group_565c78ffa81208","cl_relation":"is","cl_val":"3 Hour Trip"}}]}],"values":[{"label":"1 person","value":"1","selected":false,"tempId":"aco_1471","gt_translate_keys":["label"]},{"label":"2 people","value":"2","selected":false,"tempId":"aco_1472","gt_translate_keys":["label"]},{"label":"3 people","value":"3","selected":false,"tempId":"aco_1500","gt_translate_keys":["label"]},{"label":"4 people","value":"4","selected":false,"tempId":"aco_1510","gt_translate_keys":["label"]},{"label":"5 people","value":"5","selected":false,"tempId":"aco_1520","gt_translate_keys":["label"]},{"label":"6 people","value":"6","selected":false,"tempId":"aco_2006","gt_translate_keys":["label"]}],"price":"","cl_rule":"show","col":6,"type":"select","error":false,"isWeightTemplate":false,"isTemplate":false,"min_quantity":"1","quantity_decimal":false,"quantity_step":"1","quantity_label":"Quantity","repeater_field_label":"{field_label}","repeater_bind":"","gt_translate_keys":["label","placeholder","repeater_field_label","quantity_label"],"price_dependency":false,"cl_dependency":false,"value":""}]]}},"config":{"price_override":"always","enable_recaptcha":false,"bind_quantity":false,"quantity_bind_formula":false,"disp_summ_show_option_price":true,"disp_summ_show_product_price":false,"disp_summ_show_total_price":true,"disp_summ_show_fee":true,"disp_summ_show_discount":true,"summary_title":"","options_total_label":"Options Price","total_label":"Total Amount","options_product_label":"Product Price","fee_label":"Fee","discount_label":"Discount","has_price":true,"has_quantity_formula":false},"mc_unit":1,"tax_rate":1,"tax_rate_real":1,"discount":{"percentage":0,"fixed":0},"design":{"conf":{"LabelPosition":"above","DescPosition":"above","UploadField":"custom_1","QuantityFieldStyle":"custom_1"},"css":{"LeftLabelWidth":"120px"}},"formulas":{"fmla_1708364241278155361":"(({field.select_10692ecea7b7973.value}>=6)?(130):(({field.select_10692ecea7b7973.value}>=5)?(110):(({field.select_10692ecea7b7973.value}>=4)?(90):(({field.select_10692ecea7b7973.value}>=3)?(70):(({field.select_10692ecea7b7973.value}>=2)?(60):(0))))))","fmla_172299064258378161":"(({field.select_10692ecea7b7973.value}>=6)?(330):(({field.select_10692ecea7b7973.value}>=5)?(280):(({field.select_10692ecea7b7973.value}>=4)?(230):(({field.select_10692ecea7b7973.value}>=3)?(180):(({field.select_10692ecea7b7973.value}>=2)?(120):(0))))))"},"lookuptables":[],"clones":false,"cartKey":false}},"_links":{"self":[{"href":"https:\/\/canaryvip.com\/et\/wp-json\/wp\/v2\/product\/11268","targetHints":{"allow":["GET"]}}],"collection":[{"href":"https:\/\/canaryvip.com\/et\/wp-json\/wp\/v2\/product"}],"about":[{"href":"https:\/\/canaryvip.com\/et\/wp-json\/wp\/v2\/types\/product"}],"replies":[{"embeddable":true,"href":"https:\/\/canaryvip.com\/et\/wp-json\/wp\/v2\/comments?post=11268"}],"wp:featuredmedia":[{"embeddable":true,"href":"https:\/\/canaryvip.com\/et\/wp-json\/wp\/v2\/media\/11269"}],"wp:attachment":[{"href":"https:\/\/canaryvip.com\/et\/wp-json\/wp\/v2\/media?parent=11268"}],"wp:term":[{"taxonomy":"product_brand","embeddable":true,"href":"https:\/\/canaryvip.com\/et\/wp-json\/wp\/v2\/product_brand?post=11268"},{"taxonomy":"product_cat","embeddable":true,"href":"https:\/\/canaryvip.com\/et\/wp-json\/wp\/v2\/product_cat?post=11268"},{"taxonomy":"product_tag","embeddable":true,"href":"https:\/\/canaryvip.com\/et\/wp-json\/wp\/v2\/product_tag?post=11268"}],"curies":[{"name":"wp","href":"https:\/\/api.w.org\/{rel}","templated":true}]}}