{"id":11261,"date":"2024-04-14T23:07:38","date_gmt":"2024-04-14T22:07:38","guid":{"rendered":"https:\/\/canaryvip.com\/?post_type=product&#038;p=11261"},"modified":"2025-06-29T14:59:11","modified_gmt":"2025-06-29T13:59:11","slug":"gladiux-show-tenerife","status":"publish","type":"product","link":"https:\/\/canaryvip.com\/et\/shop\/gladiux-show-tenerife\/","title":{"rendered":"Gladiux Show Tenerife"},"content":{"rendered":"<h2>\ud83d\udee1\ufe0f Kogege Vana-Rooma p\u00f5nevust: Gladiux Show Tenerife<\/h2>\n<p>Alustage p\u00f5nevat teekonda tagasi Vana-Roomasse meie Gladiux Show'ga majesteetlikus <strong>Gladiux Xanadu Tenerifel.<\/strong> See etendus sobib ideaalselt ajaloohuvilistele ja neile, kes otsivad ainulaadset meelelahutust, sest selles on \u00fchendatud gladiaatorite lahingute p\u00f5nevus ning keskaegse muusika ja tantsu elegants.<\/p>\n<h3>\ud83c\udfdf\ufe0f Rooma vapruse \u00f6\u00f6: marsruut ja peamised s\u00fcndmused<\/h3>\n<ul>\n<li><strong>Ajakava:<\/strong> Liitu meiega kolmap\u00e4eviti kell 21:00 adrenaliinipumpamise vaatamiseks v\u00f5i laup\u00e4eviti kell 19:30 meie k\u00f5ige populaarsemaks pidustuseks, mis sisaldab rikkalikku grillitud \u00f5htus\u00f6\u00f6ki.<\/li>\n<li><strong>Asukoht:<\/strong> Vaid 20 minuti kaugusel Costa Adejest pakub Gladiux Xanadu maalilist keskkonda, mis viib teid otse gladiaatorite ja Rooma vankrite aegadesse.<\/li>\n<li><strong>K\u00f6\u00f6k:<\/strong> Nautige laup\u00e4eviti segarooga \u00f5htus\u00f6\u00f6ki v\u00f5i valige kolmap\u00e4eviti \u00e0 la carte. T\u00e4iendage oma s\u00f6\u00f6ki sangria, veini ja karastusjookide valikuga.<\/li>\n<\/ul>\n<h3>\ud83c\udf9f\ufe0f Kohandage oma gladiaatorikogemust<\/h3>\n<ul>\n<li><strong>Piletid:<\/strong> Sukelduge Gladiux Xanadu p\u00f5nevasse atmosf\u00e4\u00e4ri meie paindlike piletivalikutega, mis on m\u00f5eldud erinevatele eelistustele ja grupi suurusele.<\/li>\n<li><strong>Grupibroneeringud:<\/strong> Sobib ideaalselt firma\u00fcrituste, erapidude, s\u00fcnnip\u00e4evade ja muude \u00fcrituste korraldamiseks. Kohandage oma \u00fcritust temaatiliste gladiaatorite kost\u00fc\u00fcmide, kaasahaaravate etenduste ja kohandatud meelelahutuspakettidega. K\u00fclastage CanaryVIP <a href=\"https:\/\/canaryvip.com\/et\/contact\/\">kontakt lehek\u00fclg<\/a> \u00fcksikasjaliku teabe saamiseks ja teie erivajadustele kohandatud unustamatu elamuse planeerimiseks.<\/li>\n<\/ul>\n<h3>\ud83d\udde1\ufe0f Sukeldumine areenale<\/h3>\n<ul>\n<li><strong>Lahingud:<\/strong> Saate tunnistajaks p\u00f5nevatele gladiaatoriv\u00f5itlustele, mida viivad l\u00e4bi oskuslikud ratsanikud, et n\u00e4idata Rooma v\u00f5itluse hiilgust, ilma et see ohustaks ohutust.<\/li>\n<li><strong>Interaktiivne meelelahutus:<\/strong> Tunne Vana-Rooma pulssi, kui toetad oma lemmikgladiaatorit keset terase ja hurraa kokkup\u00f5rget.<\/li>\n<\/ul>\n<h3>\ud83c\udf89 \u00dcrituste korraldamine Gladiux Xanadu's<\/h3>\n<ul>\n<li><strong>Eras\u00fcndmused:<\/strong> Gladiux Xanadu ei ole mitte ainult suurejooneline etenduskoht, vaid on saadaval ka privaatse broneeringu jaoks. See on ideaalne teemapidulikuks peoks, kus gladiaatorite kost\u00fc\u00fcmid ja etendused on kohandatud vastavalt teie vajadustele.<\/li>\n<\/ul>\n<h3>\ud83c\udf56 Pidu nagu roomlane<\/h3>\n<p><strong>Men\u00fc\u00fcvalikud:<\/strong> Nautige meie erilist laup\u00e4eva\u00f5htust grillitud segu v\u00f5i valige igal \u00f5htul meie taimetoitlaste ja gluteenivabade valikute hulgast. Nautige traditsioonilisi Rooma roogasid koos kohalike h\u00f5rgutistega.<\/p>\n<p><strong>\u00d5HTUS\u00d6\u00d6K:<\/strong><\/p>\n<ul>\n<li><strong>Tere tulemast:<\/strong> Klaas Cava<\/li>\n<li><strong>Starter:<\/strong> Leib ja v\u00f5i<\/li>\n<li><strong>Eriala:<\/strong>\n<ul>\n<li><strong>Esimene kursus:<\/strong> K\u00f6\u00f6giviljasupp<\/li>\n<li><strong>Teine kursus:<\/strong> Liha grillgrill: Kana, sealiha ja grillitud chorizo, tomati- ja juustusalat, friikartulid, Xanad\u00fa kanariline mojo.<\/li>\n<\/ul>\n<\/li>\n<li><strong>Magustoit:<\/strong> T\u00fc\u00fcpiline kanaari vaniljekreem ja koor<\/li>\n<li><strong>Joogid:<\/strong> Vein, sangria, karastusjoogid, \u00f5lu ja vesi.<\/li>\n<\/ul>\n<p><strong>Vabatahtlik:<\/strong> Taimetoitlaste \/ gluteenivaba men\u00fc\u00fc<\/p>\n<h3>\u2696\ufe0f Broneerimis- ja t\u00fchistamispoliitika<\/h3>\n<ul>\n<li><strong>Ettetellimine:<\/strong> Kindlustage oma kohad varakult l\u00e4bi <strong>CanaryVIP<\/strong> et nautida konkurentsiv\u00f5imelisi hindu ja tagada sujuvalt planeeritud visiit.<\/li>\n<li><strong>Paindlik t\u00fchistamine:<\/strong> Pakume tasuta t\u00fchistamisv\u00f5imalusi kuni 24 tundi enne broneeritud seanssi individuaalsete broneeringute puhul ja pikendatud t\u00fchistamisv\u00f5imalusi gruppidele. Vaadake meie \u00fcksikasjalikku grupi t\u00fchistamispoliitikat meie veebisaidil.<\/li>\n<\/ul>\n<h3>\ud83d\ude97 Planeeri oma visiit<\/h3>\n<ul>\n<li><strong>Juurdep\u00e4\u00e4s asukohale:<\/strong> Gladiux Xanadu on h\u00f5lpsasti ligip\u00e4\u00e4setav tasuta parkimise teel kohapeal v\u00f5i valikulise, s\u00fcmboolse tasu eest pakutava bussiteenusega Tenerife l\u00f5unaosast.<\/li>\n<li><strong>\u00dcrituse \u00f6\u00f6d:<\/strong> Gladiux'i etendused on saadaval igal kolmap\u00e4eval ja laup\u00e4eval, \u00fclej\u00e4\u00e4nud p\u00e4evadel on kohapeal avatud vabaaja s\u00f6\u00f6gi- v\u00f5i ratsaspordielamusi.<\/li>\n<\/ul>\n<h3>\ud83c\udf1f Astu ajaloo areenile<\/h3>\n<p>\u00c4rge j\u00e4tke kasutamata seda ainulaadset v\u00f5imalust kogeda ajaloolise draama ja Rooma vaatem\u00e4ngu \u00f5htut Gladiux Show Tenerifel.<\/p>\n<p>Broneerige oma koht juba t\u00e4na ja laske iidsete gladiaatorite hiilgusel ja keskaegsel pidulikkusel rikastada oma reisiseiklust. Broneerige kohe ja tagage unustamatu \u00f5htu, mis koosneb ajaloost, vaatem\u00e4ngust ja kulinaarsetest naudingutest! \ud83c\udff0\ud83c\udf57<\/p>","protected":false},"excerpt":{"rendered":"<p>\ud83d\udd0d <strong>Gladiuxi n\u00e4ituse tipphetked:<\/strong><br \/>\n\u2705 Turvaline makse.<br \/>\n\ud83d\udd25 P\u00f5nevad gladiaatoriv\u00f5itlused.<br \/>\n\ud83d\udcc5 Kolmap\u00e4eviti ja laup\u00e4eviti.<br \/>\n\u23f0 N\u00e4ita: 19:30 - 21:00.<br \/>\n\ud83c\udf56 Kaasa arvatud grillitud \u00f5htus\u00f6\u00f6k.<br \/>\n\ud83c\udf77 Sangria, vein ja karastusjoogid.<br \/>\n\ud83c\udf0d N\u00e4itab inglise keeles.<br \/>\n\ud83d\ude97 Tasuta parkimine ja valikuline transporditeenus.<br \/>\n\ud83e\udd11 Parim hind garanteeritud.<br \/>\n\ud83d\udc65 Saadaval on grupisoodustused.<br \/>\n\ud83d\udd04 Tasuta t\u00fchistamine kuni 24h.<br \/>\n\ud83c\udf1f Broneeri varakult, populaarne \u00fcritus!<br \/>\n\ud83c\udfdb\ufe0f Toimumiskoht aadressil <a href=\"https:\/\/maps.app.goo.gl\/R9fiHWAcP4tLy9Mu9\">Xanadu<\/a>, Tenerife.<\/p>","protected":false},"featured_media":11279,"comment_status":"open","ping_status":"closed","template":"","meta":{"_acf_changed":false},"product_brand":[],"product_cat":[59],"product_tag":[],"class_list":{"0":"post-11261","1":"product","2":"type-product","3":"status-publish","4":"has-post-thumbnail","6":"product_cat-evening-shows","7":"wcpa_has_options","9":"first","10":"instock","11":"virtual","12":"purchasable","13":"product-type-simple"},"acf":[],"wcpa_form_fields":{"wcpaData":{"product":{"product_price":35,"price_html":"From&nbsp;<span class=\"woocommerce-Price-amount amount\"><bdi>35,00&nbsp;<span class=\"woocommerce-Price-currencySymbol\">&euro;<\/span><\/bdi><\/span>","original_product_price":35,"price_including_tax":35,"price_excluding_tax":35,"product_id":{"parent":11261,"variation":false},"is_variable":false,"stock_status":"instock","stock_quantity":null,"parent_sku":"CV11261","product_attributes":[],"custom_fields":[],"is_taxable":false,"product_name":"Gladiux Show Tenerife","hasImage":false},"fields":{"sec_h102qb2r1b7":{"extra":{"key":"sec_h102qb2r1b7","section_id":"sec_h102qb2r1b7","name":"Calendar","status":1,"cl_rule":"show","enableCl":false,"relations":[],"toggle":true,"title_tag":"h4","show_title":false,"showPrice":"default","form_id":11474,"form_rules":{"exclude_from_discount":true,"fee_label":"Fee","disp_hide_options_price":true,"disp_show_section_price":false,"disp_show_field_price":true,"layout_option":"standard","pric_use_as_fee":false,"process_fee_as":"woo_fee"},"layout_option":"standard"},"fields":[[{"active":true,"col":6,"relations":false,"cl_rule":"show","enableCl":false,"price":"","enablePrice":false,"className":"","label_position":"default","desc_position":"default","type":"content","required":false,"elementId":"content_8084577962","label":"","name":"content_8084577962","contentType":"rich","value":"<p><strong>Show not available at this moment.<\/strong><\/p>","error":false,"enableDesign":true,"DescColor":"#ff0700","gt_translate_keys":["label","value"],"price_dependency":false,"cl_dependency":false}],[{"label":"\ud83d\udcc5 Date","active":true,"required":true,"elementId":"date_96641647ba4193","picker_type":"custom","picker_mode":"single","placeholder":"","description":"","tooltip":"","name":"date_96641647ba4193","label_position":"default","desc_position":"default","enablePrice":false,"className":"","enableCl":false,"relations":[{"operator":"and","rules":[{"operator":"AND","rules":{"cl_field":"radio-group_96641647ba41a2","cl_relation":"is_not_empty","cl_val":"3 Hour Trip"}}]}],"date_pic_inline":true,"date_pic_inline_hide":true,"min_date":{"type":"days","val":"3"},"max_date":{"type":"days","val":"365"},"date_pic_conf":{"disabledWeeks":[0,1,2,3,4,5,6]},"price":"","cl_rule":"show","col":6,"type":"date","error":false,"enableDesign":false,"LabelColor":"","gt_translate_keys":["label","placeholder","description","tooltip"],"price_dependency":false,"cl_dependency":[false,false],"value":""}]]},"sec_106641647ba41a3":{"extra":{"key":"sec_106641647ba41a3","section_id":"sec_106641647ba41a3","name":"Regular","status":1,"cl_rule":"show","enableCl":true,"relations":[{"operator":false,"rules":[{"operator":"AND","rules":{"cl_field":"date_96641647ba4193","cl_relation":"is_not_empty","cl_val":""}}]}],"toggle":true,"title_tag":"h4","show_title":false,"showPrice":"default","form_id":11474,"form_rules":{"exclude_from_discount":true,"fee_label":"Fee","disp_hide_options_price":true,"disp_show_section_price":false,"disp_show_field_price":true,"layout_option":"standard","pric_use_as_fee":false,"process_fee_as":"woo_fee"},"layout_option":"standard"},"fields":[[{"active":true,"col":6,"relations":false,"cl_rule":"show","enableCl":false,"price":"","enablePrice":false,"className":"","label_position":"default","desc_position":"default","type":"separator","required":false,"elementId":"separator_76641647ba41af","label":"Separator Field","height":"1","separatorType":"blank","error":false,"gt_translate_keys":["label"],"price_dependency":false,"cl_dependency":false,"value":""}],[{"active":true,"col":6,"relations":false,"cl_rule":"show","enableCl":false,"price":"","enablePrice":false,"className":"","label_position":"default","desc_position":"default","type":"content","required":false,"elementId":"content_76641647ba41c3","label":"People","name":"content_76641647ba41c3","contentType":"plain","value":"","error":false,"show_in_checkout":true,"inline":false,"gt_translate_keys":["label","value"],"price_dependency":false,"cl_dependency":false}],[{"active":true,"col":6,"relations":[{"operator":false,"rules":[{"operator":"AND","rules":{"cl_field":"","cl_relation":"","cl_val":""}}]}],"cl_rule":"show","enableCl":true,"price":"45","enablePrice":true,"className":"","label_position":"default","desc_position":"default","type":"radio-group","required":false,"elementId":"radio-group_66641647ba41cd","label":"","name":"radio-group_66641647ba41cd","values":[{"label":"\ud83d\udc64 Adult (45\u20ac)","value":"Adult (45\u20ac)","selected":true,"tempId":"aco_32","tooltip":"+13 Years","description":"","gt_translate_keys":["label","tooltip","description"]}],"layOut":"","error":false,"checkUi":"button","priceOptions":"fixed_for_all","pricingType":"fixed","enable_quantity":true,"quantity_label":"","min_quantity":"0","options_tooltip":true,"options_description":true,"is_show_price":true,"gt_translate_keys":["label","quantity_label"],"price_dependency":["content_3820311617","content-5561342072","content-5624102109"],"cl_dependency":false,"value":""}],[{"label":"","active":true,"required":false,"elementId":"radio-group_46641647ba41d8","name":"radio-group_46641647ba41d8","label_position":"default","desc_position":"default","enablePrice":true,"className":"","enableCl":true,"relations":[{"operator":false,"rules":[{"operator":"AND","rules":{"cl_field":"","cl_relation":"","cl_val":""}}]}],"enable_quantity":true,"quantity_label":"","min_quantity":"0","checkUi":"button","layOut":"","options_tooltip":true,"options_description":true,"values":[{"label":"\ud83d\udc66 Child (22,50\u20ac)","value":"Child (22,50\u20ac)","selected":true,"tempId":"aco_32","tooltip":"4-12 Years","description":"","gt_translate_keys":["label","tooltip","description"]}],"priceOptions":"fixed_for_all","pricingType":"fixed","price":"22.50","cl_rule":"show","col":6,"type":"radio-group","error":false,"is_show_price":true,"gt_translate_keys":["label","quantity_label"],"price_dependency":["content_3820311617","content-5561342072","content-5624102109"],"cl_dependency":false,"value":""}],[{"label":"","active":true,"required":false,"elementId":"radio-group-1941437839","name":"radio-group-1941437839","label_position":"default","desc_position":"default","enablePrice":true,"className":"","enableCl":true,"relations":[{"operator":false,"rules":[{"operator":"AND","rules":{"cl_field":"","cl_relation":"","cl_val":""}}]}],"enable_quantity":true,"quantity_label":"","min_quantity":"0","checkUi":"button","layOut":"","options_tooltip":true,"options_description":true,"values":[{"label":"\ud83d\udc76 Toddle (Free)","value":"Toddle (Free)","selected":true,"tempId":"aco_32","tooltip":"0-3 Years","description":"","gt_translate_keys":["label","tooltip","description"]}],"priceOptions":"fixed_for_all","pricingType":"fixed","price":"0","cl_rule":"show","col":6,"type":"radio-group","error":false,"is_show_price":true,"gt_translate_keys":["label","quantity_label"],"price_dependency":false,"cl_dependency":false,"value":""}],[{"elementId":"separator_96641647ba41b9","separatorType":"fill","className":"","height":"6","enableCl":false,"relations":false,"cl_rule":"show","col":6,"type":"separator","error":false,"separatorColor":"#66a6b6","gt_translate_keys":[],"price_dependency":false,"cl_dependency":false,"value":""}],[{"active":true,"col":6,"relations":false,"cl_rule":"show","enableCl":false,"price":"({field.radio-group_66641647ba41cd.price}*0.3)+({field.radio-group_46641647ba41d8.price}*0.3)","enablePrice":true,"className":"","label_position":"default","desc_position":"default","type":"content","required":false,"elementId":"content_3820311617","label":"Deposit Now","name":"content_3820311617","contentType":"plain","value":"","error":false,"inline":true,"show_in_checkout":true,"subtype":"div","enableDesign":true,"LabelSize":"14px","pricingType":"custom","isTemplate":false,"gt_translate_keys":["label","value"],"price_dependency":false,"cl_dependency":false}],[{"contentType":"plain","active":true,"label":"Payment at Arrival","elementId":"content-5561342072","value":"","inline":true,"show_in_checkout":true,"name":"content-5561342072","enablePrice":true,"className":"","subtype":"div","enableCl":false,"relations":false,"enableDesign":true,"LabelSize":"14px","pricingType":"custom","isTemplate":false,"price":"({field.radio-group_66641647ba41cd.price}*0.7)+({field.radio-group_46641647ba41d8.price}*0.7)","cl_rule":"show","col":6,"type":"content","error":false,"is_show_price":true,"gt_translate_keys":["label","value"],"price_dependency":false,"cl_dependency":false}],[{"contentType":"plain","active":true,"label":"Total Amount","elementId":"content-5624102109","value":"","inline":true,"show_in_checkout":true,"name":"content-5624102109","enablePrice":true,"className":"","subtype":"div","enableCl":false,"relations":false,"enableDesign":true,"LabelSize":"14px","pricingType":"custom","isTemplate":false,"price":"({field.radio-group_66641647ba41cd.price})+({field.radio-group_46641647ba41d8.price})","is_show_price":true,"cl_rule":"show","col":6,"type":"content","error":false,"gt_translate_keys":["label","value"],"price_dependency":false,"cl_dependency":false}]]},"sec_26641647ba4202":{"extra":{"key":"sec_26641647ba4202","section_id":"sec_26641647ba4202","name":"Shuttle Service?","status":1,"cl_rule":"show","enableCl":true,"relations":[{"operator":false,"rules":[{"operator":"AND","rules":{"cl_field":"date_96641647ba4193","cl_relation":"is_not_empty","cl_val":""}}]}],"toggle":true,"title_tag":"h4","show_title":false,"showPrice":"default","form_id":11474,"form_rules":{"exclude_from_discount":true,"fee_label":"Fee","disp_hide_options_price":true,"disp_show_section_price":false,"disp_show_field_price":true,"layout_option":"standard","pric_use_as_fee":false,"process_fee_as":"woo_fee"},"layout_option":"standard"},"fields":[[{"active":true,"col":6,"relations":false,"cl_rule":"show","enableCl":false,"price":"","enablePrice":false,"className":"","label_position":"default","desc_position":"below","type":"checkbox","required":false,"elementId":"checkbox_16641647ba420b","label":"Bus Transfer? (15\u20ac)","name":"checkbox_16641647ba420b","value":"","check_value":"Yes","checkUi":"toggle","error":false,"description":"Pick-up from your hotel in south Tenerife. PAID AT ARRIVAL.","gt_translate_keys":["label","description","value","check_value"],"price_dependency":false,"cl_dependency":["content_106641647ba4214","radio-group_06641647ba421f","radio-group-1726047280","text_16641647ba4231"]}],[{"active":true,"col":6,"relations":false,"cl_rule":"show","enableCl":false,"price":"","enablePrice":false,"className":"","label_position":"default","desc_position":"default","type":"separator","required":false,"elementId":"separator_9863862717","label":"Separator Field","height":"5","separatorType":"blank","error":false,"gt_translate_keys":["label"],"price_dependency":false,"cl_dependency":false,"value":""}],[{"contentType":"plain","active":true,"label":"People for Bus Transfer (Paid at Arrival)","elementId":"content_106641647ba4214","value":"","inline":false,"show_in_checkout":true,"name":"content_106641647ba4214","enablePrice":false,"className":"","enableCl":true,"relations":[{"operator":false,"rules":[{"operator":"AND","rules":{"cl_field":"checkbox_16641647ba420b","cl_relation":"is","cl_val":true}}]}],"price":"","cl_rule":"show","col":6,"type":"content","error":false,"gt_translate_keys":["label","value"],"price_dependency":false,"cl_dependency":false}],[{"label":"","active":true,"required":false,"elementId":"radio-group_06641647ba421f","name":"radio-group_06641647ba421f","label_position":"default","desc_position":"default","enablePrice":true,"className":"","enableCl":true,"relations":[{"operator":false,"rules":[{"operator":"AND","rules":{"cl_field":"checkbox_16641647ba420b","cl_relation":"is","cl_val":true}}]}],"enable_quantity":true,"quantity_label":"","min_quantity":"0","checkUi":"button","layOut":"","options_tooltip":true,"values":[{"label":"\ud83d\udc64 Transport (15\u20ac)","value":"Transport (15\u20ac)","selected":true,"tempId":"aco_32","tooltip":"+4 Years","gt_translate_keys":["label","tooltip"]}],"priceOptions":"fixed_for_all","pricingType":"fixed","price":"15","cl_rule":"show","col":6,"type":"radio-group","error":false,"is_show_price":true,"gt_translate_keys":["label","quantity_label"],"price_dependency":false,"cl_dependency":false,"value":""}],[{"label":"","active":true,"required":false,"elementId":"radio-group-1726047280","name":"radio-group-1726047280","label_position":"default","desc_position":"default","enablePrice":true,"className":"","enableCl":true,"relations":[{"operator":false,"rules":[{"operator":"AND","rules":{"cl_field":"checkbox_16641647ba420b","cl_relation":"is","cl_val":true}}]}],"enable_quantity":true,"quantity_label":"","min_quantity":"0","checkUi":"button","layOut":"","options_tooltip":true,"values":[{"label":"\ud83d\udc76 Toddler Transport (Free)","value":"Toddler Transport (Free)","selected":true,"tempId":"aco_32","tooltip":"0-3 Years","gt_translate_keys":["label","tooltip"]}],"priceOptions":"fixed_for_all","pricingType":"fixed","price":"0","cl_rule":"show","col":6,"type":"radio-group","error":false,"gt_translate_keys":["label","quantity_label"],"price_dependency":false,"cl_dependency":false,"value":""}],[{"active":true,"col":6,"relations":[{"operator":false,"rules":[{"operator":"AND","rules":{"cl_field":"checkbox_16641647ba420b","cl_relation":"is","cl_val":true}}]}],"cl_rule":"show","enableCl":true,"price":"","enablePrice":false,"className":"","label_position":"default","desc_position":"default","type":"text","subtype":"text","required":false,"elementId":"text_16641647ba4231","label":"\ud83d\ude8c Pickup Location","name":"text_16641647ba4231","value":"","error":false,"description":"Pick-up service in Tenerife South. Simply provide your address or hotel name.","gt_translate_keys":["label","description","value"],"price_dependency":false,"cl_dependency":false}]]}},"config":{"price_override":"always","enable_recaptcha":false,"bind_quantity":false,"quantity_bind_formula":false,"disp_summ_show_option_price":false,"disp_summ_show_product_price":false,"disp_summ_show_total_price":false,"disp_summ_show_fee":false,"disp_summ_show_discount":false,"summary_title":"","options_total_label":"Options Price","total_label":"Total Amount","options_product_label":"Product Price","fee_label":"Fee","discount_label":"Discount","has_price":true,"has_quantity_formula":false},"mc_unit":1,"tax_rate":1,"tax_rate_real":1,"discount":{"percentage":0,"fixed":0},"design":{"conf":{"LabelPosition":"above","DescPosition":"above","UploadField":"custom_1","QuantityFieldStyle":"custom_1"},"css":{"LeftLabelWidth":"120px"}},"formulas":[],"lookuptables":[],"clones":false,"cartKey":false}},"_links":{"self":[{"href":"https:\/\/canaryvip.com\/et\/wp-json\/wp\/v2\/product\/11261","targetHints":{"allow":["GET"]}}],"collection":[{"href":"https:\/\/canaryvip.com\/et\/wp-json\/wp\/v2\/product"}],"about":[{"href":"https:\/\/canaryvip.com\/et\/wp-json\/wp\/v2\/types\/product"}],"replies":[{"embeddable":true,"href":"https:\/\/canaryvip.com\/et\/wp-json\/wp\/v2\/comments?post=11261"}],"wp:featuredmedia":[{"embeddable":true,"href":"https:\/\/canaryvip.com\/et\/wp-json\/wp\/v2\/media\/11279"}],"wp:attachment":[{"href":"https:\/\/canaryvip.com\/et\/wp-json\/wp\/v2\/media?parent=11261"}],"wp:term":[{"taxonomy":"product_brand","embeddable":true,"href":"https:\/\/canaryvip.com\/et\/wp-json\/wp\/v2\/product_brand?post=11261"},{"taxonomy":"product_cat","embeddable":true,"href":"https:\/\/canaryvip.com\/et\/wp-json\/wp\/v2\/product_cat?post=11261"},{"taxonomy":"product_tag","embeddable":true,"href":"https:\/\/canaryvip.com\/et\/wp-json\/wp\/v2\/product_tag?post=11261"}],"curies":[{"name":"wp","href":"https:\/\/api.w.org\/{rel}","templated":true}]}}